{"id":5749,"date":"2018-03-14T15:15:32","date_gmt":"2018-03-14T14:15:32","guid":{"rendered":"https:\/\/www.etto.cz\/high-loaded-heating-cartridges-with-thermocouple\/"},"modified":"2026-02-24T16:23:38","modified_gmt":"2026-02-24T15:23:38","slug":"nagy-terhelesu-futopatron-beepitett-hoelemmel-es-pt100-zal","status":"publish","type":"page","link":"https:\/\/www.etto.cz\/hu\/termekek\/futopatronok\/nagy-terhelesu-futopatron-beepitett-hoelemmel-es-pt100-zal\/","title":{"rendered":"Nagy terhel\u00e9s\u0171 f\u0171t\u0151patron be\u00e9p\u00edtett h\u0151elemmel \u00e9s PT100-zal"},"content":{"rendered":"<p style=\"text-align: justify;\">Ha a h\u0151elem szigetelve van a f\u0171t\u0151patron k\u00f6peny\u00e9t\u0151l, akkor a f\u0171t\u0151patront a szab\u00e1lyoz\u00e1s oldal\u00e1n f\u00f6ldelni kell.&nbsp;A h\u0151elem elhelyez\u00e9s\u00e9nek szabv\u00e1nyos m\u00f3djai a nagy terhel\u00e9s\u0171 f\u0171t\u0151patronokn\u00e1l a k\u00e9pen l\u00e1that\u00f3k.<\/p>\n<p>A <strong>10 mm-es vagy nagyobb<\/strong> \u00e1tm\u00e9r\u0151j\u0171 f\u0171t\u0151patronok <strong>a patron elej\u00e9re vagy v\u00e9g\u00e9re elhelyezett PT100 h\u0151\u00e9rz\u00e9kel\u0151vel<\/strong> is gy\u00e1rthat\u00f3k.<\/p>\n<p style=\"text-align: justify;\"><div class='content-column four_fifth'><p style=\"text-align: justify;\"><strong>Szabv\u00e1nyos h\u0151elem-t\u00edpusok.<\/strong><\/p>\n<table>\n<tbody>\n<tr>\n<td>J &#8211;<\/td>\n<td>-20 \u00b0C \u2013 750 \u00b0C<\/td>\n<td>Vas &#8211; m\u00e1gneses &#8211; pozit\u00edv p\u00f3lus.<br \/>\nR\u00e9z \/ nikkel &#8211; nem m\u00e1gneses &#8211; negat\u00edv p\u00f3lus.<\/td>\n<\/tr>\n<tr>\n<td>K &#8211;<\/td>\n<td>-20 \u00b0C \u2013 1 250 \u00b0C<\/td>\n<td>Nikkel \/ kr\u00f3m &#8211; nem m\u00e1gneses &#8211; pozit\u00edv p\u00f3lus.<br \/>\nNikkel \/ alum\u00ednium &#8211; m\u00e1gneses &#8211; negat\u00edv p\u00f3lus.<\/td>\n<\/tr>\n<\/tbody>\n<\/table><\/div><\/p>\n","protected":false},"excerpt":{"rendered":"<p>Ha a h\u0151elem szigetelve van a f\u0171t\u0151patron k\u00f6peny\u00e9t\u0151l, akkor a f\u0171t\u0151patront a szab\u00e1lyoz\u00e1s oldal\u00e1n f\u00f6ldelni kell.&nbsp;A h\u0151elem elhelyez\u00e9s\u00e9nek szabv\u00e1nyos m\u00f3djai a nagy terhel\u00e9s\u0171 f\u0171t\u0151patronokn\u00e1l a &#8230;<\/p>\n","protected":false},"author":1,"featured_media":5750,"parent":5823,"menu_order":0,"comment_status":"open","ping_status":"closed","template":"_page-menu.php","meta":{"_acf_changed":false,"ngg_post_thumbnail":0,"footnotes":"","_links_to":"","_links_to_target":""},"class_list":["post-5749","page","type-page","status-publish","has-post-thumbnail","hentry"],"acf":[],"yoast_head":"<!-- This site is optimized with the Yoast SEO plugin v27.3 - https:\/\/yoast.com\/product\/yoast-seo-wordpress\/ -->\n<title>Nagy terhel\u00e9s\u0171 f\u0171t\u0151patron be\u00e9p\u00edtett h\u0151elemmel \u00e9s PT100-zal | ELEKTRON-ETTO<\/title>\n<meta name=\"description\" content=\"Nagy terhel\u00e9s\u0171 f\u0171t\u0151patronok be\u00e9p\u00edtett h\u0151elemmel \u00e9s PT100 \u00e9rz\u00e9kel\u0151vel. Prec\u00edz h\u0151m\u00e9rs\u00e9klet-szab\u00e1lyoz\u00e1s ipari alkalmaz\u00e1sokhoz.\" \/>\n<meta name=\"robots\" content=\"index, follow, max-snippet:-1, max-image-preview:large, max-video-preview:-1\" \/>\n<link rel=\"canonical\" href=\"https:\/\/www.etto.cz\/hu\/termekek\/futopatronok\/nagy-terhelesu-futopatron-beepitett-hoelemmel-es-pt100-zal\/\" \/>\n<meta property=\"og:locale\" content=\"hu_HU\" \/>\n<meta property=\"og:type\" content=\"article\" \/>\n<meta property=\"og:title\" content=\"Nagy terhel\u00e9s\u0171 f\u0171t\u0151patron be\u00e9p\u00edtett h\u0151elemmel \u00e9s PT100-zal | ELEKTRON-ETTO\" \/>\n<meta property=\"og:description\" content=\"Nagy terhel\u00e9s\u0171 f\u0171t\u0151patronok be\u00e9p\u00edtett h\u0151elemmel \u00e9s PT100 \u00e9rz\u00e9kel\u0151vel. Prec\u00edz h\u0151m\u00e9rs\u00e9klet-szab\u00e1lyoz\u00e1s ipari alkalmaz\u00e1sokhoz.\" \/>\n<meta property=\"og:url\" content=\"https:\/\/www.etto.cz\/hu\/termekek\/futopatronok\/nagy-terhelesu-futopatron-beepitett-hoelemmel-es-pt100-zal\/\" \/>\n<meta property=\"og:site_name\" content=\"ETTO\" \/>\n<meta property=\"article:modified_time\" content=\"2026-02-24T15:23:38+00:00\" \/>\n<meta property=\"og:image\" content=\"https:\/\/www.etto.cz\/wp-content\/uploads\/2015\/05\/vysokozatizene-patrony-s-termoclankem.jpg\" \/>\n\t<meta property=\"og:image:width\" content=\"794\" \/>\n\t<meta property=\"og:image:height\" content=\"973\" \/>\n\t<meta property=\"og:image:type\" content=\"image\/jpeg\" \/>\n<meta name=\"twitter:card\" content=\"summary_large_image\" \/>\n<meta name=\"twitter:label1\" content=\"Becs\u00fclt olvas\u00e1si id\u0151\" \/>\n\t<meta name=\"twitter:data1\" content=\"1 perc\" \/>\n<script type=\"application\/ld+json\" class=\"yoast-schema-graph\">{\"@context\":\"https:\\\/\\\/schema.org\",\"@graph\":[{\"@type\":\"WebPage\",\"@id\":\"https:\\\/\\\/www.etto.cz\\\/elektricka-topna-telesa\\\/topne-patrony\\\/vysocezatizene-topne-patrony-s-termoclankem\\\/\",\"url\":\"https:\\\/\\\/www.etto.cz\\\/elektricka-topna-telesa\\\/topne-patrony\\\/vysocezatizene-topne-patrony-s-termoclankem\\\/\",\"name\":\"Nagy terhel\u00e9s\u0171 f\u0171t\u0151patron be\u00e9p\u00edtett h\u0151elemmel \u00e9s PT100-zal | ELEKTRON-ETTO\",\"isPartOf\":{\"@id\":\"https:\\\/\\\/www.etto.cz\\\/#website\"},\"primaryImageOfPage\":{\"@id\":\"https:\\\/\\\/www.etto.cz\\\/elektricka-topna-telesa\\\/topne-patrony\\\/vysocezatizene-topne-patrony-s-termoclankem\\\/#primaryimage\"},\"image\":{\"@id\":\"https:\\\/\\\/www.etto.cz\\\/elektricka-topna-telesa\\\/topne-patrony\\\/vysocezatizene-topne-patrony-s-termoclankem\\\/#primaryimage\"},\"thumbnailUrl\":\"https:\\\/\\\/www.etto.cz\\\/wp-content\\\/uploads\\\/2015\\\/05\\\/vysokozatizene-patrony-s-termoclankem.jpg\",\"datePublished\":\"2018-03-14T14:15:32+00:00\",\"dateModified\":\"2026-02-24T15:23:38+00:00\",\"description\":\"Nagy terhel\u00e9s\u0171 f\u0171t\u0151patronok be\u00e9p\u00edtett h\u0151elemmel \u00e9s PT100 \u00e9rz\u00e9kel\u0151vel. Prec\u00edz h\u0151m\u00e9rs\u00e9klet-szab\u00e1lyoz\u00e1s ipari alkalmaz\u00e1sokhoz.\",\"breadcrumb\":{\"@id\":\"https:\\\/\\\/www.etto.cz\\\/elektricka-topna-telesa\\\/topne-patrony\\\/vysocezatizene-topne-patrony-s-termoclankem\\\/#breadcrumb\"},\"inLanguage\":\"hu\",\"potentialAction\":[{\"@type\":\"ReadAction\",\"target\":[\"https:\\\/\\\/www.etto.cz\\\/elektricka-topna-telesa\\\/topne-patrony\\\/vysocezatizene-topne-patrony-s-termoclankem\\\/\"]}]},{\"@type\":\"ImageObject\",\"inLanguage\":\"hu\",\"@id\":\"https:\\\/\\\/www.etto.cz\\\/elektricka-topna-telesa\\\/topne-patrony\\\/vysocezatizene-topne-patrony-s-termoclankem\\\/#primaryimage\",\"url\":\"https:\\\/\\\/www.etto.cz\\\/wp-content\\\/uploads\\\/2015\\\/05\\\/vysokozatizene-patrony-s-termoclankem.jpg\",\"contentUrl\":\"https:\\\/\\\/www.etto.cz\\\/wp-content\\\/uploads\\\/2015\\\/05\\\/vysokozatizene-patrony-s-termoclankem.jpg\",\"width\":794,\"height\":973},{\"@type\":\"BreadcrumbList\",\"@id\":\"https:\\\/\\\/www.etto.cz\\\/elektricka-topna-telesa\\\/topne-patrony\\\/vysocezatizene-topne-patrony-s-termoclankem\\\/#breadcrumb\",\"itemListElement\":[{\"@type\":\"ListItem\",\"position\":1,\"name\":\"Dom\u016f\",\"item\":\"https:\\\/\\\/www.etto.cz\\\/\"},{\"@type\":\"ListItem\",\"position\":2,\"name\":\"Elektromos f\u0171t\u0151elemek &#8211; Term\u00e9kek\",\"item\":\"https:\\\/\\\/www.etto.cz\\\/elektricka-topna-telesa\\\/\"},{\"@type\":\"ListItem\",\"position\":3,\"name\":\"F\u0171t\u0151patronok\",\"item\":\"https:\\\/\\\/www.etto.cz\\\/elektricka-topna-telesa\\\/topne-patrony\\\/\"},{\"@type\":\"ListItem\",\"position\":4,\"name\":\"Nagy terhel\u00e9s\u0171 f\u0171t\u0151patron be\u00e9p\u00edtett h\u0151elemmel \u00e9s PT100-zal\"}]},{\"@type\":\"WebSite\",\"@id\":\"https:\\\/\\\/www.etto.cz\\\/#website\",\"url\":\"https:\\\/\\\/www.etto.cz\\\/\",\"name\":\"ETTO\",\"description\":\"V\u00fdroba elektrick\u00fdch topn\u00fdch t\u011bles\",\"potentialAction\":[{\"@type\":\"SearchAction\",\"target\":{\"@type\":\"EntryPoint\",\"urlTemplate\":\"https:\\\/\\\/www.etto.cz\\\/?s={search_term_string}\"},\"query-input\":{\"@type\":\"PropertyValueSpecification\",\"valueRequired\":true,\"valueName\":\"search_term_string\"}}],\"inLanguage\":\"hu\"}]}<\/script>\n<!-- \/ Yoast SEO plugin. -->","yoast_head_json":{"title":"Nagy terhel\u00e9s\u0171 f\u0171t\u0151patron be\u00e9p\u00edtett h\u0151elemmel \u00e9s PT100-zal | ELEKTRON-ETTO","description":"Nagy terhel\u00e9s\u0171 f\u0171t\u0151patronok be\u00e9p\u00edtett h\u0151elemmel \u00e9s PT100 \u00e9rz\u00e9kel\u0151vel. Prec\u00edz h\u0151m\u00e9rs\u00e9klet-szab\u00e1lyoz\u00e1s ipari alkalmaz\u00e1sokhoz.","robots":{"index":"index","follow":"follow","max-snippet":"max-snippet:-1","max-image-preview":"max-image-preview:large","max-video-preview":"max-video-preview:-1"},"canonical":"https:\/\/www.etto.cz\/hu\/termekek\/futopatronok\/nagy-terhelesu-futopatron-beepitett-hoelemmel-es-pt100-zal\/","og_locale":"hu_HU","og_type":"article","og_title":"Nagy terhel\u00e9s\u0171 f\u0171t\u0151patron be\u00e9p\u00edtett h\u0151elemmel \u00e9s PT100-zal | ELEKTRON-ETTO","og_description":"Nagy terhel\u00e9s\u0171 f\u0171t\u0151patronok be\u00e9p\u00edtett h\u0151elemmel \u00e9s PT100 \u00e9rz\u00e9kel\u0151vel. Prec\u00edz h\u0151m\u00e9rs\u00e9klet-szab\u00e1lyoz\u00e1s ipari alkalmaz\u00e1sokhoz.","og_url":"https:\/\/www.etto.cz\/hu\/termekek\/futopatronok\/nagy-terhelesu-futopatron-beepitett-hoelemmel-es-pt100-zal\/","og_site_name":"ETTO","article_modified_time":"2026-02-24T15:23:38+00:00","og_image":[{"width":794,"height":973,"url":"https:\/\/www.etto.cz\/wp-content\/uploads\/2015\/05\/vysokozatizene-patrony-s-termoclankem.jpg","type":"image\/jpeg"}],"twitter_card":"summary_large_image","twitter_misc":{"Becs\u00fclt olvas\u00e1si id\u0151":"1 perc"},"schema":{"@context":"https:\/\/schema.org","@graph":[{"@type":"WebPage","@id":"https:\/\/www.etto.cz\/elektricka-topna-telesa\/topne-patrony\/vysocezatizene-topne-patrony-s-termoclankem\/","url":"https:\/\/www.etto.cz\/elektricka-topna-telesa\/topne-patrony\/vysocezatizene-topne-patrony-s-termoclankem\/","name":"Nagy terhel\u00e9s\u0171 f\u0171t\u0151patron be\u00e9p\u00edtett h\u0151elemmel \u00e9s PT100-zal | ELEKTRON-ETTO","isPartOf":{"@id":"https:\/\/www.etto.cz\/#website"},"primaryImageOfPage":{"@id":"https:\/\/www.etto.cz\/elektricka-topna-telesa\/topne-patrony\/vysocezatizene-topne-patrony-s-termoclankem\/#primaryimage"},"image":{"@id":"https:\/\/www.etto.cz\/elektricka-topna-telesa\/topne-patrony\/vysocezatizene-topne-patrony-s-termoclankem\/#primaryimage"},"thumbnailUrl":"https:\/\/www.etto.cz\/wp-content\/uploads\/2015\/05\/vysokozatizene-patrony-s-termoclankem.jpg","datePublished":"2018-03-14T14:15:32+00:00","dateModified":"2026-02-24T15:23:38+00:00","description":"Nagy terhel\u00e9s\u0171 f\u0171t\u0151patronok be\u00e9p\u00edtett h\u0151elemmel \u00e9s PT100 \u00e9rz\u00e9kel\u0151vel. Prec\u00edz h\u0151m\u00e9rs\u00e9klet-szab\u00e1lyoz\u00e1s ipari alkalmaz\u00e1sokhoz.","breadcrumb":{"@id":"https:\/\/www.etto.cz\/elektricka-topna-telesa\/topne-patrony\/vysocezatizene-topne-patrony-s-termoclankem\/#breadcrumb"},"inLanguage":"hu","potentialAction":[{"@type":"ReadAction","target":["https:\/\/www.etto.cz\/elektricka-topna-telesa\/topne-patrony\/vysocezatizene-topne-patrony-s-termoclankem\/"]}]},{"@type":"ImageObject","inLanguage":"hu","@id":"https:\/\/www.etto.cz\/elektricka-topna-telesa\/topne-patrony\/vysocezatizene-topne-patrony-s-termoclankem\/#primaryimage","url":"https:\/\/www.etto.cz\/wp-content\/uploads\/2015\/05\/vysokozatizene-patrony-s-termoclankem.jpg","contentUrl":"https:\/\/www.etto.cz\/wp-content\/uploads\/2015\/05\/vysokozatizene-patrony-s-termoclankem.jpg","width":794,"height":973},{"@type":"BreadcrumbList","@id":"https:\/\/www.etto.cz\/elektricka-topna-telesa\/topne-patrony\/vysocezatizene-topne-patrony-s-termoclankem\/#breadcrumb","itemListElement":[{"@type":"ListItem","position":1,"name":"Dom\u016f","item":"https:\/\/www.etto.cz\/"},{"@type":"ListItem","position":2,"name":"Elektromos f\u0171t\u0151elemek &#8211; Term\u00e9kek","item":"https:\/\/www.etto.cz\/elektricka-topna-telesa\/"},{"@type":"ListItem","position":3,"name":"F\u0171t\u0151patronok","item":"https:\/\/www.etto.cz\/elektricka-topna-telesa\/topne-patrony\/"},{"@type":"ListItem","position":4,"name":"Nagy terhel\u00e9s\u0171 f\u0171t\u0151patron be\u00e9p\u00edtett h\u0151elemmel \u00e9s PT100-zal"}]},{"@type":"WebSite","@id":"https:\/\/www.etto.cz\/#website","url":"https:\/\/www.etto.cz\/","name":"ETTO","description":"V\u00fdroba elektrick\u00fdch topn\u00fdch t\u011bles","potentialAction":[{"@type":"SearchAction","target":{"@type":"EntryPoint","urlTemplate":"https:\/\/www.etto.cz\/?s={search_term_string}"},"query-input":{"@type":"PropertyValueSpecification","valueRequired":true,"valueName":"search_term_string"}}],"inLanguage":"hu"}]}},"_links":{"self":[{"href":"https:\/\/www.etto.cz\/hu\/wp-json\/wp\/v2\/pages\/5749","targetHints":{"allow":["GET"]}}],"collection":[{"href":"https:\/\/www.etto.cz\/hu\/wp-json\/wp\/v2\/pages"}],"about":[{"href":"https:\/\/www.etto.cz\/hu\/wp-json\/wp\/v2\/types\/page"}],"author":[{"embeddable":true,"href":"https:\/\/www.etto.cz\/hu\/wp-json\/wp\/v2\/users\/1"}],"replies":[{"embeddable":true,"href":"https:\/\/www.etto.cz\/hu\/wp-json\/wp\/v2\/comments?post=5749"}],"version-history":[{"count":1,"href":"https:\/\/www.etto.cz\/hu\/wp-json\/wp\/v2\/pages\/5749\/revisions"}],"predecessor-version":[{"id":5897,"href":"https:\/\/www.etto.cz\/hu\/wp-json\/wp\/v2\/pages\/5749\/revisions\/5897"}],"up":[{"embeddable":true,"href":"https:\/\/www.etto.cz\/hu\/wp-json\/wp\/v2\/pages\/5823"}],"wp:featuredmedia":[{"embeddable":true,"href":"https:\/\/www.etto.cz\/hu\/wp-json\/wp\/v2\/media\/5750"}],"wp:attachment":[{"href":"https:\/\/www.etto.cz\/hu\/wp-json\/wp\/v2\/media?parent=5749"}],"curies":[{"name":"wp","href":"https:\/\/api.w.org\/{rel}","templated":true}]}}