{"id":5751,"date":"2018-03-14T15:15:06","date_gmt":"2018-03-14T14:15:06","guid":{"rendered":"https:\/\/www.etto.cz\/download\/"},"modified":"2026-02-24T16:23:39","modified_gmt":"2026-02-24T15:23:39","slug":"letoltes","status":"publish","type":"page","link":"https:\/\/www.etto.cz\/hu\/letoltes\/","title":{"rendered":"Let\u00f6lt\u00e9s"},"content":{"rendered":"<h2>\u00dczleti felt\u00e9telek<\/h2>\n<p><a href=\"http:\/\/www.etto.cz\/wp-content\/uploads\/2018\/06\/general-business-terms.pdf\" target=\"_blank\" rel=\"noopener noreferrer\"><img loading=\"lazy\" decoding=\"async\" class=\"alignnone wp-image-3254 size-full\" src=\"http:\/\/www.etto.cz\/wp-content\/uploads\/2018\/05\/pdf-e1527166728716.png\" alt=\"\" width=\"24\" height=\"24\"><\/a> <a href=\"http:\/\/www.etto.cz\/wp-content\/uploads\/2018\/06\/general-business-terms.pdf\" target=\"_blank\" rel=\"noopener noreferrer\">\u00c1ltal\u00e1nos \u00fczleti felt\u00e9telek &#8211; 2018.06.01<\/a><\/p>\n<h2>Tan\u00fas\u00edtv\u00e1nyok<\/h2>\n<p><a href=\"https:\/\/www.etto.cz\/wp-content\/uploads\/2015\/10\/statni-zkusebna-zemedelskych-potravinarskych-a-lesnickych-strojum-a.s.-certifikat-na-elektricke-topne-teleso-typ-1373xxx-100-1500w.pdf\" target=\"_blank\" rel=\"noopener noreferrer\"><img loading=\"lazy\" decoding=\"async\" class=\"alignnone wp-image-3254 size-full\" src=\"http:\/\/www.etto.cz\/wp-content\/uploads\/2018\/05\/pdf-e1527166728716.png\" alt=\"\" width=\"24\" height=\"24\"><\/a> <span style=\"\"><a href=\"https:\/\/www.etto.cz\/wp-content\/uploads\/2015\/10\/statni-zkusebna-zemedelskych-potravinarskych-a-lesnickych-strojum-a.s.-certifikat-na-elektricke-topne-teleso-typ-1373xxx-100-1500w.pdf\" target=\"_blank\" rel=\"noopener noreferrer\">Tan\u00fas\u00edtv\u00e1ny elektromos f\u0171t\u0151testhez, t\u00edpus 1373\/XXX (100-1500W)<\/a><br \/>\n<a href=\"https:\/\/www.etto.cz\/wp-content\/uploads\/2015\/10\/statni-zkusebna-zemedelskych-potravinarskych-a-lesnickych-strojum-a.s.-elektricke-topne-teleso-s-termostatem-typ-24-12-kw.pdf\" target=\"_blank\" rel=\"noopener noreferrer\"><img loading=\"lazy\" decoding=\"async\" class=\"alignnone wp-image-3254 size-full\" src=\"http:\/\/www.etto.cz\/wp-content\/uploads\/2018\/05\/pdf-e1527166728716.png\" alt=\"\" width=\"24\" height=\"24\"><\/a> <a href=\"https:\/\/www.etto.cz\/wp-content\/uploads\/2015\/10\/statni-zkusebna-zemedelskych-potravinarskych-a-lesnickych-strojum-a.s.-elektricke-topne-teleso-s-termostatem-typ-24-12-kw.pdf\" target=\"_blank\" rel=\"noopener noreferrer\">Termoszt\u00e1tos elektromos f\u0171t\u0151test, t\u00edpus 2.4 \u2013 12 kW<\/a><br \/>\n<a href=\"https:\/\/www.etto.cz\/wp-content\/uploads\/2015\/10\/protokol-o-zkousce.pdf\" target=\"_blank\" rel=\"noopener noreferrer\"><img loading=\"lazy\" decoding=\"async\" class=\"alignnone wp-image-3254 size-full\" src=\"http:\/\/www.etto.cz\/wp-content\/uploads\/2018\/05\/pdf-e1527166728716.png\" alt=\"\" width=\"24\" height=\"24\"><\/a> <a href=\"https:\/\/www.etto.cz\/wp-content\/uploads\/2015\/10\/protokol-o-zkousce.pdf\" target=\"_blank\" rel=\"noopener noreferrer\">Vizsg\u00e1lati jegyz\u0151k\u00f6nyv sz. 39-10015\/A\/IP<\/a><br \/>\n<a href=\"http:\/\/www.etto.cz\/wp-content\/uploads\/2015\/05\/iso-etto-9001.pdf\" target=\"_blank\" rel=\"noopener noreferrer\"><img loading=\"lazy\" decoding=\"async\" class=\"alignnone wp-image-3254 size-full\" src=\"http:\/\/www.etto.cz\/wp-content\/uploads\/2018\/05\/pdf-e1527166728716.png\" alt=\"\" width=\"24\" height=\"24\"><\/a> <a href=\"https:\/\/www.etto.cz\/wp-content\/uploads\/2023\/11\/iso-9001_elektron-etto-s.r.o._2023_en.pdf\" target=\"_blank\" rel=\"noopener noreferrer\">ISO 9001 tan\u00fas\u00edtv\u00e1ny<\/a><br \/>\n<a href=\"https:\/\/www.etto.cz\/wp-content\/uploads\/2017\/10\/kryt-ip-65-en.pdf\" target=\"_blank\" rel=\"noopener noreferrer\"><img loading=\"lazy\" decoding=\"async\" class=\"alignnone wp-image-3254 size-full\" src=\"http:\/\/www.etto.cz\/wp-content\/uploads\/2018\/05\/pdf-e1527166728716.png\" alt=\"\" width=\"24\" height=\"24\"><\/a> <a href=\"https:\/\/www.etto.cz\/wp-content\/uploads\/2017\/10\/kryt-ip-65-en.pdf\" target=\"_blank\" rel=\"noopener noreferrer\">IP 65 v\u00e9detts\u00e9g tan\u00fas\u00edtv\u00e1nya<\/a><\/span><\/p>\n<h2>Egy\u00e9b<\/h2>\n<p><a href=\"https:\/\/www.etto.cz\/wp-content\/uploads\/2018\/05\/doporuceni-pro-uzivani-topnych-patron-1.pdf\" target=\"_blank\" rel=\"noopener noreferrer\"><img loading=\"lazy\" decoding=\"async\" class=\"alignnone wp-image-3254 size-full\" src=\"http:\/\/www.etto.cz\/wp-content\/uploads\/2018\/05\/pdf-e1527166728716.png\" alt=\"\" width=\"24\" height=\"24\"><\/a> <span style=\"\"><a href=\"https:\/\/www.etto.cz\/wp-content\/uploads\/2018\/05\/doporuceni-pro-uzivani-topnych-patron-1.pdf\" target=\"_blank\" rel=\"noopener noreferrer\">Aj\u00e1nl\u00e1sok f\u0171t\u0151patronok haszn\u00e1lat\u00e1hoz<\/a><br \/>\n<a href=\"http:\/\/www.etto.cz\/wp-content\/uploads\/2015\/05\/elektricke-ukonceni-trubkovych-topnych-tyci.pdf\" target=\"_blank\" rel=\"noopener noreferrer\"><img loading=\"lazy\" decoding=\"async\" class=\"alignnone wp-image-3254 size-full\" src=\"http:\/\/www.etto.cz\/wp-content\/uploads\/2018\/05\/pdf-e1527166728716.png\" alt=\"\" width=\"24\" height=\"24\"><\/a> <a href=\"https:\/\/www.etto.cz\/wp-content\/uploads\/2020\/01\/el.ukonceni_19.12.2019.pdf\" target=\"_blank\" rel=\"noopener noreferrer\">Cs\u0151f\u0171t\u0151rudak elektromos csatlakoz\u00e1sai<\/a><br \/>\n<a href=\"https:\/\/www.etto.cz\/wp-content\/uploads\/2017\/06\/katalog_ohrev_plynu.pdf\" target=\"_blank\" rel=\"noopener noreferrer\"><img loading=\"lazy\" decoding=\"async\" class=\"alignnone wp-image-3254 size-full\" src=\"http:\/\/www.etto.cz\/wp-content\/uploads\/2018\/05\/pdf-e1527166728716.png\" alt=\"\" width=\"24\" height=\"24\"><\/a> <a href=\"https:\/\/www.etto.cz\/wp-content\/uploads\/2017\/06\/katalog_ohrev_plynu.pdf\" target=\"_blank\" rel=\"noopener noreferrer\">G\u00e1zok f\u0171t\u00e9s\u00e9hez haszn\u00e1lt elemek katal\u00f3gusa<\/a><br \/>\n<a href=\"http:\/\/www.etto.cz\/wp-content\/uploads\/2017\/06\/katalog_ohrev_kapalin.pdf\" target=\"_blank\" rel=\"noopener noreferrer\"><img loading=\"lazy\" decoding=\"async\" class=\"alignnone wp-image-3254 size-full\" src=\"http:\/\/www.etto.cz\/wp-content\/uploads\/2018\/05\/pdf-e1527166728716.png\" alt=\"\" width=\"24\" height=\"24\"><\/a> <a href=\"https:\/\/www.etto.cz\/wp-content\/uploads\/2018\/10\/katalog_ohrev_kapalin_17.10.2018.pdf\" target=\"_blank\" rel=\"noopener noreferrer\">Folyad\u00e9kok f\u0171t\u00e9s\u00e9hez haszn\u00e1lt elemek katal\u00f3gusa<\/a><\/span><\/p>\n","protected":false},"excerpt":{"rendered":"<p>\u00dczleti felt\u00e9telek \u00c1ltal\u00e1nos \u00fczleti felt\u00e9telek &#8211; 2018.06.01 Tan\u00fas\u00edtv\u00e1nyok Tan\u00fas\u00edtv\u00e1ny elektromos f\u0171t\u0151testhez, t\u00edpus 1373\/XXX (100-1500W) Termoszt\u00e1tos elektromos f\u0171t\u0151test, t\u00edpus 2.4 \u2013 12 kW Vizsg\u00e1lati jegyz\u0151k\u00f6nyv sz. &#8230;<\/p>\n","protected":false},"author":1,"featured_media":0,"parent":0,"menu_order":0,"comment_status":"open","ping_status":"open","template":"","meta":{"_acf_changed":false,"ngg_post_thumbnail":0,"footnotes":"","_links_to":"","_links_to_target":""},"class_list":["post-5751","page","type-page","status-publish","hentry"],"acf":[],"yoast_head":"<!-- This site is optimized with the Yoast SEO plugin v27.3 - https:\/\/yoast.com\/product\/yoast-seo-wordpress\/ -->\n<title>Let\u00f6lt\u00e9s \u2013 katal\u00f3gusok \u00e9s dokumentumok | ELEKTRON-ETTO<\/title>\n<meta name=\"description\" content=\"T\u00f6ltse le az ELEKTRON-ETTO term\u00e9kkatal\u00f3gusait \u00e9s m\u0171szaki dokumentumait. F\u0171t\u0151patronok, cs\u0151f\u0171t\u0151testek \u00e9s f\u0171t\u0151szalagok adatlapjai.\" \/>\n<meta name=\"robots\" content=\"index, follow, max-snippet:-1, max-image-preview:large, max-video-preview:-1\" \/>\n<link rel=\"canonical\" href=\"https:\/\/www.etto.cz\/hu\/letoltes\/\" \/>\n<meta property=\"og:locale\" content=\"hu_HU\" \/>\n<meta property=\"og:type\" content=\"article\" \/>\n<meta property=\"og:title\" content=\"Let\u00f6lt\u00e9s \u2013 katal\u00f3gusok \u00e9s dokumentumok | ELEKTRON-ETTO\" \/>\n<meta property=\"og:description\" content=\"T\u00f6ltse le az ELEKTRON-ETTO term\u00e9kkatal\u00f3gusait \u00e9s m\u0171szaki dokumentumait. F\u0171t\u0151patronok, cs\u0151f\u0171t\u0151testek \u00e9s f\u0171t\u0151szalagok adatlapjai.\" \/>\n<meta property=\"og:url\" content=\"https:\/\/www.etto.cz\/hu\/letoltes\/\" \/>\n<meta property=\"og:site_name\" content=\"ETTO\" \/>\n<meta property=\"article:modified_time\" content=\"2026-02-24T15:23:39+00:00\" \/>\n<meta property=\"og:image\" content=\"https:\/\/www.etto.cz\/wp-content\/uploads\/2018\/05\/pdf-e1527166728716.png\" \/>\n\t<meta property=\"og:image:width\" content=\"24\" \/>\n\t<meta property=\"og:image:height\" content=\"24\" \/>\n\t<meta property=\"og:image:type\" content=\"image\/png\" \/>\n<meta name=\"twitter:card\" content=\"summary_large_image\" \/>\n<meta name=\"twitter:label1\" content=\"Becs\u00fclt olvas\u00e1si id\u0151\" \/>\n\t<meta name=\"twitter:data1\" content=\"3 perc\" \/>\n<script type=\"application\/ld+json\" class=\"yoast-schema-graph\">{\"@context\":\"https:\\\/\\\/schema.org\",\"@graph\":[{\"@type\":\"WebPage\",\"@id\":\"https:\\\/\\\/www.etto.cz\\\/ke-stazeni\\\/\",\"url\":\"https:\\\/\\\/www.etto.cz\\\/ke-stazeni\\\/\",\"name\":\"Let\u00f6lt\u00e9s \u2013 katal\u00f3gusok \u00e9s dokumentumok | ELEKTRON-ETTO\",\"isPartOf\":{\"@id\":\"https:\\\/\\\/www.etto.cz\\\/#website\"},\"primaryImageOfPage\":{\"@id\":\"https:\\\/\\\/www.etto.cz\\\/ke-stazeni\\\/#primaryimage\"},\"image\":{\"@id\":\"https:\\\/\\\/www.etto.cz\\\/ke-stazeni\\\/#primaryimage\"},\"thumbnailUrl\":\"http:\\\/\\\/www.etto.cz\\\/wp-content\\\/uploads\\\/2018\\\/05\\\/pdf-e1527166728716.png\",\"datePublished\":\"2018-03-14T14:15:06+00:00\",\"dateModified\":\"2026-02-24T15:23:39+00:00\",\"description\":\"T\u00f6ltse le az ELEKTRON-ETTO term\u00e9kkatal\u00f3gusait \u00e9s m\u0171szaki dokumentumait. F\u0171t\u0151patronok, cs\u0151f\u0171t\u0151testek \u00e9s f\u0171t\u0151szalagok adatlapjai.\",\"breadcrumb\":{\"@id\":\"https:\\\/\\\/www.etto.cz\\\/ke-stazeni\\\/#breadcrumb\"},\"inLanguage\":\"hu\",\"potentialAction\":[{\"@type\":\"ReadAction\",\"target\":[\"https:\\\/\\\/www.etto.cz\\\/ke-stazeni\\\/\"]}]},{\"@type\":\"ImageObject\",\"inLanguage\":\"hu\",\"@id\":\"https:\\\/\\\/www.etto.cz\\\/ke-stazeni\\\/#primaryimage\",\"url\":\"http:\\\/\\\/www.etto.cz\\\/wp-content\\\/uploads\\\/2018\\\/05\\\/pdf-e1527166728716.png\",\"contentUrl\":\"http:\\\/\\\/www.etto.cz\\\/wp-content\\\/uploads\\\/2018\\\/05\\\/pdf-e1527166728716.png\"},{\"@type\":\"BreadcrumbList\",\"@id\":\"https:\\\/\\\/www.etto.cz\\\/ke-stazeni\\\/#breadcrumb\",\"itemListElement\":[{\"@type\":\"ListItem\",\"position\":1,\"name\":\"Dom\u016f\",\"item\":\"https:\\\/\\\/www.etto.cz\\\/\"},{\"@type\":\"ListItem\",\"position\":2,\"name\":\"Let\u00f6lt\u00e9s\"}]},{\"@type\":\"WebSite\",\"@id\":\"https:\\\/\\\/www.etto.cz\\\/#website\",\"url\":\"https:\\\/\\\/www.etto.cz\\\/\",\"name\":\"ETTO\",\"description\":\"V\u00fdroba elektrick\u00fdch topn\u00fdch t\u011bles\",\"potentialAction\":[{\"@type\":\"SearchAction\",\"target\":{\"@type\":\"EntryPoint\",\"urlTemplate\":\"https:\\\/\\\/www.etto.cz\\\/?s={search_term_string}\"},\"query-input\":{\"@type\":\"PropertyValueSpecification\",\"valueRequired\":true,\"valueName\":\"search_term_string\"}}],\"inLanguage\":\"hu\"}]}<\/script>\n<!-- \/ Yoast SEO plugin. -->","yoast_head_json":{"title":"Let\u00f6lt\u00e9s \u2013 katal\u00f3gusok \u00e9s dokumentumok | ELEKTRON-ETTO","description":"T\u00f6ltse le az ELEKTRON-ETTO term\u00e9kkatal\u00f3gusait \u00e9s m\u0171szaki dokumentumait. F\u0171t\u0151patronok, cs\u0151f\u0171t\u0151testek \u00e9s f\u0171t\u0151szalagok adatlapjai.","robots":{"index":"index","follow":"follow","max-snippet":"max-snippet:-1","max-image-preview":"max-image-preview:large","max-video-preview":"max-video-preview:-1"},"canonical":"https:\/\/www.etto.cz\/hu\/letoltes\/","og_locale":"hu_HU","og_type":"article","og_title":"Let\u00f6lt\u00e9s \u2013 katal\u00f3gusok \u00e9s dokumentumok | ELEKTRON-ETTO","og_description":"T\u00f6ltse le az ELEKTRON-ETTO term\u00e9kkatal\u00f3gusait \u00e9s m\u0171szaki dokumentumait. F\u0171t\u0151patronok, cs\u0151f\u0171t\u0151testek \u00e9s f\u0171t\u0151szalagok adatlapjai.","og_url":"https:\/\/www.etto.cz\/hu\/letoltes\/","og_site_name":"ETTO","article_modified_time":"2026-02-24T15:23:39+00:00","og_image":[{"width":24,"height":24,"url":"https:\/\/www.etto.cz\/wp-content\/uploads\/2018\/05\/pdf-e1527166728716.png","type":"image\/png"}],"twitter_card":"summary_large_image","twitter_misc":{"Becs\u00fclt olvas\u00e1si id\u0151":"3 perc"},"schema":{"@context":"https:\/\/schema.org","@graph":[{"@type":"WebPage","@id":"https:\/\/www.etto.cz\/ke-stazeni\/","url":"https:\/\/www.etto.cz\/ke-stazeni\/","name":"Let\u00f6lt\u00e9s \u2013 katal\u00f3gusok \u00e9s dokumentumok | ELEKTRON-ETTO","isPartOf":{"@id":"https:\/\/www.etto.cz\/#website"},"primaryImageOfPage":{"@id":"https:\/\/www.etto.cz\/ke-stazeni\/#primaryimage"},"image":{"@id":"https:\/\/www.etto.cz\/ke-stazeni\/#primaryimage"},"thumbnailUrl":"http:\/\/www.etto.cz\/wp-content\/uploads\/2018\/05\/pdf-e1527166728716.png","datePublished":"2018-03-14T14:15:06+00:00","dateModified":"2026-02-24T15:23:39+00:00","description":"T\u00f6ltse le az ELEKTRON-ETTO term\u00e9kkatal\u00f3gusait \u00e9s m\u0171szaki dokumentumait. F\u0171t\u0151patronok, cs\u0151f\u0171t\u0151testek \u00e9s f\u0171t\u0151szalagok adatlapjai.","breadcrumb":{"@id":"https:\/\/www.etto.cz\/ke-stazeni\/#breadcrumb"},"inLanguage":"hu","potentialAction":[{"@type":"ReadAction","target":["https:\/\/www.etto.cz\/ke-stazeni\/"]}]},{"@type":"ImageObject","inLanguage":"hu","@id":"https:\/\/www.etto.cz\/ke-stazeni\/#primaryimage","url":"http:\/\/www.etto.cz\/wp-content\/uploads\/2018\/05\/pdf-e1527166728716.png","contentUrl":"http:\/\/www.etto.cz\/wp-content\/uploads\/2018\/05\/pdf-e1527166728716.png"},{"@type":"BreadcrumbList","@id":"https:\/\/www.etto.cz\/ke-stazeni\/#breadcrumb","itemListElement":[{"@type":"ListItem","position":1,"name":"Dom\u016f","item":"https:\/\/www.etto.cz\/"},{"@type":"ListItem","position":2,"name":"Let\u00f6lt\u00e9s"}]},{"@type":"WebSite","@id":"https:\/\/www.etto.cz\/#website","url":"https:\/\/www.etto.cz\/","name":"ETTO","description":"V\u00fdroba elektrick\u00fdch topn\u00fdch t\u011bles","potentialAction":[{"@type":"SearchAction","target":{"@type":"EntryPoint","urlTemplate":"https:\/\/www.etto.cz\/?s={search_term_string}"},"query-input":{"@type":"PropertyValueSpecification","valueRequired":true,"valueName":"search_term_string"}}],"inLanguage":"hu"}]}},"_links":{"self":[{"href":"https:\/\/www.etto.cz\/hu\/wp-json\/wp\/v2\/pages\/5751","targetHints":{"allow":["GET"]}}],"collection":[{"href":"https:\/\/www.etto.cz\/hu\/wp-json\/wp\/v2\/pages"}],"about":[{"href":"https:\/\/www.etto.cz\/hu\/wp-json\/wp\/v2\/types\/page"}],"author":[{"embeddable":true,"href":"https:\/\/www.etto.cz\/hu\/wp-json\/wp\/v2\/users\/1"}],"replies":[{"embeddable":true,"href":"https:\/\/www.etto.cz\/hu\/wp-json\/wp\/v2\/comments?post=5751"}],"version-history":[{"count":1,"href":"https:\/\/www.etto.cz\/hu\/wp-json\/wp\/v2\/pages\/5751\/revisions"}],"predecessor-version":[{"id":5898,"href":"https:\/\/www.etto.cz\/hu\/wp-json\/wp\/v2\/pages\/5751\/revisions\/5898"}],"wp:attachment":[{"href":"https:\/\/www.etto.cz\/hu\/wp-json\/wp\/v2\/media?parent=5751"}],"curies":[{"name":"wp","href":"https:\/\/api.w.org\/{rel}","templated":true}]}}