{"id":5753,"date":"2018-03-14T15:14:44","date_gmt":"2018-03-14T14:14:44","guid":{"rendered":"https:\/\/www.etto.cz\/about-us\/"},"modified":"2026-02-25T12:24:10","modified_gmt":"2026-02-25T11:24:10","slug":"rolunk","status":"publish","type":"page","link":"https:\/\/www.etto.cz\/hu\/rolunk\/","title":{"rendered":"R\u00f3lunk"},"content":{"rendered":"<h2>Elektromos f\u0171t\u0151elemeket tervez\u00fcnk \u00e9s gy\u00e1rtunk. Els\u0151 oszt\u00e1ly\u00fa alapanyagok, modern technol\u00f3gia, emberi szaktud\u00e1s&#8230; Egyszer\u0171, bev\u00e1lt, hasznos&#8230; Ez az, ami \u00e9ltet minket!<\/h2>\n<p><img loading=\"lazy\" decoding=\"async\" class=\"alignnone wp-image-421 size-full\" src=\"https:\/\/www.etto.cz\/wp-content\/uploads\/2015\/05\/untitled-2.jpg\" alt=\"Untitled-2\" width=\"840\" height=\"445\" srcset=\"https:\/\/www.etto.cz\/wp-content\/uploads\/2015\/05\/untitled-2.jpg 840w, https:\/\/www.etto.cz\/wp-content\/uploads\/2015\/05\/untitled-2-300x159.jpg 300w, https:\/\/www.etto.cz\/wp-content\/uploads\/2015\/05\/untitled-2-153x81.jpg 153w, https:\/\/www.etto.cz\/wp-content\/uploads\/2015\/05\/untitled-2-253x134.jpg 253w\" sizes=\"auto, (max-width: 840px) 100vw, 840px\" \/><\/p>\n<p style=\"text-align: justify;\">&nbsp; &nbsp; &nbsp; &nbsp;Az ELEKTRON-ETTO c\u00e9get 1992-ben alap\u00edtotta Ladislav Drda \u00far. A v\u00e1llalat m\u00e1r alap\u00edt\u00e1sa \u00f3ta ellen\u00e1ll\u00e1s-f\u0171t\u0151testek gy\u00e1rt\u00e1s\u00e1val foglalkozik. Drda \u00far v\u00e1llalkoz\u00f3i tev\u00e9kenys\u00e9g\u00e9t saj\u00e1t csal\u00e1di h\u00e1z\u00e1nak gar\u00e1zs\u00e1ban kezdte, kezdetben egyed\u00fcl, majd egy alkalmazottal. 1996-ban megv\u00e1s\u00e1rolta az \u00f6nkorm\u00e1nyzatt\u00f3l a r\u00e9gi mozi \u00e9p\u00fclet\u00e9t, amelyet ellen\u00e1ll\u00e1s-f\u0171t\u0151testek gy\u00e1rt\u00e1s\u00e1ra alkalmas \u00fczemm\u00e9 alak\u00edtott \u00e1t. 2003-ban a c\u00e9g korl\u00e1tolt felel\u0151ss\u00e9g\u0171 t\u00e1rsas\u00e1gg\u00e1 alakult ELEKTRON-ETTO s.r.o. n\u00e9ven. A n\u00f6vekv\u0151 termel\u00e9si ig\u00e9nyek miatt 2005 \u00e9s 2006 k\u00f6z\u00f6tt \u00faj gy\u00e1rt\u00f3csarnokkal b\u0151v\u00fclt a telephely. 2009 \u00e9s 2014 k\u00f6z\u00f6tt a teljes r\u00e9gi gy\u00e1rt\u00f3r\u00e9szleget fel\u00faj\u00edtott\u00e1k, \u00e9s modern, \u00faj gy\u00e1rt\u00e1si technol\u00f3gi\u00e1val szerelt\u00e9k fel.<\/p>\n<p style=\"text-align: justify;\"><span style=\"text-decoration: underline;\">Gy\u00e1rt\u00e1si programunk k\u00edn\u00e1lata:<\/span><\/p>\n<div class='content-column one_half'><ul>\n<li style=\"list-style-type: none;\">\n<ul>\n<li style=\"text-align: justify;\">Cs\u0151f\u0171t\u0151testek ipari \u00e9s h\u00e1ztart\u00e1si haszn\u00e1latra, folyad\u00e9kok, leveg\u0151 \u00e9s g\u00e1zok meleg\u00edt\u00e9s\u00e9hez, kontakt f\u0171t\u00e9shez, valamint folyad\u00e9kok k\u00f6zvetett meleg\u00edt\u00e9s\u00e9hez.<\/li>\n<li>Ker\u00e1mia f\u0171t\u0151elemek k\u00f6zvetett f\u0171t\u00e9shez \u00e9s infraf\u0171t\u00e9shez.<\/li>\n<li>Nagy \u00e9s alacsony terhel\u00e9s\u0171 f\u0171t\u0151patronok a m\u0171anyag- \u00e9s vegyipar sz\u00e1m\u00e1ra.<\/li>\n<li>F\u0171t\u0151szalagok \u00e9s f\u0171t\u0151mandzsett\u00e1k a vegy- \u00e9s m\u0171anyagipar sz\u00e1m\u00e1ra.<\/li>\n<li>Ker\u00e1mia f\u0171t\u0151szalagok a vegy- \u00e9s m\u0171anyagipar sz\u00e1m\u00e1ra.<\/li>\n<\/ul>\n<\/li>\n<\/ul><\/div>\n<div class='content-column one_half last_column'><ul>\n<li style=\"list-style-type: none;\">\n<ul>\n<li style=\"text-align: justify;\">H\u0151\u00e9rz\u00e9kel\u0151k \u2013 h\u0151elemek a h\u0151szab\u00e1lyoz\u00e1shoz<\/li>\n<li>F\u0171t\u0151elemek, biztos\u00edt\u00e9kok \u00e9s alkatr\u00e9szek vas\u00fati felhaszn\u00e1l\u00e1sra<\/li>\n<li>Munkav\u00e9delmi \u00e9s sportcip\u0151-sz\u00e1r\u00edt\u00f3k<\/li>\n<li>Ipari ellen\u00e1ll\u00e1s-f\u0171t\u00e9si rendszerek tervez\u00e9se \u00e9s kivitelez\u00e9se<\/li>\n<li>Technical consultation in the area of heating liquids, gas, and solid substances<\/li>\n<\/ul>\n<\/li>\n<\/ul><\/div><div class='clear_column'><\/div>\n<p style=\"text-align: justify;\">Sz\u00fcks\u00e9g eset\u00e9n forduljon hozz\u00e1nk bizalommal telefonon vagy \u00edr\u00e1sban! \u00d6r\u00f6mmel adunk tan\u00e1csot, \u00e9s seg\u00edt\u00fcnk megtal\u00e1lni a megfelel\u0151 megold\u00e1st b\u00e1rmilyen t\u00edpus\u00fa anyag meleg\u00edt\u00e9s\u00e9hez.<\/p>\n","protected":false},"excerpt":{"rendered":"<p>Elektromos f\u0171t\u0151elemeket tervez\u00fcnk \u00e9s gy\u00e1rtunk. Els\u0151 oszt\u00e1ly\u00fa alapanyagok, modern technol\u00f3gia, emberi szaktud\u00e1s&#8230; Egyszer\u0171, bev\u00e1lt, hasznos&#8230; Ez az, ami \u00e9ltet minket! &nbsp; &nbsp; &nbsp; &nbsp;Az ELEKTRON-ETTO &#8230;<\/p>\n","protected":false},"author":1,"featured_media":0,"parent":0,"menu_order":0,"comment_status":"closed","ping_status":"open","template":"_page-full.php","meta":{"_acf_changed":false,"ngg_post_thumbnail":0,"footnotes":"","_links_to":"","_links_to_target":""},"class_list":["post-5753","page","type-page","status-publish","hentry"],"acf":[],"yoast_head":"<!-- This site is optimized with the Yoast SEO plugin v27.3 - https:\/\/yoast.com\/product\/yoast-seo-wordpress\/ -->\n<title>R\u00f3lunk \u2013 az ELEKTRON-ETTO bemutat\u00e1sa | ELEKTRON-ETTO<\/title>\n<meta name=\"description\" content=\"Ismerje meg az ELEKTRON-ETTO-t \u2013 ipari ellen\u00e1ll\u00e1s-f\u0171t\u0151testek cseh gy\u00e1rt\u00f3j\u00e1t. T\u00f6bb \u00e9vtizedes tapasztalat az egyedi f\u0171t\u0151elemek gy\u00e1rt\u00e1s\u00e1ban.\" \/>\n<meta name=\"robots\" content=\"index, follow, max-snippet:-1, max-image-preview:large, max-video-preview:-1\" \/>\n<link rel=\"canonical\" href=\"https:\/\/www.etto.cz\/hu\/rolunk\/\" \/>\n<meta property=\"og:locale\" content=\"hu_HU\" \/>\n<meta property=\"og:type\" content=\"article\" \/>\n<meta property=\"og:title\" content=\"R\u00f3lunk \u2013 az ELEKTRON-ETTO bemutat\u00e1sa | ELEKTRON-ETTO\" \/>\n<meta property=\"og:description\" content=\"Ismerje meg az ELEKTRON-ETTO-t \u2013 ipari ellen\u00e1ll\u00e1s-f\u0171t\u0151testek cseh gy\u00e1rt\u00f3j\u00e1t. T\u00f6bb \u00e9vtizedes tapasztalat az egyedi f\u0171t\u0151elemek gy\u00e1rt\u00e1s\u00e1ban.\" \/>\n<meta property=\"og:url\" content=\"https:\/\/www.etto.cz\/hu\/rolunk\/\" \/>\n<meta property=\"og:site_name\" content=\"ETTO\" \/>\n<meta property=\"article:modified_time\" content=\"2026-02-25T11:24:10+00:00\" \/>\n<meta property=\"og:image\" content=\"https:\/\/www.etto.cz\/wp-content\/uploads\/2015\/05\/untitled-2.jpg\" \/>\n\t<meta property=\"og:image:width\" content=\"840\" \/>\n\t<meta property=\"og:image:height\" content=\"445\" \/>\n\t<meta property=\"og:image:type\" content=\"image\/jpeg\" \/>\n<meta name=\"twitter:card\" content=\"summary_large_image\" \/>\n<meta name=\"twitter:label1\" content=\"Becs\u00fclt olvas\u00e1si id\u0151\" \/>\n\t<meta name=\"twitter:data1\" content=\"2 perc\" \/>\n<script type=\"application\/ld+json\" class=\"yoast-schema-graph\">{\"@context\":\"https:\\\/\\\/schema.org\",\"@graph\":[{\"@type\":\"WebPage\",\"@id\":\"https:\\\/\\\/www.etto.cz\\\/o-spolecnosti\\\/\",\"url\":\"https:\\\/\\\/www.etto.cz\\\/o-spolecnosti\\\/\",\"name\":\"R\u00f3lunk \u2013 az ELEKTRON-ETTO bemutat\u00e1sa | ELEKTRON-ETTO\",\"isPartOf\":{\"@id\":\"https:\\\/\\\/www.etto.cz\\\/#website\"},\"primaryImageOfPage\":{\"@id\":\"https:\\\/\\\/www.etto.cz\\\/o-spolecnosti\\\/#primaryimage\"},\"image\":{\"@id\":\"https:\\\/\\\/www.etto.cz\\\/o-spolecnosti\\\/#primaryimage\"},\"thumbnailUrl\":\"https:\\\/\\\/www.etto.cz\\\/wp-content\\\/uploads\\\/2015\\\/05\\\/untitled-2.jpg\",\"datePublished\":\"2018-03-14T14:14:44+00:00\",\"dateModified\":\"2026-02-25T11:24:10+00:00\",\"description\":\"Ismerje meg az ELEKTRON-ETTO-t \u2013 ipari ellen\u00e1ll\u00e1s-f\u0171t\u0151testek cseh gy\u00e1rt\u00f3j\u00e1t. T\u00f6bb \u00e9vtizedes tapasztalat az egyedi f\u0171t\u0151elemek gy\u00e1rt\u00e1s\u00e1ban.\",\"breadcrumb\":{\"@id\":\"https:\\\/\\\/www.etto.cz\\\/o-spolecnosti\\\/#breadcrumb\"},\"inLanguage\":\"hu\",\"potentialAction\":[{\"@type\":\"ReadAction\",\"target\":[\"https:\\\/\\\/www.etto.cz\\\/o-spolecnosti\\\/\"]}]},{\"@type\":\"ImageObject\",\"inLanguage\":\"hu\",\"@id\":\"https:\\\/\\\/www.etto.cz\\\/o-spolecnosti\\\/#primaryimage\",\"url\":\"https:\\\/\\\/www.etto.cz\\\/wp-content\\\/uploads\\\/2015\\\/05\\\/untitled-2.jpg\",\"contentUrl\":\"https:\\\/\\\/www.etto.cz\\\/wp-content\\\/uploads\\\/2015\\\/05\\\/untitled-2.jpg\"},{\"@type\":\"BreadcrumbList\",\"@id\":\"https:\\\/\\\/www.etto.cz\\\/o-spolecnosti\\\/#breadcrumb\",\"itemListElement\":[{\"@type\":\"ListItem\",\"position\":1,\"name\":\"Dom\u016f\",\"item\":\"https:\\\/\\\/www.etto.cz\\\/\"},{\"@type\":\"ListItem\",\"position\":2,\"name\":\"R\u00f3lunk\"}]},{\"@type\":\"WebSite\",\"@id\":\"https:\\\/\\\/www.etto.cz\\\/#website\",\"url\":\"https:\\\/\\\/www.etto.cz\\\/\",\"name\":\"ETTO\",\"description\":\"V\u00fdroba elektrick\u00fdch topn\u00fdch t\u011bles\",\"potentialAction\":[{\"@type\":\"SearchAction\",\"target\":{\"@type\":\"EntryPoint\",\"urlTemplate\":\"https:\\\/\\\/www.etto.cz\\\/?s={search_term_string}\"},\"query-input\":{\"@type\":\"PropertyValueSpecification\",\"valueRequired\":true,\"valueName\":\"search_term_string\"}}],\"inLanguage\":\"hu\"}]}<\/script>\n<!-- \/ Yoast SEO plugin. -->","yoast_head_json":{"title":"R\u00f3lunk \u2013 az ELEKTRON-ETTO bemutat\u00e1sa | ELEKTRON-ETTO","description":"Ismerje meg az ELEKTRON-ETTO-t \u2013 ipari ellen\u00e1ll\u00e1s-f\u0171t\u0151testek cseh gy\u00e1rt\u00f3j\u00e1t. T\u00f6bb \u00e9vtizedes tapasztalat az egyedi f\u0171t\u0151elemek gy\u00e1rt\u00e1s\u00e1ban.","robots":{"index":"index","follow":"follow","max-snippet":"max-snippet:-1","max-image-preview":"max-image-preview:large","max-video-preview":"max-video-preview:-1"},"canonical":"https:\/\/www.etto.cz\/hu\/rolunk\/","og_locale":"hu_HU","og_type":"article","og_title":"R\u00f3lunk \u2013 az ELEKTRON-ETTO bemutat\u00e1sa | ELEKTRON-ETTO","og_description":"Ismerje meg az ELEKTRON-ETTO-t \u2013 ipari ellen\u00e1ll\u00e1s-f\u0171t\u0151testek cseh gy\u00e1rt\u00f3j\u00e1t. T\u00f6bb \u00e9vtizedes tapasztalat az egyedi f\u0171t\u0151elemek gy\u00e1rt\u00e1s\u00e1ban.","og_url":"https:\/\/www.etto.cz\/hu\/rolunk\/","og_site_name":"ETTO","article_modified_time":"2026-02-25T11:24:10+00:00","og_image":[{"width":840,"height":445,"url":"https:\/\/www.etto.cz\/wp-content\/uploads\/2015\/05\/untitled-2.jpg","type":"image\/jpeg"}],"twitter_card":"summary_large_image","twitter_misc":{"Becs\u00fclt olvas\u00e1si id\u0151":"2 perc"},"schema":{"@context":"https:\/\/schema.org","@graph":[{"@type":"WebPage","@id":"https:\/\/www.etto.cz\/o-spolecnosti\/","url":"https:\/\/www.etto.cz\/o-spolecnosti\/","name":"R\u00f3lunk \u2013 az ELEKTRON-ETTO bemutat\u00e1sa | ELEKTRON-ETTO","isPartOf":{"@id":"https:\/\/www.etto.cz\/#website"},"primaryImageOfPage":{"@id":"https:\/\/www.etto.cz\/o-spolecnosti\/#primaryimage"},"image":{"@id":"https:\/\/www.etto.cz\/o-spolecnosti\/#primaryimage"},"thumbnailUrl":"https:\/\/www.etto.cz\/wp-content\/uploads\/2015\/05\/untitled-2.jpg","datePublished":"2018-03-14T14:14:44+00:00","dateModified":"2026-02-25T11:24:10+00:00","description":"Ismerje meg az ELEKTRON-ETTO-t \u2013 ipari ellen\u00e1ll\u00e1s-f\u0171t\u0151testek cseh gy\u00e1rt\u00f3j\u00e1t. T\u00f6bb \u00e9vtizedes tapasztalat az egyedi f\u0171t\u0151elemek gy\u00e1rt\u00e1s\u00e1ban.","breadcrumb":{"@id":"https:\/\/www.etto.cz\/o-spolecnosti\/#breadcrumb"},"inLanguage":"hu","potentialAction":[{"@type":"ReadAction","target":["https:\/\/www.etto.cz\/o-spolecnosti\/"]}]},{"@type":"ImageObject","inLanguage":"hu","@id":"https:\/\/www.etto.cz\/o-spolecnosti\/#primaryimage","url":"https:\/\/www.etto.cz\/wp-content\/uploads\/2015\/05\/untitled-2.jpg","contentUrl":"https:\/\/www.etto.cz\/wp-content\/uploads\/2015\/05\/untitled-2.jpg"},{"@type":"BreadcrumbList","@id":"https:\/\/www.etto.cz\/o-spolecnosti\/#breadcrumb","itemListElement":[{"@type":"ListItem","position":1,"name":"Dom\u016f","item":"https:\/\/www.etto.cz\/"},{"@type":"ListItem","position":2,"name":"R\u00f3lunk"}]},{"@type":"WebSite","@id":"https:\/\/www.etto.cz\/#website","url":"https:\/\/www.etto.cz\/","name":"ETTO","description":"V\u00fdroba elektrick\u00fdch topn\u00fdch t\u011bles","potentialAction":[{"@type":"SearchAction","target":{"@type":"EntryPoint","urlTemplate":"https:\/\/www.etto.cz\/?s={search_term_string}"},"query-input":{"@type":"PropertyValueSpecification","valueRequired":true,"valueName":"search_term_string"}}],"inLanguage":"hu"}]}},"_links":{"self":[{"href":"https:\/\/www.etto.cz\/hu\/wp-json\/wp\/v2\/pages\/5753","targetHints":{"allow":["GET"]}}],"collection":[{"href":"https:\/\/www.etto.cz\/hu\/wp-json\/wp\/v2\/pages"}],"about":[{"href":"https:\/\/www.etto.cz\/hu\/wp-json\/wp\/v2\/types\/page"}],"author":[{"embeddable":true,"href":"https:\/\/www.etto.cz\/hu\/wp-json\/wp\/v2\/users\/1"}],"replies":[{"embeddable":true,"href":"https:\/\/www.etto.cz\/hu\/wp-json\/wp\/v2\/comments?post=5753"}],"version-history":[{"count":4,"href":"https:\/\/www.etto.cz\/hu\/wp-json\/wp\/v2\/pages\/5753\/revisions"}],"predecessor-version":[{"id":6078,"href":"https:\/\/www.etto.cz\/hu\/wp-json\/wp\/v2\/pages\/5753\/revisions\/6078"}],"wp:attachment":[{"href":"https:\/\/www.etto.cz\/hu\/wp-json\/wp\/v2\/media?parent=5753"}],"curies":[{"name":"wp","href":"https:\/\/api.w.org\/{rel}","templated":true}]}}