{"id":5755,"date":"2018-03-14T15:14:00","date_gmt":"2018-03-14T14:14:00","guid":{"rendered":"https:\/\/www.etto.cz\/design-and-production-of-heating-bodies\/"},"modified":"2026-02-24T16:23:39","modified_gmt":"2026-02-24T15:23:39","slug":"futoelemek-tervezese-es-gyartasa","status":"publish","type":"page","link":"https:\/\/www.etto.cz\/hu\/kapcsolat\/futoelemek-tervezese-es-gyartasa\/","title":{"rendered":"F\u0171t\u0151elemek tervez\u00e9se \u00e9s gy\u00e1rt\u00e1sa"},"content":{"rendered":"<p>Az \u00d6n forr\u00e1sdokumentumai, rajzdokument\u00e1ci\u00f3ja \u00e9s egy nem m\u0171k\u00f6d\u0151 minta sz\u00e1ll\u00edt\u00e1sa alapj\u00e1n kulcsrak\u00e9sz f\u0171t\u0151elemeket tervez\u00fcnk \u00e9s gy\u00e1rtunk \u00d6nnek. Kapcsolatba l\u00e9phet vel\u00fcnk a webes \u0171rlapon, <a href=\"mailto:p.jankovych@etto.cz\">e-mailben<\/a> \u00e9s\/vagy <strong>a +420 581 626 366 telefonsz\u00e1mon<\/strong>.<\/p>\n<h2>Kapcsolatfelv\u00e9teli \u0171rlap<\/h2>\n\n<div class=\"wpcf7 no-js\" id=\"wpcf7-f5052-o1\" lang=\"\" dir=\"ltr\" data-wpcf7-id=\"5052\">\n<div class=\"screen-reader-response\"><p role=\"status\" aria-live=\"polite\" aria-atomic=\"true\"><\/p> <ul><\/ul><\/div>\n<form action=\"\/hu\/wp-json\/wp\/v2\/pages\/5755#wpcf7-f5052-o1\" method=\"post\" class=\"wpcf7-form init\" aria-label=\"Kapcsolatfelv\u00e9teli \u0171rlap\" novalidate=\"novalidate\" data-status=\"init\">\n<fieldset class=\"hidden-fields-container\"><input type=\"hidden\" name=\"_wpcf7\" value=\"5052\" \/><input type=\"hidden\" name=\"_wpcf7_version\" value=\"6.1.5\" \/><input type=\"hidden\" name=\"_wpcf7_locale\" value=\"\" \/><input type=\"hidden\" name=\"_wpcf7_unit_tag\" value=\"wpcf7-f5052-o1\" \/><input type=\"hidden\" name=\"_wpcf7_container_post\" value=\"0\" \/><input type=\"hidden\" name=\"_wpcf7_posted_data_hash\" value=\"\" \/><input type=\"hidden\" name=\"_wpcf7_recaptcha_response\" value=\"\" \/>\n<\/fieldset>\n<p><label> Your name<br \/>\n<span class=\"wpcf7-form-control-wrap\" data-name=\"your-name\"><input size=\"40\" maxlength=\"400\" class=\"wpcf7-form-control wpcf7-text wpcf7-validates-as-required\" aria-required=\"true\" aria-invalid=\"false\" value=\"\" type=\"text\" name=\"your-name\" \/><\/span> <\/label>\n<\/p>\n<p><label> Your e-mail<br \/>\n<span class=\"wpcf7-form-control-wrap\" data-name=\"your-email\"><input size=\"40\" maxlength=\"400\" class=\"wpcf7-form-control wpcf7-email wpcf7-validates-as-required wpcf7-text wpcf7-validates-as-email\" aria-required=\"true\" aria-invalid=\"false\" value=\"\" type=\"email\" name=\"your-email\" \/><\/span> <\/label>\n<\/p>\n<p><label> Phone number<br \/>\n<span class=\"wpcf7-form-control-wrap\" data-name=\"tel-521\"><input size=\"40\" maxlength=\"400\" class=\"wpcf7-form-control wpcf7-tel wpcf7-validates-as-required wpcf7-text wpcf7-validates-as-tel\" aria-required=\"true\" aria-invalid=\"false\" value=\"\" type=\"tel\" name=\"tel-521\" \/><\/span> <\/label>\n<\/p>\n<p><label> Subject<br \/>\n<span class=\"wpcf7-form-control-wrap\" data-name=\"your-subject\"><input size=\"40\" maxlength=\"400\" class=\"wpcf7-form-control wpcf7-text wpcf7-validates-as-required\" aria-required=\"true\" aria-invalid=\"false\" value=\"\" type=\"text\" name=\"your-subject\" \/><\/span> <\/label>\n<\/p>\n<p><label> Your message<br \/>\n<span class=\"wpcf7-form-control-wrap\" data-name=\"your-message\"><textarea cols=\"40\" rows=\"10\" maxlength=\"2000\" class=\"wpcf7-form-control wpcf7-textarea\" aria-invalid=\"false\" name=\"your-message\"><\/textarea><\/span> <\/label>\n<\/p>\n<span class=\"wpcf7-form-control-wrap recaptcha\" data-name=\"recaptcha\"><span data-sitekey=\"6LclDDoeAAAAAJyoSQ1NWCMMgJXjoHqr3Vat8dqf\" class=\"wpcf7-form-control wpcf7-recaptcha g-recaptcha\"><\/span>\r\n<noscript>\r\n\t<div class=\"grecaptcha-noscript\">\r\n\t\t<iframe loading=\"lazy\" src=\"https:\/\/www.google.com\/recaptcha\/api\/fallback?k=6LclDDoeAAAAAJyoSQ1NWCMMgJXjoHqr3Vat8dqf\" frameborder=\"0\" scrolling=\"no\" width=\"310\" height=\"430\">\r\n\t\t<\/iframe>\r\n\t\t<textarea name=\"g-recaptcha-response\" rows=\"3\" cols=\"40\" placeholder=\"reCaptcha Response Here\">\r\n\t\t<\/textarea>\r\n\t<\/div>\r\n<\/noscript>\r\n<\/span>\n<p><input class=\"wpcf7-form-control wpcf7-submit has-spinner\" type=\"submit\" value=\"Odeslat\" \/>\n<\/p><div class=\"wpcf7-response-output\" aria-hidden=\"true\"><\/div>\n<\/form>\n<\/div>\n\n","protected":false},"excerpt":{"rendered":"<p>Az \u00d6n forr\u00e1sdokumentumai, rajzdokument\u00e1ci\u00f3ja \u00e9s egy nem m\u0171k\u00f6d\u0151 minta sz\u00e1ll\u00edt\u00e1sa alapj\u00e1n kulcsrak\u00e9sz f\u0171t\u0151elemeket tervez\u00fcnk \u00e9s gy\u00e1rtunk \u00d6nnek. Kapcsolatba l\u00e9phet vel\u00fcnk a webes \u0171rlapon, e-mailben \u00e9s\/vagy &#8230;<\/p>\n","protected":false},"author":1,"featured_media":0,"parent":5756,"menu_order":0,"comment_status":"open","ping_status":"open","template":"_page-menu.php","meta":{"_acf_changed":false,"ngg_post_thumbnail":0,"footnotes":"","_links_to":"","_links_to_target":""},"class_list":["post-5755","page","type-page","status-publish","hentry"],"acf":[],"yoast_head":"<!-- This site is optimized with the Yoast SEO plugin v27.5 - https:\/\/yoast.com\/product\/yoast-seo-wordpress\/ -->\n<title>F\u0171t\u0151elemek tervez\u00e9se \u00e9s egyedi gy\u00e1rt\u00e1sa | ELEKTRON-ETTO<\/title>\n<meta name=\"description\" content=\"Ipari ellen\u00e1ll\u00e1s-f\u0171t\u0151testek egyedi tervez\u00e9se \u00e9s gy\u00e1rt\u00e1sa. T\u00f6bb \u00e9vtizedes tapasztalat f\u0171t\u0151patronok \u00e9s cs\u0151f\u0171t\u0151testek fejleszt\u00e9s\u00e9ben.\" \/>\n<meta name=\"robots\" content=\"index, follow, max-snippet:-1, max-image-preview:large, max-video-preview:-1\" \/>\n<link rel=\"canonical\" href=\"https:\/\/www.etto.cz\/hu\/kapcsolat\/futoelemek-tervezese-es-gyartasa\/\" \/>\n<meta property=\"og:locale\" content=\"hu_HU\" \/>\n<meta property=\"og:type\" content=\"article\" \/>\n<meta property=\"og:title\" content=\"F\u0171t\u0151elemek tervez\u00e9se \u00e9s egyedi gy\u00e1rt\u00e1sa | ELEKTRON-ETTO\" \/>\n<meta property=\"og:description\" content=\"Ipari ellen\u00e1ll\u00e1s-f\u0171t\u0151testek egyedi tervez\u00e9se \u00e9s gy\u00e1rt\u00e1sa. T\u00f6bb \u00e9vtizedes tapasztalat f\u0171t\u0151patronok \u00e9s cs\u0151f\u0171t\u0151testek fejleszt\u00e9s\u00e9ben.\" \/>\n<meta property=\"og:url\" content=\"https:\/\/www.etto.cz\/hu\/kapcsolat\/futoelemek-tervezese-es-gyartasa\/\" \/>\n<meta property=\"og:site_name\" content=\"ETTO\" \/>\n<meta property=\"article:modified_time\" content=\"2026-02-24T15:23:39+00:00\" \/>\n<meta property=\"og:image\" content=\"https:\/\/www.etto.cz\/hu\/wp-content\/gallery\/prumyslova-telesa\/teleso-kotel.jpg\" \/>\n<meta name=\"twitter:card\" content=\"summary_large_image\" \/>\n<meta name=\"twitter:label1\" content=\"Becs\u00fclt olvas\u00e1si id\u0151\" \/>\n\t<meta name=\"twitter:data1\" content=\"1 perc\" \/>\n<script type=\"application\/ld+json\" class=\"yoast-schema-graph\">{\"@context\":\"https:\\\/\\\/schema.org\",\"@graph\":[{\"@type\":\"WebPage\",\"@id\":\"https:\\\/\\\/www.etto.cz\\\/kontakt\\\/vyroba-topnych-teles\\\/\",\"url\":\"https:\\\/\\\/www.etto.cz\\\/kontakt\\\/vyroba-topnych-teles\\\/\",\"name\":\"F\u0171t\u0151elemek tervez\u00e9se \u00e9s egyedi gy\u00e1rt\u00e1sa | ELEKTRON-ETTO\",\"isPartOf\":{\"@id\":\"https:\\\/\\\/www.etto.cz\\\/#website\"},\"datePublished\":\"2018-03-14T14:14:00+00:00\",\"dateModified\":\"2026-02-24T15:23:39+00:00\",\"description\":\"Ipari ellen\u00e1ll\u00e1s-f\u0171t\u0151testek egyedi tervez\u00e9se \u00e9s gy\u00e1rt\u00e1sa. T\u00f6bb \u00e9vtizedes tapasztalat f\u0171t\u0151patronok \u00e9s cs\u0151f\u0171t\u0151testek fejleszt\u00e9s\u00e9ben.\",\"breadcrumb\":{\"@id\":\"https:\\\/\\\/www.etto.cz\\\/kontakt\\\/vyroba-topnych-teles\\\/#breadcrumb\"},\"inLanguage\":\"hu\",\"potentialAction\":[{\"@type\":\"ReadAction\",\"target\":[\"https:\\\/\\\/www.etto.cz\\\/kontakt\\\/vyroba-topnych-teles\\\/\"]}]},{\"@type\":\"BreadcrumbList\",\"@id\":\"https:\\\/\\\/www.etto.cz\\\/kontakt\\\/vyroba-topnych-teles\\\/#breadcrumb\",\"itemListElement\":[{\"@type\":\"ListItem\",\"position\":1,\"name\":\"Dom\u016f\",\"item\":\"https:\\\/\\\/www.etto.cz\\\/\"},{\"@type\":\"ListItem\",\"position\":2,\"name\":\"Kapcsolat\",\"item\":\"https:\\\/\\\/www.etto.cz\\\/kontakt\\\/\"},{\"@type\":\"ListItem\",\"position\":3,\"name\":\"F\u0171t\u0151elemek tervez\u00e9se \u00e9s gy\u00e1rt\u00e1sa\"}]},{\"@type\":\"WebSite\",\"@id\":\"https:\\\/\\\/www.etto.cz\\\/#website\",\"url\":\"https:\\\/\\\/www.etto.cz\\\/\",\"name\":\"ETTO\",\"description\":\"V\u00fdroba elektrick\u00fdch topn\u00fdch t\u011bles\",\"potentialAction\":[{\"@type\":\"SearchAction\",\"target\":{\"@type\":\"EntryPoint\",\"urlTemplate\":\"https:\\\/\\\/www.etto.cz\\\/?s={search_term_string}\"},\"query-input\":{\"@type\":\"PropertyValueSpecification\",\"valueRequired\":true,\"valueName\":\"search_term_string\"}}],\"inLanguage\":\"hu\"}]}<\/script>\n<!-- \/ Yoast SEO plugin. -->","yoast_head_json":{"title":"F\u0171t\u0151elemek tervez\u00e9se \u00e9s egyedi gy\u00e1rt\u00e1sa | ELEKTRON-ETTO","description":"Ipari ellen\u00e1ll\u00e1s-f\u0171t\u0151testek egyedi tervez\u00e9se \u00e9s gy\u00e1rt\u00e1sa. T\u00f6bb \u00e9vtizedes tapasztalat f\u0171t\u0151patronok \u00e9s cs\u0151f\u0171t\u0151testek fejleszt\u00e9s\u00e9ben.","robots":{"index":"index","follow":"follow","max-snippet":"max-snippet:-1","max-image-preview":"max-image-preview:large","max-video-preview":"max-video-preview:-1"},"canonical":"https:\/\/www.etto.cz\/hu\/kapcsolat\/futoelemek-tervezese-es-gyartasa\/","og_locale":"hu_HU","og_type":"article","og_title":"F\u0171t\u0151elemek tervez\u00e9se \u00e9s egyedi gy\u00e1rt\u00e1sa | ELEKTRON-ETTO","og_description":"Ipari ellen\u00e1ll\u00e1s-f\u0171t\u0151testek egyedi tervez\u00e9se \u00e9s gy\u00e1rt\u00e1sa. T\u00f6bb \u00e9vtizedes tapasztalat f\u0171t\u0151patronok \u00e9s cs\u0151f\u0171t\u0151testek fejleszt\u00e9s\u00e9ben.","og_url":"https:\/\/www.etto.cz\/hu\/kapcsolat\/futoelemek-tervezese-es-gyartasa\/","og_site_name":"ETTO","article_modified_time":"2026-02-24T15:23:39+00:00","og_image":[{"url":"https:\/\/www.etto.cz\/hu\/wp-content\/gallery\/prumyslova-telesa\/teleso-kotel.jpg","type":"","width":"","height":""}],"twitter_card":"summary_large_image","twitter_misc":{"Becs\u00fclt olvas\u00e1si id\u0151":"1 perc"},"schema":{"@context":"https:\/\/schema.org","@graph":[{"@type":"WebPage","@id":"https:\/\/www.etto.cz\/kontakt\/vyroba-topnych-teles\/","url":"https:\/\/www.etto.cz\/kontakt\/vyroba-topnych-teles\/","name":"F\u0171t\u0151elemek tervez\u00e9se \u00e9s egyedi gy\u00e1rt\u00e1sa | ELEKTRON-ETTO","isPartOf":{"@id":"https:\/\/www.etto.cz\/#website"},"datePublished":"2018-03-14T14:14:00+00:00","dateModified":"2026-02-24T15:23:39+00:00","description":"Ipari ellen\u00e1ll\u00e1s-f\u0171t\u0151testek egyedi tervez\u00e9se \u00e9s gy\u00e1rt\u00e1sa. T\u00f6bb \u00e9vtizedes tapasztalat f\u0171t\u0151patronok \u00e9s cs\u0151f\u0171t\u0151testek fejleszt\u00e9s\u00e9ben.","breadcrumb":{"@id":"https:\/\/www.etto.cz\/kontakt\/vyroba-topnych-teles\/#breadcrumb"},"inLanguage":"hu","potentialAction":[{"@type":"ReadAction","target":["https:\/\/www.etto.cz\/kontakt\/vyroba-topnych-teles\/"]}]},{"@type":"BreadcrumbList","@id":"https:\/\/www.etto.cz\/kontakt\/vyroba-topnych-teles\/#breadcrumb","itemListElement":[{"@type":"ListItem","position":1,"name":"Dom\u016f","item":"https:\/\/www.etto.cz\/"},{"@type":"ListItem","position":2,"name":"Kapcsolat","item":"https:\/\/www.etto.cz\/kontakt\/"},{"@type":"ListItem","position":3,"name":"F\u0171t\u0151elemek tervez\u00e9se \u00e9s gy\u00e1rt\u00e1sa"}]},{"@type":"WebSite","@id":"https:\/\/www.etto.cz\/#website","url":"https:\/\/www.etto.cz\/","name":"ETTO","description":"V\u00fdroba elektrick\u00fdch topn\u00fdch t\u011bles","potentialAction":[{"@type":"SearchAction","target":{"@type":"EntryPoint","urlTemplate":"https:\/\/www.etto.cz\/?s={search_term_string}"},"query-input":{"@type":"PropertyValueSpecification","valueRequired":true,"valueName":"search_term_string"}}],"inLanguage":"hu"}]}},"_links":{"self":[{"href":"https:\/\/www.etto.cz\/hu\/wp-json\/wp\/v2\/pages\/5755","targetHints":{"allow":["GET"]}}],"collection":[{"href":"https:\/\/www.etto.cz\/hu\/wp-json\/wp\/v2\/pages"}],"about":[{"href":"https:\/\/www.etto.cz\/hu\/wp-json\/wp\/v2\/types\/page"}],"author":[{"embeddable":true,"href":"https:\/\/www.etto.cz\/hu\/wp-json\/wp\/v2\/users\/1"}],"replies":[{"embeddable":true,"href":"https:\/\/www.etto.cz\/hu\/wp-json\/wp\/v2\/comments?post=5755"}],"version-history":[{"count":1,"href":"https:\/\/www.etto.cz\/hu\/wp-json\/wp\/v2\/pages\/5755\/revisions"}],"predecessor-version":[{"id":5905,"href":"https:\/\/www.etto.cz\/hu\/wp-json\/wp\/v2\/pages\/5755\/revisions\/5905"}],"up":[{"embeddable":true,"href":"https:\/\/www.etto.cz\/hu\/wp-json\/wp\/v2\/pages\/5756"}],"wp:attachment":[{"href":"https:\/\/www.etto.cz\/hu\/wp-json\/wp\/v2\/media?parent=5755"}],"curies":[{"name":"wp","href":"https:\/\/api.w.org\/{rel}","templated":true}]}}