{"id":5756,"date":"2018-03-14T15:13:47","date_gmt":"2018-03-14T14:13:47","guid":{"rendered":"https:\/\/www.etto.cz\/contact\/"},"modified":"2026-02-25T11:16:12","modified_gmt":"2026-02-25T10:16:12","slug":"kapcsolat","status":"publish","type":"page","link":"https:\/\/www.etto.cz\/hu\/kapcsolat\/","title":{"rendered":"Kapcsolat"},"content":{"rendered":"<div class='content-column one_fourth'><h3>ELEKTRON-ETTO, s.r.o<\/h3>\n<p>\u0160koln\u00ed 185<br>753 66 Hustope\u010de nad Be\u010dvou<br>The Czech Republic<\/p>\n<p><strong>Telefonsz\u00e1m:<\/strong> +420 581 626 366<br><strong>E-mail<\/strong>: <a href=\"mailto:info@etto.cz\" target=\"_blank\" rel=\"noopener\">info@etto.cz<\/a><\/p>\n<p><strong>ELEKTRON-ETTO, s.r.o.<\/strong><br>Ad\u00f3sz\u00e1m: 26906040<br>K\u00f6z\u00f6ss\u00e9gi ad\u00f3sz\u00e1m: CZ26906040<\/p>\n<h3>T\u00e9rk\u00e9p<\/h3>\n<p><iframe loading=\"lazy\" style=\"border: none;\" src=\"https:\/\/frame.mapy.cz\/s\/puvefebade\" width=\"450\" height=\"280\" frameborder=\"0\"><\/iframe><\/p>\n<p><a href=\"https:\/\/mapy.cz\/zakladni?planovani-trasy&amp;x=17.8682389&amp;y=49.5307299&amp;z=18&amp;rc=9oqnPxU7ff&amp;rs=&amp;rs=addr&amp;ri=&amp;ri=10136216&amp;mrp=&amp;mrp=%7B%22c%22%3A1%2C%22tt%22%3A1%7D&amp;rt=&amp;rt=\" target=\"_blank\" rel=\"noopener\">Tervezze meg \u00fatj\u00e1t hozz\u00e1nk.<\/a><\/p><\/div>\n<div class='content-column one_fourth'><p>&nbsp;<\/p><\/div>\n<div class='content-column one_half'><h3>Kapcsolati \u0171rlap<\/h3>\n\n<div class=\"wpcf7 no-js\" id=\"wpcf7-f5052-o1\" lang=\"\" dir=\"ltr\" data-wpcf7-id=\"5052\">\n<div class=\"screen-reader-response\"><p role=\"status\" aria-live=\"polite\" aria-atomic=\"true\"><\/p> <ul><\/ul><\/div>\n<form action=\"\/hu\/wp-json\/wp\/v2\/pages\/5756#wpcf7-f5052-o1\" method=\"post\" class=\"wpcf7-form init\" aria-label=\"Kapcsolatfelv\u00e9teli \u0171rlap\" novalidate=\"novalidate\" data-status=\"init\">\n<fieldset class=\"hidden-fields-container\"><input type=\"hidden\" name=\"_wpcf7\" value=\"5052\" \/><input type=\"hidden\" name=\"_wpcf7_version\" value=\"6.1.5\" \/><input type=\"hidden\" name=\"_wpcf7_locale\" value=\"\" \/><input type=\"hidden\" name=\"_wpcf7_unit_tag\" value=\"wpcf7-f5052-o1\" \/><input type=\"hidden\" name=\"_wpcf7_container_post\" value=\"0\" \/><input type=\"hidden\" name=\"_wpcf7_posted_data_hash\" value=\"\" \/><input type=\"hidden\" name=\"_wpcf7_recaptcha_response\" value=\"\" \/>\n<\/fieldset>\n<p><label> Your name<br \/>\n<span class=\"wpcf7-form-control-wrap\" data-name=\"your-name\"><input size=\"40\" maxlength=\"400\" class=\"wpcf7-form-control wpcf7-text wpcf7-validates-as-required\" aria-required=\"true\" aria-invalid=\"false\" value=\"\" type=\"text\" name=\"your-name\" \/><\/span> <\/label>\n<\/p>\n<p><label> Your e-mail<br \/>\n<span class=\"wpcf7-form-control-wrap\" data-name=\"your-email\"><input size=\"40\" maxlength=\"400\" class=\"wpcf7-form-control wpcf7-email wpcf7-validates-as-required wpcf7-text wpcf7-validates-as-email\" aria-required=\"true\" aria-invalid=\"false\" value=\"\" type=\"email\" name=\"your-email\" \/><\/span> <\/label>\n<\/p>\n<p><label> Phone number<br \/>\n<span class=\"wpcf7-form-control-wrap\" data-name=\"tel-521\"><input size=\"40\" maxlength=\"400\" class=\"wpcf7-form-control wpcf7-tel wpcf7-validates-as-required wpcf7-text wpcf7-validates-as-tel\" aria-required=\"true\" aria-invalid=\"false\" value=\"\" type=\"tel\" name=\"tel-521\" \/><\/span> <\/label>\n<\/p>\n<p><label> Subject<br \/>\n<span class=\"wpcf7-form-control-wrap\" data-name=\"your-subject\"><input size=\"40\" maxlength=\"400\" class=\"wpcf7-form-control wpcf7-text wpcf7-validates-as-required\" aria-required=\"true\" aria-invalid=\"false\" value=\"\" type=\"text\" name=\"your-subject\" \/><\/span> <\/label>\n<\/p>\n<p><label> Your message<br \/>\n<span class=\"wpcf7-form-control-wrap\" data-name=\"your-message\"><textarea cols=\"40\" rows=\"10\" maxlength=\"2000\" class=\"wpcf7-form-control wpcf7-textarea\" aria-invalid=\"false\" name=\"your-message\"><\/textarea><\/span> <\/label>\n<\/p>\n<span class=\"wpcf7-form-control-wrap recaptcha\" data-name=\"recaptcha\"><span data-sitekey=\"6LclDDoeAAAAAJyoSQ1NWCMMgJXjoHqr3Vat8dqf\" class=\"wpcf7-form-control wpcf7-recaptcha g-recaptcha\"><\/span>\r\n<noscript>\r\n\t<div class=\"grecaptcha-noscript\">\r\n\t\t<iframe loading=\"lazy\" src=\"https:\/\/www.google.com\/recaptcha\/api\/fallback?k=6LclDDoeAAAAAJyoSQ1NWCMMgJXjoHqr3Vat8dqf\" frameborder=\"0\" scrolling=\"no\" width=\"310\" height=\"430\">\r\n\t\t<\/iframe>\r\n\t\t<textarea name=\"g-recaptcha-response\" rows=\"3\" cols=\"40\" placeholder=\"reCaptcha Response Here\">\r\n\t\t<\/textarea>\r\n\t<\/div>\r\n<\/noscript>\r\n<\/span>\n<p><input class=\"wpcf7-form-control wpcf7-submit has-spinner\" type=\"submit\" value=\"Odeslat\" \/>\n<\/p><div class=\"wpcf7-response-output\" aria-hidden=\"true\"><\/div>\n<\/form>\n<\/div>\n<\/div>\n\n\n<p><\/p>\n","protected":false},"excerpt":{"rendered":"","protected":false},"author":1,"featured_media":0,"parent":0,"menu_order":0,"comment_status":"open","ping_status":"open","template":"_page-full.php","meta":{"_acf_changed":false,"ngg_post_thumbnail":0,"footnotes":"","_links_to":"","_links_to_target":""},"class_list":["post-5756","page","type-page","status-publish","hentry"],"acf":[],"yoast_head":"<!-- This site is optimized with the Yoast SEO plugin v27.3 - https:\/\/yoast.com\/product\/yoast-seo-wordpress\/ -->\n<title>Kapcsolat | ELEKTRON-ETTO<\/title>\n<meta name=\"description\" content=\"L\u00e9pjen kapcsolatba az ELEKTRON-ETTO csapat\u00e1val! K\u00e9rjen \u00e1raj\u00e1nlatot egyedi f\u0171t\u0151elemek tervez\u00e9s\u00e9re \u00e9s gy\u00e1rt\u00e1s\u00e1ra.\" \/>\n<meta name=\"robots\" content=\"index, follow, max-snippet:-1, max-image-preview:large, max-video-preview:-1\" \/>\n<link rel=\"canonical\" href=\"https:\/\/www.etto.cz\/hu\/kapcsolat\/\" \/>\n<meta property=\"og:locale\" content=\"hu_HU\" \/>\n<meta property=\"og:type\" content=\"article\" \/>\n<meta property=\"og:title\" content=\"Kapcsolat | ELEKTRON-ETTO\" \/>\n<meta property=\"og:description\" content=\"L\u00e9pjen kapcsolatba az ELEKTRON-ETTO csapat\u00e1val! K\u00e9rjen \u00e1raj\u00e1nlatot egyedi f\u0171t\u0151elemek tervez\u00e9s\u00e9re \u00e9s gy\u00e1rt\u00e1s\u00e1ra.\" \/>\n<meta property=\"og:url\" content=\"https:\/\/www.etto.cz\/hu\/kapcsolat\/\" \/>\n<meta property=\"og:site_name\" content=\"ETTO\" \/>\n<meta property=\"article:modified_time\" content=\"2026-02-25T10:16:12+00:00\" \/>\n<meta property=\"og:image\" content=\"https:\/\/www.etto.cz\/hu\/wp-content\/gallery\/prumyslova-telesa\/teleso-kotel.jpg\" \/>\n<meta name=\"twitter:card\" content=\"summary_large_image\" \/>\n<meta name=\"twitter:label1\" content=\"Becs\u00fclt olvas\u00e1si id\u0151\" \/>\n\t<meta name=\"twitter:data1\" content=\"1 perc\" \/>\n<script type=\"application\/ld+json\" class=\"yoast-schema-graph\">{\"@context\":\"https:\\\/\\\/schema.org\",\"@graph\":[{\"@type\":\"WebPage\",\"@id\":\"https:\\\/\\\/www.etto.cz\\\/kontakt\\\/\",\"url\":\"https:\\\/\\\/www.etto.cz\\\/kontakt\\\/\",\"name\":\"Kapcsolat | ELEKTRON-ETTO\",\"isPartOf\":{\"@id\":\"https:\\\/\\\/www.etto.cz\\\/#website\"},\"datePublished\":\"2018-03-14T14:13:47+00:00\",\"dateModified\":\"2026-02-25T10:16:12+00:00\",\"description\":\"L\u00e9pjen kapcsolatba az ELEKTRON-ETTO csapat\u00e1val! K\u00e9rjen \u00e1raj\u00e1nlatot egyedi f\u0171t\u0151elemek tervez\u00e9s\u00e9re \u00e9s gy\u00e1rt\u00e1s\u00e1ra.\",\"breadcrumb\":{\"@id\":\"https:\\\/\\\/www.etto.cz\\\/kontakt\\\/#breadcrumb\"},\"inLanguage\":\"hu\",\"potentialAction\":[{\"@type\":\"ReadAction\",\"target\":[\"https:\\\/\\\/www.etto.cz\\\/kontakt\\\/\"]}]},{\"@type\":\"BreadcrumbList\",\"@id\":\"https:\\\/\\\/www.etto.cz\\\/kontakt\\\/#breadcrumb\",\"itemListElement\":[{\"@type\":\"ListItem\",\"position\":1,\"name\":\"Dom\u016f\",\"item\":\"https:\\\/\\\/www.etto.cz\\\/\"},{\"@type\":\"ListItem\",\"position\":2,\"name\":\"Kapcsolat\"}]},{\"@type\":\"WebSite\",\"@id\":\"https:\\\/\\\/www.etto.cz\\\/#website\",\"url\":\"https:\\\/\\\/www.etto.cz\\\/\",\"name\":\"ETTO\",\"description\":\"V\u00fdroba elektrick\u00fdch topn\u00fdch t\u011bles\",\"potentialAction\":[{\"@type\":\"SearchAction\",\"target\":{\"@type\":\"EntryPoint\",\"urlTemplate\":\"https:\\\/\\\/www.etto.cz\\\/?s={search_term_string}\"},\"query-input\":{\"@type\":\"PropertyValueSpecification\",\"valueRequired\":true,\"valueName\":\"search_term_string\"}}],\"inLanguage\":\"hu\"}]}<\/script>\n<!-- \/ Yoast SEO plugin. -->","yoast_head_json":{"title":"Kapcsolat | ELEKTRON-ETTO","description":"L\u00e9pjen kapcsolatba az ELEKTRON-ETTO csapat\u00e1val! K\u00e9rjen \u00e1raj\u00e1nlatot egyedi f\u0171t\u0151elemek tervez\u00e9s\u00e9re \u00e9s gy\u00e1rt\u00e1s\u00e1ra.","robots":{"index":"index","follow":"follow","max-snippet":"max-snippet:-1","max-image-preview":"max-image-preview:large","max-video-preview":"max-video-preview:-1"},"canonical":"https:\/\/www.etto.cz\/hu\/kapcsolat\/","og_locale":"hu_HU","og_type":"article","og_title":"Kapcsolat | ELEKTRON-ETTO","og_description":"L\u00e9pjen kapcsolatba az ELEKTRON-ETTO csapat\u00e1val! K\u00e9rjen \u00e1raj\u00e1nlatot egyedi f\u0171t\u0151elemek tervez\u00e9s\u00e9re \u00e9s gy\u00e1rt\u00e1s\u00e1ra.","og_url":"https:\/\/www.etto.cz\/hu\/kapcsolat\/","og_site_name":"ETTO","article_modified_time":"2026-02-25T10:16:12+00:00","og_image":[{"url":"https:\/\/www.etto.cz\/hu\/wp-content\/gallery\/prumyslova-telesa\/teleso-kotel.jpg","type":"","width":"","height":""}],"twitter_card":"summary_large_image","twitter_misc":{"Becs\u00fclt olvas\u00e1si id\u0151":"1 perc"},"schema":{"@context":"https:\/\/schema.org","@graph":[{"@type":"WebPage","@id":"https:\/\/www.etto.cz\/kontakt\/","url":"https:\/\/www.etto.cz\/kontakt\/","name":"Kapcsolat | ELEKTRON-ETTO","isPartOf":{"@id":"https:\/\/www.etto.cz\/#website"},"datePublished":"2018-03-14T14:13:47+00:00","dateModified":"2026-02-25T10:16:12+00:00","description":"L\u00e9pjen kapcsolatba az ELEKTRON-ETTO csapat\u00e1val! K\u00e9rjen \u00e1raj\u00e1nlatot egyedi f\u0171t\u0151elemek tervez\u00e9s\u00e9re \u00e9s gy\u00e1rt\u00e1s\u00e1ra.","breadcrumb":{"@id":"https:\/\/www.etto.cz\/kontakt\/#breadcrumb"},"inLanguage":"hu","potentialAction":[{"@type":"ReadAction","target":["https:\/\/www.etto.cz\/kontakt\/"]}]},{"@type":"BreadcrumbList","@id":"https:\/\/www.etto.cz\/kontakt\/#breadcrumb","itemListElement":[{"@type":"ListItem","position":1,"name":"Dom\u016f","item":"https:\/\/www.etto.cz\/"},{"@type":"ListItem","position":2,"name":"Kapcsolat"}]},{"@type":"WebSite","@id":"https:\/\/www.etto.cz\/#website","url":"https:\/\/www.etto.cz\/","name":"ETTO","description":"V\u00fdroba elektrick\u00fdch topn\u00fdch t\u011bles","potentialAction":[{"@type":"SearchAction","target":{"@type":"EntryPoint","urlTemplate":"https:\/\/www.etto.cz\/?s={search_term_string}"},"query-input":{"@type":"PropertyValueSpecification","valueRequired":true,"valueName":"search_term_string"}}],"inLanguage":"hu"}]}},"_links":{"self":[{"href":"https:\/\/www.etto.cz\/hu\/wp-json\/wp\/v2\/pages\/5756","targetHints":{"allow":["GET"]}}],"collection":[{"href":"https:\/\/www.etto.cz\/hu\/wp-json\/wp\/v2\/pages"}],"about":[{"href":"https:\/\/www.etto.cz\/hu\/wp-json\/wp\/v2\/types\/page"}],"author":[{"embeddable":true,"href":"https:\/\/www.etto.cz\/hu\/wp-json\/wp\/v2\/users\/1"}],"replies":[{"embeddable":true,"href":"https:\/\/www.etto.cz\/hu\/wp-json\/wp\/v2\/comments?post=5756"}],"version-history":[{"count":2,"href":"https:\/\/www.etto.cz\/hu\/wp-json\/wp\/v2\/pages\/5756\/revisions"}],"predecessor-version":[{"id":6071,"href":"https:\/\/www.etto.cz\/hu\/wp-json\/wp\/v2\/pages\/5756\/revisions\/6071"}],"wp:attachment":[{"href":"https:\/\/www.etto.cz\/hu\/wp-json\/wp\/v2\/media?parent=5756"}],"curies":[{"name":"wp","href":"https:\/\/api.w.org\/{rel}","templated":true}]}}