{"id":5757,"date":"2018-03-14T15:13:38","date_gmt":"2018-03-14T14:13:38","guid":{"rendered":"https:\/\/www.etto.cz\/heating-bodies-for-explosive-environment\/"},"modified":"2026-02-24T16:23:41","modified_gmt":"2026-02-24T15:23:41","slug":"futotestek-robbanasveszelyes-kornyezetbe","status":"publish","type":"page","link":"https:\/\/www.etto.cz\/hu\/futoelemek-felhasznalasi-cel-szerint\/futotestek-robbanasveszelyes-kornyezetbe\/","title":{"rendered":"F\u0171t\u0151testek robban\u00e1svesz\u00e9lyes k\u00f6rnyezetbe"},"content":{"rendered":"<p style=\"text-align: justify;\">Robban\u00e1svesz\u00e9lyes k\u00f6rnyezetben t\u00f6rt\u00e9n\u0151 alkalmaz\u00e1s eset\u00e9n a f\u0171t\u0151elemet a \u010cSN EN 60079-1 szabv\u00e1ny szerinti t\u00f6m\u00f6r z\u00e1r\u00e1s\u00fa (Ex d) csatlakoz\u00f3dobozba kell be\u00e9p\u00edteni. Minden egyes \u00faj egyedi eszk\u00f6zt, azaz a be\u00e9p\u00edtett f\u0171t\u0151elemeket tartalmaz\u00f3 csatlakoz\u00f3dobozt, enged\u00e9lyezett vizsg\u00e1l\u00f3laborat\u00f3riumnak (FIZIKAI-TECHNIKAI VIZSG\u00c1L\u00d3INT\u00c9ZET \u00e1.v.) kell j\u00f3v\u00e1hagynia.<\/p>\n","protected":false},"excerpt":{"rendered":"<p>Robban\u00e1svesz\u00e9lyes k\u00f6rnyezetben t\u00f6rt\u00e9n\u0151 alkalmaz\u00e1s eset\u00e9n a f\u0171t\u0151elemet a \u010cSN EN 60079-1 szabv\u00e1ny szerinti t\u00f6m\u00f6r z\u00e1r\u00e1s\u00fa (Ex d) csatlakoz\u00f3dobozba kell be\u00e9p\u00edteni. Minden egyes \u00faj egyedi eszk\u00f6zt, &#8230;<\/p>\n","protected":false},"author":1,"featured_media":5759,"parent":5771,"menu_order":0,"comment_status":"open","ping_status":"open","template":"_page-menu.php","meta":{"_acf_changed":false,"ngg_post_thumbnail":0,"footnotes":"","_links_to":"","_links_to_target":""},"class_list":["post-5757","page","type-page","status-publish","has-post-thumbnail","hentry"],"acf":[],"yoast_head":"<!-- This site is optimized with the Yoast SEO plugin v27.3 - https:\/\/yoast.com\/product\/yoast-seo-wordpress\/ -->\n<title>F\u0171t\u0151testek robban\u00e1svesz\u00e9lyes k\u00f6rnyezetbe | ELEKTRON-ETTO<\/title>\n<meta name=\"description\" content=\"ATEX tan\u00fas\u00edtv\u00e1nnyal rendelkez\u0151 f\u0171t\u0151testek robban\u00e1svesz\u00e9lyes k\u00f6rnyezetbe. Biztons\u00e1gos ellen\u00e1ll\u00e1s-f\u0171t\u0151testek egyedi gy\u00e1rt\u00e1sa.\" \/>\n<meta name=\"robots\" content=\"index, follow, max-snippet:-1, max-image-preview:large, max-video-preview:-1\" \/>\n<link rel=\"canonical\" href=\"https:\/\/www.etto.cz\/hu\/futoelemek-felhasznalasi-cel-szerint\/futotestek-robbanasveszelyes-kornyezetbe\/\" \/>\n<meta property=\"og:locale\" content=\"hu_HU\" \/>\n<meta property=\"og:type\" content=\"article\" \/>\n<meta property=\"og:title\" content=\"F\u0171t\u0151testek robban\u00e1svesz\u00e9lyes k\u00f6rnyezetbe | ELEKTRON-ETTO\" \/>\n<meta property=\"og:description\" content=\"ATEX tan\u00fas\u00edtv\u00e1nnyal rendelkez\u0151 f\u0171t\u0151testek robban\u00e1svesz\u00e9lyes k\u00f6rnyezetbe. Biztons\u00e1gos ellen\u00e1ll\u00e1s-f\u0171t\u0151testek egyedi gy\u00e1rt\u00e1sa.\" \/>\n<meta property=\"og:url\" content=\"https:\/\/www.etto.cz\/hu\/futoelemek-felhasznalasi-cel-szerint\/futotestek-robbanasveszelyes-kornyezetbe\/\" \/>\n<meta property=\"og:site_name\" content=\"ETTO\" \/>\n<meta property=\"article:modified_time\" content=\"2026-02-24T15:23:41+00:00\" \/>\n<meta property=\"og:image\" content=\"https:\/\/www.etto.cz\/wp-content\/uploads\/2017\/09\/aer-ex-743x1024.jpg\" \/>\n\t<meta property=\"og:image:width\" content=\"743\" \/>\n\t<meta property=\"og:image:height\" content=\"1024\" \/>\n\t<meta property=\"og:image:type\" content=\"image\/jpeg\" \/>\n<meta name=\"twitter:card\" content=\"summary_large_image\" \/>\n<script type=\"application\/ld+json\" class=\"yoast-schema-graph\">{\"@context\":\"https:\\\/\\\/schema.org\",\"@graph\":[{\"@type\":\"WebPage\",\"@id\":\"https:\\\/\\\/www.etto.cz\\\/telesa-podle-ucelu\\\/topna-telesa-do-vybusneho-prostredi\\\/\",\"url\":\"https:\\\/\\\/www.etto.cz\\\/telesa-podle-ucelu\\\/topna-telesa-do-vybusneho-prostredi\\\/\",\"name\":\"F\u0171t\u0151testek robban\u00e1svesz\u00e9lyes k\u00f6rnyezetbe | ELEKTRON-ETTO\",\"isPartOf\":{\"@id\":\"https:\\\/\\\/www.etto.cz\\\/#website\"},\"primaryImageOfPage\":{\"@id\":\"https:\\\/\\\/www.etto.cz\\\/telesa-podle-ucelu\\\/topna-telesa-do-vybusneho-prostredi\\\/#primaryimage\"},\"image\":{\"@id\":\"https:\\\/\\\/www.etto.cz\\\/telesa-podle-ucelu\\\/topna-telesa-do-vybusneho-prostredi\\\/#primaryimage\"},\"thumbnailUrl\":\"https:\\\/\\\/www.etto.cz\\\/wp-content\\\/uploads\\\/2017\\\/09\\\/aer-ex.jpg\",\"datePublished\":\"2018-03-14T14:13:38+00:00\",\"dateModified\":\"2026-02-24T15:23:41+00:00\",\"description\":\"ATEX tan\u00fas\u00edtv\u00e1nnyal rendelkez\u0151 f\u0171t\u0151testek robban\u00e1svesz\u00e9lyes k\u00f6rnyezetbe. Biztons\u00e1gos ellen\u00e1ll\u00e1s-f\u0171t\u0151testek egyedi gy\u00e1rt\u00e1sa.\",\"breadcrumb\":{\"@id\":\"https:\\\/\\\/www.etto.cz\\\/telesa-podle-ucelu\\\/topna-telesa-do-vybusneho-prostredi\\\/#breadcrumb\"},\"inLanguage\":\"hu\",\"potentialAction\":[{\"@type\":\"ReadAction\",\"target\":[\"https:\\\/\\\/www.etto.cz\\\/telesa-podle-ucelu\\\/topna-telesa-do-vybusneho-prostredi\\\/\"]}]},{\"@type\":\"ImageObject\",\"inLanguage\":\"hu\",\"@id\":\"https:\\\/\\\/www.etto.cz\\\/telesa-podle-ucelu\\\/topna-telesa-do-vybusneho-prostredi\\\/#primaryimage\",\"url\":\"https:\\\/\\\/www.etto.cz\\\/wp-content\\\/uploads\\\/2017\\\/09\\\/aer-ex.jpg\",\"contentUrl\":\"https:\\\/\\\/www.etto.cz\\\/wp-content\\\/uploads\\\/2017\\\/09\\\/aer-ex.jpg\",\"width\":1799,\"height\":2478},{\"@type\":\"BreadcrumbList\",\"@id\":\"https:\\\/\\\/www.etto.cz\\\/telesa-podle-ucelu\\\/topna-telesa-do-vybusneho-prostredi\\\/#breadcrumb\",\"itemListElement\":[{\"@type\":\"ListItem\",\"position\":1,\"name\":\"Dom\u016f\",\"item\":\"https:\\\/\\\/www.etto.cz\\\/\"},{\"@type\":\"ListItem\",\"position\":2,\"name\":\"F\u0171t\u0151elemek felhaszn\u00e1l\u00e1s szerint\",\"item\":\"https:\\\/\\\/www.etto.cz\\\/telesa-podle-ucelu\\\/\"},{\"@type\":\"ListItem\",\"position\":3,\"name\":\"F\u0171t\u0151testek robban\u00e1svesz\u00e9lyes k\u00f6rnyezetbe\"}]},{\"@type\":\"WebSite\",\"@id\":\"https:\\\/\\\/www.etto.cz\\\/#website\",\"url\":\"https:\\\/\\\/www.etto.cz\\\/\",\"name\":\"ETTO\",\"description\":\"V\u00fdroba elektrick\u00fdch topn\u00fdch t\u011bles\",\"potentialAction\":[{\"@type\":\"SearchAction\",\"target\":{\"@type\":\"EntryPoint\",\"urlTemplate\":\"https:\\\/\\\/www.etto.cz\\\/?s={search_term_string}\"},\"query-input\":{\"@type\":\"PropertyValueSpecification\",\"valueRequired\":true,\"valueName\":\"search_term_string\"}}],\"inLanguage\":\"hu\"}]}<\/script>\n<!-- \/ Yoast SEO plugin. -->","yoast_head_json":{"title":"F\u0171t\u0151testek robban\u00e1svesz\u00e9lyes k\u00f6rnyezetbe | ELEKTRON-ETTO","description":"ATEX tan\u00fas\u00edtv\u00e1nnyal rendelkez\u0151 f\u0171t\u0151testek robban\u00e1svesz\u00e9lyes k\u00f6rnyezetbe. Biztons\u00e1gos ellen\u00e1ll\u00e1s-f\u0171t\u0151testek egyedi gy\u00e1rt\u00e1sa.","robots":{"index":"index","follow":"follow","max-snippet":"max-snippet:-1","max-image-preview":"max-image-preview:large","max-video-preview":"max-video-preview:-1"},"canonical":"https:\/\/www.etto.cz\/hu\/futoelemek-felhasznalasi-cel-szerint\/futotestek-robbanasveszelyes-kornyezetbe\/","og_locale":"hu_HU","og_type":"article","og_title":"F\u0171t\u0151testek robban\u00e1svesz\u00e9lyes k\u00f6rnyezetbe | ELEKTRON-ETTO","og_description":"ATEX tan\u00fas\u00edtv\u00e1nnyal rendelkez\u0151 f\u0171t\u0151testek robban\u00e1svesz\u00e9lyes k\u00f6rnyezetbe. Biztons\u00e1gos ellen\u00e1ll\u00e1s-f\u0171t\u0151testek egyedi gy\u00e1rt\u00e1sa.","og_url":"https:\/\/www.etto.cz\/hu\/futoelemek-felhasznalasi-cel-szerint\/futotestek-robbanasveszelyes-kornyezetbe\/","og_site_name":"ETTO","article_modified_time":"2026-02-24T15:23:41+00:00","og_image":[{"width":743,"height":1024,"url":"https:\/\/www.etto.cz\/wp-content\/uploads\/2017\/09\/aer-ex-743x1024.jpg","type":"image\/jpeg"}],"twitter_card":"summary_large_image","schema":{"@context":"https:\/\/schema.org","@graph":[{"@type":"WebPage","@id":"https:\/\/www.etto.cz\/telesa-podle-ucelu\/topna-telesa-do-vybusneho-prostredi\/","url":"https:\/\/www.etto.cz\/telesa-podle-ucelu\/topna-telesa-do-vybusneho-prostredi\/","name":"F\u0171t\u0151testek robban\u00e1svesz\u00e9lyes k\u00f6rnyezetbe | ELEKTRON-ETTO","isPartOf":{"@id":"https:\/\/www.etto.cz\/#website"},"primaryImageOfPage":{"@id":"https:\/\/www.etto.cz\/telesa-podle-ucelu\/topna-telesa-do-vybusneho-prostredi\/#primaryimage"},"image":{"@id":"https:\/\/www.etto.cz\/telesa-podle-ucelu\/topna-telesa-do-vybusneho-prostredi\/#primaryimage"},"thumbnailUrl":"https:\/\/www.etto.cz\/wp-content\/uploads\/2017\/09\/aer-ex.jpg","datePublished":"2018-03-14T14:13:38+00:00","dateModified":"2026-02-24T15:23:41+00:00","description":"ATEX tan\u00fas\u00edtv\u00e1nnyal rendelkez\u0151 f\u0171t\u0151testek robban\u00e1svesz\u00e9lyes k\u00f6rnyezetbe. Biztons\u00e1gos ellen\u00e1ll\u00e1s-f\u0171t\u0151testek egyedi gy\u00e1rt\u00e1sa.","breadcrumb":{"@id":"https:\/\/www.etto.cz\/telesa-podle-ucelu\/topna-telesa-do-vybusneho-prostredi\/#breadcrumb"},"inLanguage":"hu","potentialAction":[{"@type":"ReadAction","target":["https:\/\/www.etto.cz\/telesa-podle-ucelu\/topna-telesa-do-vybusneho-prostredi\/"]}]},{"@type":"ImageObject","inLanguage":"hu","@id":"https:\/\/www.etto.cz\/telesa-podle-ucelu\/topna-telesa-do-vybusneho-prostredi\/#primaryimage","url":"https:\/\/www.etto.cz\/wp-content\/uploads\/2017\/09\/aer-ex.jpg","contentUrl":"https:\/\/www.etto.cz\/wp-content\/uploads\/2017\/09\/aer-ex.jpg","width":1799,"height":2478},{"@type":"BreadcrumbList","@id":"https:\/\/www.etto.cz\/telesa-podle-ucelu\/topna-telesa-do-vybusneho-prostredi\/#breadcrumb","itemListElement":[{"@type":"ListItem","position":1,"name":"Dom\u016f","item":"https:\/\/www.etto.cz\/"},{"@type":"ListItem","position":2,"name":"F\u0171t\u0151elemek felhaszn\u00e1l\u00e1s szerint","item":"https:\/\/www.etto.cz\/telesa-podle-ucelu\/"},{"@type":"ListItem","position":3,"name":"F\u0171t\u0151testek robban\u00e1svesz\u00e9lyes k\u00f6rnyezetbe"}]},{"@type":"WebSite","@id":"https:\/\/www.etto.cz\/#website","url":"https:\/\/www.etto.cz\/","name":"ETTO","description":"V\u00fdroba elektrick\u00fdch topn\u00fdch t\u011bles","potentialAction":[{"@type":"SearchAction","target":{"@type":"EntryPoint","urlTemplate":"https:\/\/www.etto.cz\/?s={search_term_string}"},"query-input":{"@type":"PropertyValueSpecification","valueRequired":true,"valueName":"search_term_string"}}],"inLanguage":"hu"}]}},"_links":{"self":[{"href":"https:\/\/www.etto.cz\/hu\/wp-json\/wp\/v2\/pages\/5757","targetHints":{"allow":["GET"]}}],"collection":[{"href":"https:\/\/www.etto.cz\/hu\/wp-json\/wp\/v2\/pages"}],"about":[{"href":"https:\/\/www.etto.cz\/hu\/wp-json\/wp\/v2\/types\/page"}],"author":[{"embeddable":true,"href":"https:\/\/www.etto.cz\/hu\/wp-json\/wp\/v2\/users\/1"}],"replies":[{"embeddable":true,"href":"https:\/\/www.etto.cz\/hu\/wp-json\/wp\/v2\/comments?post=5757"}],"version-history":[{"count":1,"href":"https:\/\/www.etto.cz\/hu\/wp-json\/wp\/v2\/pages\/5757\/revisions"}],"predecessor-version":[{"id":5910,"href":"https:\/\/www.etto.cz\/hu\/wp-json\/wp\/v2\/pages\/5757\/revisions\/5910"}],"up":[{"embeddable":true,"href":"https:\/\/www.etto.cz\/hu\/wp-json\/wp\/v2\/pages\/5771"}],"wp:featuredmedia":[{"embeddable":true,"href":"https:\/\/www.etto.cz\/hu\/wp-json\/wp\/v2\/media\/5759"}],"wp:attachment":[{"href":"https:\/\/www.etto.cz\/hu\/wp-json\/wp\/v2\/media?parent=5757"}],"curies":[{"name":"wp","href":"https:\/\/api.w.org\/{rel}","templated":true}]}}