{"id":5760,"date":"2018-03-14T15:13:26","date_gmt":"2018-03-14T14:13:26","guid":{"rendered":"https:\/\/www.etto.cz\/heating-bodies-for-industrial-applications\/"},"modified":"2026-02-24T16:23:41","modified_gmt":"2026-02-24T15:23:41","slug":"ipari-futotestek","status":"publish","type":"page","link":"https:\/\/www.etto.cz\/hu\/futoelemek-felhasznalasi-cel-szerint\/ipari-futotestek\/","title":{"rendered":"Ipari f\u0171t\u0151testek"},"content":{"rendered":"<p>Ipari alkalmaz\u00e1sokhoz az \u00fcgyf\u00e9l specifik\u00e1ci\u00f3ja szerint egyedi f\u0171t\u0151elemeket gy\u00e1rtunk.<br \/>\nFolyad\u00e9kok, g\u00e1zok \u00e9s egy\u00e9b anyagok f\u0171t\u00e9s\u00e9hez gy\u00e1rtunk f\u0171t\u0151elemeket n\u00e9h\u00e1ny W-t\u00f3l MW-ig terjed\u0151 teljes\u00edtm\u00e9nnyel.<\/p>\nngg_shortcode_0_placeholder\n<p><u>K\u00e9sz megold\u00e1saink sorozat\u00e1t is k\u00edn\u00e1ljuk:<\/u><br \/>\n&#8211; Mobil melegleveg\u0151-gener\u00e1tor<br \/>\n&#8211; Elektromos melegleveg\u0151s aggreg\u00e1tok (direkt f\u0171t\u0151berendez\u00e9sek)<br \/>\n&#8211; Infrasug\u00e1rz\u00f3<br \/>\n&#8211; Ipari k\u00e1lyha (kabin f\u0171t\u00e9s)<\/p>\n","protected":false},"excerpt":{"rendered":"<p>Ipari alkalmaz\u00e1sokhoz az \u00fcgyf\u00e9l specifik\u00e1ci\u00f3ja szerint egyedi f\u0171t\u0151elemeket gy\u00e1rtunk. Folyad\u00e9kok, g\u00e1zok \u00e9s egy\u00e9b anyagok f\u0171t\u00e9s\u00e9hez gy\u00e1rtunk f\u0171t\u0151elemeket n\u00e9h\u00e1ny W-t\u00f3l MW-ig terjed\u0151 teljes\u00edtm\u00e9nnyel. &#8221; order_by=&#8221;sortorder&#8221; order_direction=&#8221;ASC&#8221; &#8230;<\/p>\n","protected":false},"author":1,"featured_media":5761,"parent":5771,"menu_order":0,"comment_status":"open","ping_status":"open","template":"_page-menu.php","meta":{"_acf_changed":false,"ngg_post_thumbnail":0,"footnotes":"","_links_to":"","_links_to_target":""},"class_list":["post-5760","page","type-page","status-publish","has-post-thumbnail","hentry"],"acf":[],"yoast_head":"<!-- This site is optimized with the Yoast SEO plugin v27.3 - https:\/\/yoast.com\/product\/yoast-seo-wordpress\/ -->\n<title>Ipari f\u0171t\u0151testek | ELEKTRON-ETTO<\/title>\n<meta name=\"description\" content=\"Ipari ellen\u00e1ll\u00e1s-f\u0171t\u0151testek sz\u00e9les v\u00e1laszt\u00e9ka \u2013 f\u0171t\u0151patronok, cs\u0151f\u0171t\u0151testek, f\u0171t\u0151szalagok. Egyedi tervez\u00e9s \u00e9s gy\u00e1rt\u00e1s a gy\u00e1rt\u00f3t\u00f3l.\" \/>\n<meta name=\"robots\" content=\"index, follow, max-snippet:-1, max-image-preview:large, max-video-preview:-1\" \/>\n<link rel=\"canonical\" href=\"https:\/\/www.etto.cz\/hu\/futoelemek-felhasznalasi-cel-szerint\/ipari-futotestek\/\" \/>\n<meta property=\"og:locale\" content=\"hu_HU\" \/>\n<meta property=\"og:type\" content=\"article\" \/>\n<meta property=\"og:title\" content=\"Ipari f\u0171t\u0151testek | ELEKTRON-ETTO\" \/>\n<meta property=\"og:description\" content=\"Ipari ellen\u00e1ll\u00e1s-f\u0171t\u0151testek sz\u00e9les v\u00e1laszt\u00e9ka \u2013 f\u0171t\u0151patronok, cs\u0151f\u0171t\u0151testek, f\u0171t\u0151szalagok. Egyedi tervez\u00e9s \u00e9s gy\u00e1rt\u00e1s a gy\u00e1rt\u00f3t\u00f3l.\" \/>\n<meta property=\"og:url\" content=\"https:\/\/www.etto.cz\/hu\/futoelemek-felhasznalasi-cel-szerint\/ipari-futotestek\/\" \/>\n<meta property=\"og:site_name\" content=\"ETTO\" \/>\n<meta property=\"article:modified_time\" content=\"2026-02-24T15:23:41+00:00\" \/>\n<meta property=\"og:image\" content=\"https:\/\/www.etto.cz\/wp-content\/uploads\/2016\/12\/ohrev_vzduchu_potrubi.jpg\" \/>\n\t<meta property=\"og:image:width\" content=\"710\" \/>\n\t<meta property=\"og:image:height\" content=\"710\" \/>\n\t<meta property=\"og:image:type\" content=\"image\/jpeg\" \/>\n<meta name=\"twitter:card\" content=\"summary_large_image\" \/>\n<meta name=\"twitter:label1\" content=\"Becs\u00fclt olvas\u00e1si id\u0151\" \/>\n\t<meta name=\"twitter:data1\" content=\"1 perc\" \/>\n<script type=\"application\/ld+json\" class=\"yoast-schema-graph\">{\"@context\":\"https:\\\/\\\/schema.org\",\"@graph\":[{\"@type\":\"WebPage\",\"@id\":\"https:\\\/\\\/www.etto.cz\\\/telesa-podle-ucelu\\\/topna-telesa-pro-prumyslove-aplikace\\\/\",\"url\":\"https:\\\/\\\/www.etto.cz\\\/telesa-podle-ucelu\\\/topna-telesa-pro-prumyslove-aplikace\\\/\",\"name\":\"Ipari f\u0171t\u0151testek | ELEKTRON-ETTO\",\"isPartOf\":{\"@id\":\"https:\\\/\\\/www.etto.cz\\\/#website\"},\"primaryImageOfPage\":{\"@id\":\"https:\\\/\\\/www.etto.cz\\\/telesa-podle-ucelu\\\/topna-telesa-pro-prumyslove-aplikace\\\/#primaryimage\"},\"image\":{\"@id\":\"https:\\\/\\\/www.etto.cz\\\/telesa-podle-ucelu\\\/topna-telesa-pro-prumyslove-aplikace\\\/#primaryimage\"},\"thumbnailUrl\":\"https:\\\/\\\/www.etto.cz\\\/wp-content\\\/uploads\\\/2016\\\/12\\\/ohrev_vzduchu_potrubi.jpg\",\"datePublished\":\"2018-03-14T14:13:26+00:00\",\"dateModified\":\"2026-02-24T15:23:41+00:00\",\"description\":\"Ipari ellen\u00e1ll\u00e1s-f\u0171t\u0151testek sz\u00e9les v\u00e1laszt\u00e9ka \u2013 f\u0171t\u0151patronok, cs\u0151f\u0171t\u0151testek, f\u0171t\u0151szalagok. Egyedi tervez\u00e9s \u00e9s gy\u00e1rt\u00e1s a gy\u00e1rt\u00f3t\u00f3l.\",\"breadcrumb\":{\"@id\":\"https:\\\/\\\/www.etto.cz\\\/telesa-podle-ucelu\\\/topna-telesa-pro-prumyslove-aplikace\\\/#breadcrumb\"},\"inLanguage\":\"hu\",\"potentialAction\":[{\"@type\":\"ReadAction\",\"target\":[\"https:\\\/\\\/www.etto.cz\\\/telesa-podle-ucelu\\\/topna-telesa-pro-prumyslove-aplikace\\\/\"]}]},{\"@type\":\"ImageObject\",\"inLanguage\":\"hu\",\"@id\":\"https:\\\/\\\/www.etto.cz\\\/telesa-podle-ucelu\\\/topna-telesa-pro-prumyslove-aplikace\\\/#primaryimage\",\"url\":\"https:\\\/\\\/www.etto.cz\\\/wp-content\\\/uploads\\\/2016\\\/12\\\/ohrev_vzduchu_potrubi.jpg\",\"contentUrl\":\"https:\\\/\\\/www.etto.cz\\\/wp-content\\\/uploads\\\/2016\\\/12\\\/ohrev_vzduchu_potrubi.jpg\",\"width\":710,\"height\":710},{\"@type\":\"BreadcrumbList\",\"@id\":\"https:\\\/\\\/www.etto.cz\\\/telesa-podle-ucelu\\\/topna-telesa-pro-prumyslove-aplikace\\\/#breadcrumb\",\"itemListElement\":[{\"@type\":\"ListItem\",\"position\":1,\"name\":\"Dom\u016f\",\"item\":\"https:\\\/\\\/www.etto.cz\\\/\"},{\"@type\":\"ListItem\",\"position\":2,\"name\":\"F\u0171t\u0151elemek felhaszn\u00e1l\u00e1s szerint\",\"item\":\"https:\\\/\\\/www.etto.cz\\\/telesa-podle-ucelu\\\/\"},{\"@type\":\"ListItem\",\"position\":3,\"name\":\"Ipari f\u0171t\u0151testek\"}]},{\"@type\":\"WebSite\",\"@id\":\"https:\\\/\\\/www.etto.cz\\\/#website\",\"url\":\"https:\\\/\\\/www.etto.cz\\\/\",\"name\":\"ETTO\",\"description\":\"V\u00fdroba elektrick\u00fdch topn\u00fdch t\u011bles\",\"potentialAction\":[{\"@type\":\"SearchAction\",\"target\":{\"@type\":\"EntryPoint\",\"urlTemplate\":\"https:\\\/\\\/www.etto.cz\\\/?s={search_term_string}\"},\"query-input\":{\"@type\":\"PropertyValueSpecification\",\"valueRequired\":true,\"valueName\":\"search_term_string\"}}],\"inLanguage\":\"hu\"}]}<\/script>\n<!-- \/ Yoast SEO plugin. -->","yoast_head_json":{"title":"Ipari f\u0171t\u0151testek | ELEKTRON-ETTO","description":"Ipari ellen\u00e1ll\u00e1s-f\u0171t\u0151testek sz\u00e9les v\u00e1laszt\u00e9ka \u2013 f\u0171t\u0151patronok, cs\u0151f\u0171t\u0151testek, f\u0171t\u0151szalagok. Egyedi tervez\u00e9s \u00e9s gy\u00e1rt\u00e1s a gy\u00e1rt\u00f3t\u00f3l.","robots":{"index":"index","follow":"follow","max-snippet":"max-snippet:-1","max-image-preview":"max-image-preview:large","max-video-preview":"max-video-preview:-1"},"canonical":"https:\/\/www.etto.cz\/hu\/futoelemek-felhasznalasi-cel-szerint\/ipari-futotestek\/","og_locale":"hu_HU","og_type":"article","og_title":"Ipari f\u0171t\u0151testek | ELEKTRON-ETTO","og_description":"Ipari ellen\u00e1ll\u00e1s-f\u0171t\u0151testek sz\u00e9les v\u00e1laszt\u00e9ka \u2013 f\u0171t\u0151patronok, cs\u0151f\u0171t\u0151testek, f\u0171t\u0151szalagok. Egyedi tervez\u00e9s \u00e9s gy\u00e1rt\u00e1s a gy\u00e1rt\u00f3t\u00f3l.","og_url":"https:\/\/www.etto.cz\/hu\/futoelemek-felhasznalasi-cel-szerint\/ipari-futotestek\/","og_site_name":"ETTO","article_modified_time":"2026-02-24T15:23:41+00:00","og_image":[{"width":710,"height":710,"url":"https:\/\/www.etto.cz\/wp-content\/uploads\/2016\/12\/ohrev_vzduchu_potrubi.jpg","type":"image\/jpeg"}],"twitter_card":"summary_large_image","twitter_misc":{"Becs\u00fclt olvas\u00e1si id\u0151":"1 perc"},"schema":{"@context":"https:\/\/schema.org","@graph":[{"@type":"WebPage","@id":"https:\/\/www.etto.cz\/telesa-podle-ucelu\/topna-telesa-pro-prumyslove-aplikace\/","url":"https:\/\/www.etto.cz\/telesa-podle-ucelu\/topna-telesa-pro-prumyslove-aplikace\/","name":"Ipari f\u0171t\u0151testek | ELEKTRON-ETTO","isPartOf":{"@id":"https:\/\/www.etto.cz\/#website"},"primaryImageOfPage":{"@id":"https:\/\/www.etto.cz\/telesa-podle-ucelu\/topna-telesa-pro-prumyslove-aplikace\/#primaryimage"},"image":{"@id":"https:\/\/www.etto.cz\/telesa-podle-ucelu\/topna-telesa-pro-prumyslove-aplikace\/#primaryimage"},"thumbnailUrl":"https:\/\/www.etto.cz\/wp-content\/uploads\/2016\/12\/ohrev_vzduchu_potrubi.jpg","datePublished":"2018-03-14T14:13:26+00:00","dateModified":"2026-02-24T15:23:41+00:00","description":"Ipari ellen\u00e1ll\u00e1s-f\u0171t\u0151testek sz\u00e9les v\u00e1laszt\u00e9ka \u2013 f\u0171t\u0151patronok, cs\u0151f\u0171t\u0151testek, f\u0171t\u0151szalagok. Egyedi tervez\u00e9s \u00e9s gy\u00e1rt\u00e1s a gy\u00e1rt\u00f3t\u00f3l.","breadcrumb":{"@id":"https:\/\/www.etto.cz\/telesa-podle-ucelu\/topna-telesa-pro-prumyslove-aplikace\/#breadcrumb"},"inLanguage":"hu","potentialAction":[{"@type":"ReadAction","target":["https:\/\/www.etto.cz\/telesa-podle-ucelu\/topna-telesa-pro-prumyslove-aplikace\/"]}]},{"@type":"ImageObject","inLanguage":"hu","@id":"https:\/\/www.etto.cz\/telesa-podle-ucelu\/topna-telesa-pro-prumyslove-aplikace\/#primaryimage","url":"https:\/\/www.etto.cz\/wp-content\/uploads\/2016\/12\/ohrev_vzduchu_potrubi.jpg","contentUrl":"https:\/\/www.etto.cz\/wp-content\/uploads\/2016\/12\/ohrev_vzduchu_potrubi.jpg","width":710,"height":710},{"@type":"BreadcrumbList","@id":"https:\/\/www.etto.cz\/telesa-podle-ucelu\/topna-telesa-pro-prumyslove-aplikace\/#breadcrumb","itemListElement":[{"@type":"ListItem","position":1,"name":"Dom\u016f","item":"https:\/\/www.etto.cz\/"},{"@type":"ListItem","position":2,"name":"F\u0171t\u0151elemek felhaszn\u00e1l\u00e1s szerint","item":"https:\/\/www.etto.cz\/telesa-podle-ucelu\/"},{"@type":"ListItem","position":3,"name":"Ipari f\u0171t\u0151testek"}]},{"@type":"WebSite","@id":"https:\/\/www.etto.cz\/#website","url":"https:\/\/www.etto.cz\/","name":"ETTO","description":"V\u00fdroba elektrick\u00fdch topn\u00fdch t\u011bles","potentialAction":[{"@type":"SearchAction","target":{"@type":"EntryPoint","urlTemplate":"https:\/\/www.etto.cz\/?s={search_term_string}"},"query-input":{"@type":"PropertyValueSpecification","valueRequired":true,"valueName":"search_term_string"}}],"inLanguage":"hu"}]}},"_links":{"self":[{"href":"https:\/\/www.etto.cz\/hu\/wp-json\/wp\/v2\/pages\/5760","targetHints":{"allow":["GET"]}}],"collection":[{"href":"https:\/\/www.etto.cz\/hu\/wp-json\/wp\/v2\/pages"}],"about":[{"href":"https:\/\/www.etto.cz\/hu\/wp-json\/wp\/v2\/types\/page"}],"author":[{"embeddable":true,"href":"https:\/\/www.etto.cz\/hu\/wp-json\/wp\/v2\/users\/1"}],"replies":[{"embeddable":true,"href":"https:\/\/www.etto.cz\/hu\/wp-json\/wp\/v2\/comments?post=5760"}],"version-history":[{"count":1,"href":"https:\/\/www.etto.cz\/hu\/wp-json\/wp\/v2\/pages\/5760\/revisions"}],"predecessor-version":[{"id":5924,"href":"https:\/\/www.etto.cz\/hu\/wp-json\/wp\/v2\/pages\/5760\/revisions\/5924"}],"up":[{"embeddable":true,"href":"https:\/\/www.etto.cz\/hu\/wp-json\/wp\/v2\/pages\/5771"}],"wp:featuredmedia":[{"embeddable":true,"href":"https:\/\/www.etto.cz\/hu\/wp-json\/wp\/v2\/media\/5761"}],"wp:attachment":[{"href":"https:\/\/www.etto.cz\/hu\/wp-json\/wp\/v2\/media?parent=5760"}],"curies":[{"name":"wp","href":"https:\/\/api.w.org\/{rel}","templated":true}]}}