{"id":5765,"date":"2018-03-14T15:12:59","date_gmt":"2018-03-14T14:12:59","guid":{"rendered":"https:\/\/www.etto.cz\/heating-bodies-for-honey-dissolution\/"},"modified":"2026-02-24T16:23:56","modified_gmt":"2026-02-24T15:23:56","slug":"mez-felmelegitese","status":"publish","type":"page","link":"https:\/\/www.etto.cz\/hu\/futoelemek-felhasznalasi-cel-szerint\/mez-felmelegitese\/","title":{"rendered":"M\u00e9z felmeleg\u00edt\u00e9se"},"content":{"rendered":"<p style=\"text-align: justify;\">F\u0171t\u0151elem m\u00e9z, \u00e9leszt\u0151 \u00e9s hasonl\u00f3 anyagok meleg\u00edt\u00e9s\u00e9hez, amelyek alacsony \u00fczemi h\u0151m\u00e9rs\u00e9kletet ig\u00e9nyelnek a f\u0171t\u0151r\u00fad fel\u00fclet\u00e9n.<br \/>\n<a class=\"fancybox\" href=\"https:\/\/www.etto.cz\/wp-content\/uploads\/2015\/05\/16-rozpusteni-medu.png\"><img loading=\"lazy\" decoding=\"async\" width=\"80\" height=\"187\" class=\"wp-image-197 alignleft\" alt=\"16-heating-of-honey\" src=\"https:\/\/www.etto.cz\/wp-content\/uploads\/2015\/05\/16-rozpusteni-medu.png\" srcset=\"https:\/\/www.etto.cz\/wp-content\/uploads\/2015\/05\/16-rozpusteni-medu.png 345w, https:\/\/www.etto.cz\/wp-content\/uploads\/2015\/05\/16-rozpusteni-medu-128x300.png 128w, https:\/\/www.etto.cz\/wp-content\/uploads\/2015\/05\/16-rozpusteni-medu-65x153.png 65w, https:\/\/www.etto.cz\/wp-content\/uploads\/2015\/05\/16-rozpusteni-medu-108x253.png 108w\" sizes=\"auto, (max-width: 80px) 100vw, 80px\" \/><\/a><\/p>\n","protected":false},"excerpt":{"rendered":"<p>F\u0171t\u0151elem m\u00e9z, \u00e9leszt\u0151 \u00e9s hasonl\u00f3 anyagok meleg\u00edt\u00e9s\u00e9hez, amelyek alacsony \u00fczemi h\u0151m\u00e9rs\u00e9kletet ig\u00e9nyelnek a f\u0171t\u0151r\u00fad fel\u00fclet\u00e9n.<\/p>\n","protected":false},"author":1,"featured_media":5767,"parent":5771,"menu_order":0,"comment_status":"open","ping_status":"closed","template":"_page-menu.php","meta":{"_acf_changed":false,"ngg_post_thumbnail":0,"footnotes":"","_links_to":"","_links_to_target":""},"class_list":["post-5765","page","type-page","status-publish","has-post-thumbnail","hentry"],"acf":[],"yoast_head":"<!-- This site is optimized with the Yoast SEO plugin v27.3 - https:\/\/yoast.com\/product\/yoast-seo-wordpress\/ -->\n<title>M\u00e9z felmeleg\u00edt\u00e9se \u2013 f\u0171t\u0151elemek m\u00e9ziparhoz | ELEKTRON-ETTO<\/title>\n<meta name=\"description\" content=\"M\u00e9z felmeleg\u00edt\u00e9s\u00e9hez \u00e9s foly\u00e9kony \u00e1llapotban tart\u00e1s\u00e1hoz tervezett f\u0171t\u0151elemek. Egyedi ellen\u00e1ll\u00e1s-f\u0171t\u0151testek m\u00e9zipari alkalmaz\u00e1sokhoz.\" \/>\n<meta name=\"robots\" content=\"index, follow, max-snippet:-1, max-image-preview:large, max-video-preview:-1\" \/>\n<link rel=\"canonical\" href=\"https:\/\/www.etto.cz\/hu\/futoelemek-felhasznalasi-cel-szerint\/mez-felmelegitese\/\" \/>\n<meta property=\"og:locale\" content=\"hu_HU\" \/>\n<meta property=\"og:type\" content=\"article\" \/>\n<meta property=\"og:title\" content=\"M\u00e9z felmeleg\u00edt\u00e9se \u2013 f\u0171t\u0151elemek m\u00e9ziparhoz | ELEKTRON-ETTO\" \/>\n<meta property=\"og:description\" content=\"M\u00e9z felmeleg\u00edt\u00e9s\u00e9hez \u00e9s foly\u00e9kony \u00e1llapotban tart\u00e1s\u00e1hoz tervezett f\u0171t\u0151elemek. Egyedi ellen\u00e1ll\u00e1s-f\u0171t\u0151testek m\u00e9zipari alkalmaz\u00e1sokhoz.\" \/>\n<meta property=\"og:url\" content=\"https:\/\/www.etto.cz\/hu\/futoelemek-felhasznalasi-cel-szerint\/mez-felmelegitese\/\" \/>\n<meta property=\"og:site_name\" content=\"ETTO\" \/>\n<meta property=\"article:modified_time\" content=\"2026-02-24T15:23:56+00:00\" \/>\n<meta property=\"og:image\" content=\"https:\/\/www.etto.cz\/wp-content\/uploads\/2016\/12\/tm1.jpg\" \/>\n\t<meta property=\"og:image:width\" content=\"1370\" \/>\n\t<meta property=\"og:image:height\" content=\"1212\" \/>\n\t<meta property=\"og:image:type\" content=\"image\/jpeg\" \/>\n<meta name=\"twitter:card\" content=\"summary_large_image\" \/>\n<script type=\"application\/ld+json\" class=\"yoast-schema-graph\">{\"@context\":\"https:\\\/\\\/schema.org\",\"@graph\":[{\"@type\":\"WebPage\",\"@id\":\"https:\\\/\\\/www.etto.cz\\\/telesa-podle-ucelu\\\/rozpousteni-medu\\\/\",\"url\":\"https:\\\/\\\/www.etto.cz\\\/telesa-podle-ucelu\\\/rozpousteni-medu\\\/\",\"name\":\"M\u00e9z felmeleg\u00edt\u00e9se \u2013 f\u0171t\u0151elemek m\u00e9ziparhoz | ELEKTRON-ETTO\",\"isPartOf\":{\"@id\":\"https:\\\/\\\/www.etto.cz\\\/#website\"},\"primaryImageOfPage\":{\"@id\":\"https:\\\/\\\/www.etto.cz\\\/telesa-podle-ucelu\\\/rozpousteni-medu\\\/#primaryimage\"},\"image\":{\"@id\":\"https:\\\/\\\/www.etto.cz\\\/telesa-podle-ucelu\\\/rozpousteni-medu\\\/#primaryimage\"},\"thumbnailUrl\":\"https:\\\/\\\/www.etto.cz\\\/wp-content\\\/uploads\\\/2016\\\/12\\\/tm1.jpg\",\"datePublished\":\"2018-03-14T14:12:59+00:00\",\"dateModified\":\"2026-02-24T15:23:56+00:00\",\"description\":\"M\u00e9z felmeleg\u00edt\u00e9s\u00e9hez \u00e9s foly\u00e9kony \u00e1llapotban tart\u00e1s\u00e1hoz tervezett f\u0171t\u0151elemek. Egyedi ellen\u00e1ll\u00e1s-f\u0171t\u0151testek m\u00e9zipari alkalmaz\u00e1sokhoz.\",\"breadcrumb\":{\"@id\":\"https:\\\/\\\/www.etto.cz\\\/telesa-podle-ucelu\\\/rozpousteni-medu\\\/#breadcrumb\"},\"inLanguage\":\"hu\",\"potentialAction\":[{\"@type\":\"ReadAction\",\"target\":[\"https:\\\/\\\/www.etto.cz\\\/telesa-podle-ucelu\\\/rozpousteni-medu\\\/\"]}]},{\"@type\":\"ImageObject\",\"inLanguage\":\"hu\",\"@id\":\"https:\\\/\\\/www.etto.cz\\\/telesa-podle-ucelu\\\/rozpousteni-medu\\\/#primaryimage\",\"url\":\"https:\\\/\\\/www.etto.cz\\\/wp-content\\\/uploads\\\/2016\\\/12\\\/tm1.jpg\",\"contentUrl\":\"https:\\\/\\\/www.etto.cz\\\/wp-content\\\/uploads\\\/2016\\\/12\\\/tm1.jpg\",\"width\":1370,\"height\":1212},{\"@type\":\"BreadcrumbList\",\"@id\":\"https:\\\/\\\/www.etto.cz\\\/telesa-podle-ucelu\\\/rozpousteni-medu\\\/#breadcrumb\",\"itemListElement\":[{\"@type\":\"ListItem\",\"position\":1,\"name\":\"Dom\u016f\",\"item\":\"https:\\\/\\\/www.etto.cz\\\/\"},{\"@type\":\"ListItem\",\"position\":2,\"name\":\"F\u0171t\u0151elemek felhaszn\u00e1l\u00e1s szerint\",\"item\":\"https:\\\/\\\/www.etto.cz\\\/telesa-podle-ucelu\\\/\"},{\"@type\":\"ListItem\",\"position\":3,\"name\":\"M\u00e9z felmeleg\u00edt\u00e9se\"}]},{\"@type\":\"WebSite\",\"@id\":\"https:\\\/\\\/www.etto.cz\\\/#website\",\"url\":\"https:\\\/\\\/www.etto.cz\\\/\",\"name\":\"ETTO\",\"description\":\"V\u00fdroba elektrick\u00fdch topn\u00fdch t\u011bles\",\"potentialAction\":[{\"@type\":\"SearchAction\",\"target\":{\"@type\":\"EntryPoint\",\"urlTemplate\":\"https:\\\/\\\/www.etto.cz\\\/?s={search_term_string}\"},\"query-input\":{\"@type\":\"PropertyValueSpecification\",\"valueRequired\":true,\"valueName\":\"search_term_string\"}}],\"inLanguage\":\"hu\"}]}<\/script>\n<!-- \/ Yoast SEO plugin. -->","yoast_head_json":{"title":"M\u00e9z felmeleg\u00edt\u00e9se \u2013 f\u0171t\u0151elemek m\u00e9ziparhoz | ELEKTRON-ETTO","description":"M\u00e9z felmeleg\u00edt\u00e9s\u00e9hez \u00e9s foly\u00e9kony \u00e1llapotban tart\u00e1s\u00e1hoz tervezett f\u0171t\u0151elemek. Egyedi ellen\u00e1ll\u00e1s-f\u0171t\u0151testek m\u00e9zipari alkalmaz\u00e1sokhoz.","robots":{"index":"index","follow":"follow","max-snippet":"max-snippet:-1","max-image-preview":"max-image-preview:large","max-video-preview":"max-video-preview:-1"},"canonical":"https:\/\/www.etto.cz\/hu\/futoelemek-felhasznalasi-cel-szerint\/mez-felmelegitese\/","og_locale":"hu_HU","og_type":"article","og_title":"M\u00e9z felmeleg\u00edt\u00e9se \u2013 f\u0171t\u0151elemek m\u00e9ziparhoz | ELEKTRON-ETTO","og_description":"M\u00e9z felmeleg\u00edt\u00e9s\u00e9hez \u00e9s foly\u00e9kony \u00e1llapotban tart\u00e1s\u00e1hoz tervezett f\u0171t\u0151elemek. Egyedi ellen\u00e1ll\u00e1s-f\u0171t\u0151testek m\u00e9zipari alkalmaz\u00e1sokhoz.","og_url":"https:\/\/www.etto.cz\/hu\/futoelemek-felhasznalasi-cel-szerint\/mez-felmelegitese\/","og_site_name":"ETTO","article_modified_time":"2026-02-24T15:23:56+00:00","og_image":[{"width":1370,"height":1212,"url":"https:\/\/www.etto.cz\/wp-content\/uploads\/2016\/12\/tm1.jpg","type":"image\/jpeg"}],"twitter_card":"summary_large_image","schema":{"@context":"https:\/\/schema.org","@graph":[{"@type":"WebPage","@id":"https:\/\/www.etto.cz\/telesa-podle-ucelu\/rozpousteni-medu\/","url":"https:\/\/www.etto.cz\/telesa-podle-ucelu\/rozpousteni-medu\/","name":"M\u00e9z felmeleg\u00edt\u00e9se \u2013 f\u0171t\u0151elemek m\u00e9ziparhoz | ELEKTRON-ETTO","isPartOf":{"@id":"https:\/\/www.etto.cz\/#website"},"primaryImageOfPage":{"@id":"https:\/\/www.etto.cz\/telesa-podle-ucelu\/rozpousteni-medu\/#primaryimage"},"image":{"@id":"https:\/\/www.etto.cz\/telesa-podle-ucelu\/rozpousteni-medu\/#primaryimage"},"thumbnailUrl":"https:\/\/www.etto.cz\/wp-content\/uploads\/2016\/12\/tm1.jpg","datePublished":"2018-03-14T14:12:59+00:00","dateModified":"2026-02-24T15:23:56+00:00","description":"M\u00e9z felmeleg\u00edt\u00e9s\u00e9hez \u00e9s foly\u00e9kony \u00e1llapotban tart\u00e1s\u00e1hoz tervezett f\u0171t\u0151elemek. Egyedi ellen\u00e1ll\u00e1s-f\u0171t\u0151testek m\u00e9zipari alkalmaz\u00e1sokhoz.","breadcrumb":{"@id":"https:\/\/www.etto.cz\/telesa-podle-ucelu\/rozpousteni-medu\/#breadcrumb"},"inLanguage":"hu","potentialAction":[{"@type":"ReadAction","target":["https:\/\/www.etto.cz\/telesa-podle-ucelu\/rozpousteni-medu\/"]}]},{"@type":"ImageObject","inLanguage":"hu","@id":"https:\/\/www.etto.cz\/telesa-podle-ucelu\/rozpousteni-medu\/#primaryimage","url":"https:\/\/www.etto.cz\/wp-content\/uploads\/2016\/12\/tm1.jpg","contentUrl":"https:\/\/www.etto.cz\/wp-content\/uploads\/2016\/12\/tm1.jpg","width":1370,"height":1212},{"@type":"BreadcrumbList","@id":"https:\/\/www.etto.cz\/telesa-podle-ucelu\/rozpousteni-medu\/#breadcrumb","itemListElement":[{"@type":"ListItem","position":1,"name":"Dom\u016f","item":"https:\/\/www.etto.cz\/"},{"@type":"ListItem","position":2,"name":"F\u0171t\u0151elemek felhaszn\u00e1l\u00e1s szerint","item":"https:\/\/www.etto.cz\/telesa-podle-ucelu\/"},{"@type":"ListItem","position":3,"name":"M\u00e9z felmeleg\u00edt\u00e9se"}]},{"@type":"WebSite","@id":"https:\/\/www.etto.cz\/#website","url":"https:\/\/www.etto.cz\/","name":"ETTO","description":"V\u00fdroba elektrick\u00fdch topn\u00fdch t\u011bles","potentialAction":[{"@type":"SearchAction","target":{"@type":"EntryPoint","urlTemplate":"https:\/\/www.etto.cz\/?s={search_term_string}"},"query-input":{"@type":"PropertyValueSpecification","valueRequired":true,"valueName":"search_term_string"}}],"inLanguage":"hu"}]}},"_links":{"self":[{"href":"https:\/\/www.etto.cz\/hu\/wp-json\/wp\/v2\/pages\/5765","targetHints":{"allow":["GET"]}}],"collection":[{"href":"https:\/\/www.etto.cz\/hu\/wp-json\/wp\/v2\/pages"}],"about":[{"href":"https:\/\/www.etto.cz\/hu\/wp-json\/wp\/v2\/types\/page"}],"author":[{"embeddable":true,"href":"https:\/\/www.etto.cz\/hu\/wp-json\/wp\/v2\/users\/1"}],"replies":[{"embeddable":true,"href":"https:\/\/www.etto.cz\/hu\/wp-json\/wp\/v2\/comments?post=5765"}],"version-history":[{"count":1,"href":"https:\/\/www.etto.cz\/hu\/wp-json\/wp\/v2\/pages\/5765\/revisions"}],"predecessor-version":[{"id":5931,"href":"https:\/\/www.etto.cz\/hu\/wp-json\/wp\/v2\/pages\/5765\/revisions\/5931"}],"up":[{"embeddable":true,"href":"https:\/\/www.etto.cz\/hu\/wp-json\/wp\/v2\/pages\/5771"}],"wp:featuredmedia":[{"embeddable":true,"href":"https:\/\/www.etto.cz\/hu\/wp-json\/wp\/v2\/media\/5767"}],"wp:attachment":[{"href":"https:\/\/www.etto.cz\/hu\/wp-json\/wp\/v2\/media?parent=5765"}],"curies":[{"name":"wp","href":"https:\/\/api.w.org\/{rel}","templated":true}]}}