{"id":5768,"date":"2018-03-14T14:53:53","date_gmt":"2018-03-14T13:53:53","guid":{"rendered":"https:\/\/www.etto.cz\/heating-bodies-with-the-vulcanized-cable-connection\/"},"modified":"2026-02-24T16:23:56","modified_gmt":"2026-02-24T15:23:56","slug":"futoelemek-vulkanizalt-kabel-csatlakozassal","status":"publish","type":"page","link":"https:\/\/www.etto.cz\/hu\/futoelemek-felhasznalasi-cel-szerint\/futoelemek-vulkanizalt-kabel-csatlakozassal\/","title":{"rendered":"F\u0171t\u0151elemek vulkaniz\u00e1lt k\u00e1bel csatlakoz\u00e1ssal"},"content":{"rendered":"<p>Olyan alkalmaz\u00e1sokban haszn\u00e1lj\u00e1k, amelyek a k\u00e1bel \u00e9s a f\u0171t\u0151r\u00fad k\u00f6z\u00f6tti teljes t\u00f6m\u00edt\u00e9st ig\u00e9nylik, vagy ahol a k\u00e1belcsatlakoz\u00e1snak ellen\u00e1ll\u00f3nak kell lennie a gyakori hajl\u00edt\u00e1s okozta s\u00e9r\u00fcl\u00e9sekkel szemben. A k\u00e1bel \u00e9s a f\u0171t\u0151elem k\u00f6t\u00e9s\u00e9t vulkaniz\u00e1lt gumir\u00e9teg v\u00e9di.&nbsp;<\/p>\n<p><strong>Felhaszn\u00e1l\u00e1s:&nbsp;<\/strong> f\u0171t\u0151elemek j\u00e9gtelen\u00edt\u00e9shez, f\u0171t\u0151elemek k\u00fclt\u00e9ri haszn\u00e1latra stb.<\/p>\n","protected":false},"excerpt":{"rendered":"<p>Olyan alkalmaz\u00e1sokban haszn\u00e1lj\u00e1k, amelyek a k\u00e1bel \u00e9s a f\u0171t\u0151r\u00fad k\u00f6z\u00f6tti teljes t\u00f6m\u00edt\u00e9st ig\u00e9nylik, vagy ahol a k\u00e1belcsatlakoz\u00e1snak ellen\u00e1ll\u00f3nak kell lennie a gyakori hajl\u00edt\u00e1s okozta s\u00e9r\u00fcl\u00e9sekkel &#8230;<\/p>\n","protected":false},"author":1,"featured_media":5770,"parent":5771,"menu_order":0,"comment_status":"open","ping_status":"open","template":"_page-menu.php","meta":{"_acf_changed":false,"ngg_post_thumbnail":0,"footnotes":"","_links_to":"","_links_to_target":""},"class_list":["post-5768","page","type-page","status-publish","has-post-thumbnail","hentry"],"acf":[],"yoast_head":"<!-- This site is optimized with the Yoast SEO plugin v27.3 - https:\/\/yoast.com\/product\/yoast-seo-wordpress\/ -->\n<title>F\u0171t\u0151elemek vulkaniz\u00e1lt k\u00e1bel csatlakoz\u00e1ssal | ELEKTRON-ETTO<\/title>\n<meta name=\"description\" content=\"Vulkaniz\u00e1lt k\u00e1bel csatlakoz\u00e1ssal ell\u00e1tott f\u0171t\u0151elemek. V\u00edzz\u00e1r\u00f3, megb\u00edzhat\u00f3 csatlakoz\u00e1s ipari f\u0171t\u0151testekhez egyedi gy\u00e1rt\u00e1sban.\" \/>\n<meta name=\"robots\" content=\"index, follow, max-snippet:-1, max-image-preview:large, max-video-preview:-1\" \/>\n<link rel=\"canonical\" href=\"https:\/\/www.etto.cz\/hu\/futoelemek-felhasznalasi-cel-szerint\/futoelemek-vulkanizalt-kabel-csatlakozassal\/\" \/>\n<meta property=\"og:locale\" content=\"hu_HU\" \/>\n<meta property=\"og:type\" content=\"article\" \/>\n<meta property=\"og:title\" content=\"F\u0171t\u0151elemek vulkaniz\u00e1lt k\u00e1bel csatlakoz\u00e1ssal | ELEKTRON-ETTO\" \/>\n<meta property=\"og:description\" content=\"Vulkaniz\u00e1lt k\u00e1bel csatlakoz\u00e1ssal ell\u00e1tott f\u0171t\u0151elemek. V\u00edzz\u00e1r\u00f3, megb\u00edzhat\u00f3 csatlakoz\u00e1s ipari f\u0171t\u0151testekhez egyedi gy\u00e1rt\u00e1sban.\" \/>\n<meta property=\"og:url\" content=\"https:\/\/www.etto.cz\/hu\/futoelemek-felhasznalasi-cel-szerint\/futoelemek-vulkanizalt-kabel-csatlakozassal\/\" \/>\n<meta property=\"og:site_name\" content=\"ETTO\" \/>\n<meta property=\"article:modified_time\" content=\"2026-02-24T15:23:56+00:00\" \/>\n<meta property=\"og:image\" content=\"https:\/\/www.etto.cz\/wp-content\/uploads\/2020\/02\/topne-teleso-vulkanizovane.jpg\" \/>\n\t<meta property=\"og:image:width\" content=\"630\" \/>\n\t<meta property=\"og:image:height\" content=\"630\" \/>\n\t<meta property=\"og:image:type\" content=\"image\/jpeg\" \/>\n<meta name=\"twitter:card\" content=\"summary_large_image\" \/>\n<script type=\"application\/ld+json\" class=\"yoast-schema-graph\">{\"@context\":\"https:\\\/\\\/schema.org\",\"@graph\":[{\"@type\":\"WebPage\",\"@id\":\"https:\\\/\\\/www.etto.cz\\\/telesa-podle-ucelu\\\/topna-telesa-s-napojenim-kabelu-vulkanizaci\\\/\",\"url\":\"https:\\\/\\\/www.etto.cz\\\/telesa-podle-ucelu\\\/topna-telesa-s-napojenim-kabelu-vulkanizaci\\\/\",\"name\":\"F\u0171t\u0151elemek vulkaniz\u00e1lt k\u00e1bel csatlakoz\u00e1ssal | ELEKTRON-ETTO\",\"isPartOf\":{\"@id\":\"https:\\\/\\\/www.etto.cz\\\/#website\"},\"primaryImageOfPage\":{\"@id\":\"https:\\\/\\\/www.etto.cz\\\/telesa-podle-ucelu\\\/topna-telesa-s-napojenim-kabelu-vulkanizaci\\\/#primaryimage\"},\"image\":{\"@id\":\"https:\\\/\\\/www.etto.cz\\\/telesa-podle-ucelu\\\/topna-telesa-s-napojenim-kabelu-vulkanizaci\\\/#primaryimage\"},\"thumbnailUrl\":\"https:\\\/\\\/www.etto.cz\\\/wp-content\\\/uploads\\\/2020\\\/02\\\/topne-teleso-vulkanizovane.jpg\",\"datePublished\":\"2018-03-14T13:53:53+00:00\",\"dateModified\":\"2026-02-24T15:23:56+00:00\",\"description\":\"Vulkaniz\u00e1lt k\u00e1bel csatlakoz\u00e1ssal ell\u00e1tott f\u0171t\u0151elemek. V\u00edzz\u00e1r\u00f3, megb\u00edzhat\u00f3 csatlakoz\u00e1s ipari f\u0171t\u0151testekhez egyedi gy\u00e1rt\u00e1sban.\",\"breadcrumb\":{\"@id\":\"https:\\\/\\\/www.etto.cz\\\/telesa-podle-ucelu\\\/topna-telesa-s-napojenim-kabelu-vulkanizaci\\\/#breadcrumb\"},\"inLanguage\":\"hu\",\"potentialAction\":[{\"@type\":\"ReadAction\",\"target\":[\"https:\\\/\\\/www.etto.cz\\\/telesa-podle-ucelu\\\/topna-telesa-s-napojenim-kabelu-vulkanizaci\\\/\"]}]},{\"@type\":\"ImageObject\",\"inLanguage\":\"hu\",\"@id\":\"https:\\\/\\\/www.etto.cz\\\/telesa-podle-ucelu\\\/topna-telesa-s-napojenim-kabelu-vulkanizaci\\\/#primaryimage\",\"url\":\"https:\\\/\\\/www.etto.cz\\\/wp-content\\\/uploads\\\/2020\\\/02\\\/topne-teleso-vulkanizovane.jpg\",\"contentUrl\":\"https:\\\/\\\/www.etto.cz\\\/wp-content\\\/uploads\\\/2020\\\/02\\\/topne-teleso-vulkanizovane.jpg\",\"width\":630,\"height\":630},{\"@type\":\"BreadcrumbList\",\"@id\":\"https:\\\/\\\/www.etto.cz\\\/telesa-podle-ucelu\\\/topna-telesa-s-napojenim-kabelu-vulkanizaci\\\/#breadcrumb\",\"itemListElement\":[{\"@type\":\"ListItem\",\"position\":1,\"name\":\"Dom\u016f\",\"item\":\"https:\\\/\\\/www.etto.cz\\\/\"},{\"@type\":\"ListItem\",\"position\":2,\"name\":\"F\u0171t\u0151elemek felhaszn\u00e1l\u00e1s szerint\",\"item\":\"https:\\\/\\\/www.etto.cz\\\/telesa-podle-ucelu\\\/\"},{\"@type\":\"ListItem\",\"position\":3,\"name\":\"F\u0171t\u0151elemek vulkaniz\u00e1lt k\u00e1bel csatlakoz\u00e1ssal\"}]},{\"@type\":\"WebSite\",\"@id\":\"https:\\\/\\\/www.etto.cz\\\/#website\",\"url\":\"https:\\\/\\\/www.etto.cz\\\/\",\"name\":\"ETTO\",\"description\":\"V\u00fdroba elektrick\u00fdch topn\u00fdch t\u011bles\",\"potentialAction\":[{\"@type\":\"SearchAction\",\"target\":{\"@type\":\"EntryPoint\",\"urlTemplate\":\"https:\\\/\\\/www.etto.cz\\\/?s={search_term_string}\"},\"query-input\":{\"@type\":\"PropertyValueSpecification\",\"valueRequired\":true,\"valueName\":\"search_term_string\"}}],\"inLanguage\":\"hu\"}]}<\/script>\n<!-- \/ Yoast SEO plugin. -->","yoast_head_json":{"title":"F\u0171t\u0151elemek vulkaniz\u00e1lt k\u00e1bel csatlakoz\u00e1ssal | ELEKTRON-ETTO","description":"Vulkaniz\u00e1lt k\u00e1bel csatlakoz\u00e1ssal ell\u00e1tott f\u0171t\u0151elemek. V\u00edzz\u00e1r\u00f3, megb\u00edzhat\u00f3 csatlakoz\u00e1s ipari f\u0171t\u0151testekhez egyedi gy\u00e1rt\u00e1sban.","robots":{"index":"index","follow":"follow","max-snippet":"max-snippet:-1","max-image-preview":"max-image-preview:large","max-video-preview":"max-video-preview:-1"},"canonical":"https:\/\/www.etto.cz\/hu\/futoelemek-felhasznalasi-cel-szerint\/futoelemek-vulkanizalt-kabel-csatlakozassal\/","og_locale":"hu_HU","og_type":"article","og_title":"F\u0171t\u0151elemek vulkaniz\u00e1lt k\u00e1bel csatlakoz\u00e1ssal | ELEKTRON-ETTO","og_description":"Vulkaniz\u00e1lt k\u00e1bel csatlakoz\u00e1ssal ell\u00e1tott f\u0171t\u0151elemek. V\u00edzz\u00e1r\u00f3, megb\u00edzhat\u00f3 csatlakoz\u00e1s ipari f\u0171t\u0151testekhez egyedi gy\u00e1rt\u00e1sban.","og_url":"https:\/\/www.etto.cz\/hu\/futoelemek-felhasznalasi-cel-szerint\/futoelemek-vulkanizalt-kabel-csatlakozassal\/","og_site_name":"ETTO","article_modified_time":"2026-02-24T15:23:56+00:00","og_image":[{"width":630,"height":630,"url":"https:\/\/www.etto.cz\/wp-content\/uploads\/2020\/02\/topne-teleso-vulkanizovane.jpg","type":"image\/jpeg"}],"twitter_card":"summary_large_image","schema":{"@context":"https:\/\/schema.org","@graph":[{"@type":"WebPage","@id":"https:\/\/www.etto.cz\/telesa-podle-ucelu\/topna-telesa-s-napojenim-kabelu-vulkanizaci\/","url":"https:\/\/www.etto.cz\/telesa-podle-ucelu\/topna-telesa-s-napojenim-kabelu-vulkanizaci\/","name":"F\u0171t\u0151elemek vulkaniz\u00e1lt k\u00e1bel csatlakoz\u00e1ssal | ELEKTRON-ETTO","isPartOf":{"@id":"https:\/\/www.etto.cz\/#website"},"primaryImageOfPage":{"@id":"https:\/\/www.etto.cz\/telesa-podle-ucelu\/topna-telesa-s-napojenim-kabelu-vulkanizaci\/#primaryimage"},"image":{"@id":"https:\/\/www.etto.cz\/telesa-podle-ucelu\/topna-telesa-s-napojenim-kabelu-vulkanizaci\/#primaryimage"},"thumbnailUrl":"https:\/\/www.etto.cz\/wp-content\/uploads\/2020\/02\/topne-teleso-vulkanizovane.jpg","datePublished":"2018-03-14T13:53:53+00:00","dateModified":"2026-02-24T15:23:56+00:00","description":"Vulkaniz\u00e1lt k\u00e1bel csatlakoz\u00e1ssal ell\u00e1tott f\u0171t\u0151elemek. V\u00edzz\u00e1r\u00f3, megb\u00edzhat\u00f3 csatlakoz\u00e1s ipari f\u0171t\u0151testekhez egyedi gy\u00e1rt\u00e1sban.","breadcrumb":{"@id":"https:\/\/www.etto.cz\/telesa-podle-ucelu\/topna-telesa-s-napojenim-kabelu-vulkanizaci\/#breadcrumb"},"inLanguage":"hu","potentialAction":[{"@type":"ReadAction","target":["https:\/\/www.etto.cz\/telesa-podle-ucelu\/topna-telesa-s-napojenim-kabelu-vulkanizaci\/"]}]},{"@type":"ImageObject","inLanguage":"hu","@id":"https:\/\/www.etto.cz\/telesa-podle-ucelu\/topna-telesa-s-napojenim-kabelu-vulkanizaci\/#primaryimage","url":"https:\/\/www.etto.cz\/wp-content\/uploads\/2020\/02\/topne-teleso-vulkanizovane.jpg","contentUrl":"https:\/\/www.etto.cz\/wp-content\/uploads\/2020\/02\/topne-teleso-vulkanizovane.jpg","width":630,"height":630},{"@type":"BreadcrumbList","@id":"https:\/\/www.etto.cz\/telesa-podle-ucelu\/topna-telesa-s-napojenim-kabelu-vulkanizaci\/#breadcrumb","itemListElement":[{"@type":"ListItem","position":1,"name":"Dom\u016f","item":"https:\/\/www.etto.cz\/"},{"@type":"ListItem","position":2,"name":"F\u0171t\u0151elemek felhaszn\u00e1l\u00e1s szerint","item":"https:\/\/www.etto.cz\/telesa-podle-ucelu\/"},{"@type":"ListItem","position":3,"name":"F\u0171t\u0151elemek vulkaniz\u00e1lt k\u00e1bel csatlakoz\u00e1ssal"}]},{"@type":"WebSite","@id":"https:\/\/www.etto.cz\/#website","url":"https:\/\/www.etto.cz\/","name":"ETTO","description":"V\u00fdroba elektrick\u00fdch topn\u00fdch t\u011bles","potentialAction":[{"@type":"SearchAction","target":{"@type":"EntryPoint","urlTemplate":"https:\/\/www.etto.cz\/?s={search_term_string}"},"query-input":{"@type":"PropertyValueSpecification","valueRequired":true,"valueName":"search_term_string"}}],"inLanguage":"hu"}]}},"_links":{"self":[{"href":"https:\/\/www.etto.cz\/hu\/wp-json\/wp\/v2\/pages\/5768","targetHints":{"allow":["GET"]}}],"collection":[{"href":"https:\/\/www.etto.cz\/hu\/wp-json\/wp\/v2\/pages"}],"about":[{"href":"https:\/\/www.etto.cz\/hu\/wp-json\/wp\/v2\/types\/page"}],"author":[{"embeddable":true,"href":"https:\/\/www.etto.cz\/hu\/wp-json\/wp\/v2\/users\/1"}],"replies":[{"embeddable":true,"href":"https:\/\/www.etto.cz\/hu\/wp-json\/wp\/v2\/comments?post=5768"}],"version-history":[{"count":1,"href":"https:\/\/www.etto.cz\/hu\/wp-json\/wp\/v2\/pages\/5768\/revisions"}],"predecessor-version":[{"id":5936,"href":"https:\/\/www.etto.cz\/hu\/wp-json\/wp\/v2\/pages\/5768\/revisions\/5936"}],"up":[{"embeddable":true,"href":"https:\/\/www.etto.cz\/hu\/wp-json\/wp\/v2\/pages\/5771"}],"wp:featuredmedia":[{"embeddable":true,"href":"https:\/\/www.etto.cz\/hu\/wp-json\/wp\/v2\/media\/5770"}],"wp:attachment":[{"href":"https:\/\/www.etto.cz\/hu\/wp-json\/wp\/v2\/media?parent=5768"}],"curies":[{"name":"wp","href":"https:\/\/api.w.org\/{rel}","templated":true}]}}