{"id":5771,"date":"2018-03-14T14:53:39","date_gmt":"2018-03-14T13:53:39","guid":{"rendered":"https:\/\/www.etto.cz\/bodies-according-to-the-purpose\/"},"modified":"2026-02-24T16:23:56","modified_gmt":"2026-02-24T15:23:56","slug":"futoelemek-felhasznalasi-cel-szerint","status":"publish","type":"page","link":"https:\/\/www.etto.cz\/hu\/futoelemek-felhasznalasi-cel-szerint\/","title":{"rendered":"F\u0171t\u0151elemek felhaszn\u00e1l\u00e1s szerint"},"content":{"rendered":"<div class=\"sub-menu\">            <a href=\"https:\/\/www.etto.cz\/hu\/futoelemek-felhasznalasi-cel-szerint\/ipari-futotestek\/\" class=\"subitem\">\n                <span class=\"img\">\n                    <img decoding=\"async\" src=\"https:\/\/www.etto.cz\/wp-content\/uploads\/2016\/12\/ohrev_vzduchu_potrubi-153x153.jpg\" alt=\"Ipari f\u0171t\u0151testek\" loading=\"lazy\" \/>\n                    <span><em>Ipari f\u0171t\u0151testek<\/em><\/span>\n                <\/span>\n                <strong>Ipari f\u0171t\u0151testek<\/strong>\n            <\/a>\n                        <a href=\"https:\/\/www.etto.cz\/hu\/futoelemek-felhasznalasi-cel-szerint\/furdoszobai-radiator-futotestek\/\" class=\"subitem\">\n                <span class=\"img\">\n                    <img decoding=\"async\" src=\"https:\/\/www.etto.cz\/wp-content\/uploads\/2016\/12\/z1-153x153.png\" alt=\"F\u00fcrd\u0151szobai radi\u00e1tor f\u0171t\u0151testek\" loading=\"lazy\" \/>\n                    <span><em>F\u00fcrd\u0151szobai radi\u00e1tor f\u0171t\u0151testek<\/em><\/span>\n                <\/span>\n                <strong>F\u00fcrd\u0151szobai radi\u00e1tor f\u0171t\u0151testek<\/strong>\n            <\/a>\n                        <a href=\"https:\/\/www.etto.cz\/hu\/futoelemek-felhasznalasi-cel-szerint\/mez-felmelegitese\/\" class=\"subitem\">\n                <span class=\"img\">\n                    <img decoding=\"async\" src=\"https:\/\/www.etto.cz\/wp-content\/uploads\/2016\/12\/tm1-153x135.jpg\" alt=\"M\u00e9z felmeleg\u00edt\u00e9se\" loading=\"lazy\" \/>\n                    <span><em>M\u00e9z felmeleg\u00edt\u00e9se<\/em><\/span>\n                <\/span>\n                <strong>M\u00e9z felmeleg\u00edt\u00e9se<\/strong>\n            <\/a>\n                        <a href=\"https:\/\/www.etto.cz\/hu\/futoelemek-felhasznalasi-cel-szerint\/vegyszeres-kozegben-hasznalhato-futotestek\/\" class=\"subitem\">\n                <span class=\"img\">\n                    <img decoding=\"async\" src=\"https:\/\/www.etto.cz\/wp-content\/uploads\/2025\/04\/popular_3kw-153x96.jpg\" alt=\"Vegyszeres k\u00f6zegben haszn\u00e1lhat\u00f3 f\u0171t\u0151testek\" loading=\"lazy\" \/>\n                    <span><em>Vegyszeres k\u00f6zegben haszn\u00e1lhat\u00f3 f\u0171t\u0151testek<\/em><\/span>\n                <\/span>\n                <strong>Vegyszeres k\u00f6zegben haszn\u00e1lhat\u00f3 f\u0171t\u0151testek<\/strong>\n            <\/a>\n                        <a href=\"https:\/\/www.etto.cz\/hu\/futoelemek-felhasznalasi-cel-szerint\/futoelemek-vulkanizalt-kabel-csatlakozassal\/\" class=\"subitem\">\n                <span class=\"img\">\n                    <img decoding=\"async\" src=\"https:\/\/www.etto.cz\/wp-content\/uploads\/2020\/02\/topne-teleso-vulkanizovane-153x153.jpg\" alt=\"F\u0171t\u0151elemek vulkaniz\u00e1lt k\u00e1bel csatlakoz\u00e1ssal\" loading=\"lazy\" \/>\n                    <span><em>F\u0171t\u0151elemek vulkaniz\u00e1lt k\u00e1bel csatlakoz\u00e1ssal<\/em><\/span>\n                <\/span>\n                <strong>F\u0171t\u0151elemek vulkaniz\u00e1lt k\u00e1bel csatlakoz\u00e1ssal<\/strong>\n            <\/a>\n                        <a href=\"https:\/\/www.etto.cz\/hu\/futoelemek-felhasznalasi-cel-szerint\/futotestek-robbanasveszelyes-kornyezetbe\/\" class=\"subitem\">\n                <span class=\"img\">\n                    <img decoding=\"async\" src=\"https:\/\/www.etto.cz\/wp-content\/uploads\/2017\/09\/aer-ex-111x153.jpg\" alt=\"F\u0171t\u0151testek robban\u00e1svesz\u00e9lyes k\u00f6rnyezetbe\" loading=\"lazy\" \/>\n                    <span><em>F\u0171t\u0151testek robban\u00e1svesz\u00e9lyes k\u00f6rnyezetbe<\/em><\/span>\n                <\/span>\n                <strong>F\u0171t\u0151testek robban\u00e1svesz\u00e9lyes k\u00f6rnyezetbe<\/strong>\n            <\/a>\n                        <a href=\"https:\/\/www.etto.cz\/hu\/futoelemek-felhasznalasi-cel-szerint\/ciposzarito\/\" class=\"subitem\">\n                <span class=\"img\">\n                    <img decoding=\"async\" src=\"https:\/\/www.etto.cz\/wp-content\/uploads\/2016\/12\/susic_2-153x134.jpg\" alt=\"Cip\u0151sz\u00e1r\u00edt\u00f3\" loading=\"lazy\" \/>\n                    <span><em>Cip\u0151sz\u00e1r\u00edt\u00f3<\/em><\/span>\n                <\/span>\n                <strong>Cip\u0151sz\u00e1r\u00edt\u00f3<\/strong>\n            <\/a>\n            <\/div>\n","protected":false},"excerpt":{"rendered":"","protected":false},"author":1,"featured_media":0,"parent":0,"menu_order":0,"comment_status":"open","ping_status":"open","template":"_page-menu.php","meta":{"_acf_changed":false,"ngg_post_thumbnail":0,"footnotes":"","_links_to":"","_links_to_target":""},"class_list":["post-5771","page","type-page","status-publish","hentry"],"acf":[],"yoast_head":"<!-- This site is optimized with the Yoast SEO plugin v27.3 - https:\/\/yoast.com\/product\/yoast-seo-wordpress\/ -->\n<title>F\u0171t\u0151elemek felhaszn\u00e1l\u00e1s szerint | ELEKTRON-ETTO<\/title>\n<meta name=\"description\" content=\"Ipari f\u0171t\u0151elemek felhaszn\u00e1l\u00e1si ter\u00fclet szerint \u2013 folyad\u00e9kok, g\u00e1zok, szil\u00e1rd anyagok f\u0171t\u00e9se, infraf\u0171t\u00e9s \u00e9s kontakt f\u0171t\u00e9s megold\u00e1sai.\" \/>\n<meta name=\"robots\" content=\"index, follow, max-snippet:-1, max-image-preview:large, max-video-preview:-1\" \/>\n<link rel=\"canonical\" href=\"https:\/\/www.etto.cz\/hu\/futoelemek-felhasznalasi-cel-szerint\/ciposzarito\/\" \/>\n<meta property=\"og:locale\" content=\"hu_HU\" \/>\n<meta property=\"og:type\" content=\"article\" \/>\n<meta property=\"og:title\" content=\"F\u0171t\u0151elemek felhaszn\u00e1l\u00e1s szerint | ELEKTRON-ETTO\" \/>\n<meta property=\"og:description\" content=\"Ipari f\u0171t\u0151elemek felhaszn\u00e1l\u00e1si ter\u00fclet szerint \u2013 folyad\u00e9kok, g\u00e1zok, szil\u00e1rd anyagok f\u0171t\u00e9se, infraf\u0171t\u00e9s \u00e9s kontakt f\u0171t\u00e9s megold\u00e1sai.\" \/>\n<meta property=\"og:url\" content=\"https:\/\/www.etto.cz\/hu\/futoelemek-felhasznalasi-cel-szerint\/ciposzarito\/\" \/>\n<meta property=\"og:site_name\" content=\"ETTO\" \/>\n<meta property=\"article:modified_time\" content=\"2026-02-24T15:23:56+00:00\" \/>\n<meta property=\"og:image\" content=\"https:\/\/www.etto.cz\/hu\/wp-content\/gallery\/prumyslova-telesa\/teleso-kotel.jpg\" \/>\n<meta name=\"twitter:card\" content=\"summary_large_image\" \/>\n<script type=\"application\/ld+json\" class=\"yoast-schema-graph\">{\"@context\":\"https:\\\/\\\/schema.org\",\"@graph\":[{\"@type\":\"WebPage\",\"@id\":\"https:\\\/\\\/www.etto.cz\\\/telesa-podle-ucelu\\\/\",\"url\":\"https:\\\/\\\/www.etto.cz\\\/telesa-podle-ucelu\\\/\",\"name\":\"F\u0171t\u0151elemek felhaszn\u00e1l\u00e1s szerint | ELEKTRON-ETTO\",\"isPartOf\":{\"@id\":\"https:\\\/\\\/www.etto.cz\\\/#website\"},\"datePublished\":\"2018-03-14T13:53:39+00:00\",\"dateModified\":\"2026-02-24T15:23:56+00:00\",\"description\":\"Ipari f\u0171t\u0151elemek felhaszn\u00e1l\u00e1si ter\u00fclet szerint \u2013 folyad\u00e9kok, g\u00e1zok, szil\u00e1rd anyagok f\u0171t\u00e9se, infraf\u0171t\u00e9s \u00e9s kontakt f\u0171t\u00e9s megold\u00e1sai.\",\"breadcrumb\":{\"@id\":\"https:\\\/\\\/www.etto.cz\\\/telesa-podle-ucelu\\\/#breadcrumb\"},\"inLanguage\":\"hu\",\"potentialAction\":[{\"@type\":\"ReadAction\",\"target\":[\"https:\\\/\\\/www.etto.cz\\\/telesa-podle-ucelu\\\/\"]}]},{\"@type\":\"BreadcrumbList\",\"@id\":\"https:\\\/\\\/www.etto.cz\\\/telesa-podle-ucelu\\\/#breadcrumb\",\"itemListElement\":[{\"@type\":\"ListItem\",\"position\":1,\"name\":\"Dom\u016f\",\"item\":\"https:\\\/\\\/www.etto.cz\\\/\"},{\"@type\":\"ListItem\",\"position\":2,\"name\":\"F\u0171t\u0151elemek felhaszn\u00e1l\u00e1s szerint\"}]},{\"@type\":\"WebSite\",\"@id\":\"https:\\\/\\\/www.etto.cz\\\/#website\",\"url\":\"https:\\\/\\\/www.etto.cz\\\/\",\"name\":\"ETTO\",\"description\":\"V\u00fdroba elektrick\u00fdch topn\u00fdch t\u011bles\",\"potentialAction\":[{\"@type\":\"SearchAction\",\"target\":{\"@type\":\"EntryPoint\",\"urlTemplate\":\"https:\\\/\\\/www.etto.cz\\\/?s={search_term_string}\"},\"query-input\":{\"@type\":\"PropertyValueSpecification\",\"valueRequired\":true,\"valueName\":\"search_term_string\"}}],\"inLanguage\":\"hu\"}]}<\/script>\n<!-- \/ Yoast SEO plugin. -->","yoast_head_json":{"title":"F\u0171t\u0151elemek felhaszn\u00e1l\u00e1s szerint | ELEKTRON-ETTO","description":"Ipari f\u0171t\u0151elemek felhaszn\u00e1l\u00e1si ter\u00fclet szerint \u2013 folyad\u00e9kok, g\u00e1zok, szil\u00e1rd anyagok f\u0171t\u00e9se, infraf\u0171t\u00e9s \u00e9s kontakt f\u0171t\u00e9s megold\u00e1sai.","robots":{"index":"index","follow":"follow","max-snippet":"max-snippet:-1","max-image-preview":"max-image-preview:large","max-video-preview":"max-video-preview:-1"},"canonical":"https:\/\/www.etto.cz\/hu\/futoelemek-felhasznalasi-cel-szerint\/ciposzarito\/","og_locale":"hu_HU","og_type":"article","og_title":"F\u0171t\u0151elemek felhaszn\u00e1l\u00e1s szerint | ELEKTRON-ETTO","og_description":"Ipari f\u0171t\u0151elemek felhaszn\u00e1l\u00e1si ter\u00fclet szerint \u2013 folyad\u00e9kok, g\u00e1zok, szil\u00e1rd anyagok f\u0171t\u00e9se, infraf\u0171t\u00e9s \u00e9s kontakt f\u0171t\u00e9s megold\u00e1sai.","og_url":"https:\/\/www.etto.cz\/hu\/futoelemek-felhasznalasi-cel-szerint\/ciposzarito\/","og_site_name":"ETTO","article_modified_time":"2026-02-24T15:23:56+00:00","og_image":[{"url":"https:\/\/www.etto.cz\/hu\/wp-content\/gallery\/prumyslova-telesa\/teleso-kotel.jpg","type":"","width":"","height":""}],"twitter_card":"summary_large_image","schema":{"@context":"https:\/\/schema.org","@graph":[{"@type":"WebPage","@id":"https:\/\/www.etto.cz\/telesa-podle-ucelu\/","url":"https:\/\/www.etto.cz\/telesa-podle-ucelu\/","name":"F\u0171t\u0151elemek felhaszn\u00e1l\u00e1s szerint | ELEKTRON-ETTO","isPartOf":{"@id":"https:\/\/www.etto.cz\/#website"},"datePublished":"2018-03-14T13:53:39+00:00","dateModified":"2026-02-24T15:23:56+00:00","description":"Ipari f\u0171t\u0151elemek felhaszn\u00e1l\u00e1si ter\u00fclet szerint \u2013 folyad\u00e9kok, g\u00e1zok, szil\u00e1rd anyagok f\u0171t\u00e9se, infraf\u0171t\u00e9s \u00e9s kontakt f\u0171t\u00e9s megold\u00e1sai.","breadcrumb":{"@id":"https:\/\/www.etto.cz\/telesa-podle-ucelu\/#breadcrumb"},"inLanguage":"hu","potentialAction":[{"@type":"ReadAction","target":["https:\/\/www.etto.cz\/telesa-podle-ucelu\/"]}]},{"@type":"BreadcrumbList","@id":"https:\/\/www.etto.cz\/telesa-podle-ucelu\/#breadcrumb","itemListElement":[{"@type":"ListItem","position":1,"name":"Dom\u016f","item":"https:\/\/www.etto.cz\/"},{"@type":"ListItem","position":2,"name":"F\u0171t\u0151elemek felhaszn\u00e1l\u00e1s szerint"}]},{"@type":"WebSite","@id":"https:\/\/www.etto.cz\/#website","url":"https:\/\/www.etto.cz\/","name":"ETTO","description":"V\u00fdroba elektrick\u00fdch topn\u00fdch t\u011bles","potentialAction":[{"@type":"SearchAction","target":{"@type":"EntryPoint","urlTemplate":"https:\/\/www.etto.cz\/?s={search_term_string}"},"query-input":{"@type":"PropertyValueSpecification","valueRequired":true,"valueName":"search_term_string"}}],"inLanguage":"hu"}]}},"_links":{"self":[{"href":"https:\/\/www.etto.cz\/hu\/wp-json\/wp\/v2\/pages\/5771","targetHints":{"allow":["GET"]}}],"collection":[{"href":"https:\/\/www.etto.cz\/hu\/wp-json\/wp\/v2\/pages"}],"about":[{"href":"https:\/\/www.etto.cz\/hu\/wp-json\/wp\/v2\/types\/page"}],"author":[{"embeddable":true,"href":"https:\/\/www.etto.cz\/hu\/wp-json\/wp\/v2\/users\/1"}],"replies":[{"embeddable":true,"href":"https:\/\/www.etto.cz\/hu\/wp-json\/wp\/v2\/comments?post=5771"}],"version-history":[{"count":1,"href":"https:\/\/www.etto.cz\/hu\/wp-json\/wp\/v2\/pages\/5771\/revisions"}],"predecessor-version":[{"id":5940,"href":"https:\/\/www.etto.cz\/hu\/wp-json\/wp\/v2\/pages\/5771\/revisions\/5940"}],"wp:attachment":[{"href":"https:\/\/www.etto.cz\/hu\/wp-json\/wp\/v2\/media?parent=5771"}],"curies":[{"name":"wp","href":"https:\/\/api.w.org\/{rel}","templated":true}]}}