{"id":5773,"date":"2018-03-14T14:53:28","date_gmt":"2018-03-14T13:53:28","guid":{"rendered":"https:\/\/www.etto.cz\/bodies-according-to-the-purpose\/heating-of-galvanic-baths\/"},"modified":"2026-02-24T16:23:57","modified_gmt":"2026-02-24T15:23:57","slug":"vegyszeres-kozegben-hasznalhato-futotestek","status":"publish","type":"page","link":"https:\/\/www.etto.cz\/hu\/futoelemek-felhasznalasi-cel-szerint\/vegyszeres-kozegben-hasznalhato-futotestek\/","title":{"rendered":"Vegyszeres k\u00f6zegben haszn\u00e1lhat\u00f3 f\u0171t\u0151testek"},"content":{"rendered":"<p>A galv\u00e1nf\u00fcrd\u0151k f\u0171t\u00e9s\u00e9hez haszn\u00e1lt f\u0171t\u0151elemekre ugyanazok az inform\u00e1ci\u00f3k vonatkoznak, mint a <a href=\"https:\/\/www.etto.cz\/en\/heating-of-substances\/heating-liquids\/\">folyad\u00e9kok f\u0171t\u00e9s\u00e9re.<\/a> Ha a f\u0171t\u0151elemek vagy anyagok szabv\u00e1nyos kialak\u00edt\u00e1sa a folyad\u00e9kok f\u0171t\u00e9s\u00e9hez nem megfelel\u0151, speci\u00e1lis t\u00edpus\u00fa testek haszn\u00e1lhat\u00f3k.<\/p>\n","protected":false},"excerpt":{"rendered":"<p>A galv\u00e1nf\u00fcrd\u0151k f\u0171t\u00e9s\u00e9hez haszn\u00e1lt f\u0171t\u0151elemekre ugyanazok az inform\u00e1ci\u00f3k vonatkoznak, mint a folyad\u00e9kok f\u0171t\u00e9s\u00e9re. Ha a f\u0171t\u0151elemek vagy anyagok szabv\u00e1nyos kialak\u00edt\u00e1sa a folyad\u00e9kok f\u0171t\u00e9s\u00e9hez nem megfelel\u0151, &#8230;<\/p>\n","protected":false},"author":1,"featured_media":5775,"parent":5771,"menu_order":0,"comment_status":"open","ping_status":"closed","template":"_page-menu.php","meta":{"_acf_changed":false,"ngg_post_thumbnail":0,"footnotes":"","_links_to":"","_links_to_target":""},"class_list":["post-5773","page","type-page","status-publish","has-post-thumbnail","hentry"],"acf":[],"yoast_head":"<!-- This site is optimized with the Yoast SEO plugin v27.3 - https:\/\/yoast.com\/product\/yoast-seo-wordpress\/ -->\n<title>Vegyszeres k\u00f6zegben haszn\u00e1lhat\u00f3 f\u0171t\u0151testek | ELEKTRON-ETTO<\/title>\n<meta name=\"description\" content=\"Korr\u00f3zi\u00f3\u00e1ll\u00f3 f\u0171t\u0151testek vegyszeres k\u00f6zegekhez. PTFE \u00e9s speci\u00e1lis bevonat\u00fa ellen\u00e1ll\u00e1s-f\u0171t\u0151testek k\u00e9miai alkalmaz\u00e1sokhoz.\" \/>\n<meta name=\"robots\" content=\"index, follow, max-snippet:-1, max-image-preview:large, max-video-preview:-1\" \/>\n<link rel=\"canonical\" href=\"https:\/\/www.etto.cz\/hu\/futoelemek-felhasznalasi-cel-szerint\/vegyszeres-kozegben-hasznalhato-futotestek\/\" \/>\n<meta property=\"og:locale\" content=\"hu_HU\" \/>\n<meta property=\"og:type\" content=\"article\" \/>\n<meta property=\"og:title\" content=\"Vegyszeres k\u00f6zegben haszn\u00e1lhat\u00f3 f\u0171t\u0151testek | ELEKTRON-ETTO\" \/>\n<meta property=\"og:description\" content=\"Korr\u00f3zi\u00f3\u00e1ll\u00f3 f\u0171t\u0151testek vegyszeres k\u00f6zegekhez. PTFE \u00e9s speci\u00e1lis bevonat\u00fa ellen\u00e1ll\u00e1s-f\u0171t\u0151testek k\u00e9miai alkalmaz\u00e1sokhoz.\" \/>\n<meta property=\"og:url\" content=\"https:\/\/www.etto.cz\/hu\/futoelemek-felhasznalasi-cel-szerint\/vegyszeres-kozegben-hasznalhato-futotestek\/\" \/>\n<meta property=\"og:site_name\" content=\"ETTO\" \/>\n<meta property=\"article:modified_time\" content=\"2026-02-24T15:23:57+00:00\" \/>\n<meta property=\"og:image\" content=\"https:\/\/www.etto.cz\/wp-content\/uploads\/2025\/04\/popular_3kw.jpg\" \/>\n\t<meta property=\"og:image:width\" content=\"800\" \/>\n\t<meta property=\"og:image:height\" content=\"500\" \/>\n\t<meta property=\"og:image:type\" content=\"image\/jpeg\" \/>\n<meta name=\"twitter:card\" content=\"summary_large_image\" \/>\n<script type=\"application\/ld+json\" class=\"yoast-schema-graph\">{\"@context\":\"https:\\\/\\\/schema.org\",\"@graph\":[{\"@type\":\"WebPage\",\"@id\":\"https:\\\/\\\/www.etto.cz\\\/telesa-podle-ucelu\\\/ohrev-chemickych-roztoku\\\/\",\"url\":\"https:\\\/\\\/www.etto.cz\\\/telesa-podle-ucelu\\\/ohrev-chemickych-roztoku\\\/\",\"name\":\"Vegyszeres k\u00f6zegben haszn\u00e1lhat\u00f3 f\u0171t\u0151testek | ELEKTRON-ETTO\",\"isPartOf\":{\"@id\":\"https:\\\/\\\/www.etto.cz\\\/#website\"},\"primaryImageOfPage\":{\"@id\":\"https:\\\/\\\/www.etto.cz\\\/telesa-podle-ucelu\\\/ohrev-chemickych-roztoku\\\/#primaryimage\"},\"image\":{\"@id\":\"https:\\\/\\\/www.etto.cz\\\/telesa-podle-ucelu\\\/ohrev-chemickych-roztoku\\\/#primaryimage\"},\"thumbnailUrl\":\"https:\\\/\\\/www.etto.cz\\\/wp-content\\\/uploads\\\/2025\\\/04\\\/popular_3kw.jpg\",\"datePublished\":\"2018-03-14T13:53:28+00:00\",\"dateModified\":\"2026-02-24T15:23:57+00:00\",\"description\":\"Korr\u00f3zi\u00f3\u00e1ll\u00f3 f\u0171t\u0151testek vegyszeres k\u00f6zegekhez. PTFE \u00e9s speci\u00e1lis bevonat\u00fa ellen\u00e1ll\u00e1s-f\u0171t\u0151testek k\u00e9miai alkalmaz\u00e1sokhoz.\",\"breadcrumb\":{\"@id\":\"https:\\\/\\\/www.etto.cz\\\/telesa-podle-ucelu\\\/ohrev-chemickych-roztoku\\\/#breadcrumb\"},\"inLanguage\":\"hu\",\"potentialAction\":[{\"@type\":\"ReadAction\",\"target\":[\"https:\\\/\\\/www.etto.cz\\\/telesa-podle-ucelu\\\/ohrev-chemickych-roztoku\\\/\"]}]},{\"@type\":\"ImageObject\",\"inLanguage\":\"hu\",\"@id\":\"https:\\\/\\\/www.etto.cz\\\/telesa-podle-ucelu\\\/ohrev-chemickych-roztoku\\\/#primaryimage\",\"url\":\"https:\\\/\\\/www.etto.cz\\\/wp-content\\\/uploads\\\/2025\\\/04\\\/popular_3kw.jpg\",\"contentUrl\":\"https:\\\/\\\/www.etto.cz\\\/wp-content\\\/uploads\\\/2025\\\/04\\\/popular_3kw.jpg\",\"width\":800,\"height\":500},{\"@type\":\"BreadcrumbList\",\"@id\":\"https:\\\/\\\/www.etto.cz\\\/telesa-podle-ucelu\\\/ohrev-chemickych-roztoku\\\/#breadcrumb\",\"itemListElement\":[{\"@type\":\"ListItem\",\"position\":1,\"name\":\"Dom\u016f\",\"item\":\"https:\\\/\\\/www.etto.cz\\\/\"},{\"@type\":\"ListItem\",\"position\":2,\"name\":\"F\u0171t\u0151elemek felhaszn\u00e1l\u00e1s szerint\",\"item\":\"https:\\\/\\\/www.etto.cz\\\/telesa-podle-ucelu\\\/\"},{\"@type\":\"ListItem\",\"position\":3,\"name\":\"Vegyszeres k\u00f6zegben haszn\u00e1lhat\u00f3 f\u0171t\u0151testek\"}]},{\"@type\":\"WebSite\",\"@id\":\"https:\\\/\\\/www.etto.cz\\\/#website\",\"url\":\"https:\\\/\\\/www.etto.cz\\\/\",\"name\":\"ETTO\",\"description\":\"V\u00fdroba elektrick\u00fdch topn\u00fdch t\u011bles\",\"potentialAction\":[{\"@type\":\"SearchAction\",\"target\":{\"@type\":\"EntryPoint\",\"urlTemplate\":\"https:\\\/\\\/www.etto.cz\\\/?s={search_term_string}\"},\"query-input\":{\"@type\":\"PropertyValueSpecification\",\"valueRequired\":true,\"valueName\":\"search_term_string\"}}],\"inLanguage\":\"hu\"}]}<\/script>\n<!-- \/ Yoast SEO plugin. -->","yoast_head_json":{"title":"Vegyszeres k\u00f6zegben haszn\u00e1lhat\u00f3 f\u0171t\u0151testek | ELEKTRON-ETTO","description":"Korr\u00f3zi\u00f3\u00e1ll\u00f3 f\u0171t\u0151testek vegyszeres k\u00f6zegekhez. PTFE \u00e9s speci\u00e1lis bevonat\u00fa ellen\u00e1ll\u00e1s-f\u0171t\u0151testek k\u00e9miai alkalmaz\u00e1sokhoz.","robots":{"index":"index","follow":"follow","max-snippet":"max-snippet:-1","max-image-preview":"max-image-preview:large","max-video-preview":"max-video-preview:-1"},"canonical":"https:\/\/www.etto.cz\/hu\/futoelemek-felhasznalasi-cel-szerint\/vegyszeres-kozegben-hasznalhato-futotestek\/","og_locale":"hu_HU","og_type":"article","og_title":"Vegyszeres k\u00f6zegben haszn\u00e1lhat\u00f3 f\u0171t\u0151testek | ELEKTRON-ETTO","og_description":"Korr\u00f3zi\u00f3\u00e1ll\u00f3 f\u0171t\u0151testek vegyszeres k\u00f6zegekhez. PTFE \u00e9s speci\u00e1lis bevonat\u00fa ellen\u00e1ll\u00e1s-f\u0171t\u0151testek k\u00e9miai alkalmaz\u00e1sokhoz.","og_url":"https:\/\/www.etto.cz\/hu\/futoelemek-felhasznalasi-cel-szerint\/vegyszeres-kozegben-hasznalhato-futotestek\/","og_site_name":"ETTO","article_modified_time":"2026-02-24T15:23:57+00:00","og_image":[{"width":800,"height":500,"url":"https:\/\/www.etto.cz\/wp-content\/uploads\/2025\/04\/popular_3kw.jpg","type":"image\/jpeg"}],"twitter_card":"summary_large_image","schema":{"@context":"https:\/\/schema.org","@graph":[{"@type":"WebPage","@id":"https:\/\/www.etto.cz\/telesa-podle-ucelu\/ohrev-chemickych-roztoku\/","url":"https:\/\/www.etto.cz\/telesa-podle-ucelu\/ohrev-chemickych-roztoku\/","name":"Vegyszeres k\u00f6zegben haszn\u00e1lhat\u00f3 f\u0171t\u0151testek | ELEKTRON-ETTO","isPartOf":{"@id":"https:\/\/www.etto.cz\/#website"},"primaryImageOfPage":{"@id":"https:\/\/www.etto.cz\/telesa-podle-ucelu\/ohrev-chemickych-roztoku\/#primaryimage"},"image":{"@id":"https:\/\/www.etto.cz\/telesa-podle-ucelu\/ohrev-chemickych-roztoku\/#primaryimage"},"thumbnailUrl":"https:\/\/www.etto.cz\/wp-content\/uploads\/2025\/04\/popular_3kw.jpg","datePublished":"2018-03-14T13:53:28+00:00","dateModified":"2026-02-24T15:23:57+00:00","description":"Korr\u00f3zi\u00f3\u00e1ll\u00f3 f\u0171t\u0151testek vegyszeres k\u00f6zegekhez. PTFE \u00e9s speci\u00e1lis bevonat\u00fa ellen\u00e1ll\u00e1s-f\u0171t\u0151testek k\u00e9miai alkalmaz\u00e1sokhoz.","breadcrumb":{"@id":"https:\/\/www.etto.cz\/telesa-podle-ucelu\/ohrev-chemickych-roztoku\/#breadcrumb"},"inLanguage":"hu","potentialAction":[{"@type":"ReadAction","target":["https:\/\/www.etto.cz\/telesa-podle-ucelu\/ohrev-chemickych-roztoku\/"]}]},{"@type":"ImageObject","inLanguage":"hu","@id":"https:\/\/www.etto.cz\/telesa-podle-ucelu\/ohrev-chemickych-roztoku\/#primaryimage","url":"https:\/\/www.etto.cz\/wp-content\/uploads\/2025\/04\/popular_3kw.jpg","contentUrl":"https:\/\/www.etto.cz\/wp-content\/uploads\/2025\/04\/popular_3kw.jpg","width":800,"height":500},{"@type":"BreadcrumbList","@id":"https:\/\/www.etto.cz\/telesa-podle-ucelu\/ohrev-chemickych-roztoku\/#breadcrumb","itemListElement":[{"@type":"ListItem","position":1,"name":"Dom\u016f","item":"https:\/\/www.etto.cz\/"},{"@type":"ListItem","position":2,"name":"F\u0171t\u0151elemek felhaszn\u00e1l\u00e1s szerint","item":"https:\/\/www.etto.cz\/telesa-podle-ucelu\/"},{"@type":"ListItem","position":3,"name":"Vegyszeres k\u00f6zegben haszn\u00e1lhat\u00f3 f\u0171t\u0151testek"}]},{"@type":"WebSite","@id":"https:\/\/www.etto.cz\/#website","url":"https:\/\/www.etto.cz\/","name":"ETTO","description":"V\u00fdroba elektrick\u00fdch topn\u00fdch t\u011bles","potentialAction":[{"@type":"SearchAction","target":{"@type":"EntryPoint","urlTemplate":"https:\/\/www.etto.cz\/?s={search_term_string}"},"query-input":{"@type":"PropertyValueSpecification","valueRequired":true,"valueName":"search_term_string"}}],"inLanguage":"hu"}]}},"_links":{"self":[{"href":"https:\/\/www.etto.cz\/hu\/wp-json\/wp\/v2\/pages\/5773","targetHints":{"allow":["GET"]}}],"collection":[{"href":"https:\/\/www.etto.cz\/hu\/wp-json\/wp\/v2\/pages"}],"about":[{"href":"https:\/\/www.etto.cz\/hu\/wp-json\/wp\/v2\/types\/page"}],"author":[{"embeddable":true,"href":"https:\/\/www.etto.cz\/hu\/wp-json\/wp\/v2\/users\/1"}],"replies":[{"embeddable":true,"href":"https:\/\/www.etto.cz\/hu\/wp-json\/wp\/v2\/comments?post=5773"}],"version-history":[{"count":1,"href":"https:\/\/www.etto.cz\/hu\/wp-json\/wp\/v2\/pages\/5773\/revisions"}],"predecessor-version":[{"id":5951,"href":"https:\/\/www.etto.cz\/hu\/wp-json\/wp\/v2\/pages\/5773\/revisions\/5951"}],"up":[{"embeddable":true,"href":"https:\/\/www.etto.cz\/hu\/wp-json\/wp\/v2\/pages\/5771"}],"wp:featuredmedia":[{"embeddable":true,"href":"https:\/\/www.etto.cz\/hu\/wp-json\/wp\/v2\/media\/5775"}],"wp:attachment":[{"href":"https:\/\/www.etto.cz\/hu\/wp-json\/wp\/v2\/media?parent=5773"}],"curies":[{"name":"wp","href":"https:\/\/api.w.org\/{rel}","templated":true}]}}