{"id":5776,"date":"2018-03-14T14:53:15","date_gmt":"2018-03-14T13:53:15","guid":{"rendered":"https:\/\/www.etto.cz\/infra-heating\/"},"modified":"2026-02-24T16:23:57","modified_gmt":"2026-02-24T15:23:57","slug":"infrafutes","status":"publish","type":"page","link":"https:\/\/www.etto.cz\/hu\/anyagok-futese\/infrafutes\/","title":{"rendered":"Infraf\u0171t\u00e9s"},"content":{"rendered":"<p style=\"text-align: justify;\"><strong>Infraf\u0171t\u00e9s<\/strong> \u2013 a <strong>sug\u00e1rz\u00e1sos f\u0171t\u00e9st<\/strong> (emisszi\u00f3, sug\u00e1rz\u00e1s) jellemz\u0151 fogalom, elektrom\u00e1gneses hull\u00e1mok form\u00e1j\u00e1ban az infrav\u00f6r\u00f6s spektrumban (hull\u00e1mhossz 0,7\u201310 \u00b5m). A forr\u00f3 t\u00e1rgy \u00e1ltal kibocs\u00e1tott elektrom\u00e1gneses hull\u00e1mok a t\u00e9rben terjednek, \u00e9s egy hideg t\u00e1rgy elnyeli \u0151ket, ahol \u201erezg\u00e9sbe hozz\u00e1k&#8221; annak atomjait, \u00e9s n\u00f6velik a h\u0151m\u00e9rs\u00e9klet\u00e9t.<\/p>\n<p style=\"text-align: justify;\">A sug\u00e1rz\u00e1s v\u00e1kuumon kereszt\u00fcl is terjed, amit v\u00e1kuumban l\u00e9v\u0151 t\u00e1rgyak f\u0171t\u00e9s\u00e9re haszn\u00e1lnak. (A v\u00e1kuum nem f\u0171thet\u0151.) Az infraf\u0171t\u00e9st szil\u00e1rd r\u00e9szecsk\u00e9k \u00e9s folyad\u00e9kok \u201et\u00e1voli&#8221; f\u0171t\u00e9s\u00e9re haszn\u00e1lj\u00e1k. A g\u00e1zok infrav\u00f6r\u00f6s f\u0171t\u00e9se nem hat\u00e9kony. Min\u00e9l magasabb az infra sug\u00e1rz\u00f3 h\u0151m\u00e9rs\u00e9klete, ann\u00e1l nagyobb a kisug\u00e1rzott energia mennyis\u00e9ge.<\/p>\n<p style=\"text-align: justify;\">Az infraf\u0171t\u00e9shez haszn\u00e1lt f\u0171t\u0151elemek nagy terhel\u00e9s\u0171 f\u0171t\u0151patronokb\u00f3l, cs\u0151f\u0171t\u0151testekb\u0151l vagy ny\u00edlt huzalos f\u0171t\u0151elemekb\u0151l k\u00e9sz\u00fclnek.<\/p>\n<p style=\"text-align: justify;\">Az infrav\u00f6r\u00f6s sug\u00e1rz\u00e1s ar\u00e1ny\u00e1nak n\u00f6vel\u00e9se \u00e9rdek\u00e9ben az elem fel\u00fclet\u00e9t egyes esetekben kezelik (pl. fekete oxid\u00e1l\u00e1s vagy szilic\u00edroz\u00e1s) az emisszi\u00f3s t\u00e9nyez\u0151 \u00e9s a hat\u00e1sfok n\u00f6vel\u00e9se c\u00e9lj\u00e1b\u00f3l.<\/p>\nngg_shortcode_0_placeholder\n<h2>A t\u00e1rgyak sug\u00e1rz\u00e1sos f\u0171t\u00e9s\u00e9hez sz\u00fcks\u00e9ges inform\u00e1ci\u00f3k<\/h2>\n<ul>\n<li>A felmeleg\u00edt\u00e9shez sz\u00fcks\u00e9ges id\u0151.<\/li>\n<li>Az anyag specifik\u00e1ci\u00f3ja, bele\u00e9rtve a fel\u00fclet meghat\u00e1roz\u00e1s\u00e1t az emisszi\u00f3s t\u00e9nyez\u0151 meg\u00e1llap\u00edt\u00e1s\u00e1hoz.<\/li>\n<li>Kiindul\u00e1si \u00e9s c\u00e9lh\u0151m\u00e9rs\u00e9klet.<\/li>\n<li>A hely m\u00e9rete, alakja \u00e9s t\u00f6mege, valamint a f\u0171t\u0151elemt\u0151l val\u00f3 t\u00e1vols\u00e1g.<\/li>\n<li>Egy\u00e9b h\u0151forr\u00e1sok, ha vannak.<\/li>\n<\/ul>\n<p>&nbsp;<\/p>\n","protected":false},"excerpt":{"rendered":"<p>Infraf\u0171t\u00e9s \u2013 a sug\u00e1rz\u00e1sos f\u0171t\u00e9st (emisszi\u00f3, sug\u00e1rz\u00e1s) jellemz\u0151 fogalom, elektrom\u00e1gneses hull\u00e1mok form\u00e1j\u00e1ban az infrav\u00f6r\u00f6s spektrumban (hull\u00e1mhossz 0,7\u201310 \u00b5m). A forr\u00f3 t\u00e1rgy \u00e1ltal kibocs\u00e1tott elektrom\u00e1gneses hull\u00e1mok &#8230;<\/p>\n","protected":false},"author":1,"featured_media":5778,"parent":5785,"menu_order":0,"comment_status":"open","ping_status":"open","template":"_page-menu.php","meta":{"_acf_changed":false,"ngg_post_thumbnail":0,"footnotes":"","_links_to":"","_links_to_target":""},"class_list":["post-5776","page","type-page","status-publish","has-post-thumbnail","hentry"],"acf":[],"yoast_head":"<!-- This site is optimized with the Yoast SEO plugin v27.3 - https:\/\/yoast.com\/product\/yoast-seo-wordpress\/ -->\n<title>Infraf\u0171t\u00e9s \u2013 infrav\u00f6r\u00f6s f\u0171t\u0151elemek | ELEKTRON-ETTO<\/title>\n<meta name=\"description\" content=\"Ipari infraf\u0171t\u00e9s megold\u00e1sok \u2013 infrav\u00f6r\u00f6s f\u0171t\u0151elemek egyedi gy\u00e1rt\u00e1sa. Hat\u00e9kony sug\u00e1rz\u00f3 h\u0151\u00e1tad\u00e1s sz\u00e1r\u00edt\u00e1si \u00e9s meleg\u00edt\u00e9si folyamatokhoz.\" \/>\n<meta name=\"robots\" content=\"index, follow, max-snippet:-1, max-image-preview:large, max-video-preview:-1\" \/>\n<link rel=\"canonical\" href=\"https:\/\/www.etto.cz\/hu\/anyagok-futese\/infrafutes\/\" \/>\n<meta property=\"og:locale\" content=\"hu_HU\" \/>\n<meta property=\"og:type\" content=\"article\" \/>\n<meta property=\"og:title\" content=\"Infraf\u0171t\u00e9s \u2013 infrav\u00f6r\u00f6s f\u0171t\u0151elemek | ELEKTRON-ETTO\" \/>\n<meta property=\"og:description\" content=\"Ipari infraf\u0171t\u00e9s megold\u00e1sok \u2013 infrav\u00f6r\u00f6s f\u0171t\u0151elemek egyedi gy\u00e1rt\u00e1sa. Hat\u00e9kony sug\u00e1rz\u00f3 h\u0151\u00e1tad\u00e1s sz\u00e1r\u00edt\u00e1si \u00e9s meleg\u00edt\u00e9si folyamatokhoz.\" \/>\n<meta property=\"og:url\" content=\"https:\/\/www.etto.cz\/hu\/anyagok-futese\/infrafutes\/\" \/>\n<meta property=\"og:site_name\" content=\"ETTO\" \/>\n<meta property=\"article:modified_time\" content=\"2026-02-24T15:23:57+00:00\" \/>\n<meta property=\"og:image\" content=\"https:\/\/www.etto.cz\/wp-content\/uploads\/2020\/02\/infra_panel.png\" \/>\n\t<meta property=\"og:image:width\" content=\"1047\" \/>\n\t<meta property=\"og:image:height\" content=\"1047\" \/>\n\t<meta property=\"og:image:type\" content=\"image\/png\" \/>\n<meta name=\"twitter:card\" content=\"summary_large_image\" \/>\n<meta name=\"twitter:label1\" content=\"Becs\u00fclt olvas\u00e1si id\u0151\" \/>\n\t<meta name=\"twitter:data1\" content=\"2 perc\" \/>\n<script type=\"application\/ld+json\" class=\"yoast-schema-graph\">{\"@context\":\"https:\\\/\\\/schema.org\",\"@graph\":[{\"@type\":\"WebPage\",\"@id\":\"https:\\\/\\\/www.etto.cz\\\/ohrev-latek\\\/infra-ohrev\\\/\",\"url\":\"https:\\\/\\\/www.etto.cz\\\/ohrev-latek\\\/infra-ohrev\\\/\",\"name\":\"Infraf\u0171t\u00e9s \u2013 infrav\u00f6r\u00f6s f\u0171t\u0151elemek | ELEKTRON-ETTO\",\"isPartOf\":{\"@id\":\"https:\\\/\\\/www.etto.cz\\\/#website\"},\"primaryImageOfPage\":{\"@id\":\"https:\\\/\\\/www.etto.cz\\\/ohrev-latek\\\/infra-ohrev\\\/#primaryimage\"},\"image\":{\"@id\":\"https:\\\/\\\/www.etto.cz\\\/ohrev-latek\\\/infra-ohrev\\\/#primaryimage\"},\"thumbnailUrl\":\"https:\\\/\\\/www.etto.cz\\\/wp-content\\\/uploads\\\/2020\\\/02\\\/infra_panel.png\",\"datePublished\":\"2018-03-14T13:53:15+00:00\",\"dateModified\":\"2026-02-24T15:23:57+00:00\",\"description\":\"Ipari infraf\u0171t\u00e9s megold\u00e1sok \u2013 infrav\u00f6r\u00f6s f\u0171t\u0151elemek egyedi gy\u00e1rt\u00e1sa. Hat\u00e9kony sug\u00e1rz\u00f3 h\u0151\u00e1tad\u00e1s sz\u00e1r\u00edt\u00e1si \u00e9s meleg\u00edt\u00e9si folyamatokhoz.\",\"breadcrumb\":{\"@id\":\"https:\\\/\\\/www.etto.cz\\\/ohrev-latek\\\/infra-ohrev\\\/#breadcrumb\"},\"inLanguage\":\"hu\",\"potentialAction\":[{\"@type\":\"ReadAction\",\"target\":[\"https:\\\/\\\/www.etto.cz\\\/ohrev-latek\\\/infra-ohrev\\\/\"]}]},{\"@type\":\"ImageObject\",\"inLanguage\":\"hu\",\"@id\":\"https:\\\/\\\/www.etto.cz\\\/ohrev-latek\\\/infra-ohrev\\\/#primaryimage\",\"url\":\"https:\\\/\\\/www.etto.cz\\\/wp-content\\\/uploads\\\/2020\\\/02\\\/infra_panel.png\",\"contentUrl\":\"https:\\\/\\\/www.etto.cz\\\/wp-content\\\/uploads\\\/2020\\\/02\\\/infra_panel.png\",\"width\":1047,\"height\":1047},{\"@type\":\"BreadcrumbList\",\"@id\":\"https:\\\/\\\/www.etto.cz\\\/ohrev-latek\\\/infra-ohrev\\\/#breadcrumb\",\"itemListElement\":[{\"@type\":\"ListItem\",\"position\":1,\"name\":\"Dom\u016f\",\"item\":\"https:\\\/\\\/www.etto.cz\\\/\"},{\"@type\":\"ListItem\",\"position\":2,\"name\":\"Anyagok f\u0171t\u00e9se\",\"item\":\"https:\\\/\\\/www.etto.cz\\\/ohrev-latek\\\/\"},{\"@type\":\"ListItem\",\"position\":3,\"name\":\"Infraf\u0171t\u00e9s\"}]},{\"@type\":\"WebSite\",\"@id\":\"https:\\\/\\\/www.etto.cz\\\/#website\",\"url\":\"https:\\\/\\\/www.etto.cz\\\/\",\"name\":\"ETTO\",\"description\":\"V\u00fdroba elektrick\u00fdch topn\u00fdch t\u011bles\",\"potentialAction\":[{\"@type\":\"SearchAction\",\"target\":{\"@type\":\"EntryPoint\",\"urlTemplate\":\"https:\\\/\\\/www.etto.cz\\\/?s={search_term_string}\"},\"query-input\":{\"@type\":\"PropertyValueSpecification\",\"valueRequired\":true,\"valueName\":\"search_term_string\"}}],\"inLanguage\":\"hu\"}]}<\/script>\n<!-- \/ Yoast SEO plugin. -->","yoast_head_json":{"title":"Infraf\u0171t\u00e9s \u2013 infrav\u00f6r\u00f6s f\u0171t\u0151elemek | ELEKTRON-ETTO","description":"Ipari infraf\u0171t\u00e9s megold\u00e1sok \u2013 infrav\u00f6r\u00f6s f\u0171t\u0151elemek egyedi gy\u00e1rt\u00e1sa. Hat\u00e9kony sug\u00e1rz\u00f3 h\u0151\u00e1tad\u00e1s sz\u00e1r\u00edt\u00e1si \u00e9s meleg\u00edt\u00e9si folyamatokhoz.","robots":{"index":"index","follow":"follow","max-snippet":"max-snippet:-1","max-image-preview":"max-image-preview:large","max-video-preview":"max-video-preview:-1"},"canonical":"https:\/\/www.etto.cz\/hu\/anyagok-futese\/infrafutes\/","og_locale":"hu_HU","og_type":"article","og_title":"Infraf\u0171t\u00e9s \u2013 infrav\u00f6r\u00f6s f\u0171t\u0151elemek | ELEKTRON-ETTO","og_description":"Ipari infraf\u0171t\u00e9s megold\u00e1sok \u2013 infrav\u00f6r\u00f6s f\u0171t\u0151elemek egyedi gy\u00e1rt\u00e1sa. Hat\u00e9kony sug\u00e1rz\u00f3 h\u0151\u00e1tad\u00e1s sz\u00e1r\u00edt\u00e1si \u00e9s meleg\u00edt\u00e9si folyamatokhoz.","og_url":"https:\/\/www.etto.cz\/hu\/anyagok-futese\/infrafutes\/","og_site_name":"ETTO","article_modified_time":"2026-02-24T15:23:57+00:00","og_image":[{"width":1047,"height":1047,"url":"https:\/\/www.etto.cz\/wp-content\/uploads\/2020\/02\/infra_panel.png","type":"image\/png"}],"twitter_card":"summary_large_image","twitter_misc":{"Becs\u00fclt olvas\u00e1si id\u0151":"2 perc"},"schema":{"@context":"https:\/\/schema.org","@graph":[{"@type":"WebPage","@id":"https:\/\/www.etto.cz\/ohrev-latek\/infra-ohrev\/","url":"https:\/\/www.etto.cz\/ohrev-latek\/infra-ohrev\/","name":"Infraf\u0171t\u00e9s \u2013 infrav\u00f6r\u00f6s f\u0171t\u0151elemek | ELEKTRON-ETTO","isPartOf":{"@id":"https:\/\/www.etto.cz\/#website"},"primaryImageOfPage":{"@id":"https:\/\/www.etto.cz\/ohrev-latek\/infra-ohrev\/#primaryimage"},"image":{"@id":"https:\/\/www.etto.cz\/ohrev-latek\/infra-ohrev\/#primaryimage"},"thumbnailUrl":"https:\/\/www.etto.cz\/wp-content\/uploads\/2020\/02\/infra_panel.png","datePublished":"2018-03-14T13:53:15+00:00","dateModified":"2026-02-24T15:23:57+00:00","description":"Ipari infraf\u0171t\u00e9s megold\u00e1sok \u2013 infrav\u00f6r\u00f6s f\u0171t\u0151elemek egyedi gy\u00e1rt\u00e1sa. Hat\u00e9kony sug\u00e1rz\u00f3 h\u0151\u00e1tad\u00e1s sz\u00e1r\u00edt\u00e1si \u00e9s meleg\u00edt\u00e9si folyamatokhoz.","breadcrumb":{"@id":"https:\/\/www.etto.cz\/ohrev-latek\/infra-ohrev\/#breadcrumb"},"inLanguage":"hu","potentialAction":[{"@type":"ReadAction","target":["https:\/\/www.etto.cz\/ohrev-latek\/infra-ohrev\/"]}]},{"@type":"ImageObject","inLanguage":"hu","@id":"https:\/\/www.etto.cz\/ohrev-latek\/infra-ohrev\/#primaryimage","url":"https:\/\/www.etto.cz\/wp-content\/uploads\/2020\/02\/infra_panel.png","contentUrl":"https:\/\/www.etto.cz\/wp-content\/uploads\/2020\/02\/infra_panel.png","width":1047,"height":1047},{"@type":"BreadcrumbList","@id":"https:\/\/www.etto.cz\/ohrev-latek\/infra-ohrev\/#breadcrumb","itemListElement":[{"@type":"ListItem","position":1,"name":"Dom\u016f","item":"https:\/\/www.etto.cz\/"},{"@type":"ListItem","position":2,"name":"Anyagok f\u0171t\u00e9se","item":"https:\/\/www.etto.cz\/ohrev-latek\/"},{"@type":"ListItem","position":3,"name":"Infraf\u0171t\u00e9s"}]},{"@type":"WebSite","@id":"https:\/\/www.etto.cz\/#website","url":"https:\/\/www.etto.cz\/","name":"ETTO","description":"V\u00fdroba elektrick\u00fdch topn\u00fdch t\u011bles","potentialAction":[{"@type":"SearchAction","target":{"@type":"EntryPoint","urlTemplate":"https:\/\/www.etto.cz\/?s={search_term_string}"},"query-input":{"@type":"PropertyValueSpecification","valueRequired":true,"valueName":"search_term_string"}}],"inLanguage":"hu"}]}},"_links":{"self":[{"href":"https:\/\/www.etto.cz\/hu\/wp-json\/wp\/v2\/pages\/5776","targetHints":{"allow":["GET"]}}],"collection":[{"href":"https:\/\/www.etto.cz\/hu\/wp-json\/wp\/v2\/pages"}],"about":[{"href":"https:\/\/www.etto.cz\/hu\/wp-json\/wp\/v2\/types\/page"}],"author":[{"embeddable":true,"href":"https:\/\/www.etto.cz\/hu\/wp-json\/wp\/v2\/users\/1"}],"replies":[{"embeddable":true,"href":"https:\/\/www.etto.cz\/hu\/wp-json\/wp\/v2\/comments?post=5776"}],"version-history":[{"count":1,"href":"https:\/\/www.etto.cz\/hu\/wp-json\/wp\/v2\/pages\/5776\/revisions"}],"predecessor-version":[{"id":5953,"href":"https:\/\/www.etto.cz\/hu\/wp-json\/wp\/v2\/pages\/5776\/revisions\/5953"}],"up":[{"embeddable":true,"href":"https:\/\/www.etto.cz\/hu\/wp-json\/wp\/v2\/pages\/5785"}],"wp:featuredmedia":[{"embeddable":true,"href":"https:\/\/www.etto.cz\/hu\/wp-json\/wp\/v2\/media\/5778"}],"wp:attachment":[{"href":"https:\/\/www.etto.cz\/hu\/wp-json\/wp\/v2\/media?parent=5776"}],"curies":[{"name":"wp","href":"https:\/\/api.w.org\/{rel}","templated":true}]}}