{"id":5781,"date":"2018-03-14T14:52:37","date_gmt":"2018-03-14T13:52:37","guid":{"rendered":"https:\/\/www.etto.cz\/heating-liquids\/"},"modified":"2026-02-24T16:23:58","modified_gmt":"2026-02-24T15:23:58","slug":"folyadkok-futese","status":"publish","type":"page","link":"https:\/\/www.etto.cz\/hu\/anyagok-futese\/folyadkok-futese\/","title":{"rendered":"Folyad\u00e9kok f\u0171t\u00e9se"},"content":{"rendered":"<p style=\"text-align: justify;\">A gyakorlatban ez t\u00f6bbnyire v\u00edz \u00e9s olajok f\u0171t\u00e9s\u00e9t jelenti.<\/p>\n<p><strong>A folyad\u00e9kok f\u0171t\u00e9s\u00e9hez sz\u00fcks\u00e9ges f\u0171t\u0151elemek teljes\u00edtm\u00e9ny\u00e9nek meghat\u00e1roz\u00e1s\u00e1hoz sz\u00fcks\u00e9ges inform\u00e1ci\u00f3k:<\/strong><\/p>\n<ul style=\"text-align: justify;\">\n<li>A folyad\u00e9k specifik\u00e1ci\u00f3ja.<\/li>\n<li>A folyad\u00e9k t\u00e9rfogata \u00e9s esetleges \u00e1raml\u00e1si sebess\u00e9ge.<\/li>\n<li>Kiindul\u00e1si \u00e9s c\u00e9lh\u0151m\u00e9rs\u00e9klet.<\/li>\n<li>Inform\u00e1ci\u00f3k a tart\u00e1ly szigetel\u00e9s\u00e9r\u0151l \u00e9s a k\u00f6rnyezeti h\u0151m\u00e9rs\u00e9kletr\u0151l.<\/li>\n<li>A felmeleg\u00edt\u00e9shez sz\u00fcks\u00e9ges id\u0151.<\/li>\n<\/ul>\n<p style=\"text-align: justify;\">A folyad\u00e9kot a lehet\u0151 legpontosabban kell meghat\u00e1rozni a f\u0171t\u0151r\u00fad maxim\u00e1lis teljes\u00edtm\u00e9nys\u0171r\u0171s\u00e9g\u00e9nek (W\/cm<sup>2<\/sup>) \u00e9s a r\u00fad k\u00f6peny\u00e9nek anyag\u00e1nak meghat\u00e1roz\u00e1sa \u00e9rdek\u00e9ben. <strong>V\u00edz f\u0171t\u00e9se eset\u00e9n meg kell adni, hogy forr\u00e1spontig lesz-e meleg\u00edtve (pl. g\u0151zfejleszt\u0151 elemek), valamint a v\u00edz t\u00edpus\u00e1t (vezet\u00e9kes v\u00edz, demineraliz\u00e1lt v\u00edz, mos\u00f3szerekkel, medence vegyszerekkel, mosogat\u00f3g\u00e9p vegyszerekkel vagy egy\u00e9b vegyszerekkel kevert v\u00edz). Vizes oldatok eset\u00e9n az oldat koncentr\u00e1ci\u00f3j\u00e1t kell megadni. V\u00edz \u00e9s vizes oldatok eset\u00e9n a galvanikus korr\u00f3zi\u00f3 vesz\u00e9lye miatt a tart\u00e1ly anyag\u00e1t is meg kell adni.<\/strong><\/p>\n<p style=\"text-align: justify;\">Olaj f\u0171t\u00e9se eset\u00e9n meg kell adni az \u00fczemi h\u0151m\u00e9rs\u00e9kletet, amelyre sz\u00e1nj\u00e1k.<\/p>\n<p style=\"text-align: justify;\">A f\u0171t\u0151elem konkr\u00e9t form\u00e1j\u00e1nak megtervez\u00e9s\u00e9hez sz\u00fcks\u00e9ges tov\u00e1bb\u00e1 a tart\u00e1ly m\u00e9reteinek megad\u00e1sa, a f\u0171t\u0151elem sz\u00e1m\u00e1ra kijel\u00f6lt t\u00e9r, az elem f\u0171tetlen z\u00f3n\u00e1j\u00e1nak sz\u00fcks\u00e9ges hossza, a f\u0171t\u0151elem r\u00f6gz\u00edt\u00e9s\u00e9re kijel\u00f6lt hely, a csatlakoz\u00f3doboz helye \u00e9s egy\u00e9b korl\u00e1toz\u00f3 t\u00e9nyez\u0151k.<\/p>\n<p style=\"text-align: justify;\">Ahol lehets\u00e9ges, <strong>az elemek elhelyez\u00e9se a tart\u00e1ly alj\u00e1n javasolt.<\/strong><\/p>\n<p style=\"text-align: justify;\">M\u00e9rlegelend\u0151, hogy a termoszt\u00e1t, h\u0151biztos\u00edt\u00e9k vagy m\u00e1s szab\u00e1lyoz\u00e1si m\u00f3d az elem r\u00e9sz\u00e9t k\u00e9pezi-e.<\/p>\n<p style=\"text-align: justify;\">Fontos tov\u00e1bb\u00e1 meghat\u00e1rozni a k\u00f6rnyezetet \u00e9s korl\u00e1toz\u00f3 t\u00e9nyez\u0151ket az elektromos csatlakoz\u00e1s hely\u00e9n (pl. rezg\u00e9sek, p\u00e1ratartalom, mechanikai s\u00e9r\u00fcl\u00e9s vesz\u00e9lye, folyad\u00e9kkal val\u00f3 szennyez\u0151d\u00e9s vesz\u00e9lye, robban\u00e1svesz\u00e9lyes k\u00f6rnyezet stb.).<\/p>\n<p>A folyad\u00e9kok f\u0171t\u00e9s\u00e9hez leggyakrabban haszn\u00e1lt elemeket katal\u00f3gusunkban tekintheti meg:<\/p>\n<p><a href=\"http:\/\/www.etto.cz\/wp-content\/uploads\/2017\/06\/katalog_ohrev_kapalin.pdf\" target=\"_blank\" rel=\"noopener\"><img loading=\"lazy\" decoding=\"async\" class=\"alignnone wp-image-3254 size-full\" src=\"http:\/\/www.etto.cz\/wp-content\/uploads\/2018\/05\/pdf-e1527166728716.png\" alt=\"\" width=\"24\" height=\"24\"><\/a><a href=\"https:\/\/www.etto.cz\/wp-content\/uploads\/2025\/06\/katalog-ohrev-kapalin_10.06.25.pdf\" target=\"_blank\" rel=\"noopener noreferrer\">Folyad\u00e9kok f\u0171t\u00e9s\u00e9hez haszn\u00e1lt elemek katal\u00f3gusa.<\/a><\/p>\n","protected":false},"excerpt":{"rendered":"<p>A gyakorlatban ez t\u00f6bbnyire v\u00edz \u00e9s olajok f\u0171t\u00e9s\u00e9t jelenti. A folyad\u00e9kok f\u0171t\u00e9s\u00e9hez sz\u00fcks\u00e9ges f\u0171t\u0151elemek teljes\u00edtm\u00e9ny\u00e9nek meghat\u00e1roz\u00e1s\u00e1hoz sz\u00fcks\u00e9ges inform\u00e1ci\u00f3k: A folyad\u00e9k specifik\u00e1ci\u00f3ja. A folyad\u00e9k t\u00e9rfogata \u00e9s &#8230;<\/p>\n","protected":false},"author":1,"featured_media":5971,"parent":5785,"menu_order":0,"comment_status":"open","ping_status":"open","template":"_page-menu.php","meta":{"_acf_changed":false,"ngg_post_thumbnail":0,"footnotes":"","_links_to":"","_links_to_target":""},"class_list":["post-5781","page","type-page","status-publish","has-post-thumbnail","hentry"],"acf":[],"yoast_head":"<!-- This site is optimized with the Yoast SEO plugin v27.3 - https:\/\/yoast.com\/product\/yoast-seo-wordpress\/ -->\n<title>Folyad\u00e9kok f\u0171t\u00e9se \u2013 ipari f\u0171t\u00e9si megold\u00e1sok | ELEKTRON-ETTO<\/title>\n<meta name=\"description\" content=\"Folyad\u00e9kok ipari f\u0171t\u00e9s\u00e9re szolg\u00e1l\u00f3 ellen\u00e1ll\u00e1s-f\u0171t\u0151testek. Cs\u0151f\u0171t\u0151testek \u00e9s egyedi f\u0171t\u0151elemek v\u00edz, olaj \u00e9s egy\u00e9b folyad\u00e9kok f\u0171t\u00e9s\u00e9hez.\" \/>\n<meta name=\"robots\" content=\"index, follow, max-snippet:-1, max-image-preview:large, max-video-preview:-1\" \/>\n<link rel=\"canonical\" href=\"https:\/\/www.etto.cz\/hu\/anyagok-futese\/folyadkok-futese\/\" \/>\n<meta property=\"og:locale\" content=\"hu_HU\" \/>\n<meta property=\"og:type\" content=\"article\" \/>\n<meta property=\"og:title\" content=\"Folyad\u00e9kok f\u0171t\u00e9se \u2013 ipari f\u0171t\u00e9si megold\u00e1sok | ELEKTRON-ETTO\" \/>\n<meta property=\"og:description\" content=\"Folyad\u00e9kok ipari f\u0171t\u00e9s\u00e9re szolg\u00e1l\u00f3 ellen\u00e1ll\u00e1s-f\u0171t\u0151testek. Cs\u0151f\u0171t\u0151testek \u00e9s egyedi f\u0171t\u0151elemek v\u00edz, olaj \u00e9s egy\u00e9b folyad\u00e9kok f\u0171t\u00e9s\u00e9hez.\" \/>\n<meta property=\"og:url\" content=\"https:\/\/www.etto.cz\/hu\/anyagok-futese\/folyadkok-futese\/\" \/>\n<meta property=\"og:site_name\" content=\"ETTO\" \/>\n<meta property=\"article:modified_time\" content=\"2026-02-24T15:23:58+00:00\" \/>\n<meta property=\"og:image\" content=\"https:\/\/www.etto.cz\/wp-content\/uploads\/2016\/12\/ohrev_vody.jpg\" \/>\n\t<meta property=\"og:image:width\" content=\"509\" \/>\n\t<meta property=\"og:image:height\" content=\"671\" \/>\n\t<meta property=\"og:image:type\" content=\"image\/jpeg\" \/>\n<meta name=\"twitter:card\" content=\"summary_large_image\" \/>\n<meta name=\"twitter:label1\" content=\"Becs\u00fclt olvas\u00e1si id\u0151\" \/>\n\t<meta name=\"twitter:data1\" content=\"3 perc\" \/>\n<script type=\"application\/ld+json\" class=\"yoast-schema-graph\">{\"@context\":\"https:\\\/\\\/schema.org\",\"@graph\":[{\"@type\":\"WebPage\",\"@id\":\"https:\\\/\\\/www.etto.cz\\\/ohrev-latek\\\/ohrev-kapalin\\\/\",\"url\":\"https:\\\/\\\/www.etto.cz\\\/ohrev-latek\\\/ohrev-kapalin\\\/\",\"name\":\"Folyad\u00e9kok f\u0171t\u00e9se \u2013 ipari f\u0171t\u00e9si megold\u00e1sok | ELEKTRON-ETTO\",\"isPartOf\":{\"@id\":\"https:\\\/\\\/www.etto.cz\\\/#website\"},\"primaryImageOfPage\":{\"@id\":\"https:\\\/\\\/www.etto.cz\\\/ohrev-latek\\\/ohrev-kapalin\\\/#primaryimage\"},\"image\":{\"@id\":\"https:\\\/\\\/www.etto.cz\\\/ohrev-latek\\\/ohrev-kapalin\\\/#primaryimage\"},\"thumbnailUrl\":\"https:\\\/\\\/www.etto.cz\\\/wp-content\\\/uploads\\\/2016\\\/12\\\/ohrev_vody.jpg\",\"datePublished\":\"2018-03-14T13:52:37+00:00\",\"dateModified\":\"2026-02-24T15:23:58+00:00\",\"description\":\"Folyad\u00e9kok ipari f\u0171t\u00e9s\u00e9re szolg\u00e1l\u00f3 ellen\u00e1ll\u00e1s-f\u0171t\u0151testek. Cs\u0151f\u0171t\u0151testek \u00e9s egyedi f\u0171t\u0151elemek v\u00edz, olaj \u00e9s egy\u00e9b folyad\u00e9kok f\u0171t\u00e9s\u00e9hez.\",\"breadcrumb\":{\"@id\":\"https:\\\/\\\/www.etto.cz\\\/ohrev-latek\\\/ohrev-kapalin\\\/#breadcrumb\"},\"inLanguage\":\"hu\",\"potentialAction\":[{\"@type\":\"ReadAction\",\"target\":[\"https:\\\/\\\/www.etto.cz\\\/ohrev-latek\\\/ohrev-kapalin\\\/\"]}]},{\"@type\":\"ImageObject\",\"inLanguage\":\"hu\",\"@id\":\"https:\\\/\\\/www.etto.cz\\\/ohrev-latek\\\/ohrev-kapalin\\\/#primaryimage\",\"url\":\"https:\\\/\\\/www.etto.cz\\\/wp-content\\\/uploads\\\/2016\\\/12\\\/ohrev_vody.jpg\",\"contentUrl\":\"https:\\\/\\\/www.etto.cz\\\/wp-content\\\/uploads\\\/2016\\\/12\\\/ohrev_vody.jpg\",\"width\":509,\"height\":671},{\"@type\":\"BreadcrumbList\",\"@id\":\"https:\\\/\\\/www.etto.cz\\\/ohrev-latek\\\/ohrev-kapalin\\\/#breadcrumb\",\"itemListElement\":[{\"@type\":\"ListItem\",\"position\":1,\"name\":\"Dom\u016f\",\"item\":\"https:\\\/\\\/www.etto.cz\\\/\"},{\"@type\":\"ListItem\",\"position\":2,\"name\":\"Anyagok f\u0171t\u00e9se\",\"item\":\"https:\\\/\\\/www.etto.cz\\\/ohrev-latek\\\/\"},{\"@type\":\"ListItem\",\"position\":3,\"name\":\"Folyad\u00e9kok f\u0171t\u00e9se\"}]},{\"@type\":\"WebSite\",\"@id\":\"https:\\\/\\\/www.etto.cz\\\/#website\",\"url\":\"https:\\\/\\\/www.etto.cz\\\/\",\"name\":\"ETTO\",\"description\":\"V\u00fdroba elektrick\u00fdch topn\u00fdch t\u011bles\",\"potentialAction\":[{\"@type\":\"SearchAction\",\"target\":{\"@type\":\"EntryPoint\",\"urlTemplate\":\"https:\\\/\\\/www.etto.cz\\\/?s={search_term_string}\"},\"query-input\":{\"@type\":\"PropertyValueSpecification\",\"valueRequired\":true,\"valueName\":\"search_term_string\"}}],\"inLanguage\":\"hu\"}]}<\/script>\n<!-- \/ Yoast SEO plugin. -->","yoast_head_json":{"title":"Folyad\u00e9kok f\u0171t\u00e9se \u2013 ipari f\u0171t\u00e9si megold\u00e1sok | ELEKTRON-ETTO","description":"Folyad\u00e9kok ipari f\u0171t\u00e9s\u00e9re szolg\u00e1l\u00f3 ellen\u00e1ll\u00e1s-f\u0171t\u0151testek. Cs\u0151f\u0171t\u0151testek \u00e9s egyedi f\u0171t\u0151elemek v\u00edz, olaj \u00e9s egy\u00e9b folyad\u00e9kok f\u0171t\u00e9s\u00e9hez.","robots":{"index":"index","follow":"follow","max-snippet":"max-snippet:-1","max-image-preview":"max-image-preview:large","max-video-preview":"max-video-preview:-1"},"canonical":"https:\/\/www.etto.cz\/hu\/anyagok-futese\/folyadkok-futese\/","og_locale":"hu_HU","og_type":"article","og_title":"Folyad\u00e9kok f\u0171t\u00e9se \u2013 ipari f\u0171t\u00e9si megold\u00e1sok | ELEKTRON-ETTO","og_description":"Folyad\u00e9kok ipari f\u0171t\u00e9s\u00e9re szolg\u00e1l\u00f3 ellen\u00e1ll\u00e1s-f\u0171t\u0151testek. Cs\u0151f\u0171t\u0151testek \u00e9s egyedi f\u0171t\u0151elemek v\u00edz, olaj \u00e9s egy\u00e9b folyad\u00e9kok f\u0171t\u00e9s\u00e9hez.","og_url":"https:\/\/www.etto.cz\/hu\/anyagok-futese\/folyadkok-futese\/","og_site_name":"ETTO","article_modified_time":"2026-02-24T15:23:58+00:00","og_image":[{"width":509,"height":671,"url":"https:\/\/www.etto.cz\/wp-content\/uploads\/2016\/12\/ohrev_vody.jpg","type":"image\/jpeg"}],"twitter_card":"summary_large_image","twitter_misc":{"Becs\u00fclt olvas\u00e1si id\u0151":"3 perc"},"schema":{"@context":"https:\/\/schema.org","@graph":[{"@type":"WebPage","@id":"https:\/\/www.etto.cz\/ohrev-latek\/ohrev-kapalin\/","url":"https:\/\/www.etto.cz\/ohrev-latek\/ohrev-kapalin\/","name":"Folyad\u00e9kok f\u0171t\u00e9se \u2013 ipari f\u0171t\u00e9si megold\u00e1sok | ELEKTRON-ETTO","isPartOf":{"@id":"https:\/\/www.etto.cz\/#website"},"primaryImageOfPage":{"@id":"https:\/\/www.etto.cz\/ohrev-latek\/ohrev-kapalin\/#primaryimage"},"image":{"@id":"https:\/\/www.etto.cz\/ohrev-latek\/ohrev-kapalin\/#primaryimage"},"thumbnailUrl":"https:\/\/www.etto.cz\/wp-content\/uploads\/2016\/12\/ohrev_vody.jpg","datePublished":"2018-03-14T13:52:37+00:00","dateModified":"2026-02-24T15:23:58+00:00","description":"Folyad\u00e9kok ipari f\u0171t\u00e9s\u00e9re szolg\u00e1l\u00f3 ellen\u00e1ll\u00e1s-f\u0171t\u0151testek. Cs\u0151f\u0171t\u0151testek \u00e9s egyedi f\u0171t\u0151elemek v\u00edz, olaj \u00e9s egy\u00e9b folyad\u00e9kok f\u0171t\u00e9s\u00e9hez.","breadcrumb":{"@id":"https:\/\/www.etto.cz\/ohrev-latek\/ohrev-kapalin\/#breadcrumb"},"inLanguage":"hu","potentialAction":[{"@type":"ReadAction","target":["https:\/\/www.etto.cz\/ohrev-latek\/ohrev-kapalin\/"]}]},{"@type":"ImageObject","inLanguage":"hu","@id":"https:\/\/www.etto.cz\/ohrev-latek\/ohrev-kapalin\/#primaryimage","url":"https:\/\/www.etto.cz\/wp-content\/uploads\/2016\/12\/ohrev_vody.jpg","contentUrl":"https:\/\/www.etto.cz\/wp-content\/uploads\/2016\/12\/ohrev_vody.jpg","width":509,"height":671},{"@type":"BreadcrumbList","@id":"https:\/\/www.etto.cz\/ohrev-latek\/ohrev-kapalin\/#breadcrumb","itemListElement":[{"@type":"ListItem","position":1,"name":"Dom\u016f","item":"https:\/\/www.etto.cz\/"},{"@type":"ListItem","position":2,"name":"Anyagok f\u0171t\u00e9se","item":"https:\/\/www.etto.cz\/ohrev-latek\/"},{"@type":"ListItem","position":3,"name":"Folyad\u00e9kok f\u0171t\u00e9se"}]},{"@type":"WebSite","@id":"https:\/\/www.etto.cz\/#website","url":"https:\/\/www.etto.cz\/","name":"ETTO","description":"V\u00fdroba elektrick\u00fdch topn\u00fdch t\u011bles","potentialAction":[{"@type":"SearchAction","target":{"@type":"EntryPoint","urlTemplate":"https:\/\/www.etto.cz\/?s={search_term_string}"},"query-input":{"@type":"PropertyValueSpecification","valueRequired":true,"valueName":"search_term_string"}}],"inLanguage":"hu"}]}},"_links":{"self":[{"href":"https:\/\/www.etto.cz\/hu\/wp-json\/wp\/v2\/pages\/5781","targetHints":{"allow":["GET"]}}],"collection":[{"href":"https:\/\/www.etto.cz\/hu\/wp-json\/wp\/v2\/pages"}],"about":[{"href":"https:\/\/www.etto.cz\/hu\/wp-json\/wp\/v2\/types\/page"}],"author":[{"embeddable":true,"href":"https:\/\/www.etto.cz\/hu\/wp-json\/wp\/v2\/users\/1"}],"replies":[{"embeddable":true,"href":"https:\/\/www.etto.cz\/hu\/wp-json\/wp\/v2\/comments?post=5781"}],"version-history":[{"count":1,"href":"https:\/\/www.etto.cz\/hu\/wp-json\/wp\/v2\/pages\/5781\/revisions"}],"predecessor-version":[{"id":5972,"href":"https:\/\/www.etto.cz\/hu\/wp-json\/wp\/v2\/pages\/5781\/revisions\/5972"}],"up":[{"embeddable":true,"href":"https:\/\/www.etto.cz\/hu\/wp-json\/wp\/v2\/pages\/5785"}],"wp:featuredmedia":[{"embeddable":true,"href":"https:\/\/www.etto.cz\/hu\/wp-json\/wp\/v2\/media\/5971"}],"wp:attachment":[{"href":"https:\/\/www.etto.cz\/hu\/wp-json\/wp\/v2\/media?parent=5781"}],"curies":[{"name":"wp","href":"https:\/\/api.w.org\/{rel}","templated":true}]}}