{"id":5783,"date":"2018-03-14T14:52:25","date_gmt":"2018-03-14T13:52:25","guid":{"rendered":"https:\/\/www.etto.cz\/heating-gases\/"},"modified":"2026-02-24T16:23:58","modified_gmt":"2026-02-24T15:23:58","slug":"gazok-futese","status":"publish","type":"page","link":"https:\/\/www.etto.cz\/hu\/anyagok-futese\/gazok-futese\/","title":{"rendered":"G\u00e1zok f\u0171t\u00e9se"},"content":{"rendered":"<p style=\"text-align: justify;\">A gyakorlatban ez t\u00f6bbnyire leveg\u0151 f\u0171t\u00e9s\u00e9t jelenti.<\/p>\n<p style=\"text-align: justify;\"><strong>A g\u00e1znem\u0171 anyagok f\u0171t\u00e9s\u00e9hez sz\u00fcks\u00e9ges f\u0171t\u0151elemek teljes\u00edtm\u00e9ny\u00e9nek meghat\u00e1roz\u00e1s\u00e1hoz sz\u00fcks\u00e9ges inform\u00e1ci\u00f3k:<\/strong><\/p>\n<ul style=\"text-align: justify;\">\n<li>A g\u00e1z specifik\u00e1ci\u00f3ja.<\/li>\n<li>\u00c1raml\u00e1si sebess\u00e9g (m\/s).<\/li>\n<li>A g\u00e1z s\u0171r\u0171s\u00e9ge (kg\/m<sup>3<\/sup>) (s\u0171r\u00edtett g\u00e1z eset\u00e9n).<\/li>\n<li>A g\u00e1z kiindul\u00e1si \u00e9s c\u00e9lh\u0151m\u00e9rs\u00e9klete.<\/li>\n<li>Inform\u00e1ci\u00f3k a k\u00f6rnyezetr\u0151l (cs\u0151vezet\u00e9k param\u00e9terei, szigetel\u00e9s stb.).<\/li>\n<\/ul>\n<p style=\"text-align: justify;\">Az elemek konkr\u00e9t form\u00e1j\u00e1nak megtervez\u00e9s\u00e9hez sz\u00fcks\u00e9ges megadni:<\/p>\n<ul style=\"text-align: justify;\">\n<li>A f\u0171t\u00e9si ter\u00fclet m\u00e9retei, a rudak f\u0171tetlen z\u00f3n\u00e1inak hossza, a rudak r\u00f6gz\u00edt\u00e9s\u00e9nek helye \u00e9s a csatlakoz\u00f3doboz tere stb.<\/li>\n<li>A k\u00f6rnyezet \u00e9s korl\u00e1toz\u00f3 t\u00e9nyez\u0151k az elektromos csatlakoz\u00e1s hely\u00e9n (pl. rezg\u00e9sek, alkatr\u00e9szek mozg\u00e1sa, p\u00e1ratartalom, kivezet\u00e9sek hajl\u00edt\u00e1sa, mechanikai s\u00e9r\u00fcl\u00e9s vagy olajjal vagy m\u00e1s folyad\u00e9kkal val\u00f3 szennyez\u0151d\u00e9s vesz\u00e9lye, robban\u00e1svesz\u00e9lyes k\u00f6rnyezet stb.)<\/li>\n<li>A h\u0151m\u00e9rs\u00e9klet-szab\u00e1lyoz\u00e1s javasolt m\u00f3dszere.<\/li>\n<li>A rudak teljes\u00edtm\u00e9nys\u0171r\u0171s\u00e9g\u00e9t a h\u0151m\u00e9rs\u00e9klet \u00e9s a g\u00e1z \u00e1raml\u00e1si sebess\u00e9ge alapj\u00e1n hat\u00e1rozz\u00e1k meg.<\/li>\n<\/ul>\n<p>Tov\u00e1bbi inform\u00e1ci\u00f3k\u00e9rt vagy konkr\u00e9t f\u0171t\u00e9si probl\u00e9m\u00e1k megold\u00e1s\u00e1hoz k\u00e9rj\u00fck, l\u00e9pjen kapcsolatba vel\u00fcnk.<\/p>\n<p>A g\u00e1zok f\u0171t\u00e9s\u00e9hez leggyakrabban haszn\u00e1lt elemeket katal\u00f3gusunkban tal\u00e1lja:<\/p>\n<p><a href=\"http:\/\/www.etto.cz\/wp-content\/uploads\/2017\/06\/katalog_ohrev_plynu.pdf\" target=\"_blank\" rel=\"noopener\"><img loading=\"lazy\" decoding=\"async\" class=\"alignnone wp-image-3254 size-full\" src=\"http:\/\/www.etto.cz\/wp-content\/uploads\/2018\/05\/pdf-e1527166728716.png\" alt=\"\" width=\"24\" height=\"24\"><\/a> <a href=\"https:\/\/www.etto.cz\/wp-content\/uploads\/2023\/11\/katalog_ohrev_plynu.pdf\" target=\"_blank\" rel=\"noopener\">G\u00e1zok f\u0171t\u00e9s\u00e9hez haszn\u00e1lt elemek katal\u00f3gusa.<\/a><\/p>\n","protected":false},"excerpt":{"rendered":"<p>A gyakorlatban ez t\u00f6bbnyire leveg\u0151 f\u0171t\u00e9s\u00e9t jelenti. A g\u00e1znem\u0171 anyagok f\u0171t\u00e9s\u00e9hez sz\u00fcks\u00e9ges f\u0171t\u0151elemek teljes\u00edtm\u00e9ny\u00e9nek meghat\u00e1roz\u00e1s\u00e1hoz sz\u00fcks\u00e9ges inform\u00e1ci\u00f3k: A g\u00e1z specifik\u00e1ci\u00f3ja. \u00c1raml\u00e1si sebess\u00e9g (m\/s). A g\u00e1z &#8230;<\/p>\n","protected":false},"author":1,"featured_media":5914,"parent":5785,"menu_order":0,"comment_status":"open","ping_status":"open","template":"_page-menu.php","meta":{"_acf_changed":false,"ngg_post_thumbnail":0,"footnotes":"","_links_to":"","_links_to_target":""},"class_list":["post-5783","page","type-page","status-publish","has-post-thumbnail","hentry"],"acf":[],"yoast_head":"<!-- This site is optimized with the Yoast SEO plugin v27.3 - https:\/\/yoast.com\/product\/yoast-seo-wordpress\/ -->\n<title>G\u00e1zok f\u0171t\u00e9se \u2013 ipari l\u00e9gf\u0171t\u00e9si megold\u00e1sok | ELEKTRON-ETTO<\/title>\n<meta name=\"description\" content=\"G\u00e1zok \u00e9s leveg\u0151 ipari f\u0171t\u00e9s\u00e9re szolg\u00e1l\u00f3 ellen\u00e1ll\u00e1s-f\u0171t\u0151testek. Cs\u0151f\u0171t\u0151testek \u00e9s egyedi f\u0171t\u0151elemek l\u00e9gf\u0171t\u00e9si alkalmaz\u00e1sokhoz.\" \/>\n<meta name=\"robots\" content=\"index, follow, max-snippet:-1, max-image-preview:large, max-video-preview:-1\" \/>\n<link rel=\"canonical\" href=\"https:\/\/www.etto.cz\/hu\/anyagok-futese\/gazok-futese\/\" \/>\n<meta property=\"og:locale\" content=\"hu_HU\" \/>\n<meta property=\"og:type\" content=\"article\" \/>\n<meta property=\"og:title\" content=\"G\u00e1zok f\u0171t\u00e9se \u2013 ipari l\u00e9gf\u0171t\u00e9si megold\u00e1sok | ELEKTRON-ETTO\" \/>\n<meta property=\"og:description\" content=\"G\u00e1zok \u00e9s leveg\u0151 ipari f\u0171t\u00e9s\u00e9re szolg\u00e1l\u00f3 ellen\u00e1ll\u00e1s-f\u0171t\u0151testek. Cs\u0151f\u0171t\u0151testek \u00e9s egyedi f\u0171t\u0151elemek l\u00e9gf\u0171t\u00e9si alkalmaz\u00e1sokhoz.\" \/>\n<meta property=\"og:url\" content=\"https:\/\/www.etto.cz\/hu\/anyagok-futese\/gazok-futese\/\" \/>\n<meta property=\"og:site_name\" content=\"ETTO\" \/>\n<meta property=\"article:modified_time\" content=\"2026-02-24T15:23:58+00:00\" \/>\n<meta property=\"og:image\" content=\"https:\/\/www.etto.cz\/wp-content\/uploads\/2017\/09\/cem.jpg\" \/>\n\t<meta property=\"og:image:width\" content=\"768\" \/>\n\t<meta property=\"og:image:height\" content=\"576\" \/>\n\t<meta property=\"og:image:type\" content=\"image\/jpeg\" \/>\n<meta name=\"twitter:card\" content=\"summary_large_image\" \/>\n<meta name=\"twitter:label1\" content=\"Becs\u00fclt olvas\u00e1si id\u0151\" \/>\n\t<meta name=\"twitter:data1\" content=\"2 perc\" \/>\n<script type=\"application\/ld+json\" class=\"yoast-schema-graph\">{\"@context\":\"https:\\\/\\\/schema.org\",\"@graph\":[{\"@type\":\"WebPage\",\"@id\":\"https:\\\/\\\/www.etto.cz\\\/ohrev-latek\\\/ohrev-plynu\\\/\",\"url\":\"https:\\\/\\\/www.etto.cz\\\/ohrev-latek\\\/ohrev-plynu\\\/\",\"name\":\"G\u00e1zok f\u0171t\u00e9se \u2013 ipari l\u00e9gf\u0171t\u00e9si megold\u00e1sok | ELEKTRON-ETTO\",\"isPartOf\":{\"@id\":\"https:\\\/\\\/www.etto.cz\\\/#website\"},\"primaryImageOfPage\":{\"@id\":\"https:\\\/\\\/www.etto.cz\\\/ohrev-latek\\\/ohrev-plynu\\\/#primaryimage\"},\"image\":{\"@id\":\"https:\\\/\\\/www.etto.cz\\\/ohrev-latek\\\/ohrev-plynu\\\/#primaryimage\"},\"thumbnailUrl\":\"https:\\\/\\\/www.etto.cz\\\/wp-content\\\/uploads\\\/2017\\\/09\\\/cem.jpg\",\"datePublished\":\"2018-03-14T13:52:25+00:00\",\"dateModified\":\"2026-02-24T15:23:58+00:00\",\"description\":\"G\u00e1zok \u00e9s leveg\u0151 ipari f\u0171t\u00e9s\u00e9re szolg\u00e1l\u00f3 ellen\u00e1ll\u00e1s-f\u0171t\u0151testek. Cs\u0151f\u0171t\u0151testek \u00e9s egyedi f\u0171t\u0151elemek l\u00e9gf\u0171t\u00e9si alkalmaz\u00e1sokhoz.\",\"breadcrumb\":{\"@id\":\"https:\\\/\\\/www.etto.cz\\\/ohrev-latek\\\/ohrev-plynu\\\/#breadcrumb\"},\"inLanguage\":\"hu\",\"potentialAction\":[{\"@type\":\"ReadAction\",\"target\":[\"https:\\\/\\\/www.etto.cz\\\/ohrev-latek\\\/ohrev-plynu\\\/\"]}]},{\"@type\":\"ImageObject\",\"inLanguage\":\"hu\",\"@id\":\"https:\\\/\\\/www.etto.cz\\\/ohrev-latek\\\/ohrev-plynu\\\/#primaryimage\",\"url\":\"https:\\\/\\\/www.etto.cz\\\/wp-content\\\/uploads\\\/2017\\\/09\\\/cem.jpg\",\"contentUrl\":\"https:\\\/\\\/www.etto.cz\\\/wp-content\\\/uploads\\\/2017\\\/09\\\/cem.jpg\",\"width\":768,\"height\":576},{\"@type\":\"BreadcrumbList\",\"@id\":\"https:\\\/\\\/www.etto.cz\\\/ohrev-latek\\\/ohrev-plynu\\\/#breadcrumb\",\"itemListElement\":[{\"@type\":\"ListItem\",\"position\":1,\"name\":\"Dom\u016f\",\"item\":\"https:\\\/\\\/www.etto.cz\\\/\"},{\"@type\":\"ListItem\",\"position\":2,\"name\":\"Anyagok f\u0171t\u00e9se\",\"item\":\"https:\\\/\\\/www.etto.cz\\\/ohrev-latek\\\/\"},{\"@type\":\"ListItem\",\"position\":3,\"name\":\"G\u00e1zok f\u0171t\u00e9se\"}]},{\"@type\":\"WebSite\",\"@id\":\"https:\\\/\\\/www.etto.cz\\\/#website\",\"url\":\"https:\\\/\\\/www.etto.cz\\\/\",\"name\":\"ETTO\",\"description\":\"V\u00fdroba elektrick\u00fdch topn\u00fdch t\u011bles\",\"potentialAction\":[{\"@type\":\"SearchAction\",\"target\":{\"@type\":\"EntryPoint\",\"urlTemplate\":\"https:\\\/\\\/www.etto.cz\\\/?s={search_term_string}\"},\"query-input\":{\"@type\":\"PropertyValueSpecification\",\"valueRequired\":true,\"valueName\":\"search_term_string\"}}],\"inLanguage\":\"hu\"}]}<\/script>\n<!-- \/ Yoast SEO plugin. -->","yoast_head_json":{"title":"G\u00e1zok f\u0171t\u00e9se \u2013 ipari l\u00e9gf\u0171t\u00e9si megold\u00e1sok | ELEKTRON-ETTO","description":"G\u00e1zok \u00e9s leveg\u0151 ipari f\u0171t\u00e9s\u00e9re szolg\u00e1l\u00f3 ellen\u00e1ll\u00e1s-f\u0171t\u0151testek. Cs\u0151f\u0171t\u0151testek \u00e9s egyedi f\u0171t\u0151elemek l\u00e9gf\u0171t\u00e9si alkalmaz\u00e1sokhoz.","robots":{"index":"index","follow":"follow","max-snippet":"max-snippet:-1","max-image-preview":"max-image-preview:large","max-video-preview":"max-video-preview:-1"},"canonical":"https:\/\/www.etto.cz\/hu\/anyagok-futese\/gazok-futese\/","og_locale":"hu_HU","og_type":"article","og_title":"G\u00e1zok f\u0171t\u00e9se \u2013 ipari l\u00e9gf\u0171t\u00e9si megold\u00e1sok | ELEKTRON-ETTO","og_description":"G\u00e1zok \u00e9s leveg\u0151 ipari f\u0171t\u00e9s\u00e9re szolg\u00e1l\u00f3 ellen\u00e1ll\u00e1s-f\u0171t\u0151testek. Cs\u0151f\u0171t\u0151testek \u00e9s egyedi f\u0171t\u0151elemek l\u00e9gf\u0171t\u00e9si alkalmaz\u00e1sokhoz.","og_url":"https:\/\/www.etto.cz\/hu\/anyagok-futese\/gazok-futese\/","og_site_name":"ETTO","article_modified_time":"2026-02-24T15:23:58+00:00","og_image":[{"width":768,"height":576,"url":"https:\/\/www.etto.cz\/wp-content\/uploads\/2017\/09\/cem.jpg","type":"image\/jpeg"}],"twitter_card":"summary_large_image","twitter_misc":{"Becs\u00fclt olvas\u00e1si id\u0151":"2 perc"},"schema":{"@context":"https:\/\/schema.org","@graph":[{"@type":"WebPage","@id":"https:\/\/www.etto.cz\/ohrev-latek\/ohrev-plynu\/","url":"https:\/\/www.etto.cz\/ohrev-latek\/ohrev-plynu\/","name":"G\u00e1zok f\u0171t\u00e9se \u2013 ipari l\u00e9gf\u0171t\u00e9si megold\u00e1sok | ELEKTRON-ETTO","isPartOf":{"@id":"https:\/\/www.etto.cz\/#website"},"primaryImageOfPage":{"@id":"https:\/\/www.etto.cz\/ohrev-latek\/ohrev-plynu\/#primaryimage"},"image":{"@id":"https:\/\/www.etto.cz\/ohrev-latek\/ohrev-plynu\/#primaryimage"},"thumbnailUrl":"https:\/\/www.etto.cz\/wp-content\/uploads\/2017\/09\/cem.jpg","datePublished":"2018-03-14T13:52:25+00:00","dateModified":"2026-02-24T15:23:58+00:00","description":"G\u00e1zok \u00e9s leveg\u0151 ipari f\u0171t\u00e9s\u00e9re szolg\u00e1l\u00f3 ellen\u00e1ll\u00e1s-f\u0171t\u0151testek. Cs\u0151f\u0171t\u0151testek \u00e9s egyedi f\u0171t\u0151elemek l\u00e9gf\u0171t\u00e9si alkalmaz\u00e1sokhoz.","breadcrumb":{"@id":"https:\/\/www.etto.cz\/ohrev-latek\/ohrev-plynu\/#breadcrumb"},"inLanguage":"hu","potentialAction":[{"@type":"ReadAction","target":["https:\/\/www.etto.cz\/ohrev-latek\/ohrev-plynu\/"]}]},{"@type":"ImageObject","inLanguage":"hu","@id":"https:\/\/www.etto.cz\/ohrev-latek\/ohrev-plynu\/#primaryimage","url":"https:\/\/www.etto.cz\/wp-content\/uploads\/2017\/09\/cem.jpg","contentUrl":"https:\/\/www.etto.cz\/wp-content\/uploads\/2017\/09\/cem.jpg","width":768,"height":576},{"@type":"BreadcrumbList","@id":"https:\/\/www.etto.cz\/ohrev-latek\/ohrev-plynu\/#breadcrumb","itemListElement":[{"@type":"ListItem","position":1,"name":"Dom\u016f","item":"https:\/\/www.etto.cz\/"},{"@type":"ListItem","position":2,"name":"Anyagok f\u0171t\u00e9se","item":"https:\/\/www.etto.cz\/ohrev-latek\/"},{"@type":"ListItem","position":3,"name":"G\u00e1zok f\u0171t\u00e9se"}]},{"@type":"WebSite","@id":"https:\/\/www.etto.cz\/#website","url":"https:\/\/www.etto.cz\/","name":"ETTO","description":"V\u00fdroba elektrick\u00fdch topn\u00fdch t\u011bles","potentialAction":[{"@type":"SearchAction","target":{"@type":"EntryPoint","urlTemplate":"https:\/\/www.etto.cz\/?s={search_term_string}"},"query-input":{"@type":"PropertyValueSpecification","valueRequired":true,"valueName":"search_term_string"}}],"inLanguage":"hu"}]}},"_links":{"self":[{"href":"https:\/\/www.etto.cz\/hu\/wp-json\/wp\/v2\/pages\/5783","targetHints":{"allow":["GET"]}}],"collection":[{"href":"https:\/\/www.etto.cz\/hu\/wp-json\/wp\/v2\/pages"}],"about":[{"href":"https:\/\/www.etto.cz\/hu\/wp-json\/wp\/v2\/types\/page"}],"author":[{"embeddable":true,"href":"https:\/\/www.etto.cz\/hu\/wp-json\/wp\/v2\/users\/1"}],"replies":[{"embeddable":true,"href":"https:\/\/www.etto.cz\/hu\/wp-json\/wp\/v2\/comments?post=5783"}],"version-history":[{"count":1,"href":"https:\/\/www.etto.cz\/hu\/wp-json\/wp\/v2\/pages\/5783\/revisions"}],"predecessor-version":[{"id":5977,"href":"https:\/\/www.etto.cz\/hu\/wp-json\/wp\/v2\/pages\/5783\/revisions\/5977"}],"up":[{"embeddable":true,"href":"https:\/\/www.etto.cz\/hu\/wp-json\/wp\/v2\/pages\/5785"}],"wp:featuredmedia":[{"embeddable":true,"href":"https:\/\/www.etto.cz\/hu\/wp-json\/wp\/v2\/media\/5914"}],"wp:attachment":[{"href":"https:\/\/www.etto.cz\/hu\/wp-json\/wp\/v2\/media?parent=5783"}],"curies":[{"name":"wp","href":"https:\/\/api.w.org\/{rel}","templated":true}]}}