{"id":5785,"date":"2018-03-14T14:52:12","date_gmt":"2018-03-14T13:52:12","guid":{"rendered":"https:\/\/www.etto.cz\/heating-of-substances\/"},"modified":"2026-02-24T16:23:58","modified_gmt":"2026-02-24T15:23:58","slug":"anyagok-futese","status":"publish","type":"page","link":"https:\/\/www.etto.cz\/hu\/anyagok-futese\/","title":{"rendered":"Anyagok f\u0171t\u00e9se"},"content":{"rendered":"<p>A f\u0171t\u00f6tt anyag (k\u00f6zeg) t\u00edpusa szerint: <\/p>\n<ul class=\"sub-menu\">\n<li><a href=\"https:\/\/www.etto.cz\/en\/heating-of-substances\/heating-gases\/\">G\u00e1zok f\u0171t\u00e9se<\/a><\/li>\n<li><a href=\"http:\/\/www.etto.cz\/ohrev-latek\/kontaktni-ohrev-teplych-latek\/\">Szil\u00e1rd anyagok kontakt f\u0171t\u00e9se<\/a><\/li>\n<li><a href=\"https:\/\/www.etto.cz\/en\/heating-of-substances\/heating-liquids\/\">Folyad\u00e9kok f\u0171t\u00e9se<\/a><\/li>\n<li><a href=\"https:\/\/www.etto.cz\/en\/heating-of-substances\/infra-heating\/\">Infraf\u0171t\u00e9s<\/a><\/li>\n<\/ul>\n","protected":false},"excerpt":{"rendered":"<p>A f\u0171t\u00f6tt anyag (k\u00f6zeg) t\u00edpusa szerint: G\u00e1zok f\u0171t\u00e9se Szil\u00e1rd anyagok kontakt f\u0171t\u00e9se Folyad\u00e9kok f\u0171t\u00e9se Infraf\u0171t\u00e9s<\/p>\n","protected":false},"author":1,"featured_media":5809,"parent":0,"menu_order":0,"comment_status":"open","ping_status":"open","template":"_page-menu.php","meta":{"_acf_changed":false,"ngg_post_thumbnail":0,"footnotes":"","_links_to":"","_links_to_target":""},"class_list":["post-5785","page","type-page","status-publish","has-post-thumbnail","hentry"],"acf":[],"yoast_head":"<!-- This site is optimized with the Yoast SEO plugin v27.3 - https:\/\/yoast.com\/product\/yoast-seo-wordpress\/ -->\n<title>Anyagok f\u0171t\u00e9se \u2013 ipari f\u0171t\u00e9si megold\u00e1sok | ELEKTRON-ETTO<\/title>\n<meta name=\"description\" content=\"K\u00fcl\u00f6nb\u00f6z\u0151 anyagok ipari f\u0171t\u00e9s\u00e9re szolg\u00e1l\u00f3 ellen\u00e1ll\u00e1s-f\u0171t\u0151testek. Egyedi tervez\u00e9s \u00e9s gy\u00e1rt\u00e1s az \u00d6n ig\u00e9nyei szerint.\" \/>\n<meta name=\"robots\" content=\"index, follow, max-snippet:-1, max-image-preview:large, max-video-preview:-1\" \/>\n<link rel=\"canonical\" href=\"https:\/\/www.etto.cz\/hu\/anyagok-futese\/\" \/>\n<meta property=\"og:locale\" content=\"hu_HU\" \/>\n<meta property=\"og:type\" content=\"article\" \/>\n<meta property=\"og:title\" content=\"Anyagok f\u0171t\u00e9se \u2013 ipari f\u0171t\u00e9si megold\u00e1sok | ELEKTRON-ETTO\" \/>\n<meta property=\"og:description\" content=\"K\u00fcl\u00f6nb\u00f6z\u0151 anyagok ipari f\u0171t\u00e9s\u00e9re szolg\u00e1l\u00f3 ellen\u00e1ll\u00e1s-f\u0171t\u0151testek. Egyedi tervez\u00e9s \u00e9s gy\u00e1rt\u00e1s az \u00d6n ig\u00e9nyei szerint.\" \/>\n<meta property=\"og:url\" content=\"https:\/\/www.etto.cz\/hu\/anyagok-futese\/\" \/>\n<meta property=\"og:site_name\" content=\"ETTO\" \/>\n<meta property=\"article:modified_time\" content=\"2026-02-24T15:23:58+00:00\" \/>\n<meta property=\"og:image\" content=\"https:\/\/www.etto.cz\/wp-content\/uploads\/2015\/05\/trubkova-topna-telesa.jpg\" \/>\n\t<meta property=\"og:image:width\" content=\"400\" \/>\n\t<meta property=\"og:image:height\" content=\"400\" \/>\n\t<meta property=\"og:image:type\" content=\"image\/jpeg\" \/>\n<meta name=\"twitter:card\" content=\"summary_large_image\" \/>\n<script type=\"application\/ld+json\" class=\"yoast-schema-graph\">{\"@context\":\"https:\\\/\\\/schema.org\",\"@graph\":[{\"@type\":\"WebPage\",\"@id\":\"https:\\\/\\\/www.etto.cz\\\/ohrev-latek\\\/\",\"url\":\"https:\\\/\\\/www.etto.cz\\\/ohrev-latek\\\/\",\"name\":\"Anyagok f\u0171t\u00e9se \u2013 ipari f\u0171t\u00e9si megold\u00e1sok | ELEKTRON-ETTO\",\"isPartOf\":{\"@id\":\"https:\\\/\\\/www.etto.cz\\\/#website\"},\"primaryImageOfPage\":{\"@id\":\"https:\\\/\\\/www.etto.cz\\\/ohrev-latek\\\/#primaryimage\"},\"image\":{\"@id\":\"https:\\\/\\\/www.etto.cz\\\/ohrev-latek\\\/#primaryimage\"},\"thumbnailUrl\":\"https:\\\/\\\/www.etto.cz\\\/wp-content\\\/uploads\\\/2015\\\/05\\\/trubkova-topna-telesa.jpg\",\"datePublished\":\"2018-03-14T13:52:12+00:00\",\"dateModified\":\"2026-02-24T15:23:58+00:00\",\"description\":\"K\u00fcl\u00f6nb\u00f6z\u0151 anyagok ipari f\u0171t\u00e9s\u00e9re szolg\u00e1l\u00f3 ellen\u00e1ll\u00e1s-f\u0171t\u0151testek. Egyedi tervez\u00e9s \u00e9s gy\u00e1rt\u00e1s az \u00d6n ig\u00e9nyei szerint.\",\"breadcrumb\":{\"@id\":\"https:\\\/\\\/www.etto.cz\\\/ohrev-latek\\\/#breadcrumb\"},\"inLanguage\":\"hu\",\"potentialAction\":[{\"@type\":\"ReadAction\",\"target\":[\"https:\\\/\\\/www.etto.cz\\\/ohrev-latek\\\/\"]}]},{\"@type\":\"ImageObject\",\"inLanguage\":\"hu\",\"@id\":\"https:\\\/\\\/www.etto.cz\\\/ohrev-latek\\\/#primaryimage\",\"url\":\"https:\\\/\\\/www.etto.cz\\\/wp-content\\\/uploads\\\/2015\\\/05\\\/trubkova-topna-telesa.jpg\",\"contentUrl\":\"https:\\\/\\\/www.etto.cz\\\/wp-content\\\/uploads\\\/2015\\\/05\\\/trubkova-topna-telesa.jpg\",\"width\":400,\"height\":400},{\"@type\":\"BreadcrumbList\",\"@id\":\"https:\\\/\\\/www.etto.cz\\\/ohrev-latek\\\/#breadcrumb\",\"itemListElement\":[{\"@type\":\"ListItem\",\"position\":1,\"name\":\"Dom\u016f\",\"item\":\"https:\\\/\\\/www.etto.cz\\\/\"},{\"@type\":\"ListItem\",\"position\":2,\"name\":\"Anyagok f\u0171t\u00e9se\"}]},{\"@type\":\"WebSite\",\"@id\":\"https:\\\/\\\/www.etto.cz\\\/#website\",\"url\":\"https:\\\/\\\/www.etto.cz\\\/\",\"name\":\"ETTO\",\"description\":\"V\u00fdroba elektrick\u00fdch topn\u00fdch t\u011bles\",\"potentialAction\":[{\"@type\":\"SearchAction\",\"target\":{\"@type\":\"EntryPoint\",\"urlTemplate\":\"https:\\\/\\\/www.etto.cz\\\/?s={search_term_string}\"},\"query-input\":{\"@type\":\"PropertyValueSpecification\",\"valueRequired\":true,\"valueName\":\"search_term_string\"}}],\"inLanguage\":\"hu\"}]}<\/script>\n<!-- \/ Yoast SEO plugin. -->","yoast_head_json":{"title":"Anyagok f\u0171t\u00e9se \u2013 ipari f\u0171t\u00e9si megold\u00e1sok | ELEKTRON-ETTO","description":"K\u00fcl\u00f6nb\u00f6z\u0151 anyagok ipari f\u0171t\u00e9s\u00e9re szolg\u00e1l\u00f3 ellen\u00e1ll\u00e1s-f\u0171t\u0151testek. Egyedi tervez\u00e9s \u00e9s gy\u00e1rt\u00e1s az \u00d6n ig\u00e9nyei szerint.","robots":{"index":"index","follow":"follow","max-snippet":"max-snippet:-1","max-image-preview":"max-image-preview:large","max-video-preview":"max-video-preview:-1"},"canonical":"https:\/\/www.etto.cz\/hu\/anyagok-futese\/","og_locale":"hu_HU","og_type":"article","og_title":"Anyagok f\u0171t\u00e9se \u2013 ipari f\u0171t\u00e9si megold\u00e1sok | ELEKTRON-ETTO","og_description":"K\u00fcl\u00f6nb\u00f6z\u0151 anyagok ipari f\u0171t\u00e9s\u00e9re szolg\u00e1l\u00f3 ellen\u00e1ll\u00e1s-f\u0171t\u0151testek. Egyedi tervez\u00e9s \u00e9s gy\u00e1rt\u00e1s az \u00d6n ig\u00e9nyei szerint.","og_url":"https:\/\/www.etto.cz\/hu\/anyagok-futese\/","og_site_name":"ETTO","article_modified_time":"2026-02-24T15:23:58+00:00","og_image":[{"width":400,"height":400,"url":"https:\/\/www.etto.cz\/wp-content\/uploads\/2015\/05\/trubkova-topna-telesa.jpg","type":"image\/jpeg"}],"twitter_card":"summary_large_image","schema":{"@context":"https:\/\/schema.org","@graph":[{"@type":"WebPage","@id":"https:\/\/www.etto.cz\/ohrev-latek\/","url":"https:\/\/www.etto.cz\/ohrev-latek\/","name":"Anyagok f\u0171t\u00e9se \u2013 ipari f\u0171t\u00e9si megold\u00e1sok | ELEKTRON-ETTO","isPartOf":{"@id":"https:\/\/www.etto.cz\/#website"},"primaryImageOfPage":{"@id":"https:\/\/www.etto.cz\/ohrev-latek\/#primaryimage"},"image":{"@id":"https:\/\/www.etto.cz\/ohrev-latek\/#primaryimage"},"thumbnailUrl":"https:\/\/www.etto.cz\/wp-content\/uploads\/2015\/05\/trubkova-topna-telesa.jpg","datePublished":"2018-03-14T13:52:12+00:00","dateModified":"2026-02-24T15:23:58+00:00","description":"K\u00fcl\u00f6nb\u00f6z\u0151 anyagok ipari f\u0171t\u00e9s\u00e9re szolg\u00e1l\u00f3 ellen\u00e1ll\u00e1s-f\u0171t\u0151testek. Egyedi tervez\u00e9s \u00e9s gy\u00e1rt\u00e1s az \u00d6n ig\u00e9nyei szerint.","breadcrumb":{"@id":"https:\/\/www.etto.cz\/ohrev-latek\/#breadcrumb"},"inLanguage":"hu","potentialAction":[{"@type":"ReadAction","target":["https:\/\/www.etto.cz\/ohrev-latek\/"]}]},{"@type":"ImageObject","inLanguage":"hu","@id":"https:\/\/www.etto.cz\/ohrev-latek\/#primaryimage","url":"https:\/\/www.etto.cz\/wp-content\/uploads\/2015\/05\/trubkova-topna-telesa.jpg","contentUrl":"https:\/\/www.etto.cz\/wp-content\/uploads\/2015\/05\/trubkova-topna-telesa.jpg","width":400,"height":400},{"@type":"BreadcrumbList","@id":"https:\/\/www.etto.cz\/ohrev-latek\/#breadcrumb","itemListElement":[{"@type":"ListItem","position":1,"name":"Dom\u016f","item":"https:\/\/www.etto.cz\/"},{"@type":"ListItem","position":2,"name":"Anyagok f\u0171t\u00e9se"}]},{"@type":"WebSite","@id":"https:\/\/www.etto.cz\/#website","url":"https:\/\/www.etto.cz\/","name":"ETTO","description":"V\u00fdroba elektrick\u00fdch topn\u00fdch t\u011bles","potentialAction":[{"@type":"SearchAction","target":{"@type":"EntryPoint","urlTemplate":"https:\/\/www.etto.cz\/?s={search_term_string}"},"query-input":{"@type":"PropertyValueSpecification","valueRequired":true,"valueName":"search_term_string"}}],"inLanguage":"hu"}]}},"_links":{"self":[{"href":"https:\/\/www.etto.cz\/hu\/wp-json\/wp\/v2\/pages\/5785","targetHints":{"allow":["GET"]}}],"collection":[{"href":"https:\/\/www.etto.cz\/hu\/wp-json\/wp\/v2\/pages"}],"about":[{"href":"https:\/\/www.etto.cz\/hu\/wp-json\/wp\/v2\/types\/page"}],"author":[{"embeddable":true,"href":"https:\/\/www.etto.cz\/hu\/wp-json\/wp\/v2\/users\/1"}],"replies":[{"embeddable":true,"href":"https:\/\/www.etto.cz\/hu\/wp-json\/wp\/v2\/comments?post=5785"}],"version-history":[{"count":1,"href":"https:\/\/www.etto.cz\/hu\/wp-json\/wp\/v2\/pages\/5785\/revisions"}],"predecessor-version":[{"id":5978,"href":"https:\/\/www.etto.cz\/hu\/wp-json\/wp\/v2\/pages\/5785\/revisions\/5978"}],"wp:featuredmedia":[{"embeddable":true,"href":"https:\/\/www.etto.cz\/hu\/wp-json\/wp\/v2\/media\/5809"}],"wp:attachment":[{"href":"https:\/\/www.etto.cz\/hu\/wp-json\/wp\/v2\/media?parent=5785"}],"curies":[{"name":"wp","href":"https:\/\/api.w.org\/{rel}","templated":true}]}}