{"id":5787,"date":"2018-03-14T14:51:57","date_gmt":"2018-03-14T13:51:57","guid":{"rendered":"https:\/\/www.etto.cz\/products\/heating-bodies-with-open-wire-ceramic-mica\/"},"modified":"2026-03-10T07:30:28","modified_gmt":"2026-03-10T06:30:28","slug":"nyilt-huzalos-futoelemek-keramia-csillaim","status":"publish","type":"page","link":"https:\/\/www.etto.cz\/hu\/termekek\/nyilt-huzalos-futoelemek-keramia-csillaim\/","title":{"rendered":"Ny\u00edlt huzalos f\u0171t\u0151elemek (ker\u00e1mia, csill\u00e1m)"},"content":{"rendered":"<p>Kialak\u00edt\u00e1suk szerint a ny\u00edlt huzalos f\u0171t\u0151elemek a k\u00f6vetkez\u0151kre oszlanak:<\/p>\n<ul>\n<li>&nbsp;ker\u00e1mia f\u0171t\u0151elemek<\/li>\n<li>&nbsp;csill\u00e1m szigetel\u00e9s\u0171 f\u0171t\u0151elemek<\/li>\n<\/ul>\n<p style=\"text-align: justify;\">Az ellen\u00e1ll\u00e1s-huzal helyzet\u00e9t k\u00fcl\u00f6nb\u00f6z\u0151 alak\u00fa ker\u00e1mia vagy csill\u00e1m tart\u00f3k hat\u00e1rozz\u00e1k meg. A k\u00f6rnyez\u0151 szerkezett\u0151l val\u00f3 elektromos szigetel\u00e9st ezek a tart\u00f3k \u00e9s a keletkez\u0151 l\u00e9gr\u00e9sek biztos\u00edtj\u00e1k. A f\u0171t\u00f6tt leveg\u0151 a c\u00e9lf\u0171t\u00f6tt k\u00f6zeg, vagy csak k\u00f6zvet\u00edt\u0151 (k\u00f6zvetett f\u0171t\u00e9s).<\/p>\n<p style=\"text-align: justify;\">Felhaszn\u00e1l\u00e1s: Magas h\u0151m\u00e9rs\u00e9klet\u0171 kemenc\u00e9k, kalcin\u00e1l\u00f3, izz\u00edt\u00f3 kemenc\u00e9k, ipari g\u0151z\u00f6l\u0151k, infraf\u0171t\u00e9s, folyad\u00e9kok k\u00f6zvetett f\u0171t\u00e9se pl. galv\u00e1nf\u00fcrd\u0151kben, szell\u0151ztet\u00e9s, h\u0151f\u00fcgg\u00f6ny\u00f6k stb. Magas \u00fczemi h\u0151m\u00e9rs\u00e9klet\u0171 alkalmaz\u00e1sokhoz (800 \u00b0C felett) gyakran ez az egyetlen lehets\u00e9ges megold\u00e1s.<\/p>\n<p>Maxim\u00e1lis tart\u00f3s \u00fczemi h\u0151m\u00e9rs\u00e9klet a huzal fel\u00fclet\u00e9n.<\/p>\n<ul>\n<li>1425 \u00b0C \u2013 szabv\u00e1nyos ellen\u00e1ll\u00e1s-f\u0171t\u0151huzalok.<\/li>\n<li>1850 \u00b0C \u2013 f\u0171t\u0151huzal helyett speci\u00e1lis MoSi2 elemeket haszn\u00e1lnak. Korl\u00e1tozott alak\u00fa \u00e9s m\u00e9ret\u0171 alkalmaz\u00e1sok.<\/li>\n<\/ul>\n<p>Tov\u00e1bbi inform\u00e1ci\u00f3k\u00e9rt vagy konkr\u00e9t f\u0171t\u00e9si probl\u00e9m\u00e1k megold\u00e1s\u00e1hoz k\u00e9rj\u00fck, l\u00e9pjen kapcsolatba vel\u00fcnk.<\/p>\n<p><strong>H\u00e1tr\u00e1nyok:<\/strong> Alacsonyabb mechanikai ellen\u00e1ll\u00e1s \u00e9s szennyez\u0151d\u00e9sre val\u00f3 \u00e9rz\u00e9kenys\u00e9g.<\/p>\n<p><strong>El\u0151ny\u00f6k:<\/strong> magas \u00fczemi h\u0151m\u00e9rs\u00e9kletet tesz lehet\u0151v\u00e9, gyorsan el\u00e9ri a c\u00e9lh\u0151m\u00e9rs\u00e9kletet.<\/p>\n","protected":false},"excerpt":{"rendered":"<p>Kialak\u00edt\u00e1suk szerint a ny\u00edlt huzalos f\u0171t\u0151elemek a k\u00f6vetkez\u0151kre oszlanak: &nbsp;ker\u00e1mia f\u0171t\u0151elemek &nbsp;csill\u00e1m szigetel\u00e9s\u0171 f\u0171t\u0151elemek Az ellen\u00e1ll\u00e1s-huzal helyzet\u00e9t k\u00fcl\u00f6nb\u00f6z\u0151 alak\u00fa ker\u00e1mia vagy csill\u00e1m tart\u00f3k hat\u00e1rozz\u00e1k meg. &#8230;<\/p>\n","protected":false},"author":1,"featured_media":5789,"parent":5748,"menu_order":0,"comment_status":"open","ping_status":"open","template":"_page-menu.php","meta":{"_acf_changed":false,"ngg_post_thumbnail":0,"footnotes":"","_links_to":"","_links_to_target":""},"class_list":["post-5787","page","type-page","status-publish","has-post-thumbnail","hentry"],"acf":[],"yoast_head":"<!-- This site is optimized with the Yoast SEO plugin v27.3 - https:\/\/yoast.com\/product\/yoast-seo-wordpress\/ -->\n<title>Ny\u00edlt huzalos f\u0171t\u0151elemek (ker\u00e1mia, csill\u00e1m) | ELEKTRON-ETTO<\/title>\n<meta name=\"description\" content=\"Ny\u00edlt huzalos f\u0171t\u0151elemek ker\u00e1mia \u00e9s csill\u00e1m szigetel\u00e9ssel. Egyedi gy\u00e1rt\u00e1s l\u00e9gf\u0171t\u00e9si \u00e9s ipari sz\u00e1r\u00edt\u00e1si alkalmaz\u00e1sokhoz.\" \/>\n<meta name=\"robots\" content=\"index, follow, max-snippet:-1, max-image-preview:large, max-video-preview:-1\" \/>\n<link rel=\"canonical\" href=\"https:\/\/www.etto.cz\/hu\/termekek\/nyilt-huzalos-futoelemek-keramia-csillaim\/\" \/>\n<meta property=\"og:locale\" content=\"hu_HU\" \/>\n<meta property=\"og:type\" content=\"article\" \/>\n<meta property=\"og:title\" content=\"Ny\u00edlt huzalos f\u0171t\u0151elemek (ker\u00e1mia, csill\u00e1m) | ELEKTRON-ETTO\" \/>\n<meta property=\"og:description\" content=\"Ny\u00edlt huzalos f\u0171t\u0151elemek ker\u00e1mia \u00e9s csill\u00e1m szigetel\u00e9ssel. Egyedi gy\u00e1rt\u00e1s l\u00e9gf\u0171t\u00e9si \u00e9s ipari sz\u00e1r\u00edt\u00e1si alkalmaz\u00e1sokhoz.\" \/>\n<meta property=\"og:url\" content=\"https:\/\/www.etto.cz\/hu\/termekek\/nyilt-huzalos-futoelemek-keramia-csillaim\/\" \/>\n<meta property=\"og:site_name\" content=\"ETTO\" \/>\n<meta property=\"article:modified_time\" content=\"2026-03-10T06:30:28+00:00\" \/>\n<meta property=\"og:image\" content=\"https:\/\/www.etto.cz\/wp-content\/uploads\/2016\/12\/spirala-3.jpg\" \/>\n\t<meta property=\"og:image:width\" content=\"1449\" \/>\n\t<meta property=\"og:image:height\" content=\"1176\" \/>\n\t<meta property=\"og:image:type\" content=\"image\/jpeg\" \/>\n<meta name=\"twitter:card\" content=\"summary_large_image\" \/>\n<meta name=\"twitter:label1\" content=\"Becs\u00fclt olvas\u00e1si id\u0151\" \/>\n\t<meta name=\"twitter:data1\" content=\"1 perc\" \/>\n<script type=\"application\/ld+json\" class=\"yoast-schema-graph\">{\"@context\":\"https:\\\/\\\/schema.org\",\"@graph\":[{\"@type\":\"WebPage\",\"@id\":\"https:\\\/\\\/www.etto.cz\\\/elektricka-topna-telesa\\\/topna-telesa-s-otevrenym-dratem\\\/\",\"url\":\"https:\\\/\\\/www.etto.cz\\\/elektricka-topna-telesa\\\/topna-telesa-s-otevrenym-dratem\\\/\",\"name\":\"Ny\u00edlt huzalos f\u0171t\u0151elemek (ker\u00e1mia, csill\u00e1m) | ELEKTRON-ETTO\",\"isPartOf\":{\"@id\":\"https:\\\/\\\/www.etto.cz\\\/#website\"},\"primaryImageOfPage\":{\"@id\":\"https:\\\/\\\/www.etto.cz\\\/elektricka-topna-telesa\\\/topna-telesa-s-otevrenym-dratem\\\/#primaryimage\"},\"image\":{\"@id\":\"https:\\\/\\\/www.etto.cz\\\/elektricka-topna-telesa\\\/topna-telesa-s-otevrenym-dratem\\\/#primaryimage\"},\"thumbnailUrl\":\"https:\\\/\\\/www.etto.cz\\\/wp-content\\\/uploads\\\/2016\\\/12\\\/spirala-3.jpg\",\"datePublished\":\"2018-03-14T13:51:57+00:00\",\"dateModified\":\"2026-03-10T06:30:28+00:00\",\"description\":\"Ny\u00edlt huzalos f\u0171t\u0151elemek ker\u00e1mia \u00e9s csill\u00e1m szigetel\u00e9ssel. Egyedi gy\u00e1rt\u00e1s l\u00e9gf\u0171t\u00e9si \u00e9s ipari sz\u00e1r\u00edt\u00e1si alkalmaz\u00e1sokhoz.\",\"breadcrumb\":{\"@id\":\"https:\\\/\\\/www.etto.cz\\\/elektricka-topna-telesa\\\/topna-telesa-s-otevrenym-dratem\\\/#breadcrumb\"},\"inLanguage\":\"hu\",\"potentialAction\":[{\"@type\":\"ReadAction\",\"target\":[\"https:\\\/\\\/www.etto.cz\\\/elektricka-topna-telesa\\\/topna-telesa-s-otevrenym-dratem\\\/\"]}]},{\"@type\":\"ImageObject\",\"inLanguage\":\"hu\",\"@id\":\"https:\\\/\\\/www.etto.cz\\\/elektricka-topna-telesa\\\/topna-telesa-s-otevrenym-dratem\\\/#primaryimage\",\"url\":\"https:\\\/\\\/www.etto.cz\\\/wp-content\\\/uploads\\\/2016\\\/12\\\/spirala-3.jpg\",\"contentUrl\":\"https:\\\/\\\/www.etto.cz\\\/wp-content\\\/uploads\\\/2016\\\/12\\\/spirala-3.jpg\",\"width\":1449,\"height\":1176},{\"@type\":\"BreadcrumbList\",\"@id\":\"https:\\\/\\\/www.etto.cz\\\/elektricka-topna-telesa\\\/topna-telesa-s-otevrenym-dratem\\\/#breadcrumb\",\"itemListElement\":[{\"@type\":\"ListItem\",\"position\":1,\"name\":\"Dom\u016f\",\"item\":\"https:\\\/\\\/www.etto.cz\\\/\"},{\"@type\":\"ListItem\",\"position\":2,\"name\":\"Elektromos f\u0171t\u0151elemek &#8211; Term\u00e9kek\",\"item\":\"https:\\\/\\\/www.etto.cz\\\/elektricka-topna-telesa\\\/\"},{\"@type\":\"ListItem\",\"position\":3,\"name\":\"Ny\u00edlt huzalos f\u0171t\u0151elemek (ker\u00e1mia, csill\u00e1m)\"}]},{\"@type\":\"WebSite\",\"@id\":\"https:\\\/\\\/www.etto.cz\\\/#website\",\"url\":\"https:\\\/\\\/www.etto.cz\\\/\",\"name\":\"ETTO\",\"description\":\"V\u00fdroba elektrick\u00fdch topn\u00fdch t\u011bles\",\"potentialAction\":[{\"@type\":\"SearchAction\",\"target\":{\"@type\":\"EntryPoint\",\"urlTemplate\":\"https:\\\/\\\/www.etto.cz\\\/?s={search_term_string}\"},\"query-input\":{\"@type\":\"PropertyValueSpecification\",\"valueRequired\":true,\"valueName\":\"search_term_string\"}}],\"inLanguage\":\"hu\"}]}<\/script>\n<!-- \/ Yoast SEO plugin. -->","yoast_head_json":{"title":"Ny\u00edlt huzalos f\u0171t\u0151elemek (ker\u00e1mia, csill\u00e1m) | ELEKTRON-ETTO","description":"Ny\u00edlt huzalos f\u0171t\u0151elemek ker\u00e1mia \u00e9s csill\u00e1m szigetel\u00e9ssel. Egyedi gy\u00e1rt\u00e1s l\u00e9gf\u0171t\u00e9si \u00e9s ipari sz\u00e1r\u00edt\u00e1si alkalmaz\u00e1sokhoz.","robots":{"index":"index","follow":"follow","max-snippet":"max-snippet:-1","max-image-preview":"max-image-preview:large","max-video-preview":"max-video-preview:-1"},"canonical":"https:\/\/www.etto.cz\/hu\/termekek\/nyilt-huzalos-futoelemek-keramia-csillaim\/","og_locale":"hu_HU","og_type":"article","og_title":"Ny\u00edlt huzalos f\u0171t\u0151elemek (ker\u00e1mia, csill\u00e1m) | ELEKTRON-ETTO","og_description":"Ny\u00edlt huzalos f\u0171t\u0151elemek ker\u00e1mia \u00e9s csill\u00e1m szigetel\u00e9ssel. Egyedi gy\u00e1rt\u00e1s l\u00e9gf\u0171t\u00e9si \u00e9s ipari sz\u00e1r\u00edt\u00e1si alkalmaz\u00e1sokhoz.","og_url":"https:\/\/www.etto.cz\/hu\/termekek\/nyilt-huzalos-futoelemek-keramia-csillaim\/","og_site_name":"ETTO","article_modified_time":"2026-03-10T06:30:28+00:00","og_image":[{"width":1449,"height":1176,"url":"https:\/\/www.etto.cz\/wp-content\/uploads\/2016\/12\/spirala-3.jpg","type":"image\/jpeg"}],"twitter_card":"summary_large_image","twitter_misc":{"Becs\u00fclt olvas\u00e1si id\u0151":"1 perc"},"schema":{"@context":"https:\/\/schema.org","@graph":[{"@type":"WebPage","@id":"https:\/\/www.etto.cz\/elektricka-topna-telesa\/topna-telesa-s-otevrenym-dratem\/","url":"https:\/\/www.etto.cz\/elektricka-topna-telesa\/topna-telesa-s-otevrenym-dratem\/","name":"Ny\u00edlt huzalos f\u0171t\u0151elemek (ker\u00e1mia, csill\u00e1m) | ELEKTRON-ETTO","isPartOf":{"@id":"https:\/\/www.etto.cz\/#website"},"primaryImageOfPage":{"@id":"https:\/\/www.etto.cz\/elektricka-topna-telesa\/topna-telesa-s-otevrenym-dratem\/#primaryimage"},"image":{"@id":"https:\/\/www.etto.cz\/elektricka-topna-telesa\/topna-telesa-s-otevrenym-dratem\/#primaryimage"},"thumbnailUrl":"https:\/\/www.etto.cz\/wp-content\/uploads\/2016\/12\/spirala-3.jpg","datePublished":"2018-03-14T13:51:57+00:00","dateModified":"2026-03-10T06:30:28+00:00","description":"Ny\u00edlt huzalos f\u0171t\u0151elemek ker\u00e1mia \u00e9s csill\u00e1m szigetel\u00e9ssel. Egyedi gy\u00e1rt\u00e1s l\u00e9gf\u0171t\u00e9si \u00e9s ipari sz\u00e1r\u00edt\u00e1si alkalmaz\u00e1sokhoz.","breadcrumb":{"@id":"https:\/\/www.etto.cz\/elektricka-topna-telesa\/topna-telesa-s-otevrenym-dratem\/#breadcrumb"},"inLanguage":"hu","potentialAction":[{"@type":"ReadAction","target":["https:\/\/www.etto.cz\/elektricka-topna-telesa\/topna-telesa-s-otevrenym-dratem\/"]}]},{"@type":"ImageObject","inLanguage":"hu","@id":"https:\/\/www.etto.cz\/elektricka-topna-telesa\/topna-telesa-s-otevrenym-dratem\/#primaryimage","url":"https:\/\/www.etto.cz\/wp-content\/uploads\/2016\/12\/spirala-3.jpg","contentUrl":"https:\/\/www.etto.cz\/wp-content\/uploads\/2016\/12\/spirala-3.jpg","width":1449,"height":1176},{"@type":"BreadcrumbList","@id":"https:\/\/www.etto.cz\/elektricka-topna-telesa\/topna-telesa-s-otevrenym-dratem\/#breadcrumb","itemListElement":[{"@type":"ListItem","position":1,"name":"Dom\u016f","item":"https:\/\/www.etto.cz\/"},{"@type":"ListItem","position":2,"name":"Elektromos f\u0171t\u0151elemek &#8211; Term\u00e9kek","item":"https:\/\/www.etto.cz\/elektricka-topna-telesa\/"},{"@type":"ListItem","position":3,"name":"Ny\u00edlt huzalos f\u0171t\u0151elemek (ker\u00e1mia, csill\u00e1m)"}]},{"@type":"WebSite","@id":"https:\/\/www.etto.cz\/#website","url":"https:\/\/www.etto.cz\/","name":"ETTO","description":"V\u00fdroba elektrick\u00fdch topn\u00fdch t\u011bles","potentialAction":[{"@type":"SearchAction","target":{"@type":"EntryPoint","urlTemplate":"https:\/\/www.etto.cz\/?s={search_term_string}"},"query-input":{"@type":"PropertyValueSpecification","valueRequired":true,"valueName":"search_term_string"}}],"inLanguage":"hu"}]}},"_links":{"self":[{"href":"https:\/\/www.etto.cz\/hu\/wp-json\/wp\/v2\/pages\/5787","targetHints":{"allow":["GET"]}}],"collection":[{"href":"https:\/\/www.etto.cz\/hu\/wp-json\/wp\/v2\/pages"}],"about":[{"href":"https:\/\/www.etto.cz\/hu\/wp-json\/wp\/v2\/types\/page"}],"author":[{"embeddable":true,"href":"https:\/\/www.etto.cz\/hu\/wp-json\/wp\/v2\/users\/1"}],"replies":[{"embeddable":true,"href":"https:\/\/www.etto.cz\/hu\/wp-json\/wp\/v2\/comments?post=5787"}],"version-history":[{"count":2,"href":"https:\/\/www.etto.cz\/hu\/wp-json\/wp\/v2\/pages\/5787\/revisions"}],"predecessor-version":[{"id":6088,"href":"https:\/\/www.etto.cz\/hu\/wp-json\/wp\/v2\/pages\/5787\/revisions\/6088"}],"up":[{"embeddable":true,"href":"https:\/\/www.etto.cz\/hu\/wp-json\/wp\/v2\/pages\/5748"}],"wp:featuredmedia":[{"embeddable":true,"href":"https:\/\/www.etto.cz\/hu\/wp-json\/wp\/v2\/media\/5789"}],"wp:attachment":[{"href":"https:\/\/www.etto.cz\/hu\/wp-json\/wp\/v2\/media?parent=5787"}],"curies":[{"name":"wp","href":"https:\/\/api.w.org\/{rel}","templated":true}]}}