{"id":5790,"date":"2018-03-14T14:51:43","date_gmt":"2018-03-14T13:51:43","guid":{"rendered":"https:\/\/www.etto.cz\/products\/flat-heating-bodies-with-mica-insulation\/"},"modified":"2026-02-24T16:24:25","modified_gmt":"2026-02-24T15:24:25","slug":"csillaim-lapos-futoelemek","status":"publish","type":"page","link":"https:\/\/www.etto.cz\/hu\/termekek\/csillaim-lapos-futoelemek\/","title":{"rendered":"Csill\u00e1m lapos f\u0171t\u0151elemek"},"content":{"rendered":"<p>Lapos csill\u00e1m f\u0171t\u0151elemeket gy\u00e1rtunk az \u00fcgyf\u00e9l ig\u00e9nyei szerint.<\/p>\n","protected":false},"excerpt":{"rendered":"<p>Lapos csill\u00e1m f\u0171t\u0151elemeket gy\u00e1rtunk az \u00fcgyf\u00e9l ig\u00e9nyei szerint.<\/p>\n","protected":false},"author":1,"featured_media":5791,"parent":5748,"menu_order":0,"comment_status":"open","ping_status":"open","template":"_page-menu.php","meta":{"_acf_changed":false,"ngg_post_thumbnail":0,"footnotes":"","_links_to":"","_links_to_target":""},"class_list":["post-5790","page","type-page","status-publish","has-post-thumbnail","hentry"],"acf":[],"yoast_head":"<!-- This site is optimized with the Yoast SEO plugin v27.3 - https:\/\/yoast.com\/product\/yoast-seo-wordpress\/ -->\n<title>Csill\u00e1m lapos f\u0171t\u0151elemek | ELEKTRON-ETTO<\/title>\n<meta name=\"description\" content=\"Csill\u00e1m szigetel\u00e9s\u0171 lapos f\u0171t\u0151elemek egyedi gy\u00e1rt\u00e1sa ipari alkalmaz\u00e1sokhoz. Kiv\u00e1l\u00f3 h\u0151szigetel\u00e9s \u00e9s hossz\u00fa \u00e9lettartam.\" \/>\n<meta name=\"robots\" content=\"index, follow, max-snippet:-1, max-image-preview:large, max-video-preview:-1\" \/>\n<link rel=\"canonical\" href=\"https:\/\/www.etto.cz\/hu\/termekek\/csillaim-lapos-futoelemek\/\" \/>\n<meta property=\"og:locale\" content=\"hu_HU\" \/>\n<meta property=\"og:type\" content=\"article\" \/>\n<meta property=\"og:title\" content=\"Csill\u00e1m lapos f\u0171t\u0151elemek | ELEKTRON-ETTO\" \/>\n<meta property=\"og:description\" content=\"Csill\u00e1m szigetel\u00e9s\u0171 lapos f\u0171t\u0151elemek egyedi gy\u00e1rt\u00e1sa ipari alkalmaz\u00e1sokhoz. Kiv\u00e1l\u00f3 h\u0151szigetel\u00e9s \u00e9s hossz\u00fa \u00e9lettartam.\" \/>\n<meta property=\"og:url\" content=\"https:\/\/www.etto.cz\/hu\/termekek\/csillaim-lapos-futoelemek\/\" \/>\n<meta property=\"og:site_name\" content=\"ETTO\" \/>\n<meta property=\"article:modified_time\" content=\"2026-02-24T15:24:25+00:00\" \/>\n<meta property=\"og:image\" content=\"https:\/\/www.etto.cz\/wp-content\/uploads\/2015\/05\/topna-telesa-se-slidovou-izolaci.jpg\" \/>\n\t<meta property=\"og:image:width\" content=\"400\" \/>\n\t<meta property=\"og:image:height\" content=\"400\" \/>\n\t<meta property=\"og:image:type\" content=\"image\/jpeg\" \/>\n<meta name=\"twitter:card\" content=\"summary_large_image\" \/>\n<script type=\"application\/ld+json\" class=\"yoast-schema-graph\">{\"@context\":\"https:\\\/\\\/schema.org\",\"@graph\":[{\"@type\":\"WebPage\",\"@id\":\"https:\\\/\\\/www.etto.cz\\\/elektricka-topna-telesa\\\/plocha-topna-telesa-se-slidovou-izolaci\\\/\",\"url\":\"https:\\\/\\\/www.etto.cz\\\/elektricka-topna-telesa\\\/plocha-topna-telesa-se-slidovou-izolaci\\\/\",\"name\":\"Csill\u00e1m lapos f\u0171t\u0151elemek | ELEKTRON-ETTO\",\"isPartOf\":{\"@id\":\"https:\\\/\\\/www.etto.cz\\\/#website\"},\"primaryImageOfPage\":{\"@id\":\"https:\\\/\\\/www.etto.cz\\\/elektricka-topna-telesa\\\/plocha-topna-telesa-se-slidovou-izolaci\\\/#primaryimage\"},\"image\":{\"@id\":\"https:\\\/\\\/www.etto.cz\\\/elektricka-topna-telesa\\\/plocha-topna-telesa-se-slidovou-izolaci\\\/#primaryimage\"},\"thumbnailUrl\":\"https:\\\/\\\/www.etto.cz\\\/wp-content\\\/uploads\\\/2015\\\/05\\\/topna-telesa-se-slidovou-izolaci.jpg\",\"datePublished\":\"2018-03-14T13:51:43+00:00\",\"dateModified\":\"2026-02-24T15:24:25+00:00\",\"description\":\"Csill\u00e1m szigetel\u00e9s\u0171 lapos f\u0171t\u0151elemek egyedi gy\u00e1rt\u00e1sa ipari alkalmaz\u00e1sokhoz. Kiv\u00e1l\u00f3 h\u0151szigetel\u00e9s \u00e9s hossz\u00fa \u00e9lettartam.\",\"breadcrumb\":{\"@id\":\"https:\\\/\\\/www.etto.cz\\\/elektricka-topna-telesa\\\/plocha-topna-telesa-se-slidovou-izolaci\\\/#breadcrumb\"},\"inLanguage\":\"hu\",\"potentialAction\":[{\"@type\":\"ReadAction\",\"target\":[\"https:\\\/\\\/www.etto.cz\\\/elektricka-topna-telesa\\\/plocha-topna-telesa-se-slidovou-izolaci\\\/\"]}]},{\"@type\":\"ImageObject\",\"inLanguage\":\"hu\",\"@id\":\"https:\\\/\\\/www.etto.cz\\\/elektricka-topna-telesa\\\/plocha-topna-telesa-se-slidovou-izolaci\\\/#primaryimage\",\"url\":\"https:\\\/\\\/www.etto.cz\\\/wp-content\\\/uploads\\\/2015\\\/05\\\/topna-telesa-se-slidovou-izolaci.jpg\",\"contentUrl\":\"https:\\\/\\\/www.etto.cz\\\/wp-content\\\/uploads\\\/2015\\\/05\\\/topna-telesa-se-slidovou-izolaci.jpg\",\"width\":400,\"height\":400},{\"@type\":\"BreadcrumbList\",\"@id\":\"https:\\\/\\\/www.etto.cz\\\/elektricka-topna-telesa\\\/plocha-topna-telesa-se-slidovou-izolaci\\\/#breadcrumb\",\"itemListElement\":[{\"@type\":\"ListItem\",\"position\":1,\"name\":\"Dom\u016f\",\"item\":\"https:\\\/\\\/www.etto.cz\\\/\"},{\"@type\":\"ListItem\",\"position\":2,\"name\":\"Elektromos f\u0171t\u0151elemek &#8211; Term\u00e9kek\",\"item\":\"https:\\\/\\\/www.etto.cz\\\/elektricka-topna-telesa\\\/\"},{\"@type\":\"ListItem\",\"position\":3,\"name\":\"Csill\u00e1m lapos f\u0171t\u0151elemek\"}]},{\"@type\":\"WebSite\",\"@id\":\"https:\\\/\\\/www.etto.cz\\\/#website\",\"url\":\"https:\\\/\\\/www.etto.cz\\\/\",\"name\":\"ETTO\",\"description\":\"V\u00fdroba elektrick\u00fdch topn\u00fdch t\u011bles\",\"potentialAction\":[{\"@type\":\"SearchAction\",\"target\":{\"@type\":\"EntryPoint\",\"urlTemplate\":\"https:\\\/\\\/www.etto.cz\\\/?s={search_term_string}\"},\"query-input\":{\"@type\":\"PropertyValueSpecification\",\"valueRequired\":true,\"valueName\":\"search_term_string\"}}],\"inLanguage\":\"hu\"}]}<\/script>\n<!-- \/ Yoast SEO plugin. -->","yoast_head_json":{"title":"Csill\u00e1m lapos f\u0171t\u0151elemek | ELEKTRON-ETTO","description":"Csill\u00e1m szigetel\u00e9s\u0171 lapos f\u0171t\u0151elemek egyedi gy\u00e1rt\u00e1sa ipari alkalmaz\u00e1sokhoz. Kiv\u00e1l\u00f3 h\u0151szigetel\u00e9s \u00e9s hossz\u00fa \u00e9lettartam.","robots":{"index":"index","follow":"follow","max-snippet":"max-snippet:-1","max-image-preview":"max-image-preview:large","max-video-preview":"max-video-preview:-1"},"canonical":"https:\/\/www.etto.cz\/hu\/termekek\/csillaim-lapos-futoelemek\/","og_locale":"hu_HU","og_type":"article","og_title":"Csill\u00e1m lapos f\u0171t\u0151elemek | ELEKTRON-ETTO","og_description":"Csill\u00e1m szigetel\u00e9s\u0171 lapos f\u0171t\u0151elemek egyedi gy\u00e1rt\u00e1sa ipari alkalmaz\u00e1sokhoz. Kiv\u00e1l\u00f3 h\u0151szigetel\u00e9s \u00e9s hossz\u00fa \u00e9lettartam.","og_url":"https:\/\/www.etto.cz\/hu\/termekek\/csillaim-lapos-futoelemek\/","og_site_name":"ETTO","article_modified_time":"2026-02-24T15:24:25+00:00","og_image":[{"width":400,"height":400,"url":"https:\/\/www.etto.cz\/wp-content\/uploads\/2015\/05\/topna-telesa-se-slidovou-izolaci.jpg","type":"image\/jpeg"}],"twitter_card":"summary_large_image","schema":{"@context":"https:\/\/schema.org","@graph":[{"@type":"WebPage","@id":"https:\/\/www.etto.cz\/elektricka-topna-telesa\/plocha-topna-telesa-se-slidovou-izolaci\/","url":"https:\/\/www.etto.cz\/elektricka-topna-telesa\/plocha-topna-telesa-se-slidovou-izolaci\/","name":"Csill\u00e1m lapos f\u0171t\u0151elemek | ELEKTRON-ETTO","isPartOf":{"@id":"https:\/\/www.etto.cz\/#website"},"primaryImageOfPage":{"@id":"https:\/\/www.etto.cz\/elektricka-topna-telesa\/plocha-topna-telesa-se-slidovou-izolaci\/#primaryimage"},"image":{"@id":"https:\/\/www.etto.cz\/elektricka-topna-telesa\/plocha-topna-telesa-se-slidovou-izolaci\/#primaryimage"},"thumbnailUrl":"https:\/\/www.etto.cz\/wp-content\/uploads\/2015\/05\/topna-telesa-se-slidovou-izolaci.jpg","datePublished":"2018-03-14T13:51:43+00:00","dateModified":"2026-02-24T15:24:25+00:00","description":"Csill\u00e1m szigetel\u00e9s\u0171 lapos f\u0171t\u0151elemek egyedi gy\u00e1rt\u00e1sa ipari alkalmaz\u00e1sokhoz. Kiv\u00e1l\u00f3 h\u0151szigetel\u00e9s \u00e9s hossz\u00fa \u00e9lettartam.","breadcrumb":{"@id":"https:\/\/www.etto.cz\/elektricka-topna-telesa\/plocha-topna-telesa-se-slidovou-izolaci\/#breadcrumb"},"inLanguage":"hu","potentialAction":[{"@type":"ReadAction","target":["https:\/\/www.etto.cz\/elektricka-topna-telesa\/plocha-topna-telesa-se-slidovou-izolaci\/"]}]},{"@type":"ImageObject","inLanguage":"hu","@id":"https:\/\/www.etto.cz\/elektricka-topna-telesa\/plocha-topna-telesa-se-slidovou-izolaci\/#primaryimage","url":"https:\/\/www.etto.cz\/wp-content\/uploads\/2015\/05\/topna-telesa-se-slidovou-izolaci.jpg","contentUrl":"https:\/\/www.etto.cz\/wp-content\/uploads\/2015\/05\/topna-telesa-se-slidovou-izolaci.jpg","width":400,"height":400},{"@type":"BreadcrumbList","@id":"https:\/\/www.etto.cz\/elektricka-topna-telesa\/plocha-topna-telesa-se-slidovou-izolaci\/#breadcrumb","itemListElement":[{"@type":"ListItem","position":1,"name":"Dom\u016f","item":"https:\/\/www.etto.cz\/"},{"@type":"ListItem","position":2,"name":"Elektromos f\u0171t\u0151elemek &#8211; Term\u00e9kek","item":"https:\/\/www.etto.cz\/elektricka-topna-telesa\/"},{"@type":"ListItem","position":3,"name":"Csill\u00e1m lapos f\u0171t\u0151elemek"}]},{"@type":"WebSite","@id":"https:\/\/www.etto.cz\/#website","url":"https:\/\/www.etto.cz\/","name":"ETTO","description":"V\u00fdroba elektrick\u00fdch topn\u00fdch t\u011bles","potentialAction":[{"@type":"SearchAction","target":{"@type":"EntryPoint","urlTemplate":"https:\/\/www.etto.cz\/?s={search_term_string}"},"query-input":{"@type":"PropertyValueSpecification","valueRequired":true,"valueName":"search_term_string"}}],"inLanguage":"hu"}]}},"_links":{"self":[{"href":"https:\/\/www.etto.cz\/hu\/wp-json\/wp\/v2\/pages\/5790","targetHints":{"allow":["GET"]}}],"collection":[{"href":"https:\/\/www.etto.cz\/hu\/wp-json\/wp\/v2\/pages"}],"about":[{"href":"https:\/\/www.etto.cz\/hu\/wp-json\/wp\/v2\/types\/page"}],"author":[{"embeddable":true,"href":"https:\/\/www.etto.cz\/hu\/wp-json\/wp\/v2\/users\/1"}],"replies":[{"embeddable":true,"href":"https:\/\/www.etto.cz\/hu\/wp-json\/wp\/v2\/comments?post=5790"}],"version-history":[{"count":1,"href":"https:\/\/www.etto.cz\/hu\/wp-json\/wp\/v2\/pages\/5790\/revisions"}],"predecessor-version":[{"id":5985,"href":"https:\/\/www.etto.cz\/hu\/wp-json\/wp\/v2\/pages\/5790\/revisions\/5985"}],"up":[{"embeddable":true,"href":"https:\/\/www.etto.cz\/hu\/wp-json\/wp\/v2\/pages\/5748"}],"wp:featuredmedia":[{"embeddable":true,"href":"https:\/\/www.etto.cz\/hu\/wp-json\/wp\/v2\/media\/5791"}],"wp:attachment":[{"href":"https:\/\/www.etto.cz\/hu\/wp-json\/wp\/v2\/media?parent=5790"}],"curies":[{"name":"wp","href":"https:\/\/api.w.org\/{rel}","templated":true}]}}