{"id":5792,"date":"2018-03-14T14:51:32","date_gmt":"2018-03-14T13:51:32","guid":{"rendered":"https:\/\/www.etto.cz\/heating-collar-for-the-rod-with-a-9-x-4-profile\/"},"modified":"2026-02-24T16:24:25","modified_gmt":"2026-02-24T15:24:25","slug":"futomandzsetta-rudbol-7-2x2-7-profilu","status":"publish","type":"page","link":"https:\/\/www.etto.cz\/hu\/termekek\/futoszalagok-es-futomandzsettek\/futomandzsetta-rudbol-7-2x2-7-profilu\/","title":{"rendered":"F\u0171t\u0151mandzsetta r\u00fadb\u00f3l, 7,2\u00d72,7 profil\u00fa"},"content":{"rendered":"<p style=\"text-align: justify;\">Ennek a mandzsett\u00e1nak a kialak\u00edt\u00e1sa ellen\u00e1ll\u00e1st biztos\u00edt a mechanikai hat\u00e1sokkal \u00e9s \u00fct\u00e9sekkel szemben, bele\u00e9rtve a szigetel\u00e9s kop\u00e1s\u00e1t a p\u00e1ratartalom, a v\u00e9letlen bemer\u00edt\u00e9s stb. hat\u00e1sa miatt.<\/p>\n<p style=\"text-align: justify;\"><a class=\"fancybox left\" href=\"http:\/\/www.etto.cz\/wp-content\/uploads\/2017\/01\/topny_obojek_20x25.jpg\"><img loading=\"lazy\" decoding=\"async\" width=\"150\" height=\"150\" class=\"alignnone wp-image-1372\" alt=\"heating_nozzle_20x25\" src=\"https:\/\/www.etto.cz\/wp-content\/uploads\/2017\/01\/topny_obojek_20x25-300x300.jpg\"><\/a><\/p>\n","protected":false},"excerpt":{"rendered":"<p>Ennek a mandzsett\u00e1nak a kialak\u00edt\u00e1sa ellen\u00e1ll\u00e1st biztos\u00edt a mechanikai hat\u00e1sokkal \u00e9s \u00fct\u00e9sekkel szemben, bele\u00e9rtve a szigetel\u00e9s kop\u00e1s\u00e1t a p\u00e1ratartalom, a v\u00e9letlen bemer\u00edt\u00e9s stb. hat\u00e1sa miatt.<\/p>\n","protected":false},"author":1,"featured_media":5794,"parent":5801,"menu_order":0,"comment_status":"open","ping_status":"open","template":"_page-menu.php","meta":{"_acf_changed":false,"ngg_post_thumbnail":0,"footnotes":"","_links_to":"","_links_to_target":""},"class_list":["post-5792","page","type-page","status-publish","has-post-thumbnail","hentry"],"acf":[],"yoast_head":"<!-- This site is optimized with the Yoast SEO plugin v27.3 - https:\/\/yoast.com\/product\/yoast-seo-wordpress\/ -->\n<title>F\u0171t\u0151mandzsetta r\u00fadb\u00f3l, 7,2\u00d72,7 profil\u00fa | ELEKTRON-ETTO<\/title>\n<meta name=\"description\" content=\"F\u0171t\u0151mandzsetta r\u00fadb\u00f3l k\u00e9sz\u00fclt, 7,2\u00d72,7 mm profil\u00fa ellen\u00e1ll\u00e1s-f\u0171t\u0151testek. Egyedi gy\u00e1rt\u00e1s fr\u00f6ccs\u00f6nt\u0151 g\u00e9pekhez \u00e9s extruderekhez.\" \/>\n<meta name=\"robots\" content=\"index, follow, max-snippet:-1, max-image-preview:large, max-video-preview:-1\" \/>\n<link rel=\"canonical\" href=\"https:\/\/www.etto.cz\/hu\/termekek\/futoszalagok-es-futomandzsettek\/futomandzsetta-rudbol-7-2x2-7-profilu\/\" \/>\n<meta property=\"og:locale\" content=\"hu_HU\" \/>\n<meta property=\"og:type\" content=\"article\" \/>\n<meta property=\"og:title\" content=\"F\u0171t\u0151mandzsetta r\u00fadb\u00f3l, 7,2\u00d72,7 profil\u00fa | ELEKTRON-ETTO\" \/>\n<meta property=\"og:description\" content=\"F\u0171t\u0151mandzsetta r\u00fadb\u00f3l k\u00e9sz\u00fclt, 7,2\u00d72,7 mm profil\u00fa ellen\u00e1ll\u00e1s-f\u0171t\u0151testek. Egyedi gy\u00e1rt\u00e1s fr\u00f6ccs\u00f6nt\u0151 g\u00e9pekhez \u00e9s extruderekhez.\" \/>\n<meta property=\"og:url\" content=\"https:\/\/www.etto.cz\/hu\/termekek\/futoszalagok-es-futomandzsettek\/futomandzsetta-rudbol-7-2x2-7-profilu\/\" \/>\n<meta property=\"og:site_name\" content=\"ETTO\" \/>\n<meta property=\"article:modified_time\" content=\"2026-02-24T15:24:25+00:00\" \/>\n<meta property=\"og:image\" content=\"https:\/\/www.etto.cz\/wp-content\/uploads\/2015\/05\/topne-pasy.jpg\" \/>\n\t<meta property=\"og:image:width\" content=\"400\" \/>\n\t<meta property=\"og:image:height\" content=\"400\" \/>\n\t<meta property=\"og:image:type\" content=\"image\/jpeg\" \/>\n<meta name=\"twitter:card\" content=\"summary_large_image\" \/>\n<meta name=\"twitter:label1\" content=\"Becs\u00fclt olvas\u00e1si id\u0151\" \/>\n\t<meta name=\"twitter:data1\" content=\"1 perc\" \/>\n<script type=\"application\/ld+json\" class=\"yoast-schema-graph\">{\"@context\":\"https:\\\/\\\/schema.org\",\"@graph\":[{\"@type\":\"WebPage\",\"@id\":\"https:\\\/\\\/www.etto.cz\\\/elektricka-topna-telesa\\\/topne-pasy\\\/topny-obojek-z-tyce-profilu-9-x-4\\\/\",\"url\":\"https:\\\/\\\/www.etto.cz\\\/elektricka-topna-telesa\\\/topne-pasy\\\/topny-obojek-z-tyce-profilu-9-x-4\\\/\",\"name\":\"F\u0171t\u0151mandzsetta r\u00fadb\u00f3l, 7,2\u00d72,7 profil\u00fa | ELEKTRON-ETTO\",\"isPartOf\":{\"@id\":\"https:\\\/\\\/www.etto.cz\\\/#website\"},\"primaryImageOfPage\":{\"@id\":\"https:\\\/\\\/www.etto.cz\\\/elektricka-topna-telesa\\\/topne-pasy\\\/topny-obojek-z-tyce-profilu-9-x-4\\\/#primaryimage\"},\"image\":{\"@id\":\"https:\\\/\\\/www.etto.cz\\\/elektricka-topna-telesa\\\/topne-pasy\\\/topny-obojek-z-tyce-profilu-9-x-4\\\/#primaryimage\"},\"thumbnailUrl\":\"https:\\\/\\\/www.etto.cz\\\/wp-content\\\/uploads\\\/2015\\\/05\\\/topne-pasy.jpg\",\"datePublished\":\"2018-03-14T13:51:32+00:00\",\"dateModified\":\"2026-02-24T15:24:25+00:00\",\"description\":\"F\u0171t\u0151mandzsetta r\u00fadb\u00f3l k\u00e9sz\u00fclt, 7,2\u00d72,7 mm profil\u00fa ellen\u00e1ll\u00e1s-f\u0171t\u0151testek. Egyedi gy\u00e1rt\u00e1s fr\u00f6ccs\u00f6nt\u0151 g\u00e9pekhez \u00e9s extruderekhez.\",\"breadcrumb\":{\"@id\":\"https:\\\/\\\/www.etto.cz\\\/elektricka-topna-telesa\\\/topne-pasy\\\/topny-obojek-z-tyce-profilu-9-x-4\\\/#breadcrumb\"},\"inLanguage\":\"hu\",\"potentialAction\":[{\"@type\":\"ReadAction\",\"target\":[\"https:\\\/\\\/www.etto.cz\\\/elektricka-topna-telesa\\\/topne-pasy\\\/topny-obojek-z-tyce-profilu-9-x-4\\\/\"]}]},{\"@type\":\"ImageObject\",\"inLanguage\":\"hu\",\"@id\":\"https:\\\/\\\/www.etto.cz\\\/elektricka-topna-telesa\\\/topne-pasy\\\/topny-obojek-z-tyce-profilu-9-x-4\\\/#primaryimage\",\"url\":\"https:\\\/\\\/www.etto.cz\\\/wp-content\\\/uploads\\\/2015\\\/05\\\/topne-pasy.jpg\",\"contentUrl\":\"https:\\\/\\\/www.etto.cz\\\/wp-content\\\/uploads\\\/2015\\\/05\\\/topne-pasy.jpg\",\"width\":400,\"height\":400},{\"@type\":\"BreadcrumbList\",\"@id\":\"https:\\\/\\\/www.etto.cz\\\/elektricka-topna-telesa\\\/topne-pasy\\\/topny-obojek-z-tyce-profilu-9-x-4\\\/#breadcrumb\",\"itemListElement\":[{\"@type\":\"ListItem\",\"position\":1,\"name\":\"Dom\u016f\",\"item\":\"https:\\\/\\\/www.etto.cz\\\/\"},{\"@type\":\"ListItem\",\"position\":2,\"name\":\"Elektromos f\u0171t\u0151elemek &#8211; Term\u00e9kek\",\"item\":\"https:\\\/\\\/www.etto.cz\\\/elektricka-topna-telesa\\\/\"},{\"@type\":\"ListItem\",\"position\":3,\"name\":\"F\u0171t\u0151szalagok \u00e9s f\u0171t\u0151mandzsettek\",\"item\":\"https:\\\/\\\/www.etto.cz\\\/elektricka-topna-telesa\\\/topne-pasy\\\/\"},{\"@type\":\"ListItem\",\"position\":4,\"name\":\"F\u0171t\u0151mandzsetta r\u00fadb\u00f3l, 7,2\u00d72,7 profil\u00fa\"}]},{\"@type\":\"WebSite\",\"@id\":\"https:\\\/\\\/www.etto.cz\\\/#website\",\"url\":\"https:\\\/\\\/www.etto.cz\\\/\",\"name\":\"ETTO\",\"description\":\"V\u00fdroba elektrick\u00fdch topn\u00fdch t\u011bles\",\"potentialAction\":[{\"@type\":\"SearchAction\",\"target\":{\"@type\":\"EntryPoint\",\"urlTemplate\":\"https:\\\/\\\/www.etto.cz\\\/?s={search_term_string}\"},\"query-input\":{\"@type\":\"PropertyValueSpecification\",\"valueRequired\":true,\"valueName\":\"search_term_string\"}}],\"inLanguage\":\"hu\"}]}<\/script>\n<!-- \/ Yoast SEO plugin. -->","yoast_head_json":{"title":"F\u0171t\u0151mandzsetta r\u00fadb\u00f3l, 7,2\u00d72,7 profil\u00fa | ELEKTRON-ETTO","description":"F\u0171t\u0151mandzsetta r\u00fadb\u00f3l k\u00e9sz\u00fclt, 7,2\u00d72,7 mm profil\u00fa ellen\u00e1ll\u00e1s-f\u0171t\u0151testek. Egyedi gy\u00e1rt\u00e1s fr\u00f6ccs\u00f6nt\u0151 g\u00e9pekhez \u00e9s extruderekhez.","robots":{"index":"index","follow":"follow","max-snippet":"max-snippet:-1","max-image-preview":"max-image-preview:large","max-video-preview":"max-video-preview:-1"},"canonical":"https:\/\/www.etto.cz\/hu\/termekek\/futoszalagok-es-futomandzsettek\/futomandzsetta-rudbol-7-2x2-7-profilu\/","og_locale":"hu_HU","og_type":"article","og_title":"F\u0171t\u0151mandzsetta r\u00fadb\u00f3l, 7,2\u00d72,7 profil\u00fa | ELEKTRON-ETTO","og_description":"F\u0171t\u0151mandzsetta r\u00fadb\u00f3l k\u00e9sz\u00fclt, 7,2\u00d72,7 mm profil\u00fa ellen\u00e1ll\u00e1s-f\u0171t\u0151testek. Egyedi gy\u00e1rt\u00e1s fr\u00f6ccs\u00f6nt\u0151 g\u00e9pekhez \u00e9s extruderekhez.","og_url":"https:\/\/www.etto.cz\/hu\/termekek\/futoszalagok-es-futomandzsettek\/futomandzsetta-rudbol-7-2x2-7-profilu\/","og_site_name":"ETTO","article_modified_time":"2026-02-24T15:24:25+00:00","og_image":[{"width":400,"height":400,"url":"https:\/\/www.etto.cz\/wp-content\/uploads\/2015\/05\/topne-pasy.jpg","type":"image\/jpeg"}],"twitter_card":"summary_large_image","twitter_misc":{"Becs\u00fclt olvas\u00e1si id\u0151":"1 perc"},"schema":{"@context":"https:\/\/schema.org","@graph":[{"@type":"WebPage","@id":"https:\/\/www.etto.cz\/elektricka-topna-telesa\/topne-pasy\/topny-obojek-z-tyce-profilu-9-x-4\/","url":"https:\/\/www.etto.cz\/elektricka-topna-telesa\/topne-pasy\/topny-obojek-z-tyce-profilu-9-x-4\/","name":"F\u0171t\u0151mandzsetta r\u00fadb\u00f3l, 7,2\u00d72,7 profil\u00fa | ELEKTRON-ETTO","isPartOf":{"@id":"https:\/\/www.etto.cz\/#website"},"primaryImageOfPage":{"@id":"https:\/\/www.etto.cz\/elektricka-topna-telesa\/topne-pasy\/topny-obojek-z-tyce-profilu-9-x-4\/#primaryimage"},"image":{"@id":"https:\/\/www.etto.cz\/elektricka-topna-telesa\/topne-pasy\/topny-obojek-z-tyce-profilu-9-x-4\/#primaryimage"},"thumbnailUrl":"https:\/\/www.etto.cz\/wp-content\/uploads\/2015\/05\/topne-pasy.jpg","datePublished":"2018-03-14T13:51:32+00:00","dateModified":"2026-02-24T15:24:25+00:00","description":"F\u0171t\u0151mandzsetta r\u00fadb\u00f3l k\u00e9sz\u00fclt, 7,2\u00d72,7 mm profil\u00fa ellen\u00e1ll\u00e1s-f\u0171t\u0151testek. Egyedi gy\u00e1rt\u00e1s fr\u00f6ccs\u00f6nt\u0151 g\u00e9pekhez \u00e9s extruderekhez.","breadcrumb":{"@id":"https:\/\/www.etto.cz\/elektricka-topna-telesa\/topne-pasy\/topny-obojek-z-tyce-profilu-9-x-4\/#breadcrumb"},"inLanguage":"hu","potentialAction":[{"@type":"ReadAction","target":["https:\/\/www.etto.cz\/elektricka-topna-telesa\/topne-pasy\/topny-obojek-z-tyce-profilu-9-x-4\/"]}]},{"@type":"ImageObject","inLanguage":"hu","@id":"https:\/\/www.etto.cz\/elektricka-topna-telesa\/topne-pasy\/topny-obojek-z-tyce-profilu-9-x-4\/#primaryimage","url":"https:\/\/www.etto.cz\/wp-content\/uploads\/2015\/05\/topne-pasy.jpg","contentUrl":"https:\/\/www.etto.cz\/wp-content\/uploads\/2015\/05\/topne-pasy.jpg","width":400,"height":400},{"@type":"BreadcrumbList","@id":"https:\/\/www.etto.cz\/elektricka-topna-telesa\/topne-pasy\/topny-obojek-z-tyce-profilu-9-x-4\/#breadcrumb","itemListElement":[{"@type":"ListItem","position":1,"name":"Dom\u016f","item":"https:\/\/www.etto.cz\/"},{"@type":"ListItem","position":2,"name":"Elektromos f\u0171t\u0151elemek &#8211; Term\u00e9kek","item":"https:\/\/www.etto.cz\/elektricka-topna-telesa\/"},{"@type":"ListItem","position":3,"name":"F\u0171t\u0151szalagok \u00e9s f\u0171t\u0151mandzsettek","item":"https:\/\/www.etto.cz\/elektricka-topna-telesa\/topne-pasy\/"},{"@type":"ListItem","position":4,"name":"F\u0171t\u0151mandzsetta r\u00fadb\u00f3l, 7,2\u00d72,7 profil\u00fa"}]},{"@type":"WebSite","@id":"https:\/\/www.etto.cz\/#website","url":"https:\/\/www.etto.cz\/","name":"ETTO","description":"V\u00fdroba elektrick\u00fdch topn\u00fdch t\u011bles","potentialAction":[{"@type":"SearchAction","target":{"@type":"EntryPoint","urlTemplate":"https:\/\/www.etto.cz\/?s={search_term_string}"},"query-input":{"@type":"PropertyValueSpecification","valueRequired":true,"valueName":"search_term_string"}}],"inLanguage":"hu"}]}},"_links":{"self":[{"href":"https:\/\/www.etto.cz\/hu\/wp-json\/wp\/v2\/pages\/5792","targetHints":{"allow":["GET"]}}],"collection":[{"href":"https:\/\/www.etto.cz\/hu\/wp-json\/wp\/v2\/pages"}],"about":[{"href":"https:\/\/www.etto.cz\/hu\/wp-json\/wp\/v2\/types\/page"}],"author":[{"embeddable":true,"href":"https:\/\/www.etto.cz\/hu\/wp-json\/wp\/v2\/users\/1"}],"replies":[{"embeddable":true,"href":"https:\/\/www.etto.cz\/hu\/wp-json\/wp\/v2\/comments?post=5792"}],"version-history":[{"count":1,"href":"https:\/\/www.etto.cz\/hu\/wp-json\/wp\/v2\/pages\/5792\/revisions"}],"predecessor-version":[{"id":5988,"href":"https:\/\/www.etto.cz\/hu\/wp-json\/wp\/v2\/pages\/5792\/revisions\/5988"}],"up":[{"embeddable":true,"href":"https:\/\/www.etto.cz\/hu\/wp-json\/wp\/v2\/pages\/5801"}],"wp:featuredmedia":[{"embeddable":true,"href":"https:\/\/www.etto.cz\/hu\/wp-json\/wp\/v2\/media\/5794"}],"wp:attachment":[{"href":"https:\/\/www.etto.cz\/hu\/wp-json\/wp\/v2\/media?parent=5792"}],"curies":[{"name":"wp","href":"https:\/\/api.w.org\/{rel}","templated":true}]}}