{"id":5795,"date":"2018-03-14T14:51:21","date_gmt":"2018-03-14T13:51:21","guid":{"rendered":"https:\/\/www.etto.cz\/ceramic-heating-strips\/"},"modified":"2026-02-24T16:24:26","modified_gmt":"2026-02-24T15:24:26","slug":"keramia-futoszalagok","status":"publish","type":"page","link":"https:\/\/www.etto.cz\/hu\/termekek\/futoszalagok-es-futomandzsettek\/keramia-futoszalagok\/","title":{"rendered":"Ker\u00e1mia f\u0171t\u0151szalagok"},"content":{"rendered":"<p style=\"text-align: justify;\">Ker\u00e1mia f\u0171t\u0151szalagokat gy\u00e1rtunk hengeres fel\u00fcletek vagy nem k\u00f6r alak\u00fa profil\u00fa fel\u00fcletek f\u0171t\u00e9s\u00e9hez az \u00fcgyf\u00e9l ig\u00e9nyei szerint.<\/p>\n<p style=\"text-align: justify;\">Ha a m\u00e9retek, fesz\u00fclts\u00e9g \u00e9s teljes\u00edtm\u00e9ny szempontj\u00e1b\u00f3l gy\u00e1rthat\u00f3, ez a technol\u00f3gia magasabb \u00fczemi h\u0151m\u00e9rs\u00e9kleten \u00e9s teljes\u00edtm\u00e9nys\u0171r\u0171s\u00e9gi terhel\u00e9sn\u00e9l alkalmazhat\u00f3 a csill\u00e1m f\u0171t\u0151szalagokhoz k\u00e9pest. A szalag hat\u00e1sfoka 15%\u201320%-kal n\u00f6velhet\u0151 szigetel\u0151r\u00e9teg hozz\u00e1ad\u00e1s\u00e1val a f\u00e9m k\u00fcls\u0151 k\u00f6peny \u00e9s a ker\u00e1mia f\u0171t\u0151r\u00e9sz k\u00f6z\u00e9. Egy- vagy k\u00e9tr\u00e9szes lehet a f\u0171t\u00f6tt fel\u00fclet m\u00e9ret\u00e9t\u0151l f\u00fcgg\u0151en.<\/p>\nngg_shortcode_0_placeholder\n","protected":false},"excerpt":{"rendered":"<p>Ker\u00e1mia f\u0171t\u0151szalagokat gy\u00e1rtunk hengeres fel\u00fcletek vagy nem k\u00f6r alak\u00fa profil\u00fa fel\u00fcletek f\u0171t\u00e9s\u00e9hez az \u00fcgyf\u00e9l ig\u00e9nyei szerint. Ha a m\u00e9retek, fesz\u00fclts\u00e9g \u00e9s teljes\u00edtm\u00e9ny szempontj\u00e1b\u00f3l gy\u00e1rthat\u00f3, ez &#8230;<\/p>\n","protected":false},"author":1,"featured_media":5797,"parent":5801,"menu_order":0,"comment_status":"open","ping_status":"open","template":"_page-menu.php","meta":{"_acf_changed":false,"ngg_post_thumbnail":0,"footnotes":"","_links_to":"","_links_to_target":""},"class_list":["post-5795","page","type-page","status-publish","has-post-thumbnail","hentry"],"acf":[],"yoast_head":"<!-- This site is optimized with the Yoast SEO plugin v27.3 - https:\/\/yoast.com\/product\/yoast-seo-wordpress\/ -->\n<title>Ker\u00e1mia f\u0171t\u0151szalagok | ELEKTRON-ETTO<\/title>\n<meta name=\"description\" content=\"Ker\u00e1mia f\u0171t\u0151szalagok egyedi gy\u00e1rt\u00e1sa magas h\u0151m\u00e9rs\u00e9klet\u0171 alkalmaz\u00e1sokhoz. Kiv\u00e1l\u00f3 h\u0151szigetel\u00e9s \u00e9s hossz\u00fa \u00e9lettartam.\" \/>\n<meta name=\"robots\" content=\"index, follow, max-snippet:-1, max-image-preview:large, max-video-preview:-1\" \/>\n<link rel=\"canonical\" href=\"https:\/\/www.etto.cz\/hu\/termekek\/futoszalagok-es-futomandzsettek\/keramia-futoszalagok\/\" \/>\n<meta property=\"og:locale\" content=\"hu_HU\" \/>\n<meta property=\"og:type\" content=\"article\" \/>\n<meta property=\"og:title\" content=\"Ker\u00e1mia f\u0171t\u0151szalagok | ELEKTRON-ETTO\" \/>\n<meta property=\"og:description\" content=\"Ker\u00e1mia f\u0171t\u0151szalagok egyedi gy\u00e1rt\u00e1sa magas h\u0151m\u00e9rs\u00e9klet\u0171 alkalmaz\u00e1sokhoz. Kiv\u00e1l\u00f3 h\u0151szigetel\u00e9s \u00e9s hossz\u00fa \u00e9lettartam.\" \/>\n<meta property=\"og:url\" content=\"https:\/\/www.etto.cz\/hu\/termekek\/futoszalagok-es-futomandzsettek\/keramia-futoszalagok\/\" \/>\n<meta property=\"og:site_name\" content=\"ETTO\" \/>\n<meta property=\"article:modified_time\" content=\"2026-02-24T15:24:26+00:00\" \/>\n<meta property=\"og:image\" content=\"https:\/\/www.etto.cz\/wp-content\/uploads\/2016\/12\/keramicky_pas.jpg\" \/>\n\t<meta property=\"og:image:width\" content=\"1024\" \/>\n\t<meta property=\"og:image:height\" content=\"811\" \/>\n\t<meta property=\"og:image:type\" content=\"image\/jpeg\" \/>\n<meta name=\"twitter:card\" content=\"summary_large_image\" \/>\n<meta name=\"twitter:label1\" content=\"Becs\u00fclt olvas\u00e1si id\u0151\" \/>\n\t<meta name=\"twitter:data1\" content=\"1 perc\" \/>\n<script type=\"application\/ld+json\" class=\"yoast-schema-graph\">{\"@context\":\"https:\\\/\\\/schema.org\",\"@graph\":[{\"@type\":\"WebPage\",\"@id\":\"https:\\\/\\\/www.etto.cz\\\/elektricka-topna-telesa\\\/topne-pasy\\\/topne-pasy-keramicke\\\/\",\"url\":\"https:\\\/\\\/www.etto.cz\\\/elektricka-topna-telesa\\\/topne-pasy\\\/topne-pasy-keramicke\\\/\",\"name\":\"Ker\u00e1mia f\u0171t\u0151szalagok | ELEKTRON-ETTO\",\"isPartOf\":{\"@id\":\"https:\\\/\\\/www.etto.cz\\\/#website\"},\"primaryImageOfPage\":{\"@id\":\"https:\\\/\\\/www.etto.cz\\\/elektricka-topna-telesa\\\/topne-pasy\\\/topne-pasy-keramicke\\\/#primaryimage\"},\"image\":{\"@id\":\"https:\\\/\\\/www.etto.cz\\\/elektricka-topna-telesa\\\/topne-pasy\\\/topne-pasy-keramicke\\\/#primaryimage\"},\"thumbnailUrl\":\"https:\\\/\\\/www.etto.cz\\\/wp-content\\\/uploads\\\/2016\\\/12\\\/keramicky_pas.jpg\",\"datePublished\":\"2018-03-14T13:51:21+00:00\",\"dateModified\":\"2026-02-24T15:24:26+00:00\",\"description\":\"Ker\u00e1mia f\u0171t\u0151szalagok egyedi gy\u00e1rt\u00e1sa magas h\u0151m\u00e9rs\u00e9klet\u0171 alkalmaz\u00e1sokhoz. Kiv\u00e1l\u00f3 h\u0151szigetel\u00e9s \u00e9s hossz\u00fa \u00e9lettartam.\",\"breadcrumb\":{\"@id\":\"https:\\\/\\\/www.etto.cz\\\/elektricka-topna-telesa\\\/topne-pasy\\\/topne-pasy-keramicke\\\/#breadcrumb\"},\"inLanguage\":\"hu\",\"potentialAction\":[{\"@type\":\"ReadAction\",\"target\":[\"https:\\\/\\\/www.etto.cz\\\/elektricka-topna-telesa\\\/topne-pasy\\\/topne-pasy-keramicke\\\/\"]}]},{\"@type\":\"ImageObject\",\"inLanguage\":\"hu\",\"@id\":\"https:\\\/\\\/www.etto.cz\\\/elektricka-topna-telesa\\\/topne-pasy\\\/topne-pasy-keramicke\\\/#primaryimage\",\"url\":\"https:\\\/\\\/www.etto.cz\\\/wp-content\\\/uploads\\\/2016\\\/12\\\/keramicky_pas.jpg\",\"contentUrl\":\"https:\\\/\\\/www.etto.cz\\\/wp-content\\\/uploads\\\/2016\\\/12\\\/keramicky_pas.jpg\",\"width\":1024,\"height\":811},{\"@type\":\"BreadcrumbList\",\"@id\":\"https:\\\/\\\/www.etto.cz\\\/elektricka-topna-telesa\\\/topne-pasy\\\/topne-pasy-keramicke\\\/#breadcrumb\",\"itemListElement\":[{\"@type\":\"ListItem\",\"position\":1,\"name\":\"Dom\u016f\",\"item\":\"https:\\\/\\\/www.etto.cz\\\/\"},{\"@type\":\"ListItem\",\"position\":2,\"name\":\"Elektromos f\u0171t\u0151elemek &#8211; Term\u00e9kek\",\"item\":\"https:\\\/\\\/www.etto.cz\\\/elektricka-topna-telesa\\\/\"},{\"@type\":\"ListItem\",\"position\":3,\"name\":\"F\u0171t\u0151szalagok \u00e9s f\u0171t\u0151mandzsettek\",\"item\":\"https:\\\/\\\/www.etto.cz\\\/elektricka-topna-telesa\\\/topne-pasy\\\/\"},{\"@type\":\"ListItem\",\"position\":4,\"name\":\"Ker\u00e1mia f\u0171t\u0151szalagok\"}]},{\"@type\":\"WebSite\",\"@id\":\"https:\\\/\\\/www.etto.cz\\\/#website\",\"url\":\"https:\\\/\\\/www.etto.cz\\\/\",\"name\":\"ETTO\",\"description\":\"V\u00fdroba elektrick\u00fdch topn\u00fdch t\u011bles\",\"potentialAction\":[{\"@type\":\"SearchAction\",\"target\":{\"@type\":\"EntryPoint\",\"urlTemplate\":\"https:\\\/\\\/www.etto.cz\\\/?s={search_term_string}\"},\"query-input\":{\"@type\":\"PropertyValueSpecification\",\"valueRequired\":true,\"valueName\":\"search_term_string\"}}],\"inLanguage\":\"hu\"}]}<\/script>\n<!-- \/ Yoast SEO plugin. -->","yoast_head_json":{"title":"Ker\u00e1mia f\u0171t\u0151szalagok | ELEKTRON-ETTO","description":"Ker\u00e1mia f\u0171t\u0151szalagok egyedi gy\u00e1rt\u00e1sa magas h\u0151m\u00e9rs\u00e9klet\u0171 alkalmaz\u00e1sokhoz. Kiv\u00e1l\u00f3 h\u0151szigetel\u00e9s \u00e9s hossz\u00fa \u00e9lettartam.","robots":{"index":"index","follow":"follow","max-snippet":"max-snippet:-1","max-image-preview":"max-image-preview:large","max-video-preview":"max-video-preview:-1"},"canonical":"https:\/\/www.etto.cz\/hu\/termekek\/futoszalagok-es-futomandzsettek\/keramia-futoszalagok\/","og_locale":"hu_HU","og_type":"article","og_title":"Ker\u00e1mia f\u0171t\u0151szalagok | ELEKTRON-ETTO","og_description":"Ker\u00e1mia f\u0171t\u0151szalagok egyedi gy\u00e1rt\u00e1sa magas h\u0151m\u00e9rs\u00e9klet\u0171 alkalmaz\u00e1sokhoz. Kiv\u00e1l\u00f3 h\u0151szigetel\u00e9s \u00e9s hossz\u00fa \u00e9lettartam.","og_url":"https:\/\/www.etto.cz\/hu\/termekek\/futoszalagok-es-futomandzsettek\/keramia-futoszalagok\/","og_site_name":"ETTO","article_modified_time":"2026-02-24T15:24:26+00:00","og_image":[{"width":1024,"height":811,"url":"https:\/\/www.etto.cz\/wp-content\/uploads\/2016\/12\/keramicky_pas.jpg","type":"image\/jpeg"}],"twitter_card":"summary_large_image","twitter_misc":{"Becs\u00fclt olvas\u00e1si id\u0151":"1 perc"},"schema":{"@context":"https:\/\/schema.org","@graph":[{"@type":"WebPage","@id":"https:\/\/www.etto.cz\/elektricka-topna-telesa\/topne-pasy\/topne-pasy-keramicke\/","url":"https:\/\/www.etto.cz\/elektricka-topna-telesa\/topne-pasy\/topne-pasy-keramicke\/","name":"Ker\u00e1mia f\u0171t\u0151szalagok | ELEKTRON-ETTO","isPartOf":{"@id":"https:\/\/www.etto.cz\/#website"},"primaryImageOfPage":{"@id":"https:\/\/www.etto.cz\/elektricka-topna-telesa\/topne-pasy\/topne-pasy-keramicke\/#primaryimage"},"image":{"@id":"https:\/\/www.etto.cz\/elektricka-topna-telesa\/topne-pasy\/topne-pasy-keramicke\/#primaryimage"},"thumbnailUrl":"https:\/\/www.etto.cz\/wp-content\/uploads\/2016\/12\/keramicky_pas.jpg","datePublished":"2018-03-14T13:51:21+00:00","dateModified":"2026-02-24T15:24:26+00:00","description":"Ker\u00e1mia f\u0171t\u0151szalagok egyedi gy\u00e1rt\u00e1sa magas h\u0151m\u00e9rs\u00e9klet\u0171 alkalmaz\u00e1sokhoz. Kiv\u00e1l\u00f3 h\u0151szigetel\u00e9s \u00e9s hossz\u00fa \u00e9lettartam.","breadcrumb":{"@id":"https:\/\/www.etto.cz\/elektricka-topna-telesa\/topne-pasy\/topne-pasy-keramicke\/#breadcrumb"},"inLanguage":"hu","potentialAction":[{"@type":"ReadAction","target":["https:\/\/www.etto.cz\/elektricka-topna-telesa\/topne-pasy\/topne-pasy-keramicke\/"]}]},{"@type":"ImageObject","inLanguage":"hu","@id":"https:\/\/www.etto.cz\/elektricka-topna-telesa\/topne-pasy\/topne-pasy-keramicke\/#primaryimage","url":"https:\/\/www.etto.cz\/wp-content\/uploads\/2016\/12\/keramicky_pas.jpg","contentUrl":"https:\/\/www.etto.cz\/wp-content\/uploads\/2016\/12\/keramicky_pas.jpg","width":1024,"height":811},{"@type":"BreadcrumbList","@id":"https:\/\/www.etto.cz\/elektricka-topna-telesa\/topne-pasy\/topne-pasy-keramicke\/#breadcrumb","itemListElement":[{"@type":"ListItem","position":1,"name":"Dom\u016f","item":"https:\/\/www.etto.cz\/"},{"@type":"ListItem","position":2,"name":"Elektromos f\u0171t\u0151elemek &#8211; Term\u00e9kek","item":"https:\/\/www.etto.cz\/elektricka-topna-telesa\/"},{"@type":"ListItem","position":3,"name":"F\u0171t\u0151szalagok \u00e9s f\u0171t\u0151mandzsettek","item":"https:\/\/www.etto.cz\/elektricka-topna-telesa\/topne-pasy\/"},{"@type":"ListItem","position":4,"name":"Ker\u00e1mia f\u0171t\u0151szalagok"}]},{"@type":"WebSite","@id":"https:\/\/www.etto.cz\/#website","url":"https:\/\/www.etto.cz\/","name":"ETTO","description":"V\u00fdroba elektrick\u00fdch topn\u00fdch t\u011bles","potentialAction":[{"@type":"SearchAction","target":{"@type":"EntryPoint","urlTemplate":"https:\/\/www.etto.cz\/?s={search_term_string}"},"query-input":{"@type":"PropertyValueSpecification","valueRequired":true,"valueName":"search_term_string"}}],"inLanguage":"hu"}]}},"_links":{"self":[{"href":"https:\/\/www.etto.cz\/hu\/wp-json\/wp\/v2\/pages\/5795","targetHints":{"allow":["GET"]}}],"collection":[{"href":"https:\/\/www.etto.cz\/hu\/wp-json\/wp\/v2\/pages"}],"about":[{"href":"https:\/\/www.etto.cz\/hu\/wp-json\/wp\/v2\/types\/page"}],"author":[{"embeddable":true,"href":"https:\/\/www.etto.cz\/hu\/wp-json\/wp\/v2\/users\/1"}],"replies":[{"embeddable":true,"href":"https:\/\/www.etto.cz\/hu\/wp-json\/wp\/v2\/comments?post=5795"}],"version-history":[{"count":1,"href":"https:\/\/www.etto.cz\/hu\/wp-json\/wp\/v2\/pages\/5795\/revisions"}],"predecessor-version":[{"id":5995,"href":"https:\/\/www.etto.cz\/hu\/wp-json\/wp\/v2\/pages\/5795\/revisions\/5995"}],"up":[{"embeddable":true,"href":"https:\/\/www.etto.cz\/hu\/wp-json\/wp\/v2\/pages\/5801"}],"wp:featuredmedia":[{"embeddable":true,"href":"https:\/\/www.etto.cz\/hu\/wp-json\/wp\/v2\/media\/5797"}],"wp:attachment":[{"href":"https:\/\/www.etto.cz\/hu\/wp-json\/wp\/v2\/media?parent=5795"}],"curies":[{"name":"wp","href":"https:\/\/api.w.org\/{rel}","templated":true}]}}