{"id":5798,"date":"2018-03-14T14:51:11","date_gmt":"2018-03-14T13:51:11","guid":{"rendered":"https:\/\/www.etto.cz\/heating-strips-with-mica-insulation\/"},"modified":"2026-02-24T16:24:26","modified_gmt":"2026-02-24T15:24:26","slug":"csillaim-szigetelesu-futoszalagok-es-futomandzsettek","status":"publish","type":"page","link":"https:\/\/www.etto.cz\/hu\/termekek\/futoszalagok-es-futomandzsettek\/csillaim-szigetelesu-futoszalagok-es-futomandzsettek\/","title":{"rendered":"Csill\u00e1m szigetel\u00e9s\u0171 f\u0171t\u0151szalagok \u00e9s f\u0171t\u0151mandzsettek"},"content":{"rendered":"<p style=\"text-align: justify;\">Csill\u00e1m f\u0171t\u0151szalagokat \u00e9s f\u0171t\u0151mandzsett\u00e1kat gy\u00e1rtunk hengeres fel\u00fcletek vagy nem k\u00f6r alak\u00fa profil\u00fa fel\u00fcletek f\u0171t\u00e9s\u00e9hez az \u00fcgyf\u00e9l ig\u00e9nyei szerint. Kisebb m\u00e9ret\u0171 fel\u00fcletek f\u0171t\u00e9s\u00e9hez, vagy \u00e9ppen ellenkez\u0151leg, nagy m\u00e9ret\u0171 fel\u00fcletek eset\u00e9n aj\u00e1nlott, amikor a teljes\u00edtm\u00e9ny \u00e9s fesz\u00fclts\u00e9g param\u00e9tereinek kombin\u00e1ci\u00f3ja miatt a ker\u00e1mia f\u0171t\u0151szalagok technol\u00f3giai okokb\u00f3l nem aj\u00e1nlottak. Egy- vagy k\u00e9tr\u00e9szesek lehetnek a f\u0171t\u00f6tt fel\u00fclet m\u00e9ret\u00e9t\u0151l f\u00fcgg\u0151en. A f\u0171t\u0151szalagok az alkalmaz\u00e1s jelleg\u00e9t\u0151l f\u00fcgg\u0151en bels\u0151 f\u0171t\u0151fel\u00fclettel (zsugor\u00edt\u00e1s) vagy k\u00fcls\u0151 f\u0171t\u0151fel\u00fclettel (t\u00e1g\u00edt\u00e1s) k\u00e9sz\u00fclnek.<\/p>\n","protected":false},"excerpt":{"rendered":"<p>Csill\u00e1m f\u0171t\u0151szalagokat \u00e9s f\u0171t\u0151mandzsett\u00e1kat gy\u00e1rtunk hengeres fel\u00fcletek vagy nem k\u00f6r alak\u00fa profil\u00fa fel\u00fcletek f\u0171t\u00e9s\u00e9hez az \u00fcgyf\u00e9l ig\u00e9nyei szerint. Kisebb m\u00e9ret\u0171 fel\u00fcletek f\u0171t\u00e9s\u00e9hez, vagy \u00e9ppen ellenkez\u0151leg, &#8230;<\/p>\n","protected":false},"author":1,"featured_media":5800,"parent":5801,"menu_order":0,"comment_status":"open","ping_status":"open","template":"_page-menu.php","meta":{"_acf_changed":false,"ngg_post_thumbnail":0,"footnotes":"","_links_to":"","_links_to_target":""},"class_list":["post-5798","page","type-page","status-publish","has-post-thumbnail","hentry"],"acf":[],"yoast_head":"<!-- This site is optimized with the Yoast SEO plugin v27.3 - https:\/\/yoast.com\/product\/yoast-seo-wordpress\/ -->\n<title>Csill\u00e1m szigetel\u00e9s\u0171 f\u0171t\u0151szalagok \u00e9s f\u0171t\u0151mandzsettek | ELEKTRON-ETTO<\/title>\n<meta name=\"description\" content=\"Csill\u00e1m szigetel\u00e9s\u0171 f\u0171t\u0151szalagok \u00e9s f\u0171t\u0151mandzsettek egyedi gy\u00e1rt\u00e1sa. Kiv\u00e1l\u00f3 min\u0151s\u00e9g\u0171 ellen\u00e1ll\u00e1s-f\u0171t\u0151testek ipari felhaszn\u00e1l\u00e1sra.\" \/>\n<meta name=\"robots\" content=\"index, follow, max-snippet:-1, max-image-preview:large, max-video-preview:-1\" \/>\n<link rel=\"canonical\" href=\"https:\/\/www.etto.cz\/hu\/termekek\/futoszalagok-es-futomandzsettek\/csillaim-szigetelesu-futoszalagok-es-futomandzsettek\/\" \/>\n<meta property=\"og:locale\" content=\"hu_HU\" \/>\n<meta property=\"og:type\" content=\"article\" \/>\n<meta property=\"og:title\" content=\"Csill\u00e1m szigetel\u00e9s\u0171 f\u0171t\u0151szalagok \u00e9s f\u0171t\u0151mandzsettek | ELEKTRON-ETTO\" \/>\n<meta property=\"og:description\" content=\"Csill\u00e1m szigetel\u00e9s\u0171 f\u0171t\u0151szalagok \u00e9s f\u0171t\u0151mandzsettek egyedi gy\u00e1rt\u00e1sa. Kiv\u00e1l\u00f3 min\u0151s\u00e9g\u0171 ellen\u00e1ll\u00e1s-f\u0171t\u0151testek ipari felhaszn\u00e1l\u00e1sra.\" \/>\n<meta property=\"og:url\" content=\"https:\/\/www.etto.cz\/hu\/termekek\/futoszalagok-es-futomandzsettek\/csillaim-szigetelesu-futoszalagok-es-futomandzsettek\/\" \/>\n<meta property=\"og:site_name\" content=\"ETTO\" \/>\n<meta property=\"article:modified_time\" content=\"2026-02-24T15:24:26+00:00\" \/>\n<meta property=\"og:image\" content=\"https:\/\/www.etto.cz\/wp-content\/uploads\/2016\/12\/topny_pas_2.jpg\" \/>\n\t<meta property=\"og:image:width\" content=\"806\" \/>\n\t<meta property=\"og:image:height\" content=\"806\" \/>\n\t<meta property=\"og:image:type\" content=\"image\/jpeg\" \/>\n<meta name=\"twitter:card\" content=\"summary_large_image\" \/>\n<meta name=\"twitter:label1\" content=\"Becs\u00fclt olvas\u00e1si id\u0151\" \/>\n\t<meta name=\"twitter:data1\" content=\"1 perc\" \/>\n<script type=\"application\/ld+json\" class=\"yoast-schema-graph\">{\"@context\":\"https:\\\/\\\/schema.org\",\"@graph\":[{\"@type\":\"WebPage\",\"@id\":\"https:\\\/\\\/www.etto.cz\\\/elektricka-topna-telesa\\\/topne-pasy\\\/topne-pasy-se-slidovou-izolaci\\\/\",\"url\":\"https:\\\/\\\/www.etto.cz\\\/elektricka-topna-telesa\\\/topne-pasy\\\/topne-pasy-se-slidovou-izolaci\\\/\",\"name\":\"Csill\u00e1m szigetel\u00e9s\u0171 f\u0171t\u0151szalagok \u00e9s f\u0171t\u0151mandzsettek | ELEKTRON-ETTO\",\"isPartOf\":{\"@id\":\"https:\\\/\\\/www.etto.cz\\\/#website\"},\"primaryImageOfPage\":{\"@id\":\"https:\\\/\\\/www.etto.cz\\\/elektricka-topna-telesa\\\/topne-pasy\\\/topne-pasy-se-slidovou-izolaci\\\/#primaryimage\"},\"image\":{\"@id\":\"https:\\\/\\\/www.etto.cz\\\/elektricka-topna-telesa\\\/topne-pasy\\\/topne-pasy-se-slidovou-izolaci\\\/#primaryimage\"},\"thumbnailUrl\":\"https:\\\/\\\/www.etto.cz\\\/wp-content\\\/uploads\\\/2016\\\/12\\\/topny_pas_2.jpg\",\"datePublished\":\"2018-03-14T13:51:11+00:00\",\"dateModified\":\"2026-02-24T15:24:26+00:00\",\"description\":\"Csill\u00e1m szigetel\u00e9s\u0171 f\u0171t\u0151szalagok \u00e9s f\u0171t\u0151mandzsettek egyedi gy\u00e1rt\u00e1sa. Kiv\u00e1l\u00f3 min\u0151s\u00e9g\u0171 ellen\u00e1ll\u00e1s-f\u0171t\u0151testek ipari felhaszn\u00e1l\u00e1sra.\",\"breadcrumb\":{\"@id\":\"https:\\\/\\\/www.etto.cz\\\/elektricka-topna-telesa\\\/topne-pasy\\\/topne-pasy-se-slidovou-izolaci\\\/#breadcrumb\"},\"inLanguage\":\"hu\",\"potentialAction\":[{\"@type\":\"ReadAction\",\"target\":[\"https:\\\/\\\/www.etto.cz\\\/elektricka-topna-telesa\\\/topne-pasy\\\/topne-pasy-se-slidovou-izolaci\\\/\"]}]},{\"@type\":\"ImageObject\",\"inLanguage\":\"hu\",\"@id\":\"https:\\\/\\\/www.etto.cz\\\/elektricka-topna-telesa\\\/topne-pasy\\\/topne-pasy-se-slidovou-izolaci\\\/#primaryimage\",\"url\":\"https:\\\/\\\/www.etto.cz\\\/wp-content\\\/uploads\\\/2016\\\/12\\\/topny_pas_2.jpg\",\"contentUrl\":\"https:\\\/\\\/www.etto.cz\\\/wp-content\\\/uploads\\\/2016\\\/12\\\/topny_pas_2.jpg\",\"width\":806,\"height\":806},{\"@type\":\"BreadcrumbList\",\"@id\":\"https:\\\/\\\/www.etto.cz\\\/elektricka-topna-telesa\\\/topne-pasy\\\/topne-pasy-se-slidovou-izolaci\\\/#breadcrumb\",\"itemListElement\":[{\"@type\":\"ListItem\",\"position\":1,\"name\":\"Dom\u016f\",\"item\":\"https:\\\/\\\/www.etto.cz\\\/\"},{\"@type\":\"ListItem\",\"position\":2,\"name\":\"Elektromos f\u0171t\u0151elemek &#8211; Term\u00e9kek\",\"item\":\"https:\\\/\\\/www.etto.cz\\\/elektricka-topna-telesa\\\/\"},{\"@type\":\"ListItem\",\"position\":3,\"name\":\"F\u0171t\u0151szalagok \u00e9s f\u0171t\u0151mandzsettek\",\"item\":\"https:\\\/\\\/www.etto.cz\\\/elektricka-topna-telesa\\\/topne-pasy\\\/\"},{\"@type\":\"ListItem\",\"position\":4,\"name\":\"Csill\u00e1m szigetel\u00e9s\u0171 f\u0171t\u0151szalagok \u00e9s f\u0171t\u0151mandzsettek\"}]},{\"@type\":\"WebSite\",\"@id\":\"https:\\\/\\\/www.etto.cz\\\/#website\",\"url\":\"https:\\\/\\\/www.etto.cz\\\/\",\"name\":\"ETTO\",\"description\":\"V\u00fdroba elektrick\u00fdch topn\u00fdch t\u011bles\",\"potentialAction\":[{\"@type\":\"SearchAction\",\"target\":{\"@type\":\"EntryPoint\",\"urlTemplate\":\"https:\\\/\\\/www.etto.cz\\\/?s={search_term_string}\"},\"query-input\":{\"@type\":\"PropertyValueSpecification\",\"valueRequired\":true,\"valueName\":\"search_term_string\"}}],\"inLanguage\":\"hu\"}]}<\/script>\n<!-- \/ Yoast SEO plugin. -->","yoast_head_json":{"title":"Csill\u00e1m szigetel\u00e9s\u0171 f\u0171t\u0151szalagok \u00e9s f\u0171t\u0151mandzsettek | ELEKTRON-ETTO","description":"Csill\u00e1m szigetel\u00e9s\u0171 f\u0171t\u0151szalagok \u00e9s f\u0171t\u0151mandzsettek egyedi gy\u00e1rt\u00e1sa. Kiv\u00e1l\u00f3 min\u0151s\u00e9g\u0171 ellen\u00e1ll\u00e1s-f\u0171t\u0151testek ipari felhaszn\u00e1l\u00e1sra.","robots":{"index":"index","follow":"follow","max-snippet":"max-snippet:-1","max-image-preview":"max-image-preview:large","max-video-preview":"max-video-preview:-1"},"canonical":"https:\/\/www.etto.cz\/hu\/termekek\/futoszalagok-es-futomandzsettek\/csillaim-szigetelesu-futoszalagok-es-futomandzsettek\/","og_locale":"hu_HU","og_type":"article","og_title":"Csill\u00e1m szigetel\u00e9s\u0171 f\u0171t\u0151szalagok \u00e9s f\u0171t\u0151mandzsettek | ELEKTRON-ETTO","og_description":"Csill\u00e1m szigetel\u00e9s\u0171 f\u0171t\u0151szalagok \u00e9s f\u0171t\u0151mandzsettek egyedi gy\u00e1rt\u00e1sa. Kiv\u00e1l\u00f3 min\u0151s\u00e9g\u0171 ellen\u00e1ll\u00e1s-f\u0171t\u0151testek ipari felhaszn\u00e1l\u00e1sra.","og_url":"https:\/\/www.etto.cz\/hu\/termekek\/futoszalagok-es-futomandzsettek\/csillaim-szigetelesu-futoszalagok-es-futomandzsettek\/","og_site_name":"ETTO","article_modified_time":"2026-02-24T15:24:26+00:00","og_image":[{"width":806,"height":806,"url":"https:\/\/www.etto.cz\/wp-content\/uploads\/2016\/12\/topny_pas_2.jpg","type":"image\/jpeg"}],"twitter_card":"summary_large_image","twitter_misc":{"Becs\u00fclt olvas\u00e1si id\u0151":"1 perc"},"schema":{"@context":"https:\/\/schema.org","@graph":[{"@type":"WebPage","@id":"https:\/\/www.etto.cz\/elektricka-topna-telesa\/topne-pasy\/topne-pasy-se-slidovou-izolaci\/","url":"https:\/\/www.etto.cz\/elektricka-topna-telesa\/topne-pasy\/topne-pasy-se-slidovou-izolaci\/","name":"Csill\u00e1m szigetel\u00e9s\u0171 f\u0171t\u0151szalagok \u00e9s f\u0171t\u0151mandzsettek | ELEKTRON-ETTO","isPartOf":{"@id":"https:\/\/www.etto.cz\/#website"},"primaryImageOfPage":{"@id":"https:\/\/www.etto.cz\/elektricka-topna-telesa\/topne-pasy\/topne-pasy-se-slidovou-izolaci\/#primaryimage"},"image":{"@id":"https:\/\/www.etto.cz\/elektricka-topna-telesa\/topne-pasy\/topne-pasy-se-slidovou-izolaci\/#primaryimage"},"thumbnailUrl":"https:\/\/www.etto.cz\/wp-content\/uploads\/2016\/12\/topny_pas_2.jpg","datePublished":"2018-03-14T13:51:11+00:00","dateModified":"2026-02-24T15:24:26+00:00","description":"Csill\u00e1m szigetel\u00e9s\u0171 f\u0171t\u0151szalagok \u00e9s f\u0171t\u0151mandzsettek egyedi gy\u00e1rt\u00e1sa. Kiv\u00e1l\u00f3 min\u0151s\u00e9g\u0171 ellen\u00e1ll\u00e1s-f\u0171t\u0151testek ipari felhaszn\u00e1l\u00e1sra.","breadcrumb":{"@id":"https:\/\/www.etto.cz\/elektricka-topna-telesa\/topne-pasy\/topne-pasy-se-slidovou-izolaci\/#breadcrumb"},"inLanguage":"hu","potentialAction":[{"@type":"ReadAction","target":["https:\/\/www.etto.cz\/elektricka-topna-telesa\/topne-pasy\/topne-pasy-se-slidovou-izolaci\/"]}]},{"@type":"ImageObject","inLanguage":"hu","@id":"https:\/\/www.etto.cz\/elektricka-topna-telesa\/topne-pasy\/topne-pasy-se-slidovou-izolaci\/#primaryimage","url":"https:\/\/www.etto.cz\/wp-content\/uploads\/2016\/12\/topny_pas_2.jpg","contentUrl":"https:\/\/www.etto.cz\/wp-content\/uploads\/2016\/12\/topny_pas_2.jpg","width":806,"height":806},{"@type":"BreadcrumbList","@id":"https:\/\/www.etto.cz\/elektricka-topna-telesa\/topne-pasy\/topne-pasy-se-slidovou-izolaci\/#breadcrumb","itemListElement":[{"@type":"ListItem","position":1,"name":"Dom\u016f","item":"https:\/\/www.etto.cz\/"},{"@type":"ListItem","position":2,"name":"Elektromos f\u0171t\u0151elemek &#8211; Term\u00e9kek","item":"https:\/\/www.etto.cz\/elektricka-topna-telesa\/"},{"@type":"ListItem","position":3,"name":"F\u0171t\u0151szalagok \u00e9s f\u0171t\u0151mandzsettek","item":"https:\/\/www.etto.cz\/elektricka-topna-telesa\/topne-pasy\/"},{"@type":"ListItem","position":4,"name":"Csill\u00e1m szigetel\u00e9s\u0171 f\u0171t\u0151szalagok \u00e9s f\u0171t\u0151mandzsettek"}]},{"@type":"WebSite","@id":"https:\/\/www.etto.cz\/#website","url":"https:\/\/www.etto.cz\/","name":"ETTO","description":"V\u00fdroba elektrick\u00fdch topn\u00fdch t\u011bles","potentialAction":[{"@type":"SearchAction","target":{"@type":"EntryPoint","urlTemplate":"https:\/\/www.etto.cz\/?s={search_term_string}"},"query-input":{"@type":"PropertyValueSpecification","valueRequired":true,"valueName":"search_term_string"}}],"inLanguage":"hu"}]}},"_links":{"self":[{"href":"https:\/\/www.etto.cz\/hu\/wp-json\/wp\/v2\/pages\/5798","targetHints":{"allow":["GET"]}}],"collection":[{"href":"https:\/\/www.etto.cz\/hu\/wp-json\/wp\/v2\/pages"}],"about":[{"href":"https:\/\/www.etto.cz\/hu\/wp-json\/wp\/v2\/types\/page"}],"author":[{"embeddable":true,"href":"https:\/\/www.etto.cz\/hu\/wp-json\/wp\/v2\/users\/1"}],"replies":[{"embeddable":true,"href":"https:\/\/www.etto.cz\/hu\/wp-json\/wp\/v2\/comments?post=5798"}],"version-history":[{"count":1,"href":"https:\/\/www.etto.cz\/hu\/wp-json\/wp\/v2\/pages\/5798\/revisions"}],"predecessor-version":[{"id":6012,"href":"https:\/\/www.etto.cz\/hu\/wp-json\/wp\/v2\/pages\/5798\/revisions\/6012"}],"up":[{"embeddable":true,"href":"https:\/\/www.etto.cz\/hu\/wp-json\/wp\/v2\/pages\/5801"}],"wp:featuredmedia":[{"embeddable":true,"href":"https:\/\/www.etto.cz\/hu\/wp-json\/wp\/v2\/media\/5800"}],"wp:attachment":[{"href":"https:\/\/www.etto.cz\/hu\/wp-json\/wp\/v2\/media?parent=5798"}],"curies":[{"name":"wp","href":"https:\/\/api.w.org\/{rel}","templated":true}]}}