{"id":5801,"date":"2018-03-14T14:47:21","date_gmt":"2018-03-14T13:47:21","guid":{"rendered":"https:\/\/www.etto.cz\/products\/heating-strips-sleeves\/"},"modified":"2026-02-24T16:24:26","modified_gmt":"2026-02-24T15:24:26","slug":"futoszalagok-es-futomandzsettek","status":"publish","type":"page","link":"https:\/\/www.etto.cz\/hu\/termekek\/futoszalagok-es-futomandzsettek\/","title":{"rendered":"F\u0171t\u0151szalagok \u00e9s f\u0171t\u0151mandzsettek"},"content":{"rendered":"<p>A f\u0171t\u0151szalagok kialak\u00edt\u00e1suk szerint a k\u00f6vetkez\u0151kre oszlanak:<\/p>\n<ul>\n<li>&nbsp;Csill\u00e1m szigetel\u00e9s\u0171 f\u0171t\u0151szalagok \u00e9s f\u0171t\u0151mandzsettek<\/li>\n<li>&nbsp;Ker\u00e1mia f\u0171t\u0151szalagok \u00e9s f\u0171t\u0151mandzsettek<\/li>\n<li>&nbsp;F\u0171t\u0151mandzsettek 7,2\u00d72,7 mm profil\u00fa r\u00fadb\u00f3l<\/li>\n<\/ul>\n<div class=\"sub-menu\">            <a href=\"https:\/\/www.etto.cz\/hu\/termekek\/futoszalagok-es-futomandzsettek\/csillaim-szigetelesu-futoszalagok-es-futomandzsettek\/\" class=\"subitem\">\n                <span class=\"img\">\n                    <img decoding=\"async\" src=\"https:\/\/www.etto.cz\/wp-content\/uploads\/2016\/12\/topny_pas_2-153x153.jpg\" alt=\"Csill\u00e1m szigetel\u00e9s\u0171 f\u0171t\u0151szalagok \u00e9s f\u0171t\u0151mandzsettek\" loading=\"lazy\" \/>\n                    <span><em>Csill\u00e1m szigetel\u00e9s\u0171 f\u0171t\u0151szalagok \u00e9s f\u0171t\u0151mandzsettek<\/em><\/span>\n                <\/span>\n                <strong>Csill\u00e1m szigetel\u00e9s\u0171 f\u0171t\u0151szalagok \u00e9s f\u0171t\u0151mandzsettek<\/strong>\n            <\/a>\n                        <a href=\"https:\/\/www.etto.cz\/hu\/termekek\/futoszalagok-es-futomandzsettek\/keramia-futoszalagok\/\" class=\"subitem\">\n                <span class=\"img\">\n                    <img decoding=\"async\" src=\"https:\/\/www.etto.cz\/wp-content\/uploads\/2016\/12\/keramicky_pas-153x121.jpg\" alt=\"Ker\u00e1mia f\u0171t\u0151szalagok\" loading=\"lazy\" \/>\n                    <span><em>Ker\u00e1mia f\u0171t\u0151szalagok<\/em><\/span>\n                <\/span>\n                <strong>Ker\u00e1mia f\u0171t\u0151szalagok<\/strong>\n            <\/a>\n                        <a href=\"https:\/\/www.etto.cz\/hu\/termekek\/futoszalagok-es-futomandzsettek\/futomandzsetta-rudbol-7-2x2-7-profilu\/\" class=\"subitem\">\n                <span class=\"img\">\n                    <img decoding=\"async\" src=\"https:\/\/www.etto.cz\/wp-content\/uploads\/2015\/05\/topne-pasy-153x153.jpg\" alt=\"F\u0171t\u0151mandzsetta r\u00fadb\u00f3l, 7,2\u00d72,7 profil\u00fa\" loading=\"lazy\" \/>\n                    <span><em>F\u0171t\u0151mandzsetta r\u00fadb\u00f3l, 7,2\u00d72,7 profil\u00fa<\/em><\/span>\n                <\/span>\n                <strong>F\u0171t\u0151mandzsetta r\u00fadb\u00f3l, 7,2\u00d72,7 profil\u00fa<\/strong>\n            <\/a>\n            <\/div>\n<p>&nbsp;<\/p>\n","protected":false},"excerpt":{"rendered":"<p>A f\u0171t\u0151szalagok kialak\u00edt\u00e1suk szerint a k\u00f6vetkez\u0151kre oszlanak: &nbsp;Csill\u00e1m szigetel\u00e9s\u0171 f\u0171t\u0151szalagok \u00e9s f\u0171t\u0151mandzsettek &nbsp;Ker\u00e1mia f\u0171t\u0151szalagok \u00e9s f\u0171t\u0151mandzsettek &nbsp;F\u0171t\u0151mandzsettek 7,2\u00d72,7 mm profil\u00fa r\u00fadb\u00f3l &nbsp;<\/p>\n","protected":false},"author":1,"featured_media":5802,"parent":5748,"menu_order":0,"comment_status":"open","ping_status":"closed","template":"_page-menu.php","meta":{"_acf_changed":false,"ngg_post_thumbnail":0,"footnotes":"","_links_to":"","_links_to_target":""},"class_list":["post-5801","page","type-page","status-publish","has-post-thumbnail","hentry"],"acf":[],"yoast_head":"<!-- This site is optimized with the Yoast SEO plugin v27.3 - https:\/\/yoast.com\/product\/yoast-seo-wordpress\/ -->\n<title>F\u0171t\u0151szalagok \u00e9s f\u0171t\u0151mandzsettek | ELEKTRON-ETTO<\/title>\n<meta name=\"description\" content=\"F\u0171t\u0151szalagok \u00e9s f\u0171t\u0151mandzsettek egyedi gy\u00e1rt\u00e1sa. Csill\u00e1m \u00e9s ker\u00e1mia szigetel\u00e9s\u0171 ellen\u00e1ll\u00e1s-f\u0171t\u0151testek hengerekre \u00e9s f\u00fav\u00f3k\u00e1kra.\" \/>\n<meta name=\"robots\" content=\"index, follow, max-snippet:-1, max-image-preview:large, max-video-preview:-1\" \/>\n<link rel=\"canonical\" href=\"https:\/\/www.etto.cz\/hu\/termekek\/futoszalagok-es-futomandzsettek\/futomandzsetta-rudbol-7-2x2-7-profilu\/\" \/>\n<meta property=\"og:locale\" content=\"hu_HU\" \/>\n<meta property=\"og:type\" content=\"article\" \/>\n<meta property=\"og:title\" content=\"F\u0171t\u0151szalagok \u00e9s f\u0171t\u0151mandzsettek | ELEKTRON-ETTO\" \/>\n<meta property=\"og:description\" content=\"F\u0171t\u0151szalagok \u00e9s f\u0171t\u0151mandzsettek egyedi gy\u00e1rt\u00e1sa. Csill\u00e1m \u00e9s ker\u00e1mia szigetel\u00e9s\u0171 ellen\u00e1ll\u00e1s-f\u0171t\u0151testek hengerekre \u00e9s f\u00fav\u00f3k\u00e1kra.\" \/>\n<meta property=\"og:url\" content=\"https:\/\/www.etto.cz\/hu\/termekek\/futoszalagok-es-futomandzsettek\/futomandzsetta-rudbol-7-2x2-7-profilu\/\" \/>\n<meta property=\"og:site_name\" content=\"ETTO\" \/>\n<meta property=\"article:modified_time\" content=\"2026-02-24T15:24:26+00:00\" \/>\n<meta property=\"og:image\" content=\"https:\/\/www.etto.cz\/wp-content\/uploads\/2016\/12\/topne_pasy.jpg\" \/>\n\t<meta property=\"og:image:width\" content=\"540\" \/>\n\t<meta property=\"og:image:height\" content=\"447\" \/>\n\t<meta property=\"og:image:type\" content=\"image\/jpeg\" \/>\n<meta name=\"twitter:card\" content=\"summary_large_image\" \/>\n<meta name=\"twitter:label1\" content=\"Becs\u00fclt olvas\u00e1si id\u0151\" \/>\n\t<meta name=\"twitter:data1\" content=\"1 perc\" \/>\n<script type=\"application\/ld+json\" class=\"yoast-schema-graph\">{\"@context\":\"https:\\\/\\\/schema.org\",\"@graph\":[{\"@type\":\"WebPage\",\"@id\":\"https:\\\/\\\/www.etto.cz\\\/elektricka-topna-telesa\\\/topne-pasy\\\/\",\"url\":\"https:\\\/\\\/www.etto.cz\\\/elektricka-topna-telesa\\\/topne-pasy\\\/\",\"name\":\"F\u0171t\u0151szalagok \u00e9s f\u0171t\u0151mandzsettek | ELEKTRON-ETTO\",\"isPartOf\":{\"@id\":\"https:\\\/\\\/www.etto.cz\\\/#website\"},\"primaryImageOfPage\":{\"@id\":\"https:\\\/\\\/www.etto.cz\\\/elektricka-topna-telesa\\\/topne-pasy\\\/#primaryimage\"},\"image\":{\"@id\":\"https:\\\/\\\/www.etto.cz\\\/elektricka-topna-telesa\\\/topne-pasy\\\/#primaryimage\"},\"thumbnailUrl\":\"https:\\\/\\\/www.etto.cz\\\/wp-content\\\/uploads\\\/2016\\\/12\\\/topne_pasy.jpg\",\"datePublished\":\"2018-03-14T13:47:21+00:00\",\"dateModified\":\"2026-02-24T15:24:26+00:00\",\"description\":\"F\u0171t\u0151szalagok \u00e9s f\u0171t\u0151mandzsettek egyedi gy\u00e1rt\u00e1sa. Csill\u00e1m \u00e9s ker\u00e1mia szigetel\u00e9s\u0171 ellen\u00e1ll\u00e1s-f\u0171t\u0151testek hengerekre \u00e9s f\u00fav\u00f3k\u00e1kra.\",\"breadcrumb\":{\"@id\":\"https:\\\/\\\/www.etto.cz\\\/elektricka-topna-telesa\\\/topne-pasy\\\/#breadcrumb\"},\"inLanguage\":\"hu\",\"potentialAction\":[{\"@type\":\"ReadAction\",\"target\":[\"https:\\\/\\\/www.etto.cz\\\/elektricka-topna-telesa\\\/topne-pasy\\\/\"]}]},{\"@type\":\"ImageObject\",\"inLanguage\":\"hu\",\"@id\":\"https:\\\/\\\/www.etto.cz\\\/elektricka-topna-telesa\\\/topne-pasy\\\/#primaryimage\",\"url\":\"https:\\\/\\\/www.etto.cz\\\/wp-content\\\/uploads\\\/2016\\\/12\\\/topne_pasy.jpg\",\"contentUrl\":\"https:\\\/\\\/www.etto.cz\\\/wp-content\\\/uploads\\\/2016\\\/12\\\/topne_pasy.jpg\",\"width\":540,\"height\":447},{\"@type\":\"BreadcrumbList\",\"@id\":\"https:\\\/\\\/www.etto.cz\\\/elektricka-topna-telesa\\\/topne-pasy\\\/#breadcrumb\",\"itemListElement\":[{\"@type\":\"ListItem\",\"position\":1,\"name\":\"Dom\u016f\",\"item\":\"https:\\\/\\\/www.etto.cz\\\/\"},{\"@type\":\"ListItem\",\"position\":2,\"name\":\"Elektromos f\u0171t\u0151elemek &#8211; Term\u00e9kek\",\"item\":\"https:\\\/\\\/www.etto.cz\\\/elektricka-topna-telesa\\\/\"},{\"@type\":\"ListItem\",\"position\":3,\"name\":\"F\u0171t\u0151szalagok \u00e9s f\u0171t\u0151mandzsettek\"}]},{\"@type\":\"WebSite\",\"@id\":\"https:\\\/\\\/www.etto.cz\\\/#website\",\"url\":\"https:\\\/\\\/www.etto.cz\\\/\",\"name\":\"ETTO\",\"description\":\"V\u00fdroba elektrick\u00fdch topn\u00fdch t\u011bles\",\"potentialAction\":[{\"@type\":\"SearchAction\",\"target\":{\"@type\":\"EntryPoint\",\"urlTemplate\":\"https:\\\/\\\/www.etto.cz\\\/?s={search_term_string}\"},\"query-input\":{\"@type\":\"PropertyValueSpecification\",\"valueRequired\":true,\"valueName\":\"search_term_string\"}}],\"inLanguage\":\"hu\"}]}<\/script>\n<!-- \/ Yoast SEO plugin. -->","yoast_head_json":{"title":"F\u0171t\u0151szalagok \u00e9s f\u0171t\u0151mandzsettek | ELEKTRON-ETTO","description":"F\u0171t\u0151szalagok \u00e9s f\u0171t\u0151mandzsettek egyedi gy\u00e1rt\u00e1sa. Csill\u00e1m \u00e9s ker\u00e1mia szigetel\u00e9s\u0171 ellen\u00e1ll\u00e1s-f\u0171t\u0151testek hengerekre \u00e9s f\u00fav\u00f3k\u00e1kra.","robots":{"index":"index","follow":"follow","max-snippet":"max-snippet:-1","max-image-preview":"max-image-preview:large","max-video-preview":"max-video-preview:-1"},"canonical":"https:\/\/www.etto.cz\/hu\/termekek\/futoszalagok-es-futomandzsettek\/futomandzsetta-rudbol-7-2x2-7-profilu\/","og_locale":"hu_HU","og_type":"article","og_title":"F\u0171t\u0151szalagok \u00e9s f\u0171t\u0151mandzsettek | ELEKTRON-ETTO","og_description":"F\u0171t\u0151szalagok \u00e9s f\u0171t\u0151mandzsettek egyedi gy\u00e1rt\u00e1sa. Csill\u00e1m \u00e9s ker\u00e1mia szigetel\u00e9s\u0171 ellen\u00e1ll\u00e1s-f\u0171t\u0151testek hengerekre \u00e9s f\u00fav\u00f3k\u00e1kra.","og_url":"https:\/\/www.etto.cz\/hu\/termekek\/futoszalagok-es-futomandzsettek\/futomandzsetta-rudbol-7-2x2-7-profilu\/","og_site_name":"ETTO","article_modified_time":"2026-02-24T15:24:26+00:00","og_image":[{"width":540,"height":447,"url":"https:\/\/www.etto.cz\/wp-content\/uploads\/2016\/12\/topne_pasy.jpg","type":"image\/jpeg"}],"twitter_card":"summary_large_image","twitter_misc":{"Becs\u00fclt olvas\u00e1si id\u0151":"1 perc"},"schema":{"@context":"https:\/\/schema.org","@graph":[{"@type":"WebPage","@id":"https:\/\/www.etto.cz\/elektricka-topna-telesa\/topne-pasy\/","url":"https:\/\/www.etto.cz\/elektricka-topna-telesa\/topne-pasy\/","name":"F\u0171t\u0151szalagok \u00e9s f\u0171t\u0151mandzsettek | ELEKTRON-ETTO","isPartOf":{"@id":"https:\/\/www.etto.cz\/#website"},"primaryImageOfPage":{"@id":"https:\/\/www.etto.cz\/elektricka-topna-telesa\/topne-pasy\/#primaryimage"},"image":{"@id":"https:\/\/www.etto.cz\/elektricka-topna-telesa\/topne-pasy\/#primaryimage"},"thumbnailUrl":"https:\/\/www.etto.cz\/wp-content\/uploads\/2016\/12\/topne_pasy.jpg","datePublished":"2018-03-14T13:47:21+00:00","dateModified":"2026-02-24T15:24:26+00:00","description":"F\u0171t\u0151szalagok \u00e9s f\u0171t\u0151mandzsettek egyedi gy\u00e1rt\u00e1sa. Csill\u00e1m \u00e9s ker\u00e1mia szigetel\u00e9s\u0171 ellen\u00e1ll\u00e1s-f\u0171t\u0151testek hengerekre \u00e9s f\u00fav\u00f3k\u00e1kra.","breadcrumb":{"@id":"https:\/\/www.etto.cz\/elektricka-topna-telesa\/topne-pasy\/#breadcrumb"},"inLanguage":"hu","potentialAction":[{"@type":"ReadAction","target":["https:\/\/www.etto.cz\/elektricka-topna-telesa\/topne-pasy\/"]}]},{"@type":"ImageObject","inLanguage":"hu","@id":"https:\/\/www.etto.cz\/elektricka-topna-telesa\/topne-pasy\/#primaryimage","url":"https:\/\/www.etto.cz\/wp-content\/uploads\/2016\/12\/topne_pasy.jpg","contentUrl":"https:\/\/www.etto.cz\/wp-content\/uploads\/2016\/12\/topne_pasy.jpg","width":540,"height":447},{"@type":"BreadcrumbList","@id":"https:\/\/www.etto.cz\/elektricka-topna-telesa\/topne-pasy\/#breadcrumb","itemListElement":[{"@type":"ListItem","position":1,"name":"Dom\u016f","item":"https:\/\/www.etto.cz\/"},{"@type":"ListItem","position":2,"name":"Elektromos f\u0171t\u0151elemek &#8211; Term\u00e9kek","item":"https:\/\/www.etto.cz\/elektricka-topna-telesa\/"},{"@type":"ListItem","position":3,"name":"F\u0171t\u0151szalagok \u00e9s f\u0171t\u0151mandzsettek"}]},{"@type":"WebSite","@id":"https:\/\/www.etto.cz\/#website","url":"https:\/\/www.etto.cz\/","name":"ETTO","description":"V\u00fdroba elektrick\u00fdch topn\u00fdch t\u011bles","potentialAction":[{"@type":"SearchAction","target":{"@type":"EntryPoint","urlTemplate":"https:\/\/www.etto.cz\/?s={search_term_string}"},"query-input":{"@type":"PropertyValueSpecification","valueRequired":true,"valueName":"search_term_string"}}],"inLanguage":"hu"}]}},"_links":{"self":[{"href":"https:\/\/www.etto.cz\/hu\/wp-json\/wp\/v2\/pages\/5801","targetHints":{"allow":["GET"]}}],"collection":[{"href":"https:\/\/www.etto.cz\/hu\/wp-json\/wp\/v2\/pages"}],"about":[{"href":"https:\/\/www.etto.cz\/hu\/wp-json\/wp\/v2\/types\/page"}],"author":[{"embeddable":true,"href":"https:\/\/www.etto.cz\/hu\/wp-json\/wp\/v2\/users\/1"}],"replies":[{"embeddable":true,"href":"https:\/\/www.etto.cz\/hu\/wp-json\/wp\/v2\/comments?post=5801"}],"version-history":[{"count":1,"href":"https:\/\/www.etto.cz\/hu\/wp-json\/wp\/v2\/pages\/5801\/revisions"}],"predecessor-version":[{"id":6013,"href":"https:\/\/www.etto.cz\/hu\/wp-json\/wp\/v2\/pages\/5801\/revisions\/6013"}],"up":[{"embeddable":true,"href":"https:\/\/www.etto.cz\/hu\/wp-json\/wp\/v2\/pages\/5748"}],"wp:featuredmedia":[{"embeddable":true,"href":"https:\/\/www.etto.cz\/hu\/wp-json\/wp\/v2\/media\/5802"}],"wp:attachment":[{"href":"https:\/\/www.etto.cz\/hu\/wp-json\/wp\/v2\/media?parent=5801"}],"curies":[{"name":"wp","href":"https:\/\/api.w.org\/{rel}","templated":true}]}}