{"id":5803,"date":"2018-03-14T14:47:00","date_gmt":"2018-03-14T13:47:00","guid":{"rendered":"https:\/\/www.etto.cz\/products\/tube-flat-heating-bodies\/"},"modified":"2026-02-24T16:24:27","modified_gmt":"2026-02-24T15:24:27","slug":"lapos-csofutotestek","status":"publish","type":"page","link":"https:\/\/www.etto.cz\/hu\/termekek\/lapos-csofutotestek\/","title":{"rendered":"Lapos cs\u0151f\u0171t\u0151testek"},"content":{"rendered":"<p>A lapos cs\u0151f\u0171t\u0151testek (lapos f\u0171t\u0151rudak) form\u00e1zhat\u00f3s\u00e1guk miatt sz\u00e9les alkalmaz\u00e1si ter\u00fcleten aj\u00e1nlottak. A rudak egy- \u00e9s k\u00e9tp\u00f3lus\u00fa kivezet\u00e9s\u00e9nek, illetve a h\u0151elem r\u00fadon bel\u00fcli elhelyez\u00e9s\u00e9nek lehet\u0151s\u00e9geit l\u00e1sd az egyes r\u00fadprofilok csatlakoz\u00e1si lehet\u0151s\u00e9gein\u00e9l.<\/p>\n<p><strong>Gy\u00e1rtott profilok:<\/strong> 12&#215;6,5mm; 12&#215;6,3mm; 21&#215;6,5mm; 17,2&#215;5,5mm; 16&#215;6,5mm; 13,5x5mm; 11,5&#215;4,5; 10,5&#215;3,8mm; 7,2&#215;2,7mm; 4,2&#215;2,2mm.<\/p>\n","protected":false},"excerpt":{"rendered":"<p>A lapos cs\u0151f\u0171t\u0151testek (lapos f\u0171t\u0151rudak) form\u00e1zhat\u00f3s\u00e1guk miatt sz\u00e9les alkalmaz\u00e1si ter\u00fcleten aj\u00e1nlottak. A rudak egy- \u00e9s k\u00e9tp\u00f3lus\u00fa kivezet\u00e9s\u00e9nek, illetve a h\u0151elem r\u00fadon bel\u00fcli elhelyez\u00e9s\u00e9nek lehet\u0151s\u00e9geit l\u00e1sd &#8230;<\/p>\n","protected":false},"author":1,"featured_media":5805,"parent":5748,"menu_order":0,"comment_status":"open","ping_status":"open","template":"_page-menu.php","meta":{"_acf_changed":false,"ngg_post_thumbnail":0,"footnotes":"","_links_to":"","_links_to_target":""},"class_list":["post-5803","page","type-page","status-publish","has-post-thumbnail","hentry"],"acf":[],"yoast_head":"<!-- This site is optimized with the Yoast SEO plugin v27.3 - https:\/\/yoast.com\/product\/yoast-seo-wordpress\/ -->\n<title>Lapos cs\u0151f\u0171t\u0151testek | ELEKTRON-ETTO<\/title>\n<meta name=\"description\" content=\"Lapos cs\u0151f\u0171t\u0151testek egyedi tervez\u00e9se \u00e9s gy\u00e1rt\u00e1sa. Kompakt ellen\u00e1ll\u00e1s-f\u0171t\u0151testek s\u00edk fel\u00fcletek hat\u00e9kony f\u0171t\u00e9s\u00e9re.\" \/>\n<meta name=\"robots\" content=\"index, follow, max-snippet:-1, max-image-preview:large, max-video-preview:-1\" \/>\n<link rel=\"canonical\" href=\"https:\/\/www.etto.cz\/hu\/termekek\/lapos-csofutotestek\/\" \/>\n<meta property=\"og:locale\" content=\"hu_HU\" \/>\n<meta property=\"og:type\" content=\"article\" \/>\n<meta property=\"og:title\" content=\"Lapos cs\u0151f\u0171t\u0151testek | ELEKTRON-ETTO\" \/>\n<meta property=\"og:description\" content=\"Lapos cs\u0151f\u0171t\u0151testek egyedi tervez\u00e9se \u00e9s gy\u00e1rt\u00e1sa. Kompakt ellen\u00e1ll\u00e1s-f\u0171t\u0151testek s\u00edk fel\u00fcletek hat\u00e9kony f\u0171t\u00e9s\u00e9re.\" \/>\n<meta property=\"og:url\" content=\"https:\/\/www.etto.cz\/hu\/termekek\/lapos-csofutotestek\/\" \/>\n<meta property=\"og:site_name\" content=\"ETTO\" \/>\n<meta property=\"article:modified_time\" content=\"2026-02-24T15:24:27+00:00\" \/>\n<meta property=\"og:image\" content=\"https:\/\/www.etto.cz\/wp-content\/uploads\/2016\/12\/maximka_b2.jpg\" \/>\n\t<meta property=\"og:image:width\" content=\"936\" \/>\n\t<meta property=\"og:image:height\" content=\"936\" \/>\n\t<meta property=\"og:image:type\" content=\"image\/jpeg\" \/>\n<meta name=\"twitter:card\" content=\"summary_large_image\" \/>\n<meta name=\"twitter:label1\" content=\"Becs\u00fclt olvas\u00e1si id\u0151\" \/>\n\t<meta name=\"twitter:data1\" content=\"1 perc\" \/>\n<script type=\"application\/ld+json\" class=\"yoast-schema-graph\">{\"@context\":\"https:\\\/\\\/schema.org\",\"@graph\":[{\"@type\":\"WebPage\",\"@id\":\"https:\\\/\\\/www.etto.cz\\\/elektricka-topna-telesa\\\/topna-telesa-trubkova-plocha\\\/\",\"url\":\"https:\\\/\\\/www.etto.cz\\\/elektricka-topna-telesa\\\/topna-telesa-trubkova-plocha\\\/\",\"name\":\"Lapos cs\u0151f\u0171t\u0151testek | ELEKTRON-ETTO\",\"isPartOf\":{\"@id\":\"https:\\\/\\\/www.etto.cz\\\/#website\"},\"primaryImageOfPage\":{\"@id\":\"https:\\\/\\\/www.etto.cz\\\/elektricka-topna-telesa\\\/topna-telesa-trubkova-plocha\\\/#primaryimage\"},\"image\":{\"@id\":\"https:\\\/\\\/www.etto.cz\\\/elektricka-topna-telesa\\\/topna-telesa-trubkova-plocha\\\/#primaryimage\"},\"thumbnailUrl\":\"https:\\\/\\\/www.etto.cz\\\/wp-content\\\/uploads\\\/2016\\\/12\\\/maximka_b2.jpg\",\"datePublished\":\"2018-03-14T13:47:00+00:00\",\"dateModified\":\"2026-02-24T15:24:27+00:00\",\"description\":\"Lapos cs\u0151f\u0171t\u0151testek egyedi tervez\u00e9se \u00e9s gy\u00e1rt\u00e1sa. Kompakt ellen\u00e1ll\u00e1s-f\u0171t\u0151testek s\u00edk fel\u00fcletek hat\u00e9kony f\u0171t\u00e9s\u00e9re.\",\"breadcrumb\":{\"@id\":\"https:\\\/\\\/www.etto.cz\\\/elektricka-topna-telesa\\\/topna-telesa-trubkova-plocha\\\/#breadcrumb\"},\"inLanguage\":\"hu\",\"potentialAction\":[{\"@type\":\"ReadAction\",\"target\":[\"https:\\\/\\\/www.etto.cz\\\/elektricka-topna-telesa\\\/topna-telesa-trubkova-plocha\\\/\"]}]},{\"@type\":\"ImageObject\",\"inLanguage\":\"hu\",\"@id\":\"https:\\\/\\\/www.etto.cz\\\/elektricka-topna-telesa\\\/topna-telesa-trubkova-plocha\\\/#primaryimage\",\"url\":\"https:\\\/\\\/www.etto.cz\\\/wp-content\\\/uploads\\\/2016\\\/12\\\/maximka_b2.jpg\",\"contentUrl\":\"https:\\\/\\\/www.etto.cz\\\/wp-content\\\/uploads\\\/2016\\\/12\\\/maximka_b2.jpg\",\"width\":936,\"height\":936},{\"@type\":\"BreadcrumbList\",\"@id\":\"https:\\\/\\\/www.etto.cz\\\/elektricka-topna-telesa\\\/topna-telesa-trubkova-plocha\\\/#breadcrumb\",\"itemListElement\":[{\"@type\":\"ListItem\",\"position\":1,\"name\":\"Dom\u016f\",\"item\":\"https:\\\/\\\/www.etto.cz\\\/\"},{\"@type\":\"ListItem\",\"position\":2,\"name\":\"Elektromos f\u0171t\u0151elemek &#8211; Term\u00e9kek\",\"item\":\"https:\\\/\\\/www.etto.cz\\\/elektricka-topna-telesa\\\/\"},{\"@type\":\"ListItem\",\"position\":3,\"name\":\"Lapos cs\u0151f\u0171t\u0151testek\"}]},{\"@type\":\"WebSite\",\"@id\":\"https:\\\/\\\/www.etto.cz\\\/#website\",\"url\":\"https:\\\/\\\/www.etto.cz\\\/\",\"name\":\"ETTO\",\"description\":\"V\u00fdroba elektrick\u00fdch topn\u00fdch t\u011bles\",\"potentialAction\":[{\"@type\":\"SearchAction\",\"target\":{\"@type\":\"EntryPoint\",\"urlTemplate\":\"https:\\\/\\\/www.etto.cz\\\/?s={search_term_string}\"},\"query-input\":{\"@type\":\"PropertyValueSpecification\",\"valueRequired\":true,\"valueName\":\"search_term_string\"}}],\"inLanguage\":\"hu\"}]}<\/script>\n<!-- \/ Yoast SEO plugin. -->","yoast_head_json":{"title":"Lapos cs\u0151f\u0171t\u0151testek | ELEKTRON-ETTO","description":"Lapos cs\u0151f\u0171t\u0151testek egyedi tervez\u00e9se \u00e9s gy\u00e1rt\u00e1sa. Kompakt ellen\u00e1ll\u00e1s-f\u0171t\u0151testek s\u00edk fel\u00fcletek hat\u00e9kony f\u0171t\u00e9s\u00e9re.","robots":{"index":"index","follow":"follow","max-snippet":"max-snippet:-1","max-image-preview":"max-image-preview:large","max-video-preview":"max-video-preview:-1"},"canonical":"https:\/\/www.etto.cz\/hu\/termekek\/lapos-csofutotestek\/","og_locale":"hu_HU","og_type":"article","og_title":"Lapos cs\u0151f\u0171t\u0151testek | ELEKTRON-ETTO","og_description":"Lapos cs\u0151f\u0171t\u0151testek egyedi tervez\u00e9se \u00e9s gy\u00e1rt\u00e1sa. Kompakt ellen\u00e1ll\u00e1s-f\u0171t\u0151testek s\u00edk fel\u00fcletek hat\u00e9kony f\u0171t\u00e9s\u00e9re.","og_url":"https:\/\/www.etto.cz\/hu\/termekek\/lapos-csofutotestek\/","og_site_name":"ETTO","article_modified_time":"2026-02-24T15:24:27+00:00","og_image":[{"width":936,"height":936,"url":"https:\/\/www.etto.cz\/wp-content\/uploads\/2016\/12\/maximka_b2.jpg","type":"image\/jpeg"}],"twitter_card":"summary_large_image","twitter_misc":{"Becs\u00fclt olvas\u00e1si id\u0151":"1 perc"},"schema":{"@context":"https:\/\/schema.org","@graph":[{"@type":"WebPage","@id":"https:\/\/www.etto.cz\/elektricka-topna-telesa\/topna-telesa-trubkova-plocha\/","url":"https:\/\/www.etto.cz\/elektricka-topna-telesa\/topna-telesa-trubkova-plocha\/","name":"Lapos cs\u0151f\u0171t\u0151testek | ELEKTRON-ETTO","isPartOf":{"@id":"https:\/\/www.etto.cz\/#website"},"primaryImageOfPage":{"@id":"https:\/\/www.etto.cz\/elektricka-topna-telesa\/topna-telesa-trubkova-plocha\/#primaryimage"},"image":{"@id":"https:\/\/www.etto.cz\/elektricka-topna-telesa\/topna-telesa-trubkova-plocha\/#primaryimage"},"thumbnailUrl":"https:\/\/www.etto.cz\/wp-content\/uploads\/2016\/12\/maximka_b2.jpg","datePublished":"2018-03-14T13:47:00+00:00","dateModified":"2026-02-24T15:24:27+00:00","description":"Lapos cs\u0151f\u0171t\u0151testek egyedi tervez\u00e9se \u00e9s gy\u00e1rt\u00e1sa. Kompakt ellen\u00e1ll\u00e1s-f\u0171t\u0151testek s\u00edk fel\u00fcletek hat\u00e9kony f\u0171t\u00e9s\u00e9re.","breadcrumb":{"@id":"https:\/\/www.etto.cz\/elektricka-topna-telesa\/topna-telesa-trubkova-plocha\/#breadcrumb"},"inLanguage":"hu","potentialAction":[{"@type":"ReadAction","target":["https:\/\/www.etto.cz\/elektricka-topna-telesa\/topna-telesa-trubkova-plocha\/"]}]},{"@type":"ImageObject","inLanguage":"hu","@id":"https:\/\/www.etto.cz\/elektricka-topna-telesa\/topna-telesa-trubkova-plocha\/#primaryimage","url":"https:\/\/www.etto.cz\/wp-content\/uploads\/2016\/12\/maximka_b2.jpg","contentUrl":"https:\/\/www.etto.cz\/wp-content\/uploads\/2016\/12\/maximka_b2.jpg","width":936,"height":936},{"@type":"BreadcrumbList","@id":"https:\/\/www.etto.cz\/elektricka-topna-telesa\/topna-telesa-trubkova-plocha\/#breadcrumb","itemListElement":[{"@type":"ListItem","position":1,"name":"Dom\u016f","item":"https:\/\/www.etto.cz\/"},{"@type":"ListItem","position":2,"name":"Elektromos f\u0171t\u0151elemek &#8211; Term\u00e9kek","item":"https:\/\/www.etto.cz\/elektricka-topna-telesa\/"},{"@type":"ListItem","position":3,"name":"Lapos cs\u0151f\u0171t\u0151testek"}]},{"@type":"WebSite","@id":"https:\/\/www.etto.cz\/#website","url":"https:\/\/www.etto.cz\/","name":"ETTO","description":"V\u00fdroba elektrick\u00fdch topn\u00fdch t\u011bles","potentialAction":[{"@type":"SearchAction","target":{"@type":"EntryPoint","urlTemplate":"https:\/\/www.etto.cz\/?s={search_term_string}"},"query-input":{"@type":"PropertyValueSpecification","valueRequired":true,"valueName":"search_term_string"}}],"inLanguage":"hu"}]}},"_links":{"self":[{"href":"https:\/\/www.etto.cz\/hu\/wp-json\/wp\/v2\/pages\/5803","targetHints":{"allow":["GET"]}}],"collection":[{"href":"https:\/\/www.etto.cz\/hu\/wp-json\/wp\/v2\/pages"}],"about":[{"href":"https:\/\/www.etto.cz\/hu\/wp-json\/wp\/v2\/types\/page"}],"author":[{"embeddable":true,"href":"https:\/\/www.etto.cz\/hu\/wp-json\/wp\/v2\/users\/1"}],"replies":[{"embeddable":true,"href":"https:\/\/www.etto.cz\/hu\/wp-json\/wp\/v2\/comments?post=5803"}],"version-history":[{"count":1,"href":"https:\/\/www.etto.cz\/hu\/wp-json\/wp\/v2\/pages\/5803\/revisions"}],"predecessor-version":[{"id":6039,"href":"https:\/\/www.etto.cz\/hu\/wp-json\/wp\/v2\/pages\/5803\/revisions\/6039"}],"up":[{"embeddable":true,"href":"https:\/\/www.etto.cz\/hu\/wp-json\/wp\/v2\/pages\/5748"}],"wp:featuredmedia":[{"embeddable":true,"href":"https:\/\/www.etto.cz\/hu\/wp-json\/wp\/v2\/media\/5805"}],"wp:attachment":[{"href":"https:\/\/www.etto.cz\/hu\/wp-json\/wp\/v2\/media?parent=5803"}],"curies":[{"name":"wp","href":"https:\/\/api.w.org\/{rel}","templated":true}]}}