{"id":5806,"date":"2018-03-14T14:46:43","date_gmt":"2018-03-14T13:46:43","guid":{"rendered":"https:\/\/www.etto.cz\/heating-bodies\/"},"modified":"2026-02-24T16:24:27","modified_gmt":"2026-02-24T15:24:27","slug":"futoelemek","status":"publish","type":"page","link":"https:\/\/www.etto.cz\/hu\/futoelemek\/","title":{"rendered":"F\u0171t\u0151elemek"},"content":{"rendered":"<h2>F\u0171t\u0151patronok<\/h2>\n<div class=\"sub-menu\">            <a href=\"https:\/\/www.etto.cz\/hu\/termekek\/futopatronok\/nagy-terhelesu-futopatronok\/\" class=\"subitem\">\n                <span class=\"img\">\n                    <img decoding=\"async\" src=\"https:\/\/www.etto.cz\/wp-content\/uploads\/2016\/12\/vysocezatizena_patr-153x153.jpg\" alt=\"Nagy terhel\u00e9s\u0171 f\u0171t\u0151patronok\" loading=\"lazy\" \/>\n                    <span><em>Nagy terhel\u00e9s\u0171 f\u0171t\u0151patronok<\/em><\/span>\n                <\/span>\n                <strong>Nagy terhel\u00e9s\u0171 f\u0171t\u0151patronok<\/strong>\n            <\/a>\n                        <a href=\"https:\/\/www.etto.cz\/hu\/termekek\/futopatronok\/nagy-terhelesu-futopatron-beepitett-hoelemmel-es-pt100-zal\/\" class=\"subitem\">\n                <span class=\"img\">\n                    <img decoding=\"async\" src=\"https:\/\/www.etto.cz\/wp-content\/uploads\/2015\/05\/vysokozatizene-patrony-s-termoclankem-125x153.jpg\" alt=\"Nagy terhel\u00e9s\u0171 f\u0171t\u0151patron be\u00e9p\u00edtett h\u0151elemmel \u00e9s PT100-zal\" loading=\"lazy\" \/>\n                    <span><em>Nagy terhel\u00e9s\u0171 f\u0171t\u0151patron be\u00e9p\u00edtett h\u0151elemmel \u00e9s PT100-zal<\/em><\/span>\n                <\/span>\n                <strong>Nagy terhel\u00e9s\u0171 f\u0171t\u0151patron be\u00e9p\u00edtett h\u0151elemmel \u00e9s PT100-zal<\/strong>\n            <\/a>\n                        <a href=\"https:\/\/www.etto.cz\/hu\/termekek\/futopatronok\/kozepes-terhelesu-futopatronok\/\" class=\"subitem\">\n                <span class=\"img\">\n                    <img decoding=\"async\" src=\"https:\/\/www.etto.cz\/wp-content\/uploads\/2016\/12\/strednezatizena_patr-153x153.jpg\" alt=\"K\u00f6zepes terhel\u00e9s\u0171 f\u0171t\u0151patronok\" loading=\"lazy\" \/>\n                    <span><em>K\u00f6zepes terhel\u00e9s\u0171 f\u0171t\u0151patronok<\/em><\/span>\n                <\/span>\n                <strong>K\u00f6zepes terhel\u00e9s\u0171 f\u0171t\u0151patronok<\/strong>\n            <\/a>\n                        <a href=\"https:\/\/www.etto.cz\/hu\/termekek\/futopatronok\/alacsony-terhelesu-futopatronok\/\" class=\"subitem\">\n                <span class=\"img\">\n                    <img decoding=\"async\" src=\"https:\/\/www.etto.cz\/wp-content\/uploads\/2016\/12\/strednezatizena_patr-153x153.jpg\" alt=\"Alacsony terhel\u00e9s\u0171 f\u0171t\u0151patronok\" loading=\"lazy\" \/>\n                    <span><em>Alacsony terhel\u00e9s\u0171 f\u0171t\u0151patronok<\/em><\/span>\n                <\/span>\n                <strong>Alacsony terhel\u00e9s\u0171 f\u0171t\u0151patronok<\/strong>\n            <\/a>\n                        <a href=\"https:\/\/www.etto.cz\/hu\/termekek\/futopatronok\/elosztott-teljesitmenyu-futopatronok\/\" class=\"subitem\">\n                <span class=\"img\">\n                    <img decoding=\"async\" src=\"https:\/\/www.etto.cz\/wp-content\/uploads\/2016\/12\/patrona_zony-153x147.jpg\" alt=\"Elosztott teljes\u00edtm\u00e9ny\u0171 f\u0171t\u0151patronok\" loading=\"lazy\" \/>\n                    <span><em>Elosztott teljes\u00edtm\u00e9ny\u0171 f\u0171t\u0151patronok<\/em><\/span>\n                <\/span>\n                <strong>Elosztott teljes\u00edtm\u00e9ny\u0171 f\u0171t\u0151patronok<\/strong>\n            <\/a>\n            <\/div>\n<h2 style=\"clear: both;\">F\u0171t\u0151szalagok<\/h2>\n<div class=\"sub-menu\">            <a href=\"https:\/\/www.etto.cz\/hu\/termekek\/futoszalagok-es-futomandzsettek\/csillaim-szigetelesu-futoszalagok-es-futomandzsettek\/\" class=\"subitem\">\n                <span class=\"img\">\n                    <img decoding=\"async\" src=\"https:\/\/www.etto.cz\/wp-content\/uploads\/2016\/12\/topny_pas_2-153x153.jpg\" alt=\"Csill\u00e1m szigetel\u00e9s\u0171 f\u0171t\u0151szalagok \u00e9s f\u0171t\u0151mandzsettek\" loading=\"lazy\" \/>\n                    <span><em>Csill\u00e1m szigetel\u00e9s\u0171 f\u0171t\u0151szalagok \u00e9s f\u0171t\u0151mandzsettek<\/em><\/span>\n                <\/span>\n                <strong>Csill\u00e1m szigetel\u00e9s\u0171 f\u0171t\u0151szalagok \u00e9s f\u0171t\u0151mandzsettek<\/strong>\n            <\/a>\n                        <a href=\"https:\/\/www.etto.cz\/hu\/termekek\/futoszalagok-es-futomandzsettek\/keramia-futoszalagok\/\" class=\"subitem\">\n                <span class=\"img\">\n                    <img decoding=\"async\" src=\"https:\/\/www.etto.cz\/wp-content\/uploads\/2016\/12\/keramicky_pas-153x121.jpg\" alt=\"Ker\u00e1mia f\u0171t\u0151szalagok\" loading=\"lazy\" \/>\n                    <span><em>Ker\u00e1mia f\u0171t\u0151szalagok<\/em><\/span>\n                <\/span>\n                <strong>Ker\u00e1mia f\u0171t\u0151szalagok<\/strong>\n            <\/a>\n                        <a href=\"https:\/\/www.etto.cz\/hu\/termekek\/futoszalagok-es-futomandzsettek\/futomandzsetta-rudbol-7-2x2-7-profilu\/\" class=\"subitem\">\n                <span class=\"img\">\n                    <img decoding=\"async\" src=\"https:\/\/www.etto.cz\/wp-content\/uploads\/2015\/05\/topne-pasy-153x153.jpg\" alt=\"F\u0171t\u0151mandzsetta r\u00fadb\u00f3l, 7,2\u00d72,7 profil\u00fa\" loading=\"lazy\" \/>\n                    <span><em>F\u0171t\u0151mandzsetta r\u00fadb\u00f3l, 7,2\u00d72,7 profil\u00fa<\/em><\/span>\n                <\/span>\n                <strong>F\u0171t\u0151mandzsetta r\u00fadb\u00f3l, 7,2\u00d72,7 profil\u00fa<\/strong>\n            <\/a>\n            <\/div>\n<h2 style=\"clear: both;\">Egy\u00e9b f\u0171t\u0151elemek<\/h2>\n<div class=\"sub-menu\">            <a href=\"https:\/\/www.etto.cz\/hu\/termekek\/csofutotestek\/\" class=\"subitem\">\n                <span class=\"img\">\n                    <img decoding=\"async\" src=\"https:\/\/www.etto.cz\/wp-content\/uploads\/2015\/05\/trubkova-topna-telesa-153x153.jpg\" alt=\"Cs\u0151f\u0171t\u0151testek\" loading=\"lazy\" \/>\n                    <span><em>Cs\u0151f\u0171t\u0151testek<\/em><\/span>\n                <\/span>\n                <strong>Cs\u0151f\u0171t\u0151testek<\/strong>\n            <\/a>\n                        <a href=\"https:\/\/www.etto.cz\/hu\/termekek\/lapos-csofutotestek\/\" class=\"subitem\">\n                <span class=\"img\">\n                    <img decoding=\"async\" src=\"https:\/\/www.etto.cz\/wp-content\/uploads\/2016\/12\/maximka_b2-153x153.jpg\" alt=\"Lapos cs\u0151f\u0171t\u0151testek\" loading=\"lazy\" \/>\n                    <span><em>Lapos cs\u0151f\u0171t\u0151testek<\/em><\/span>\n                <\/span>\n                <strong>Lapos cs\u0151f\u0171t\u0151testek<\/strong>\n            <\/a>\n                        <a href=\"https:\/\/www.etto.cz\/hu\/termekek\/csillaim-lapos-futoelemek\/\" class=\"subitem\">\n                <span class=\"img\">\n                    <img decoding=\"async\" src=\"https:\/\/www.etto.cz\/wp-content\/uploads\/2015\/05\/topna-telesa-se-slidovou-izolaci-153x153.jpg\" alt=\"Csill\u00e1m lapos f\u0171t\u0151elemek\" loading=\"lazy\" \/>\n                    <span><em>Csill\u00e1m lapos f\u0171t\u0151elemek<\/em><\/span>\n                <\/span>\n                <strong>Csill\u00e1m lapos f\u0171t\u0151elemek<\/strong>\n            <\/a>\n                        <a href=\"https:\/\/www.etto.cz\/hu\/termekek\/nyilt-huzalos-futoelemek-keramia-csillaim\/\" class=\"subitem\">\n                <span class=\"img\">\n                    <img decoding=\"async\" src=\"https:\/\/www.etto.cz\/wp-content\/uploads\/2016\/12\/spirala-3-153x124.jpg\" alt=\"Ny\u00edlt huzalos f\u0171t\u0151elemek (ker\u00e1mia, csill\u00e1m)\" loading=\"lazy\" \/>\n                    <span><em>Ny\u00edlt huzalos f\u0171t\u0151elemek (ker\u00e1mia, csill\u00e1m)<\/em><\/span>\n                <\/span>\n                <strong>Ny\u00edlt huzalos f\u0171t\u0151elemek (ker\u00e1mia, csill\u00e1m)<\/strong>\n            <\/a>\n            <\/div>\n","protected":false},"excerpt":{"rendered":"<p>F\u0171t\u0151patronok F\u0171t\u0151szalagok Egy\u00e9b f\u0171t\u0151elemek<\/p>\n","protected":false},"author":1,"featured_media":0,"parent":0,"menu_order":0,"comment_status":"open","ping_status":"closed","template":"_page-menu.php","meta":{"_acf_changed":false,"ngg_post_thumbnail":0,"footnotes":"","_links_to":"","_links_to_target":""},"class_list":["post-5806","page","type-page","status-publish","hentry"],"acf":[],"yoast_head":"<!-- This site is optimized with the Yoast SEO plugin v27.5 - https:\/\/yoast.com\/product\/yoast-seo-wordpress\/ -->\n<title>F\u0171t\u0151elemek \u2013 ipari ellen\u00e1ll\u00e1s-f\u0171t\u0151testek | ELEKTRON-ETTO<\/title>\n<meta name=\"description\" content=\"Ipari ellen\u00e1ll\u00e1s-f\u0171t\u0151testek sz\u00e9les v\u00e1laszt\u00e9ka. F\u0171t\u0151patronok, cs\u0151f\u0171t\u0151testek, f\u0171t\u0151szalagok, f\u0171t\u0151mandzsettek \u00e9s ker\u00e1mia f\u0171t\u0151elemek gy\u00e1rt\u00e1sa.\" \/>\n<meta name=\"robots\" content=\"index, follow, max-snippet:-1, max-image-preview:large, max-video-preview:-1\" \/>\n<link rel=\"canonical\" href=\"https:\/\/www.etto.cz\/hu\/termekek\/nyilt-huzalos-futoelemek-keramia-csillaim\/\" \/>\n<meta property=\"og:locale\" content=\"hu_HU\" \/>\n<meta property=\"og:type\" content=\"article\" \/>\n<meta property=\"og:title\" content=\"F\u0171t\u0151elemek \u2013 ipari ellen\u00e1ll\u00e1s-f\u0171t\u0151testek | ELEKTRON-ETTO\" \/>\n<meta property=\"og:description\" content=\"Ipari ellen\u00e1ll\u00e1s-f\u0171t\u0151testek sz\u00e9les v\u00e1laszt\u00e9ka. F\u0171t\u0151patronok, cs\u0151f\u0171t\u0151testek, f\u0171t\u0151szalagok, f\u0171t\u0151mandzsettek \u00e9s ker\u00e1mia f\u0171t\u0151elemek gy\u00e1rt\u00e1sa.\" \/>\n<meta property=\"og:url\" content=\"https:\/\/www.etto.cz\/hu\/termekek\/nyilt-huzalos-futoelemek-keramia-csillaim\/\" \/>\n<meta property=\"og:site_name\" content=\"ETTO\" \/>\n<meta property=\"article:modified_time\" content=\"2026-02-24T15:24:27+00:00\" \/>\n<meta property=\"og:image\" content=\"https:\/\/www.etto.cz\/hu\/wp-content\/gallery\/prumyslova-telesa\/teleso-kotel.jpg\" \/>\n<meta name=\"twitter:card\" content=\"summary_large_image\" \/>\n<script type=\"application\/ld+json\" class=\"yoast-schema-graph\">{\"@context\":\"https:\\\/\\\/schema.org\",\"@graph\":[{\"@type\":\"WebPage\",\"@id\":\"https:\\\/\\\/www.etto.cz\\\/topna-telesa\\\/\",\"url\":\"https:\\\/\\\/www.etto.cz\\\/topna-telesa\\\/\",\"name\":\"F\u0171t\u0151elemek \u2013 ipari ellen\u00e1ll\u00e1s-f\u0171t\u0151testek | ELEKTRON-ETTO\",\"isPartOf\":{\"@id\":\"https:\\\/\\\/www.etto.cz\\\/#website\"},\"datePublished\":\"2018-03-14T13:46:43+00:00\",\"dateModified\":\"2026-02-24T15:24:27+00:00\",\"description\":\"Ipari ellen\u00e1ll\u00e1s-f\u0171t\u0151testek sz\u00e9les v\u00e1laszt\u00e9ka. F\u0171t\u0151patronok, cs\u0151f\u0171t\u0151testek, f\u0171t\u0151szalagok, f\u0171t\u0151mandzsettek \u00e9s ker\u00e1mia f\u0171t\u0151elemek gy\u00e1rt\u00e1sa.\",\"breadcrumb\":{\"@id\":\"https:\\\/\\\/www.etto.cz\\\/topna-telesa\\\/#breadcrumb\"},\"inLanguage\":\"hu\",\"potentialAction\":[{\"@type\":\"ReadAction\",\"target\":[\"https:\\\/\\\/www.etto.cz\\\/topna-telesa\\\/\"]}]},{\"@type\":\"BreadcrumbList\",\"@id\":\"https:\\\/\\\/www.etto.cz\\\/topna-telesa\\\/#breadcrumb\",\"itemListElement\":[{\"@type\":\"ListItem\",\"position\":1,\"name\":\"Dom\u016f\",\"item\":\"https:\\\/\\\/www.etto.cz\\\/\"},{\"@type\":\"ListItem\",\"position\":2,\"name\":\"F\u0171t\u0151elemek\"}]},{\"@type\":\"WebSite\",\"@id\":\"https:\\\/\\\/www.etto.cz\\\/#website\",\"url\":\"https:\\\/\\\/www.etto.cz\\\/\",\"name\":\"ETTO\",\"description\":\"V\u00fdroba elektrick\u00fdch topn\u00fdch t\u011bles\",\"potentialAction\":[{\"@type\":\"SearchAction\",\"target\":{\"@type\":\"EntryPoint\",\"urlTemplate\":\"https:\\\/\\\/www.etto.cz\\\/?s={search_term_string}\"},\"query-input\":{\"@type\":\"PropertyValueSpecification\",\"valueRequired\":true,\"valueName\":\"search_term_string\"}}],\"inLanguage\":\"hu\"}]}<\/script>\n<!-- \/ Yoast SEO plugin. -->","yoast_head_json":{"title":"F\u0171t\u0151elemek \u2013 ipari ellen\u00e1ll\u00e1s-f\u0171t\u0151testek | ELEKTRON-ETTO","description":"Ipari ellen\u00e1ll\u00e1s-f\u0171t\u0151testek sz\u00e9les v\u00e1laszt\u00e9ka. F\u0171t\u0151patronok, cs\u0151f\u0171t\u0151testek, f\u0171t\u0151szalagok, f\u0171t\u0151mandzsettek \u00e9s ker\u00e1mia f\u0171t\u0151elemek gy\u00e1rt\u00e1sa.","robots":{"index":"index","follow":"follow","max-snippet":"max-snippet:-1","max-image-preview":"max-image-preview:large","max-video-preview":"max-video-preview:-1"},"canonical":"https:\/\/www.etto.cz\/hu\/termekek\/nyilt-huzalos-futoelemek-keramia-csillaim\/","og_locale":"hu_HU","og_type":"article","og_title":"F\u0171t\u0151elemek \u2013 ipari ellen\u00e1ll\u00e1s-f\u0171t\u0151testek | ELEKTRON-ETTO","og_description":"Ipari ellen\u00e1ll\u00e1s-f\u0171t\u0151testek sz\u00e9les v\u00e1laszt\u00e9ka. F\u0171t\u0151patronok, cs\u0151f\u0171t\u0151testek, f\u0171t\u0151szalagok, f\u0171t\u0151mandzsettek \u00e9s ker\u00e1mia f\u0171t\u0151elemek gy\u00e1rt\u00e1sa.","og_url":"https:\/\/www.etto.cz\/hu\/termekek\/nyilt-huzalos-futoelemek-keramia-csillaim\/","og_site_name":"ETTO","article_modified_time":"2026-02-24T15:24:27+00:00","og_image":[{"url":"https:\/\/www.etto.cz\/hu\/wp-content\/gallery\/prumyslova-telesa\/teleso-kotel.jpg","type":"","width":"","height":""}],"twitter_card":"summary_large_image","schema":{"@context":"https:\/\/schema.org","@graph":[{"@type":"WebPage","@id":"https:\/\/www.etto.cz\/topna-telesa\/","url":"https:\/\/www.etto.cz\/topna-telesa\/","name":"F\u0171t\u0151elemek \u2013 ipari ellen\u00e1ll\u00e1s-f\u0171t\u0151testek | ELEKTRON-ETTO","isPartOf":{"@id":"https:\/\/www.etto.cz\/#website"},"datePublished":"2018-03-14T13:46:43+00:00","dateModified":"2026-02-24T15:24:27+00:00","description":"Ipari ellen\u00e1ll\u00e1s-f\u0171t\u0151testek sz\u00e9les v\u00e1laszt\u00e9ka. F\u0171t\u0151patronok, cs\u0151f\u0171t\u0151testek, f\u0171t\u0151szalagok, f\u0171t\u0151mandzsettek \u00e9s ker\u00e1mia f\u0171t\u0151elemek gy\u00e1rt\u00e1sa.","breadcrumb":{"@id":"https:\/\/www.etto.cz\/topna-telesa\/#breadcrumb"},"inLanguage":"hu","potentialAction":[{"@type":"ReadAction","target":["https:\/\/www.etto.cz\/topna-telesa\/"]}]},{"@type":"BreadcrumbList","@id":"https:\/\/www.etto.cz\/topna-telesa\/#breadcrumb","itemListElement":[{"@type":"ListItem","position":1,"name":"Dom\u016f","item":"https:\/\/www.etto.cz\/"},{"@type":"ListItem","position":2,"name":"F\u0171t\u0151elemek"}]},{"@type":"WebSite","@id":"https:\/\/www.etto.cz\/#website","url":"https:\/\/www.etto.cz\/","name":"ETTO","description":"V\u00fdroba elektrick\u00fdch topn\u00fdch t\u011bles","potentialAction":[{"@type":"SearchAction","target":{"@type":"EntryPoint","urlTemplate":"https:\/\/www.etto.cz\/?s={search_term_string}"},"query-input":{"@type":"PropertyValueSpecification","valueRequired":true,"valueName":"search_term_string"}}],"inLanguage":"hu"}]}},"_links":{"self":[{"href":"https:\/\/www.etto.cz\/hu\/wp-json\/wp\/v2\/pages\/5806","targetHints":{"allow":["GET"]}}],"collection":[{"href":"https:\/\/www.etto.cz\/hu\/wp-json\/wp\/v2\/pages"}],"about":[{"href":"https:\/\/www.etto.cz\/hu\/wp-json\/wp\/v2\/types\/page"}],"author":[{"embeddable":true,"href":"https:\/\/www.etto.cz\/hu\/wp-json\/wp\/v2\/users\/1"}],"replies":[{"embeddable":true,"href":"https:\/\/www.etto.cz\/hu\/wp-json\/wp\/v2\/comments?post=5806"}],"version-history":[{"count":1,"href":"https:\/\/www.etto.cz\/hu\/wp-json\/wp\/v2\/pages\/5806\/revisions"}],"predecessor-version":[{"id":6040,"href":"https:\/\/www.etto.cz\/hu\/wp-json\/wp\/v2\/pages\/5806\/revisions\/6040"}],"wp:attachment":[{"href":"https:\/\/www.etto.cz\/hu\/wp-json\/wp\/v2\/media?parent=5806"}],"curies":[{"name":"wp","href":"https:\/\/api.w.org\/{rel}","templated":true}]}}