{"id":5807,"date":"2018-03-14T14:46:31","date_gmt":"2018-03-14T13:46:31","guid":{"rendered":"https:\/\/www.etto.cz\/products\/tube-heating-bodies\/"},"modified":"2026-02-24T16:24:27","modified_gmt":"2026-02-24T15:24:27","slug":"csofutotestek","status":"publish","type":"page","link":"https:\/\/www.etto.cz\/hu\/termekek\/csofutotestek\/","title":{"rendered":"Cs\u0151f\u0171t\u0151testek"},"content":{"rendered":"<p style=\"text-align: justify;\">A form\u00e1z\u00e1si lehet\u0151s\u00e9gek sz\u00e9les sk\u00e1l\u00e1j\u00e1nak k\u00f6sz\u00f6nhet\u0151en a cs\u0151f\u0171t\u0151testek (f\u0171t\u0151rudak) v\u00e1ltozatos \u00e9s gazdas\u00e1gos megold\u00e1st ny\u00fajtanak sz\u00e1mos alkalmaz\u00e1shoz. A leggyakrabban haszn\u00e1lt f\u0171t\u0151r\u00fad \u00e1tm\u00e9r\u0151k: <strong>\u2205 6,5 mm, \u2205 8,5 mm<\/strong>.<\/p>\n<p style=\"text-align: justify;\"><strong>K\u00edn\u00e1latunkban tov\u00e1bb\u00e1: \u2205 5,2 mm, \u2205 10 mm, \u2205 12 mm, \u2205 16 mm.<\/strong><\/p>\n","protected":false},"excerpt":{"rendered":"<p>A form\u00e1z\u00e1si lehet\u0151s\u00e9gek sz\u00e9les sk\u00e1l\u00e1j\u00e1nak k\u00f6sz\u00f6nhet\u0151en a cs\u0151f\u0171t\u0151testek (f\u0171t\u0151rudak) v\u00e1ltozatos \u00e9s gazdas\u00e1gos megold\u00e1st ny\u00fajtanak sz\u00e1mos alkalmaz\u00e1shoz. A leggyakrabban haszn\u00e1lt f\u0171t\u0151r\u00fad \u00e1tm\u00e9r\u0151k: \u2205 6,5 mm, \u2205 &#8230;<\/p>\n","protected":false},"author":1,"featured_media":5809,"parent":5748,"menu_order":0,"comment_status":"open","ping_status":"closed","template":"_page-menu.php","meta":{"_acf_changed":false,"ngg_post_thumbnail":0,"footnotes":"","_links_to":"","_links_to_target":""},"class_list":["post-5807","page","type-page","status-publish","has-post-thumbnail","hentry"],"acf":[],"yoast_head":"<!-- This site is optimized with the Yoast SEO plugin v27.3 - https:\/\/yoast.com\/product\/yoast-seo-wordpress\/ -->\n<title>Cs\u0151f\u0171t\u0151testek \u2013 ipari cs\u0151f\u0171t\u0151elemek | ELEKTRON-ETTO<\/title>\n<meta name=\"description\" content=\"Cs\u0151f\u0171t\u0151testek egyedi tervez\u00e9se \u00e9s gy\u00e1rt\u00e1sa ipari alkalmaz\u00e1sokhoz. Sokoldal\u00fa ellen\u00e1ll\u00e1s-f\u0171t\u0151testek folyad\u00e9kok, g\u00e1zok \u00e9s fel\u00fcletek f\u0171t\u00e9s\u00e9re.\" \/>\n<meta name=\"robots\" content=\"index, follow, max-snippet:-1, max-image-preview:large, max-video-preview:-1\" \/>\n<link rel=\"canonical\" href=\"https:\/\/www.etto.cz\/hu\/termekek\/csofutotestek\/\" \/>\n<meta property=\"og:locale\" content=\"hu_HU\" \/>\n<meta property=\"og:type\" content=\"article\" \/>\n<meta property=\"og:title\" content=\"Cs\u0151f\u0171t\u0151testek \u2013 ipari cs\u0151f\u0171t\u0151elemek | ELEKTRON-ETTO\" \/>\n<meta property=\"og:description\" content=\"Cs\u0151f\u0171t\u0151testek egyedi tervez\u00e9se \u00e9s gy\u00e1rt\u00e1sa ipari alkalmaz\u00e1sokhoz. Sokoldal\u00fa ellen\u00e1ll\u00e1s-f\u0171t\u0151testek folyad\u00e9kok, g\u00e1zok \u00e9s fel\u00fcletek f\u0171t\u00e9s\u00e9re.\" \/>\n<meta property=\"og:url\" content=\"https:\/\/www.etto.cz\/hu\/termekek\/csofutotestek\/\" \/>\n<meta property=\"og:site_name\" content=\"ETTO\" \/>\n<meta property=\"article:modified_time\" content=\"2026-02-24T15:24:27+00:00\" \/>\n<meta property=\"og:image\" content=\"https:\/\/www.etto.cz\/wp-content\/uploads\/2015\/05\/trubkova-topna-telesa.jpg\" \/>\n\t<meta property=\"og:image:width\" content=\"400\" \/>\n\t<meta property=\"og:image:height\" content=\"400\" \/>\n\t<meta property=\"og:image:type\" content=\"image\/jpeg\" \/>\n<meta name=\"twitter:card\" content=\"summary_large_image\" \/>\n<script type=\"application\/ld+json\" class=\"yoast-schema-graph\">{\"@context\":\"https:\\\/\\\/schema.org\",\"@graph\":[{\"@type\":\"WebPage\",\"@id\":\"https:\\\/\\\/www.etto.cz\\\/elektricka-topna-telesa\\\/topna-telesa-trubkova\\\/\",\"url\":\"https:\\\/\\\/www.etto.cz\\\/elektricka-topna-telesa\\\/topna-telesa-trubkova\\\/\",\"name\":\"Cs\u0151f\u0171t\u0151testek \u2013 ipari cs\u0151f\u0171t\u0151elemek | ELEKTRON-ETTO\",\"isPartOf\":{\"@id\":\"https:\\\/\\\/www.etto.cz\\\/#website\"},\"primaryImageOfPage\":{\"@id\":\"https:\\\/\\\/www.etto.cz\\\/elektricka-topna-telesa\\\/topna-telesa-trubkova\\\/#primaryimage\"},\"image\":{\"@id\":\"https:\\\/\\\/www.etto.cz\\\/elektricka-topna-telesa\\\/topna-telesa-trubkova\\\/#primaryimage\"},\"thumbnailUrl\":\"https:\\\/\\\/www.etto.cz\\\/wp-content\\\/uploads\\\/2015\\\/05\\\/trubkova-topna-telesa.jpg\",\"datePublished\":\"2018-03-14T13:46:31+00:00\",\"dateModified\":\"2026-02-24T15:24:27+00:00\",\"description\":\"Cs\u0151f\u0171t\u0151testek egyedi tervez\u00e9se \u00e9s gy\u00e1rt\u00e1sa ipari alkalmaz\u00e1sokhoz. Sokoldal\u00fa ellen\u00e1ll\u00e1s-f\u0171t\u0151testek folyad\u00e9kok, g\u00e1zok \u00e9s fel\u00fcletek f\u0171t\u00e9s\u00e9re.\",\"breadcrumb\":{\"@id\":\"https:\\\/\\\/www.etto.cz\\\/elektricka-topna-telesa\\\/topna-telesa-trubkova\\\/#breadcrumb\"},\"inLanguage\":\"hu\",\"potentialAction\":[{\"@type\":\"ReadAction\",\"target\":[\"https:\\\/\\\/www.etto.cz\\\/elektricka-topna-telesa\\\/topna-telesa-trubkova\\\/\"]}]},{\"@type\":\"ImageObject\",\"inLanguage\":\"hu\",\"@id\":\"https:\\\/\\\/www.etto.cz\\\/elektricka-topna-telesa\\\/topna-telesa-trubkova\\\/#primaryimage\",\"url\":\"https:\\\/\\\/www.etto.cz\\\/wp-content\\\/uploads\\\/2015\\\/05\\\/trubkova-topna-telesa.jpg\",\"contentUrl\":\"https:\\\/\\\/www.etto.cz\\\/wp-content\\\/uploads\\\/2015\\\/05\\\/trubkova-topna-telesa.jpg\",\"width\":400,\"height\":400},{\"@type\":\"BreadcrumbList\",\"@id\":\"https:\\\/\\\/www.etto.cz\\\/elektricka-topna-telesa\\\/topna-telesa-trubkova\\\/#breadcrumb\",\"itemListElement\":[{\"@type\":\"ListItem\",\"position\":1,\"name\":\"Dom\u016f\",\"item\":\"https:\\\/\\\/www.etto.cz\\\/\"},{\"@type\":\"ListItem\",\"position\":2,\"name\":\"Elektromos f\u0171t\u0151elemek &#8211; Term\u00e9kek\",\"item\":\"https:\\\/\\\/www.etto.cz\\\/elektricka-topna-telesa\\\/\"},{\"@type\":\"ListItem\",\"position\":3,\"name\":\"Cs\u0151f\u0171t\u0151testek\"}]},{\"@type\":\"WebSite\",\"@id\":\"https:\\\/\\\/www.etto.cz\\\/#website\",\"url\":\"https:\\\/\\\/www.etto.cz\\\/\",\"name\":\"ETTO\",\"description\":\"V\u00fdroba elektrick\u00fdch topn\u00fdch t\u011bles\",\"potentialAction\":[{\"@type\":\"SearchAction\",\"target\":{\"@type\":\"EntryPoint\",\"urlTemplate\":\"https:\\\/\\\/www.etto.cz\\\/?s={search_term_string}\"},\"query-input\":{\"@type\":\"PropertyValueSpecification\",\"valueRequired\":true,\"valueName\":\"search_term_string\"}}],\"inLanguage\":\"hu\"}]}<\/script>\n<!-- \/ Yoast SEO plugin. -->","yoast_head_json":{"title":"Cs\u0151f\u0171t\u0151testek \u2013 ipari cs\u0151f\u0171t\u0151elemek | ELEKTRON-ETTO","description":"Cs\u0151f\u0171t\u0151testek egyedi tervez\u00e9se \u00e9s gy\u00e1rt\u00e1sa ipari alkalmaz\u00e1sokhoz. Sokoldal\u00fa ellen\u00e1ll\u00e1s-f\u0171t\u0151testek folyad\u00e9kok, g\u00e1zok \u00e9s fel\u00fcletek f\u0171t\u00e9s\u00e9re.","robots":{"index":"index","follow":"follow","max-snippet":"max-snippet:-1","max-image-preview":"max-image-preview:large","max-video-preview":"max-video-preview:-1"},"canonical":"https:\/\/www.etto.cz\/hu\/termekek\/csofutotestek\/","og_locale":"hu_HU","og_type":"article","og_title":"Cs\u0151f\u0171t\u0151testek \u2013 ipari cs\u0151f\u0171t\u0151elemek | ELEKTRON-ETTO","og_description":"Cs\u0151f\u0171t\u0151testek egyedi tervez\u00e9se \u00e9s gy\u00e1rt\u00e1sa ipari alkalmaz\u00e1sokhoz. Sokoldal\u00fa ellen\u00e1ll\u00e1s-f\u0171t\u0151testek folyad\u00e9kok, g\u00e1zok \u00e9s fel\u00fcletek f\u0171t\u00e9s\u00e9re.","og_url":"https:\/\/www.etto.cz\/hu\/termekek\/csofutotestek\/","og_site_name":"ETTO","article_modified_time":"2026-02-24T15:24:27+00:00","og_image":[{"width":400,"height":400,"url":"https:\/\/www.etto.cz\/wp-content\/uploads\/2015\/05\/trubkova-topna-telesa.jpg","type":"image\/jpeg"}],"twitter_card":"summary_large_image","schema":{"@context":"https:\/\/schema.org","@graph":[{"@type":"WebPage","@id":"https:\/\/www.etto.cz\/elektricka-topna-telesa\/topna-telesa-trubkova\/","url":"https:\/\/www.etto.cz\/elektricka-topna-telesa\/topna-telesa-trubkova\/","name":"Cs\u0151f\u0171t\u0151testek \u2013 ipari cs\u0151f\u0171t\u0151elemek | ELEKTRON-ETTO","isPartOf":{"@id":"https:\/\/www.etto.cz\/#website"},"primaryImageOfPage":{"@id":"https:\/\/www.etto.cz\/elektricka-topna-telesa\/topna-telesa-trubkova\/#primaryimage"},"image":{"@id":"https:\/\/www.etto.cz\/elektricka-topna-telesa\/topna-telesa-trubkova\/#primaryimage"},"thumbnailUrl":"https:\/\/www.etto.cz\/wp-content\/uploads\/2015\/05\/trubkova-topna-telesa.jpg","datePublished":"2018-03-14T13:46:31+00:00","dateModified":"2026-02-24T15:24:27+00:00","description":"Cs\u0151f\u0171t\u0151testek egyedi tervez\u00e9se \u00e9s gy\u00e1rt\u00e1sa ipari alkalmaz\u00e1sokhoz. Sokoldal\u00fa ellen\u00e1ll\u00e1s-f\u0171t\u0151testek folyad\u00e9kok, g\u00e1zok \u00e9s fel\u00fcletek f\u0171t\u00e9s\u00e9re.","breadcrumb":{"@id":"https:\/\/www.etto.cz\/elektricka-topna-telesa\/topna-telesa-trubkova\/#breadcrumb"},"inLanguage":"hu","potentialAction":[{"@type":"ReadAction","target":["https:\/\/www.etto.cz\/elektricka-topna-telesa\/topna-telesa-trubkova\/"]}]},{"@type":"ImageObject","inLanguage":"hu","@id":"https:\/\/www.etto.cz\/elektricka-topna-telesa\/topna-telesa-trubkova\/#primaryimage","url":"https:\/\/www.etto.cz\/wp-content\/uploads\/2015\/05\/trubkova-topna-telesa.jpg","contentUrl":"https:\/\/www.etto.cz\/wp-content\/uploads\/2015\/05\/trubkova-topna-telesa.jpg","width":400,"height":400},{"@type":"BreadcrumbList","@id":"https:\/\/www.etto.cz\/elektricka-topna-telesa\/topna-telesa-trubkova\/#breadcrumb","itemListElement":[{"@type":"ListItem","position":1,"name":"Dom\u016f","item":"https:\/\/www.etto.cz\/"},{"@type":"ListItem","position":2,"name":"Elektromos f\u0171t\u0151elemek &#8211; Term\u00e9kek","item":"https:\/\/www.etto.cz\/elektricka-topna-telesa\/"},{"@type":"ListItem","position":3,"name":"Cs\u0151f\u0171t\u0151testek"}]},{"@type":"WebSite","@id":"https:\/\/www.etto.cz\/#website","url":"https:\/\/www.etto.cz\/","name":"ETTO","description":"V\u00fdroba elektrick\u00fdch topn\u00fdch t\u011bles","potentialAction":[{"@type":"SearchAction","target":{"@type":"EntryPoint","urlTemplate":"https:\/\/www.etto.cz\/?s={search_term_string}"},"query-input":{"@type":"PropertyValueSpecification","valueRequired":true,"valueName":"search_term_string"}}],"inLanguage":"hu"}]}},"_links":{"self":[{"href":"https:\/\/www.etto.cz\/hu\/wp-json\/wp\/v2\/pages\/5807","targetHints":{"allow":["GET"]}}],"collection":[{"href":"https:\/\/www.etto.cz\/hu\/wp-json\/wp\/v2\/pages"}],"about":[{"href":"https:\/\/www.etto.cz\/hu\/wp-json\/wp\/v2\/types\/page"}],"author":[{"embeddable":true,"href":"https:\/\/www.etto.cz\/hu\/wp-json\/wp\/v2\/users\/1"}],"replies":[{"embeddable":true,"href":"https:\/\/www.etto.cz\/hu\/wp-json\/wp\/v2\/comments?post=5807"}],"version-history":[{"count":1,"href":"https:\/\/www.etto.cz\/hu\/wp-json\/wp\/v2\/pages\/5807\/revisions"}],"predecessor-version":[{"id":6043,"href":"https:\/\/www.etto.cz\/hu\/wp-json\/wp\/v2\/pages\/5807\/revisions\/6043"}],"up":[{"embeddable":true,"href":"https:\/\/www.etto.cz\/hu\/wp-json\/wp\/v2\/pages\/5748"}],"wp:featuredmedia":[{"embeddable":true,"href":"https:\/\/www.etto.cz\/hu\/wp-json\/wp\/v2\/media\/5809"}],"wp:attachment":[{"href":"https:\/\/www.etto.cz\/hu\/wp-json\/wp\/v2\/media?parent=5807"}],"curies":[{"name":"wp","href":"https:\/\/api.w.org\/{rel}","templated":true}]}}