{"id":5810,"date":"2018-03-14T14:46:21","date_gmt":"2018-03-14T13:46:21","guid":{"rendered":"https:\/\/www.etto.cz\/heating-cartridges-with-double-insulation-with-low-leakage-current\/"},"modified":"2026-02-24T16:24:28","modified_gmt":"2026-02-24T15:24:28","slug":"kettos-szigetelesu-futopatronok-alacsony-szivargo-aram","status":"publish","type":"page","link":"https:\/\/www.etto.cz\/hu\/termekek\/futopatronok\/kettos-szigetelesu-futopatronok-alacsony-szivargo-aram\/","title":{"rendered":"Kett\u0151s szigetel\u00e9s\u0171 f\u0171t\u0151patronok (alacsony sziv\u00e1rg\u00f3 \u00e1ram)"},"content":{"rendered":"<p style=\"text-align: justify;\">A kett\u0151s szigetel\u00e9s\u0171 f\u0171t\u0151patronok a f\u0171t\u0151patronok speci\u00e1lis kivitelei. Olyan alkalmaz\u00e1sokban haszn\u00e1lj\u00e1k, amelyek kett\u0151s szigetel\u00e9st (biztons\u00e1g) vagy alacsony sziv\u00e1rg\u00f3 \u00e1ramot ig\u00e9nyelnek. 10 mm, 12,5 mm, 14 mm, 16 mm, 20 mm \u00e1tm\u00e9r\u0151j\u0171 f\u0171t\u0151patronokhoz el\u00e9rhet\u0151.<\/p>\n","protected":false},"excerpt":{"rendered":"<p>A kett\u0151s szigetel\u00e9s\u0171 f\u0171t\u0151patronok a f\u0171t\u0151patronok speci\u00e1lis kivitelei. Olyan alkalmaz\u00e1sokban haszn\u00e1lj\u00e1k, amelyek kett\u0151s szigetel\u00e9st (biztons\u00e1g) vagy alacsony sziv\u00e1rg\u00f3 \u00e1ramot ig\u00e9nyelnek. 10 mm, 12,5 mm, 14 &#8230;<\/p>\n","protected":false},"author":1,"featured_media":5811,"parent":5823,"menu_order":0,"comment_status":"open","ping_status":"open","template":"_page-menu.php","meta":{"_acf_changed":false,"ngg_post_thumbnail":0,"footnotes":"","_links_to":"","_links_to_target":""},"class_list":["post-5810","page","type-page","status-publish","has-post-thumbnail","hentry"],"acf":[],"yoast_head":"<!-- This site is optimized with the Yoast SEO plugin v27.3 - https:\/\/yoast.com\/product\/yoast-seo-wordpress\/ -->\n<title>Kett\u0151s szigetel\u00e9s\u0171 f\u0171t\u0151patronok | ELEKTRON-ETTO<\/title>\n<meta name=\"description\" content=\"Kett\u0151s szigetel\u00e9s\u0171 f\u0171t\u0151patronok alacsony sziv\u00e1rg\u00f3 \u00e1rammal. Fokozott biztons\u00e1g\u00fa ellen\u00e1ll\u00e1s-f\u0171t\u0151testek \u00e9lelmiszeripari alkalmaz\u00e1sokhoz.\" \/>\n<meta name=\"robots\" content=\"index, follow, max-snippet:-1, max-image-preview:large, max-video-preview:-1\" \/>\n<link rel=\"canonical\" href=\"https:\/\/www.etto.cz\/hu\/termekek\/futopatronok\/kettos-szigetelesu-futopatronok-alacsony-szivargo-aram\/\" \/>\n<meta property=\"og:locale\" content=\"hu_HU\" \/>\n<meta property=\"og:type\" content=\"article\" \/>\n<meta property=\"og:title\" content=\"Kett\u0151s szigetel\u00e9s\u0171 f\u0171t\u0151patronok | ELEKTRON-ETTO\" \/>\n<meta property=\"og:description\" content=\"Kett\u0151s szigetel\u00e9s\u0171 f\u0171t\u0151patronok alacsony sziv\u00e1rg\u00f3 \u00e1rammal. Fokozott biztons\u00e1g\u00fa ellen\u00e1ll\u00e1s-f\u0171t\u0151testek \u00e9lelmiszeripari alkalmaz\u00e1sokhoz.\" \/>\n<meta property=\"og:url\" content=\"https:\/\/www.etto.cz\/hu\/termekek\/futopatronok\/kettos-szigetelesu-futopatronok-alacsony-szivargo-aram\/\" \/>\n<meta property=\"og:site_name\" content=\"ETTO\" \/>\n<meta property=\"article:modified_time\" content=\"2026-02-24T15:24:28+00:00\" \/>\n<meta property=\"og:image\" content=\"https:\/\/www.etto.cz\/wp-content\/uploads\/2016\/12\/vysocezatizena_patr.jpg\" \/>\n\t<meta property=\"og:image:width\" content=\"800\" \/>\n\t<meta property=\"og:image:height\" content=\"800\" \/>\n\t<meta property=\"og:image:type\" content=\"image\/jpeg\" \/>\n<meta name=\"twitter:card\" content=\"summary_large_image\" \/>\n<script type=\"application\/ld+json\" class=\"yoast-schema-graph\">{\"@context\":\"https:\\\/\\\/schema.org\",\"@graph\":[{\"@type\":\"WebPage\",\"@id\":\"https:\\\/\\\/www.etto.cz\\\/elektricka-topna-telesa\\\/topne-patrony\\\/patrony-s-dvojitou-izolaci-s-nizkymi-unikovymi-proudy\\\/\",\"url\":\"https:\\\/\\\/www.etto.cz\\\/elektricka-topna-telesa\\\/topne-patrony\\\/patrony-s-dvojitou-izolaci-s-nizkymi-unikovymi-proudy\\\/\",\"name\":\"Kett\u0151s szigetel\u00e9s\u0171 f\u0171t\u0151patronok | ELEKTRON-ETTO\",\"isPartOf\":{\"@id\":\"https:\\\/\\\/www.etto.cz\\\/#website\"},\"primaryImageOfPage\":{\"@id\":\"https:\\\/\\\/www.etto.cz\\\/elektricka-topna-telesa\\\/topne-patrony\\\/patrony-s-dvojitou-izolaci-s-nizkymi-unikovymi-proudy\\\/#primaryimage\"},\"image\":{\"@id\":\"https:\\\/\\\/www.etto.cz\\\/elektricka-topna-telesa\\\/topne-patrony\\\/patrony-s-dvojitou-izolaci-s-nizkymi-unikovymi-proudy\\\/#primaryimage\"},\"thumbnailUrl\":\"https:\\\/\\\/www.etto.cz\\\/wp-content\\\/uploads\\\/2016\\\/12\\\/vysocezatizena_patr.jpg\",\"datePublished\":\"2018-03-14T13:46:21+00:00\",\"dateModified\":\"2026-02-24T15:24:28+00:00\",\"description\":\"Kett\u0151s szigetel\u00e9s\u0171 f\u0171t\u0151patronok alacsony sziv\u00e1rg\u00f3 \u00e1rammal. Fokozott biztons\u00e1g\u00fa ellen\u00e1ll\u00e1s-f\u0171t\u0151testek \u00e9lelmiszeripari alkalmaz\u00e1sokhoz.\",\"breadcrumb\":{\"@id\":\"https:\\\/\\\/www.etto.cz\\\/elektricka-topna-telesa\\\/topne-patrony\\\/patrony-s-dvojitou-izolaci-s-nizkymi-unikovymi-proudy\\\/#breadcrumb\"},\"inLanguage\":\"hu\",\"potentialAction\":[{\"@type\":\"ReadAction\",\"target\":[\"https:\\\/\\\/www.etto.cz\\\/elektricka-topna-telesa\\\/topne-patrony\\\/patrony-s-dvojitou-izolaci-s-nizkymi-unikovymi-proudy\\\/\"]}]},{\"@type\":\"ImageObject\",\"inLanguage\":\"hu\",\"@id\":\"https:\\\/\\\/www.etto.cz\\\/elektricka-topna-telesa\\\/topne-patrony\\\/patrony-s-dvojitou-izolaci-s-nizkymi-unikovymi-proudy\\\/#primaryimage\",\"url\":\"https:\\\/\\\/www.etto.cz\\\/wp-content\\\/uploads\\\/2016\\\/12\\\/vysocezatizena_patr.jpg\",\"contentUrl\":\"https:\\\/\\\/www.etto.cz\\\/wp-content\\\/uploads\\\/2016\\\/12\\\/vysocezatizena_patr.jpg\",\"width\":800,\"height\":800},{\"@type\":\"BreadcrumbList\",\"@id\":\"https:\\\/\\\/www.etto.cz\\\/elektricka-topna-telesa\\\/topne-patrony\\\/patrony-s-dvojitou-izolaci-s-nizkymi-unikovymi-proudy\\\/#breadcrumb\",\"itemListElement\":[{\"@type\":\"ListItem\",\"position\":1,\"name\":\"Dom\u016f\",\"item\":\"https:\\\/\\\/www.etto.cz\\\/\"},{\"@type\":\"ListItem\",\"position\":2,\"name\":\"Elektromos f\u0171t\u0151elemek &#8211; Term\u00e9kek\",\"item\":\"https:\\\/\\\/www.etto.cz\\\/elektricka-topna-telesa\\\/\"},{\"@type\":\"ListItem\",\"position\":3,\"name\":\"F\u0171t\u0151patronok\",\"item\":\"https:\\\/\\\/www.etto.cz\\\/elektricka-topna-telesa\\\/topne-patrony\\\/\"},{\"@type\":\"ListItem\",\"position\":4,\"name\":\"Kett\u0151s szigetel\u00e9s\u0171 f\u0171t\u0151patronok (alacsony sziv\u00e1rg\u00f3 \u00e1ram)\"}]},{\"@type\":\"WebSite\",\"@id\":\"https:\\\/\\\/www.etto.cz\\\/#website\",\"url\":\"https:\\\/\\\/www.etto.cz\\\/\",\"name\":\"ETTO\",\"description\":\"V\u00fdroba elektrick\u00fdch topn\u00fdch t\u011bles\",\"potentialAction\":[{\"@type\":\"SearchAction\",\"target\":{\"@type\":\"EntryPoint\",\"urlTemplate\":\"https:\\\/\\\/www.etto.cz\\\/?s={search_term_string}\"},\"query-input\":{\"@type\":\"PropertyValueSpecification\",\"valueRequired\":true,\"valueName\":\"search_term_string\"}}],\"inLanguage\":\"hu\"}]}<\/script>\n<!-- \/ Yoast SEO plugin. -->","yoast_head_json":{"title":"Kett\u0151s szigetel\u00e9s\u0171 f\u0171t\u0151patronok | ELEKTRON-ETTO","description":"Kett\u0151s szigetel\u00e9s\u0171 f\u0171t\u0151patronok alacsony sziv\u00e1rg\u00f3 \u00e1rammal. Fokozott biztons\u00e1g\u00fa ellen\u00e1ll\u00e1s-f\u0171t\u0151testek \u00e9lelmiszeripari alkalmaz\u00e1sokhoz.","robots":{"index":"index","follow":"follow","max-snippet":"max-snippet:-1","max-image-preview":"max-image-preview:large","max-video-preview":"max-video-preview:-1"},"canonical":"https:\/\/www.etto.cz\/hu\/termekek\/futopatronok\/kettos-szigetelesu-futopatronok-alacsony-szivargo-aram\/","og_locale":"hu_HU","og_type":"article","og_title":"Kett\u0151s szigetel\u00e9s\u0171 f\u0171t\u0151patronok | ELEKTRON-ETTO","og_description":"Kett\u0151s szigetel\u00e9s\u0171 f\u0171t\u0151patronok alacsony sziv\u00e1rg\u00f3 \u00e1rammal. Fokozott biztons\u00e1g\u00fa ellen\u00e1ll\u00e1s-f\u0171t\u0151testek \u00e9lelmiszeripari alkalmaz\u00e1sokhoz.","og_url":"https:\/\/www.etto.cz\/hu\/termekek\/futopatronok\/kettos-szigetelesu-futopatronok-alacsony-szivargo-aram\/","og_site_name":"ETTO","article_modified_time":"2026-02-24T15:24:28+00:00","og_image":[{"width":800,"height":800,"url":"https:\/\/www.etto.cz\/wp-content\/uploads\/2016\/12\/vysocezatizena_patr.jpg","type":"image\/jpeg"}],"twitter_card":"summary_large_image","schema":{"@context":"https:\/\/schema.org","@graph":[{"@type":"WebPage","@id":"https:\/\/www.etto.cz\/elektricka-topna-telesa\/topne-patrony\/patrony-s-dvojitou-izolaci-s-nizkymi-unikovymi-proudy\/","url":"https:\/\/www.etto.cz\/elektricka-topna-telesa\/topne-patrony\/patrony-s-dvojitou-izolaci-s-nizkymi-unikovymi-proudy\/","name":"Kett\u0151s szigetel\u00e9s\u0171 f\u0171t\u0151patronok | ELEKTRON-ETTO","isPartOf":{"@id":"https:\/\/www.etto.cz\/#website"},"primaryImageOfPage":{"@id":"https:\/\/www.etto.cz\/elektricka-topna-telesa\/topne-patrony\/patrony-s-dvojitou-izolaci-s-nizkymi-unikovymi-proudy\/#primaryimage"},"image":{"@id":"https:\/\/www.etto.cz\/elektricka-topna-telesa\/topne-patrony\/patrony-s-dvojitou-izolaci-s-nizkymi-unikovymi-proudy\/#primaryimage"},"thumbnailUrl":"https:\/\/www.etto.cz\/wp-content\/uploads\/2016\/12\/vysocezatizena_patr.jpg","datePublished":"2018-03-14T13:46:21+00:00","dateModified":"2026-02-24T15:24:28+00:00","description":"Kett\u0151s szigetel\u00e9s\u0171 f\u0171t\u0151patronok alacsony sziv\u00e1rg\u00f3 \u00e1rammal. Fokozott biztons\u00e1g\u00fa ellen\u00e1ll\u00e1s-f\u0171t\u0151testek \u00e9lelmiszeripari alkalmaz\u00e1sokhoz.","breadcrumb":{"@id":"https:\/\/www.etto.cz\/elektricka-topna-telesa\/topne-patrony\/patrony-s-dvojitou-izolaci-s-nizkymi-unikovymi-proudy\/#breadcrumb"},"inLanguage":"hu","potentialAction":[{"@type":"ReadAction","target":["https:\/\/www.etto.cz\/elektricka-topna-telesa\/topne-patrony\/patrony-s-dvojitou-izolaci-s-nizkymi-unikovymi-proudy\/"]}]},{"@type":"ImageObject","inLanguage":"hu","@id":"https:\/\/www.etto.cz\/elektricka-topna-telesa\/topne-patrony\/patrony-s-dvojitou-izolaci-s-nizkymi-unikovymi-proudy\/#primaryimage","url":"https:\/\/www.etto.cz\/wp-content\/uploads\/2016\/12\/vysocezatizena_patr.jpg","contentUrl":"https:\/\/www.etto.cz\/wp-content\/uploads\/2016\/12\/vysocezatizena_patr.jpg","width":800,"height":800},{"@type":"BreadcrumbList","@id":"https:\/\/www.etto.cz\/elektricka-topna-telesa\/topne-patrony\/patrony-s-dvojitou-izolaci-s-nizkymi-unikovymi-proudy\/#breadcrumb","itemListElement":[{"@type":"ListItem","position":1,"name":"Dom\u016f","item":"https:\/\/www.etto.cz\/"},{"@type":"ListItem","position":2,"name":"Elektromos f\u0171t\u0151elemek &#8211; Term\u00e9kek","item":"https:\/\/www.etto.cz\/elektricka-topna-telesa\/"},{"@type":"ListItem","position":3,"name":"F\u0171t\u0151patronok","item":"https:\/\/www.etto.cz\/elektricka-topna-telesa\/topne-patrony\/"},{"@type":"ListItem","position":4,"name":"Kett\u0151s szigetel\u00e9s\u0171 f\u0171t\u0151patronok (alacsony sziv\u00e1rg\u00f3 \u00e1ram)"}]},{"@type":"WebSite","@id":"https:\/\/www.etto.cz\/#website","url":"https:\/\/www.etto.cz\/","name":"ETTO","description":"V\u00fdroba elektrick\u00fdch topn\u00fdch t\u011bles","potentialAction":[{"@type":"SearchAction","target":{"@type":"EntryPoint","urlTemplate":"https:\/\/www.etto.cz\/?s={search_term_string}"},"query-input":{"@type":"PropertyValueSpecification","valueRequired":true,"valueName":"search_term_string"}}],"inLanguage":"hu"}]}},"_links":{"self":[{"href":"https:\/\/www.etto.cz\/hu\/wp-json\/wp\/v2\/pages\/5810","targetHints":{"allow":["GET"]}}],"collection":[{"href":"https:\/\/www.etto.cz\/hu\/wp-json\/wp\/v2\/pages"}],"about":[{"href":"https:\/\/www.etto.cz\/hu\/wp-json\/wp\/v2\/types\/page"}],"author":[{"embeddable":true,"href":"https:\/\/www.etto.cz\/hu\/wp-json\/wp\/v2\/users\/1"}],"replies":[{"embeddable":true,"href":"https:\/\/www.etto.cz\/hu\/wp-json\/wp\/v2\/comments?post=5810"}],"version-history":[{"count":1,"href":"https:\/\/www.etto.cz\/hu\/wp-json\/wp\/v2\/pages\/5810\/revisions"}],"predecessor-version":[{"id":6044,"href":"https:\/\/www.etto.cz\/hu\/wp-json\/wp\/v2\/pages\/5810\/revisions\/6044"}],"up":[{"embeddable":true,"href":"https:\/\/www.etto.cz\/hu\/wp-json\/wp\/v2\/pages\/5823"}],"wp:featuredmedia":[{"embeddable":true,"href":"https:\/\/www.etto.cz\/hu\/wp-json\/wp\/v2\/media\/5811"}],"wp:attachment":[{"href":"https:\/\/www.etto.cz\/hu\/wp-json\/wp\/v2\/media?parent=5810"}],"curies":[{"name":"wp","href":"https:\/\/api.w.org\/{rel}","templated":true}]}}