{"id":5813,"date":"2018-03-14T14:45:32","date_gmt":"2018-03-14T13:45:32","guid":{"rendered":"https:\/\/www.etto.cz\/heating-cartridges-with-specified-heating-zones\/"},"modified":"2026-02-24T16:24:36","modified_gmt":"2026-02-24T15:24:36","slug":"elosztott-teljesitmenyu-futopatronok","status":"publish","type":"page","link":"https:\/\/www.etto.cz\/hu\/termekek\/futopatronok\/elosztott-teljesitmenyu-futopatronok\/","title":{"rendered":"Elosztott teljes\u00edtm\u00e9ny\u0171 f\u0171t\u0151patronok"},"content":{"rendered":"<p style=\"text-align: justify;\">Ezek olyan f\u0171t\u0151patronok, amelyek a f\u0171t\u0151patron meghat\u00e1rozott r\u00e9szein elt\u00e9r\u0151 teljes\u00edtm\u00e9nys\u0171r\u0171s\u00e9ggel (W\/cm2) rendelkeznek. Rendel\u00e9skor a teljes\u00edtm\u00e9nyt \u00e9s a f\u0171t\u00e9si z\u00f3n\u00e1k hossz\u00e1t kell megadni (pl. a f\u0171t\u0151patron v\u00e9gei: 30 mm + a teljes\u00edtm\u00e9ny 10%-a).<\/p>\n<p style=\"text-align: justify;\">A tov\u00e1bbi el\u00e9rhet\u0151 lehet\u0151s\u00e9g: <strong>olyan f\u0171t\u0151patronok, amelyekn\u00e9l a k\u00e9t f\u0171t\u00e9si z\u00f3na k\u00fcl\u00f6n szab\u00e1lyozhat\u00f3.<\/strong> Ez a v\u00e1ltozat 16 mm \u00e9s 20 mm \u00e1tm\u00e9r\u0151j\u0171 f\u0171t\u0151patronokhoz \u00e9rhet\u0151 el. Rendel\u00e9s el\u0151tt konzult\u00e1ci\u00f3 sz\u00fcks\u00e9ges.<\/p>\n","protected":false},"excerpt":{"rendered":"<p>Ezek olyan f\u0171t\u0151patronok, amelyek a f\u0171t\u0151patron meghat\u00e1rozott r\u00e9szein elt\u00e9r\u0151 teljes\u00edtm\u00e9nys\u0171r\u0171s\u00e9ggel (W\/cm2) rendelkeznek. Rendel\u00e9skor a teljes\u00edtm\u00e9nyt \u00e9s a f\u0171t\u00e9si z\u00f3n\u00e1k hossz\u00e1t kell megadni (pl. a f\u0171t\u0151patron &#8230;<\/p>\n","protected":false},"author":1,"featured_media":5815,"parent":5823,"menu_order":0,"comment_status":"open","ping_status":"open","template":"_page-menu.php","meta":{"_acf_changed":false,"ngg_post_thumbnail":0,"footnotes":"","_links_to":"","_links_to_target":""},"class_list":["post-5813","page","type-page","status-publish","has-post-thumbnail","hentry"],"acf":[],"yoast_head":"<!-- This site is optimized with the Yoast SEO plugin v27.3 - https:\/\/yoast.com\/product\/yoast-seo-wordpress\/ -->\n<title>Elosztott teljes\u00edtm\u00e9ny\u0171 f\u0171t\u0151patronok | ELEKTRON-ETTO<\/title>\n<meta name=\"description\" content=\"Elosztott teljes\u00edtm\u00e9ny\u0171 f\u0171t\u0151patronok egyedi gy\u00e1rt\u00e1sa egyenletes h\u0151eloszl\u00e1shoz. Optimaliz\u00e1lt teljes\u00edtm\u00e9nys\u0171r\u0171s\u00e9g az alkalmaz\u00e1snak megfelel\u0151en.\" \/>\n<meta name=\"robots\" content=\"index, follow, max-snippet:-1, max-image-preview:large, max-video-preview:-1\" \/>\n<link rel=\"canonical\" href=\"https:\/\/www.etto.cz\/hu\/termekek\/futopatronok\/elosztott-teljesitmenyu-futopatronok\/\" \/>\n<meta property=\"og:locale\" content=\"hu_HU\" \/>\n<meta property=\"og:type\" content=\"article\" \/>\n<meta property=\"og:title\" content=\"Elosztott teljes\u00edtm\u00e9ny\u0171 f\u0171t\u0151patronok | ELEKTRON-ETTO\" \/>\n<meta property=\"og:description\" content=\"Elosztott teljes\u00edtm\u00e9ny\u0171 f\u0171t\u0151patronok egyedi gy\u00e1rt\u00e1sa egyenletes h\u0151eloszl\u00e1shoz. Optimaliz\u00e1lt teljes\u00edtm\u00e9nys\u0171r\u0171s\u00e9g az alkalmaz\u00e1snak megfelel\u0151en.\" \/>\n<meta property=\"og:url\" content=\"https:\/\/www.etto.cz\/hu\/termekek\/futopatronok\/elosztott-teljesitmenyu-futopatronok\/\" \/>\n<meta property=\"og:site_name\" content=\"ETTO\" \/>\n<meta property=\"article:modified_time\" content=\"2026-02-24T15:24:36+00:00\" \/>\n<meta property=\"og:image\" content=\"https:\/\/www.etto.cz\/wp-content\/uploads\/2016\/12\/patrona_zony.jpg\" \/>\n\t<meta property=\"og:image:width\" content=\"783\" \/>\n\t<meta property=\"og:image:height\" content=\"753\" \/>\n\t<meta property=\"og:image:type\" content=\"image\/jpeg\" \/>\n<meta name=\"twitter:card\" content=\"summary_large_image\" \/>\n<meta name=\"twitter:label1\" content=\"Becs\u00fclt olvas\u00e1si id\u0151\" \/>\n\t<meta name=\"twitter:data1\" content=\"1 perc\" \/>\n<script type=\"application\/ld+json\" class=\"yoast-schema-graph\">{\"@context\":\"https:\\\/\\\/schema.org\",\"@graph\":[{\"@type\":\"WebPage\",\"@id\":\"https:\\\/\\\/www.etto.cz\\\/elektricka-topna-telesa\\\/topne-patrony\\\/topne-patrony-se-specifikovanymi-topnymi-zonami\\\/\",\"url\":\"https:\\\/\\\/www.etto.cz\\\/elektricka-topna-telesa\\\/topne-patrony\\\/topne-patrony-se-specifikovanymi-topnymi-zonami\\\/\",\"name\":\"Elosztott teljes\u00edtm\u00e9ny\u0171 f\u0171t\u0151patronok | ELEKTRON-ETTO\",\"isPartOf\":{\"@id\":\"https:\\\/\\\/www.etto.cz\\\/#website\"},\"primaryImageOfPage\":{\"@id\":\"https:\\\/\\\/www.etto.cz\\\/elektricka-topna-telesa\\\/topne-patrony\\\/topne-patrony-se-specifikovanymi-topnymi-zonami\\\/#primaryimage\"},\"image\":{\"@id\":\"https:\\\/\\\/www.etto.cz\\\/elektricka-topna-telesa\\\/topne-patrony\\\/topne-patrony-se-specifikovanymi-topnymi-zonami\\\/#primaryimage\"},\"thumbnailUrl\":\"https:\\\/\\\/www.etto.cz\\\/wp-content\\\/uploads\\\/2016\\\/12\\\/patrona_zony.jpg\",\"datePublished\":\"2018-03-14T13:45:32+00:00\",\"dateModified\":\"2026-02-24T15:24:36+00:00\",\"description\":\"Elosztott teljes\u00edtm\u00e9ny\u0171 f\u0171t\u0151patronok egyedi gy\u00e1rt\u00e1sa egyenletes h\u0151eloszl\u00e1shoz. Optimaliz\u00e1lt teljes\u00edtm\u00e9nys\u0171r\u0171s\u00e9g az alkalmaz\u00e1snak megfelel\u0151en.\",\"breadcrumb\":{\"@id\":\"https:\\\/\\\/www.etto.cz\\\/elektricka-topna-telesa\\\/topne-patrony\\\/topne-patrony-se-specifikovanymi-topnymi-zonami\\\/#breadcrumb\"},\"inLanguage\":\"hu\",\"potentialAction\":[{\"@type\":\"ReadAction\",\"target\":[\"https:\\\/\\\/www.etto.cz\\\/elektricka-topna-telesa\\\/topne-patrony\\\/topne-patrony-se-specifikovanymi-topnymi-zonami\\\/\"]}]},{\"@type\":\"ImageObject\",\"inLanguage\":\"hu\",\"@id\":\"https:\\\/\\\/www.etto.cz\\\/elektricka-topna-telesa\\\/topne-patrony\\\/topne-patrony-se-specifikovanymi-topnymi-zonami\\\/#primaryimage\",\"url\":\"https:\\\/\\\/www.etto.cz\\\/wp-content\\\/uploads\\\/2016\\\/12\\\/patrona_zony.jpg\",\"contentUrl\":\"https:\\\/\\\/www.etto.cz\\\/wp-content\\\/uploads\\\/2016\\\/12\\\/patrona_zony.jpg\",\"width\":783,\"height\":753},{\"@type\":\"BreadcrumbList\",\"@id\":\"https:\\\/\\\/www.etto.cz\\\/elektricka-topna-telesa\\\/topne-patrony\\\/topne-patrony-se-specifikovanymi-topnymi-zonami\\\/#breadcrumb\",\"itemListElement\":[{\"@type\":\"ListItem\",\"position\":1,\"name\":\"Dom\u016f\",\"item\":\"https:\\\/\\\/www.etto.cz\\\/\"},{\"@type\":\"ListItem\",\"position\":2,\"name\":\"Elektromos f\u0171t\u0151elemek &#8211; Term\u00e9kek\",\"item\":\"https:\\\/\\\/www.etto.cz\\\/elektricka-topna-telesa\\\/\"},{\"@type\":\"ListItem\",\"position\":3,\"name\":\"F\u0171t\u0151patronok\",\"item\":\"https:\\\/\\\/www.etto.cz\\\/elektricka-topna-telesa\\\/topne-patrony\\\/\"},{\"@type\":\"ListItem\",\"position\":4,\"name\":\"Elosztott teljes\u00edtm\u00e9ny\u0171 f\u0171t\u0151patronok\"}]},{\"@type\":\"WebSite\",\"@id\":\"https:\\\/\\\/www.etto.cz\\\/#website\",\"url\":\"https:\\\/\\\/www.etto.cz\\\/\",\"name\":\"ETTO\",\"description\":\"V\u00fdroba elektrick\u00fdch topn\u00fdch t\u011bles\",\"potentialAction\":[{\"@type\":\"SearchAction\",\"target\":{\"@type\":\"EntryPoint\",\"urlTemplate\":\"https:\\\/\\\/www.etto.cz\\\/?s={search_term_string}\"},\"query-input\":{\"@type\":\"PropertyValueSpecification\",\"valueRequired\":true,\"valueName\":\"search_term_string\"}}],\"inLanguage\":\"hu\"}]}<\/script>\n<!-- \/ Yoast SEO plugin. -->","yoast_head_json":{"title":"Elosztott teljes\u00edtm\u00e9ny\u0171 f\u0171t\u0151patronok | ELEKTRON-ETTO","description":"Elosztott teljes\u00edtm\u00e9ny\u0171 f\u0171t\u0151patronok egyedi gy\u00e1rt\u00e1sa egyenletes h\u0151eloszl\u00e1shoz. Optimaliz\u00e1lt teljes\u00edtm\u00e9nys\u0171r\u0171s\u00e9g az alkalmaz\u00e1snak megfelel\u0151en.","robots":{"index":"index","follow":"follow","max-snippet":"max-snippet:-1","max-image-preview":"max-image-preview:large","max-video-preview":"max-video-preview:-1"},"canonical":"https:\/\/www.etto.cz\/hu\/termekek\/futopatronok\/elosztott-teljesitmenyu-futopatronok\/","og_locale":"hu_HU","og_type":"article","og_title":"Elosztott teljes\u00edtm\u00e9ny\u0171 f\u0171t\u0151patronok | ELEKTRON-ETTO","og_description":"Elosztott teljes\u00edtm\u00e9ny\u0171 f\u0171t\u0151patronok egyedi gy\u00e1rt\u00e1sa egyenletes h\u0151eloszl\u00e1shoz. Optimaliz\u00e1lt teljes\u00edtm\u00e9nys\u0171r\u0171s\u00e9g az alkalmaz\u00e1snak megfelel\u0151en.","og_url":"https:\/\/www.etto.cz\/hu\/termekek\/futopatronok\/elosztott-teljesitmenyu-futopatronok\/","og_site_name":"ETTO","article_modified_time":"2026-02-24T15:24:36+00:00","og_image":[{"width":783,"height":753,"url":"https:\/\/www.etto.cz\/wp-content\/uploads\/2016\/12\/patrona_zony.jpg","type":"image\/jpeg"}],"twitter_card":"summary_large_image","twitter_misc":{"Becs\u00fclt olvas\u00e1si id\u0151":"1 perc"},"schema":{"@context":"https:\/\/schema.org","@graph":[{"@type":"WebPage","@id":"https:\/\/www.etto.cz\/elektricka-topna-telesa\/topne-patrony\/topne-patrony-se-specifikovanymi-topnymi-zonami\/","url":"https:\/\/www.etto.cz\/elektricka-topna-telesa\/topne-patrony\/topne-patrony-se-specifikovanymi-topnymi-zonami\/","name":"Elosztott teljes\u00edtm\u00e9ny\u0171 f\u0171t\u0151patronok | ELEKTRON-ETTO","isPartOf":{"@id":"https:\/\/www.etto.cz\/#website"},"primaryImageOfPage":{"@id":"https:\/\/www.etto.cz\/elektricka-topna-telesa\/topne-patrony\/topne-patrony-se-specifikovanymi-topnymi-zonami\/#primaryimage"},"image":{"@id":"https:\/\/www.etto.cz\/elektricka-topna-telesa\/topne-patrony\/topne-patrony-se-specifikovanymi-topnymi-zonami\/#primaryimage"},"thumbnailUrl":"https:\/\/www.etto.cz\/wp-content\/uploads\/2016\/12\/patrona_zony.jpg","datePublished":"2018-03-14T13:45:32+00:00","dateModified":"2026-02-24T15:24:36+00:00","description":"Elosztott teljes\u00edtm\u00e9ny\u0171 f\u0171t\u0151patronok egyedi gy\u00e1rt\u00e1sa egyenletes h\u0151eloszl\u00e1shoz. Optimaliz\u00e1lt teljes\u00edtm\u00e9nys\u0171r\u0171s\u00e9g az alkalmaz\u00e1snak megfelel\u0151en.","breadcrumb":{"@id":"https:\/\/www.etto.cz\/elektricka-topna-telesa\/topne-patrony\/topne-patrony-se-specifikovanymi-topnymi-zonami\/#breadcrumb"},"inLanguage":"hu","potentialAction":[{"@type":"ReadAction","target":["https:\/\/www.etto.cz\/elektricka-topna-telesa\/topne-patrony\/topne-patrony-se-specifikovanymi-topnymi-zonami\/"]}]},{"@type":"ImageObject","inLanguage":"hu","@id":"https:\/\/www.etto.cz\/elektricka-topna-telesa\/topne-patrony\/topne-patrony-se-specifikovanymi-topnymi-zonami\/#primaryimage","url":"https:\/\/www.etto.cz\/wp-content\/uploads\/2016\/12\/patrona_zony.jpg","contentUrl":"https:\/\/www.etto.cz\/wp-content\/uploads\/2016\/12\/patrona_zony.jpg","width":783,"height":753},{"@type":"BreadcrumbList","@id":"https:\/\/www.etto.cz\/elektricka-topna-telesa\/topne-patrony\/topne-patrony-se-specifikovanymi-topnymi-zonami\/#breadcrumb","itemListElement":[{"@type":"ListItem","position":1,"name":"Dom\u016f","item":"https:\/\/www.etto.cz\/"},{"@type":"ListItem","position":2,"name":"Elektromos f\u0171t\u0151elemek &#8211; Term\u00e9kek","item":"https:\/\/www.etto.cz\/elektricka-topna-telesa\/"},{"@type":"ListItem","position":3,"name":"F\u0171t\u0151patronok","item":"https:\/\/www.etto.cz\/elektricka-topna-telesa\/topne-patrony\/"},{"@type":"ListItem","position":4,"name":"Elosztott teljes\u00edtm\u00e9ny\u0171 f\u0171t\u0151patronok"}]},{"@type":"WebSite","@id":"https:\/\/www.etto.cz\/#website","url":"https:\/\/www.etto.cz\/","name":"ETTO","description":"V\u00fdroba elektrick\u00fdch topn\u00fdch t\u011bles","potentialAction":[{"@type":"SearchAction","target":{"@type":"EntryPoint","urlTemplate":"https:\/\/www.etto.cz\/?s={search_term_string}"},"query-input":{"@type":"PropertyValueSpecification","valueRequired":true,"valueName":"search_term_string"}}],"inLanguage":"hu"}]}},"_links":{"self":[{"href":"https:\/\/www.etto.cz\/hu\/wp-json\/wp\/v2\/pages\/5813","targetHints":{"allow":["GET"]}}],"collection":[{"href":"https:\/\/www.etto.cz\/hu\/wp-json\/wp\/v2\/pages"}],"about":[{"href":"https:\/\/www.etto.cz\/hu\/wp-json\/wp\/v2\/types\/page"}],"author":[{"embeddable":true,"href":"https:\/\/www.etto.cz\/hu\/wp-json\/wp\/v2\/users\/1"}],"replies":[{"embeddable":true,"href":"https:\/\/www.etto.cz\/hu\/wp-json\/wp\/v2\/comments?post=5813"}],"version-history":[{"count":1,"href":"https:\/\/www.etto.cz\/hu\/wp-json\/wp\/v2\/pages\/5813\/revisions"}],"predecessor-version":[{"id":6054,"href":"https:\/\/www.etto.cz\/hu\/wp-json\/wp\/v2\/pages\/5813\/revisions\/6054"}],"up":[{"embeddable":true,"href":"https:\/\/www.etto.cz\/hu\/wp-json\/wp\/v2\/pages\/5823"}],"wp:featuredmedia":[{"embeddable":true,"href":"https:\/\/www.etto.cz\/hu\/wp-json\/wp\/v2\/media\/5815"}],"wp:attachment":[{"href":"https:\/\/www.etto.cz\/hu\/wp-json\/wp\/v2\/media?parent=5813"}],"curies":[{"name":"wp","href":"https:\/\/api.w.org\/{rel}","templated":true}]}}