{"id":5821,"date":"2018-03-14T14:44:35","date_gmt":"2018-03-14T13:44:35","guid":{"rendered":"https:\/\/www.etto.cz\/high-loaded-heating-cartridges\/"},"modified":"2026-02-24T16:24:37","modified_gmt":"2026-02-24T15:24:37","slug":"nagy-terhelesu-futopatronok","status":"publish","type":"page","link":"https:\/\/www.etto.cz\/hu\/termekek\/futopatronok\/nagy-terhelesu-futopatronok\/","title":{"rendered":"Nagy terhel\u00e9s\u0171 f\u0171t\u0151patronok"},"content":{"rendered":"<p style=\"text-align: justify;\">A nagy terhel\u00e9s\u0171 f\u0171t\u0151patronok kialak\u00edt\u00e1sa lehet\u0151v\u00e9 teszi sz\u00e9ls\u0151s\u00e9ges k\u00f6r\u00fclm\u00e9nyek k\u00f6z\u00f6tti alkalmaz\u00e1sukat (magas \u00fczemi h\u0151m\u00e9rs\u00e9klet, magas teljes\u00edtm\u00e9nys\u0171r\u0171s\u00e9g \u2013 ak\u00e1r 60 W\/cm<sup>2<\/sup>, kis m\u00e9retek, r\u00f6vid f\u0171tetlen v\u00e9gek), szil\u00e1rd anyagok \u00e9s g\u00e1zok f\u0171t\u00e9s\u00e9re, ahol a szigetel\u00e9s\u0171 f\u0171t\u0151rudakn\u00e1l alkalmazott egy\u00e9b technol\u00f3gi\u00e1k alkalmatlanok.<\/p>\n<p>A nagy terhel\u00e9s\u0171 f\u0171t\u0151patron fel\u00fclet\u00e9n a maxim\u00e1lis aj\u00e1nlott \u00fczemi h\u0151m\u00e9rs\u00e9klet ASI 304 k\u00f6pennyel 600 \u00b0C, AISI 309 k\u00f6pennyel 750 \u00b0C.<\/p>\n<p style=\"text-align: justify;\"><strong>A nagy terhel\u00e9s\u0171 f\u0171t\u0151patronok leggyakoribb alkalmaz\u00e1si ter\u00fcletei:<\/strong> m\u0171anyagok fr\u00f6ccs\u00f6nt\u00e9se, csomagol\u00e1stechnika, cink\u00f6nt\u00e9s, b\u00e9lyegz\u0151fel\u00fcletek f\u0171t\u00e9se, f\u00e9m alkatr\u00e9szek kontakt f\u0171t\u00e9se stb.<\/p>\n","protected":false},"excerpt":{"rendered":"<p>A nagy terhel\u00e9s\u0171 f\u0171t\u0151patronok kialak\u00edt\u00e1sa lehet\u0151v\u00e9 teszi sz\u00e9ls\u0151s\u00e9ges k\u00f6r\u00fclm\u00e9nyek k\u00f6z\u00f6tti alkalmaz\u00e1sukat (magas \u00fczemi h\u0151m\u00e9rs\u00e9klet, magas teljes\u00edtm\u00e9nys\u0171r\u0171s\u00e9g \u2013 ak\u00e1r 60 W\/cm2, kis m\u00e9retek, r\u00f6vid f\u0171tetlen v\u00e9gek), &#8230;<\/p>\n","protected":false},"author":1,"featured_media":5811,"parent":5823,"menu_order":0,"comment_status":"open","ping_status":"closed","template":"_page-menu.php","meta":{"_acf_changed":false,"ngg_post_thumbnail":0,"footnotes":"","_links_to":"","_links_to_target":""},"class_list":["post-5821","page","type-page","status-publish","has-post-thumbnail","hentry"],"acf":[],"yoast_head":"<!-- This site is optimized with the Yoast SEO plugin v27.3 - https:\/\/yoast.com\/product\/yoast-seo-wordpress\/ -->\n<title>Nagy terhel\u00e9s\u0171 f\u0171t\u0151patronok | ELEKTRON-ETTO<\/title>\n<meta name=\"description\" content=\"Nagy terhel\u00e9s\u0171 f\u0171t\u0151patronok egyedi gy\u00e1rt\u00e1sa magas teljes\u00edtm\u00e9nys\u0171r\u0171s\u00e9g\u0171 alkalmaz\u00e1sokhoz. Kiv\u00e1l\u00f3 h\u0151\u00e1tad\u00e1s \u00e9s hossz\u00fa \u00e9lettartam.\" \/>\n<meta name=\"robots\" content=\"index, follow, max-snippet:-1, max-image-preview:large, max-video-preview:-1\" \/>\n<link rel=\"canonical\" href=\"https:\/\/www.etto.cz\/hu\/termekek\/futopatronok\/nagy-terhelesu-futopatronok\/\" \/>\n<meta property=\"og:locale\" content=\"hu_HU\" \/>\n<meta property=\"og:type\" content=\"article\" \/>\n<meta property=\"og:title\" content=\"Nagy terhel\u00e9s\u0171 f\u0171t\u0151patronok | ELEKTRON-ETTO\" \/>\n<meta property=\"og:description\" content=\"Nagy terhel\u00e9s\u0171 f\u0171t\u0151patronok egyedi gy\u00e1rt\u00e1sa magas teljes\u00edtm\u00e9nys\u0171r\u0171s\u00e9g\u0171 alkalmaz\u00e1sokhoz. Kiv\u00e1l\u00f3 h\u0151\u00e1tad\u00e1s \u00e9s hossz\u00fa \u00e9lettartam.\" \/>\n<meta property=\"og:url\" content=\"https:\/\/www.etto.cz\/hu\/termekek\/futopatronok\/nagy-terhelesu-futopatronok\/\" \/>\n<meta property=\"og:site_name\" content=\"ETTO\" \/>\n<meta property=\"article:modified_time\" content=\"2026-02-24T15:24:37+00:00\" \/>\n<meta property=\"og:image\" content=\"https:\/\/www.etto.cz\/wp-content\/uploads\/2016\/12\/vysocezatizena_patr.jpg\" \/>\n\t<meta property=\"og:image:width\" content=\"800\" \/>\n\t<meta property=\"og:image:height\" content=\"800\" \/>\n\t<meta property=\"og:image:type\" content=\"image\/jpeg\" \/>\n<meta name=\"twitter:card\" content=\"summary_large_image\" \/>\n<meta name=\"twitter:label1\" content=\"Becs\u00fclt olvas\u00e1si id\u0151\" \/>\n\t<meta name=\"twitter:data1\" content=\"1 perc\" \/>\n<script type=\"application\/ld+json\" class=\"yoast-schema-graph\">{\"@context\":\"https:\\\/\\\/schema.org\",\"@graph\":[{\"@type\":\"WebPage\",\"@id\":\"https:\\\/\\\/www.etto.cz\\\/elektricka-topna-telesa\\\/topne-patrony\\\/vysocezatizene-topne-patrony\\\/\",\"url\":\"https:\\\/\\\/www.etto.cz\\\/elektricka-topna-telesa\\\/topne-patrony\\\/vysocezatizene-topne-patrony\\\/\",\"name\":\"Nagy terhel\u00e9s\u0171 f\u0171t\u0151patronok | ELEKTRON-ETTO\",\"isPartOf\":{\"@id\":\"https:\\\/\\\/www.etto.cz\\\/#website\"},\"primaryImageOfPage\":{\"@id\":\"https:\\\/\\\/www.etto.cz\\\/elektricka-topna-telesa\\\/topne-patrony\\\/vysocezatizene-topne-patrony\\\/#primaryimage\"},\"image\":{\"@id\":\"https:\\\/\\\/www.etto.cz\\\/elektricka-topna-telesa\\\/topne-patrony\\\/vysocezatizene-topne-patrony\\\/#primaryimage\"},\"thumbnailUrl\":\"https:\\\/\\\/www.etto.cz\\\/wp-content\\\/uploads\\\/2016\\\/12\\\/vysocezatizena_patr.jpg\",\"datePublished\":\"2018-03-14T13:44:35+00:00\",\"dateModified\":\"2026-02-24T15:24:37+00:00\",\"description\":\"Nagy terhel\u00e9s\u0171 f\u0171t\u0151patronok egyedi gy\u00e1rt\u00e1sa magas teljes\u00edtm\u00e9nys\u0171r\u0171s\u00e9g\u0171 alkalmaz\u00e1sokhoz. Kiv\u00e1l\u00f3 h\u0151\u00e1tad\u00e1s \u00e9s hossz\u00fa \u00e9lettartam.\",\"breadcrumb\":{\"@id\":\"https:\\\/\\\/www.etto.cz\\\/elektricka-topna-telesa\\\/topne-patrony\\\/vysocezatizene-topne-patrony\\\/#breadcrumb\"},\"inLanguage\":\"hu\",\"potentialAction\":[{\"@type\":\"ReadAction\",\"target\":[\"https:\\\/\\\/www.etto.cz\\\/elektricka-topna-telesa\\\/topne-patrony\\\/vysocezatizene-topne-patrony\\\/\"]}]},{\"@type\":\"ImageObject\",\"inLanguage\":\"hu\",\"@id\":\"https:\\\/\\\/www.etto.cz\\\/elektricka-topna-telesa\\\/topne-patrony\\\/vysocezatizene-topne-patrony\\\/#primaryimage\",\"url\":\"https:\\\/\\\/www.etto.cz\\\/wp-content\\\/uploads\\\/2016\\\/12\\\/vysocezatizena_patr.jpg\",\"contentUrl\":\"https:\\\/\\\/www.etto.cz\\\/wp-content\\\/uploads\\\/2016\\\/12\\\/vysocezatizena_patr.jpg\",\"width\":800,\"height\":800},{\"@type\":\"BreadcrumbList\",\"@id\":\"https:\\\/\\\/www.etto.cz\\\/elektricka-topna-telesa\\\/topne-patrony\\\/vysocezatizene-topne-patrony\\\/#breadcrumb\",\"itemListElement\":[{\"@type\":\"ListItem\",\"position\":1,\"name\":\"Dom\u016f\",\"item\":\"https:\\\/\\\/www.etto.cz\\\/\"},{\"@type\":\"ListItem\",\"position\":2,\"name\":\"Elektromos f\u0171t\u0151elemek &#8211; Term\u00e9kek\",\"item\":\"https:\\\/\\\/www.etto.cz\\\/elektricka-topna-telesa\\\/\"},{\"@type\":\"ListItem\",\"position\":3,\"name\":\"F\u0171t\u0151patronok\",\"item\":\"https:\\\/\\\/www.etto.cz\\\/elektricka-topna-telesa\\\/topne-patrony\\\/\"},{\"@type\":\"ListItem\",\"position\":4,\"name\":\"Nagy terhel\u00e9s\u0171 f\u0171t\u0151patronok\"}]},{\"@type\":\"WebSite\",\"@id\":\"https:\\\/\\\/www.etto.cz\\\/#website\",\"url\":\"https:\\\/\\\/www.etto.cz\\\/\",\"name\":\"ETTO\",\"description\":\"V\u00fdroba elektrick\u00fdch topn\u00fdch t\u011bles\",\"potentialAction\":[{\"@type\":\"SearchAction\",\"target\":{\"@type\":\"EntryPoint\",\"urlTemplate\":\"https:\\\/\\\/www.etto.cz\\\/?s={search_term_string}\"},\"query-input\":{\"@type\":\"PropertyValueSpecification\",\"valueRequired\":true,\"valueName\":\"search_term_string\"}}],\"inLanguage\":\"hu\"}]}<\/script>\n<!-- \/ Yoast SEO plugin. -->","yoast_head_json":{"title":"Nagy terhel\u00e9s\u0171 f\u0171t\u0151patronok | ELEKTRON-ETTO","description":"Nagy terhel\u00e9s\u0171 f\u0171t\u0151patronok egyedi gy\u00e1rt\u00e1sa magas teljes\u00edtm\u00e9nys\u0171r\u0171s\u00e9g\u0171 alkalmaz\u00e1sokhoz. Kiv\u00e1l\u00f3 h\u0151\u00e1tad\u00e1s \u00e9s hossz\u00fa \u00e9lettartam.","robots":{"index":"index","follow":"follow","max-snippet":"max-snippet:-1","max-image-preview":"max-image-preview:large","max-video-preview":"max-video-preview:-1"},"canonical":"https:\/\/www.etto.cz\/hu\/termekek\/futopatronok\/nagy-terhelesu-futopatronok\/","og_locale":"hu_HU","og_type":"article","og_title":"Nagy terhel\u00e9s\u0171 f\u0171t\u0151patronok | ELEKTRON-ETTO","og_description":"Nagy terhel\u00e9s\u0171 f\u0171t\u0151patronok egyedi gy\u00e1rt\u00e1sa magas teljes\u00edtm\u00e9nys\u0171r\u0171s\u00e9g\u0171 alkalmaz\u00e1sokhoz. Kiv\u00e1l\u00f3 h\u0151\u00e1tad\u00e1s \u00e9s hossz\u00fa \u00e9lettartam.","og_url":"https:\/\/www.etto.cz\/hu\/termekek\/futopatronok\/nagy-terhelesu-futopatronok\/","og_site_name":"ETTO","article_modified_time":"2026-02-24T15:24:37+00:00","og_image":[{"width":800,"height":800,"url":"https:\/\/www.etto.cz\/wp-content\/uploads\/2016\/12\/vysocezatizena_patr.jpg","type":"image\/jpeg"}],"twitter_card":"summary_large_image","twitter_misc":{"Becs\u00fclt olvas\u00e1si id\u0151":"1 perc"},"schema":{"@context":"https:\/\/schema.org","@graph":[{"@type":"WebPage","@id":"https:\/\/www.etto.cz\/elektricka-topna-telesa\/topne-patrony\/vysocezatizene-topne-patrony\/","url":"https:\/\/www.etto.cz\/elektricka-topna-telesa\/topne-patrony\/vysocezatizene-topne-patrony\/","name":"Nagy terhel\u00e9s\u0171 f\u0171t\u0151patronok | ELEKTRON-ETTO","isPartOf":{"@id":"https:\/\/www.etto.cz\/#website"},"primaryImageOfPage":{"@id":"https:\/\/www.etto.cz\/elektricka-topna-telesa\/topne-patrony\/vysocezatizene-topne-patrony\/#primaryimage"},"image":{"@id":"https:\/\/www.etto.cz\/elektricka-topna-telesa\/topne-patrony\/vysocezatizene-topne-patrony\/#primaryimage"},"thumbnailUrl":"https:\/\/www.etto.cz\/wp-content\/uploads\/2016\/12\/vysocezatizena_patr.jpg","datePublished":"2018-03-14T13:44:35+00:00","dateModified":"2026-02-24T15:24:37+00:00","description":"Nagy terhel\u00e9s\u0171 f\u0171t\u0151patronok egyedi gy\u00e1rt\u00e1sa magas teljes\u00edtm\u00e9nys\u0171r\u0171s\u00e9g\u0171 alkalmaz\u00e1sokhoz. Kiv\u00e1l\u00f3 h\u0151\u00e1tad\u00e1s \u00e9s hossz\u00fa \u00e9lettartam.","breadcrumb":{"@id":"https:\/\/www.etto.cz\/elektricka-topna-telesa\/topne-patrony\/vysocezatizene-topne-patrony\/#breadcrumb"},"inLanguage":"hu","potentialAction":[{"@type":"ReadAction","target":["https:\/\/www.etto.cz\/elektricka-topna-telesa\/topne-patrony\/vysocezatizene-topne-patrony\/"]}]},{"@type":"ImageObject","inLanguage":"hu","@id":"https:\/\/www.etto.cz\/elektricka-topna-telesa\/topne-patrony\/vysocezatizene-topne-patrony\/#primaryimage","url":"https:\/\/www.etto.cz\/wp-content\/uploads\/2016\/12\/vysocezatizena_patr.jpg","contentUrl":"https:\/\/www.etto.cz\/wp-content\/uploads\/2016\/12\/vysocezatizena_patr.jpg","width":800,"height":800},{"@type":"BreadcrumbList","@id":"https:\/\/www.etto.cz\/elektricka-topna-telesa\/topne-patrony\/vysocezatizene-topne-patrony\/#breadcrumb","itemListElement":[{"@type":"ListItem","position":1,"name":"Dom\u016f","item":"https:\/\/www.etto.cz\/"},{"@type":"ListItem","position":2,"name":"Elektromos f\u0171t\u0151elemek &#8211; Term\u00e9kek","item":"https:\/\/www.etto.cz\/elektricka-topna-telesa\/"},{"@type":"ListItem","position":3,"name":"F\u0171t\u0151patronok","item":"https:\/\/www.etto.cz\/elektricka-topna-telesa\/topne-patrony\/"},{"@type":"ListItem","position":4,"name":"Nagy terhel\u00e9s\u0171 f\u0171t\u0151patronok"}]},{"@type":"WebSite","@id":"https:\/\/www.etto.cz\/#website","url":"https:\/\/www.etto.cz\/","name":"ETTO","description":"V\u00fdroba elektrick\u00fdch topn\u00fdch t\u011bles","potentialAction":[{"@type":"SearchAction","target":{"@type":"EntryPoint","urlTemplate":"https:\/\/www.etto.cz\/?s={search_term_string}"},"query-input":{"@type":"PropertyValueSpecification","valueRequired":true,"valueName":"search_term_string"}}],"inLanguage":"hu"}]}},"_links":{"self":[{"href":"https:\/\/www.etto.cz\/hu\/wp-json\/wp\/v2\/pages\/5821","targetHints":{"allow":["GET"]}}],"collection":[{"href":"https:\/\/www.etto.cz\/hu\/wp-json\/wp\/v2\/pages"}],"about":[{"href":"https:\/\/www.etto.cz\/hu\/wp-json\/wp\/v2\/types\/page"}],"author":[{"embeddable":true,"href":"https:\/\/www.etto.cz\/hu\/wp-json\/wp\/v2\/users\/1"}],"replies":[{"embeddable":true,"href":"https:\/\/www.etto.cz\/hu\/wp-json\/wp\/v2\/comments?post=5821"}],"version-history":[{"count":1,"href":"https:\/\/www.etto.cz\/hu\/wp-json\/wp\/v2\/pages\/5821\/revisions"}],"predecessor-version":[{"id":6052,"href":"https:\/\/www.etto.cz\/hu\/wp-json\/wp\/v2\/pages\/5821\/revisions\/6052"}],"up":[{"embeddable":true,"href":"https:\/\/www.etto.cz\/hu\/wp-json\/wp\/v2\/pages\/5823"}],"wp:featuredmedia":[{"embeddable":true,"href":"https:\/\/www.etto.cz\/hu\/wp-json\/wp\/v2\/media\/5811"}],"wp:attachment":[{"href":"https:\/\/www.etto.cz\/hu\/wp-json\/wp\/v2\/media?parent=5821"}],"curies":[{"name":"wp","href":"https:\/\/api.w.org\/{rel}","templated":true}]}}