{"id":5823,"date":"2018-03-14T14:44:24","date_gmt":"2018-03-14T13:44:24","guid":{"rendered":"https:\/\/www.etto.cz\/products\/heating-cartridges\/"},"modified":"2026-02-24T16:24:38","modified_gmt":"2026-02-24T15:24:38","slug":"futopatronok","status":"publish","type":"page","link":"https:\/\/www.etto.cz\/hu\/termekek\/futopatronok\/","title":{"rendered":"F\u0171t\u0151patronok"},"content":{"rendered":"<p style=\"text-align: justify;\">Az elektromos f\u0171t\u0151patronok kialak\u00edt\u00e1suk szerint h\u00e1rom alapkateg\u00f3ri\u00e1ra oszthat\u00f3k.<\/p>\n<ul>\n<li>&nbsp;Nagy terhel\u00e9s\u0171 f\u0171t\u0151patronok<\/li>\n<li>&nbsp;K\u00f6zepes terhel\u00e9s\u0171 f\u0171t\u0151patronok<\/li>\n<li>&nbsp;Alacsony terhel\u00e9s\u0171 f\u0171t\u0151patronok<\/li>\n<\/ul>\n<div class=\"sub-menu\">            <a href=\"https:\/\/www.etto.cz\/hu\/termekek\/futopatronok\/nagy-terhelesu-futopatronok\/\" class=\"subitem\">\n                <span class=\"img\">\n                    <img decoding=\"async\" src=\"https:\/\/www.etto.cz\/wp-content\/uploads\/2016\/12\/vysocezatizena_patr-153x153.jpg\" alt=\"Nagy terhel\u00e9s\u0171 f\u0171t\u0151patronok\" loading=\"lazy\" \/>\n                    <span><em>Nagy terhel\u00e9s\u0171 f\u0171t\u0151patronok<\/em><\/span>\n                <\/span>\n                <strong>Nagy terhel\u00e9s\u0171 f\u0171t\u0151patronok<\/strong>\n            <\/a>\n                        <a href=\"https:\/\/www.etto.cz\/hu\/termekek\/futopatronok\/nagy-terhelesu-futopatron-beepitett-hoelemmel-es-pt100-zal\/\" class=\"subitem\">\n                <span class=\"img\">\n                    <img decoding=\"async\" src=\"https:\/\/www.etto.cz\/wp-content\/uploads\/2015\/05\/vysokozatizene-patrony-s-termoclankem-125x153.jpg\" alt=\"Nagy terhel\u00e9s\u0171 f\u0171t\u0151patron be\u00e9p\u00edtett h\u0151elemmel \u00e9s PT100-zal\" loading=\"lazy\" \/>\n                    <span><em>Nagy terhel\u00e9s\u0171 f\u0171t\u0151patron be\u00e9p\u00edtett h\u0151elemmel \u00e9s PT100-zal<\/em><\/span>\n                <\/span>\n                <strong>Nagy terhel\u00e9s\u0171 f\u0171t\u0151patron be\u00e9p\u00edtett h\u0151elemmel \u00e9s PT100-zal<\/strong>\n            <\/a>\n                        <a href=\"https:\/\/www.etto.cz\/hu\/termekek\/futopatronok\/kozepes-terhelesu-futopatronok\/\" class=\"subitem\">\n                <span class=\"img\">\n                    <img decoding=\"async\" src=\"https:\/\/www.etto.cz\/wp-content\/uploads\/2016\/12\/strednezatizena_patr-153x153.jpg\" alt=\"K\u00f6zepes terhel\u00e9s\u0171 f\u0171t\u0151patronok\" loading=\"lazy\" \/>\n                    <span><em>K\u00f6zepes terhel\u00e9s\u0171 f\u0171t\u0151patronok<\/em><\/span>\n                <\/span>\n                <strong>K\u00f6zepes terhel\u00e9s\u0171 f\u0171t\u0151patronok<\/strong>\n            <\/a>\n                        <a href=\"https:\/\/www.etto.cz\/hu\/termekek\/futopatronok\/alacsony-terhelesu-futopatronok\/\" class=\"subitem\">\n                <span class=\"img\">\n                    <img decoding=\"async\" src=\"https:\/\/www.etto.cz\/wp-content\/uploads\/2016\/12\/strednezatizena_patr-153x153.jpg\" alt=\"Alacsony terhel\u00e9s\u0171 f\u0171t\u0151patronok\" loading=\"lazy\" \/>\n                    <span><em>Alacsony terhel\u00e9s\u0171 f\u0171t\u0151patronok<\/em><\/span>\n                <\/span>\n                <strong>Alacsony terhel\u00e9s\u0171 f\u0171t\u0151patronok<\/strong>\n            <\/a>\n                        <a href=\"https:\/\/www.etto.cz\/hu\/termekek\/futopatronok\/kettos-szigetelesu-futopatronok-alacsony-szivargo-aram\/\" class=\"subitem\">\n                <span class=\"img\">\n                    <img decoding=\"async\" src=\"https:\/\/www.etto.cz\/wp-content\/uploads\/2016\/12\/vysocezatizena_patr-153x153.jpg\" alt=\"Kett\u0151s szigetel\u00e9s\u0171 f\u0171t\u0151patronok (alacsony sziv\u00e1rg\u00f3 \u00e1ram)\" loading=\"lazy\" \/>\n                    <span><em>Kett\u0151s szigetel\u00e9s\u0171 f\u0171t\u0151patronok (alacsony sziv\u00e1rg\u00f3 \u00e1ram)<\/em><\/span>\n                <\/span>\n                <strong>Kett\u0151s szigetel\u00e9s\u0171 f\u0171t\u0151patronok (alacsony sziv\u00e1rg\u00f3 \u00e1ram)<\/strong>\n            <\/a>\n                        <a href=\"https:\/\/www.etto.cz\/hu\/termekek\/futopatronok\/elosztott-teljesitmenyu-futopatronok\/\" class=\"subitem\">\n                <span class=\"img\">\n                    <img decoding=\"async\" src=\"https:\/\/www.etto.cz\/wp-content\/uploads\/2016\/12\/patrona_zony-153x147.jpg\" alt=\"Elosztott teljes\u00edtm\u00e9ny\u0171 f\u0171t\u0151patronok\" loading=\"lazy\" \/>\n                    <span><em>Elosztott teljes\u00edtm\u00e9ny\u0171 f\u0171t\u0151patronok<\/em><\/span>\n                <\/span>\n                <strong>Elosztott teljes\u00edtm\u00e9ny\u0171 f\u0171t\u0151patronok<\/strong>\n            <\/a>\n            <\/div>\n<p>&nbsp;<\/p>\n","protected":false},"excerpt":{"rendered":"<p>Az elektromos f\u0171t\u0151patronok kialak\u00edt\u00e1suk szerint h\u00e1rom alapkateg\u00f3ri\u00e1ra oszthat\u00f3k. &nbsp;Nagy terhel\u00e9s\u0171 f\u0171t\u0151patronok &nbsp;K\u00f6zepes terhel\u00e9s\u0171 f\u0171t\u0151patronok &nbsp;Alacsony terhel\u00e9s\u0171 f\u0171t\u0151patronok &nbsp;<\/p>\n","protected":false},"author":1,"featured_media":5825,"parent":5748,"menu_order":0,"comment_status":"open","ping_status":"closed","template":"_page-menu.php","meta":{"_acf_changed":false,"ngg_post_thumbnail":0,"footnotes":"","_links_to":"","_links_to_target":""},"class_list":["post-5823","page","type-page","status-publish","has-post-thumbnail","hentry"],"acf":[],"yoast_head":"<!-- This site is optimized with the Yoast SEO plugin v27.3 - https:\/\/yoast.com\/product\/yoast-seo-wordpress\/ -->\n<title>F\u0171t\u0151patronok \u2013 ipari f\u0171t\u0151patronok gy\u00e1rt\u00e1sa | ELEKTRON-ETTO<\/title>\n<meta name=\"description\" content=\"Ipari f\u0171t\u0151patronok egyedi tervez\u00e9se \u00e9s gy\u00e1rt\u00e1sa. Alacsony, k\u00f6zepes \u00e9s nagy terhel\u00e9s\u0171 f\u0171t\u0151patronok sz\u00e9les v\u00e1laszt\u00e9ka a gy\u00e1rt\u00f3t\u00f3l.\" \/>\n<meta name=\"robots\" content=\"index, follow, max-snippet:-1, max-image-preview:large, max-video-preview:-1\" \/>\n<link rel=\"canonical\" href=\"https:\/\/www.etto.cz\/hu\/termekek\/futopatronok\/elosztott-teljesitmenyu-futopatronok\/\" \/>\n<meta property=\"og:locale\" content=\"hu_HU\" \/>\n<meta property=\"og:type\" content=\"article\" \/>\n<meta property=\"og:title\" content=\"F\u0171t\u0151patronok \u2013 ipari f\u0171t\u0151patronok gy\u00e1rt\u00e1sa | ELEKTRON-ETTO\" \/>\n<meta property=\"og:description\" content=\"Ipari f\u0171t\u0151patronok egyedi tervez\u00e9se \u00e9s gy\u00e1rt\u00e1sa. Alacsony, k\u00f6zepes \u00e9s nagy terhel\u00e9s\u0171 f\u0171t\u0151patronok sz\u00e9les v\u00e1laszt\u00e9ka a gy\u00e1rt\u00f3t\u00f3l.\" \/>\n<meta property=\"og:url\" content=\"https:\/\/www.etto.cz\/hu\/termekek\/futopatronok\/elosztott-teljesitmenyu-futopatronok\/\" \/>\n<meta property=\"og:site_name\" content=\"ETTO\" \/>\n<meta property=\"article:modified_time\" content=\"2026-02-24T15:24:38+00:00\" \/>\n<meta property=\"og:image\" content=\"https:\/\/www.etto.cz\/wp-content\/uploads\/2015\/05\/topne-patrony.jpg\" \/>\n\t<meta property=\"og:image:width\" content=\"400\" \/>\n\t<meta property=\"og:image:height\" content=\"400\" \/>\n\t<meta property=\"og:image:type\" content=\"image\/jpeg\" \/>\n<meta name=\"twitter:card\" content=\"summary_large_image\" \/>\n<script type=\"application\/ld+json\" class=\"yoast-schema-graph\">{\"@context\":\"https:\\\/\\\/schema.org\",\"@graph\":[{\"@type\":\"WebPage\",\"@id\":\"https:\\\/\\\/www.etto.cz\\\/elektricka-topna-telesa\\\/topne-patrony\\\/\",\"url\":\"https:\\\/\\\/www.etto.cz\\\/elektricka-topna-telesa\\\/topne-patrony\\\/\",\"name\":\"F\u0171t\u0151patronok \u2013 ipari f\u0171t\u0151patronok gy\u00e1rt\u00e1sa | ELEKTRON-ETTO\",\"isPartOf\":{\"@id\":\"https:\\\/\\\/www.etto.cz\\\/#website\"},\"primaryImageOfPage\":{\"@id\":\"https:\\\/\\\/www.etto.cz\\\/elektricka-topna-telesa\\\/topne-patrony\\\/#primaryimage\"},\"image\":{\"@id\":\"https:\\\/\\\/www.etto.cz\\\/elektricka-topna-telesa\\\/topne-patrony\\\/#primaryimage\"},\"thumbnailUrl\":\"https:\\\/\\\/www.etto.cz\\\/wp-content\\\/uploads\\\/2015\\\/05\\\/topne-patrony.jpg\",\"datePublished\":\"2018-03-14T13:44:24+00:00\",\"dateModified\":\"2026-02-24T15:24:38+00:00\",\"description\":\"Ipari f\u0171t\u0151patronok egyedi tervez\u00e9se \u00e9s gy\u00e1rt\u00e1sa. Alacsony, k\u00f6zepes \u00e9s nagy terhel\u00e9s\u0171 f\u0171t\u0151patronok sz\u00e9les v\u00e1laszt\u00e9ka a gy\u00e1rt\u00f3t\u00f3l.\",\"breadcrumb\":{\"@id\":\"https:\\\/\\\/www.etto.cz\\\/elektricka-topna-telesa\\\/topne-patrony\\\/#breadcrumb\"},\"inLanguage\":\"hu\",\"potentialAction\":[{\"@type\":\"ReadAction\",\"target\":[\"https:\\\/\\\/www.etto.cz\\\/elektricka-topna-telesa\\\/topne-patrony\\\/\"]}]},{\"@type\":\"ImageObject\",\"inLanguage\":\"hu\",\"@id\":\"https:\\\/\\\/www.etto.cz\\\/elektricka-topna-telesa\\\/topne-patrony\\\/#primaryimage\",\"url\":\"https:\\\/\\\/www.etto.cz\\\/wp-content\\\/uploads\\\/2015\\\/05\\\/topne-patrony.jpg\",\"contentUrl\":\"https:\\\/\\\/www.etto.cz\\\/wp-content\\\/uploads\\\/2015\\\/05\\\/topne-patrony.jpg\",\"width\":400,\"height\":400},{\"@type\":\"BreadcrumbList\",\"@id\":\"https:\\\/\\\/www.etto.cz\\\/elektricka-topna-telesa\\\/topne-patrony\\\/#breadcrumb\",\"itemListElement\":[{\"@type\":\"ListItem\",\"position\":1,\"name\":\"Dom\u016f\",\"item\":\"https:\\\/\\\/www.etto.cz\\\/\"},{\"@type\":\"ListItem\",\"position\":2,\"name\":\"Elektromos f\u0171t\u0151elemek &#8211; Term\u00e9kek\",\"item\":\"https:\\\/\\\/www.etto.cz\\\/elektricka-topna-telesa\\\/\"},{\"@type\":\"ListItem\",\"position\":3,\"name\":\"F\u0171t\u0151patronok\"}]},{\"@type\":\"WebSite\",\"@id\":\"https:\\\/\\\/www.etto.cz\\\/#website\",\"url\":\"https:\\\/\\\/www.etto.cz\\\/\",\"name\":\"ETTO\",\"description\":\"V\u00fdroba elektrick\u00fdch topn\u00fdch t\u011bles\",\"potentialAction\":[{\"@type\":\"SearchAction\",\"target\":{\"@type\":\"EntryPoint\",\"urlTemplate\":\"https:\\\/\\\/www.etto.cz\\\/?s={search_term_string}\"},\"query-input\":{\"@type\":\"PropertyValueSpecification\",\"valueRequired\":true,\"valueName\":\"search_term_string\"}}],\"inLanguage\":\"hu\"}]}<\/script>\n<!-- \/ Yoast SEO plugin. -->","yoast_head_json":{"title":"F\u0171t\u0151patronok \u2013 ipari f\u0171t\u0151patronok gy\u00e1rt\u00e1sa | ELEKTRON-ETTO","description":"Ipari f\u0171t\u0151patronok egyedi tervez\u00e9se \u00e9s gy\u00e1rt\u00e1sa. Alacsony, k\u00f6zepes \u00e9s nagy terhel\u00e9s\u0171 f\u0171t\u0151patronok sz\u00e9les v\u00e1laszt\u00e9ka a gy\u00e1rt\u00f3t\u00f3l.","robots":{"index":"index","follow":"follow","max-snippet":"max-snippet:-1","max-image-preview":"max-image-preview:large","max-video-preview":"max-video-preview:-1"},"canonical":"https:\/\/www.etto.cz\/hu\/termekek\/futopatronok\/elosztott-teljesitmenyu-futopatronok\/","og_locale":"hu_HU","og_type":"article","og_title":"F\u0171t\u0151patronok \u2013 ipari f\u0171t\u0151patronok gy\u00e1rt\u00e1sa | ELEKTRON-ETTO","og_description":"Ipari f\u0171t\u0151patronok egyedi tervez\u00e9se \u00e9s gy\u00e1rt\u00e1sa. Alacsony, k\u00f6zepes \u00e9s nagy terhel\u00e9s\u0171 f\u0171t\u0151patronok sz\u00e9les v\u00e1laszt\u00e9ka a gy\u00e1rt\u00f3t\u00f3l.","og_url":"https:\/\/www.etto.cz\/hu\/termekek\/futopatronok\/elosztott-teljesitmenyu-futopatronok\/","og_site_name":"ETTO","article_modified_time":"2026-02-24T15:24:38+00:00","og_image":[{"width":400,"height":400,"url":"https:\/\/www.etto.cz\/wp-content\/uploads\/2015\/05\/topne-patrony.jpg","type":"image\/jpeg"}],"twitter_card":"summary_large_image","schema":{"@context":"https:\/\/schema.org","@graph":[{"@type":"WebPage","@id":"https:\/\/www.etto.cz\/elektricka-topna-telesa\/topne-patrony\/","url":"https:\/\/www.etto.cz\/elektricka-topna-telesa\/topne-patrony\/","name":"F\u0171t\u0151patronok \u2013 ipari f\u0171t\u0151patronok gy\u00e1rt\u00e1sa | ELEKTRON-ETTO","isPartOf":{"@id":"https:\/\/www.etto.cz\/#website"},"primaryImageOfPage":{"@id":"https:\/\/www.etto.cz\/elektricka-topna-telesa\/topne-patrony\/#primaryimage"},"image":{"@id":"https:\/\/www.etto.cz\/elektricka-topna-telesa\/topne-patrony\/#primaryimage"},"thumbnailUrl":"https:\/\/www.etto.cz\/wp-content\/uploads\/2015\/05\/topne-patrony.jpg","datePublished":"2018-03-14T13:44:24+00:00","dateModified":"2026-02-24T15:24:38+00:00","description":"Ipari f\u0171t\u0151patronok egyedi tervez\u00e9se \u00e9s gy\u00e1rt\u00e1sa. Alacsony, k\u00f6zepes \u00e9s nagy terhel\u00e9s\u0171 f\u0171t\u0151patronok sz\u00e9les v\u00e1laszt\u00e9ka a gy\u00e1rt\u00f3t\u00f3l.","breadcrumb":{"@id":"https:\/\/www.etto.cz\/elektricka-topna-telesa\/topne-patrony\/#breadcrumb"},"inLanguage":"hu","potentialAction":[{"@type":"ReadAction","target":["https:\/\/www.etto.cz\/elektricka-topna-telesa\/topne-patrony\/"]}]},{"@type":"ImageObject","inLanguage":"hu","@id":"https:\/\/www.etto.cz\/elektricka-topna-telesa\/topne-patrony\/#primaryimage","url":"https:\/\/www.etto.cz\/wp-content\/uploads\/2015\/05\/topne-patrony.jpg","contentUrl":"https:\/\/www.etto.cz\/wp-content\/uploads\/2015\/05\/topne-patrony.jpg","width":400,"height":400},{"@type":"BreadcrumbList","@id":"https:\/\/www.etto.cz\/elektricka-topna-telesa\/topne-patrony\/#breadcrumb","itemListElement":[{"@type":"ListItem","position":1,"name":"Dom\u016f","item":"https:\/\/www.etto.cz\/"},{"@type":"ListItem","position":2,"name":"Elektromos f\u0171t\u0151elemek &#8211; Term\u00e9kek","item":"https:\/\/www.etto.cz\/elektricka-topna-telesa\/"},{"@type":"ListItem","position":3,"name":"F\u0171t\u0151patronok"}]},{"@type":"WebSite","@id":"https:\/\/www.etto.cz\/#website","url":"https:\/\/www.etto.cz\/","name":"ETTO","description":"V\u00fdroba elektrick\u00fdch topn\u00fdch t\u011bles","potentialAction":[{"@type":"SearchAction","target":{"@type":"EntryPoint","urlTemplate":"https:\/\/www.etto.cz\/?s={search_term_string}"},"query-input":{"@type":"PropertyValueSpecification","valueRequired":true,"valueName":"search_term_string"}}],"inLanguage":"hu"}]}},"_links":{"self":[{"href":"https:\/\/www.etto.cz\/hu\/wp-json\/wp\/v2\/pages\/5823","targetHints":{"allow":["GET"]}}],"collection":[{"href":"https:\/\/www.etto.cz\/hu\/wp-json\/wp\/v2\/pages"}],"about":[{"href":"https:\/\/www.etto.cz\/hu\/wp-json\/wp\/v2\/types\/page"}],"author":[{"embeddable":true,"href":"https:\/\/www.etto.cz\/hu\/wp-json\/wp\/v2\/users\/1"}],"replies":[{"embeddable":true,"href":"https:\/\/www.etto.cz\/hu\/wp-json\/wp\/v2\/comments?post=5823"}],"version-history":[{"count":1,"href":"https:\/\/www.etto.cz\/hu\/wp-json\/wp\/v2\/pages\/5823\/revisions"}],"predecessor-version":[{"id":6048,"href":"https:\/\/www.etto.cz\/hu\/wp-json\/wp\/v2\/pages\/5823\/revisions\/6048"}],"up":[{"embeddable":true,"href":"https:\/\/www.etto.cz\/hu\/wp-json\/wp\/v2\/pages\/5748"}],"wp:featuredmedia":[{"embeddable":true,"href":"https:\/\/www.etto.cz\/hu\/wp-json\/wp\/v2\/media\/5825"}],"wp:attachment":[{"href":"https:\/\/www.etto.cz\/hu\/wp-json\/wp\/v2\/media?parent=5823"}],"curies":[{"name":"wp","href":"https:\/\/api.w.org\/{rel}","templated":true}]}}