{"id":5826,"date":"2018-03-14T14:44:13","date_gmt":"2018-03-14T13:44:13","guid":{"rendered":"https:\/\/www.etto.cz\/widgets\/"},"modified":"2026-02-24T16:24:38","modified_gmt":"2026-02-24T15:24:38","slug":"widgetek","status":"publish","type":"page","link":"https:\/\/www.etto.cz\/hu\/widgetek\/","title":{"rendered":"Widgetek"},"content":{"rendered":"<h1>Nagy terhel\u00e9s\u0171 f\u0171t\u0151patronok<\/h1>\n<p>Sed ut perspiciatis, unde omnis iste natus error sit voluptatem accusantium doloremque laudantium, totam rem aperiam eaque ipsa, quae ab illo inventore veritatis et quasi architecto beatae vitae dicta sunt, explicabo. Sed ut perspiciatis, unde omnis iste natus error sit voluptatem accusantium doloremque laudantium, totam rem aperiam eaque ipsa. <\/p>\n<p>Sed ut perspiciatis, unde omnis iste natus error sit voluptatem accusantium doloremque laudantium, itae dicta sunt, explicabo. <\/p>\n<h2>C\u00edm 2<\/h2>\n<p>Sed ut perspiciatis, unde omnis iste natus error sit voluptatem accusantium doloremque laudantium, itae dicta sunt, explicabo. <\/p>\n<h3>C\u00edm 3<\/h3>\n<p><a class=\"btn\" href=\"#\">Gomb<\/a> <\/p>\n<table>\n<thead>\n<tr>\n<th>Lorem ipsum<\/th>\n<th>Lorem ipsum<\/th>\n<th>Lorem ipsum<\/th>\n<\/tr>\n<\/thead>\n<tbody>\n<tr>\n<td>Lorem ipsum<\/td>\n<td>Lorem ipsum<\/td>\n<td>Lorem ipsum<\/td>\n<\/tr>\n<tr>\n<td>Lorem ipsum<\/td>\n<td>Lorem ipsum<\/td>\n<td>Lorem ipsum<\/td>\n<\/tr>\n<tr>\n<td>Lorem ipsum<\/td>\n<td>Lorem ipsum<\/td>\n<td>Lorem ipsum<\/td>\n<\/tr>\n<\/tbody>\n<\/table>\n","protected":false},"excerpt":{"rendered":"<p>Nagy terhel\u00e9s\u0171 f\u0171t\u0151patronok Sed ut perspiciatis, unde omnis iste natus error sit voluptatem accusantium doloremque laudantium, totam rem aperiam eaque ipsa, quae ab illo inventore &#8230;<\/p>\n","protected":false},"author":1,"featured_media":0,"parent":0,"menu_order":0,"comment_status":"open","ping_status":"open","template":"_page-widgets.php","meta":{"_acf_changed":false,"ngg_post_thumbnail":0,"footnotes":"","_links_to":"","_links_to_target":""},"class_list":["post-5826","page","type-page","status-publish","hentry"],"acf":[],"yoast_head":"<!-- This site is optimized with the Yoast SEO plugin v27.3 - https:\/\/yoast.com\/product\/yoast-seo-wordpress\/ -->\n<title>Widgetek - ETTO<\/title>\n<meta name=\"robots\" content=\"noindex, follow\" \/>\n<meta property=\"og:locale\" content=\"hu_HU\" \/>\n<meta property=\"og:type\" content=\"article\" \/>\n<meta property=\"og:title\" content=\"Widgetek - ETTO\" \/>\n<meta property=\"og:description\" content=\"Nagy terhel\u00e9s\u0171 f\u0171t\u0151patronok Sed ut perspiciatis, unde omnis iste natus error sit voluptatem accusantium doloremque laudantium, totam rem aperiam eaque ipsa, quae ab illo inventore ...\" \/>\n<meta property=\"og:url\" content=\"https:\/\/www.etto.cz\/hu\/widgetek\/\" \/>\n<meta property=\"og:site_name\" content=\"ETTO\" \/>\n<meta property=\"article:modified_time\" content=\"2026-02-24T15:24:38+00:00\" \/>\n<meta property=\"og:image\" content=\"https:\/\/www.etto.cz\/hu\/wp-content\/gallery\/prumyslova-telesa\/teleso-kotel.jpg\" \/>\n<meta name=\"twitter:card\" content=\"summary_large_image\" \/>\n<meta name=\"twitter:label1\" content=\"Becs\u00fclt olvas\u00e1si id\u0151\" \/>\n\t<meta name=\"twitter:data1\" content=\"1 perc\" \/>\n<script type=\"application\/ld+json\" class=\"yoast-schema-graph\">{\"@context\":\"https:\\\/\\\/schema.org\",\"@graph\":[{\"@type\":\"WebPage\",\"@id\":\"https:\\\/\\\/www.etto.cz\\\/widgety\\\/\",\"url\":\"https:\\\/\\\/www.etto.cz\\\/widgety\\\/\",\"name\":\"Widgetek - ETTO\",\"isPartOf\":{\"@id\":\"https:\\\/\\\/www.etto.cz\\\/#website\"},\"datePublished\":\"2018-03-14T13:44:13+00:00\",\"dateModified\":\"2026-02-24T15:24:38+00:00\",\"breadcrumb\":{\"@id\":\"https:\\\/\\\/www.etto.cz\\\/widgety\\\/#breadcrumb\"},\"inLanguage\":\"hu\",\"potentialAction\":[{\"@type\":\"ReadAction\",\"target\":[\"https:\\\/\\\/www.etto.cz\\\/widgety\\\/\"]}]},{\"@type\":\"BreadcrumbList\",\"@id\":\"https:\\\/\\\/www.etto.cz\\\/widgety\\\/#breadcrumb\",\"itemListElement\":[{\"@type\":\"ListItem\",\"position\":1,\"name\":\"Dom\u016f\",\"item\":\"https:\\\/\\\/www.etto.cz\\\/\"},{\"@type\":\"ListItem\",\"position\":2,\"name\":\"Widgetek\"}]},{\"@type\":\"WebSite\",\"@id\":\"https:\\\/\\\/www.etto.cz\\\/#website\",\"url\":\"https:\\\/\\\/www.etto.cz\\\/\",\"name\":\"ETTO\",\"description\":\"V\u00fdroba elektrick\u00fdch topn\u00fdch t\u011bles\",\"potentialAction\":[{\"@type\":\"SearchAction\",\"target\":{\"@type\":\"EntryPoint\",\"urlTemplate\":\"https:\\\/\\\/www.etto.cz\\\/?s={search_term_string}\"},\"query-input\":{\"@type\":\"PropertyValueSpecification\",\"valueRequired\":true,\"valueName\":\"search_term_string\"}}],\"inLanguage\":\"hu\"}]}<\/script>\n<!-- \/ Yoast SEO plugin. -->","yoast_head_json":{"title":"Widgetek - ETTO","robots":{"index":"noindex","follow":"follow"},"og_locale":"hu_HU","og_type":"article","og_title":"Widgetek - ETTO","og_description":"Nagy terhel\u00e9s\u0171 f\u0171t\u0151patronok Sed ut perspiciatis, unde omnis iste natus error sit voluptatem accusantium doloremque laudantium, totam rem aperiam eaque ipsa, quae ab illo inventore ...","og_url":"https:\/\/www.etto.cz\/hu\/widgetek\/","og_site_name":"ETTO","article_modified_time":"2026-02-24T15:24:38+00:00","og_image":[{"url":"https:\/\/www.etto.cz\/hu\/wp-content\/gallery\/prumyslova-telesa\/teleso-kotel.jpg","type":"","width":"","height":""}],"twitter_card":"summary_large_image","twitter_misc":{"Becs\u00fclt olvas\u00e1si id\u0151":"1 perc"},"schema":{"@context":"https:\/\/schema.org","@graph":[{"@type":"WebPage","@id":"https:\/\/www.etto.cz\/widgety\/","url":"https:\/\/www.etto.cz\/widgety\/","name":"Widgetek - ETTO","isPartOf":{"@id":"https:\/\/www.etto.cz\/#website"},"datePublished":"2018-03-14T13:44:13+00:00","dateModified":"2026-02-24T15:24:38+00:00","breadcrumb":{"@id":"https:\/\/www.etto.cz\/widgety\/#breadcrumb"},"inLanguage":"hu","potentialAction":[{"@type":"ReadAction","target":["https:\/\/www.etto.cz\/widgety\/"]}]},{"@type":"BreadcrumbList","@id":"https:\/\/www.etto.cz\/widgety\/#breadcrumb","itemListElement":[{"@type":"ListItem","position":1,"name":"Dom\u016f","item":"https:\/\/www.etto.cz\/"},{"@type":"ListItem","position":2,"name":"Widgetek"}]},{"@type":"WebSite","@id":"https:\/\/www.etto.cz\/#website","url":"https:\/\/www.etto.cz\/","name":"ETTO","description":"V\u00fdroba elektrick\u00fdch topn\u00fdch t\u011bles","potentialAction":[{"@type":"SearchAction","target":{"@type":"EntryPoint","urlTemplate":"https:\/\/www.etto.cz\/?s={search_term_string}"},"query-input":{"@type":"PropertyValueSpecification","valueRequired":true,"valueName":"search_term_string"}}],"inLanguage":"hu"}]}},"_links":{"self":[{"href":"https:\/\/www.etto.cz\/hu\/wp-json\/wp\/v2\/pages\/5826","targetHints":{"allow":["GET"]}}],"collection":[{"href":"https:\/\/www.etto.cz\/hu\/wp-json\/wp\/v2\/pages"}],"about":[{"href":"https:\/\/www.etto.cz\/hu\/wp-json\/wp\/v2\/types\/page"}],"author":[{"embeddable":true,"href":"https:\/\/www.etto.cz\/hu\/wp-json\/wp\/v2\/users\/1"}],"replies":[{"embeddable":true,"href":"https:\/\/www.etto.cz\/hu\/wp-json\/wp\/v2\/comments?post=5826"}],"version-history":[{"count":1,"href":"https:\/\/www.etto.cz\/hu\/wp-json\/wp\/v2\/pages\/5826\/revisions"}],"predecessor-version":[{"id":6046,"href":"https:\/\/www.etto.cz\/hu\/wp-json\/wp\/v2\/pages\/5826\/revisions\/6046"}],"wp:attachment":[{"href":"https:\/\/www.etto.cz\/hu\/wp-json\/wp\/v2\/media?parent=5826"}],"curies":[{"name":"wp","href":"https:\/\/api.w.org\/{rel}","templated":true}]}}