{"id":6221,"date":"2026-05-05T13:00:34","date_gmt":"2026-05-05T12:00:34","guid":{"rendered":"https:\/\/www.etto.cz\/cookies-2\/"},"modified":"2026-05-05T13:00:34","modified_gmt":"2026-05-05T12:00:34","slug":"cookies","status":"publish","type":"page","link":"https:\/\/www.etto.cz\/hu\/cookies\/","title":{"rendered":"Cookie-k"},"content":{"rendered":"<h2>Milyen cookie-kat haszn\u00e1lunk<\/h2>\n<h3>Sz\u00fcks\u00e9ges cookie-k<\/h3>\n<p>Ezek a cookie-k elengedhetetlenek a weboldal megfelel\u0151 m\u0171k\u00f6d\u00e9s\u00e9hez. Nem kapcsolhat\u00f3k ki.<\/p>\n<table>\n<thead>\n<tr>\n<th>Cookie<\/th>\n<th>C\u00e9l<\/th>\n<th>Lej\u00e1rat<\/th>\n<\/tr>\n<\/thead>\n<tbody>\n<tr>\n<td><strong>wp-wpml_current_language<\/strong><\/td>\n<td>T\u00e1rolja a weboldal kiv\u00e1lasztott nyelvi verzi\u00f3j\u00e1t.<\/td>\n<td>Session<\/td>\n<\/tr>\n<tr>\n<td><strong>etto_consent<\/strong><\/td>\n<td>R\u00f6gz\u00edti a cookie-be\u00e1ll\u00edt\u00e1st.<\/td>\n<td>1 \u00e9v<\/td>\n<\/tr>\n<\/tbody>\n<\/table>\n<h3>Analitikai cookie-k<\/h3>\n<p>Ezek a cookie-k seg\u00edtenek meg\u00e9rteni, hogyan haszn\u00e1lj\u00e1k a l\u00e1togat\u00f3k a weboldalt. Az adatok anonimek. <strong>Csak az \u00d6n hozz\u00e1j\u00e1rul\u00e1s\u00e1val<\/strong> ker\u00fclnek be\u00e1ll\u00edt\u00e1sra.<\/p>\n<table>\n<thead>\n<tr>\n<th>Cookie<\/th>\n<th>C\u00e9l<\/th>\n<th>Lej\u00e1rat<\/th>\n<th>Szolg\u00e1ltat\u00f3<\/th>\n<\/tr>\n<\/thead>\n<tbody>\n<tr>\n<td><strong>_ga<\/strong><\/td>\n<td>Megk\u00fcl\u00f6nb\u00f6zteti az egyedi l\u00e1togat\u00f3kat.<\/td>\n<td>2 \u00e9v<\/td>\n<td>Google Analytics<\/td>\n<\/tr>\n<tr>\n<td><strong>_gid<\/strong><\/td>\n<td>Megk\u00fcl\u00f6nb\u00f6zteti a l\u00e1togat\u00f3kat egy napon bel\u00fcl.<\/td>\n<td>24 \u00f3ra<\/td>\n<td>Google Analytics<\/td>\n<\/tr>\n<tr>\n<td><strong>_ga_*<\/strong><\/td>\n<td>Fenntartja a GA4 munkamenet \u00e1llapot\u00e1t.<\/td>\n<td>2 \u00e9v<\/td>\n<td>Google Analytics<\/td>\n<\/tr>\n<\/tbody>\n<\/table>\n<h3>Rekl\u00e1m cookie-k<\/h3>\n<p>Nem haszn\u00e1lunk rekl\u00e1m cookie-kat.<\/p>\n<h2>Be\u00e1ll\u00edt\u00e1sok m\u00f3dos\u00edt\u00e1sa<\/h2>\n<p>V\u00e1laszt\u00e1s\u00e1t b\u00e1rmikor megv\u00e1ltoztathatja a b\u00f6ng\u00e9sz\u0151 cookie-jainak t\u00f6rl\u00e9s\u00e9vel \u2014 a k\u00f6vetkez\u0151 l\u00e1togat\u00e1skor a banner \u00fajra megjelenik.<\/p>\n<h2>Tov\u00e1bbi inform\u00e1ci\u00f3<\/h2>\n<p>A szem\u00e9lyes adatok feldolgoz\u00e1s\u00e1r\u00f3l r\u00e9szleteket az <a href=\"\/wp-content\/uploads\/2026\/05\/GDPR_05.05.2026_HU.pdf\" target=\"_blank\" rel=\"noopener\">Adatv\u00e9delmi szab\u00e1lyzat (GDPR)<\/a> dokumentumban tal\u00e1l.<\/p>\n<p>K\u00e9rd\u00e9s eset\u00e9n forduljon hozz\u00e1nk: <a href=\"mailto:info@etto.cz\">info@etto.cz<\/a>.<\/p>\n","protected":false},"excerpt":{"rendered":"<p>Milyen cookie-kat haszn\u00e1lunk Sz\u00fcks\u00e9ges cookie-k Ezek a cookie-k elengedhetetlenek a weboldal megfelel\u0151 m\u0171k\u00f6d\u00e9s\u00e9hez. Nem kapcsolhat\u00f3k ki. Cookie C\u00e9l Lej\u00e1rat wp-wpml_current_language T\u00e1rolja a weboldal kiv\u00e1lasztott nyelvi &#8230;<\/p>\n","protected":false},"author":1,"featured_media":0,"parent":0,"menu_order":0,"comment_status":"closed","ping_status":"closed","template":"","meta":{"_acf_changed":false,"ngg_post_thumbnail":0,"footnotes":"","_links_to":"","_links_to_target":""},"class_list":["post-6221","page","type-page","status-publish","hentry"],"acf":[],"yoast_head":"<!-- This site is optimized with the Yoast SEO plugin v27.6 - https:\/\/yoast.com\/product\/yoast-seo-wordpress\/ -->\n<title>Cookie-k - ETTO<\/title>\n<meta name=\"robots\" content=\"index, follow, max-snippet:-1, max-image-preview:large, max-video-preview:-1\" \/>\n<link rel=\"canonical\" href=\"https:\/\/www.etto.cz\/hu\/cookies\/\" \/>\n<meta property=\"og:locale\" content=\"hu_HU\" \/>\n<meta property=\"og:type\" content=\"article\" \/>\n<meta property=\"og:title\" content=\"Cookie-k - ETTO\" \/>\n<meta property=\"og:description\" content=\"Milyen cookie-kat haszn\u00e1lunk Sz\u00fcks\u00e9ges cookie-k Ezek a cookie-k elengedhetetlenek a weboldal megfelel\u0151 m\u0171k\u00f6d\u00e9s\u00e9hez. Nem kapcsolhat\u00f3k ki. Cookie C\u00e9l Lej\u00e1rat wp-wpml_current_language T\u00e1rolja a weboldal kiv\u00e1lasztott nyelvi ...\" \/>\n<meta property=\"og:url\" content=\"https:\/\/www.etto.cz\/hu\/cookies\/\" \/>\n<meta property=\"og:site_name\" content=\"ETTO\" \/>\n<meta property=\"og:image\" content=\"https:\/\/www.etto.cz\/hu\/wp-content\/gallery\/prumyslova-telesa\/teleso-kotel.jpg\" \/>\n<meta name=\"twitter:card\" content=\"summary_large_image\" \/>\n<meta name=\"twitter:label1\" content=\"Becs\u00fclt olvas\u00e1si id\u0151\" \/>\n\t<meta name=\"twitter:data1\" content=\"1 perc\" \/>\n<script type=\"application\/ld+json\" class=\"yoast-schema-graph\">{\"@context\":\"https:\\\/\\\/schema.org\",\"@graph\":[{\"@type\":\"WebPage\",\"@id\":\"https:\\\/\\\/www.etto.cz\\\/cookies-2\\\/\",\"url\":\"https:\\\/\\\/www.etto.cz\\\/cookies-2\\\/\",\"name\":\"Cookie-k - ETTO\",\"isPartOf\":{\"@id\":\"https:\\\/\\\/www.etto.cz\\\/#website\"},\"datePublished\":\"2026-05-05T12:00:34+00:00\",\"breadcrumb\":{\"@id\":\"https:\\\/\\\/www.etto.cz\\\/cookies-2\\\/#breadcrumb\"},\"inLanguage\":\"hu\",\"potentialAction\":[{\"@type\":\"ReadAction\",\"target\":[\"https:\\\/\\\/www.etto.cz\\\/cookies-2\\\/\"]}]},{\"@type\":\"BreadcrumbList\",\"@id\":\"https:\\\/\\\/www.etto.cz\\\/cookies-2\\\/#breadcrumb\",\"itemListElement\":[{\"@type\":\"ListItem\",\"position\":1,\"name\":\"Dom\u016f\",\"item\":\"https:\\\/\\\/www.etto.cz\\\/\"},{\"@type\":\"ListItem\",\"position\":2,\"name\":\"Cookie-k\"}]},{\"@type\":\"WebSite\",\"@id\":\"https:\\\/\\\/www.etto.cz\\\/#website\",\"url\":\"https:\\\/\\\/www.etto.cz\\\/\",\"name\":\"ETTO\",\"description\":\"V\u00fdroba elektrick\u00fdch topn\u00fdch t\u011bles\",\"potentialAction\":[{\"@type\":\"SearchAction\",\"target\":{\"@type\":\"EntryPoint\",\"urlTemplate\":\"https:\\\/\\\/www.etto.cz\\\/?s={search_term_string}\"},\"query-input\":{\"@type\":\"PropertyValueSpecification\",\"valueRequired\":true,\"valueName\":\"search_term_string\"}}],\"inLanguage\":\"hu\"}]}<\/script>\n<!-- \/ Yoast SEO plugin. -->","yoast_head_json":{"title":"Cookie-k - ETTO","robots":{"index":"index","follow":"follow","max-snippet":"max-snippet:-1","max-image-preview":"max-image-preview:large","max-video-preview":"max-video-preview:-1"},"canonical":"https:\/\/www.etto.cz\/hu\/cookies\/","og_locale":"hu_HU","og_type":"article","og_title":"Cookie-k - ETTO","og_description":"Milyen cookie-kat haszn\u00e1lunk Sz\u00fcks\u00e9ges cookie-k Ezek a cookie-k elengedhetetlenek a weboldal megfelel\u0151 m\u0171k\u00f6d\u00e9s\u00e9hez. Nem kapcsolhat\u00f3k ki. Cookie C\u00e9l Lej\u00e1rat wp-wpml_current_language T\u00e1rolja a weboldal kiv\u00e1lasztott nyelvi ...","og_url":"https:\/\/www.etto.cz\/hu\/cookies\/","og_site_name":"ETTO","og_image":[{"url":"https:\/\/www.etto.cz\/hu\/wp-content\/gallery\/prumyslova-telesa\/teleso-kotel.jpg","type":"","width":"","height":""}],"twitter_card":"summary_large_image","twitter_misc":{"Becs\u00fclt olvas\u00e1si id\u0151":"1 perc"},"schema":{"@context":"https:\/\/schema.org","@graph":[{"@type":"WebPage","@id":"https:\/\/www.etto.cz\/cookies-2\/","url":"https:\/\/www.etto.cz\/cookies-2\/","name":"Cookie-k - ETTO","isPartOf":{"@id":"https:\/\/www.etto.cz\/#website"},"datePublished":"2026-05-05T12:00:34+00:00","breadcrumb":{"@id":"https:\/\/www.etto.cz\/cookies-2\/#breadcrumb"},"inLanguage":"hu","potentialAction":[{"@type":"ReadAction","target":["https:\/\/www.etto.cz\/cookies-2\/"]}]},{"@type":"BreadcrumbList","@id":"https:\/\/www.etto.cz\/cookies-2\/#breadcrumb","itemListElement":[{"@type":"ListItem","position":1,"name":"Dom\u016f","item":"https:\/\/www.etto.cz\/"},{"@type":"ListItem","position":2,"name":"Cookie-k"}]},{"@type":"WebSite","@id":"https:\/\/www.etto.cz\/#website","url":"https:\/\/www.etto.cz\/","name":"ETTO","description":"V\u00fdroba elektrick\u00fdch topn\u00fdch t\u011bles","potentialAction":[{"@type":"SearchAction","target":{"@type":"EntryPoint","urlTemplate":"https:\/\/www.etto.cz\/?s={search_term_string}"},"query-input":{"@type":"PropertyValueSpecification","valueRequired":true,"valueName":"search_term_string"}}],"inLanguage":"hu"}]}},"_links":{"self":[{"href":"https:\/\/www.etto.cz\/hu\/wp-json\/wp\/v2\/pages\/6221","targetHints":{"allow":["GET"]}}],"collection":[{"href":"https:\/\/www.etto.cz\/hu\/wp-json\/wp\/v2\/pages"}],"about":[{"href":"https:\/\/www.etto.cz\/hu\/wp-json\/wp\/v2\/types\/page"}],"author":[{"embeddable":true,"href":"https:\/\/www.etto.cz\/hu\/wp-json\/wp\/v2\/users\/1"}],"replies":[{"embeddable":true,"href":"https:\/\/www.etto.cz\/hu\/wp-json\/wp\/v2\/comments?post=6221"}],"version-history":[{"count":0,"href":"https:\/\/www.etto.cz\/hu\/wp-json\/wp\/v2\/pages\/6221\/revisions"}],"wp:attachment":[{"href":"https:\/\/www.etto.cz\/hu\/wp-json\/wp\/v2\/media?parent=6221"}],"curies":[{"name":"wp","href":"https:\/\/api.w.org\/{rel}","templated":true}]}}