{"id":6093,"date":"2026-04-15T09:40:59","date_gmt":"2026-04-15T08:40:59","guid":{"rendered":""},"modified":"2026-04-15T09:40:59","modified_gmt":"2026-04-15T08:40:59","slug":"homepage","status":"publish","type":"page","link":"https:\/\/www.etto.cz\/pl\/","title":{"rendered":"ETTO &#8211; Projektowanie i produkcja element\u00f3w grzejnych"},"content":{"rendered":" <p><br><\/p> ","protected":false},"excerpt":{"rendered":"","protected":false},"author":1,"featured_media":0,"parent":0,"menu_order":0,"comment_status":"closed","ping_status":"closed","template":"_home.php","meta":{"_acf_changed":false,"ngg_post_thumbnail":0,"footnotes":"","_links_to":"","_links_to_target":""},"class_list":["post-6093","page","type-page","status-publish","hentry"],"acf":[],"yoast_head":"<!-- This site is optimized with the Yoast SEO plugin v27.4 - https:\/\/yoast.com\/product\/yoast-seo-wordpress\/ -->\n<title>ETTO - Projektowanie i produkcja elektrycznych elementow grzejnych<\/title>\n<meta name=\"description\" content=\"Producent elektrycznych oporowych elementow grzejnych: grzalki patronowe, grzalki rurkowe, grzalki opaskowe, promienniki podczerwieni.\" \/>\n<meta name=\"robots\" content=\"index, follow, max-snippet:-1, max-image-preview:large, max-video-preview:-1\" \/>\n<link rel=\"canonical\" href=\"https:\/\/www.etto.cz\/pl\/\" \/>\n<meta property=\"og:locale\" content=\"pl_PL\" \/>\n<meta property=\"og:type\" content=\"article\" \/>\n<meta property=\"og:title\" content=\"ETTO - Projektowanie i produkcja elektrycznych elementow grzejnych\" \/>\n<meta property=\"og:description\" content=\"Producent elektrycznych oporowych elementow grzejnych: grzalki patronowe, grzalki rurkowe, grzalki opaskowe, promienniki podczerwieni.\" \/>\n<meta property=\"og:url\" content=\"https:\/\/www.etto.cz\/pl\/\" \/>\n<meta property=\"og:site_name\" content=\"ETTO\" \/>\n<meta property=\"og:image\" content=\"https:\/\/www.etto.cz\/pl\/wp-content\/gallery\/prumyslova-telesa\/teleso-kotel.jpg\" \/>\n<meta name=\"twitter:card\" content=\"summary_large_image\" \/>\n<script type=\"application\/ld+json\" class=\"yoast-schema-graph\">{\"@context\":\"https:\\\/\\\/schema.org\",\"@graph\":[{\"@type\":\"WebPage\",\"@id\":\"https:\\\/\\\/www.etto.cz\\\/\",\"url\":\"https:\\\/\\\/www.etto.cz\\\/\",\"name\":\"ETTO - Projektowanie i produkcja elektrycznych elementow grzejnych\",\"isPartOf\":{\"@id\":\"https:\\\/\\\/www.etto.cz\\\/#website\"},\"datePublished\":\"2026-04-15T08:40:59+00:00\",\"description\":\"Producent elektrycznych oporowych elementow grzejnych: grzalki patronowe, grzalki rurkowe, grzalki opaskowe, promienniki podczerwieni.\",\"breadcrumb\":{\"@id\":\"https:\\\/\\\/www.etto.cz\\\/#breadcrumb\"},\"inLanguage\":\"pl-PL\",\"potentialAction\":[{\"@type\":\"ReadAction\",\"target\":[\"https:\\\/\\\/www.etto.cz\\\/\"]}]},{\"@type\":\"BreadcrumbList\",\"@id\":\"https:\\\/\\\/www.etto.cz\\\/#breadcrumb\",\"itemListElement\":[{\"@type\":\"ListItem\",\"position\":1,\"name\":\"Dom\u016f\",\"item\":\"https:\\\/\\\/www.etto.cz\\\/\"},{\"@type\":\"ListItem\",\"position\":2,\"name\":\"ETTO &#8211; Projektowanie i produkcja element\u00f3w grzejnych\"}]},{\"@type\":\"WebSite\",\"@id\":\"https:\\\/\\\/www.etto.cz\\\/#website\",\"url\":\"https:\\\/\\\/www.etto.cz\\\/\",\"name\":\"ETTO\",\"description\":\"V\u00fdroba elektrick\u00fdch topn\u00fdch t\u011bles\",\"potentialAction\":[{\"@type\":\"SearchAction\",\"target\":{\"@type\":\"EntryPoint\",\"urlTemplate\":\"https:\\\/\\\/www.etto.cz\\\/?s={search_term_string}\"},\"query-input\":{\"@type\":\"PropertyValueSpecification\",\"valueRequired\":true,\"valueName\":\"search_term_string\"}}],\"inLanguage\":\"pl-PL\"}]}<\/script>\n<!-- \/ Yoast SEO plugin. -->","yoast_head_json":{"title":"ETTO - Projektowanie i produkcja elektrycznych elementow grzejnych","description":"Producent elektrycznych oporowych elementow grzejnych: grzalki patronowe, grzalki rurkowe, grzalki opaskowe, promienniki podczerwieni.","robots":{"index":"index","follow":"follow","max-snippet":"max-snippet:-1","max-image-preview":"max-image-preview:large","max-video-preview":"max-video-preview:-1"},"canonical":"https:\/\/www.etto.cz\/pl\/","og_locale":"pl_PL","og_type":"article","og_title":"ETTO - Projektowanie i produkcja elektrycznych elementow grzejnych","og_description":"Producent elektrycznych oporowych elementow grzejnych: grzalki patronowe, grzalki rurkowe, grzalki opaskowe, promienniki podczerwieni.","og_url":"https:\/\/www.etto.cz\/pl\/","og_site_name":"ETTO","og_image":[{"url":"https:\/\/www.etto.cz\/pl\/wp-content\/gallery\/prumyslova-telesa\/teleso-kotel.jpg","type":"","width":"","height":""}],"twitter_card":"summary_large_image","schema":{"@context":"https:\/\/schema.org","@graph":[{"@type":"WebPage","@id":"https:\/\/www.etto.cz\/","url":"https:\/\/www.etto.cz\/","name":"ETTO - Projektowanie i produkcja elektrycznych elementow grzejnych","isPartOf":{"@id":"https:\/\/www.etto.cz\/#website"},"datePublished":"2026-04-15T08:40:59+00:00","description":"Producent elektrycznych oporowych elementow grzejnych: grzalki patronowe, grzalki rurkowe, grzalki opaskowe, promienniki podczerwieni.","breadcrumb":{"@id":"https:\/\/www.etto.cz\/#breadcrumb"},"inLanguage":"pl-PL","potentialAction":[{"@type":"ReadAction","target":["https:\/\/www.etto.cz\/"]}]},{"@type":"BreadcrumbList","@id":"https:\/\/www.etto.cz\/#breadcrumb","itemListElement":[{"@type":"ListItem","position":1,"name":"Dom\u016f","item":"https:\/\/www.etto.cz\/"},{"@type":"ListItem","position":2,"name":"ETTO &#8211; Projektowanie i produkcja element\u00f3w grzejnych"}]},{"@type":"WebSite","@id":"https:\/\/www.etto.cz\/#website","url":"https:\/\/www.etto.cz\/","name":"ETTO","description":"V\u00fdroba elektrick\u00fdch topn\u00fdch t\u011bles","potentialAction":[{"@type":"SearchAction","target":{"@type":"EntryPoint","urlTemplate":"https:\/\/www.etto.cz\/?s={search_term_string}"},"query-input":{"@type":"PropertyValueSpecification","valueRequired":true,"valueName":"search_term_string"}}],"inLanguage":"pl-PL"}]}},"_links":{"self":[{"href":"https:\/\/www.etto.cz\/pl\/wp-json\/wp\/v2\/pages\/6093","targetHints":{"allow":["GET"]}}],"collection":[{"href":"https:\/\/www.etto.cz\/pl\/wp-json\/wp\/v2\/pages"}],"about":[{"href":"https:\/\/www.etto.cz\/pl\/wp-json\/wp\/v2\/types\/page"}],"author":[{"embeddable":true,"href":"https:\/\/www.etto.cz\/pl\/wp-json\/wp\/v2\/users\/1"}],"replies":[{"embeddable":true,"href":"https:\/\/www.etto.cz\/pl\/wp-json\/wp\/v2\/comments?post=6093"}],"version-history":[{"count":0,"href":"https:\/\/www.etto.cz\/pl\/wp-json\/wp\/v2\/pages\/6093\/revisions"}],"wp:attachment":[{"href":"https:\/\/www.etto.cz\/pl\/wp-json\/wp\/v2\/media?parent=6093"}],"curies":[{"name":"wp","href":"https:\/\/api.w.org\/{rel}","templated":true}]}}