{"id":6094,"date":"2026-04-15T09:40:59","date_gmt":"2026-04-15T08:40:59","guid":{"rendered":""},"modified":"2026-04-15T09:40:59","modified_gmt":"2026-04-15T08:40:59","slug":"elektryczne-elementy-grzejne","status":"publish","type":"page","link":"https:\/\/www.etto.cz\/pl\/elektryczne-elementy-grzejne\/","title":{"rendered":"Elektryczne elementy grzejne &#8211; produkty"},"content":{"rendered":"<p style=\"font-size: 16px;\">ELEKTRON-ETTO, s.r.o. projektuje i produkuje elektryczne elementy grzejne do zastosowa\u0144 przemys\u0142owych, komercyjnych i specjalnych.<\/p>\n<p><div class=\"sub-menu\">            <a href=\"https:\/\/www.etto.cz\/pl\/elektryczne-elementy-grzejne\/grzalki-patronowe\/\" class=\"subitem\">\n                <span class=\"img\">\n                    <img decoding=\"async\" src=\"https:\/\/www.etto.cz\/wp-content\/uploads\/2015\/05\/topne-patrony-153x153.jpg\" alt=\"Grza\u0142ki patronowe\" loading=\"lazy\" \/>\n                    <span><em>Grza\u0142ki patronowe<\/em><\/span>\n                <\/span>\n                <strong>Grza\u0142ki patronowe<\/strong>\n            <\/a>\n                        <a href=\"https:\/\/www.etto.cz\/pl\/elektryczne-elementy-grzejne\/grzalki-rurkowe\/\" class=\"subitem\">\n                <span class=\"img\">\n                    <img decoding=\"async\" src=\"https:\/\/www.etto.cz\/wp-content\/uploads\/2015\/05\/trubkova-topna-telesa-153x153.jpg\" alt=\"Grza\u0142ki rurkowe\" loading=\"lazy\" \/>\n                    <span><em>Grza\u0142ki rurkowe<\/em><\/span>\n                <\/span>\n                <strong>Grza\u0142ki rurkowe<\/strong>\n            <\/a>\n                        <a href=\"https:\/\/www.etto.cz\/pl\/elektryczne-elementy-grzejne\/grzalki-rurkowe-plaskie\/\" class=\"subitem\">\n                <span class=\"img\">\n                    <img decoding=\"async\" src=\"https:\/\/www.etto.cz\/wp-content\/uploads\/2016\/12\/maximka_b2-153x153.jpg\" alt=\"Grza\u0142ki rurkowe p\u0142askie\" loading=\"lazy\" \/>\n                    <span><em>Grza\u0142ki rurkowe p\u0142askie<\/em><\/span>\n                <\/span>\n                <strong>Grza\u0142ki rurkowe p\u0142askie<\/strong>\n            <\/a>\n                        <a href=\"https:\/\/www.etto.cz\/pl\/elementy-grzejne-wg-zastosowania\/technologia-goracego-powietrza-tutco-sureheat\/\" class=\"subitem\">\n                <span class=\"img\">\n                    <img decoding=\"async\" src=\"https:\/\/www.etto.cz\/wp-content\/uploads\/2025\/04\/closedloopintelligentairheaters_360_267_int_s-2-153x153.png\" alt=\"Tutco SureHeat \u2014 technologia gor\u0105cego powietrza\" loading=\"lazy\" \/>\n                    <span><em>Tutco SureHeat \u2014 technologia gor\u0105cego powietrza<\/em><\/span>\n                <\/span>\n                <strong>Tutco SureHeat \u2014 technologia gor\u0105cego powietrza<\/strong>\n            <\/a>\n                        <a href=\"https:\/\/www.etto.cz\/pl\/elektryczne-elementy-grzejne\/grzalki-opaskowe\/\" class=\"subitem\">\n                <span class=\"img\">\n                    <img decoding=\"async\" src=\"https:\/\/www.etto.cz\/wp-content\/uploads\/2016\/12\/topne_pasy-153x127.jpg\" alt=\"Grza\u0142ki opaskowe\" loading=\"lazy\" \/>\n                    <span><em>Grza\u0142ki opaskowe<\/em><\/span>\n                <\/span>\n                <strong>Grza\u0142ki opaskowe<\/strong>\n            <\/a>\n                        <a href=\"https:\/\/www.etto.cz\/pl\/elementy-grzejne-wg-zastosowania\/podgrzewanie-miodu\/\" class=\"subitem\">\n                <span class=\"img\">\n                    <img decoding=\"async\" src=\"https:\/\/www.etto.cz\/wp-content\/uploads\/2016\/12\/tm1-153x135.jpg\" alt=\"Podgrzewanie miodu\" loading=\"lazy\" \/>\n                    <span><em>Podgrzewanie miodu<\/em><\/span>\n                <\/span>\n                <strong>Podgrzewanie miodu<\/strong>\n            <\/a>\n                        <a href=\"https:\/\/www.etto.cz\/pl\/ogrzewanie-substancji\/ogrzewanie-podczerwienia\/\" class=\"subitem\">\n                <span class=\"img\">\n                    <img decoding=\"async\" src=\"https:\/\/www.etto.cz\/wp-content\/uploads\/2020\/02\/infra_panel-153x153.png\" alt=\"Ogrzewanie podczerwieni\u0105 (panele na podczerwie\u0144)\" loading=\"lazy\" \/>\n                    <span><em>Ogrzewanie podczerwieni\u0105 (panele na podczerwie\u0144)<\/em><\/span>\n                <\/span>\n                <strong>Ogrzewanie podczerwieni\u0105 (panele na podczerwie\u0144)<\/strong>\n            <\/a>\n                        <a href=\"https:\/\/www.etto.cz\/pl\/elektryczne-elementy-grzejne\/elementy-grzejne-z-otwartym-drutem\/\" class=\"subitem\">\n                <span class=\"img\">\n                    <img decoding=\"async\" src=\"https:\/\/www.etto.cz\/wp-content\/uploads\/2016\/12\/spirala-3-153x124.jpg\" alt=\"Elementy grzejne z otwartym drutem (ceramiczne, mikowe)\" loading=\"lazy\" \/>\n                    <span><em>Elementy grzejne z otwartym drutem (ceramiczne, mikowe)<\/em><\/span>\n                <\/span>\n                <strong>Elementy grzejne z otwartym drutem (ceramiczne, mikowe)<\/strong>\n            <\/a>\n                        <a href=\"https:\/\/www.etto.cz\/pl\/elementy-grzejne-wg-zastosowania\/elementy-grzejne-do-zastosowan-przemyslowych\/\" class=\"subitem\">\n                <span class=\"img\">\n                    <img decoding=\"async\" src=\"https:\/\/www.etto.cz\/wp-content\/uploads\/2016\/12\/ohrev_vzduchu_potrubi-153x153.jpg\" alt=\"Elementy grzejne do zastosowa\u0144 przemys\u0142owych\" loading=\"lazy\" \/>\n                    <span><em>Elementy grzejne do zastosowa\u0144 przemys\u0142owych<\/em><\/span>\n                <\/span>\n                <strong>Elementy grzejne do zastosowa\u0144 przemys\u0142owych<\/strong>\n            <\/a>\n                        <a href=\"https:\/\/www.etto.cz\/pl\/elementy-grzejne-wg-zastosowania\/elementy-grzejne-do-grzejnikow-lazienkowych\/\" class=\"subitem\">\n                <span class=\"img\">\n                    <img decoding=\"async\" src=\"https:\/\/www.etto.cz\/wp-content\/uploads\/2016\/12\/z1-153x153.png\" alt=\"Elementy grzejne do grzejnik\u00f3w \u0142azienkowych\" loading=\"lazy\" \/>\n                    <span><em>Elementy grzejne do grzejnik\u00f3w \u0142azienkowych<\/em><\/span>\n                <\/span>\n                <strong>Elementy grzejne do grzejnik\u00f3w \u0142azienkowych<\/strong>\n            <\/a>\n                        <a href=\"https:\/\/www.etto.cz\/pl\/przyklady-z-produkcji-galeria\/\" class=\"subitem\">\n                <span class=\"img\">\n                    <img decoding=\"async\" src=\"https:\/\/www.etto.cz\/wp-content\/uploads\/2020\/02\/vyroba-153x153.jpg\" alt=\"Przyk\u0142ady z produkcji \u2014 galeria\" loading=\"lazy\" \/>\n                    <span><em>Przyk\u0142ady z produkcji \u2014 galeria<\/em><\/span>\n                <\/span>\n                <strong>Przyk\u0142ady z produkcji \u2014 galeria<\/strong>\n            <\/a>\n                        <a href=\"https:\/\/www.etto.cz\/pl\/elementy-grzejne-wg-zastosowania\/ogrzewanie-roztworow-chemicznych\/\" class=\"subitem\">\n                <span class=\"img\">\n                    <img decoding=\"async\" src=\"https:\/\/www.etto.cz\/wp-content\/uploads\/2025\/04\/popular_3kw-153x96.jpg\" alt=\"Ogrzewanie roztwor\u00f3w chemicznych (k\u0105pieli galwanicznych)\" loading=\"lazy\" \/>\n                    <span><em>Ogrzewanie roztwor\u00f3w chemicznych (k\u0105pieli galwanicznych)<\/em><\/span>\n                <\/span>\n                <strong>Ogrzewanie roztwor\u00f3w chemicznych (k\u0105pieli galwanicznych)<\/strong>\n            <\/a>\n            <\/div><br \/>\n&nbsp;<\/p>\n","protected":false},"excerpt":{"rendered":"<p>ELEKTRON-ETTO, s.r.o. projektuje i produkuje elektryczne elementy grzejne do zastosowa\u0144 przemys\u0142owych, komercyjnych i specjalnych. &nbsp;<\/p>\n","protected":false},"author":1,"featured_media":0,"parent":0,"menu_order":0,"comment_status":"closed","ping_status":"closed","template":"_page-menu.php","meta":{"_acf_changed":false,"ngg_post_thumbnail":0,"footnotes":"","_links_to":"","_links_to_target":""},"class_list":["post-6094","page","type-page","status-publish","hentry"],"acf":[],"yoast_head":"<!-- This site is optimized with the Yoast SEO plugin v27.3 - https:\/\/yoast.com\/product\/yoast-seo-wordpress\/ -->\n<title>Elektryczne elementy grzejne - produkty | ETTO<\/title>\n<meta name=\"description\" content=\"Kompletna oferta elektrycznych elementow grzejnych: grzalki patronowe, rurkowe, opaskowe, plaskie, z otwartym drutem.\" \/>\n<meta name=\"robots\" content=\"index, follow, max-snippet:-1, max-image-preview:large, max-video-preview:-1\" \/>\n<link rel=\"canonical\" href=\"https:\/\/www.etto.cz\/pl\/elementy-grzejne-wg-zastosowania\/ogrzewanie-roztworow-chemicznych\/\" \/>\n<meta property=\"og:locale\" content=\"pl_PL\" \/>\n<meta property=\"og:type\" content=\"article\" \/>\n<meta property=\"og:title\" content=\"Elektryczne elementy grzejne - produkty | ETTO\" \/>\n<meta property=\"og:description\" content=\"Kompletna oferta elektrycznych elementow grzejnych: grzalki patronowe, rurkowe, opaskowe, plaskie, z otwartym drutem.\" \/>\n<meta property=\"og:url\" content=\"https:\/\/www.etto.cz\/pl\/elementy-grzejne-wg-zastosowania\/ogrzewanie-roztworow-chemicznych\/\" \/>\n<meta property=\"og:site_name\" content=\"ETTO\" \/>\n<meta property=\"og:image\" content=\"https:\/\/www.etto.cz\/pl\/wp-content\/gallery\/prumyslova-telesa\/teleso-kotel.jpg\" \/>\n<meta name=\"twitter:card\" content=\"summary_large_image\" \/>\n<script type=\"application\/ld+json\" class=\"yoast-schema-graph\">{\"@context\":\"https:\\\/\\\/schema.org\",\"@graph\":[{\"@type\":\"WebPage\",\"@id\":\"https:\\\/\\\/www.etto.cz\\\/elektricka-topna-telesa\\\/\",\"url\":\"https:\\\/\\\/www.etto.cz\\\/elektricka-topna-telesa\\\/\",\"name\":\"Elektryczne elementy grzejne - produkty | ETTO\",\"isPartOf\":{\"@id\":\"https:\\\/\\\/www.etto.cz\\\/#website\"},\"datePublished\":\"2026-04-15T08:40:59+00:00\",\"description\":\"Kompletna oferta elektrycznych elementow grzejnych: grzalki patronowe, rurkowe, opaskowe, plaskie, z otwartym drutem.\",\"breadcrumb\":{\"@id\":\"https:\\\/\\\/www.etto.cz\\\/elektricka-topna-telesa\\\/#breadcrumb\"},\"inLanguage\":\"pl-PL\",\"potentialAction\":[{\"@type\":\"ReadAction\",\"target\":[\"https:\\\/\\\/www.etto.cz\\\/elektricka-topna-telesa\\\/\"]}]},{\"@type\":\"BreadcrumbList\",\"@id\":\"https:\\\/\\\/www.etto.cz\\\/elektricka-topna-telesa\\\/#breadcrumb\",\"itemListElement\":[{\"@type\":\"ListItem\",\"position\":1,\"name\":\"Dom\u016f\",\"item\":\"https:\\\/\\\/www.etto.cz\\\/\"},{\"@type\":\"ListItem\",\"position\":2,\"name\":\"Elektryczne elementy grzejne &#8211; produkty\"}]},{\"@type\":\"WebSite\",\"@id\":\"https:\\\/\\\/www.etto.cz\\\/#website\",\"url\":\"https:\\\/\\\/www.etto.cz\\\/\",\"name\":\"ETTO\",\"description\":\"V\u00fdroba elektrick\u00fdch topn\u00fdch t\u011bles\",\"potentialAction\":[{\"@type\":\"SearchAction\",\"target\":{\"@type\":\"EntryPoint\",\"urlTemplate\":\"https:\\\/\\\/www.etto.cz\\\/?s={search_term_string}\"},\"query-input\":{\"@type\":\"PropertyValueSpecification\",\"valueRequired\":true,\"valueName\":\"search_term_string\"}}],\"inLanguage\":\"pl-PL\"}]}<\/script>\n<!-- \/ Yoast SEO plugin. -->","yoast_head_json":{"title":"Elektryczne elementy grzejne - produkty | ETTO","description":"Kompletna oferta elektrycznych elementow grzejnych: grzalki patronowe, rurkowe, opaskowe, plaskie, z otwartym drutem.","robots":{"index":"index","follow":"follow","max-snippet":"max-snippet:-1","max-image-preview":"max-image-preview:large","max-video-preview":"max-video-preview:-1"},"canonical":"https:\/\/www.etto.cz\/pl\/elementy-grzejne-wg-zastosowania\/ogrzewanie-roztworow-chemicznych\/","og_locale":"pl_PL","og_type":"article","og_title":"Elektryczne elementy grzejne - produkty | ETTO","og_description":"Kompletna oferta elektrycznych elementow grzejnych: grzalki patronowe, rurkowe, opaskowe, plaskie, z otwartym drutem.","og_url":"https:\/\/www.etto.cz\/pl\/elementy-grzejne-wg-zastosowania\/ogrzewanie-roztworow-chemicznych\/","og_site_name":"ETTO","og_image":[{"url":"https:\/\/www.etto.cz\/pl\/wp-content\/gallery\/prumyslova-telesa\/teleso-kotel.jpg","type":"","width":"","height":""}],"twitter_card":"summary_large_image","schema":{"@context":"https:\/\/schema.org","@graph":[{"@type":"WebPage","@id":"https:\/\/www.etto.cz\/elektricka-topna-telesa\/","url":"https:\/\/www.etto.cz\/elektricka-topna-telesa\/","name":"Elektryczne elementy grzejne - produkty | ETTO","isPartOf":{"@id":"https:\/\/www.etto.cz\/#website"},"datePublished":"2026-04-15T08:40:59+00:00","description":"Kompletna oferta elektrycznych elementow grzejnych: grzalki patronowe, rurkowe, opaskowe, plaskie, z otwartym drutem.","breadcrumb":{"@id":"https:\/\/www.etto.cz\/elektricka-topna-telesa\/#breadcrumb"},"inLanguage":"pl-PL","potentialAction":[{"@type":"ReadAction","target":["https:\/\/www.etto.cz\/elektricka-topna-telesa\/"]}]},{"@type":"BreadcrumbList","@id":"https:\/\/www.etto.cz\/elektricka-topna-telesa\/#breadcrumb","itemListElement":[{"@type":"ListItem","position":1,"name":"Dom\u016f","item":"https:\/\/www.etto.cz\/"},{"@type":"ListItem","position":2,"name":"Elektryczne elementy grzejne &#8211; produkty"}]},{"@type":"WebSite","@id":"https:\/\/www.etto.cz\/#website","url":"https:\/\/www.etto.cz\/","name":"ETTO","description":"V\u00fdroba elektrick\u00fdch topn\u00fdch t\u011bles","potentialAction":[{"@type":"SearchAction","target":{"@type":"EntryPoint","urlTemplate":"https:\/\/www.etto.cz\/?s={search_term_string}"},"query-input":{"@type":"PropertyValueSpecification","valueRequired":true,"valueName":"search_term_string"}}],"inLanguage":"pl-PL"}]}},"_links":{"self":[{"href":"https:\/\/www.etto.cz\/pl\/wp-json\/wp\/v2\/pages\/6094","targetHints":{"allow":["GET"]}}],"collection":[{"href":"https:\/\/www.etto.cz\/pl\/wp-json\/wp\/v2\/pages"}],"about":[{"href":"https:\/\/www.etto.cz\/pl\/wp-json\/wp\/v2\/types\/page"}],"author":[{"embeddable":true,"href":"https:\/\/www.etto.cz\/pl\/wp-json\/wp\/v2\/users\/1"}],"replies":[{"embeddable":true,"href":"https:\/\/www.etto.cz\/pl\/wp-json\/wp\/v2\/comments?post=6094"}],"version-history":[{"count":0,"href":"https:\/\/www.etto.cz\/pl\/wp-json\/wp\/v2\/pages\/6094\/revisions"}],"wp:attachment":[{"href":"https:\/\/www.etto.cz\/pl\/wp-json\/wp\/v2\/media?parent=6094"}],"curies":[{"name":"wp","href":"https:\/\/api.w.org\/{rel}","templated":true}]}}