{"id":6095,"date":"2026-04-15T09:40:59","date_gmt":"2026-04-15T08:40:59","guid":{"rendered":""},"modified":"2026-04-15T09:40:59","modified_gmt":"2026-04-15T08:40:59","slug":"elementy-grzejne","status":"publish","type":"page","link":"https:\/\/www.etto.cz\/pl\/elementy-grzejne\/","title":{"rendered":"Elementy grzejne"},"content":{"rendered":"<h2>Grza\u0142ki patronowe<\/h2>\n<div class=\"sub-menu\">            <a href=\"https:\/\/www.etto.cz\/pl\/elektryczne-elementy-grzejne\/grzalki-patronowe\/grzalki-patronowe-wysoko-obciazone\/\" class=\"subitem\">\n                <span class=\"img\">\n                    <img decoding=\"async\" src=\"https:\/\/www.etto.cz\/wp-content\/uploads\/2016\/12\/vysocezatizena_patr-153x153.jpg\" alt=\"Grza\u0142ki patronowe wysoko obci\u0105\u017cone\" loading=\"lazy\" \/>\n                    <span><em>Grza\u0142ki patronowe wysoko obci\u0105\u017cone<\/em><\/span>\n                <\/span>\n                <strong>Grza\u0142ki patronowe wysoko obci\u0105\u017cone<\/strong>\n            <\/a>\n                        <a href=\"https:\/\/www.etto.cz\/pl\/elektryczne-elementy-grzejne\/grzalki-patronowe\/grzalki-patronowe-z-termopara\/\" class=\"subitem\">\n                <span class=\"img\">\n                    <img decoding=\"async\" src=\"https:\/\/www.etto.cz\/wp-content\/uploads\/2015\/05\/vysokozatizene-patrony-s-termoclankem-125x153.jpg\" alt=\"Grza\u0142ki patronowe wysoko obci\u0105\u017cone z termopar\u0105 i PT100\" loading=\"lazy\" \/>\n                    <span><em>Grza\u0142ki patronowe wysoko obci\u0105\u017cone z termopar\u0105 i PT100<\/em><\/span>\n                <\/span>\n                <strong>Grza\u0142ki patronowe wysoko obci\u0105\u017cone z termopar\u0105 i PT100<\/strong>\n            <\/a>\n                        <a href=\"https:\/\/www.etto.cz\/pl\/elektryczne-elementy-grzejne\/grzalki-patronowe\/grzalki-patronowe-srednio-obciazone\/\" class=\"subitem\">\n                <span class=\"img\">\n                    <img decoding=\"async\" src=\"https:\/\/www.etto.cz\/wp-content\/uploads\/2016\/12\/strednezatizena_patr-153x153.jpg\" alt=\"Grza\u0142ki patronowe \u015brednio obci\u0105\u017cone\" loading=\"lazy\" \/>\n                    <span><em>Grza\u0142ki patronowe \u015brednio obci\u0105\u017cone<\/em><\/span>\n                <\/span>\n                <strong>Grza\u0142ki patronowe \u015brednio obci\u0105\u017cone<\/strong>\n            <\/a>\n                        <a href=\"https:\/\/www.etto.cz\/pl\/elektryczne-elementy-grzejne\/grzalki-patronowe\/grzalki-patronowe-nisko-obciazone\/\" class=\"subitem\">\n                <span class=\"img\">\n                    <img decoding=\"async\" src=\"https:\/\/www.etto.cz\/wp-content\/uploads\/2016\/12\/strednezatizena_patr-153x153.jpg\" alt=\"Grza\u0142ki patronowe nisko obci\u0105\u017cone\" loading=\"lazy\" \/>\n                    <span><em>Grza\u0142ki patronowe nisko obci\u0105\u017cone<\/em><\/span>\n                <\/span>\n                <strong>Grza\u0142ki patronowe nisko obci\u0105\u017cone<\/strong>\n            <\/a>\n                        <a href=\"https:\/\/www.etto.cz\/pl\/elektryczne-elementy-grzejne\/grzalki-patronowe\/grzalki-patronowe-ze-strefami-grzewczymi\/\" class=\"subitem\">\n                <span class=\"img\">\n                    <img decoding=\"async\" src=\"https:\/\/www.etto.cz\/wp-content\/uploads\/2016\/12\/patrona_zony-153x147.jpg\" alt=\"Grza\u0142ki patronowe ze specyfikowanymi strefami grzewczymi\" loading=\"lazy\" \/>\n                    <span><em>Grza\u0142ki patronowe ze specyfikowanymi strefami grzewczymi<\/em><\/span>\n                <\/span>\n                <strong>Grza\u0142ki patronowe ze specyfikowanymi strefami grzewczymi<\/strong>\n            <\/a>\n            <\/div>\n<h2 style=\"clear: both;\">Grza\u0142ki opaskowe<\/h2>\n<div class=\"sub-menu\">            <a href=\"https:\/\/www.etto.cz\/pl\/elektryczne-elementy-grzejne\/grzalki-opaskowe\/grzalki-opaskowe-z-izolacja-mikowa\/\" class=\"subitem\">\n                <span class=\"img\">\n                    <img decoding=\"async\" src=\"https:\/\/www.etto.cz\/wp-content\/uploads\/2016\/12\/topny_pas_2-153x153.jpg\" alt=\"Grza\u0142ki opaskowe z izolacj\u0105 mikow\u0105\" loading=\"lazy\" \/>\n                    <span><em>Grza\u0142ki opaskowe z izolacj\u0105 mikow\u0105<\/em><\/span>\n                <\/span>\n                <strong>Grza\u0142ki opaskowe z izolacj\u0105 mikow\u0105<\/strong>\n            <\/a>\n                        <a href=\"https:\/\/www.etto.cz\/pl\/elektryczne-elementy-grzejne\/grzalki-opaskowe\/grzalki-opaskowe-ceramiczne\/\" class=\"subitem\">\n                <span class=\"img\">\n                    <img decoding=\"async\" src=\"https:\/\/www.etto.cz\/wp-content\/uploads\/2016\/12\/keramicky_pas-153x121.jpg\" alt=\"Grza\u0142ki opaskowe ceramiczne\" loading=\"lazy\" \/>\n                    <span><em>Grza\u0142ki opaskowe ceramiczne<\/em><\/span>\n                <\/span>\n                <strong>Grza\u0142ki opaskowe ceramiczne<\/strong>\n            <\/a>\n                        <a href=\"https:\/\/www.etto.cz\/pl\/elektryczne-elementy-grzejne\/grzalki-opaskowe\/opaska-grzejna-z-profilu\/\" class=\"subitem\">\n                <span class=\"img\">\n                    <img decoding=\"async\" src=\"https:\/\/www.etto.cz\/wp-content\/uploads\/2015\/05\/topne-pasy-153x153.jpg\" alt=\"Opaska grzejna z profilu 7,2\u00d72,7\" loading=\"lazy\" \/>\n                    <span><em>Opaska grzejna z profilu 7,2\u00d72,7<\/em><\/span>\n                <\/span>\n                <strong>Opaska grzejna z profilu 7,2\u00d72,7<\/strong>\n            <\/a>\n            <\/div>\n<h2 style=\"clear: both;\">Pozosta\u0142e elementy grzejne<\/h2>\n<div class=\"sub-menu\">            <a href=\"https:\/\/www.etto.cz\/pl\/elektryczne-elementy-grzejne\/grzalki-rurkowe\/\" class=\"subitem\">\n                <span class=\"img\">\n                    <img decoding=\"async\" src=\"https:\/\/www.etto.cz\/wp-content\/uploads\/2015\/05\/trubkova-topna-telesa-153x153.jpg\" alt=\"Grza\u0142ki rurkowe\" loading=\"lazy\" \/>\n                    <span><em>Grza\u0142ki rurkowe<\/em><\/span>\n                <\/span>\n                <strong>Grza\u0142ki rurkowe<\/strong>\n            <\/a>\n                        <a href=\"https:\/\/www.etto.cz\/pl\/elektryczne-elementy-grzejne\/grzalki-rurkowe-plaskie\/\" class=\"subitem\">\n                <span class=\"img\">\n                    <img decoding=\"async\" src=\"https:\/\/www.etto.cz\/wp-content\/uploads\/2016\/12\/maximka_b2-153x153.jpg\" alt=\"Grza\u0142ki rurkowe p\u0142askie\" loading=\"lazy\" \/>\n                    <span><em>Grza\u0142ki rurkowe p\u0142askie<\/em><\/span>\n                <\/span>\n                <strong>Grza\u0142ki rurkowe p\u0142askie<\/strong>\n            <\/a>\n                        <a href=\"https:\/\/www.etto.cz\/pl\/elektryczne-elementy-grzejne\/plaskie-elementy-grzejne-z-izolacja-mikowa\/\" class=\"subitem\">\n                <span class=\"img\">\n                    <img decoding=\"async\" src=\"https:\/\/www.etto.cz\/wp-content\/uploads\/2015\/05\/topna-telesa-se-slidovou-izolaci-153x153.jpg\" alt=\"P\u0142askie elementy grzejne z izolacj\u0105 mikow\u0105\" loading=\"lazy\" \/>\n                    <span><em>P\u0142askie elementy grzejne z izolacj\u0105 mikow\u0105<\/em><\/span>\n                <\/span>\n                <strong>P\u0142askie elementy grzejne z izolacj\u0105 mikow\u0105<\/strong>\n            <\/a>\n                        <a href=\"https:\/\/www.etto.cz\/pl\/elektryczne-elementy-grzejne\/elementy-grzejne-z-otwartym-drutem\/\" class=\"subitem\">\n                <span class=\"img\">\n                    <img decoding=\"async\" src=\"https:\/\/www.etto.cz\/wp-content\/uploads\/2016\/12\/spirala-3-153x124.jpg\" alt=\"Elementy grzejne z otwartym drutem (ceramiczne, mikowe)\" loading=\"lazy\" \/>\n                    <span><em>Elementy grzejne z otwartym drutem (ceramiczne, mikowe)<\/em><\/span>\n                <\/span>\n                <strong>Elementy grzejne z otwartym drutem (ceramiczne, mikowe)<\/strong>\n            <\/a>\n            <\/div>\n","protected":false},"excerpt":{"rendered":"<p>Grza\u0142ki patronowe Grza\u0142ki opaskowe Pozosta\u0142e elementy grzejne<\/p>\n","protected":false},"author":1,"featured_media":0,"parent":0,"menu_order":0,"comment_status":"closed","ping_status":"closed","template":"_page-menu.php","meta":{"_acf_changed":false,"ngg_post_thumbnail":0,"footnotes":"","_links_to":"","_links_to_target":""},"class_list":["post-6095","page","type-page","status-publish","hentry"],"acf":[],"yoast_head":"<!-- This site is optimized with the Yoast SEO plugin v27.3 - https:\/\/yoast.com\/product\/yoast-seo-wordpress\/ -->\n<title>Elementy grzejne - przeglad produktow | ETTO<\/title>\n<meta name=\"description\" content=\"Pelna oferta elementow grzejnych produkcji ETTO: grzalki patronowe, rurkowe, opaskowe, plaskie i promienniki podczerwieni.\" \/>\n<meta name=\"robots\" content=\"index, follow, max-snippet:-1, max-image-preview:large, max-video-preview:-1\" \/>\n<link rel=\"canonical\" href=\"https:\/\/www.etto.cz\/pl\/elektryczne-elementy-grzejne\/elementy-grzejne-z-otwartym-drutem\/\" \/>\n<meta property=\"og:locale\" content=\"pl_PL\" \/>\n<meta property=\"og:type\" content=\"article\" \/>\n<meta property=\"og:title\" content=\"Elementy grzejne - przeglad produktow | ETTO\" \/>\n<meta property=\"og:description\" content=\"Pelna oferta elementow grzejnych produkcji ETTO: grzalki patronowe, rurkowe, opaskowe, plaskie i promienniki podczerwieni.\" \/>\n<meta property=\"og:url\" content=\"https:\/\/www.etto.cz\/pl\/elektryczne-elementy-grzejne\/elementy-grzejne-z-otwartym-drutem\/\" \/>\n<meta property=\"og:site_name\" content=\"ETTO\" \/>\n<meta property=\"og:image\" content=\"https:\/\/www.etto.cz\/pl\/wp-content\/gallery\/prumyslova-telesa\/teleso-kotel.jpg\" \/>\n<meta name=\"twitter:card\" content=\"summary_large_image\" \/>\n<script type=\"application\/ld+json\" class=\"yoast-schema-graph\">{\"@context\":\"https:\\\/\\\/schema.org\",\"@graph\":[{\"@type\":\"WebPage\",\"@id\":\"https:\\\/\\\/www.etto.cz\\\/topna-telesa\\\/\",\"url\":\"https:\\\/\\\/www.etto.cz\\\/topna-telesa\\\/\",\"name\":\"Elementy grzejne - przeglad produktow | ETTO\",\"isPartOf\":{\"@id\":\"https:\\\/\\\/www.etto.cz\\\/#website\"},\"datePublished\":\"2026-04-15T08:40:59+00:00\",\"description\":\"Pelna oferta elementow grzejnych produkcji ETTO: grzalki patronowe, rurkowe, opaskowe, plaskie i promienniki podczerwieni.\",\"breadcrumb\":{\"@id\":\"https:\\\/\\\/www.etto.cz\\\/topna-telesa\\\/#breadcrumb\"},\"inLanguage\":\"pl-PL\",\"potentialAction\":[{\"@type\":\"ReadAction\",\"target\":[\"https:\\\/\\\/www.etto.cz\\\/topna-telesa\\\/\"]}]},{\"@type\":\"BreadcrumbList\",\"@id\":\"https:\\\/\\\/www.etto.cz\\\/topna-telesa\\\/#breadcrumb\",\"itemListElement\":[{\"@type\":\"ListItem\",\"position\":1,\"name\":\"Dom\u016f\",\"item\":\"https:\\\/\\\/www.etto.cz\\\/\"},{\"@type\":\"ListItem\",\"position\":2,\"name\":\"Elementy grzejne\"}]},{\"@type\":\"WebSite\",\"@id\":\"https:\\\/\\\/www.etto.cz\\\/#website\",\"url\":\"https:\\\/\\\/www.etto.cz\\\/\",\"name\":\"ETTO\",\"description\":\"V\u00fdroba elektrick\u00fdch topn\u00fdch t\u011bles\",\"potentialAction\":[{\"@type\":\"SearchAction\",\"target\":{\"@type\":\"EntryPoint\",\"urlTemplate\":\"https:\\\/\\\/www.etto.cz\\\/?s={search_term_string}\"},\"query-input\":{\"@type\":\"PropertyValueSpecification\",\"valueRequired\":true,\"valueName\":\"search_term_string\"}}],\"inLanguage\":\"pl-PL\"}]}<\/script>\n<!-- \/ Yoast SEO plugin. -->","yoast_head_json":{"title":"Elementy grzejne - przeglad produktow | ETTO","description":"Pelna oferta elementow grzejnych produkcji ETTO: grzalki patronowe, rurkowe, opaskowe, plaskie i promienniki podczerwieni.","robots":{"index":"index","follow":"follow","max-snippet":"max-snippet:-1","max-image-preview":"max-image-preview:large","max-video-preview":"max-video-preview:-1"},"canonical":"https:\/\/www.etto.cz\/pl\/elektryczne-elementy-grzejne\/elementy-grzejne-z-otwartym-drutem\/","og_locale":"pl_PL","og_type":"article","og_title":"Elementy grzejne - przeglad produktow | ETTO","og_description":"Pelna oferta elementow grzejnych produkcji ETTO: grzalki patronowe, rurkowe, opaskowe, plaskie i promienniki podczerwieni.","og_url":"https:\/\/www.etto.cz\/pl\/elektryczne-elementy-grzejne\/elementy-grzejne-z-otwartym-drutem\/","og_site_name":"ETTO","og_image":[{"url":"https:\/\/www.etto.cz\/pl\/wp-content\/gallery\/prumyslova-telesa\/teleso-kotel.jpg","type":"","width":"","height":""}],"twitter_card":"summary_large_image","schema":{"@context":"https:\/\/schema.org","@graph":[{"@type":"WebPage","@id":"https:\/\/www.etto.cz\/topna-telesa\/","url":"https:\/\/www.etto.cz\/topna-telesa\/","name":"Elementy grzejne - przeglad produktow | ETTO","isPartOf":{"@id":"https:\/\/www.etto.cz\/#website"},"datePublished":"2026-04-15T08:40:59+00:00","description":"Pelna oferta elementow grzejnych produkcji ETTO: grzalki patronowe, rurkowe, opaskowe, plaskie i promienniki podczerwieni.","breadcrumb":{"@id":"https:\/\/www.etto.cz\/topna-telesa\/#breadcrumb"},"inLanguage":"pl-PL","potentialAction":[{"@type":"ReadAction","target":["https:\/\/www.etto.cz\/topna-telesa\/"]}]},{"@type":"BreadcrumbList","@id":"https:\/\/www.etto.cz\/topna-telesa\/#breadcrumb","itemListElement":[{"@type":"ListItem","position":1,"name":"Dom\u016f","item":"https:\/\/www.etto.cz\/"},{"@type":"ListItem","position":2,"name":"Elementy grzejne"}]},{"@type":"WebSite","@id":"https:\/\/www.etto.cz\/#website","url":"https:\/\/www.etto.cz\/","name":"ETTO","description":"V\u00fdroba elektrick\u00fdch topn\u00fdch t\u011bles","potentialAction":[{"@type":"SearchAction","target":{"@type":"EntryPoint","urlTemplate":"https:\/\/www.etto.cz\/?s={search_term_string}"},"query-input":{"@type":"PropertyValueSpecification","valueRequired":true,"valueName":"search_term_string"}}],"inLanguage":"pl-PL"}]}},"_links":{"self":[{"href":"https:\/\/www.etto.cz\/pl\/wp-json\/wp\/v2\/pages\/6095","targetHints":{"allow":["GET"]}}],"collection":[{"href":"https:\/\/www.etto.cz\/pl\/wp-json\/wp\/v2\/pages"}],"about":[{"href":"https:\/\/www.etto.cz\/pl\/wp-json\/wp\/v2\/types\/page"}],"author":[{"embeddable":true,"href":"https:\/\/www.etto.cz\/pl\/wp-json\/wp\/v2\/users\/1"}],"replies":[{"embeddable":true,"href":"https:\/\/www.etto.cz\/pl\/wp-json\/wp\/v2\/comments?post=6095"}],"version-history":[{"count":0,"href":"https:\/\/www.etto.cz\/pl\/wp-json\/wp\/v2\/pages\/6095\/revisions"}],"wp:attachment":[{"href":"https:\/\/www.etto.cz\/pl\/wp-json\/wp\/v2\/media?parent=6095"}],"curies":[{"name":"wp","href":"https:\/\/api.w.org\/{rel}","templated":true}]}}