{"id":6096,"date":"2026-04-15T09:40:59","date_gmt":"2026-04-15T08:40:59","guid":{"rendered":""},"modified":"2026-04-15T09:40:59","modified_gmt":"2026-04-15T08:40:59","slug":"grzalki-patronowe","status":"publish","type":"page","link":"https:\/\/www.etto.cz\/pl\/elektryczne-elementy-grzejne\/grzalki-patronowe\/","title":{"rendered":"Grza\u0142ki patronowe"},"content":{"rendered":"<p style=\"text-align: justify;\">Elektryczne grza\u0142ki patronowe dziel\u0105 si\u0119 ze wzgl\u0119du na konstrukcj\u0119 na trzy podstawowe kategorie.<\/p>\n<ul>\n<li>&nbsp;Grza\u0142ki patronowe wysoko obci\u0105\u017cone&nbsp; &nbsp;<\/li>\n<li>&nbsp;Grza\u0142ki patronowe \u015brednio obci\u0105\u017cone<\/li>\n<li>&nbsp;Grza\u0142ki patronowe nisko obci\u0105\u017cone&nbsp; &nbsp;&nbsp;<\/li>\n<\/ul>\n<div class=\"sub-menu\">            <a href=\"https:\/\/www.etto.cz\/pl\/elektryczne-elementy-grzejne\/grzalki-patronowe\/grzalki-patronowe-wysoko-obciazone\/\" class=\"subitem\">\n                <span class=\"img\">\n                    <img decoding=\"async\" src=\"https:\/\/www.etto.cz\/wp-content\/uploads\/2016\/12\/vysocezatizena_patr-153x153.jpg\" alt=\"Grza\u0142ki patronowe wysoko obci\u0105\u017cone\" loading=\"lazy\" \/>\n                    <span><em>Grza\u0142ki patronowe wysoko obci\u0105\u017cone<\/em><\/span>\n                <\/span>\n                <strong>Grza\u0142ki patronowe wysoko obci\u0105\u017cone<\/strong>\n            <\/a>\n                        <a href=\"https:\/\/www.etto.cz\/pl\/elektryczne-elementy-grzejne\/grzalki-patronowe\/grzalki-patronowe-z-termopara\/\" class=\"subitem\">\n                <span class=\"img\">\n                    <img decoding=\"async\" src=\"https:\/\/www.etto.cz\/wp-content\/uploads\/2015\/05\/vysokozatizene-patrony-s-termoclankem-125x153.jpg\" alt=\"Grza\u0142ki patronowe wysoko obci\u0105\u017cone z termopar\u0105 i PT100\" loading=\"lazy\" \/>\n                    <span><em>Grza\u0142ki patronowe wysoko obci\u0105\u017cone z termopar\u0105 i PT100<\/em><\/span>\n                <\/span>\n                <strong>Grza\u0142ki patronowe wysoko obci\u0105\u017cone z termopar\u0105 i PT100<\/strong>\n            <\/a>\n                        <a href=\"https:\/\/www.etto.cz\/pl\/elektryczne-elementy-grzejne\/grzalki-patronowe\/grzalki-patronowe-srednio-obciazone\/\" class=\"subitem\">\n                <span class=\"img\">\n                    <img decoding=\"async\" src=\"https:\/\/www.etto.cz\/wp-content\/uploads\/2016\/12\/strednezatizena_patr-153x153.jpg\" alt=\"Grza\u0142ki patronowe \u015brednio obci\u0105\u017cone\" loading=\"lazy\" \/>\n                    <span><em>Grza\u0142ki patronowe \u015brednio obci\u0105\u017cone<\/em><\/span>\n                <\/span>\n                <strong>Grza\u0142ki patronowe \u015brednio obci\u0105\u017cone<\/strong>\n            <\/a>\n                        <a href=\"https:\/\/www.etto.cz\/pl\/elektryczne-elementy-grzejne\/grzalki-patronowe\/grzalki-patronowe-nisko-obciazone\/\" class=\"subitem\">\n                <span class=\"img\">\n                    <img decoding=\"async\" src=\"https:\/\/www.etto.cz\/wp-content\/uploads\/2016\/12\/strednezatizena_patr-153x153.jpg\" alt=\"Grza\u0142ki patronowe nisko obci\u0105\u017cone\" loading=\"lazy\" \/>\n                    <span><em>Grza\u0142ki patronowe nisko obci\u0105\u017cone<\/em><\/span>\n                <\/span>\n                <strong>Grza\u0142ki patronowe nisko obci\u0105\u017cone<\/strong>\n            <\/a>\n                        <a href=\"https:\/\/www.etto.cz\/pl\/elektryczne-elementy-grzejne\/grzalki-patronowe\/grzalki-patronowe-z-podwojna-izolacja\/\" class=\"subitem\">\n                <span class=\"img\">\n                    <img decoding=\"async\" src=\"https:\/\/www.etto.cz\/wp-content\/uploads\/2016\/12\/vysocezatizena_patr-153x153.jpg\" alt=\"Grza\u0142ki patronowe z podw\u00f3jn\u0105 izolacj\u0105 (z niskimi pr\u0105dami up\u0142ywu)\" loading=\"lazy\" \/>\n                    <span><em>Grza\u0142ki patronowe z podw\u00f3jn\u0105 izolacj\u0105 (z niskimi pr\u0105dami up\u0142ywu)<\/em><\/span>\n                <\/span>\n                <strong>Grza\u0142ki patronowe z podw\u00f3jn\u0105 izolacj\u0105 (z niskimi pr\u0105dami up\u0142ywu)<\/strong>\n            <\/a>\n                        <a href=\"https:\/\/www.etto.cz\/pl\/elektryczne-elementy-grzejne\/grzalki-patronowe\/grzalki-patronowe-ze-strefami-grzewczymi\/\" class=\"subitem\">\n                <span class=\"img\">\n                    <img decoding=\"async\" src=\"https:\/\/www.etto.cz\/wp-content\/uploads\/2016\/12\/patrona_zony-153x147.jpg\" alt=\"Grza\u0142ki patronowe ze specyfikowanymi strefami grzewczymi\" loading=\"lazy\" \/>\n                    <span><em>Grza\u0142ki patronowe ze specyfikowanymi strefami grzewczymi<\/em><\/span>\n                <\/span>\n                <strong>Grza\u0142ki patronowe ze specyfikowanymi strefami grzewczymi<\/strong>\n            <\/a>\n            <\/div>\n","protected":false},"excerpt":{"rendered":"<p>Elektryczne grza\u0142ki patronowe dziel\u0105 si\u0119 ze wzgl\u0119du na konstrukcj\u0119 na trzy podstawowe kategorie. &nbsp;Grza\u0142ki patronowe wysoko obci\u0105\u017cone&nbsp; &nbsp; &nbsp;Grza\u0142ki patronowe \u015brednio obci\u0105\u017cone &nbsp;Grza\u0142ki patronowe nisko &#8230;<\/p>\n","protected":false},"author":1,"featured_media":414,"parent":6094,"menu_order":0,"comment_status":"closed","ping_status":"closed","template":"_page-menu.php","meta":{"_acf_changed":false,"ngg_post_thumbnail":0,"footnotes":"","_links_to":"","_links_to_target":""},"class_list":["post-6096","page","type-page","status-publish","has-post-thumbnail","hentry"],"acf":[],"yoast_head":"<!-- This site is optimized with the Yoast SEO plugin v27.3 - https:\/\/yoast.com\/product\/yoast-seo-wordpress\/ -->\n<title>Grzalki patronowe - typy i parametry | ETTO<\/title>\n<meta name=\"description\" content=\"Producent grzalek patronowych: wysoko, srednio i nisko obciazone, z termopara\/PT100, ze strefami grzewczymi, z podwojna izolacja.\" \/>\n<meta name=\"robots\" content=\"index, follow, max-snippet:-1, max-image-preview:large, max-video-preview:-1\" \/>\n<link rel=\"canonical\" href=\"https:\/\/www.etto.cz\/pl\/elektryczne-elementy-grzejne\/grzalki-patronowe\/grzalki-patronowe-ze-strefami-grzewczymi\/\" \/>\n<meta property=\"og:locale\" content=\"pl_PL\" \/>\n<meta property=\"og:type\" content=\"article\" \/>\n<meta property=\"og:title\" content=\"Grzalki patronowe - typy i parametry | ETTO\" \/>\n<meta property=\"og:description\" content=\"Producent grzalek patronowych: wysoko, srednio i nisko obciazone, z termopara\/PT100, ze strefami grzewczymi, z podwojna izolacja.\" \/>\n<meta property=\"og:url\" content=\"https:\/\/www.etto.cz\/pl\/elektryczne-elementy-grzejne\/grzalki-patronowe\/grzalki-patronowe-ze-strefami-grzewczymi\/\" \/>\n<meta property=\"og:site_name\" content=\"ETTO\" \/>\n<meta property=\"og:image\" content=\"https:\/\/www.etto.cz\/wp-content\/uploads\/2015\/05\/topne-patrony.jpg\" \/>\n\t<meta property=\"og:image:width\" content=\"400\" \/>\n\t<meta property=\"og:image:height\" content=\"400\" \/>\n\t<meta property=\"og:image:type\" content=\"image\/jpeg\" \/>\n<meta name=\"twitter:card\" content=\"summary_large_image\" \/>\n<script type=\"application\/ld+json\" class=\"yoast-schema-graph\">{\"@context\":\"https:\\\/\\\/schema.org\",\"@graph\":[{\"@type\":\"WebPage\",\"@id\":\"https:\\\/\\\/www.etto.cz\\\/elektricka-topna-telesa\\\/topne-patrony\\\/\",\"url\":\"https:\\\/\\\/www.etto.cz\\\/elektricka-topna-telesa\\\/topne-patrony\\\/\",\"name\":\"Grzalki patronowe - typy i parametry | ETTO\",\"isPartOf\":{\"@id\":\"https:\\\/\\\/www.etto.cz\\\/#website\"},\"primaryImageOfPage\":{\"@id\":\"https:\\\/\\\/www.etto.cz\\\/elektricka-topna-telesa\\\/topne-patrony\\\/#primaryimage\"},\"image\":{\"@id\":\"https:\\\/\\\/www.etto.cz\\\/elektricka-topna-telesa\\\/topne-patrony\\\/#primaryimage\"},\"thumbnailUrl\":\"https:\\\/\\\/www.etto.cz\\\/wp-content\\\/uploads\\\/2015\\\/05\\\/topne-patrony.jpg\",\"datePublished\":\"2026-04-15T08:40:59+00:00\",\"description\":\"Producent grzalek patronowych: wysoko, srednio i nisko obciazone, z termopara\\\/PT100, ze strefami grzewczymi, z podwojna izolacja.\",\"breadcrumb\":{\"@id\":\"https:\\\/\\\/www.etto.cz\\\/elektricka-topna-telesa\\\/topne-patrony\\\/#breadcrumb\"},\"inLanguage\":\"pl-PL\",\"potentialAction\":[{\"@type\":\"ReadAction\",\"target\":[\"https:\\\/\\\/www.etto.cz\\\/elektricka-topna-telesa\\\/topne-patrony\\\/\"]}]},{\"@type\":\"ImageObject\",\"inLanguage\":\"pl-PL\",\"@id\":\"https:\\\/\\\/www.etto.cz\\\/elektricka-topna-telesa\\\/topne-patrony\\\/#primaryimage\",\"url\":\"https:\\\/\\\/www.etto.cz\\\/wp-content\\\/uploads\\\/2015\\\/05\\\/topne-patrony.jpg\",\"contentUrl\":\"https:\\\/\\\/www.etto.cz\\\/wp-content\\\/uploads\\\/2015\\\/05\\\/topne-patrony.jpg\",\"width\":400,\"height\":400},{\"@type\":\"BreadcrumbList\",\"@id\":\"https:\\\/\\\/www.etto.cz\\\/elektricka-topna-telesa\\\/topne-patrony\\\/#breadcrumb\",\"itemListElement\":[{\"@type\":\"ListItem\",\"position\":1,\"name\":\"Dom\u016f\",\"item\":\"https:\\\/\\\/www.etto.cz\\\/\"},{\"@type\":\"ListItem\",\"position\":2,\"name\":\"Elektryczne elementy grzejne &#8211; produkty\",\"item\":\"https:\\\/\\\/www.etto.cz\\\/elektricka-topna-telesa\\\/\"},{\"@type\":\"ListItem\",\"position\":3,\"name\":\"Grza\u0142ki patronowe\"}]},{\"@type\":\"WebSite\",\"@id\":\"https:\\\/\\\/www.etto.cz\\\/#website\",\"url\":\"https:\\\/\\\/www.etto.cz\\\/\",\"name\":\"ETTO\",\"description\":\"V\u00fdroba elektrick\u00fdch topn\u00fdch t\u011bles\",\"potentialAction\":[{\"@type\":\"SearchAction\",\"target\":{\"@type\":\"EntryPoint\",\"urlTemplate\":\"https:\\\/\\\/www.etto.cz\\\/?s={search_term_string}\"},\"query-input\":{\"@type\":\"PropertyValueSpecification\",\"valueRequired\":true,\"valueName\":\"search_term_string\"}}],\"inLanguage\":\"pl-PL\"}]}<\/script>\n<!-- \/ Yoast SEO plugin. -->","yoast_head_json":{"title":"Grzalki patronowe - typy i parametry | ETTO","description":"Producent grzalek patronowych: wysoko, srednio i nisko obciazone, z termopara\/PT100, ze strefami grzewczymi, z podwojna izolacja.","robots":{"index":"index","follow":"follow","max-snippet":"max-snippet:-1","max-image-preview":"max-image-preview:large","max-video-preview":"max-video-preview:-1"},"canonical":"https:\/\/www.etto.cz\/pl\/elektryczne-elementy-grzejne\/grzalki-patronowe\/grzalki-patronowe-ze-strefami-grzewczymi\/","og_locale":"pl_PL","og_type":"article","og_title":"Grzalki patronowe - typy i parametry | ETTO","og_description":"Producent grzalek patronowych: wysoko, srednio i nisko obciazone, z termopara\/PT100, ze strefami grzewczymi, z podwojna izolacja.","og_url":"https:\/\/www.etto.cz\/pl\/elektryczne-elementy-grzejne\/grzalki-patronowe\/grzalki-patronowe-ze-strefami-grzewczymi\/","og_site_name":"ETTO","og_image":[{"width":400,"height":400,"url":"https:\/\/www.etto.cz\/wp-content\/uploads\/2015\/05\/topne-patrony.jpg","type":"image\/jpeg"}],"twitter_card":"summary_large_image","schema":{"@context":"https:\/\/schema.org","@graph":[{"@type":"WebPage","@id":"https:\/\/www.etto.cz\/elektricka-topna-telesa\/topne-patrony\/","url":"https:\/\/www.etto.cz\/elektricka-topna-telesa\/topne-patrony\/","name":"Grzalki patronowe - typy i parametry | ETTO","isPartOf":{"@id":"https:\/\/www.etto.cz\/#website"},"primaryImageOfPage":{"@id":"https:\/\/www.etto.cz\/elektricka-topna-telesa\/topne-patrony\/#primaryimage"},"image":{"@id":"https:\/\/www.etto.cz\/elektricka-topna-telesa\/topne-patrony\/#primaryimage"},"thumbnailUrl":"https:\/\/www.etto.cz\/wp-content\/uploads\/2015\/05\/topne-patrony.jpg","datePublished":"2026-04-15T08:40:59+00:00","description":"Producent grzalek patronowych: wysoko, srednio i nisko obciazone, z termopara\/PT100, ze strefami grzewczymi, z podwojna izolacja.","breadcrumb":{"@id":"https:\/\/www.etto.cz\/elektricka-topna-telesa\/topne-patrony\/#breadcrumb"},"inLanguage":"pl-PL","potentialAction":[{"@type":"ReadAction","target":["https:\/\/www.etto.cz\/elektricka-topna-telesa\/topne-patrony\/"]}]},{"@type":"ImageObject","inLanguage":"pl-PL","@id":"https:\/\/www.etto.cz\/elektricka-topna-telesa\/topne-patrony\/#primaryimage","url":"https:\/\/www.etto.cz\/wp-content\/uploads\/2015\/05\/topne-patrony.jpg","contentUrl":"https:\/\/www.etto.cz\/wp-content\/uploads\/2015\/05\/topne-patrony.jpg","width":400,"height":400},{"@type":"BreadcrumbList","@id":"https:\/\/www.etto.cz\/elektricka-topna-telesa\/topne-patrony\/#breadcrumb","itemListElement":[{"@type":"ListItem","position":1,"name":"Dom\u016f","item":"https:\/\/www.etto.cz\/"},{"@type":"ListItem","position":2,"name":"Elektryczne elementy grzejne &#8211; produkty","item":"https:\/\/www.etto.cz\/elektricka-topna-telesa\/"},{"@type":"ListItem","position":3,"name":"Grza\u0142ki patronowe"}]},{"@type":"WebSite","@id":"https:\/\/www.etto.cz\/#website","url":"https:\/\/www.etto.cz\/","name":"ETTO","description":"V\u00fdroba elektrick\u00fdch topn\u00fdch t\u011bles","potentialAction":[{"@type":"SearchAction","target":{"@type":"EntryPoint","urlTemplate":"https:\/\/www.etto.cz\/?s={search_term_string}"},"query-input":{"@type":"PropertyValueSpecification","valueRequired":true,"valueName":"search_term_string"}}],"inLanguage":"pl-PL"}]}},"_links":{"self":[{"href":"https:\/\/www.etto.cz\/pl\/wp-json\/wp\/v2\/pages\/6096","targetHints":{"allow":["GET"]}}],"collection":[{"href":"https:\/\/www.etto.cz\/pl\/wp-json\/wp\/v2\/pages"}],"about":[{"href":"https:\/\/www.etto.cz\/pl\/wp-json\/wp\/v2\/types\/page"}],"author":[{"embeddable":true,"href":"https:\/\/www.etto.cz\/pl\/wp-json\/wp\/v2\/users\/1"}],"replies":[{"embeddable":true,"href":"https:\/\/www.etto.cz\/pl\/wp-json\/wp\/v2\/comments?post=6096"}],"version-history":[{"count":0,"href":"https:\/\/www.etto.cz\/pl\/wp-json\/wp\/v2\/pages\/6096\/revisions"}],"up":[{"embeddable":true,"href":"https:\/\/www.etto.cz\/pl\/wp-json\/wp\/v2\/pages\/6094"}],"wp:featuredmedia":[{"embeddable":true,"href":"https:\/\/www.etto.cz\/pl\/wp-json\/wp\/v2\/media\/414"}],"wp:attachment":[{"href":"https:\/\/www.etto.cz\/pl\/wp-json\/wp\/v2\/media?parent=6096"}],"curies":[{"name":"wp","href":"https:\/\/api.w.org\/{rel}","templated":true}]}}