{"id":6098,"date":"2026-04-15T09:40:59","date_gmt":"2026-04-15T08:40:59","guid":{"rendered":""},"modified":"2026-04-15T09:40:59","modified_gmt":"2026-04-15T08:40:59","slug":"grzalki-patronowe-z-termopara","status":"publish","type":"page","link":"https:\/\/www.etto.cz\/pl\/elektryczne-elementy-grzejne\/grzalki-patronowe\/grzalki-patronowe-z-termopara\/","title":{"rendered":"Grza\u0142ki patronowe wysoko obci\u0105\u017cone z termopar\u0105 i PT100"},"content":{"rendered":"<p style=\"text-align: justify;\">Je\u015bli termopara jest izolowana od p\u0142aszcza grza\u0142ki patronowej, konieczne jest uziemienie grza\u0142ki patronowej po stronie regulacji. Standardowe sposoby umieszczenia termopary w grza\u0142kach wysoko obci\u0105\u017conych przedstawiono na rysunku.<\/p>\n<p>Typ 4 \u2014 osadzona termopara w \u015brodku grza\u0142ki \u2014 mo\u017cliwa tylko przy \u015brednicy 10 mm i wi\u0119cej.<\/p>\n<p>Grza\u0142ki patronowe o \u015brednicy <strong>10 mm i wi\u0119cej<\/strong> mog\u0105 by\u0107 r\u00f3wnie\u017c wyposa\u017cone w czujnik temperatury <strong>PT100, umieszczony na pocz\u0105tku lub na ko\u0144cu grza\u0142ki<\/strong>.<\/p>\n<p style=\"text-align: justify;\"><div class='content-column four_fifth'><p style=\"text-align: justify;\"><strong>Standardowe typy termopar:<\/strong><\/p>\n<table>\n<tbody>\n<tr>\n<td>J &#8211;<\/td>\n<td>-20 \u00b0C \u2013 750 \u00b0C<\/td>\n<td>\u017belazo \u2014 magnetyczne \u2014 biegun dodatni. Mied\u017a\/nikiel \u2014 niemagnetyczne \u2014 biegun ujemny.<\/td>\n<\/tr>\n<tr>\n<td>K &#8211;<\/td>\n<td>-20 \u00b0C \u2013 1 250 \u00b0C<\/td>\n<td>Nikiel\/chrom \u2014 niemagnetyczne \u2014 biegun dodatni. Nikiel\/aluminium \u2014 magnetyczne \u2014 biegun ujemny.<\/td>\n<\/tr>\n<\/tbody>\n<\/table><\/div><br \/>\n&nbsp;<\/p>\n","protected":false},"excerpt":{"rendered":"<p>Je\u015bli termopara jest izolowana od p\u0142aszcza grza\u0142ki patronowej, konieczne jest uziemienie grza\u0142ki patronowej po stronie regulacji. Standardowe sposoby umieszczenia termopary w grza\u0142kach wysoko obci\u0105\u017conych przedstawiono &#8230;<\/p>\n","protected":false},"author":1,"featured_media":856,"parent":6096,"menu_order":0,"comment_status":"closed","ping_status":"closed","template":"_page-menu.php","meta":{"_acf_changed":false,"ngg_post_thumbnail":0,"footnotes":"","_links_to":"","_links_to_target":""},"class_list":["post-6098","page","type-page","status-publish","has-post-thumbnail","hentry"],"acf":[],"yoast_head":"<!-- This site is optimized with the Yoast SEO plugin v27.3 - https:\/\/yoast.com\/product\/yoast-seo-wordpress\/ -->\n<title>Grzalki patronowe z termopara i PT100 | ETTO<\/title>\n<meta name=\"description\" content=\"Grzalki patronowe wysoko obciazone z wbudowana termopara typu J\/K lub czujnikiem PT100 do precyzyjnej regulacji temperatury.\" \/>\n<meta name=\"robots\" content=\"index, follow, max-snippet:-1, max-image-preview:large, max-video-preview:-1\" \/>\n<link rel=\"canonical\" href=\"https:\/\/www.etto.cz\/pl\/elektryczne-elementy-grzejne\/grzalki-patronowe\/grzalki-patronowe-z-termopara\/\" \/>\n<meta property=\"og:locale\" content=\"pl_PL\" \/>\n<meta property=\"og:type\" content=\"article\" \/>\n<meta property=\"og:title\" content=\"Grzalki patronowe z termopara i PT100 | ETTO\" \/>\n<meta property=\"og:description\" content=\"Grzalki patronowe wysoko obciazone z wbudowana termopara typu J\/K lub czujnikiem PT100 do precyzyjnej regulacji temperatury.\" \/>\n<meta property=\"og:url\" content=\"https:\/\/www.etto.cz\/pl\/elektryczne-elementy-grzejne\/grzalki-patronowe\/grzalki-patronowe-z-termopara\/\" \/>\n<meta property=\"og:site_name\" content=\"ETTO\" \/>\n<meta property=\"og:image\" content=\"https:\/\/www.etto.cz\/wp-content\/uploads\/2015\/05\/vysokozatizene-patrony-s-termoclankem.jpg\" \/>\n\t<meta property=\"og:image:width\" content=\"794\" \/>\n\t<meta property=\"og:image:height\" content=\"973\" \/>\n\t<meta property=\"og:image:type\" content=\"image\/jpeg\" \/>\n<meta name=\"twitter:card\" content=\"summary_large_image\" \/>\n<meta name=\"twitter:label1\" content=\"Est. reading time\" \/>\n\t<meta name=\"twitter:data1\" content=\"1 minute\" \/>\n<script type=\"application\/ld+json\" class=\"yoast-schema-graph\">{\"@context\":\"https:\\\/\\\/schema.org\",\"@graph\":[{\"@type\":\"WebPage\",\"@id\":\"https:\\\/\\\/www.etto.cz\\\/elektricka-topna-telesa\\\/topne-patrony\\\/vysocezatizene-topne-patrony-s-termoclankem\\\/\",\"url\":\"https:\\\/\\\/www.etto.cz\\\/elektricka-topna-telesa\\\/topne-patrony\\\/vysocezatizene-topne-patrony-s-termoclankem\\\/\",\"name\":\"Grzalki patronowe z termopara i PT100 | ETTO\",\"isPartOf\":{\"@id\":\"https:\\\/\\\/www.etto.cz\\\/#website\"},\"primaryImageOfPage\":{\"@id\":\"https:\\\/\\\/www.etto.cz\\\/elektricka-topna-telesa\\\/topne-patrony\\\/vysocezatizene-topne-patrony-s-termoclankem\\\/#primaryimage\"},\"image\":{\"@id\":\"https:\\\/\\\/www.etto.cz\\\/elektricka-topna-telesa\\\/topne-patrony\\\/vysocezatizene-topne-patrony-s-termoclankem\\\/#primaryimage\"},\"thumbnailUrl\":\"https:\\\/\\\/www.etto.cz\\\/wp-content\\\/uploads\\\/2015\\\/05\\\/vysokozatizene-patrony-s-termoclankem.jpg\",\"datePublished\":\"2026-04-15T08:40:59+00:00\",\"description\":\"Grzalki patronowe wysoko obciazone z wbudowana termopara typu J\\\/K lub czujnikiem PT100 do precyzyjnej regulacji temperatury.\",\"breadcrumb\":{\"@id\":\"https:\\\/\\\/www.etto.cz\\\/elektricka-topna-telesa\\\/topne-patrony\\\/vysocezatizene-topne-patrony-s-termoclankem\\\/#breadcrumb\"},\"inLanguage\":\"pl-PL\",\"potentialAction\":[{\"@type\":\"ReadAction\",\"target\":[\"https:\\\/\\\/www.etto.cz\\\/elektricka-topna-telesa\\\/topne-patrony\\\/vysocezatizene-topne-patrony-s-termoclankem\\\/\"]}]},{\"@type\":\"ImageObject\",\"inLanguage\":\"pl-PL\",\"@id\":\"https:\\\/\\\/www.etto.cz\\\/elektricka-topna-telesa\\\/topne-patrony\\\/vysocezatizene-topne-patrony-s-termoclankem\\\/#primaryimage\",\"url\":\"https:\\\/\\\/www.etto.cz\\\/wp-content\\\/uploads\\\/2015\\\/05\\\/vysokozatizene-patrony-s-termoclankem.jpg\",\"contentUrl\":\"https:\\\/\\\/www.etto.cz\\\/wp-content\\\/uploads\\\/2015\\\/05\\\/vysokozatizene-patrony-s-termoclankem.jpg\",\"width\":794,\"height\":973},{\"@type\":\"BreadcrumbList\",\"@id\":\"https:\\\/\\\/www.etto.cz\\\/elektricka-topna-telesa\\\/topne-patrony\\\/vysocezatizene-topne-patrony-s-termoclankem\\\/#breadcrumb\",\"itemListElement\":[{\"@type\":\"ListItem\",\"position\":1,\"name\":\"Dom\u016f\",\"item\":\"https:\\\/\\\/www.etto.cz\\\/\"},{\"@type\":\"ListItem\",\"position\":2,\"name\":\"Elektryczne elementy grzejne &#8211; produkty\",\"item\":\"https:\\\/\\\/www.etto.cz\\\/elektricka-topna-telesa\\\/\"},{\"@type\":\"ListItem\",\"position\":3,\"name\":\"Grza\u0142ki patronowe\",\"item\":\"https:\\\/\\\/www.etto.cz\\\/elektricka-topna-telesa\\\/topne-patrony\\\/\"},{\"@type\":\"ListItem\",\"position\":4,\"name\":\"Grza\u0142ki patronowe wysoko obci\u0105\u017cone z termopar\u0105 i PT100\"}]},{\"@type\":\"WebSite\",\"@id\":\"https:\\\/\\\/www.etto.cz\\\/#website\",\"url\":\"https:\\\/\\\/www.etto.cz\\\/\",\"name\":\"ETTO\",\"description\":\"V\u00fdroba elektrick\u00fdch topn\u00fdch t\u011bles\",\"potentialAction\":[{\"@type\":\"SearchAction\",\"target\":{\"@type\":\"EntryPoint\",\"urlTemplate\":\"https:\\\/\\\/www.etto.cz\\\/?s={search_term_string}\"},\"query-input\":{\"@type\":\"PropertyValueSpecification\",\"valueRequired\":true,\"valueName\":\"search_term_string\"}}],\"inLanguage\":\"pl-PL\"}]}<\/script>\n<!-- \/ Yoast SEO plugin. -->","yoast_head_json":{"title":"Grzalki patronowe z termopara i PT100 | ETTO","description":"Grzalki patronowe wysoko obciazone z wbudowana termopara typu J\/K lub czujnikiem PT100 do precyzyjnej regulacji temperatury.","robots":{"index":"index","follow":"follow","max-snippet":"max-snippet:-1","max-image-preview":"max-image-preview:large","max-video-preview":"max-video-preview:-1"},"canonical":"https:\/\/www.etto.cz\/pl\/elektryczne-elementy-grzejne\/grzalki-patronowe\/grzalki-patronowe-z-termopara\/","og_locale":"pl_PL","og_type":"article","og_title":"Grzalki patronowe z termopara i PT100 | ETTO","og_description":"Grzalki patronowe wysoko obciazone z wbudowana termopara typu J\/K lub czujnikiem PT100 do precyzyjnej regulacji temperatury.","og_url":"https:\/\/www.etto.cz\/pl\/elektryczne-elementy-grzejne\/grzalki-patronowe\/grzalki-patronowe-z-termopara\/","og_site_name":"ETTO","og_image":[{"width":794,"height":973,"url":"https:\/\/www.etto.cz\/wp-content\/uploads\/2015\/05\/vysokozatizene-patrony-s-termoclankem.jpg","type":"image\/jpeg"}],"twitter_card":"summary_large_image","twitter_misc":{"Est. reading time":"1 minute"},"schema":{"@context":"https:\/\/schema.org","@graph":[{"@type":"WebPage","@id":"https:\/\/www.etto.cz\/elektricka-topna-telesa\/topne-patrony\/vysocezatizene-topne-patrony-s-termoclankem\/","url":"https:\/\/www.etto.cz\/elektricka-topna-telesa\/topne-patrony\/vysocezatizene-topne-patrony-s-termoclankem\/","name":"Grzalki patronowe z termopara i PT100 | ETTO","isPartOf":{"@id":"https:\/\/www.etto.cz\/#website"},"primaryImageOfPage":{"@id":"https:\/\/www.etto.cz\/elektricka-topna-telesa\/topne-patrony\/vysocezatizene-topne-patrony-s-termoclankem\/#primaryimage"},"image":{"@id":"https:\/\/www.etto.cz\/elektricka-topna-telesa\/topne-patrony\/vysocezatizene-topne-patrony-s-termoclankem\/#primaryimage"},"thumbnailUrl":"https:\/\/www.etto.cz\/wp-content\/uploads\/2015\/05\/vysokozatizene-patrony-s-termoclankem.jpg","datePublished":"2026-04-15T08:40:59+00:00","description":"Grzalki patronowe wysoko obciazone z wbudowana termopara typu J\/K lub czujnikiem PT100 do precyzyjnej regulacji temperatury.","breadcrumb":{"@id":"https:\/\/www.etto.cz\/elektricka-topna-telesa\/topne-patrony\/vysocezatizene-topne-patrony-s-termoclankem\/#breadcrumb"},"inLanguage":"pl-PL","potentialAction":[{"@type":"ReadAction","target":["https:\/\/www.etto.cz\/elektricka-topna-telesa\/topne-patrony\/vysocezatizene-topne-patrony-s-termoclankem\/"]}]},{"@type":"ImageObject","inLanguage":"pl-PL","@id":"https:\/\/www.etto.cz\/elektricka-topna-telesa\/topne-patrony\/vysocezatizene-topne-patrony-s-termoclankem\/#primaryimage","url":"https:\/\/www.etto.cz\/wp-content\/uploads\/2015\/05\/vysokozatizene-patrony-s-termoclankem.jpg","contentUrl":"https:\/\/www.etto.cz\/wp-content\/uploads\/2015\/05\/vysokozatizene-patrony-s-termoclankem.jpg","width":794,"height":973},{"@type":"BreadcrumbList","@id":"https:\/\/www.etto.cz\/elektricka-topna-telesa\/topne-patrony\/vysocezatizene-topne-patrony-s-termoclankem\/#breadcrumb","itemListElement":[{"@type":"ListItem","position":1,"name":"Dom\u016f","item":"https:\/\/www.etto.cz\/"},{"@type":"ListItem","position":2,"name":"Elektryczne elementy grzejne &#8211; produkty","item":"https:\/\/www.etto.cz\/elektricka-topna-telesa\/"},{"@type":"ListItem","position":3,"name":"Grza\u0142ki patronowe","item":"https:\/\/www.etto.cz\/elektricka-topna-telesa\/topne-patrony\/"},{"@type":"ListItem","position":4,"name":"Grza\u0142ki patronowe wysoko obci\u0105\u017cone z termopar\u0105 i PT100"}]},{"@type":"WebSite","@id":"https:\/\/www.etto.cz\/#website","url":"https:\/\/www.etto.cz\/","name":"ETTO","description":"V\u00fdroba elektrick\u00fdch topn\u00fdch t\u011bles","potentialAction":[{"@type":"SearchAction","target":{"@type":"EntryPoint","urlTemplate":"https:\/\/www.etto.cz\/?s={search_term_string}"},"query-input":{"@type":"PropertyValueSpecification","valueRequired":true,"valueName":"search_term_string"}}],"inLanguage":"pl-PL"}]}},"_links":{"self":[{"href":"https:\/\/www.etto.cz\/pl\/wp-json\/wp\/v2\/pages\/6098","targetHints":{"allow":["GET"]}}],"collection":[{"href":"https:\/\/www.etto.cz\/pl\/wp-json\/wp\/v2\/pages"}],"about":[{"href":"https:\/\/www.etto.cz\/pl\/wp-json\/wp\/v2\/types\/page"}],"author":[{"embeddable":true,"href":"https:\/\/www.etto.cz\/pl\/wp-json\/wp\/v2\/users\/1"}],"replies":[{"embeddable":true,"href":"https:\/\/www.etto.cz\/pl\/wp-json\/wp\/v2\/comments?post=6098"}],"version-history":[{"count":0,"href":"https:\/\/www.etto.cz\/pl\/wp-json\/wp\/v2\/pages\/6098\/revisions"}],"up":[{"embeddable":true,"href":"https:\/\/www.etto.cz\/pl\/wp-json\/wp\/v2\/pages\/6096"}],"wp:featuredmedia":[{"embeddable":true,"href":"https:\/\/www.etto.cz\/pl\/wp-json\/wp\/v2\/media\/856"}],"wp:attachment":[{"href":"https:\/\/www.etto.cz\/pl\/wp-json\/wp\/v2\/media?parent=6098"}],"curies":[{"name":"wp","href":"https:\/\/api.w.org\/{rel}","templated":true}]}}