{"id":6101,"date":"2026-04-15T09:40:59","date_gmt":"2026-04-15T08:40:59","guid":{"rendered":""},"modified":"2026-04-15T09:40:59","modified_gmt":"2026-04-15T08:40:59","slug":"grzalki-patronowe-ze-strefami-grzewczymi","status":"publish","type":"page","link":"https:\/\/www.etto.cz\/pl\/elektryczne-elementy-grzejne\/grzalki-patronowe\/grzalki-patronowe-ze-strefami-grzewczymi\/","title":{"rendered":"Grza\u0142ki patronowe ze specyfikowanymi strefami grzewczymi"},"content":{"rendered":"<p style=\"text-align: justify;\">S\u0105 to grza\u0142ki patronowe z r\u00f3\u017cnym obci\u0105\u017ceniem powierzchniowym (W\/cm2) w okre\u015blonych cz\u0119\u015bciach grza\u0142ki. Przy zam\u00f3wieniu nale\u017cy okre\u015bli\u0107 moc i d\u0142ugo\u015b\u0107 stref grzewczych (np. ko\u0144ce grza\u0142ki: 30 mm + 10% mocy).<\/p>\n<p style=\"text-align: justify;\">Kolejn\u0105 opcj\u0105 s\u0105 <strong>grza\u0142ki, w kt\u00f3rych dwie strefy grzewcze s\u0105 sterowane indywidualnie.<\/strong> Wariant ten jest dost\u0119pny dla grza\u0142ek o \u015brednicy 16 mm i 20 mm. Wymagana konsultacja przed z\u0142o\u017ceniem zam\u00f3wienia.<\/p>\n","protected":false},"excerpt":{"rendered":"<p>S\u0105 to grza\u0142ki patronowe z r\u00f3\u017cnym obci\u0105\u017ceniem powierzchniowym (W\/cm2) w okre\u015blonych cz\u0119\u015bciach grza\u0142ki. Przy zam\u00f3wieniu nale\u017cy okre\u015bli\u0107 moc i d\u0142ugo\u015b\u0107 stref grzewczych (np. ko\u0144ce grza\u0142ki: &#8230;<\/p>\n","protected":false},"author":1,"featured_media":1327,"parent":6096,"menu_order":0,"comment_status":"closed","ping_status":"closed","template":"_page-menu.php","meta":{"_acf_changed":false,"ngg_post_thumbnail":0,"footnotes":"","_links_to":"","_links_to_target":""},"class_list":["post-6101","page","type-page","status-publish","has-post-thumbnail","hentry"],"acf":[],"yoast_head":"<!-- This site is optimized with the Yoast SEO plugin v27.3 - https:\/\/yoast.com\/product\/yoast-seo-wordpress\/ -->\n<title>Grza\u0142ki patronowe ze specyfikowanymi strefami grzewczymi - ETTO<\/title>\n<meta name=\"robots\" content=\"index, follow, max-snippet:-1, max-image-preview:large, max-video-preview:-1\" \/>\n<link rel=\"canonical\" href=\"https:\/\/www.etto.cz\/pl\/elektryczne-elementy-grzejne\/grzalki-patronowe\/grzalki-patronowe-ze-strefami-grzewczymi\/\" \/>\n<meta property=\"og:locale\" content=\"pl_PL\" \/>\n<meta property=\"og:type\" content=\"article\" \/>\n<meta property=\"og:title\" content=\"Grza\u0142ki patronowe ze specyfikowanymi strefami grzewczymi - ETTO\" \/>\n<meta property=\"og:description\" content=\"S\u0105 to grza\u0142ki patronowe z r\u00f3\u017cnym obci\u0105\u017ceniem powierzchniowym (W\/cm2) w okre\u015blonych cz\u0119\u015bciach grza\u0142ki. Przy zam\u00f3wieniu nale\u017cy okre\u015bli\u0107 moc i d\u0142ugo\u015b\u0107 stref grzewczych (np. ko\u0144ce grza\u0142ki: ...\" \/>\n<meta property=\"og:url\" content=\"https:\/\/www.etto.cz\/pl\/elektryczne-elementy-grzejne\/grzalki-patronowe\/grzalki-patronowe-ze-strefami-grzewczymi\/\" \/>\n<meta property=\"og:site_name\" content=\"ETTO\" \/>\n<meta property=\"og:image\" content=\"https:\/\/www.etto.cz\/wp-content\/uploads\/2016\/12\/patrona_zony.jpg\" \/>\n\t<meta property=\"og:image:width\" content=\"783\" \/>\n\t<meta property=\"og:image:height\" content=\"753\" \/>\n\t<meta property=\"og:image:type\" content=\"image\/jpeg\" \/>\n<meta name=\"twitter:card\" content=\"summary_large_image\" \/>\n<script type=\"application\/ld+json\" class=\"yoast-schema-graph\">{\"@context\":\"https:\\\/\\\/schema.org\",\"@graph\":[{\"@type\":\"WebPage\",\"@id\":\"https:\\\/\\\/www.etto.cz\\\/pl\\\/elektryczne-elementy-grzejne\\\/grzalki-patronowe\\\/grzalki-patronowe-ze-strefami-grzewczymi\\\/\",\"url\":\"https:\\\/\\\/www.etto.cz\\\/pl\\\/elektryczne-elementy-grzejne\\\/grzalki-patronowe\\\/grzalki-patronowe-ze-strefami-grzewczymi\\\/\",\"name\":\"Grza\u0142ki patronowe ze specyfikowanymi strefami grzewczymi - ETTO\",\"isPartOf\":{\"@id\":\"https:\\\/\\\/www.etto.cz\\\/#website\"},\"primaryImageOfPage\":{\"@id\":\"https:\\\/\\\/www.etto.cz\\\/pl\\\/elektryczne-elementy-grzejne\\\/grzalki-patronowe\\\/grzalki-patronowe-ze-strefami-grzewczymi\\\/#primaryimage\"},\"image\":{\"@id\":\"https:\\\/\\\/www.etto.cz\\\/pl\\\/elektryczne-elementy-grzejne\\\/grzalki-patronowe\\\/grzalki-patronowe-ze-strefami-grzewczymi\\\/#primaryimage\"},\"thumbnailUrl\":\"https:\\\/\\\/www.etto.cz\\\/wp-content\\\/uploads\\\/2016\\\/12\\\/patrona_zony.jpg\",\"datePublished\":\"2026-04-15T08:40:59+00:00\",\"breadcrumb\":{\"@id\":\"https:\\\/\\\/www.etto.cz\\\/pl\\\/elektryczne-elementy-grzejne\\\/grzalki-patronowe\\\/grzalki-patronowe-ze-strefami-grzewczymi\\\/#breadcrumb\"},\"inLanguage\":\"pl-PL\",\"potentialAction\":[{\"@type\":\"ReadAction\",\"target\":[\"https:\\\/\\\/www.etto.cz\\\/pl\\\/elektryczne-elementy-grzejne\\\/grzalki-patronowe\\\/grzalki-patronowe-ze-strefami-grzewczymi\\\/\"]}]},{\"@type\":\"ImageObject\",\"inLanguage\":\"pl-PL\",\"@id\":\"https:\\\/\\\/www.etto.cz\\\/pl\\\/elektryczne-elementy-grzejne\\\/grzalki-patronowe\\\/grzalki-patronowe-ze-strefami-grzewczymi\\\/#primaryimage\",\"url\":\"https:\\\/\\\/www.etto.cz\\\/wp-content\\\/uploads\\\/2016\\\/12\\\/patrona_zony.jpg\",\"contentUrl\":\"https:\\\/\\\/www.etto.cz\\\/wp-content\\\/uploads\\\/2016\\\/12\\\/patrona_zony.jpg\",\"width\":783,\"height\":753},{\"@type\":\"BreadcrumbList\",\"@id\":\"https:\\\/\\\/www.etto.cz\\\/pl\\\/elektryczne-elementy-grzejne\\\/grzalki-patronowe\\\/grzalki-patronowe-ze-strefami-grzewczymi\\\/#breadcrumb\",\"itemListElement\":[{\"@type\":\"ListItem\",\"position\":1,\"name\":\"Dom\u016f\",\"item\":\"https:\\\/\\\/www.etto.cz\\\/\"},{\"@type\":\"ListItem\",\"position\":2,\"name\":\"Elektryczne elementy grzejne &#8211; produkty\",\"item\":\"https:\\\/\\\/www.etto.cz\\\/elektricka-topna-telesa\\\/\"},{\"@type\":\"ListItem\",\"position\":3,\"name\":\"Grza\u0142ki patronowe\",\"item\":\"https:\\\/\\\/www.etto.cz\\\/elektricka-topna-telesa\\\/topne-patrony\\\/\"},{\"@type\":\"ListItem\",\"position\":4,\"name\":\"Grza\u0142ki patronowe ze specyfikowanymi strefami grzewczymi\"}]},{\"@type\":\"WebSite\",\"@id\":\"https:\\\/\\\/www.etto.cz\\\/#website\",\"url\":\"https:\\\/\\\/www.etto.cz\\\/\",\"name\":\"ETTO\",\"description\":\"V\u00fdroba elektrick\u00fdch topn\u00fdch t\u011bles\",\"potentialAction\":[{\"@type\":\"SearchAction\",\"target\":{\"@type\":\"EntryPoint\",\"urlTemplate\":\"https:\\\/\\\/www.etto.cz\\\/?s={search_term_string}\"},\"query-input\":{\"@type\":\"PropertyValueSpecification\",\"valueRequired\":true,\"valueName\":\"search_term_string\"}}],\"inLanguage\":\"pl-PL\"}]}<\/script>\n<!-- \/ Yoast SEO plugin. -->","yoast_head_json":{"title":"Grza\u0142ki patronowe ze specyfikowanymi strefami grzewczymi - ETTO","robots":{"index":"index","follow":"follow","max-snippet":"max-snippet:-1","max-image-preview":"max-image-preview:large","max-video-preview":"max-video-preview:-1"},"canonical":"https:\/\/www.etto.cz\/pl\/elektryczne-elementy-grzejne\/grzalki-patronowe\/grzalki-patronowe-ze-strefami-grzewczymi\/","og_locale":"pl_PL","og_type":"article","og_title":"Grza\u0142ki patronowe ze specyfikowanymi strefami grzewczymi - ETTO","og_description":"S\u0105 to grza\u0142ki patronowe z r\u00f3\u017cnym obci\u0105\u017ceniem powierzchniowym (W\/cm2) w okre\u015blonych cz\u0119\u015bciach grza\u0142ki. Przy zam\u00f3wieniu nale\u017cy okre\u015bli\u0107 moc i d\u0142ugo\u015b\u0107 stref grzewczych (np. ko\u0144ce grza\u0142ki: ...","og_url":"https:\/\/www.etto.cz\/pl\/elektryczne-elementy-grzejne\/grzalki-patronowe\/grzalki-patronowe-ze-strefami-grzewczymi\/","og_site_name":"ETTO","og_image":[{"width":783,"height":753,"url":"https:\/\/www.etto.cz\/wp-content\/uploads\/2016\/12\/patrona_zony.jpg","type":"image\/jpeg"}],"twitter_card":"summary_large_image","schema":{"@context":"https:\/\/schema.org","@graph":[{"@type":"WebPage","@id":"https:\/\/www.etto.cz\/pl\/elektryczne-elementy-grzejne\/grzalki-patronowe\/grzalki-patronowe-ze-strefami-grzewczymi\/","url":"https:\/\/www.etto.cz\/pl\/elektryczne-elementy-grzejne\/grzalki-patronowe\/grzalki-patronowe-ze-strefami-grzewczymi\/","name":"Grza\u0142ki patronowe ze specyfikowanymi strefami grzewczymi - ETTO","isPartOf":{"@id":"https:\/\/www.etto.cz\/#website"},"primaryImageOfPage":{"@id":"https:\/\/www.etto.cz\/pl\/elektryczne-elementy-grzejne\/grzalki-patronowe\/grzalki-patronowe-ze-strefami-grzewczymi\/#primaryimage"},"image":{"@id":"https:\/\/www.etto.cz\/pl\/elektryczne-elementy-grzejne\/grzalki-patronowe\/grzalki-patronowe-ze-strefami-grzewczymi\/#primaryimage"},"thumbnailUrl":"https:\/\/www.etto.cz\/wp-content\/uploads\/2016\/12\/patrona_zony.jpg","datePublished":"2026-04-15T08:40:59+00:00","breadcrumb":{"@id":"https:\/\/www.etto.cz\/pl\/elektryczne-elementy-grzejne\/grzalki-patronowe\/grzalki-patronowe-ze-strefami-grzewczymi\/#breadcrumb"},"inLanguage":"pl-PL","potentialAction":[{"@type":"ReadAction","target":["https:\/\/www.etto.cz\/pl\/elektryczne-elementy-grzejne\/grzalki-patronowe\/grzalki-patronowe-ze-strefami-grzewczymi\/"]}]},{"@type":"ImageObject","inLanguage":"pl-PL","@id":"https:\/\/www.etto.cz\/pl\/elektryczne-elementy-grzejne\/grzalki-patronowe\/grzalki-patronowe-ze-strefami-grzewczymi\/#primaryimage","url":"https:\/\/www.etto.cz\/wp-content\/uploads\/2016\/12\/patrona_zony.jpg","contentUrl":"https:\/\/www.etto.cz\/wp-content\/uploads\/2016\/12\/patrona_zony.jpg","width":783,"height":753},{"@type":"BreadcrumbList","@id":"https:\/\/www.etto.cz\/pl\/elektryczne-elementy-grzejne\/grzalki-patronowe\/grzalki-patronowe-ze-strefami-grzewczymi\/#breadcrumb","itemListElement":[{"@type":"ListItem","position":1,"name":"Dom\u016f","item":"https:\/\/www.etto.cz\/"},{"@type":"ListItem","position":2,"name":"Elektryczne elementy grzejne &#8211; produkty","item":"https:\/\/www.etto.cz\/elektricka-topna-telesa\/"},{"@type":"ListItem","position":3,"name":"Grza\u0142ki patronowe","item":"https:\/\/www.etto.cz\/elektricka-topna-telesa\/topne-patrony\/"},{"@type":"ListItem","position":4,"name":"Grza\u0142ki patronowe ze specyfikowanymi strefami grzewczymi"}]},{"@type":"WebSite","@id":"https:\/\/www.etto.cz\/#website","url":"https:\/\/www.etto.cz\/","name":"ETTO","description":"V\u00fdroba elektrick\u00fdch topn\u00fdch t\u011bles","potentialAction":[{"@type":"SearchAction","target":{"@type":"EntryPoint","urlTemplate":"https:\/\/www.etto.cz\/?s={search_term_string}"},"query-input":{"@type":"PropertyValueSpecification","valueRequired":true,"valueName":"search_term_string"}}],"inLanguage":"pl-PL"}]}},"_links":{"self":[{"href":"https:\/\/www.etto.cz\/pl\/wp-json\/wp\/v2\/pages\/6101","targetHints":{"allow":["GET"]}}],"collection":[{"href":"https:\/\/www.etto.cz\/pl\/wp-json\/wp\/v2\/pages"}],"about":[{"href":"https:\/\/www.etto.cz\/pl\/wp-json\/wp\/v2\/types\/page"}],"author":[{"embeddable":true,"href":"https:\/\/www.etto.cz\/pl\/wp-json\/wp\/v2\/users\/1"}],"replies":[{"embeddable":true,"href":"https:\/\/www.etto.cz\/pl\/wp-json\/wp\/v2\/comments?post=6101"}],"version-history":[{"count":0,"href":"https:\/\/www.etto.cz\/pl\/wp-json\/wp\/v2\/pages\/6101\/revisions"}],"up":[{"embeddable":true,"href":"https:\/\/www.etto.cz\/pl\/wp-json\/wp\/v2\/pages\/6096"}],"wp:featuredmedia":[{"embeddable":true,"href":"https:\/\/www.etto.cz\/pl\/wp-json\/wp\/v2\/media\/1327"}],"wp:attachment":[{"href":"https:\/\/www.etto.cz\/pl\/wp-json\/wp\/v2\/media?parent=6101"}],"curies":[{"name":"wp","href":"https:\/\/api.w.org\/{rel}","templated":true}]}}