{"id":6102,"date":"2026-04-15T09:40:59","date_gmt":"2026-04-15T08:40:59","guid":{"rendered":""},"modified":"2026-04-15T09:40:59","modified_gmt":"2026-04-15T08:40:59","slug":"grzalki-patronowe-z-podwojna-izolacja","status":"publish","type":"page","link":"https:\/\/www.etto.cz\/pl\/elektryczne-elementy-grzejne\/grzalki-patronowe\/grzalki-patronowe-z-podwojna-izolacja\/","title":{"rendered":"Grza\u0142ki patronowe z podw\u00f3jn\u0105 izolacj\u0105 (z niskimi pr\u0105dami up\u0142ywu)"},"content":{"rendered":"<p style=\"text-align: justify;\">Grza\u0142ki patronowe z podw\u00f3jn\u0105 izolacj\u0105 to specyficzna konstrukcja grza\u0142ek. Stosuje si\u0119 je w zastosowaniach wymagaj\u0105cych podw\u00f3jnej izolacji (bezpiecze\u0144stwo) lub niskich pr\u0105d\u00f3w up\u0142ywu. Dost\u0119pne dla grza\u0142ek o \u015brednicach 10 mm, 12,5 mm, 14 mm, 16 mm, 20 mm.<\/p>\n","protected":false},"excerpt":{"rendered":"<p>Grza\u0142ki patronowe z podw\u00f3jn\u0105 izolacj\u0105 to specyficzna konstrukcja grza\u0142ek. Stosuje si\u0119 je w zastosowaniach wymagaj\u0105cych podw\u00f3jnej izolacji (bezpiecze\u0144stwo) lub niskich pr\u0105d\u00f3w up\u0142ywu. Dost\u0119pne dla grza\u0142ek &#8230;<\/p>\n","protected":false},"author":1,"featured_media":1261,"parent":6096,"menu_order":0,"comment_status":"closed","ping_status":"closed","template":"_page-menu.php","meta":{"_acf_changed":false,"ngg_post_thumbnail":0,"footnotes":"","_links_to":"","_links_to_target":""},"class_list":["post-6102","page","type-page","status-publish","has-post-thumbnail","hentry"],"acf":[],"yoast_head":"<!-- This site is optimized with the Yoast SEO plugin v27.3 - https:\/\/yoast.com\/product\/yoast-seo-wordpress\/ -->\n<title>Grza\u0142ki patronowe z podw\u00f3jn\u0105 izolacj\u0105 (z niskimi pr\u0105dami up\u0142ywu) - ETTO<\/title>\n<meta name=\"robots\" content=\"index, follow, max-snippet:-1, max-image-preview:large, max-video-preview:-1\" \/>\n<link rel=\"canonical\" href=\"https:\/\/www.etto.cz\/pl\/elektryczne-elementy-grzejne\/grzalki-patronowe\/grzalki-patronowe-z-podwojna-izolacja\/\" \/>\n<meta property=\"og:locale\" content=\"pl_PL\" \/>\n<meta property=\"og:type\" content=\"article\" \/>\n<meta property=\"og:title\" content=\"Grza\u0142ki patronowe z podw\u00f3jn\u0105 izolacj\u0105 (z niskimi pr\u0105dami up\u0142ywu) - ETTO\" \/>\n<meta property=\"og:description\" content=\"Grza\u0142ki patronowe z podw\u00f3jn\u0105 izolacj\u0105 to specyficzna konstrukcja grza\u0142ek. Stosuje si\u0119 je w zastosowaniach wymagaj\u0105cych podw\u00f3jnej izolacji (bezpiecze\u0144stwo) lub niskich pr\u0105d\u00f3w up\u0142ywu. Dost\u0119pne dla grza\u0142ek ...\" \/>\n<meta property=\"og:url\" content=\"https:\/\/www.etto.cz\/pl\/elektryczne-elementy-grzejne\/grzalki-patronowe\/grzalki-patronowe-z-podwojna-izolacja\/\" \/>\n<meta property=\"og:site_name\" content=\"ETTO\" \/>\n<meta property=\"og:image\" content=\"https:\/\/www.etto.cz\/wp-content\/uploads\/2016\/12\/vysocezatizena_patr.jpg\" \/>\n\t<meta property=\"og:image:width\" content=\"800\" \/>\n\t<meta property=\"og:image:height\" content=\"800\" \/>\n\t<meta property=\"og:image:type\" content=\"image\/jpeg\" \/>\n<meta name=\"twitter:card\" content=\"summary_large_image\" \/>\n<script type=\"application\/ld+json\" class=\"yoast-schema-graph\">{\"@context\":\"https:\\\/\\\/schema.org\",\"@graph\":[{\"@type\":\"WebPage\",\"@id\":\"https:\\\/\\\/www.etto.cz\\\/pl\\\/elektryczne-elementy-grzejne\\\/grzalki-patronowe\\\/grzalki-patronowe-z-podwojna-izolacja\\\/\",\"url\":\"https:\\\/\\\/www.etto.cz\\\/pl\\\/elektryczne-elementy-grzejne\\\/grzalki-patronowe\\\/grzalki-patronowe-z-podwojna-izolacja\\\/\",\"name\":\"Grza\u0142ki patronowe z podw\u00f3jn\u0105 izolacj\u0105 (z niskimi pr\u0105dami up\u0142ywu) - ETTO\",\"isPartOf\":{\"@id\":\"https:\\\/\\\/www.etto.cz\\\/#website\"},\"primaryImageOfPage\":{\"@id\":\"https:\\\/\\\/www.etto.cz\\\/pl\\\/elektryczne-elementy-grzejne\\\/grzalki-patronowe\\\/grzalki-patronowe-z-podwojna-izolacja\\\/#primaryimage\"},\"image\":{\"@id\":\"https:\\\/\\\/www.etto.cz\\\/pl\\\/elektryczne-elementy-grzejne\\\/grzalki-patronowe\\\/grzalki-patronowe-z-podwojna-izolacja\\\/#primaryimage\"},\"thumbnailUrl\":\"https:\\\/\\\/www.etto.cz\\\/wp-content\\\/uploads\\\/2016\\\/12\\\/vysocezatizena_patr.jpg\",\"datePublished\":\"2026-04-15T08:40:59+00:00\",\"breadcrumb\":{\"@id\":\"https:\\\/\\\/www.etto.cz\\\/pl\\\/elektryczne-elementy-grzejne\\\/grzalki-patronowe\\\/grzalki-patronowe-z-podwojna-izolacja\\\/#breadcrumb\"},\"inLanguage\":\"pl-PL\",\"potentialAction\":[{\"@type\":\"ReadAction\",\"target\":[\"https:\\\/\\\/www.etto.cz\\\/pl\\\/elektryczne-elementy-grzejne\\\/grzalki-patronowe\\\/grzalki-patronowe-z-podwojna-izolacja\\\/\"]}]},{\"@type\":\"ImageObject\",\"inLanguage\":\"pl-PL\",\"@id\":\"https:\\\/\\\/www.etto.cz\\\/pl\\\/elektryczne-elementy-grzejne\\\/grzalki-patronowe\\\/grzalki-patronowe-z-podwojna-izolacja\\\/#primaryimage\",\"url\":\"https:\\\/\\\/www.etto.cz\\\/wp-content\\\/uploads\\\/2016\\\/12\\\/vysocezatizena_patr.jpg\",\"contentUrl\":\"https:\\\/\\\/www.etto.cz\\\/wp-content\\\/uploads\\\/2016\\\/12\\\/vysocezatizena_patr.jpg\",\"width\":800,\"height\":800},{\"@type\":\"BreadcrumbList\",\"@id\":\"https:\\\/\\\/www.etto.cz\\\/pl\\\/elektryczne-elementy-grzejne\\\/grzalki-patronowe\\\/grzalki-patronowe-z-podwojna-izolacja\\\/#breadcrumb\",\"itemListElement\":[{\"@type\":\"ListItem\",\"position\":1,\"name\":\"Dom\u016f\",\"item\":\"https:\\\/\\\/www.etto.cz\\\/\"},{\"@type\":\"ListItem\",\"position\":2,\"name\":\"Elektryczne elementy grzejne &#8211; produkty\",\"item\":\"https:\\\/\\\/www.etto.cz\\\/elektricka-topna-telesa\\\/\"},{\"@type\":\"ListItem\",\"position\":3,\"name\":\"Grza\u0142ki patronowe\",\"item\":\"https:\\\/\\\/www.etto.cz\\\/elektricka-topna-telesa\\\/topne-patrony\\\/\"},{\"@type\":\"ListItem\",\"position\":4,\"name\":\"Grza\u0142ki patronowe z podw\u00f3jn\u0105 izolacj\u0105 (z niskimi pr\u0105dami up\u0142ywu)\"}]},{\"@type\":\"WebSite\",\"@id\":\"https:\\\/\\\/www.etto.cz\\\/#website\",\"url\":\"https:\\\/\\\/www.etto.cz\\\/\",\"name\":\"ETTO\",\"description\":\"V\u00fdroba elektrick\u00fdch topn\u00fdch t\u011bles\",\"potentialAction\":[{\"@type\":\"SearchAction\",\"target\":{\"@type\":\"EntryPoint\",\"urlTemplate\":\"https:\\\/\\\/www.etto.cz\\\/?s={search_term_string}\"},\"query-input\":{\"@type\":\"PropertyValueSpecification\",\"valueRequired\":true,\"valueName\":\"search_term_string\"}}],\"inLanguage\":\"pl-PL\"}]}<\/script>\n<!-- \/ Yoast SEO plugin. -->","yoast_head_json":{"title":"Grza\u0142ki patronowe z podw\u00f3jn\u0105 izolacj\u0105 (z niskimi pr\u0105dami up\u0142ywu) - ETTO","robots":{"index":"index","follow":"follow","max-snippet":"max-snippet:-1","max-image-preview":"max-image-preview:large","max-video-preview":"max-video-preview:-1"},"canonical":"https:\/\/www.etto.cz\/pl\/elektryczne-elementy-grzejne\/grzalki-patronowe\/grzalki-patronowe-z-podwojna-izolacja\/","og_locale":"pl_PL","og_type":"article","og_title":"Grza\u0142ki patronowe z podw\u00f3jn\u0105 izolacj\u0105 (z niskimi pr\u0105dami up\u0142ywu) - ETTO","og_description":"Grza\u0142ki patronowe z podw\u00f3jn\u0105 izolacj\u0105 to specyficzna konstrukcja grza\u0142ek. Stosuje si\u0119 je w zastosowaniach wymagaj\u0105cych podw\u00f3jnej izolacji (bezpiecze\u0144stwo) lub niskich pr\u0105d\u00f3w up\u0142ywu. Dost\u0119pne dla grza\u0142ek ...","og_url":"https:\/\/www.etto.cz\/pl\/elektryczne-elementy-grzejne\/grzalki-patronowe\/grzalki-patronowe-z-podwojna-izolacja\/","og_site_name":"ETTO","og_image":[{"width":800,"height":800,"url":"https:\/\/www.etto.cz\/wp-content\/uploads\/2016\/12\/vysocezatizena_patr.jpg","type":"image\/jpeg"}],"twitter_card":"summary_large_image","schema":{"@context":"https:\/\/schema.org","@graph":[{"@type":"WebPage","@id":"https:\/\/www.etto.cz\/pl\/elektryczne-elementy-grzejne\/grzalki-patronowe\/grzalki-patronowe-z-podwojna-izolacja\/","url":"https:\/\/www.etto.cz\/pl\/elektryczne-elementy-grzejne\/grzalki-patronowe\/grzalki-patronowe-z-podwojna-izolacja\/","name":"Grza\u0142ki patronowe z podw\u00f3jn\u0105 izolacj\u0105 (z niskimi pr\u0105dami up\u0142ywu) - ETTO","isPartOf":{"@id":"https:\/\/www.etto.cz\/#website"},"primaryImageOfPage":{"@id":"https:\/\/www.etto.cz\/pl\/elektryczne-elementy-grzejne\/grzalki-patronowe\/grzalki-patronowe-z-podwojna-izolacja\/#primaryimage"},"image":{"@id":"https:\/\/www.etto.cz\/pl\/elektryczne-elementy-grzejne\/grzalki-patronowe\/grzalki-patronowe-z-podwojna-izolacja\/#primaryimage"},"thumbnailUrl":"https:\/\/www.etto.cz\/wp-content\/uploads\/2016\/12\/vysocezatizena_patr.jpg","datePublished":"2026-04-15T08:40:59+00:00","breadcrumb":{"@id":"https:\/\/www.etto.cz\/pl\/elektryczne-elementy-grzejne\/grzalki-patronowe\/grzalki-patronowe-z-podwojna-izolacja\/#breadcrumb"},"inLanguage":"pl-PL","potentialAction":[{"@type":"ReadAction","target":["https:\/\/www.etto.cz\/pl\/elektryczne-elementy-grzejne\/grzalki-patronowe\/grzalki-patronowe-z-podwojna-izolacja\/"]}]},{"@type":"ImageObject","inLanguage":"pl-PL","@id":"https:\/\/www.etto.cz\/pl\/elektryczne-elementy-grzejne\/grzalki-patronowe\/grzalki-patronowe-z-podwojna-izolacja\/#primaryimage","url":"https:\/\/www.etto.cz\/wp-content\/uploads\/2016\/12\/vysocezatizena_patr.jpg","contentUrl":"https:\/\/www.etto.cz\/wp-content\/uploads\/2016\/12\/vysocezatizena_patr.jpg","width":800,"height":800},{"@type":"BreadcrumbList","@id":"https:\/\/www.etto.cz\/pl\/elektryczne-elementy-grzejne\/grzalki-patronowe\/grzalki-patronowe-z-podwojna-izolacja\/#breadcrumb","itemListElement":[{"@type":"ListItem","position":1,"name":"Dom\u016f","item":"https:\/\/www.etto.cz\/"},{"@type":"ListItem","position":2,"name":"Elektryczne elementy grzejne &#8211; produkty","item":"https:\/\/www.etto.cz\/elektricka-topna-telesa\/"},{"@type":"ListItem","position":3,"name":"Grza\u0142ki patronowe","item":"https:\/\/www.etto.cz\/elektricka-topna-telesa\/topne-patrony\/"},{"@type":"ListItem","position":4,"name":"Grza\u0142ki patronowe z podw\u00f3jn\u0105 izolacj\u0105 (z niskimi pr\u0105dami up\u0142ywu)"}]},{"@type":"WebSite","@id":"https:\/\/www.etto.cz\/#website","url":"https:\/\/www.etto.cz\/","name":"ETTO","description":"V\u00fdroba elektrick\u00fdch topn\u00fdch t\u011bles","potentialAction":[{"@type":"SearchAction","target":{"@type":"EntryPoint","urlTemplate":"https:\/\/www.etto.cz\/?s={search_term_string}"},"query-input":{"@type":"PropertyValueSpecification","valueRequired":true,"valueName":"search_term_string"}}],"inLanguage":"pl-PL"}]}},"_links":{"self":[{"href":"https:\/\/www.etto.cz\/pl\/wp-json\/wp\/v2\/pages\/6102","targetHints":{"allow":["GET"]}}],"collection":[{"href":"https:\/\/www.etto.cz\/pl\/wp-json\/wp\/v2\/pages"}],"about":[{"href":"https:\/\/www.etto.cz\/pl\/wp-json\/wp\/v2\/types\/page"}],"author":[{"embeddable":true,"href":"https:\/\/www.etto.cz\/pl\/wp-json\/wp\/v2\/users\/1"}],"replies":[{"embeddable":true,"href":"https:\/\/www.etto.cz\/pl\/wp-json\/wp\/v2\/comments?post=6102"}],"version-history":[{"count":0,"href":"https:\/\/www.etto.cz\/pl\/wp-json\/wp\/v2\/pages\/6102\/revisions"}],"up":[{"embeddable":true,"href":"https:\/\/www.etto.cz\/pl\/wp-json\/wp\/v2\/pages\/6096"}],"wp:featuredmedia":[{"embeddable":true,"href":"https:\/\/www.etto.cz\/pl\/wp-json\/wp\/v2\/media\/1261"}],"wp:attachment":[{"href":"https:\/\/www.etto.cz\/pl\/wp-json\/wp\/v2\/media?parent=6102"}],"curies":[{"name":"wp","href":"https:\/\/api.w.org\/{rel}","templated":true}]}}