{"id":6109,"date":"2026-04-15T09:40:59","date_gmt":"2026-04-15T08:40:59","guid":{"rendered":""},"modified":"2026-04-15T09:40:59","modified_gmt":"2026-04-15T08:40:59","slug":"opaska-grzejna-z-profilu","status":"publish","type":"page","link":"https:\/\/www.etto.cz\/pl\/elektryczne-elementy-grzejne\/grzalki-opaskowe\/opaska-grzejna-z-profilu\/","title":{"rendered":"Opaska grzejna z profilu 7,2\u00d72,7"},"content":{"rendered":"<p style=\"text-align: justify;\">Konstrukcja tej opaski gwarantuje odporno\u015b\u0107 na wp\u0142ywy mechaniczne, uderzenia, w tym degradacj\u0119 izolacji z powodu wilgoci, przypadkowe zanurzenie itp.<\/p>\n","protected":false},"excerpt":{"rendered":"<p>Konstrukcja tej opaski gwarantuje odporno\u015b\u0107 na wp\u0142ywy mechaniczne, uderzenia, w tym degradacj\u0119 izolacji z powodu wilgoci, przypadkowe zanurzenie itp.<\/p>\n","protected":false},"author":1,"featured_media":411,"parent":6106,"menu_order":0,"comment_status":"closed","ping_status":"closed","template":"_page-menu.php","meta":{"_acf_changed":false,"ngg_post_thumbnail":0,"footnotes":"","_links_to":"","_links_to_target":""},"class_list":["post-6109","page","type-page","status-publish","has-post-thumbnail","hentry"],"acf":[],"yoast_head":"<!-- This site is optimized with the Yoast SEO plugin v27.3 - https:\/\/yoast.com\/product\/yoast-seo-wordpress\/ -->\n<title>Opaska grzejna z profilu 7,2x2,7 | ETTO<\/title>\n<meta name=\"description\" content=\"Opaska grzejna z profilu 7,2x2,7 mm. Ekonomiczne rozwiazanie grzewcze do cylindrow wtryskarek.\" \/>\n<meta name=\"robots\" content=\"index, follow, max-snippet:-1, max-image-preview:large, max-video-preview:-1\" \/>\n<link rel=\"canonical\" href=\"https:\/\/www.etto.cz\/pl\/elektryczne-elementy-grzejne\/grzalki-opaskowe\/opaska-grzejna-z-profilu\/\" \/>\n<meta property=\"og:locale\" content=\"pl_PL\" \/>\n<meta property=\"og:type\" content=\"article\" \/>\n<meta property=\"og:title\" content=\"Opaska grzejna z profilu 7,2x2,7 | ETTO\" \/>\n<meta property=\"og:description\" content=\"Opaska grzejna z profilu 7,2x2,7 mm. Ekonomiczne rozwiazanie grzewcze do cylindrow wtryskarek.\" \/>\n<meta property=\"og:url\" content=\"https:\/\/www.etto.cz\/pl\/elektryczne-elementy-grzejne\/grzalki-opaskowe\/opaska-grzejna-z-profilu\/\" \/>\n<meta property=\"og:site_name\" content=\"ETTO\" \/>\n<meta property=\"og:image\" content=\"https:\/\/www.etto.cz\/wp-content\/uploads\/2015\/05\/topne-pasy.jpg\" \/>\n\t<meta property=\"og:image:width\" content=\"400\" \/>\n\t<meta property=\"og:image:height\" content=\"400\" \/>\n\t<meta property=\"og:image:type\" content=\"image\/jpeg\" \/>\n<meta name=\"twitter:card\" content=\"summary_large_image\" \/>\n<script type=\"application\/ld+json\" class=\"yoast-schema-graph\">{\"@context\":\"https:\\\/\\\/schema.org\",\"@graph\":[{\"@type\":\"WebPage\",\"@id\":\"https:\\\/\\\/www.etto.cz\\\/elektricka-topna-telesa\\\/topne-pasy\\\/topny-obojek-z-tyce-profilu-9-x-4\\\/\",\"url\":\"https:\\\/\\\/www.etto.cz\\\/elektricka-topna-telesa\\\/topne-pasy\\\/topny-obojek-z-tyce-profilu-9-x-4\\\/\",\"name\":\"Opaska grzejna z profilu 7,2x2,7 | ETTO\",\"isPartOf\":{\"@id\":\"https:\\\/\\\/www.etto.cz\\\/#website\"},\"primaryImageOfPage\":{\"@id\":\"https:\\\/\\\/www.etto.cz\\\/elektricka-topna-telesa\\\/topne-pasy\\\/topny-obojek-z-tyce-profilu-9-x-4\\\/#primaryimage\"},\"image\":{\"@id\":\"https:\\\/\\\/www.etto.cz\\\/elektricka-topna-telesa\\\/topne-pasy\\\/topny-obojek-z-tyce-profilu-9-x-4\\\/#primaryimage\"},\"thumbnailUrl\":\"https:\\\/\\\/www.etto.cz\\\/wp-content\\\/uploads\\\/2015\\\/05\\\/topne-pasy.jpg\",\"datePublished\":\"2026-04-15T08:40:59+00:00\",\"description\":\"Opaska grzejna z profilu 7,2x2,7 mm. Ekonomiczne rozwiazanie grzewcze do cylindrow wtryskarek.\",\"breadcrumb\":{\"@id\":\"https:\\\/\\\/www.etto.cz\\\/elektricka-topna-telesa\\\/topne-pasy\\\/topny-obojek-z-tyce-profilu-9-x-4\\\/#breadcrumb\"},\"inLanguage\":\"pl-PL\",\"potentialAction\":[{\"@type\":\"ReadAction\",\"target\":[\"https:\\\/\\\/www.etto.cz\\\/elektricka-topna-telesa\\\/topne-pasy\\\/topny-obojek-z-tyce-profilu-9-x-4\\\/\"]}]},{\"@type\":\"ImageObject\",\"inLanguage\":\"pl-PL\",\"@id\":\"https:\\\/\\\/www.etto.cz\\\/elektricka-topna-telesa\\\/topne-pasy\\\/topny-obojek-z-tyce-profilu-9-x-4\\\/#primaryimage\",\"url\":\"https:\\\/\\\/www.etto.cz\\\/wp-content\\\/uploads\\\/2015\\\/05\\\/topne-pasy.jpg\",\"contentUrl\":\"https:\\\/\\\/www.etto.cz\\\/wp-content\\\/uploads\\\/2015\\\/05\\\/topne-pasy.jpg\",\"width\":400,\"height\":400},{\"@type\":\"BreadcrumbList\",\"@id\":\"https:\\\/\\\/www.etto.cz\\\/elektricka-topna-telesa\\\/topne-pasy\\\/topny-obojek-z-tyce-profilu-9-x-4\\\/#breadcrumb\",\"itemListElement\":[{\"@type\":\"ListItem\",\"position\":1,\"name\":\"Dom\u016f\",\"item\":\"https:\\\/\\\/www.etto.cz\\\/\"},{\"@type\":\"ListItem\",\"position\":2,\"name\":\"Elektryczne elementy grzejne &#8211; produkty\",\"item\":\"https:\\\/\\\/www.etto.cz\\\/elektricka-topna-telesa\\\/\"},{\"@type\":\"ListItem\",\"position\":3,\"name\":\"Grza\u0142ki opaskowe\",\"item\":\"https:\\\/\\\/www.etto.cz\\\/elektricka-topna-telesa\\\/topne-pasy\\\/\"},{\"@type\":\"ListItem\",\"position\":4,\"name\":\"Opaska grzejna z profilu 7,2\u00d72,7\"}]},{\"@type\":\"WebSite\",\"@id\":\"https:\\\/\\\/www.etto.cz\\\/#website\",\"url\":\"https:\\\/\\\/www.etto.cz\\\/\",\"name\":\"ETTO\",\"description\":\"V\u00fdroba elektrick\u00fdch topn\u00fdch t\u011bles\",\"potentialAction\":[{\"@type\":\"SearchAction\",\"target\":{\"@type\":\"EntryPoint\",\"urlTemplate\":\"https:\\\/\\\/www.etto.cz\\\/?s={search_term_string}\"},\"query-input\":{\"@type\":\"PropertyValueSpecification\",\"valueRequired\":true,\"valueName\":\"search_term_string\"}}],\"inLanguage\":\"pl-PL\"}]}<\/script>\n<!-- \/ Yoast SEO plugin. -->","yoast_head_json":{"title":"Opaska grzejna z profilu 7,2x2,7 | ETTO","description":"Opaska grzejna z profilu 7,2x2,7 mm. Ekonomiczne rozwiazanie grzewcze do cylindrow wtryskarek.","robots":{"index":"index","follow":"follow","max-snippet":"max-snippet:-1","max-image-preview":"max-image-preview:large","max-video-preview":"max-video-preview:-1"},"canonical":"https:\/\/www.etto.cz\/pl\/elektryczne-elementy-grzejne\/grzalki-opaskowe\/opaska-grzejna-z-profilu\/","og_locale":"pl_PL","og_type":"article","og_title":"Opaska grzejna z profilu 7,2x2,7 | ETTO","og_description":"Opaska grzejna z profilu 7,2x2,7 mm. Ekonomiczne rozwiazanie grzewcze do cylindrow wtryskarek.","og_url":"https:\/\/www.etto.cz\/pl\/elektryczne-elementy-grzejne\/grzalki-opaskowe\/opaska-grzejna-z-profilu\/","og_site_name":"ETTO","og_image":[{"width":400,"height":400,"url":"https:\/\/www.etto.cz\/wp-content\/uploads\/2015\/05\/topne-pasy.jpg","type":"image\/jpeg"}],"twitter_card":"summary_large_image","schema":{"@context":"https:\/\/schema.org","@graph":[{"@type":"WebPage","@id":"https:\/\/www.etto.cz\/elektricka-topna-telesa\/topne-pasy\/topny-obojek-z-tyce-profilu-9-x-4\/","url":"https:\/\/www.etto.cz\/elektricka-topna-telesa\/topne-pasy\/topny-obojek-z-tyce-profilu-9-x-4\/","name":"Opaska grzejna z profilu 7,2x2,7 | ETTO","isPartOf":{"@id":"https:\/\/www.etto.cz\/#website"},"primaryImageOfPage":{"@id":"https:\/\/www.etto.cz\/elektricka-topna-telesa\/topne-pasy\/topny-obojek-z-tyce-profilu-9-x-4\/#primaryimage"},"image":{"@id":"https:\/\/www.etto.cz\/elektricka-topna-telesa\/topne-pasy\/topny-obojek-z-tyce-profilu-9-x-4\/#primaryimage"},"thumbnailUrl":"https:\/\/www.etto.cz\/wp-content\/uploads\/2015\/05\/topne-pasy.jpg","datePublished":"2026-04-15T08:40:59+00:00","description":"Opaska grzejna z profilu 7,2x2,7 mm. Ekonomiczne rozwiazanie grzewcze do cylindrow wtryskarek.","breadcrumb":{"@id":"https:\/\/www.etto.cz\/elektricka-topna-telesa\/topne-pasy\/topny-obojek-z-tyce-profilu-9-x-4\/#breadcrumb"},"inLanguage":"pl-PL","potentialAction":[{"@type":"ReadAction","target":["https:\/\/www.etto.cz\/elektricka-topna-telesa\/topne-pasy\/topny-obojek-z-tyce-profilu-9-x-4\/"]}]},{"@type":"ImageObject","inLanguage":"pl-PL","@id":"https:\/\/www.etto.cz\/elektricka-topna-telesa\/topne-pasy\/topny-obojek-z-tyce-profilu-9-x-4\/#primaryimage","url":"https:\/\/www.etto.cz\/wp-content\/uploads\/2015\/05\/topne-pasy.jpg","contentUrl":"https:\/\/www.etto.cz\/wp-content\/uploads\/2015\/05\/topne-pasy.jpg","width":400,"height":400},{"@type":"BreadcrumbList","@id":"https:\/\/www.etto.cz\/elektricka-topna-telesa\/topne-pasy\/topny-obojek-z-tyce-profilu-9-x-4\/#breadcrumb","itemListElement":[{"@type":"ListItem","position":1,"name":"Dom\u016f","item":"https:\/\/www.etto.cz\/"},{"@type":"ListItem","position":2,"name":"Elektryczne elementy grzejne &#8211; produkty","item":"https:\/\/www.etto.cz\/elektricka-topna-telesa\/"},{"@type":"ListItem","position":3,"name":"Grza\u0142ki opaskowe","item":"https:\/\/www.etto.cz\/elektricka-topna-telesa\/topne-pasy\/"},{"@type":"ListItem","position":4,"name":"Opaska grzejna z profilu 7,2\u00d72,7"}]},{"@type":"WebSite","@id":"https:\/\/www.etto.cz\/#website","url":"https:\/\/www.etto.cz\/","name":"ETTO","description":"V\u00fdroba elektrick\u00fdch topn\u00fdch t\u011bles","potentialAction":[{"@type":"SearchAction","target":{"@type":"EntryPoint","urlTemplate":"https:\/\/www.etto.cz\/?s={search_term_string}"},"query-input":{"@type":"PropertyValueSpecification","valueRequired":true,"valueName":"search_term_string"}}],"inLanguage":"pl-PL"}]}},"_links":{"self":[{"href":"https:\/\/www.etto.cz\/pl\/wp-json\/wp\/v2\/pages\/6109","targetHints":{"allow":["GET"]}}],"collection":[{"href":"https:\/\/www.etto.cz\/pl\/wp-json\/wp\/v2\/pages"}],"about":[{"href":"https:\/\/www.etto.cz\/pl\/wp-json\/wp\/v2\/types\/page"}],"author":[{"embeddable":true,"href":"https:\/\/www.etto.cz\/pl\/wp-json\/wp\/v2\/users\/1"}],"replies":[{"embeddable":true,"href":"https:\/\/www.etto.cz\/pl\/wp-json\/wp\/v2\/comments?post=6109"}],"version-history":[{"count":0,"href":"https:\/\/www.etto.cz\/pl\/wp-json\/wp\/v2\/pages\/6109\/revisions"}],"up":[{"embeddable":true,"href":"https:\/\/www.etto.cz\/pl\/wp-json\/wp\/v2\/pages\/6106"}],"wp:featuredmedia":[{"embeddable":true,"href":"https:\/\/www.etto.cz\/pl\/wp-json\/wp\/v2\/media\/411"}],"wp:attachment":[{"href":"https:\/\/www.etto.cz\/pl\/wp-json\/wp\/v2\/media?parent=6109"}],"curies":[{"name":"wp","href":"https:\/\/api.w.org\/{rel}","templated":true}]}}