{"id":6111,"date":"2026-04-15T09:40:59","date_gmt":"2026-04-15T08:40:59","guid":{"rendered":""},"modified":"2026-04-15T09:40:59","modified_gmt":"2026-04-15T08:40:59","slug":"elementy-grzejne-z-otwartym-drutem","status":"publish","type":"page","link":"https:\/\/www.etto.cz\/pl\/elektryczne-elementy-grzejne\/elementy-grzejne-z-otwartym-drutem\/","title":{"rendered":"Elementy grzejne z otwartym drutem (ceramiczne, mikowe)"},"content":{"rendered":"<p>Elementy grzejne z otwartym drutem dziel\u0105 si\u0119 ze wzgl\u0119du na konstrukcj\u0119:<\/p>\n<ul>\n<li>&nbsp;ceramiczne elementy grzejne<\/li>\n<li>&nbsp;elementy z izolacj\u0105 mikow\u0105<\/li>\n<\/ul>\n<p style=\"text-align: justify;\">Pozycja drutu oporowego jest okre\u015blona przez ceramiczne lub mikowe wsporniki o r\u00f3\u017cnych kszta\u0142tach. Izolacja elektryczna od otaczaj\u0105cej konstrukcji jest zapewniona przez te wsporniki oraz powsta\u0142e szczeliny powietrzne. Ogrzewane powietrze jest medium docelowym lub jedynie po\u015brednikiem (ogrzewanie po\u015brednie).<\/p>\n<p style=\"text-align: justify;\">Zastosowania: Piece wysokotemperaturowe, piece hartownicze, piece do wy\u017carzania, dmuchawy przemys\u0142owe, ogrzewanie podczerwieni\u0105, po\u015brednie ogrzewanie cieczy np. w k\u0105pielach galwanicznych, wentylacja, kurtyny powietrzne itp. W zastosowaniach z wysok\u0105 temperatur\u0105 robocz\u0105 (powy\u017cej 800\u00b0C) cz\u0119sto jedyne mo\u017cliwe rozwi\u0105zanie.<\/p>\n<p>Maksymalna ci\u0105g\u0142a temperatura robocza na powierzchni drutu:<\/p>\n<ul>\n<li>1 425 \u00b0C \u2014 standardowe oporowe druty grzejne.<\/li>\n<li>1 850\u00b0C \u2014 zamiast drutu grzejnego stosowane s\u0105 specjalne elementy z MoSi2. Zastosowania z ograniczonymi mo\u017cliwo\u015bciami kszta\u0142towymi i wymiarowymi.<\/li>\n<\/ul>\n<p>Aby uzyska\u0107 wi\u0119cej informacji lub pomoc w rozwi\u0105zaniu konkretnych problem\u00f3w grzewczych, prosimy o kontakt.<\/p>\n<p><strong>Wady:<\/strong> Ni\u017csza odporno\u015b\u0107 mechaniczna i wra\u017cliwo\u015b\u0107 na zanieczyszczenie drutu i element\u00f3w no\u015bnych.<\/p>\n<p><strong>Zalety:<\/strong> umo\u017cliwia wysok\u0105 temperatur\u0119 robocz\u0105, szybkie osi\u0105gni\u0119cie temperatury docelowej.<\/p>\n<p>Specjalne zastosowania z otwartym drutem do ogrzewania powietrza do wysokich temperatur \u2014 <a href=\"https:\/\/www.etto.cz\/telesa-podle-ucelu\/technologie-horkeho-vzduchu-serpentine\/\">Technologia gor\u0105cego powietrza SERPENTINE\u00ae<\/a><\/p>\n","protected":false},"excerpt":{"rendered":"<p>Elementy grzejne z otwartym drutem dziel\u0105 si\u0119 ze wzgl\u0119du na konstrukcj\u0119: &nbsp;ceramiczne elementy grzejne &nbsp;elementy z izolacj\u0105 mikow\u0105 Pozycja drutu oporowego jest okre\u015blona przez ceramiczne &#8230;<\/p>\n","protected":false},"author":1,"featured_media":1111,"parent":6094,"menu_order":0,"comment_status":"closed","ping_status":"closed","template":"_page-menu.php","meta":{"_acf_changed":false,"ngg_post_thumbnail":0,"footnotes":"","_links_to":"","_links_to_target":""},"class_list":["post-6111","page","type-page","status-publish","has-post-thumbnail","hentry"],"acf":[],"yoast_head":"<!-- This site is optimized with the Yoast SEO plugin v27.3 - https:\/\/yoast.com\/product\/yoast-seo-wordpress\/ -->\n<title>Elementy grzejne z otwartym drutem | ETTO<\/title>\n<meta name=\"description\" content=\"Elementy grzejne z otwartym drutem oporowym na nosnikach ceramicznych i mikowych.\" \/>\n<meta name=\"robots\" content=\"index, follow, max-snippet:-1, max-image-preview:large, max-video-preview:-1\" \/>\n<link rel=\"canonical\" href=\"https:\/\/www.etto.cz\/pl\/elektryczne-elementy-grzejne\/elementy-grzejne-z-otwartym-drutem\/\" \/>\n<meta property=\"og:locale\" content=\"pl_PL\" \/>\n<meta property=\"og:type\" content=\"article\" \/>\n<meta property=\"og:title\" content=\"Elementy grzejne z otwartym drutem | ETTO\" \/>\n<meta property=\"og:description\" content=\"Elementy grzejne z otwartym drutem oporowym na nosnikach ceramicznych i mikowych.\" \/>\n<meta property=\"og:url\" content=\"https:\/\/www.etto.cz\/pl\/elektryczne-elementy-grzejne\/elementy-grzejne-z-otwartym-drutem\/\" \/>\n<meta property=\"og:site_name\" content=\"ETTO\" \/>\n<meta property=\"og:image\" content=\"https:\/\/www.etto.cz\/wp-content\/uploads\/2016\/12\/spirala-3.jpg\" \/>\n\t<meta property=\"og:image:width\" content=\"1449\" \/>\n\t<meta property=\"og:image:height\" content=\"1176\" \/>\n\t<meta property=\"og:image:type\" content=\"image\/jpeg\" \/>\n<meta name=\"twitter:card\" content=\"summary_large_image\" \/>\n<meta name=\"twitter:label1\" content=\"Est. reading time\" \/>\n\t<meta name=\"twitter:data1\" content=\"1 minute\" \/>\n<script type=\"application\/ld+json\" class=\"yoast-schema-graph\">{\"@context\":\"https:\\\/\\\/schema.org\",\"@graph\":[{\"@type\":\"WebPage\",\"@id\":\"https:\\\/\\\/www.etto.cz\\\/elektricka-topna-telesa\\\/topna-telesa-s-otevrenym-dratem\\\/\",\"url\":\"https:\\\/\\\/www.etto.cz\\\/elektricka-topna-telesa\\\/topna-telesa-s-otevrenym-dratem\\\/\",\"name\":\"Elementy grzejne z otwartym drutem | ETTO\",\"isPartOf\":{\"@id\":\"https:\\\/\\\/www.etto.cz\\\/#website\"},\"primaryImageOfPage\":{\"@id\":\"https:\\\/\\\/www.etto.cz\\\/elektricka-topna-telesa\\\/topna-telesa-s-otevrenym-dratem\\\/#primaryimage\"},\"image\":{\"@id\":\"https:\\\/\\\/www.etto.cz\\\/elektricka-topna-telesa\\\/topna-telesa-s-otevrenym-dratem\\\/#primaryimage\"},\"thumbnailUrl\":\"https:\\\/\\\/www.etto.cz\\\/wp-content\\\/uploads\\\/2016\\\/12\\\/spirala-3.jpg\",\"datePublished\":\"2026-04-15T08:40:59+00:00\",\"description\":\"Elementy grzejne z otwartym drutem oporowym na nosnikach ceramicznych i mikowych.\",\"breadcrumb\":{\"@id\":\"https:\\\/\\\/www.etto.cz\\\/elektricka-topna-telesa\\\/topna-telesa-s-otevrenym-dratem\\\/#breadcrumb\"},\"inLanguage\":\"pl-PL\",\"potentialAction\":[{\"@type\":\"ReadAction\",\"target\":[\"https:\\\/\\\/www.etto.cz\\\/elektricka-topna-telesa\\\/topna-telesa-s-otevrenym-dratem\\\/\"]}]},{\"@type\":\"ImageObject\",\"inLanguage\":\"pl-PL\",\"@id\":\"https:\\\/\\\/www.etto.cz\\\/elektricka-topna-telesa\\\/topna-telesa-s-otevrenym-dratem\\\/#primaryimage\",\"url\":\"https:\\\/\\\/www.etto.cz\\\/wp-content\\\/uploads\\\/2016\\\/12\\\/spirala-3.jpg\",\"contentUrl\":\"https:\\\/\\\/www.etto.cz\\\/wp-content\\\/uploads\\\/2016\\\/12\\\/spirala-3.jpg\",\"width\":1449,\"height\":1176},{\"@type\":\"BreadcrumbList\",\"@id\":\"https:\\\/\\\/www.etto.cz\\\/elektricka-topna-telesa\\\/topna-telesa-s-otevrenym-dratem\\\/#breadcrumb\",\"itemListElement\":[{\"@type\":\"ListItem\",\"position\":1,\"name\":\"Dom\u016f\",\"item\":\"https:\\\/\\\/www.etto.cz\\\/\"},{\"@type\":\"ListItem\",\"position\":2,\"name\":\"Elektryczne elementy grzejne &#8211; produkty\",\"item\":\"https:\\\/\\\/www.etto.cz\\\/elektricka-topna-telesa\\\/\"},{\"@type\":\"ListItem\",\"position\":3,\"name\":\"Elementy grzejne z otwartym drutem (ceramiczne, mikowe)\"}]},{\"@type\":\"WebSite\",\"@id\":\"https:\\\/\\\/www.etto.cz\\\/#website\",\"url\":\"https:\\\/\\\/www.etto.cz\\\/\",\"name\":\"ETTO\",\"description\":\"V\u00fdroba elektrick\u00fdch topn\u00fdch t\u011bles\",\"potentialAction\":[{\"@type\":\"SearchAction\",\"target\":{\"@type\":\"EntryPoint\",\"urlTemplate\":\"https:\\\/\\\/www.etto.cz\\\/?s={search_term_string}\"},\"query-input\":{\"@type\":\"PropertyValueSpecification\",\"valueRequired\":true,\"valueName\":\"search_term_string\"}}],\"inLanguage\":\"pl-PL\"}]}<\/script>\n<!-- \/ Yoast SEO plugin. -->","yoast_head_json":{"title":"Elementy grzejne z otwartym drutem | ETTO","description":"Elementy grzejne z otwartym drutem oporowym na nosnikach ceramicznych i mikowych.","robots":{"index":"index","follow":"follow","max-snippet":"max-snippet:-1","max-image-preview":"max-image-preview:large","max-video-preview":"max-video-preview:-1"},"canonical":"https:\/\/www.etto.cz\/pl\/elektryczne-elementy-grzejne\/elementy-grzejne-z-otwartym-drutem\/","og_locale":"pl_PL","og_type":"article","og_title":"Elementy grzejne z otwartym drutem | ETTO","og_description":"Elementy grzejne z otwartym drutem oporowym na nosnikach ceramicznych i mikowych.","og_url":"https:\/\/www.etto.cz\/pl\/elektryczne-elementy-grzejne\/elementy-grzejne-z-otwartym-drutem\/","og_site_name":"ETTO","og_image":[{"width":1449,"height":1176,"url":"https:\/\/www.etto.cz\/wp-content\/uploads\/2016\/12\/spirala-3.jpg","type":"image\/jpeg"}],"twitter_card":"summary_large_image","twitter_misc":{"Est. reading time":"1 minute"},"schema":{"@context":"https:\/\/schema.org","@graph":[{"@type":"WebPage","@id":"https:\/\/www.etto.cz\/elektricka-topna-telesa\/topna-telesa-s-otevrenym-dratem\/","url":"https:\/\/www.etto.cz\/elektricka-topna-telesa\/topna-telesa-s-otevrenym-dratem\/","name":"Elementy grzejne z otwartym drutem | ETTO","isPartOf":{"@id":"https:\/\/www.etto.cz\/#website"},"primaryImageOfPage":{"@id":"https:\/\/www.etto.cz\/elektricka-topna-telesa\/topna-telesa-s-otevrenym-dratem\/#primaryimage"},"image":{"@id":"https:\/\/www.etto.cz\/elektricka-topna-telesa\/topna-telesa-s-otevrenym-dratem\/#primaryimage"},"thumbnailUrl":"https:\/\/www.etto.cz\/wp-content\/uploads\/2016\/12\/spirala-3.jpg","datePublished":"2026-04-15T08:40:59+00:00","description":"Elementy grzejne z otwartym drutem oporowym na nosnikach ceramicznych i mikowych.","breadcrumb":{"@id":"https:\/\/www.etto.cz\/elektricka-topna-telesa\/topna-telesa-s-otevrenym-dratem\/#breadcrumb"},"inLanguage":"pl-PL","potentialAction":[{"@type":"ReadAction","target":["https:\/\/www.etto.cz\/elektricka-topna-telesa\/topna-telesa-s-otevrenym-dratem\/"]}]},{"@type":"ImageObject","inLanguage":"pl-PL","@id":"https:\/\/www.etto.cz\/elektricka-topna-telesa\/topna-telesa-s-otevrenym-dratem\/#primaryimage","url":"https:\/\/www.etto.cz\/wp-content\/uploads\/2016\/12\/spirala-3.jpg","contentUrl":"https:\/\/www.etto.cz\/wp-content\/uploads\/2016\/12\/spirala-3.jpg","width":1449,"height":1176},{"@type":"BreadcrumbList","@id":"https:\/\/www.etto.cz\/elektricka-topna-telesa\/topna-telesa-s-otevrenym-dratem\/#breadcrumb","itemListElement":[{"@type":"ListItem","position":1,"name":"Dom\u016f","item":"https:\/\/www.etto.cz\/"},{"@type":"ListItem","position":2,"name":"Elektryczne elementy grzejne &#8211; produkty","item":"https:\/\/www.etto.cz\/elektricka-topna-telesa\/"},{"@type":"ListItem","position":3,"name":"Elementy grzejne z otwartym drutem (ceramiczne, mikowe)"}]},{"@type":"WebSite","@id":"https:\/\/www.etto.cz\/#website","url":"https:\/\/www.etto.cz\/","name":"ETTO","description":"V\u00fdroba elektrick\u00fdch topn\u00fdch t\u011bles","potentialAction":[{"@type":"SearchAction","target":{"@type":"EntryPoint","urlTemplate":"https:\/\/www.etto.cz\/?s={search_term_string}"},"query-input":{"@type":"PropertyValueSpecification","valueRequired":true,"valueName":"search_term_string"}}],"inLanguage":"pl-PL"}]}},"_links":{"self":[{"href":"https:\/\/www.etto.cz\/pl\/wp-json\/wp\/v2\/pages\/6111","targetHints":{"allow":["GET"]}}],"collection":[{"href":"https:\/\/www.etto.cz\/pl\/wp-json\/wp\/v2\/pages"}],"about":[{"href":"https:\/\/www.etto.cz\/pl\/wp-json\/wp\/v2\/types\/page"}],"author":[{"embeddable":true,"href":"https:\/\/www.etto.cz\/pl\/wp-json\/wp\/v2\/users\/1"}],"replies":[{"embeddable":true,"href":"https:\/\/www.etto.cz\/pl\/wp-json\/wp\/v2\/comments?post=6111"}],"version-history":[{"count":0,"href":"https:\/\/www.etto.cz\/pl\/wp-json\/wp\/v2\/pages\/6111\/revisions"}],"up":[{"embeddable":true,"href":"https:\/\/www.etto.cz\/pl\/wp-json\/wp\/v2\/pages\/6094"}],"wp:featuredmedia":[{"embeddable":true,"href":"https:\/\/www.etto.cz\/pl\/wp-json\/wp\/v2\/media\/1111"}],"wp:attachment":[{"href":"https:\/\/www.etto.cz\/pl\/wp-json\/wp\/v2\/media?parent=6111"}],"curies":[{"name":"wp","href":"https:\/\/api.w.org\/{rel}","templated":true}]}}