{"id":6112,"date":"2026-04-15T09:40:59","date_gmt":"2026-04-15T08:40:59","guid":{"rendered":""},"modified":"2026-04-15T09:40:59","modified_gmt":"2026-04-15T08:40:59","slug":"ogrzewanie-substancji","status":"publish","type":"page","link":"https:\/\/www.etto.cz\/pl\/ogrzewanie-substancji\/","title":{"rendered":"Ogrzewanie substancji"},"content":{"rendered":"<p>Wed\u0142ug rodzaju ogrzewanej substancji (medium):<br \/>\n<div class=\"sub-menu\">            <a href=\"https:\/\/www.etto.cz\/pl\/ogrzewanie-substancji\/ogrzewanie-gazow\/\" class=\"subitem\">\n                <span class=\"img\">\n                    <img decoding=\"async\" src=\"https:\/\/www.etto.cz\/wp-content\/uploads\/2017\/09\/cem-153x115.jpg\" alt=\"Ogrzewanie gaz\u00f3w\" loading=\"lazy\" \/>\n                    <span><em>Ogrzewanie gaz\u00f3w<\/em><\/span>\n                <\/span>\n                <strong>Ogrzewanie gaz\u00f3w<\/strong>\n            <\/a>\n                        <a href=\"https:\/\/www.etto.cz\/pl\/ogrzewanie-substancji\/ogrzewanie-cieczy\/\" class=\"subitem\">\n                <span class=\"img\">\n                    <img decoding=\"async\" src=\"https:\/\/www.etto.cz\/wp-content\/uploads\/2016\/12\/ohrev_vody-116x153.jpg\" alt=\"Ogrzewanie cieczy\" loading=\"lazy\" \/>\n                    <span><em>Ogrzewanie cieczy<\/em><\/span>\n                <\/span>\n                <strong>Ogrzewanie cieczy<\/strong>\n            <\/a>\n                        <a href=\"https:\/\/www.etto.cz\/pl\/ogrzewanie-substancji\/kontaktowe-ogrzewanie-cial-stalych\/\" class=\"subitem\">\n                <span class=\"img\">\n                    <img decoding=\"async\" src=\"https:\/\/www.etto.cz\/wp-content\/uploads\/2016\/12\/kontaktni_ohrev-153x153.jpg\" alt=\"Kontaktowe ogrzewanie cia\u0142 sta\u0142ych\" loading=\"lazy\" \/>\n                    <span><em>Kontaktowe ogrzewanie cia\u0142 sta\u0142ych<\/em><\/span>\n                <\/span>\n                <strong>Kontaktowe ogrzewanie cia\u0142 sta\u0142ych<\/strong>\n            <\/a>\n                        <a href=\"https:\/\/www.etto.cz\/pl\/ogrzewanie-substancji\/ogrzewanie-podczerwienia\/\" class=\"subitem\">\n                <span class=\"img\">\n                    <img decoding=\"async\" src=\"https:\/\/www.etto.cz\/wp-content\/uploads\/2020\/02\/infra_panel-153x153.png\" alt=\"Ogrzewanie podczerwieni\u0105 (panele na podczerwie\u0144)\" loading=\"lazy\" \/>\n                    <span><em>Ogrzewanie podczerwieni\u0105 (panele na podczerwie\u0144)<\/em><\/span>\n                <\/span>\n                <strong>Ogrzewanie podczerwieni\u0105 (panele na podczerwie\u0144)<\/strong>\n            <\/a>\n            <\/div><\/p>\n","protected":false},"excerpt":{"rendered":"<p>Wed\u0142ug rodzaju ogrzewanej substancji (medium):<\/p>\n","protected":false},"author":1,"featured_media":415,"parent":0,"menu_order":0,"comment_status":"closed","ping_status":"closed","template":"_page-menu.php","meta":{"_acf_changed":false,"ngg_post_thumbnail":0,"footnotes":"","_links_to":"","_links_to_target":""},"class_list":["post-6112","page","type-page","status-publish","has-post-thumbnail","hentry"],"acf":[],"yoast_head":"<!-- This site is optimized with the Yoast SEO plugin v27.3 - https:\/\/yoast.com\/product\/yoast-seo-wordpress\/ -->\n<title>Ogrzewanie substancji - cieczy, gazow i cial stalych | ETTO<\/title>\n<meta name=\"description\" content=\"Elementy grzejne do ogrzewania cieczy, gazow i cial stalych. Grzalki rurkowe, przeplywowe podgrzewacze.\" \/>\n<meta name=\"robots\" content=\"index, follow, max-snippet:-1, max-image-preview:large, max-video-preview:-1\" \/>\n<link rel=\"canonical\" href=\"https:\/\/www.etto.cz\/pl\/ogrzewanie-substancji\/ogrzewanie-podczerwienia\/\" \/>\n<meta property=\"og:locale\" content=\"pl_PL\" \/>\n<meta property=\"og:type\" content=\"article\" \/>\n<meta property=\"og:title\" content=\"Ogrzewanie substancji - cieczy, gazow i cial stalych | ETTO\" \/>\n<meta property=\"og:description\" content=\"Elementy grzejne do ogrzewania cieczy, gazow i cial stalych. Grzalki rurkowe, przeplywowe podgrzewacze.\" \/>\n<meta property=\"og:url\" content=\"https:\/\/www.etto.cz\/pl\/ogrzewanie-substancji\/ogrzewanie-podczerwienia\/\" \/>\n<meta property=\"og:site_name\" content=\"ETTO\" \/>\n<meta property=\"og:image\" content=\"https:\/\/www.etto.cz\/wp-content\/uploads\/2015\/05\/trubkova-topna-telesa.jpg\" \/>\n\t<meta property=\"og:image:width\" content=\"400\" \/>\n\t<meta property=\"og:image:height\" content=\"400\" \/>\n\t<meta property=\"og:image:type\" content=\"image\/jpeg\" \/>\n<meta name=\"twitter:card\" content=\"summary_large_image\" \/>\n<script type=\"application\/ld+json\" class=\"yoast-schema-graph\">{\"@context\":\"https:\\\/\\\/schema.org\",\"@graph\":[{\"@type\":\"WebPage\",\"@id\":\"https:\\\/\\\/www.etto.cz\\\/ohrev-latek\\\/\",\"url\":\"https:\\\/\\\/www.etto.cz\\\/ohrev-latek\\\/\",\"name\":\"Ogrzewanie substancji - cieczy, gazow i cial stalych | ETTO\",\"isPartOf\":{\"@id\":\"https:\\\/\\\/www.etto.cz\\\/#website\"},\"primaryImageOfPage\":{\"@id\":\"https:\\\/\\\/www.etto.cz\\\/ohrev-latek\\\/#primaryimage\"},\"image\":{\"@id\":\"https:\\\/\\\/www.etto.cz\\\/ohrev-latek\\\/#primaryimage\"},\"thumbnailUrl\":\"https:\\\/\\\/www.etto.cz\\\/wp-content\\\/uploads\\\/2015\\\/05\\\/trubkova-topna-telesa.jpg\",\"datePublished\":\"2026-04-15T08:40:59+00:00\",\"description\":\"Elementy grzejne do ogrzewania cieczy, gazow i cial stalych. Grzalki rurkowe, przeplywowe podgrzewacze.\",\"breadcrumb\":{\"@id\":\"https:\\\/\\\/www.etto.cz\\\/ohrev-latek\\\/#breadcrumb\"},\"inLanguage\":\"pl-PL\",\"potentialAction\":[{\"@type\":\"ReadAction\",\"target\":[\"https:\\\/\\\/www.etto.cz\\\/ohrev-latek\\\/\"]}]},{\"@type\":\"ImageObject\",\"inLanguage\":\"pl-PL\",\"@id\":\"https:\\\/\\\/www.etto.cz\\\/ohrev-latek\\\/#primaryimage\",\"url\":\"https:\\\/\\\/www.etto.cz\\\/wp-content\\\/uploads\\\/2015\\\/05\\\/trubkova-topna-telesa.jpg\",\"contentUrl\":\"https:\\\/\\\/www.etto.cz\\\/wp-content\\\/uploads\\\/2015\\\/05\\\/trubkova-topna-telesa.jpg\",\"width\":400,\"height\":400},{\"@type\":\"BreadcrumbList\",\"@id\":\"https:\\\/\\\/www.etto.cz\\\/ohrev-latek\\\/#breadcrumb\",\"itemListElement\":[{\"@type\":\"ListItem\",\"position\":1,\"name\":\"Dom\u016f\",\"item\":\"https:\\\/\\\/www.etto.cz\\\/\"},{\"@type\":\"ListItem\",\"position\":2,\"name\":\"Ogrzewanie substancji\"}]},{\"@type\":\"WebSite\",\"@id\":\"https:\\\/\\\/www.etto.cz\\\/#website\",\"url\":\"https:\\\/\\\/www.etto.cz\\\/\",\"name\":\"ETTO\",\"description\":\"V\u00fdroba elektrick\u00fdch topn\u00fdch t\u011bles\",\"potentialAction\":[{\"@type\":\"SearchAction\",\"target\":{\"@type\":\"EntryPoint\",\"urlTemplate\":\"https:\\\/\\\/www.etto.cz\\\/?s={search_term_string}\"},\"query-input\":{\"@type\":\"PropertyValueSpecification\",\"valueRequired\":true,\"valueName\":\"search_term_string\"}}],\"inLanguage\":\"pl-PL\"}]}<\/script>\n<!-- \/ Yoast SEO plugin. -->","yoast_head_json":{"title":"Ogrzewanie substancji - cieczy, gazow i cial stalych | ETTO","description":"Elementy grzejne do ogrzewania cieczy, gazow i cial stalych. Grzalki rurkowe, przeplywowe podgrzewacze.","robots":{"index":"index","follow":"follow","max-snippet":"max-snippet:-1","max-image-preview":"max-image-preview:large","max-video-preview":"max-video-preview:-1"},"canonical":"https:\/\/www.etto.cz\/pl\/ogrzewanie-substancji\/ogrzewanie-podczerwienia\/","og_locale":"pl_PL","og_type":"article","og_title":"Ogrzewanie substancji - cieczy, gazow i cial stalych | ETTO","og_description":"Elementy grzejne do ogrzewania cieczy, gazow i cial stalych. Grzalki rurkowe, przeplywowe podgrzewacze.","og_url":"https:\/\/www.etto.cz\/pl\/ogrzewanie-substancji\/ogrzewanie-podczerwienia\/","og_site_name":"ETTO","og_image":[{"width":400,"height":400,"url":"https:\/\/www.etto.cz\/wp-content\/uploads\/2015\/05\/trubkova-topna-telesa.jpg","type":"image\/jpeg"}],"twitter_card":"summary_large_image","schema":{"@context":"https:\/\/schema.org","@graph":[{"@type":"WebPage","@id":"https:\/\/www.etto.cz\/ohrev-latek\/","url":"https:\/\/www.etto.cz\/ohrev-latek\/","name":"Ogrzewanie substancji - cieczy, gazow i cial stalych | ETTO","isPartOf":{"@id":"https:\/\/www.etto.cz\/#website"},"primaryImageOfPage":{"@id":"https:\/\/www.etto.cz\/ohrev-latek\/#primaryimage"},"image":{"@id":"https:\/\/www.etto.cz\/ohrev-latek\/#primaryimage"},"thumbnailUrl":"https:\/\/www.etto.cz\/wp-content\/uploads\/2015\/05\/trubkova-topna-telesa.jpg","datePublished":"2026-04-15T08:40:59+00:00","description":"Elementy grzejne do ogrzewania cieczy, gazow i cial stalych. Grzalki rurkowe, przeplywowe podgrzewacze.","breadcrumb":{"@id":"https:\/\/www.etto.cz\/ohrev-latek\/#breadcrumb"},"inLanguage":"pl-PL","potentialAction":[{"@type":"ReadAction","target":["https:\/\/www.etto.cz\/ohrev-latek\/"]}]},{"@type":"ImageObject","inLanguage":"pl-PL","@id":"https:\/\/www.etto.cz\/ohrev-latek\/#primaryimage","url":"https:\/\/www.etto.cz\/wp-content\/uploads\/2015\/05\/trubkova-topna-telesa.jpg","contentUrl":"https:\/\/www.etto.cz\/wp-content\/uploads\/2015\/05\/trubkova-topna-telesa.jpg","width":400,"height":400},{"@type":"BreadcrumbList","@id":"https:\/\/www.etto.cz\/ohrev-latek\/#breadcrumb","itemListElement":[{"@type":"ListItem","position":1,"name":"Dom\u016f","item":"https:\/\/www.etto.cz\/"},{"@type":"ListItem","position":2,"name":"Ogrzewanie substancji"}]},{"@type":"WebSite","@id":"https:\/\/www.etto.cz\/#website","url":"https:\/\/www.etto.cz\/","name":"ETTO","description":"V\u00fdroba elektrick\u00fdch topn\u00fdch t\u011bles","potentialAction":[{"@type":"SearchAction","target":{"@type":"EntryPoint","urlTemplate":"https:\/\/www.etto.cz\/?s={search_term_string}"},"query-input":{"@type":"PropertyValueSpecification","valueRequired":true,"valueName":"search_term_string"}}],"inLanguage":"pl-PL"}]}},"_links":{"self":[{"href":"https:\/\/www.etto.cz\/pl\/wp-json\/wp\/v2\/pages\/6112","targetHints":{"allow":["GET"]}}],"collection":[{"href":"https:\/\/www.etto.cz\/pl\/wp-json\/wp\/v2\/pages"}],"about":[{"href":"https:\/\/www.etto.cz\/pl\/wp-json\/wp\/v2\/types\/page"}],"author":[{"embeddable":true,"href":"https:\/\/www.etto.cz\/pl\/wp-json\/wp\/v2\/users\/1"}],"replies":[{"embeddable":true,"href":"https:\/\/www.etto.cz\/pl\/wp-json\/wp\/v2\/comments?post=6112"}],"version-history":[{"count":0,"href":"https:\/\/www.etto.cz\/pl\/wp-json\/wp\/v2\/pages\/6112\/revisions"}],"wp:featuredmedia":[{"embeddable":true,"href":"https:\/\/www.etto.cz\/pl\/wp-json\/wp\/v2\/media\/415"}],"wp:attachment":[{"href":"https:\/\/www.etto.cz\/pl\/wp-json\/wp\/v2\/media?parent=6112"}],"curies":[{"name":"wp","href":"https:\/\/api.w.org\/{rel}","templated":true}]}}