{"id":6113,"date":"2026-04-15T09:40:59","date_gmt":"2026-04-15T08:40:59","guid":{"rendered":""},"modified":"2026-04-15T09:40:59","modified_gmt":"2026-04-15T08:40:59","slug":"ogrzewanie-gazow","status":"publish","type":"page","link":"https:\/\/www.etto.cz\/pl\/ogrzewanie-substancji\/ogrzewanie-gazow\/","title":{"rendered":"Ogrzewanie gaz\u00f3w"},"content":{"rendered":"<p style=\"text-align: justify;\">W praktyce chodzi najcz\u0119\u015bciej o ogrzewanie powietrza.<\/p>\n<p style=\"text-align: justify;\"><strong>Informacje niezb\u0119dne do okre\u015blenia mocy element\u00f3w grzejnych s\u0142u\u017c\u0105cych do ogrzewania substancji gazowych:<\/strong><\/p>\n<ul style=\"text-align: justify;\">\n<li>Specyfikacja gazu.<\/li>\n<li>Pr\u0119dko\u015b\u0107 przep\u0142ywu (m\/s).<\/li>\n<li>G\u0119sto\u015b\u0107 gazu (kg\/m<sup>3<\/sup>) (w przypadku gazu spr\u0119\u017conego).<\/li>\n<li>Temperatura wej\u015bciowa i docelowa gazu.<\/li>\n<li>Informacje dotycz\u0105ce otoczenia (parametry ruroci\u0105gu, izolacja itp.).<\/li>\n<\/ul>\n<p style=\"text-align: justify;\"><strong>Do<\/strong> zaprojektowania konkretnego kszta\u0142tu element\u00f3w grzejnych nale\u017cy dodatkowo zna\u0107:<\/p>\n<ul style=\"text-align: justify;\">\n<li>Wymiary przestrzeni grzewczej, d\u0142ugo\u015b\u0107 stref martwych, miejsce mocowania i przestrze\u0144 dla skrzynki przy\u0142\u0105czeniowej itp.<\/li>\n<li>\u015arodowisko i czynniki ograniczaj\u0105ce w miejscu przy\u0142\u0105cza elektrycznego (np. wibracje, ruch cz\u0119\u015bci, wilgo\u0107, ryzyko uszkodzenia mechanicznego, ryzyko kontaminacji olejem lub inn\u0105 ciecz\u0105, zagro\u017cenie wybuchem itp.)<\/li>\n<li>Przewidywany spos\u00f3b regulacji temperatury.<\/li>\n<li>Obci\u0105\u017cenie powierzchniowe okre\u015bla si\u0119 na podstawie temperatury i pr\u0119dko\u015bci przep\u0142ywu gazu.<\/li>\n<\/ul>\n<p>Aby uzyska\u0107 wi\u0119cej informacji lub pomoc, prosimy o kontakt.<\/p>\n<p>Najcz\u0119\u015bciej stosowane elementy grzejne do ogrzewania gaz\u00f3w mo\u017cna obejrze\u0107 w naszym katalogu:<\/p>\n<p><a href=\"\/wp-content\/uploads\/2023\/11\/katalog_ohrev_plynu.pdf\" target=\"_blank\" rel=\"noopener\">Katalog element\u00f3w grzejnych do ogrzewania gaz\u00f3w do pobrania tutaj.<\/a><\/p>\n<p>Do ogrzewania gaz\u00f3w do wysokich temperatur wi\u0119cej na: <a href=\"https:\/\/www.etto.cz\/telesa-podle-ucelu\/technologie-horkeho-vzduchu-serpentine\/\">Technologia gor\u0105cego powietrza SERPENTINE\u00ae<\/a><\/p>\n","protected":false},"excerpt":{"rendered":"<p>W praktyce chodzi najcz\u0119\u015bciej o ogrzewanie powietrza. Informacje niezb\u0119dne do okre\u015blenia mocy element\u00f3w grzejnych s\u0142u\u017c\u0105cych do ogrzewania substancji gazowych: Specyfikacja gazu. Pr\u0119dko\u015b\u0107 przep\u0142ywu (m\/s). G\u0119sto\u015b\u0107 &#8230;<\/p>\n","protected":false},"author":1,"featured_media":2025,"parent":6112,"menu_order":0,"comment_status":"closed","ping_status":"closed","template":"_page-menu.php","meta":{"_acf_changed":false,"ngg_post_thumbnail":0,"footnotes":"","_links_to":"","_links_to_target":""},"class_list":["post-6113","page","type-page","status-publish","has-post-thumbnail","hentry"],"acf":[],"yoast_head":"<!-- This site is optimized with the Yoast SEO plugin v27.3 - https:\/\/yoast.com\/product\/yoast-seo-wordpress\/ -->\n<title>Ogrzewanie gazow | ETTO<\/title>\n<meta name=\"description\" content=\"Elementy grzejne do ogrzewania gazow: powietrza, azotu i innych gazow technicznych.\" \/>\n<meta name=\"robots\" content=\"index, follow, max-snippet:-1, max-image-preview:large, max-video-preview:-1\" \/>\n<link rel=\"canonical\" href=\"https:\/\/www.etto.cz\/pl\/ogrzewanie-substancji\/ogrzewanie-gazow\/\" \/>\n<meta property=\"og:locale\" content=\"pl_PL\" \/>\n<meta property=\"og:type\" content=\"article\" \/>\n<meta property=\"og:title\" content=\"Ogrzewanie gazow | ETTO\" \/>\n<meta property=\"og:description\" content=\"Elementy grzejne do ogrzewania gazow: powietrza, azotu i innych gazow technicznych.\" \/>\n<meta property=\"og:url\" content=\"https:\/\/www.etto.cz\/pl\/ogrzewanie-substancji\/ogrzewanie-gazow\/\" \/>\n<meta property=\"og:site_name\" content=\"ETTO\" \/>\n<meta property=\"og:image\" content=\"https:\/\/www.etto.cz\/wp-content\/uploads\/2017\/09\/cem.jpg\" \/>\n\t<meta property=\"og:image:width\" content=\"768\" \/>\n\t<meta property=\"og:image:height\" content=\"576\" \/>\n\t<meta property=\"og:image:type\" content=\"image\/jpeg\" \/>\n<meta name=\"twitter:card\" content=\"summary_large_image\" \/>\n<meta name=\"twitter:label1\" content=\"Est. reading time\" \/>\n\t<meta name=\"twitter:data1\" content=\"1 minute\" \/>\n<script type=\"application\/ld+json\" class=\"yoast-schema-graph\">{\"@context\":\"https:\\\/\\\/schema.org\",\"@graph\":[{\"@type\":\"WebPage\",\"@id\":\"https:\\\/\\\/www.etto.cz\\\/ohrev-latek\\\/ohrev-plynu\\\/\",\"url\":\"https:\\\/\\\/www.etto.cz\\\/ohrev-latek\\\/ohrev-plynu\\\/\",\"name\":\"Ogrzewanie gazow | ETTO\",\"isPartOf\":{\"@id\":\"https:\\\/\\\/www.etto.cz\\\/#website\"},\"primaryImageOfPage\":{\"@id\":\"https:\\\/\\\/www.etto.cz\\\/ohrev-latek\\\/ohrev-plynu\\\/#primaryimage\"},\"image\":{\"@id\":\"https:\\\/\\\/www.etto.cz\\\/ohrev-latek\\\/ohrev-plynu\\\/#primaryimage\"},\"thumbnailUrl\":\"https:\\\/\\\/www.etto.cz\\\/wp-content\\\/uploads\\\/2017\\\/09\\\/cem.jpg\",\"datePublished\":\"2026-04-15T08:40:59+00:00\",\"description\":\"Elementy grzejne do ogrzewania gazow: powietrza, azotu i innych gazow technicznych.\",\"breadcrumb\":{\"@id\":\"https:\\\/\\\/www.etto.cz\\\/ohrev-latek\\\/ohrev-plynu\\\/#breadcrumb\"},\"inLanguage\":\"pl-PL\",\"potentialAction\":[{\"@type\":\"ReadAction\",\"target\":[\"https:\\\/\\\/www.etto.cz\\\/ohrev-latek\\\/ohrev-plynu\\\/\"]}]},{\"@type\":\"ImageObject\",\"inLanguage\":\"pl-PL\",\"@id\":\"https:\\\/\\\/www.etto.cz\\\/ohrev-latek\\\/ohrev-plynu\\\/#primaryimage\",\"url\":\"https:\\\/\\\/www.etto.cz\\\/wp-content\\\/uploads\\\/2017\\\/09\\\/cem.jpg\",\"contentUrl\":\"https:\\\/\\\/www.etto.cz\\\/wp-content\\\/uploads\\\/2017\\\/09\\\/cem.jpg\",\"width\":768,\"height\":576},{\"@type\":\"BreadcrumbList\",\"@id\":\"https:\\\/\\\/www.etto.cz\\\/ohrev-latek\\\/ohrev-plynu\\\/#breadcrumb\",\"itemListElement\":[{\"@type\":\"ListItem\",\"position\":1,\"name\":\"Dom\u016f\",\"item\":\"https:\\\/\\\/www.etto.cz\\\/\"},{\"@type\":\"ListItem\",\"position\":2,\"name\":\"Ogrzewanie substancji\",\"item\":\"https:\\\/\\\/www.etto.cz\\\/ohrev-latek\\\/\"},{\"@type\":\"ListItem\",\"position\":3,\"name\":\"Ogrzewanie gaz\u00f3w\"}]},{\"@type\":\"WebSite\",\"@id\":\"https:\\\/\\\/www.etto.cz\\\/#website\",\"url\":\"https:\\\/\\\/www.etto.cz\\\/\",\"name\":\"ETTO\",\"description\":\"V\u00fdroba elektrick\u00fdch topn\u00fdch t\u011bles\",\"potentialAction\":[{\"@type\":\"SearchAction\",\"target\":{\"@type\":\"EntryPoint\",\"urlTemplate\":\"https:\\\/\\\/www.etto.cz\\\/?s={search_term_string}\"},\"query-input\":{\"@type\":\"PropertyValueSpecification\",\"valueRequired\":true,\"valueName\":\"search_term_string\"}}],\"inLanguage\":\"pl-PL\"}]}<\/script>\n<!-- \/ Yoast SEO plugin. -->","yoast_head_json":{"title":"Ogrzewanie gazow | ETTO","description":"Elementy grzejne do ogrzewania gazow: powietrza, azotu i innych gazow technicznych.","robots":{"index":"index","follow":"follow","max-snippet":"max-snippet:-1","max-image-preview":"max-image-preview:large","max-video-preview":"max-video-preview:-1"},"canonical":"https:\/\/www.etto.cz\/pl\/ogrzewanie-substancji\/ogrzewanie-gazow\/","og_locale":"pl_PL","og_type":"article","og_title":"Ogrzewanie gazow | ETTO","og_description":"Elementy grzejne do ogrzewania gazow: powietrza, azotu i innych gazow technicznych.","og_url":"https:\/\/www.etto.cz\/pl\/ogrzewanie-substancji\/ogrzewanie-gazow\/","og_site_name":"ETTO","og_image":[{"width":768,"height":576,"url":"https:\/\/www.etto.cz\/wp-content\/uploads\/2017\/09\/cem.jpg","type":"image\/jpeg"}],"twitter_card":"summary_large_image","twitter_misc":{"Est. reading time":"1 minute"},"schema":{"@context":"https:\/\/schema.org","@graph":[{"@type":"WebPage","@id":"https:\/\/www.etto.cz\/ohrev-latek\/ohrev-plynu\/","url":"https:\/\/www.etto.cz\/ohrev-latek\/ohrev-plynu\/","name":"Ogrzewanie gazow | ETTO","isPartOf":{"@id":"https:\/\/www.etto.cz\/#website"},"primaryImageOfPage":{"@id":"https:\/\/www.etto.cz\/ohrev-latek\/ohrev-plynu\/#primaryimage"},"image":{"@id":"https:\/\/www.etto.cz\/ohrev-latek\/ohrev-plynu\/#primaryimage"},"thumbnailUrl":"https:\/\/www.etto.cz\/wp-content\/uploads\/2017\/09\/cem.jpg","datePublished":"2026-04-15T08:40:59+00:00","description":"Elementy grzejne do ogrzewania gazow: powietrza, azotu i innych gazow technicznych.","breadcrumb":{"@id":"https:\/\/www.etto.cz\/ohrev-latek\/ohrev-plynu\/#breadcrumb"},"inLanguage":"pl-PL","potentialAction":[{"@type":"ReadAction","target":["https:\/\/www.etto.cz\/ohrev-latek\/ohrev-plynu\/"]}]},{"@type":"ImageObject","inLanguage":"pl-PL","@id":"https:\/\/www.etto.cz\/ohrev-latek\/ohrev-plynu\/#primaryimage","url":"https:\/\/www.etto.cz\/wp-content\/uploads\/2017\/09\/cem.jpg","contentUrl":"https:\/\/www.etto.cz\/wp-content\/uploads\/2017\/09\/cem.jpg","width":768,"height":576},{"@type":"BreadcrumbList","@id":"https:\/\/www.etto.cz\/ohrev-latek\/ohrev-plynu\/#breadcrumb","itemListElement":[{"@type":"ListItem","position":1,"name":"Dom\u016f","item":"https:\/\/www.etto.cz\/"},{"@type":"ListItem","position":2,"name":"Ogrzewanie substancji","item":"https:\/\/www.etto.cz\/ohrev-latek\/"},{"@type":"ListItem","position":3,"name":"Ogrzewanie gaz\u00f3w"}]},{"@type":"WebSite","@id":"https:\/\/www.etto.cz\/#website","url":"https:\/\/www.etto.cz\/","name":"ETTO","description":"V\u00fdroba elektrick\u00fdch topn\u00fdch t\u011bles","potentialAction":[{"@type":"SearchAction","target":{"@type":"EntryPoint","urlTemplate":"https:\/\/www.etto.cz\/?s={search_term_string}"},"query-input":{"@type":"PropertyValueSpecification","valueRequired":true,"valueName":"search_term_string"}}],"inLanguage":"pl-PL"}]}},"_links":{"self":[{"href":"https:\/\/www.etto.cz\/pl\/wp-json\/wp\/v2\/pages\/6113","targetHints":{"allow":["GET"]}}],"collection":[{"href":"https:\/\/www.etto.cz\/pl\/wp-json\/wp\/v2\/pages"}],"about":[{"href":"https:\/\/www.etto.cz\/pl\/wp-json\/wp\/v2\/types\/page"}],"author":[{"embeddable":true,"href":"https:\/\/www.etto.cz\/pl\/wp-json\/wp\/v2\/users\/1"}],"replies":[{"embeddable":true,"href":"https:\/\/www.etto.cz\/pl\/wp-json\/wp\/v2\/comments?post=6113"}],"version-history":[{"count":0,"href":"https:\/\/www.etto.cz\/pl\/wp-json\/wp\/v2\/pages\/6113\/revisions"}],"up":[{"embeddable":true,"href":"https:\/\/www.etto.cz\/pl\/wp-json\/wp\/v2\/pages\/6112"}],"wp:featuredmedia":[{"embeddable":true,"href":"https:\/\/www.etto.cz\/pl\/wp-json\/wp\/v2\/media\/2025"}],"wp:attachment":[{"href":"https:\/\/www.etto.cz\/pl\/wp-json\/wp\/v2\/media?parent=6113"}],"curies":[{"name":"wp","href":"https:\/\/api.w.org\/{rel}","templated":true}]}}