{"id":6116,"date":"2026-04-15T09:40:59","date_gmt":"2026-04-15T08:40:59","guid":{"rendered":""},"modified":"2026-04-15T09:40:59","modified_gmt":"2026-04-15T08:40:59","slug":"ogrzewanie-podczerwienia","status":"publish","type":"page","link":"https:\/\/www.etto.cz\/pl\/ogrzewanie-substancji\/ogrzewanie-podczerwienia\/","title":{"rendered":"Ogrzewanie podczerwieni\u0105 (panele na podczerwie\u0144)"},"content":{"rendered":"<p style=\"text-align: justify;\"><strong>Ogrzewanie podczerwieni\u0105<\/strong> \u2014 to termin oznaczaj\u0105cy <strong>ogrzewanie przez radiacj\u0119<\/strong> (promieniowanie) w formie fal elektromagnetycznych w widmie podczerwieni (d\u0142ugo\u015b\u0107 fali 0,7\u201310 \u00b5m). Fale elektromagnetyczne emitowane przez gor\u0105cy obiekt rozchodz\u0105 si\u0119 w przestrzeni i s\u0105 absorbowane przez obiekt zimny, gdzie \u201erozwibruj\u0105&#8221; jego atomy i tym samym podnosz\u0105 jego temperatur\u0119. Promieniowanie rozchodzi si\u0119 nawet w pr\u00f3\u017cni. Ogrzewanie podczerwieni\u0105 stosuje si\u0119 do ogrzewania cia\u0142 sta\u0142ych i cieczy \u201ena odleg\u0142o\u015b\u0107&#8221;. Ogrzewanie gaz\u00f3w podczerwieni\u0105 nie jest skuteczne.<\/p>\n<p style=\"text-align: justify;\"><strong>Produkujemy PANELE NA PODCZERWIE\u0143<\/strong> (ogrzewacze panelowe pracuj\u0105ce w widmie podczerwieni) <strong>do zastosowa\u0144 przemys\u0142owych.<\/strong> Jest to technologia, w kt\u00f3rej pasek grzejny ze stopu oporowego jest zamocowany bezpo\u015brednio na p\u0142ycie izolacyjnej. Sprawdzone, wyj\u0105tkowo elastyczne rozwi\u0105zanie umo\u017cliwiaj\u0105ce realizacj\u0119 na miar\u0119 wed\u0142ug wymaga\u0144 klienta. Panele na podczerwie\u0144 maj\u0105 szerokie zastosowanie w wielu ga\u0142\u0119ziach przemys\u0142u, takich jak: produkcja folii i tkanin, termoformowanie tworzyw sztucznych, laminowanie, utwardzanie klej\u00f3w i lakier\u00f3w itp. Zalet\u0105 jest \u0142atwa regulacja z niemal natychmiastow\u0105 reakcj\u0105, mo\u017cliwo\u015b\u0107 zastosowania na du\u017cych powierzchniach, wysokie <strong>obci\u0105\u017cenie powierzchniowe (do 5 W\/cm2)<\/strong>. W pe\u0142ni regulowalny <strong>zakres temperatur roboczych od 30\u00b0C do 850\u00b0C<\/strong>.<\/p>\n","protected":false},"excerpt":{"rendered":"<p>Ogrzewanie podczerwieni\u0105 \u2014 to termin oznaczaj\u0105cy ogrzewanie przez radiacj\u0119 (promieniowanie) w formie fal elektromagnetycznych w widmie podczerwieni (d\u0142ugo\u015b\u0107 fali 0,7\u201310 \u00b5m). Fale elektromagnetyczne emitowane przez &#8230;<\/p>\n","protected":false},"author":1,"featured_media":4688,"parent":6112,"menu_order":0,"comment_status":"closed","ping_status":"closed","template":"_page-menu.php","meta":{"_acf_changed":false,"ngg_post_thumbnail":0,"footnotes":"","_links_to":"","_links_to_target":""},"class_list":["post-6116","page","type-page","status-publish","has-post-thumbnail","hentry"],"acf":[],"yoast_head":"<!-- This site is optimized with the Yoast SEO plugin v27.3 - https:\/\/yoast.com\/product\/yoast-seo-wordpress\/ -->\n<title>Ogrzewanie podczerwienia - panele na podczerwien | ETTO<\/title>\n<meta name=\"description\" content=\"Promienniki podczerwieni i panele grzewcze na podczerwien do zastosowan przemyslowych i komercyjnych.\" \/>\n<meta name=\"robots\" content=\"index, follow, max-snippet:-1, max-image-preview:large, max-video-preview:-1\" \/>\n<link rel=\"canonical\" href=\"https:\/\/www.etto.cz\/pl\/ogrzewanie-substancji\/ogrzewanie-podczerwienia\/\" \/>\n<meta property=\"og:locale\" content=\"pl_PL\" \/>\n<meta property=\"og:type\" content=\"article\" \/>\n<meta property=\"og:title\" content=\"Ogrzewanie podczerwienia - panele na podczerwien | ETTO\" \/>\n<meta property=\"og:description\" content=\"Promienniki podczerwieni i panele grzewcze na podczerwien do zastosowan przemyslowych i komercyjnych.\" \/>\n<meta property=\"og:url\" content=\"https:\/\/www.etto.cz\/pl\/ogrzewanie-substancji\/ogrzewanie-podczerwienia\/\" \/>\n<meta property=\"og:site_name\" content=\"ETTO\" \/>\n<meta property=\"og:image\" content=\"https:\/\/www.etto.cz\/wp-content\/uploads\/2020\/02\/infra_panel.png\" \/>\n\t<meta property=\"og:image:width\" content=\"1047\" \/>\n\t<meta property=\"og:image:height\" content=\"1047\" \/>\n\t<meta property=\"og:image:type\" content=\"image\/png\" \/>\n<meta name=\"twitter:card\" content=\"summary_large_image\" \/>\n<meta name=\"twitter:label1\" content=\"Est. reading time\" \/>\n\t<meta name=\"twitter:data1\" content=\"1 minute\" \/>\n<script type=\"application\/ld+json\" class=\"yoast-schema-graph\">{\"@context\":\"https:\\\/\\\/schema.org\",\"@graph\":[{\"@type\":\"WebPage\",\"@id\":\"https:\\\/\\\/www.etto.cz\\\/ohrev-latek\\\/infra-ohrev\\\/\",\"url\":\"https:\\\/\\\/www.etto.cz\\\/ohrev-latek\\\/infra-ohrev\\\/\",\"name\":\"Ogrzewanie podczerwienia - panele na podczerwien | ETTO\",\"isPartOf\":{\"@id\":\"https:\\\/\\\/www.etto.cz\\\/#website\"},\"primaryImageOfPage\":{\"@id\":\"https:\\\/\\\/www.etto.cz\\\/ohrev-latek\\\/infra-ohrev\\\/#primaryimage\"},\"image\":{\"@id\":\"https:\\\/\\\/www.etto.cz\\\/ohrev-latek\\\/infra-ohrev\\\/#primaryimage\"},\"thumbnailUrl\":\"https:\\\/\\\/www.etto.cz\\\/wp-content\\\/uploads\\\/2020\\\/02\\\/infra_panel.png\",\"datePublished\":\"2026-04-15T08:40:59+00:00\",\"description\":\"Promienniki podczerwieni i panele grzewcze na podczerwien do zastosowan przemyslowych i komercyjnych.\",\"breadcrumb\":{\"@id\":\"https:\\\/\\\/www.etto.cz\\\/ohrev-latek\\\/infra-ohrev\\\/#breadcrumb\"},\"inLanguage\":\"pl-PL\",\"potentialAction\":[{\"@type\":\"ReadAction\",\"target\":[\"https:\\\/\\\/www.etto.cz\\\/ohrev-latek\\\/infra-ohrev\\\/\"]}]},{\"@type\":\"ImageObject\",\"inLanguage\":\"pl-PL\",\"@id\":\"https:\\\/\\\/www.etto.cz\\\/ohrev-latek\\\/infra-ohrev\\\/#primaryimage\",\"url\":\"https:\\\/\\\/www.etto.cz\\\/wp-content\\\/uploads\\\/2020\\\/02\\\/infra_panel.png\",\"contentUrl\":\"https:\\\/\\\/www.etto.cz\\\/wp-content\\\/uploads\\\/2020\\\/02\\\/infra_panel.png\",\"width\":1047,\"height\":1047},{\"@type\":\"BreadcrumbList\",\"@id\":\"https:\\\/\\\/www.etto.cz\\\/ohrev-latek\\\/infra-ohrev\\\/#breadcrumb\",\"itemListElement\":[{\"@type\":\"ListItem\",\"position\":1,\"name\":\"Dom\u016f\",\"item\":\"https:\\\/\\\/www.etto.cz\\\/\"},{\"@type\":\"ListItem\",\"position\":2,\"name\":\"Ogrzewanie substancji\",\"item\":\"https:\\\/\\\/www.etto.cz\\\/ohrev-latek\\\/\"},{\"@type\":\"ListItem\",\"position\":3,\"name\":\"Ogrzewanie podczerwieni\u0105 (panele na podczerwie\u0144)\"}]},{\"@type\":\"WebSite\",\"@id\":\"https:\\\/\\\/www.etto.cz\\\/#website\",\"url\":\"https:\\\/\\\/www.etto.cz\\\/\",\"name\":\"ETTO\",\"description\":\"V\u00fdroba elektrick\u00fdch topn\u00fdch t\u011bles\",\"potentialAction\":[{\"@type\":\"SearchAction\",\"target\":{\"@type\":\"EntryPoint\",\"urlTemplate\":\"https:\\\/\\\/www.etto.cz\\\/?s={search_term_string}\"},\"query-input\":{\"@type\":\"PropertyValueSpecification\",\"valueRequired\":true,\"valueName\":\"search_term_string\"}}],\"inLanguage\":\"pl-PL\"}]}<\/script>\n<!-- \/ Yoast SEO plugin. -->","yoast_head_json":{"title":"Ogrzewanie podczerwienia - panele na podczerwien | ETTO","description":"Promienniki podczerwieni i panele grzewcze na podczerwien do zastosowan przemyslowych i komercyjnych.","robots":{"index":"index","follow":"follow","max-snippet":"max-snippet:-1","max-image-preview":"max-image-preview:large","max-video-preview":"max-video-preview:-1"},"canonical":"https:\/\/www.etto.cz\/pl\/ogrzewanie-substancji\/ogrzewanie-podczerwienia\/","og_locale":"pl_PL","og_type":"article","og_title":"Ogrzewanie podczerwienia - panele na podczerwien | ETTO","og_description":"Promienniki podczerwieni i panele grzewcze na podczerwien do zastosowan przemyslowych i komercyjnych.","og_url":"https:\/\/www.etto.cz\/pl\/ogrzewanie-substancji\/ogrzewanie-podczerwienia\/","og_site_name":"ETTO","og_image":[{"width":1047,"height":1047,"url":"https:\/\/www.etto.cz\/wp-content\/uploads\/2020\/02\/infra_panel.png","type":"image\/png"}],"twitter_card":"summary_large_image","twitter_misc":{"Est. reading time":"1 minute"},"schema":{"@context":"https:\/\/schema.org","@graph":[{"@type":"WebPage","@id":"https:\/\/www.etto.cz\/ohrev-latek\/infra-ohrev\/","url":"https:\/\/www.etto.cz\/ohrev-latek\/infra-ohrev\/","name":"Ogrzewanie podczerwienia - panele na podczerwien | ETTO","isPartOf":{"@id":"https:\/\/www.etto.cz\/#website"},"primaryImageOfPage":{"@id":"https:\/\/www.etto.cz\/ohrev-latek\/infra-ohrev\/#primaryimage"},"image":{"@id":"https:\/\/www.etto.cz\/ohrev-latek\/infra-ohrev\/#primaryimage"},"thumbnailUrl":"https:\/\/www.etto.cz\/wp-content\/uploads\/2020\/02\/infra_panel.png","datePublished":"2026-04-15T08:40:59+00:00","description":"Promienniki podczerwieni i panele grzewcze na podczerwien do zastosowan przemyslowych i komercyjnych.","breadcrumb":{"@id":"https:\/\/www.etto.cz\/ohrev-latek\/infra-ohrev\/#breadcrumb"},"inLanguage":"pl-PL","potentialAction":[{"@type":"ReadAction","target":["https:\/\/www.etto.cz\/ohrev-latek\/infra-ohrev\/"]}]},{"@type":"ImageObject","inLanguage":"pl-PL","@id":"https:\/\/www.etto.cz\/ohrev-latek\/infra-ohrev\/#primaryimage","url":"https:\/\/www.etto.cz\/wp-content\/uploads\/2020\/02\/infra_panel.png","contentUrl":"https:\/\/www.etto.cz\/wp-content\/uploads\/2020\/02\/infra_panel.png","width":1047,"height":1047},{"@type":"BreadcrumbList","@id":"https:\/\/www.etto.cz\/ohrev-latek\/infra-ohrev\/#breadcrumb","itemListElement":[{"@type":"ListItem","position":1,"name":"Dom\u016f","item":"https:\/\/www.etto.cz\/"},{"@type":"ListItem","position":2,"name":"Ogrzewanie substancji","item":"https:\/\/www.etto.cz\/ohrev-latek\/"},{"@type":"ListItem","position":3,"name":"Ogrzewanie podczerwieni\u0105 (panele na podczerwie\u0144)"}]},{"@type":"WebSite","@id":"https:\/\/www.etto.cz\/#website","url":"https:\/\/www.etto.cz\/","name":"ETTO","description":"V\u00fdroba elektrick\u00fdch topn\u00fdch t\u011bles","potentialAction":[{"@type":"SearchAction","target":{"@type":"EntryPoint","urlTemplate":"https:\/\/www.etto.cz\/?s={search_term_string}"},"query-input":{"@type":"PropertyValueSpecification","valueRequired":true,"valueName":"search_term_string"}}],"inLanguage":"pl-PL"}]}},"_links":{"self":[{"href":"https:\/\/www.etto.cz\/pl\/wp-json\/wp\/v2\/pages\/6116","targetHints":{"allow":["GET"]}}],"collection":[{"href":"https:\/\/www.etto.cz\/pl\/wp-json\/wp\/v2\/pages"}],"about":[{"href":"https:\/\/www.etto.cz\/pl\/wp-json\/wp\/v2\/types\/page"}],"author":[{"embeddable":true,"href":"https:\/\/www.etto.cz\/pl\/wp-json\/wp\/v2\/users\/1"}],"replies":[{"embeddable":true,"href":"https:\/\/www.etto.cz\/pl\/wp-json\/wp\/v2\/comments?post=6116"}],"version-history":[{"count":0,"href":"https:\/\/www.etto.cz\/pl\/wp-json\/wp\/v2\/pages\/6116\/revisions"}],"up":[{"embeddable":true,"href":"https:\/\/www.etto.cz\/pl\/wp-json\/wp\/v2\/pages\/6112"}],"wp:featuredmedia":[{"embeddable":true,"href":"https:\/\/www.etto.cz\/pl\/wp-json\/wp\/v2\/media\/4688"}],"wp:attachment":[{"href":"https:\/\/www.etto.cz\/pl\/wp-json\/wp\/v2\/media?parent=6116"}],"curies":[{"name":"wp","href":"https:\/\/api.w.org\/{rel}","templated":true}]}}