{"id":6118,"date":"2026-04-15T09:40:59","date_gmt":"2026-04-15T08:40:59","guid":{"rendered":""},"modified":"2026-04-15T09:40:59","modified_gmt":"2026-04-15T08:40:59","slug":"katalog-ogrzewanie-gazow","status":"publish","type":"page","link":"https:\/\/www.etto.cz\/pl\/ogrzewanie-substancji\/katalog-ogrzewanie-gazow\/","title":{"rendered":"Katalog element\u00f3w grzejnych do ogrzewania gaz\u00f3w"},"content":{"rendered":"<p><a href=\"\/wp-content\/uploads\/2023\/11\/katalog_ohrev_plynu.pdf\" target=\"_blank\" rel=\"noopener\">Katalog element\u00f3w grzejnych do ogrzewania gaz\u00f3w do pobrania tutaj.<\/a><\/p>\nngg_shortcode_0_placeholder\n","protected":false},"excerpt":{"rendered":"<p>Katalog element\u00f3w grzejnych do ogrzewania gaz\u00f3w do pobrania tutaj. &#8221; order_by=&#8221;sortorder&#8221; order_direction=&#8221;ASC&#8221; returns=&#8221;included&#8221; maximum_entity_count=&#8221;500&#8243;]<\/p>\n","protected":false},"author":1,"featured_media":0,"parent":6112,"menu_order":0,"comment_status":"closed","ping_status":"closed","template":"_page-menu.php","meta":{"_acf_changed":false,"ngg_post_thumbnail":0,"footnotes":"","_links_to":"","_links_to_target":""},"class_list":["post-6118","page","type-page","status-publish","hentry"],"acf":[],"yoast_head":"<!-- This site is optimized with the Yoast SEO plugin v27.3 - https:\/\/yoast.com\/product\/yoast-seo-wordpress\/ -->\n<title>Katalog element\u00f3w grzejnych do ogrzewania gaz\u00f3w - ETTO<\/title>\n<meta name=\"robots\" content=\"index, follow, max-snippet:-1, max-image-preview:large, max-video-preview:-1\" \/>\n<link rel=\"canonical\" href=\"https:\/\/www.etto.cz\/pl\/ogrzewanie-substancji\/katalog-ogrzewanie-gazow\/\" \/>\n<meta property=\"og:locale\" content=\"pl_PL\" \/>\n<meta property=\"og:type\" content=\"article\" \/>\n<meta property=\"og:title\" content=\"Katalog element\u00f3w grzejnych do ogrzewania gaz\u00f3w - ETTO\" \/>\n<meta property=\"og:description\" content=\"Katalog element\u00f3w grzejnych do ogrzewania gaz\u00f3w do pobrania tutaj. &#8221; order_by=&#8221;sortorder&#8221; order_direction=&#8221;ASC&#8221; returns=&#8221;included&#8221; maximum_entity_count=&#8221;500&#8243;]\" \/>\n<meta property=\"og:url\" content=\"https:\/\/www.etto.cz\/pl\/ogrzewanie-substancji\/katalog-ogrzewanie-gazow\/\" \/>\n<meta property=\"og:site_name\" content=\"ETTO\" \/>\n<meta property=\"og:image\" content=\"https:\/\/www.etto.cz\/pl\/wp-content\/gallery\/prumyslova-telesa\/teleso-kotel.jpg\" \/>\n<meta name=\"twitter:card\" content=\"summary_large_image\" \/>\n<script type=\"application\/ld+json\" class=\"yoast-schema-graph\">{\"@context\":\"https:\\\/\\\/schema.org\",\"@graph\":[{\"@type\":\"WebPage\",\"@id\":\"https:\\\/\\\/www.etto.cz\\\/pl\\\/ogrzewanie-substancji\\\/katalog-ogrzewanie-gazow\\\/\",\"url\":\"https:\\\/\\\/www.etto.cz\\\/pl\\\/ogrzewanie-substancji\\\/katalog-ogrzewanie-gazow\\\/\",\"name\":\"Katalog element\u00f3w grzejnych do ogrzewania gaz\u00f3w - ETTO\",\"isPartOf\":{\"@id\":\"https:\\\/\\\/www.etto.cz\\\/#website\"},\"datePublished\":\"2026-04-15T08:40:59+00:00\",\"breadcrumb\":{\"@id\":\"https:\\\/\\\/www.etto.cz\\\/pl\\\/ogrzewanie-substancji\\\/katalog-ogrzewanie-gazow\\\/#breadcrumb\"},\"inLanguage\":\"pl-PL\",\"potentialAction\":[{\"@type\":\"ReadAction\",\"target\":[\"https:\\\/\\\/www.etto.cz\\\/pl\\\/ogrzewanie-substancji\\\/katalog-ogrzewanie-gazow\\\/\"]}]},{\"@type\":\"BreadcrumbList\",\"@id\":\"https:\\\/\\\/www.etto.cz\\\/pl\\\/ogrzewanie-substancji\\\/katalog-ogrzewanie-gazow\\\/#breadcrumb\",\"itemListElement\":[{\"@type\":\"ListItem\",\"position\":1,\"name\":\"Dom\u016f\",\"item\":\"https:\\\/\\\/www.etto.cz\\\/\"},{\"@type\":\"ListItem\",\"position\":2,\"name\":\"Ogrzewanie substancji\",\"item\":\"https:\\\/\\\/www.etto.cz\\\/ohrev-latek\\\/\"},{\"@type\":\"ListItem\",\"position\":3,\"name\":\"Katalog element\u00f3w grzejnych do ogrzewania gaz\u00f3w\"}]},{\"@type\":\"WebSite\",\"@id\":\"https:\\\/\\\/www.etto.cz\\\/#website\",\"url\":\"https:\\\/\\\/www.etto.cz\\\/\",\"name\":\"ETTO\",\"description\":\"V\u00fdroba elektrick\u00fdch topn\u00fdch t\u011bles\",\"potentialAction\":[{\"@type\":\"SearchAction\",\"target\":{\"@type\":\"EntryPoint\",\"urlTemplate\":\"https:\\\/\\\/www.etto.cz\\\/?s={search_term_string}\"},\"query-input\":{\"@type\":\"PropertyValueSpecification\",\"valueRequired\":true,\"valueName\":\"search_term_string\"}}],\"inLanguage\":\"pl-PL\"}]}<\/script>\n<!-- \/ Yoast SEO plugin. -->","yoast_head_json":{"title":"Katalog element\u00f3w grzejnych do ogrzewania gaz\u00f3w - ETTO","robots":{"index":"index","follow":"follow","max-snippet":"max-snippet:-1","max-image-preview":"max-image-preview:large","max-video-preview":"max-video-preview:-1"},"canonical":"https:\/\/www.etto.cz\/pl\/ogrzewanie-substancji\/katalog-ogrzewanie-gazow\/","og_locale":"pl_PL","og_type":"article","og_title":"Katalog element\u00f3w grzejnych do ogrzewania gaz\u00f3w - ETTO","og_description":"Katalog element\u00f3w grzejnych do ogrzewania gaz\u00f3w do pobrania tutaj. &#8221; order_by=&#8221;sortorder&#8221; order_direction=&#8221;ASC&#8221; returns=&#8221;included&#8221; maximum_entity_count=&#8221;500&#8243;]","og_url":"https:\/\/www.etto.cz\/pl\/ogrzewanie-substancji\/katalog-ogrzewanie-gazow\/","og_site_name":"ETTO","og_image":[{"url":"https:\/\/www.etto.cz\/pl\/wp-content\/gallery\/prumyslova-telesa\/teleso-kotel.jpg","type":"","width":"","height":""}],"twitter_card":"summary_large_image","schema":{"@context":"https:\/\/schema.org","@graph":[{"@type":"WebPage","@id":"https:\/\/www.etto.cz\/pl\/ogrzewanie-substancji\/katalog-ogrzewanie-gazow\/","url":"https:\/\/www.etto.cz\/pl\/ogrzewanie-substancji\/katalog-ogrzewanie-gazow\/","name":"Katalog element\u00f3w grzejnych do ogrzewania gaz\u00f3w - ETTO","isPartOf":{"@id":"https:\/\/www.etto.cz\/#website"},"datePublished":"2026-04-15T08:40:59+00:00","breadcrumb":{"@id":"https:\/\/www.etto.cz\/pl\/ogrzewanie-substancji\/katalog-ogrzewanie-gazow\/#breadcrumb"},"inLanguage":"pl-PL","potentialAction":[{"@type":"ReadAction","target":["https:\/\/www.etto.cz\/pl\/ogrzewanie-substancji\/katalog-ogrzewanie-gazow\/"]}]},{"@type":"BreadcrumbList","@id":"https:\/\/www.etto.cz\/pl\/ogrzewanie-substancji\/katalog-ogrzewanie-gazow\/#breadcrumb","itemListElement":[{"@type":"ListItem","position":1,"name":"Dom\u016f","item":"https:\/\/www.etto.cz\/"},{"@type":"ListItem","position":2,"name":"Ogrzewanie substancji","item":"https:\/\/www.etto.cz\/ohrev-latek\/"},{"@type":"ListItem","position":3,"name":"Katalog element\u00f3w grzejnych do ogrzewania gaz\u00f3w"}]},{"@type":"WebSite","@id":"https:\/\/www.etto.cz\/#website","url":"https:\/\/www.etto.cz\/","name":"ETTO","description":"V\u00fdroba elektrick\u00fdch topn\u00fdch t\u011bles","potentialAction":[{"@type":"SearchAction","target":{"@type":"EntryPoint","urlTemplate":"https:\/\/www.etto.cz\/?s={search_term_string}"},"query-input":{"@type":"PropertyValueSpecification","valueRequired":true,"valueName":"search_term_string"}}],"inLanguage":"pl-PL"}]}},"_links":{"self":[{"href":"https:\/\/www.etto.cz\/pl\/wp-json\/wp\/v2\/pages\/6118","targetHints":{"allow":["GET"]}}],"collection":[{"href":"https:\/\/www.etto.cz\/pl\/wp-json\/wp\/v2\/pages"}],"about":[{"href":"https:\/\/www.etto.cz\/pl\/wp-json\/wp\/v2\/types\/page"}],"author":[{"embeddable":true,"href":"https:\/\/www.etto.cz\/pl\/wp-json\/wp\/v2\/users\/1"}],"replies":[{"embeddable":true,"href":"https:\/\/www.etto.cz\/pl\/wp-json\/wp\/v2\/comments?post=6118"}],"version-history":[{"count":0,"href":"https:\/\/www.etto.cz\/pl\/wp-json\/wp\/v2\/pages\/6118\/revisions"}],"up":[{"embeddable":true,"href":"https:\/\/www.etto.cz\/pl\/wp-json\/wp\/v2\/pages\/6112"}],"wp:attachment":[{"href":"https:\/\/www.etto.cz\/pl\/wp-json\/wp\/v2\/media?parent=6118"}],"curies":[{"name":"wp","href":"https:\/\/api.w.org\/{rel}","templated":true}]}}