{"id":6119,"date":"2026-04-15T09:40:59","date_gmt":"2026-04-15T08:40:59","guid":{"rendered":""},"modified":"2026-04-15T09:40:59","modified_gmt":"2026-04-15T08:40:59","slug":"elementy-grzejne-wg-zastosowania","status":"publish","type":"page","link":"https:\/\/www.etto.cz\/pl\/elementy-grzejne-wg-zastosowania\/","title":{"rendered":"Elementy grzejne wg zastosowania"},"content":{"rendered":"<div class=\"sub-menu\">            <a href=\"https:\/\/www.etto.cz\/pl\/elementy-grzejne-wg-zastosowania\/technologia-goracego-powietrza-tutco-sureheat\/\" class=\"subitem\">\n                <span class=\"img\">\n                    <img decoding=\"async\" src=\"https:\/\/www.etto.cz\/wp-content\/uploads\/2025\/04\/closedloopintelligentairheaters_360_267_int_s-2-153x153.png\" alt=\"Tutco SureHeat \u2014 technologia gor\u0105cego powietrza\" loading=\"lazy\" \/>\n                    <span><em>Tutco SureHeat \u2014 technologia gor\u0105cego powietrza<\/em><\/span>\n                <\/span>\n                <strong>Tutco SureHeat \u2014 technologia gor\u0105cego powietrza<\/strong>\n            <\/a>\n                        <a href=\"https:\/\/www.etto.cz\/pl\/elementy-grzejne-wg-zastosowania\/elementy-grzejne-do-zastosowan-przemyslowych\/\" class=\"subitem\">\n                <span class=\"img\">\n                    <img decoding=\"async\" src=\"https:\/\/www.etto.cz\/wp-content\/uploads\/2016\/12\/ohrev_vzduchu_potrubi-153x153.jpg\" alt=\"Elementy grzejne do zastosowa\u0144 przemys\u0142owych\" loading=\"lazy\" \/>\n                    <span><em>Elementy grzejne do zastosowa\u0144 przemys\u0142owych<\/em><\/span>\n                <\/span>\n                <strong>Elementy grzejne do zastosowa\u0144 przemys\u0142owych<\/strong>\n            <\/a>\n                        <a href=\"https:\/\/www.etto.cz\/pl\/elementy-grzejne-wg-zastosowania\/elementy-grzejne-do-grzejnikow-lazienkowych\/\" class=\"subitem\">\n                <span class=\"img\">\n                    <img decoding=\"async\" src=\"https:\/\/www.etto.cz\/wp-content\/uploads\/2016\/12\/z1-153x153.png\" alt=\"Elementy grzejne do grzejnik\u00f3w \u0142azienkowych\" loading=\"lazy\" \/>\n                    <span><em>Elementy grzejne do grzejnik\u00f3w \u0142azienkowych<\/em><\/span>\n                <\/span>\n                <strong>Elementy grzejne do grzejnik\u00f3w \u0142azienkowych<\/strong>\n            <\/a>\n                        <a href=\"https:\/\/www.etto.cz\/pl\/elementy-grzejne-wg-zastosowania\/podgrzewanie-miodu\/\" class=\"subitem\">\n                <span class=\"img\">\n                    <img decoding=\"async\" src=\"https:\/\/www.etto.cz\/wp-content\/uploads\/2016\/12\/tm1-153x135.jpg\" alt=\"Podgrzewanie miodu\" loading=\"lazy\" \/>\n                    <span><em>Podgrzewanie miodu<\/em><\/span>\n                <\/span>\n                <strong>Podgrzewanie miodu<\/strong>\n            <\/a>\n                        <a href=\"https:\/\/www.etto.cz\/pl\/elementy-grzejne-wg-zastosowania\/ogrzewanie-roztworow-chemicznych\/\" class=\"subitem\">\n                <span class=\"img\">\n                    <img decoding=\"async\" src=\"https:\/\/www.etto.cz\/wp-content\/uploads\/2025\/04\/popular_3kw-153x96.jpg\" alt=\"Ogrzewanie roztwor\u00f3w chemicznych (k\u0105pieli galwanicznych)\" loading=\"lazy\" \/>\n                    <span><em>Ogrzewanie roztwor\u00f3w chemicznych (k\u0105pieli galwanicznych)<\/em><\/span>\n                <\/span>\n                <strong>Ogrzewanie roztwor\u00f3w chemicznych (k\u0105pieli galwanicznych)<\/strong>\n            <\/a>\n                        <a href=\"https:\/\/www.etto.cz\/pl\/elementy-grzejne-wg-zastosowania\/elementy-grzejne-z-wulkanizowanym-przylaczem\/\" class=\"subitem\">\n                <span class=\"img\">\n                    <img decoding=\"async\" src=\"https:\/\/www.etto.cz\/wp-content\/uploads\/2020\/02\/topne-teleso-vulkanizovane-153x153.jpg\" alt=\"Elementy grzejne z wulkanizowanym przy\u0142\u0105czem kablowym\" loading=\"lazy\" \/>\n                    <span><em>Elementy grzejne z wulkanizowanym przy\u0142\u0105czem kablowym<\/em><\/span>\n                <\/span>\n                <strong>Elementy grzejne z wulkanizowanym przy\u0142\u0105czem kablowym<\/strong>\n            <\/a>\n                        <a href=\"https:\/\/www.etto.cz\/pl\/elementy-grzejne-wg-zastosowania\/elementy-grzejne-do-stref-zagrozonych-wybuchem\/\" class=\"subitem\">\n                <span class=\"img\">\n                    <img decoding=\"async\" src=\"https:\/\/www.etto.cz\/wp-content\/uploads\/2017\/09\/aer-ex-111x153.jpg\" alt=\"Elementy grzejne do stref zagro\u017conych wybuchem\" loading=\"lazy\" \/>\n                    <span><em>Elementy grzejne do stref zagro\u017conych wybuchem<\/em><\/span>\n                <\/span>\n                <strong>Elementy grzejne do stref zagro\u017conych wybuchem<\/strong>\n            <\/a>\n                        <a href=\"https:\/\/www.etto.cz\/pl\/elementy-grzejne-wg-zastosowania\/suszarki-do-butow\/\" class=\"subitem\">\n                <span class=\"img\">\n                    <img decoding=\"async\" src=\"https:\/\/www.etto.cz\/wp-content\/uploads\/2016\/12\/susic_2-153x134.jpg\" alt=\"Suszarki do but\u00f3w\" loading=\"lazy\" \/>\n                    <span><em>Suszarki do but\u00f3w<\/em><\/span>\n                <\/span>\n                <strong>Suszarki do but\u00f3w<\/strong>\n            <\/a>\n            <\/div>\n","protected":false},"excerpt":{"rendered":"","protected":false},"author":1,"featured_media":0,"parent":0,"menu_order":0,"comment_status":"closed","ping_status":"closed","template":"_page-menu.php","meta":{"_acf_changed":false,"ngg_post_thumbnail":0,"footnotes":"","_links_to":"","_links_to_target":""},"class_list":["post-6119","page","type-page","status-publish","hentry"],"acf":[],"yoast_head":"<!-- This site is optimized with the Yoast SEO plugin v27.3 - https:\/\/yoast.com\/product\/yoast-seo-wordpress\/ -->\n<title>Elementy grzejne wg zastosowania | ETTO<\/title>\n<meta name=\"description\" content=\"Elementy grzejne wg zastosowania: kolejnictwo, przemysl, strefy zagrozenia wybuchem, suszarki do butow.\" \/>\n<meta name=\"robots\" content=\"index, follow, max-snippet:-1, max-image-preview:large, max-video-preview:-1\" \/>\n<link rel=\"canonical\" href=\"https:\/\/www.etto.cz\/pl\/elementy-grzejne-wg-zastosowania\/suszarki-do-butow\/\" \/>\n<meta property=\"og:locale\" content=\"pl_PL\" \/>\n<meta property=\"og:type\" content=\"article\" \/>\n<meta property=\"og:title\" content=\"Elementy grzejne wg zastosowania | ETTO\" \/>\n<meta property=\"og:description\" content=\"Elementy grzejne wg zastosowania: kolejnictwo, przemysl, strefy zagrozenia wybuchem, suszarki do butow.\" \/>\n<meta property=\"og:url\" content=\"https:\/\/www.etto.cz\/pl\/elementy-grzejne-wg-zastosowania\/suszarki-do-butow\/\" \/>\n<meta property=\"og:site_name\" content=\"ETTO\" \/>\n<meta property=\"og:image\" content=\"https:\/\/www.etto.cz\/pl\/wp-content\/gallery\/prumyslova-telesa\/teleso-kotel.jpg\" \/>\n<meta name=\"twitter:card\" content=\"summary_large_image\" \/>\n<script type=\"application\/ld+json\" class=\"yoast-schema-graph\">{\"@context\":\"https:\\\/\\\/schema.org\",\"@graph\":[{\"@type\":\"WebPage\",\"@id\":\"https:\\\/\\\/www.etto.cz\\\/telesa-podle-ucelu\\\/\",\"url\":\"https:\\\/\\\/www.etto.cz\\\/telesa-podle-ucelu\\\/\",\"name\":\"Elementy grzejne wg zastosowania | ETTO\",\"isPartOf\":{\"@id\":\"https:\\\/\\\/www.etto.cz\\\/#website\"},\"datePublished\":\"2026-04-15T08:40:59+00:00\",\"description\":\"Elementy grzejne wg zastosowania: kolejnictwo, przemysl, strefy zagrozenia wybuchem, suszarki do butow.\",\"breadcrumb\":{\"@id\":\"https:\\\/\\\/www.etto.cz\\\/telesa-podle-ucelu\\\/#breadcrumb\"},\"inLanguage\":\"pl-PL\",\"potentialAction\":[{\"@type\":\"ReadAction\",\"target\":[\"https:\\\/\\\/www.etto.cz\\\/telesa-podle-ucelu\\\/\"]}]},{\"@type\":\"BreadcrumbList\",\"@id\":\"https:\\\/\\\/www.etto.cz\\\/telesa-podle-ucelu\\\/#breadcrumb\",\"itemListElement\":[{\"@type\":\"ListItem\",\"position\":1,\"name\":\"Dom\u016f\",\"item\":\"https:\\\/\\\/www.etto.cz\\\/\"},{\"@type\":\"ListItem\",\"position\":2,\"name\":\"Elementy grzejne wg zastosowania\"}]},{\"@type\":\"WebSite\",\"@id\":\"https:\\\/\\\/www.etto.cz\\\/#website\",\"url\":\"https:\\\/\\\/www.etto.cz\\\/\",\"name\":\"ETTO\",\"description\":\"V\u00fdroba elektrick\u00fdch topn\u00fdch t\u011bles\",\"potentialAction\":[{\"@type\":\"SearchAction\",\"target\":{\"@type\":\"EntryPoint\",\"urlTemplate\":\"https:\\\/\\\/www.etto.cz\\\/?s={search_term_string}\"},\"query-input\":{\"@type\":\"PropertyValueSpecification\",\"valueRequired\":true,\"valueName\":\"search_term_string\"}}],\"inLanguage\":\"pl-PL\"}]}<\/script>\n<!-- \/ Yoast SEO plugin. -->","yoast_head_json":{"title":"Elementy grzejne wg zastosowania | ETTO","description":"Elementy grzejne wg zastosowania: kolejnictwo, przemysl, strefy zagrozenia wybuchem, suszarki do butow.","robots":{"index":"index","follow":"follow","max-snippet":"max-snippet:-1","max-image-preview":"max-image-preview:large","max-video-preview":"max-video-preview:-1"},"canonical":"https:\/\/www.etto.cz\/pl\/elementy-grzejne-wg-zastosowania\/suszarki-do-butow\/","og_locale":"pl_PL","og_type":"article","og_title":"Elementy grzejne wg zastosowania | ETTO","og_description":"Elementy grzejne wg zastosowania: kolejnictwo, przemysl, strefy zagrozenia wybuchem, suszarki do butow.","og_url":"https:\/\/www.etto.cz\/pl\/elementy-grzejne-wg-zastosowania\/suszarki-do-butow\/","og_site_name":"ETTO","og_image":[{"url":"https:\/\/www.etto.cz\/pl\/wp-content\/gallery\/prumyslova-telesa\/teleso-kotel.jpg","type":"","width":"","height":""}],"twitter_card":"summary_large_image","schema":{"@context":"https:\/\/schema.org","@graph":[{"@type":"WebPage","@id":"https:\/\/www.etto.cz\/telesa-podle-ucelu\/","url":"https:\/\/www.etto.cz\/telesa-podle-ucelu\/","name":"Elementy grzejne wg zastosowania | ETTO","isPartOf":{"@id":"https:\/\/www.etto.cz\/#website"},"datePublished":"2026-04-15T08:40:59+00:00","description":"Elementy grzejne wg zastosowania: kolejnictwo, przemysl, strefy zagrozenia wybuchem, suszarki do butow.","breadcrumb":{"@id":"https:\/\/www.etto.cz\/telesa-podle-ucelu\/#breadcrumb"},"inLanguage":"pl-PL","potentialAction":[{"@type":"ReadAction","target":["https:\/\/www.etto.cz\/telesa-podle-ucelu\/"]}]},{"@type":"BreadcrumbList","@id":"https:\/\/www.etto.cz\/telesa-podle-ucelu\/#breadcrumb","itemListElement":[{"@type":"ListItem","position":1,"name":"Dom\u016f","item":"https:\/\/www.etto.cz\/"},{"@type":"ListItem","position":2,"name":"Elementy grzejne wg zastosowania"}]},{"@type":"WebSite","@id":"https:\/\/www.etto.cz\/#website","url":"https:\/\/www.etto.cz\/","name":"ETTO","description":"V\u00fdroba elektrick\u00fdch topn\u00fdch t\u011bles","potentialAction":[{"@type":"SearchAction","target":{"@type":"EntryPoint","urlTemplate":"https:\/\/www.etto.cz\/?s={search_term_string}"},"query-input":{"@type":"PropertyValueSpecification","valueRequired":true,"valueName":"search_term_string"}}],"inLanguage":"pl-PL"}]}},"_links":{"self":[{"href":"https:\/\/www.etto.cz\/pl\/wp-json\/wp\/v2\/pages\/6119","targetHints":{"allow":["GET"]}}],"collection":[{"href":"https:\/\/www.etto.cz\/pl\/wp-json\/wp\/v2\/pages"}],"about":[{"href":"https:\/\/www.etto.cz\/pl\/wp-json\/wp\/v2\/types\/page"}],"author":[{"embeddable":true,"href":"https:\/\/www.etto.cz\/pl\/wp-json\/wp\/v2\/users\/1"}],"replies":[{"embeddable":true,"href":"https:\/\/www.etto.cz\/pl\/wp-json\/wp\/v2\/comments?post=6119"}],"version-history":[{"count":0,"href":"https:\/\/www.etto.cz\/pl\/wp-json\/wp\/v2\/pages\/6119\/revisions"}],"wp:attachment":[{"href":"https:\/\/www.etto.cz\/pl\/wp-json\/wp\/v2\/media?parent=6119"}],"curies":[{"name":"wp","href":"https:\/\/api.w.org\/{rel}","templated":true}]}}