{"id":6122,"date":"2026-04-15T09:40:59","date_gmt":"2026-04-15T08:40:59","guid":{"rendered":""},"modified":"2026-04-15T09:40:59","modified_gmt":"2026-04-15T08:40:59","slug":"podgrzewanie-miodu","status":"publish","type":"page","link":"https:\/\/www.etto.cz\/pl\/elementy-grzejne-wg-zastosowania\/podgrzewanie-miodu\/","title":{"rendered":"Podgrzewanie miodu"},"content":{"rendered":"\n<div class=\"wp-block-group is-nowrap is-layout-flex wp-container-core-group-is-layout-ad2f72ca wp-block-group-is-layout-flex\">\n<p>Element grzejny do podgrzewania miodu, zakwasu i podobnych substancji z wymaganiem niskiej temperatury roboczej na powierzchni grza\u0142ki rurkowej.<br><\/p>\n<\/div>\n\n\n<div class=\"wp-block-image\">\n<figure class=\"alignleft is-resized\"><a class=\"fancybox\" href=\"\/wp-content\/uploads\/2015\/05\/16-rozpusteni-medu.png\"><img loading=\"lazy\" decoding=\"async\" width=\"345\" height=\"808\" src=\"\/wp-content\/uploads\/2015\/05\/16-rozpusteni-medu.png\" alt=\"podgrzewanie-miodu\" class=\"wp-image-197\" style=\"width:73px;height:auto\" srcset=\"https:\/\/www.etto.cz\/wp-content\/uploads\/2015\/05\/16-rozpusteni-medu.png 345w, https:\/\/www.etto.cz\/wp-content\/uploads\/2015\/05\/16-rozpusteni-medu-128x300.png 128w, https:\/\/www.etto.cz\/wp-content\/uploads\/2015\/05\/16-rozpusteni-medu-65x153.png 65w, https:\/\/www.etto.cz\/wp-content\/uploads\/2015\/05\/16-rozpusteni-medu-108x253.png 108w\" sizes=\"auto, (max-width: 345px) 100vw, 345px\" \/><\/a><\/figure>\n<\/div>","protected":false},"excerpt":{"rendered":"<p>Element grzejny do podgrzewania miodu, zakwasu i podobnych substancji z wymaganiem niskiej temperatury roboczej na powierzchni grza\u0142ki rurkowej.<\/p>\n","protected":false},"author":1,"featured_media":1081,"parent":6119,"menu_order":0,"comment_status":"closed","ping_status":"closed","template":"_page-menu.php","meta":{"_acf_changed":false,"ngg_post_thumbnail":0,"footnotes":"","_links_to":"","_links_to_target":""},"class_list":["post-6122","page","type-page","status-publish","has-post-thumbnail","hentry"],"acf":[],"yoast_head":"<!-- This site is optimized with the Yoast SEO plugin v27.3 - https:\/\/yoast.com\/product\/yoast-seo-wordpress\/ -->\n<title>Podgrzewanie miodu - ETTO<\/title>\n<meta name=\"robots\" content=\"index, follow, max-snippet:-1, max-image-preview:large, max-video-preview:-1\" \/>\n<link rel=\"canonical\" href=\"https:\/\/www.etto.cz\/pl\/elementy-grzejne-wg-zastosowania\/podgrzewanie-miodu\/\" \/>\n<meta property=\"og:locale\" content=\"pl_PL\" \/>\n<meta property=\"og:type\" content=\"article\" \/>\n<meta property=\"og:title\" content=\"Podgrzewanie miodu - ETTO\" \/>\n<meta property=\"og:description\" content=\"Element grzejny do podgrzewania miodu, zakwasu i podobnych substancji z wymaganiem niskiej temperatury roboczej na powierzchni grza\u0142ki rurkowej.\" \/>\n<meta property=\"og:url\" content=\"https:\/\/www.etto.cz\/pl\/elementy-grzejne-wg-zastosowania\/podgrzewanie-miodu\/\" \/>\n<meta property=\"og:site_name\" content=\"ETTO\" \/>\n<meta property=\"og:image\" content=\"https:\/\/www.etto.cz\/wp-content\/uploads\/2016\/12\/tm1.jpg\" \/>\n\t<meta property=\"og:image:width\" content=\"1370\" \/>\n\t<meta property=\"og:image:height\" content=\"1212\" \/>\n\t<meta property=\"og:image:type\" content=\"image\/jpeg\" \/>\n<meta name=\"twitter:card\" content=\"summary_large_image\" \/>\n<script type=\"application\/ld+json\" class=\"yoast-schema-graph\">{\"@context\":\"https:\\\/\\\/schema.org\",\"@graph\":[{\"@type\":\"WebPage\",\"@id\":\"https:\\\/\\\/www.etto.cz\\\/pl\\\/elementy-grzejne-wg-zastosowania\\\/podgrzewanie-miodu\\\/\",\"url\":\"https:\\\/\\\/www.etto.cz\\\/pl\\\/elementy-grzejne-wg-zastosowania\\\/podgrzewanie-miodu\\\/\",\"name\":\"Podgrzewanie miodu - ETTO\",\"isPartOf\":{\"@id\":\"https:\\\/\\\/www.etto.cz\\\/#website\"},\"primaryImageOfPage\":{\"@id\":\"https:\\\/\\\/www.etto.cz\\\/pl\\\/elementy-grzejne-wg-zastosowania\\\/podgrzewanie-miodu\\\/#primaryimage\"},\"image\":{\"@id\":\"https:\\\/\\\/www.etto.cz\\\/pl\\\/elementy-grzejne-wg-zastosowania\\\/podgrzewanie-miodu\\\/#primaryimage\"},\"thumbnailUrl\":\"https:\\\/\\\/www.etto.cz\\\/wp-content\\\/uploads\\\/2016\\\/12\\\/tm1.jpg\",\"datePublished\":\"2026-04-15T08:40:59+00:00\",\"breadcrumb\":{\"@id\":\"https:\\\/\\\/www.etto.cz\\\/pl\\\/elementy-grzejne-wg-zastosowania\\\/podgrzewanie-miodu\\\/#breadcrumb\"},\"inLanguage\":\"pl-PL\",\"potentialAction\":[{\"@type\":\"ReadAction\",\"target\":[\"https:\\\/\\\/www.etto.cz\\\/pl\\\/elementy-grzejne-wg-zastosowania\\\/podgrzewanie-miodu\\\/\"]}]},{\"@type\":\"ImageObject\",\"inLanguage\":\"pl-PL\",\"@id\":\"https:\\\/\\\/www.etto.cz\\\/pl\\\/elementy-grzejne-wg-zastosowania\\\/podgrzewanie-miodu\\\/#primaryimage\",\"url\":\"https:\\\/\\\/www.etto.cz\\\/wp-content\\\/uploads\\\/2016\\\/12\\\/tm1.jpg\",\"contentUrl\":\"https:\\\/\\\/www.etto.cz\\\/wp-content\\\/uploads\\\/2016\\\/12\\\/tm1.jpg\",\"width\":1370,\"height\":1212},{\"@type\":\"BreadcrumbList\",\"@id\":\"https:\\\/\\\/www.etto.cz\\\/pl\\\/elementy-grzejne-wg-zastosowania\\\/podgrzewanie-miodu\\\/#breadcrumb\",\"itemListElement\":[{\"@type\":\"ListItem\",\"position\":1,\"name\":\"Dom\u016f\",\"item\":\"https:\\\/\\\/www.etto.cz\\\/\"},{\"@type\":\"ListItem\",\"position\":2,\"name\":\"Elementy grzejne wg zastosowania\",\"item\":\"https:\\\/\\\/www.etto.cz\\\/telesa-podle-ucelu\\\/\"},{\"@type\":\"ListItem\",\"position\":3,\"name\":\"Podgrzewanie miodu\"}]},{\"@type\":\"WebSite\",\"@id\":\"https:\\\/\\\/www.etto.cz\\\/#website\",\"url\":\"https:\\\/\\\/www.etto.cz\\\/\",\"name\":\"ETTO\",\"description\":\"V\u00fdroba elektrick\u00fdch topn\u00fdch t\u011bles\",\"potentialAction\":[{\"@type\":\"SearchAction\",\"target\":{\"@type\":\"EntryPoint\",\"urlTemplate\":\"https:\\\/\\\/www.etto.cz\\\/?s={search_term_string}\"},\"query-input\":{\"@type\":\"PropertyValueSpecification\",\"valueRequired\":true,\"valueName\":\"search_term_string\"}}],\"inLanguage\":\"pl-PL\"}]}<\/script>\n<!-- \/ Yoast SEO plugin. -->","yoast_head_json":{"title":"Podgrzewanie miodu - ETTO","robots":{"index":"index","follow":"follow","max-snippet":"max-snippet:-1","max-image-preview":"max-image-preview:large","max-video-preview":"max-video-preview:-1"},"canonical":"https:\/\/www.etto.cz\/pl\/elementy-grzejne-wg-zastosowania\/podgrzewanie-miodu\/","og_locale":"pl_PL","og_type":"article","og_title":"Podgrzewanie miodu - ETTO","og_description":"Element grzejny do podgrzewania miodu, zakwasu i podobnych substancji z wymaganiem niskiej temperatury roboczej na powierzchni grza\u0142ki rurkowej.","og_url":"https:\/\/www.etto.cz\/pl\/elementy-grzejne-wg-zastosowania\/podgrzewanie-miodu\/","og_site_name":"ETTO","og_image":[{"width":1370,"height":1212,"url":"https:\/\/www.etto.cz\/wp-content\/uploads\/2016\/12\/tm1.jpg","type":"image\/jpeg"}],"twitter_card":"summary_large_image","schema":{"@context":"https:\/\/schema.org","@graph":[{"@type":"WebPage","@id":"https:\/\/www.etto.cz\/pl\/elementy-grzejne-wg-zastosowania\/podgrzewanie-miodu\/","url":"https:\/\/www.etto.cz\/pl\/elementy-grzejne-wg-zastosowania\/podgrzewanie-miodu\/","name":"Podgrzewanie miodu - ETTO","isPartOf":{"@id":"https:\/\/www.etto.cz\/#website"},"primaryImageOfPage":{"@id":"https:\/\/www.etto.cz\/pl\/elementy-grzejne-wg-zastosowania\/podgrzewanie-miodu\/#primaryimage"},"image":{"@id":"https:\/\/www.etto.cz\/pl\/elementy-grzejne-wg-zastosowania\/podgrzewanie-miodu\/#primaryimage"},"thumbnailUrl":"https:\/\/www.etto.cz\/wp-content\/uploads\/2016\/12\/tm1.jpg","datePublished":"2026-04-15T08:40:59+00:00","breadcrumb":{"@id":"https:\/\/www.etto.cz\/pl\/elementy-grzejne-wg-zastosowania\/podgrzewanie-miodu\/#breadcrumb"},"inLanguage":"pl-PL","potentialAction":[{"@type":"ReadAction","target":["https:\/\/www.etto.cz\/pl\/elementy-grzejne-wg-zastosowania\/podgrzewanie-miodu\/"]}]},{"@type":"ImageObject","inLanguage":"pl-PL","@id":"https:\/\/www.etto.cz\/pl\/elementy-grzejne-wg-zastosowania\/podgrzewanie-miodu\/#primaryimage","url":"https:\/\/www.etto.cz\/wp-content\/uploads\/2016\/12\/tm1.jpg","contentUrl":"https:\/\/www.etto.cz\/wp-content\/uploads\/2016\/12\/tm1.jpg","width":1370,"height":1212},{"@type":"BreadcrumbList","@id":"https:\/\/www.etto.cz\/pl\/elementy-grzejne-wg-zastosowania\/podgrzewanie-miodu\/#breadcrumb","itemListElement":[{"@type":"ListItem","position":1,"name":"Dom\u016f","item":"https:\/\/www.etto.cz\/"},{"@type":"ListItem","position":2,"name":"Elementy grzejne wg zastosowania","item":"https:\/\/www.etto.cz\/telesa-podle-ucelu\/"},{"@type":"ListItem","position":3,"name":"Podgrzewanie miodu"}]},{"@type":"WebSite","@id":"https:\/\/www.etto.cz\/#website","url":"https:\/\/www.etto.cz\/","name":"ETTO","description":"V\u00fdroba elektrick\u00fdch topn\u00fdch t\u011bles","potentialAction":[{"@type":"SearchAction","target":{"@type":"EntryPoint","urlTemplate":"https:\/\/www.etto.cz\/?s={search_term_string}"},"query-input":{"@type":"PropertyValueSpecification","valueRequired":true,"valueName":"search_term_string"}}],"inLanguage":"pl-PL"}]}},"_links":{"self":[{"href":"https:\/\/www.etto.cz\/pl\/wp-json\/wp\/v2\/pages\/6122","targetHints":{"allow":["GET"]}}],"collection":[{"href":"https:\/\/www.etto.cz\/pl\/wp-json\/wp\/v2\/pages"}],"about":[{"href":"https:\/\/www.etto.cz\/pl\/wp-json\/wp\/v2\/types\/page"}],"author":[{"embeddable":true,"href":"https:\/\/www.etto.cz\/pl\/wp-json\/wp\/v2\/users\/1"}],"replies":[{"embeddable":true,"href":"https:\/\/www.etto.cz\/pl\/wp-json\/wp\/v2\/comments?post=6122"}],"version-history":[{"count":0,"href":"https:\/\/www.etto.cz\/pl\/wp-json\/wp\/v2\/pages\/6122\/revisions"}],"up":[{"embeddable":true,"href":"https:\/\/www.etto.cz\/pl\/wp-json\/wp\/v2\/pages\/6119"}],"wp:featuredmedia":[{"embeddable":true,"href":"https:\/\/www.etto.cz\/pl\/wp-json\/wp\/v2\/media\/1081"}],"wp:attachment":[{"href":"https:\/\/www.etto.cz\/pl\/wp-json\/wp\/v2\/media?parent=6122"}],"curies":[{"name":"wp","href":"https:\/\/api.w.org\/{rel}","templated":true}]}}