{"id":6124,"date":"2026-04-15T09:40:59","date_gmt":"2026-04-15T08:40:59","guid":{"rendered":""},"modified":"2026-04-15T09:40:59","modified_gmt":"2026-04-15T08:40:59","slug":"elementy-grzejne-do-zastosowan-przemyslowych","status":"publish","type":"page","link":"https:\/\/www.etto.cz\/pl\/elementy-grzejne-wg-zastosowania\/elementy-grzejne-do-zastosowan-przemyslowych\/","title":{"rendered":"Elementy grzejne do zastosowa\u0144 przemys\u0142owych"},"content":{"rendered":"<p>Do zastosowa\u0144 przemys\u0142owych oferujemy produkcj\u0119 element\u00f3w grzejnych na zam\u00f3wienie wed\u0142ug specyfikacji klienta. Produkujemy elementy grzejne do ogrzewania cieczy, gaz\u00f3w i innych substancji o mocach od kilku W do MW.<\/p>\nngg_shortcode_0_placeholder\n<p><u>Przemys\u0142owe elementy grzejne \u2014 gotowe rozwi\u0105zania<\/u><br \/>\n&#8211; Mobilny generator gor\u0105cego powietrza<br \/>\n&#8211; Elektryczne nagrzewnice powietrza<br \/>\n&#8211; Promiennik podczerwieni<br \/>\n&#8211; Ogrzewacz przemys\u0142owy (ogrzewanie kabin)<br \/>\n&#8211; Ogrzewanie powietrza do wysokich temperatur \u2014 <a href=\"https:\/\/www.etto.cz\/telesa-podle-ucelu\/technologie-horkeho-vzduchu-serpentine\/\">Technologia gor\u0105cego powietrza SERPENTINE\u00ae<\/a><\/p>\n","protected":false},"excerpt":{"rendered":"<p>Do zastosowa\u0144 przemys\u0142owych oferujemy produkcj\u0119 element\u00f3w grzejnych na zam\u00f3wienie wed\u0142ug specyfikacji klienta. Produkujemy elementy grzejne do ogrzewania cieczy, gaz\u00f3w i innych substancji o mocach od &#8230;<\/p>\n","protected":false},"author":1,"featured_media":1154,"parent":6119,"menu_order":0,"comment_status":"closed","ping_status":"closed","template":"_page-menu.php","meta":{"_acf_changed":false,"ngg_post_thumbnail":0,"footnotes":"","_links_to":"","_links_to_target":""},"class_list":["post-6124","page","type-page","status-publish","has-post-thumbnail","hentry"],"acf":[],"yoast_head":"<!-- This site is optimized with the Yoast SEO plugin v27.3 - https:\/\/yoast.com\/product\/yoast-seo-wordpress\/ -->\n<title>Elementy grzejne do zastosowa\u0144 przemys\u0142owych - ETTO<\/title>\n<meta name=\"robots\" content=\"index, follow, max-snippet:-1, max-image-preview:large, max-video-preview:-1\" \/>\n<link rel=\"canonical\" href=\"https:\/\/www.etto.cz\/pl\/elementy-grzejne-wg-zastosowania\/elementy-grzejne-do-zastosowan-przemyslowych\/\" \/>\n<meta property=\"og:locale\" content=\"pl_PL\" \/>\n<meta property=\"og:type\" content=\"article\" \/>\n<meta property=\"og:title\" content=\"Elementy grzejne do zastosowa\u0144 przemys\u0142owych - ETTO\" \/>\n<meta property=\"og:description\" content=\"Do zastosowa\u0144 przemys\u0142owych oferujemy produkcj\u0119 element\u00f3w grzejnych na zam\u00f3wienie wed\u0142ug specyfikacji klienta. Produkujemy elementy grzejne do ogrzewania cieczy, gaz\u00f3w i innych substancji o mocach od ...\" \/>\n<meta property=\"og:url\" content=\"https:\/\/www.etto.cz\/pl\/elementy-grzejne-wg-zastosowania\/elementy-grzejne-do-zastosowan-przemyslowych\/\" \/>\n<meta property=\"og:site_name\" content=\"ETTO\" \/>\n<meta property=\"og:image\" content=\"https:\/\/www.etto.cz\/wp-content\/uploads\/2016\/12\/ohrev_vzduchu_potrubi.jpg\" \/>\n\t<meta property=\"og:image:width\" content=\"710\" \/>\n\t<meta property=\"og:image:height\" content=\"710\" \/>\n\t<meta property=\"og:image:type\" content=\"image\/jpeg\" \/>\n<meta name=\"twitter:card\" content=\"summary_large_image\" \/>\n<meta name=\"twitter:label1\" content=\"Est. reading time\" \/>\n\t<meta name=\"twitter:data1\" content=\"1 minute\" \/>\n<script type=\"application\/ld+json\" class=\"yoast-schema-graph\">{\"@context\":\"https:\\\/\\\/schema.org\",\"@graph\":[{\"@type\":\"WebPage\",\"@id\":\"https:\\\/\\\/www.etto.cz\\\/pl\\\/elementy-grzejne-wg-zastosowania\\\/elementy-grzejne-do-zastosowan-przemyslowych\\\/\",\"url\":\"https:\\\/\\\/www.etto.cz\\\/pl\\\/elementy-grzejne-wg-zastosowania\\\/elementy-grzejne-do-zastosowan-przemyslowych\\\/\",\"name\":\"Elementy grzejne do zastosowa\u0144 przemys\u0142owych - ETTO\",\"isPartOf\":{\"@id\":\"https:\\\/\\\/www.etto.cz\\\/#website\"},\"primaryImageOfPage\":{\"@id\":\"https:\\\/\\\/www.etto.cz\\\/pl\\\/elementy-grzejne-wg-zastosowania\\\/elementy-grzejne-do-zastosowan-przemyslowych\\\/#primaryimage\"},\"image\":{\"@id\":\"https:\\\/\\\/www.etto.cz\\\/pl\\\/elementy-grzejne-wg-zastosowania\\\/elementy-grzejne-do-zastosowan-przemyslowych\\\/#primaryimage\"},\"thumbnailUrl\":\"https:\\\/\\\/www.etto.cz\\\/wp-content\\\/uploads\\\/2016\\\/12\\\/ohrev_vzduchu_potrubi.jpg\",\"datePublished\":\"2026-04-15T08:40:59+00:00\",\"breadcrumb\":{\"@id\":\"https:\\\/\\\/www.etto.cz\\\/pl\\\/elementy-grzejne-wg-zastosowania\\\/elementy-grzejne-do-zastosowan-przemyslowych\\\/#breadcrumb\"},\"inLanguage\":\"pl-PL\",\"potentialAction\":[{\"@type\":\"ReadAction\",\"target\":[\"https:\\\/\\\/www.etto.cz\\\/pl\\\/elementy-grzejne-wg-zastosowania\\\/elementy-grzejne-do-zastosowan-przemyslowych\\\/\"]}]},{\"@type\":\"ImageObject\",\"inLanguage\":\"pl-PL\",\"@id\":\"https:\\\/\\\/www.etto.cz\\\/pl\\\/elementy-grzejne-wg-zastosowania\\\/elementy-grzejne-do-zastosowan-przemyslowych\\\/#primaryimage\",\"url\":\"https:\\\/\\\/www.etto.cz\\\/wp-content\\\/uploads\\\/2016\\\/12\\\/ohrev_vzduchu_potrubi.jpg\",\"contentUrl\":\"https:\\\/\\\/www.etto.cz\\\/wp-content\\\/uploads\\\/2016\\\/12\\\/ohrev_vzduchu_potrubi.jpg\",\"width\":710,\"height\":710},{\"@type\":\"BreadcrumbList\",\"@id\":\"https:\\\/\\\/www.etto.cz\\\/pl\\\/elementy-grzejne-wg-zastosowania\\\/elementy-grzejne-do-zastosowan-przemyslowych\\\/#breadcrumb\",\"itemListElement\":[{\"@type\":\"ListItem\",\"position\":1,\"name\":\"Dom\u016f\",\"item\":\"https:\\\/\\\/www.etto.cz\\\/\"},{\"@type\":\"ListItem\",\"position\":2,\"name\":\"Elementy grzejne wg zastosowania\",\"item\":\"https:\\\/\\\/www.etto.cz\\\/telesa-podle-ucelu\\\/\"},{\"@type\":\"ListItem\",\"position\":3,\"name\":\"Elementy grzejne do zastosowa\u0144 przemys\u0142owych\"}]},{\"@type\":\"WebSite\",\"@id\":\"https:\\\/\\\/www.etto.cz\\\/#website\",\"url\":\"https:\\\/\\\/www.etto.cz\\\/\",\"name\":\"ETTO\",\"description\":\"V\u00fdroba elektrick\u00fdch topn\u00fdch t\u011bles\",\"potentialAction\":[{\"@type\":\"SearchAction\",\"target\":{\"@type\":\"EntryPoint\",\"urlTemplate\":\"https:\\\/\\\/www.etto.cz\\\/?s={search_term_string}\"},\"query-input\":{\"@type\":\"PropertyValueSpecification\",\"valueRequired\":true,\"valueName\":\"search_term_string\"}}],\"inLanguage\":\"pl-PL\"}]}<\/script>\n<!-- \/ Yoast SEO plugin. -->","yoast_head_json":{"title":"Elementy grzejne do zastosowa\u0144 przemys\u0142owych - ETTO","robots":{"index":"index","follow":"follow","max-snippet":"max-snippet:-1","max-image-preview":"max-image-preview:large","max-video-preview":"max-video-preview:-1"},"canonical":"https:\/\/www.etto.cz\/pl\/elementy-grzejne-wg-zastosowania\/elementy-grzejne-do-zastosowan-przemyslowych\/","og_locale":"pl_PL","og_type":"article","og_title":"Elementy grzejne do zastosowa\u0144 przemys\u0142owych - ETTO","og_description":"Do zastosowa\u0144 przemys\u0142owych oferujemy produkcj\u0119 element\u00f3w grzejnych na zam\u00f3wienie wed\u0142ug specyfikacji klienta. Produkujemy elementy grzejne do ogrzewania cieczy, gaz\u00f3w i innych substancji o mocach od ...","og_url":"https:\/\/www.etto.cz\/pl\/elementy-grzejne-wg-zastosowania\/elementy-grzejne-do-zastosowan-przemyslowych\/","og_site_name":"ETTO","og_image":[{"width":710,"height":710,"url":"https:\/\/www.etto.cz\/wp-content\/uploads\/2016\/12\/ohrev_vzduchu_potrubi.jpg","type":"image\/jpeg"}],"twitter_card":"summary_large_image","twitter_misc":{"Est. reading time":"1 minute"},"schema":{"@context":"https:\/\/schema.org","@graph":[{"@type":"WebPage","@id":"https:\/\/www.etto.cz\/pl\/elementy-grzejne-wg-zastosowania\/elementy-grzejne-do-zastosowan-przemyslowych\/","url":"https:\/\/www.etto.cz\/pl\/elementy-grzejne-wg-zastosowania\/elementy-grzejne-do-zastosowan-przemyslowych\/","name":"Elementy grzejne do zastosowa\u0144 przemys\u0142owych - ETTO","isPartOf":{"@id":"https:\/\/www.etto.cz\/#website"},"primaryImageOfPage":{"@id":"https:\/\/www.etto.cz\/pl\/elementy-grzejne-wg-zastosowania\/elementy-grzejne-do-zastosowan-przemyslowych\/#primaryimage"},"image":{"@id":"https:\/\/www.etto.cz\/pl\/elementy-grzejne-wg-zastosowania\/elementy-grzejne-do-zastosowan-przemyslowych\/#primaryimage"},"thumbnailUrl":"https:\/\/www.etto.cz\/wp-content\/uploads\/2016\/12\/ohrev_vzduchu_potrubi.jpg","datePublished":"2026-04-15T08:40:59+00:00","breadcrumb":{"@id":"https:\/\/www.etto.cz\/pl\/elementy-grzejne-wg-zastosowania\/elementy-grzejne-do-zastosowan-przemyslowych\/#breadcrumb"},"inLanguage":"pl-PL","potentialAction":[{"@type":"ReadAction","target":["https:\/\/www.etto.cz\/pl\/elementy-grzejne-wg-zastosowania\/elementy-grzejne-do-zastosowan-przemyslowych\/"]}]},{"@type":"ImageObject","inLanguage":"pl-PL","@id":"https:\/\/www.etto.cz\/pl\/elementy-grzejne-wg-zastosowania\/elementy-grzejne-do-zastosowan-przemyslowych\/#primaryimage","url":"https:\/\/www.etto.cz\/wp-content\/uploads\/2016\/12\/ohrev_vzduchu_potrubi.jpg","contentUrl":"https:\/\/www.etto.cz\/wp-content\/uploads\/2016\/12\/ohrev_vzduchu_potrubi.jpg","width":710,"height":710},{"@type":"BreadcrumbList","@id":"https:\/\/www.etto.cz\/pl\/elementy-grzejne-wg-zastosowania\/elementy-grzejne-do-zastosowan-przemyslowych\/#breadcrumb","itemListElement":[{"@type":"ListItem","position":1,"name":"Dom\u016f","item":"https:\/\/www.etto.cz\/"},{"@type":"ListItem","position":2,"name":"Elementy grzejne wg zastosowania","item":"https:\/\/www.etto.cz\/telesa-podle-ucelu\/"},{"@type":"ListItem","position":3,"name":"Elementy grzejne do zastosowa\u0144 przemys\u0142owych"}]},{"@type":"WebSite","@id":"https:\/\/www.etto.cz\/#website","url":"https:\/\/www.etto.cz\/","name":"ETTO","description":"V\u00fdroba elektrick\u00fdch topn\u00fdch t\u011bles","potentialAction":[{"@type":"SearchAction","target":{"@type":"EntryPoint","urlTemplate":"https:\/\/www.etto.cz\/?s={search_term_string}"},"query-input":{"@type":"PropertyValueSpecification","valueRequired":true,"valueName":"search_term_string"}}],"inLanguage":"pl-PL"}]}},"_links":{"self":[{"href":"https:\/\/www.etto.cz\/pl\/wp-json\/wp\/v2\/pages\/6124","targetHints":{"allow":["GET"]}}],"collection":[{"href":"https:\/\/www.etto.cz\/pl\/wp-json\/wp\/v2\/pages"}],"about":[{"href":"https:\/\/www.etto.cz\/pl\/wp-json\/wp\/v2\/types\/page"}],"author":[{"embeddable":true,"href":"https:\/\/www.etto.cz\/pl\/wp-json\/wp\/v2\/users\/1"}],"replies":[{"embeddable":true,"href":"https:\/\/www.etto.cz\/pl\/wp-json\/wp\/v2\/comments?post=6124"}],"version-history":[{"count":0,"href":"https:\/\/www.etto.cz\/pl\/wp-json\/wp\/v2\/pages\/6124\/revisions"}],"up":[{"embeddable":true,"href":"https:\/\/www.etto.cz\/pl\/wp-json\/wp\/v2\/pages\/6119"}],"wp:featuredmedia":[{"embeddable":true,"href":"https:\/\/www.etto.cz\/pl\/wp-json\/wp\/v2\/media\/1154"}],"wp:attachment":[{"href":"https:\/\/www.etto.cz\/pl\/wp-json\/wp\/v2\/media?parent=6124"}],"curies":[{"name":"wp","href":"https:\/\/api.w.org\/{rel}","templated":true}]}}