{"id":6127,"date":"2026-04-15T09:40:59","date_gmt":"2026-04-15T08:40:59","guid":{"rendered":""},"modified":"2026-04-15T09:40:59","modified_gmt":"2026-04-15T08:40:59","slug":"elementy-grzejne-do-grzejnikow-lazienkowych","status":"publish","type":"page","link":"https:\/\/www.etto.cz\/pl\/elementy-grzejne-wg-zastosowania\/elementy-grzejne-do-grzejnikow-lazienkowych\/","title":{"rendered":"Elementy grzejne do grzejnik\u00f3w \u0142azienkowych"},"content":{"rendered":"<p style=\"text-align: justify;\">Produkujemy elementy grzejne do ogrzewania wody w grzejnikach \u0142azienkowych. Wewn\u0105trz grza\u0142ki rurkowej zabudowany jest ogranicznik termiczny i nieodwracalny bezpiecznik termiczny. Grza\u0142ki rurkowe do grzejnik\u00f3w \u0142azienkowych musz\u0105 by\u0107 umieszczone w dolnej cz\u0119\u015bci grzejnika w pozycji poziomej lub pionowej. Zalecana moc elektryczna elementu grzejnego powinna wynosi\u0107 70% mocy cieplnej grzejnika. Do elementu grzejnego mo\u017cna zam\u00f3wi\u0107 tr\u00f3jnik (T-kus) lub termostat pokojowy.<\/p>\n","protected":false},"excerpt":{"rendered":"<p>Produkujemy elementy grzejne do ogrzewania wody w grzejnikach \u0142azienkowych. Wewn\u0105trz grza\u0142ki rurkowej zabudowany jest ogranicznik termiczny i nieodwracalny bezpiecznik termiczny. Grza\u0142ki rurkowe do grzejnik\u00f3w \u0142azienkowych &#8230;<\/p>\n","protected":false},"author":1,"featured_media":1070,"parent":6119,"menu_order":0,"comment_status":"closed","ping_status":"closed","template":"_page-menu.php","meta":{"_acf_changed":false,"ngg_post_thumbnail":0,"footnotes":"","_links_to":"","_links_to_target":""},"class_list":["post-6127","page","type-page","status-publish","has-post-thumbnail","hentry"],"acf":[],"yoast_head":"<!-- This site is optimized with the Yoast SEO plugin v27.3 - https:\/\/yoast.com\/product\/yoast-seo-wordpress\/ -->\n<title>Elementy grzejne do grzejnik\u00f3w \u0142azienkowych - ETTO<\/title>\n<meta name=\"robots\" content=\"index, follow, max-snippet:-1, max-image-preview:large, max-video-preview:-1\" \/>\n<link rel=\"canonical\" href=\"https:\/\/www.etto.cz\/pl\/elementy-grzejne-wg-zastosowania\/elementy-grzejne-do-grzejnikow-lazienkowych\/\" \/>\n<meta property=\"og:locale\" content=\"pl_PL\" \/>\n<meta property=\"og:type\" content=\"article\" \/>\n<meta property=\"og:title\" content=\"Elementy grzejne do grzejnik\u00f3w \u0142azienkowych - ETTO\" \/>\n<meta property=\"og:description\" content=\"Produkujemy elementy grzejne do ogrzewania wody w grzejnikach \u0142azienkowych. Wewn\u0105trz grza\u0142ki rurkowej zabudowany jest ogranicznik termiczny i nieodwracalny bezpiecznik termiczny. Grza\u0142ki rurkowe do grzejnik\u00f3w \u0142azienkowych ...\" \/>\n<meta property=\"og:url\" content=\"https:\/\/www.etto.cz\/pl\/elementy-grzejne-wg-zastosowania\/elementy-grzejne-do-grzejnikow-lazienkowych\/\" \/>\n<meta property=\"og:site_name\" content=\"ETTO\" \/>\n<meta property=\"og:image\" content=\"https:\/\/www.etto.cz\/wp-content\/uploads\/2016\/12\/z1.png\" \/>\n\t<meta property=\"og:image:width\" content=\"640\" \/>\n\t<meta property=\"og:image:height\" content=\"640\" \/>\n\t<meta property=\"og:image:type\" content=\"image\/png\" \/>\n<meta name=\"twitter:card\" content=\"summary_large_image\" \/>\n<script type=\"application\/ld+json\" class=\"yoast-schema-graph\">{\"@context\":\"https:\\\/\\\/schema.org\",\"@graph\":[{\"@type\":\"WebPage\",\"@id\":\"https:\\\/\\\/www.etto.cz\\\/pl\\\/elementy-grzejne-wg-zastosowania\\\/elementy-grzejne-do-grzejnikow-lazienkowych\\\/\",\"url\":\"https:\\\/\\\/www.etto.cz\\\/pl\\\/elementy-grzejne-wg-zastosowania\\\/elementy-grzejne-do-grzejnikow-lazienkowych\\\/\",\"name\":\"Elementy grzejne do grzejnik\u00f3w \u0142azienkowych - ETTO\",\"isPartOf\":{\"@id\":\"https:\\\/\\\/www.etto.cz\\\/#website\"},\"primaryImageOfPage\":{\"@id\":\"https:\\\/\\\/www.etto.cz\\\/pl\\\/elementy-grzejne-wg-zastosowania\\\/elementy-grzejne-do-grzejnikow-lazienkowych\\\/#primaryimage\"},\"image\":{\"@id\":\"https:\\\/\\\/www.etto.cz\\\/pl\\\/elementy-grzejne-wg-zastosowania\\\/elementy-grzejne-do-grzejnikow-lazienkowych\\\/#primaryimage\"},\"thumbnailUrl\":\"https:\\\/\\\/www.etto.cz\\\/wp-content\\\/uploads\\\/2016\\\/12\\\/z1.png\",\"datePublished\":\"2026-04-15T08:40:59+00:00\",\"breadcrumb\":{\"@id\":\"https:\\\/\\\/www.etto.cz\\\/pl\\\/elementy-grzejne-wg-zastosowania\\\/elementy-grzejne-do-grzejnikow-lazienkowych\\\/#breadcrumb\"},\"inLanguage\":\"pl-PL\",\"potentialAction\":[{\"@type\":\"ReadAction\",\"target\":[\"https:\\\/\\\/www.etto.cz\\\/pl\\\/elementy-grzejne-wg-zastosowania\\\/elementy-grzejne-do-grzejnikow-lazienkowych\\\/\"]}]},{\"@type\":\"ImageObject\",\"inLanguage\":\"pl-PL\",\"@id\":\"https:\\\/\\\/www.etto.cz\\\/pl\\\/elementy-grzejne-wg-zastosowania\\\/elementy-grzejne-do-grzejnikow-lazienkowych\\\/#primaryimage\",\"url\":\"https:\\\/\\\/www.etto.cz\\\/wp-content\\\/uploads\\\/2016\\\/12\\\/z1.png\",\"contentUrl\":\"https:\\\/\\\/www.etto.cz\\\/wp-content\\\/uploads\\\/2016\\\/12\\\/z1.png\",\"width\":640,\"height\":640},{\"@type\":\"BreadcrumbList\",\"@id\":\"https:\\\/\\\/www.etto.cz\\\/pl\\\/elementy-grzejne-wg-zastosowania\\\/elementy-grzejne-do-grzejnikow-lazienkowych\\\/#breadcrumb\",\"itemListElement\":[{\"@type\":\"ListItem\",\"position\":1,\"name\":\"Dom\u016f\",\"item\":\"https:\\\/\\\/www.etto.cz\\\/\"},{\"@type\":\"ListItem\",\"position\":2,\"name\":\"Elementy grzejne wg zastosowania\",\"item\":\"https:\\\/\\\/www.etto.cz\\\/telesa-podle-ucelu\\\/\"},{\"@type\":\"ListItem\",\"position\":3,\"name\":\"Elementy grzejne do grzejnik\u00f3w \u0142azienkowych\"}]},{\"@type\":\"WebSite\",\"@id\":\"https:\\\/\\\/www.etto.cz\\\/#website\",\"url\":\"https:\\\/\\\/www.etto.cz\\\/\",\"name\":\"ETTO\",\"description\":\"V\u00fdroba elektrick\u00fdch topn\u00fdch t\u011bles\",\"potentialAction\":[{\"@type\":\"SearchAction\",\"target\":{\"@type\":\"EntryPoint\",\"urlTemplate\":\"https:\\\/\\\/www.etto.cz\\\/?s={search_term_string}\"},\"query-input\":{\"@type\":\"PropertyValueSpecification\",\"valueRequired\":true,\"valueName\":\"search_term_string\"}}],\"inLanguage\":\"pl-PL\"}]}<\/script>\n<!-- \/ Yoast SEO plugin. -->","yoast_head_json":{"title":"Elementy grzejne do grzejnik\u00f3w \u0142azienkowych - ETTO","robots":{"index":"index","follow":"follow","max-snippet":"max-snippet:-1","max-image-preview":"max-image-preview:large","max-video-preview":"max-video-preview:-1"},"canonical":"https:\/\/www.etto.cz\/pl\/elementy-grzejne-wg-zastosowania\/elementy-grzejne-do-grzejnikow-lazienkowych\/","og_locale":"pl_PL","og_type":"article","og_title":"Elementy grzejne do grzejnik\u00f3w \u0142azienkowych - ETTO","og_description":"Produkujemy elementy grzejne do ogrzewania wody w grzejnikach \u0142azienkowych. Wewn\u0105trz grza\u0142ki rurkowej zabudowany jest ogranicznik termiczny i nieodwracalny bezpiecznik termiczny. Grza\u0142ki rurkowe do grzejnik\u00f3w \u0142azienkowych ...","og_url":"https:\/\/www.etto.cz\/pl\/elementy-grzejne-wg-zastosowania\/elementy-grzejne-do-grzejnikow-lazienkowych\/","og_site_name":"ETTO","og_image":[{"width":640,"height":640,"url":"https:\/\/www.etto.cz\/wp-content\/uploads\/2016\/12\/z1.png","type":"image\/png"}],"twitter_card":"summary_large_image","schema":{"@context":"https:\/\/schema.org","@graph":[{"@type":"WebPage","@id":"https:\/\/www.etto.cz\/pl\/elementy-grzejne-wg-zastosowania\/elementy-grzejne-do-grzejnikow-lazienkowych\/","url":"https:\/\/www.etto.cz\/pl\/elementy-grzejne-wg-zastosowania\/elementy-grzejne-do-grzejnikow-lazienkowych\/","name":"Elementy grzejne do grzejnik\u00f3w \u0142azienkowych - ETTO","isPartOf":{"@id":"https:\/\/www.etto.cz\/#website"},"primaryImageOfPage":{"@id":"https:\/\/www.etto.cz\/pl\/elementy-grzejne-wg-zastosowania\/elementy-grzejne-do-grzejnikow-lazienkowych\/#primaryimage"},"image":{"@id":"https:\/\/www.etto.cz\/pl\/elementy-grzejne-wg-zastosowania\/elementy-grzejne-do-grzejnikow-lazienkowych\/#primaryimage"},"thumbnailUrl":"https:\/\/www.etto.cz\/wp-content\/uploads\/2016\/12\/z1.png","datePublished":"2026-04-15T08:40:59+00:00","breadcrumb":{"@id":"https:\/\/www.etto.cz\/pl\/elementy-grzejne-wg-zastosowania\/elementy-grzejne-do-grzejnikow-lazienkowych\/#breadcrumb"},"inLanguage":"pl-PL","potentialAction":[{"@type":"ReadAction","target":["https:\/\/www.etto.cz\/pl\/elementy-grzejne-wg-zastosowania\/elementy-grzejne-do-grzejnikow-lazienkowych\/"]}]},{"@type":"ImageObject","inLanguage":"pl-PL","@id":"https:\/\/www.etto.cz\/pl\/elementy-grzejne-wg-zastosowania\/elementy-grzejne-do-grzejnikow-lazienkowych\/#primaryimage","url":"https:\/\/www.etto.cz\/wp-content\/uploads\/2016\/12\/z1.png","contentUrl":"https:\/\/www.etto.cz\/wp-content\/uploads\/2016\/12\/z1.png","width":640,"height":640},{"@type":"BreadcrumbList","@id":"https:\/\/www.etto.cz\/pl\/elementy-grzejne-wg-zastosowania\/elementy-grzejne-do-grzejnikow-lazienkowych\/#breadcrumb","itemListElement":[{"@type":"ListItem","position":1,"name":"Dom\u016f","item":"https:\/\/www.etto.cz\/"},{"@type":"ListItem","position":2,"name":"Elementy grzejne wg zastosowania","item":"https:\/\/www.etto.cz\/telesa-podle-ucelu\/"},{"@type":"ListItem","position":3,"name":"Elementy grzejne do grzejnik\u00f3w \u0142azienkowych"}]},{"@type":"WebSite","@id":"https:\/\/www.etto.cz\/#website","url":"https:\/\/www.etto.cz\/","name":"ETTO","description":"V\u00fdroba elektrick\u00fdch topn\u00fdch t\u011bles","potentialAction":[{"@type":"SearchAction","target":{"@type":"EntryPoint","urlTemplate":"https:\/\/www.etto.cz\/?s={search_term_string}"},"query-input":{"@type":"PropertyValueSpecification","valueRequired":true,"valueName":"search_term_string"}}],"inLanguage":"pl-PL"}]}},"_links":{"self":[{"href":"https:\/\/www.etto.cz\/pl\/wp-json\/wp\/v2\/pages\/6127","targetHints":{"allow":["GET"]}}],"collection":[{"href":"https:\/\/www.etto.cz\/pl\/wp-json\/wp\/v2\/pages"}],"about":[{"href":"https:\/\/www.etto.cz\/pl\/wp-json\/wp\/v2\/types\/page"}],"author":[{"embeddable":true,"href":"https:\/\/www.etto.cz\/pl\/wp-json\/wp\/v2\/users\/1"}],"replies":[{"embeddable":true,"href":"https:\/\/www.etto.cz\/pl\/wp-json\/wp\/v2\/comments?post=6127"}],"version-history":[{"count":0,"href":"https:\/\/www.etto.cz\/pl\/wp-json\/wp\/v2\/pages\/6127\/revisions"}],"up":[{"embeddable":true,"href":"https:\/\/www.etto.cz\/pl\/wp-json\/wp\/v2\/pages\/6119"}],"wp:featuredmedia":[{"embeddable":true,"href":"https:\/\/www.etto.cz\/pl\/wp-json\/wp\/v2\/media\/1070"}],"wp:attachment":[{"href":"https:\/\/www.etto.cz\/pl\/wp-json\/wp\/v2\/media?parent=6127"}],"curies":[{"name":"wp","href":"https:\/\/api.w.org\/{rel}","templated":true}]}}