{"id":6128,"date":"2026-04-15T09:40:59","date_gmt":"2026-04-15T08:40:59","guid":{"rendered":""},"modified":"2026-04-15T09:40:59","modified_gmt":"2026-04-15T08:40:59","slug":"technologia-goracego-powietrza-tutco-sureheat","status":"publish","type":"page","link":"https:\/\/www.etto.cz\/pl\/elementy-grzejne-wg-zastosowania\/technologia-goracego-powietrza-tutco-sureheat\/","title":{"rendered":"Tutco SureHeat \u2014 technologia gor\u0105cego powietrza"},"content":{"rendered":"<p style=\"text-align: justify;\">Opatentowana technologia <strong>SERPENTINE\u00ae<\/strong> ameryka\u0144skiej firmy <strong>Tutco SureHeat<\/strong> dzi\u0119ki oryginalnemu rozwi\u0105zaniu gwarantuje doskona\u0142y kontakt ogrzewanego gazu z powierzchni\u0105 drutu grzejnego wraz z mechanicznym wsparciem ka\u017cdego zwoju drutu grzejnego. Rezultatem s\u0105 parametry \u2014 szybko\u015b\u0107 osi\u0105gni\u0119cia temperatury docelowej i och\u0142odzenia, \u017cywotno\u015b\u0107 i odporno\u015b\u0107 nawet przy pionowym monta\u017cu, ruchu lub wibracjach ogrzewacza oraz maksymalna temperatura wyj\u015bciowa gazu \u2014 kt\u00f3re nie maj\u0105 konkurencji. Na podstawie pi\u0119\u0107dziesi\u0119ciu lat do\u015bwiadcze\u0144 z bada\u0144 i rozwoju, lotnictwa, automotive, przemys\u0142u tekstylnego, techniki opakowaniowej i innych ga\u0142\u0119zi przemys\u0142u oferujemy szereg standardowych ogrzewaczy powietrza, regulator\u00f3w i akcesori\u00f3w, kt\u00f3re sprawdzi\u0142y si\u0119 w wielu wymagaj\u0105cych zastosowaniach. <span style=\"color: #c00000;\"><strong>Po\u015bredniczymy r\u00f3wnie\u017c w dostosowywaniu standardowych ogrzewaczy na miar\u0119 wed\u0142ug specyfikacji klienta, jak r\u00f3wnie\u017c w realizacji projekt\u00f3w do mocy kilku MW.<\/strong><\/span><\/p>\nngg_shortcode_0_placeholder\n","protected":false},"excerpt":{"rendered":"<p>Opatentowana technologia SERPENTINE\u00ae ameryka\u0144skiej firmy Tutco SureHeat dzi\u0119ki oryginalnemu rozwi\u0105zaniu gwarantuje doskona\u0142y kontakt ogrzewanego gazu z powierzchni\u0105 drutu grzejnego wraz z mechanicznym wsparciem ka\u017cdego zwoju &#8230;<\/p>\n","protected":false},"author":1,"featured_media":5544,"parent":6119,"menu_order":0,"comment_status":"closed","ping_status":"closed","template":"_page-menu.php","meta":{"_acf_changed":false,"ngg_post_thumbnail":0,"footnotes":"","_links_to":"","_links_to_target":""},"class_list":["post-6128","page","type-page","status-publish","has-post-thumbnail","hentry"],"acf":[],"yoast_head":"<!-- This site is optimized with the Yoast SEO plugin v27.3 - https:\/\/yoast.com\/product\/yoast-seo-wordpress\/ -->\n<title>Tutco SureHeat \u2014 technologia gor\u0105cego powietrza - ETTO<\/title>\n<meta name=\"robots\" content=\"index, follow, max-snippet:-1, max-image-preview:large, max-video-preview:-1\" \/>\n<link rel=\"canonical\" href=\"https:\/\/www.etto.cz\/pl\/elementy-grzejne-wg-zastosowania\/technologia-goracego-powietrza-tutco-sureheat\/\" \/>\n<meta property=\"og:locale\" content=\"pl_PL\" \/>\n<meta property=\"og:type\" content=\"article\" \/>\n<meta property=\"og:title\" content=\"Tutco SureHeat \u2014 technologia gor\u0105cego powietrza - ETTO\" \/>\n<meta property=\"og:description\" content=\"Opatentowana technologia SERPENTINE\u00ae ameryka\u0144skiej firmy Tutco SureHeat dzi\u0119ki oryginalnemu rozwi\u0105zaniu gwarantuje doskona\u0142y kontakt ogrzewanego gazu z powierzchni\u0105 drutu grzejnego wraz z mechanicznym wsparciem ka\u017cdego zwoju ...\" \/>\n<meta property=\"og:url\" content=\"https:\/\/www.etto.cz\/pl\/elementy-grzejne-wg-zastosowania\/technologia-goracego-powietrza-tutco-sureheat\/\" \/>\n<meta property=\"og:site_name\" content=\"ETTO\" \/>\n<meta property=\"og:image\" content=\"https:\/\/www.etto.cz\/wp-content\/uploads\/2025\/04\/closedloopintelligentairheaters_360_267_int_s-2.png\" \/>\n\t<meta property=\"og:image:width\" content=\"383\" \/>\n\t<meta property=\"og:image:height\" content=\"383\" \/>\n\t<meta property=\"og:image:type\" content=\"image\/png\" \/>\n<meta name=\"twitter:card\" content=\"summary_large_image\" \/>\n<meta name=\"twitter:label1\" content=\"Est. reading time\" \/>\n\t<meta name=\"twitter:data1\" content=\"1 minute\" \/>\n<script type=\"application\/ld+json\" class=\"yoast-schema-graph\">{\"@context\":\"https:\\\/\\\/schema.org\",\"@graph\":[{\"@type\":\"WebPage\",\"@id\":\"https:\\\/\\\/www.etto.cz\\\/pl\\\/elementy-grzejne-wg-zastosowania\\\/technologia-goracego-powietrza-tutco-sureheat\\\/\",\"url\":\"https:\\\/\\\/www.etto.cz\\\/pl\\\/elementy-grzejne-wg-zastosowania\\\/technologia-goracego-powietrza-tutco-sureheat\\\/\",\"name\":\"Tutco SureHeat \u2014 technologia gor\u0105cego powietrza - ETTO\",\"isPartOf\":{\"@id\":\"https:\\\/\\\/www.etto.cz\\\/#website\"},\"primaryImageOfPage\":{\"@id\":\"https:\\\/\\\/www.etto.cz\\\/pl\\\/elementy-grzejne-wg-zastosowania\\\/technologia-goracego-powietrza-tutco-sureheat\\\/#primaryimage\"},\"image\":{\"@id\":\"https:\\\/\\\/www.etto.cz\\\/pl\\\/elementy-grzejne-wg-zastosowania\\\/technologia-goracego-powietrza-tutco-sureheat\\\/#primaryimage\"},\"thumbnailUrl\":\"https:\\\/\\\/www.etto.cz\\\/wp-content\\\/uploads\\\/2025\\\/04\\\/closedloopintelligentairheaters_360_267_int_s-2.png\",\"datePublished\":\"2026-04-15T08:40:59+00:00\",\"breadcrumb\":{\"@id\":\"https:\\\/\\\/www.etto.cz\\\/pl\\\/elementy-grzejne-wg-zastosowania\\\/technologia-goracego-powietrza-tutco-sureheat\\\/#breadcrumb\"},\"inLanguage\":\"pl-PL\",\"potentialAction\":[{\"@type\":\"ReadAction\",\"target\":[\"https:\\\/\\\/www.etto.cz\\\/pl\\\/elementy-grzejne-wg-zastosowania\\\/technologia-goracego-powietrza-tutco-sureheat\\\/\"]}]},{\"@type\":\"ImageObject\",\"inLanguage\":\"pl-PL\",\"@id\":\"https:\\\/\\\/www.etto.cz\\\/pl\\\/elementy-grzejne-wg-zastosowania\\\/technologia-goracego-powietrza-tutco-sureheat\\\/#primaryimage\",\"url\":\"https:\\\/\\\/www.etto.cz\\\/wp-content\\\/uploads\\\/2025\\\/04\\\/closedloopintelligentairheaters_360_267_int_s-2.png\",\"contentUrl\":\"https:\\\/\\\/www.etto.cz\\\/wp-content\\\/uploads\\\/2025\\\/04\\\/closedloopintelligentairheaters_360_267_int_s-2.png\",\"width\":383,\"height\":383},{\"@type\":\"BreadcrumbList\",\"@id\":\"https:\\\/\\\/www.etto.cz\\\/pl\\\/elementy-grzejne-wg-zastosowania\\\/technologia-goracego-powietrza-tutco-sureheat\\\/#breadcrumb\",\"itemListElement\":[{\"@type\":\"ListItem\",\"position\":1,\"name\":\"Dom\u016f\",\"item\":\"https:\\\/\\\/www.etto.cz\\\/\"},{\"@type\":\"ListItem\",\"position\":2,\"name\":\"Elementy grzejne wg zastosowania\",\"item\":\"https:\\\/\\\/www.etto.cz\\\/telesa-podle-ucelu\\\/\"},{\"@type\":\"ListItem\",\"position\":3,\"name\":\"Tutco SureHeat \u2014 technologia gor\u0105cego powietrza\"}]},{\"@type\":\"WebSite\",\"@id\":\"https:\\\/\\\/www.etto.cz\\\/#website\",\"url\":\"https:\\\/\\\/www.etto.cz\\\/\",\"name\":\"ETTO\",\"description\":\"V\u00fdroba elektrick\u00fdch topn\u00fdch t\u011bles\",\"potentialAction\":[{\"@type\":\"SearchAction\",\"target\":{\"@type\":\"EntryPoint\",\"urlTemplate\":\"https:\\\/\\\/www.etto.cz\\\/?s={search_term_string}\"},\"query-input\":{\"@type\":\"PropertyValueSpecification\",\"valueRequired\":true,\"valueName\":\"search_term_string\"}}],\"inLanguage\":\"pl-PL\"}]}<\/script>\n<!-- \/ Yoast SEO plugin. -->","yoast_head_json":{"title":"Tutco SureHeat \u2014 technologia gor\u0105cego powietrza - ETTO","robots":{"index":"index","follow":"follow","max-snippet":"max-snippet:-1","max-image-preview":"max-image-preview:large","max-video-preview":"max-video-preview:-1"},"canonical":"https:\/\/www.etto.cz\/pl\/elementy-grzejne-wg-zastosowania\/technologia-goracego-powietrza-tutco-sureheat\/","og_locale":"pl_PL","og_type":"article","og_title":"Tutco SureHeat \u2014 technologia gor\u0105cego powietrza - ETTO","og_description":"Opatentowana technologia SERPENTINE\u00ae ameryka\u0144skiej firmy Tutco SureHeat dzi\u0119ki oryginalnemu rozwi\u0105zaniu gwarantuje doskona\u0142y kontakt ogrzewanego gazu z powierzchni\u0105 drutu grzejnego wraz z mechanicznym wsparciem ka\u017cdego zwoju ...","og_url":"https:\/\/www.etto.cz\/pl\/elementy-grzejne-wg-zastosowania\/technologia-goracego-powietrza-tutco-sureheat\/","og_site_name":"ETTO","og_image":[{"width":383,"height":383,"url":"https:\/\/www.etto.cz\/wp-content\/uploads\/2025\/04\/closedloopintelligentairheaters_360_267_int_s-2.png","type":"image\/png"}],"twitter_card":"summary_large_image","twitter_misc":{"Est. reading time":"1 minute"},"schema":{"@context":"https:\/\/schema.org","@graph":[{"@type":"WebPage","@id":"https:\/\/www.etto.cz\/pl\/elementy-grzejne-wg-zastosowania\/technologia-goracego-powietrza-tutco-sureheat\/","url":"https:\/\/www.etto.cz\/pl\/elementy-grzejne-wg-zastosowania\/technologia-goracego-powietrza-tutco-sureheat\/","name":"Tutco SureHeat \u2014 technologia gor\u0105cego powietrza - ETTO","isPartOf":{"@id":"https:\/\/www.etto.cz\/#website"},"primaryImageOfPage":{"@id":"https:\/\/www.etto.cz\/pl\/elementy-grzejne-wg-zastosowania\/technologia-goracego-powietrza-tutco-sureheat\/#primaryimage"},"image":{"@id":"https:\/\/www.etto.cz\/pl\/elementy-grzejne-wg-zastosowania\/technologia-goracego-powietrza-tutco-sureheat\/#primaryimage"},"thumbnailUrl":"https:\/\/www.etto.cz\/wp-content\/uploads\/2025\/04\/closedloopintelligentairheaters_360_267_int_s-2.png","datePublished":"2026-04-15T08:40:59+00:00","breadcrumb":{"@id":"https:\/\/www.etto.cz\/pl\/elementy-grzejne-wg-zastosowania\/technologia-goracego-powietrza-tutco-sureheat\/#breadcrumb"},"inLanguage":"pl-PL","potentialAction":[{"@type":"ReadAction","target":["https:\/\/www.etto.cz\/pl\/elementy-grzejne-wg-zastosowania\/technologia-goracego-powietrza-tutco-sureheat\/"]}]},{"@type":"ImageObject","inLanguage":"pl-PL","@id":"https:\/\/www.etto.cz\/pl\/elementy-grzejne-wg-zastosowania\/technologia-goracego-powietrza-tutco-sureheat\/#primaryimage","url":"https:\/\/www.etto.cz\/wp-content\/uploads\/2025\/04\/closedloopintelligentairheaters_360_267_int_s-2.png","contentUrl":"https:\/\/www.etto.cz\/wp-content\/uploads\/2025\/04\/closedloopintelligentairheaters_360_267_int_s-2.png","width":383,"height":383},{"@type":"BreadcrumbList","@id":"https:\/\/www.etto.cz\/pl\/elementy-grzejne-wg-zastosowania\/technologia-goracego-powietrza-tutco-sureheat\/#breadcrumb","itemListElement":[{"@type":"ListItem","position":1,"name":"Dom\u016f","item":"https:\/\/www.etto.cz\/"},{"@type":"ListItem","position":2,"name":"Elementy grzejne wg zastosowania","item":"https:\/\/www.etto.cz\/telesa-podle-ucelu\/"},{"@type":"ListItem","position":3,"name":"Tutco SureHeat \u2014 technologia gor\u0105cego powietrza"}]},{"@type":"WebSite","@id":"https:\/\/www.etto.cz\/#website","url":"https:\/\/www.etto.cz\/","name":"ETTO","description":"V\u00fdroba elektrick\u00fdch topn\u00fdch t\u011bles","potentialAction":[{"@type":"SearchAction","target":{"@type":"EntryPoint","urlTemplate":"https:\/\/www.etto.cz\/?s={search_term_string}"},"query-input":{"@type":"PropertyValueSpecification","valueRequired":true,"valueName":"search_term_string"}}],"inLanguage":"pl-PL"}]}},"_links":{"self":[{"href":"https:\/\/www.etto.cz\/pl\/wp-json\/wp\/v2\/pages\/6128","targetHints":{"allow":["GET"]}}],"collection":[{"href":"https:\/\/www.etto.cz\/pl\/wp-json\/wp\/v2\/pages"}],"about":[{"href":"https:\/\/www.etto.cz\/pl\/wp-json\/wp\/v2\/types\/page"}],"author":[{"embeddable":true,"href":"https:\/\/www.etto.cz\/pl\/wp-json\/wp\/v2\/users\/1"}],"replies":[{"embeddable":true,"href":"https:\/\/www.etto.cz\/pl\/wp-json\/wp\/v2\/comments?post=6128"}],"version-history":[{"count":0,"href":"https:\/\/www.etto.cz\/pl\/wp-json\/wp\/v2\/pages\/6128\/revisions"}],"up":[{"embeddable":true,"href":"https:\/\/www.etto.cz\/pl\/wp-json\/wp\/v2\/pages\/6119"}],"wp:featuredmedia":[{"embeddable":true,"href":"https:\/\/www.etto.cz\/pl\/wp-json\/wp\/v2\/media\/5544"}],"wp:attachment":[{"href":"https:\/\/www.etto.cz\/pl\/wp-json\/wp\/v2\/media?parent=6128"}],"curies":[{"name":"wp","href":"https:\/\/api.w.org\/{rel}","templated":true}]}}