{"id":6131,"date":"2026-04-15T09:40:59","date_gmt":"2026-04-15T08:40:59","guid":{"rendered":""},"modified":"2026-04-15T09:40:59","modified_gmt":"2026-04-15T08:40:59","slug":"o-firmie","status":"publish","type":"page","link":"https:\/\/www.etto.cz\/pl\/o-firmie\/","title":{"rendered":"O firmie"},"content":{"rendered":"<h2>Projektujemy i produkujemy elektryczne elementy grzejne. Pierwszorz\u0119dne materia\u0142y, nowoczesna technologia, rzemie\u015blnicze umiej\u0119tno\u015bci . . . Proste, sprawdzone, u\u017cyteczne . . . To nas nap\u0119dza!<\/h2>\n<p><img loading=\"lazy\" decoding=\"async\" width=\"840\" height=\"445\" class=\"alignnone wp-image-421 size-full\" alt=\"ETTO\" src=\"\/wp-content\/uploads\/2015\/05\/untitled-2.jpg\" srcset=\"https:\/\/www.etto.cz\/wp-content\/uploads\/2015\/05\/untitled-2.jpg 840w, https:\/\/www.etto.cz\/wp-content\/uploads\/2015\/05\/untitled-2-300x159.jpg 300w, https:\/\/www.etto.cz\/wp-content\/uploads\/2015\/05\/untitled-2-153x81.jpg 153w, https:\/\/www.etto.cz\/wp-content\/uploads\/2015\/05\/untitled-2-253x134.jpg 253w\" sizes=\"auto, (max-width: 840px) 100vw, 840px\" \/><\/p>\n<p style=\"text-align: justify;\">Firma ELEKTRON-ETTO zosta\u0142a za\u0142o\u017cona w 1992 roku przez pana Ladislava Drd\u0119. Od pocz\u0105tku swojego istnienia zajmuje si\u0119 produkcj\u0105 element\u00f3w oporowych. Pan Drda rozpocz\u0105\u0142 dzia\u0142alno\u015b\u0107 gospodarcz\u0105 w gara\u017cu domu rodzinnego, pocz\u0105tkowo sam, a nast\u0119pnie z jednym pracownikiem. W 1996 roku zakupi\u0142 od gminy stare kino i przystosowa\u0142 je do produkcji element\u00f3w oporowych. W 2003 roku firma zosta\u0142a przekszta\u0142cona w sp\u00f3\u0142k\u0119 z ograniczon\u0105 odpowiedzialno\u015bci\u0105 pod nazw\u0105 ELEKTRON-ETTO, s.r.o. Z powodu rosn\u0105cej produkcji w latach 2005\u20132006 dobudowano now\u0105 hal\u0119 produkcyjn\u0105. W latach 2009\u20132014 ca\u0142a stara cz\u0119\u015b\u0107 produkcji zosta\u0142a zmodernizowana i wyposa\u017cona w now\u0105, nowoczesn\u0105 technologi\u0119 produkcji.<\/p>\n<p style=\"text-align: justify;\"><span style=\"text-decoration: underline;\">Nasz program produkcyjny obejmuje:<\/span><\/p>\n<div class='content-column one_half'><ul>\n<li style=\"list-style-type: none\">\n<ul>\n<li style=\"text-align: justify;\">Grza\u0142ki rurkowe do zastosowa\u0144 przemys\u0142owych i domowych do ogrzewania cieczy, powietrza i gaz\u00f3w, po\u015brednie ogrzewanie cieczy<\/li>\n<li>Ceramiczne elementy grzejne do ogrzewania po\u015bredniego i ogrzewania podczerwieni\u0105<\/li>\n<li>Grza\u0142ki patronowe wysoko i nisko obci\u0105\u017cone dla przemys\u0142u chemicznego i tworzyw sztucznych<\/li>\n<li>Grza\u0142ki opaskowe dla przemys\u0142u chemicznego i tworzyw sztucznych<\/li>\n<li>Ceramiczne grza\u0142ki opaskowe dla przemys\u0142u chemicznego i tworzyw sztucznych<\/li>\n<\/ul>\n<\/li>\n<\/ul><\/div>\n<div class='content-column one_half last_column'><ul>\n<li style=\"list-style-type: none\">\n<ul>\n<li style=\"text-align: justify;\">Czujniki temperatury \u2014 termopary do regulacji temperatury<\/li>\n<li>Elementy grzejne, bezpieczniki i komponenty kolejowe<\/li>\n<li>Suszarki do obuwia roboczego i sportowego<\/li>\n<li>Projektowanie i realizacja przemys\u0142owych ogrzewa\u0144 oporowych<\/li>\n<li>Konsultacje techniczne w zakresie ogrzewania cieczy, gaz\u00f3w i cia\u0142 sta\u0142ych<\/li>\n<\/ul>\n<\/li>\n<\/ul><\/div><div class='clear_column'><\/div>\n<p style=\"text-align: justify;\">W razie potrzeby nie wahaj si\u0119 zadzwoni\u0107 lub napisa\u0107 do nas \u2014 ch\u0119tnie doradzimy i pomo\u017cemy znale\u017a\u0107 rozwi\u0105zanie w zakresie ogrzewania wszelkiego rodzaju substancji.<\/p>\n<h2>Certyfikaty<\/h2>\n<ul>\n<li><a href=\"\/wp-content\/uploads\/2015\/05\/certifikat-elektricke-topne-teleso.pdf\" target=\"_blank\" rel=\"noopener\">Certyfikat dla elektrycznego elementu grzejnego typu 1373\/xxx (100-1500W)<\/a><\/li>\n<li><a href=\"\/wp-content\/uploads\/2015\/05\/certifikat-elektricke-topne-teleso.pdf\" target=\"_blank\" rel=\"noopener\">Elektryczny element grzejny z termostatem typu 2,4\u201312 kW<\/a><\/li>\n<li><a href=\"\/wp-content\/uploads\/2015\/05\/certifikat-elektricke-topne-teleso.pdf\" target=\"_blank\" rel=\"noopener\">Protok\u00f3\u0142 badawczy nr 39-10015\/A\/IP<\/a><\/li>\n<li><a href=\"\/wp-content\/uploads\/2015\/05\/iso-etto-9001.pdf\" target=\"_blank\" rel=\"noopener\">Certyfikat ISO 9001<\/a><\/li>\n<\/ul>\n","protected":false},"excerpt":{"rendered":"<p>Projektujemy i produkujemy elektryczne elementy grzejne. Pierwszorz\u0119dne materia\u0142y, nowoczesna technologia, rzemie\u015blnicze umiej\u0119tno\u015bci . . . Proste, sprawdzone, u\u017cyteczne . . . To nas nap\u0119dza! Firma &#8230;<\/p>\n","protected":false},"author":1,"featured_media":0,"parent":0,"menu_order":0,"comment_status":"closed","ping_status":"closed","template":"_page-full.php","meta":{"_acf_changed":false,"ngg_post_thumbnail":0,"footnotes":"","_links_to":"","_links_to_target":""},"class_list":["post-6131","page","type-page","status-publish","hentry"],"acf":[],"yoast_head":"<!-- This site is optimized with the Yoast SEO plugin v27.3 - https:\/\/yoast.com\/product\/yoast-seo-wordpress\/ -->\n<title>O firmie - ELEKTRON-ETTO, s.r.o. | ETTO<\/title>\n<meta name=\"description\" content=\"ELEKTRON-ETTO, s.r.o. - czeski producent elektrycznych elementow grzejnych od 1993. Certyfikat ISO 9001.\" \/>\n<meta name=\"robots\" content=\"index, follow, max-snippet:-1, max-image-preview:large, max-video-preview:-1\" \/>\n<link rel=\"canonical\" href=\"https:\/\/www.etto.cz\/pl\/o-firmie\/\" \/>\n<meta property=\"og:locale\" content=\"pl_PL\" \/>\n<meta property=\"og:type\" content=\"article\" \/>\n<meta property=\"og:title\" content=\"O firmie - ELEKTRON-ETTO, s.r.o. | ETTO\" \/>\n<meta property=\"og:description\" content=\"ELEKTRON-ETTO, s.r.o. - czeski producent elektrycznych elementow grzejnych od 1993. Certyfikat ISO 9001.\" \/>\n<meta property=\"og:url\" content=\"https:\/\/www.etto.cz\/pl\/o-firmie\/\" \/>\n<meta property=\"og:site_name\" content=\"ETTO\" \/>\n<meta property=\"og:image\" content=\"https:\/\/www.etto.cz\/pl\/wp-content\/gallery\/prumyslova-telesa\/teleso-kotel.jpg\" \/>\n<meta name=\"twitter:card\" content=\"summary_large_image\" \/>\n<meta name=\"twitter:label1\" content=\"Est. reading time\" \/>\n\t<meta name=\"twitter:data1\" content=\"2 minutes\" \/>\n<script type=\"application\/ld+json\" class=\"yoast-schema-graph\">{\"@context\":\"https:\\\/\\\/schema.org\",\"@graph\":[{\"@type\":\"WebPage\",\"@id\":\"https:\\\/\\\/www.etto.cz\\\/o-spolecnosti\\\/\",\"url\":\"https:\\\/\\\/www.etto.cz\\\/o-spolecnosti\\\/\",\"name\":\"O firmie - ELEKTRON-ETTO, s.r.o. | ETTO\",\"isPartOf\":{\"@id\":\"https:\\\/\\\/www.etto.cz\\\/#website\"},\"datePublished\":\"2026-04-15T08:40:59+00:00\",\"description\":\"ELEKTRON-ETTO, s.r.o. - czeski producent elektrycznych elementow grzejnych od 1993. Certyfikat ISO 9001.\",\"breadcrumb\":{\"@id\":\"https:\\\/\\\/www.etto.cz\\\/o-spolecnosti\\\/#breadcrumb\"},\"inLanguage\":\"pl-PL\",\"potentialAction\":[{\"@type\":\"ReadAction\",\"target\":[\"https:\\\/\\\/www.etto.cz\\\/o-spolecnosti\\\/\"]}]},{\"@type\":\"BreadcrumbList\",\"@id\":\"https:\\\/\\\/www.etto.cz\\\/o-spolecnosti\\\/#breadcrumb\",\"itemListElement\":[{\"@type\":\"ListItem\",\"position\":1,\"name\":\"Dom\u016f\",\"item\":\"https:\\\/\\\/www.etto.cz\\\/\"},{\"@type\":\"ListItem\",\"position\":2,\"name\":\"O firmie\"}]},{\"@type\":\"WebSite\",\"@id\":\"https:\\\/\\\/www.etto.cz\\\/#website\",\"url\":\"https:\\\/\\\/www.etto.cz\\\/\",\"name\":\"ETTO\",\"description\":\"V\u00fdroba elektrick\u00fdch topn\u00fdch t\u011bles\",\"potentialAction\":[{\"@type\":\"SearchAction\",\"target\":{\"@type\":\"EntryPoint\",\"urlTemplate\":\"https:\\\/\\\/www.etto.cz\\\/?s={search_term_string}\"},\"query-input\":{\"@type\":\"PropertyValueSpecification\",\"valueRequired\":true,\"valueName\":\"search_term_string\"}}],\"inLanguage\":\"pl-PL\"}]}<\/script>\n<!-- \/ Yoast SEO plugin. -->","yoast_head_json":{"title":"O firmie - ELEKTRON-ETTO, s.r.o. | ETTO","description":"ELEKTRON-ETTO, s.r.o. - czeski producent elektrycznych elementow grzejnych od 1993. Certyfikat ISO 9001.","robots":{"index":"index","follow":"follow","max-snippet":"max-snippet:-1","max-image-preview":"max-image-preview:large","max-video-preview":"max-video-preview:-1"},"canonical":"https:\/\/www.etto.cz\/pl\/o-firmie\/","og_locale":"pl_PL","og_type":"article","og_title":"O firmie - ELEKTRON-ETTO, s.r.o. | ETTO","og_description":"ELEKTRON-ETTO, s.r.o. - czeski producent elektrycznych elementow grzejnych od 1993. Certyfikat ISO 9001.","og_url":"https:\/\/www.etto.cz\/pl\/o-firmie\/","og_site_name":"ETTO","og_image":[{"url":"https:\/\/www.etto.cz\/pl\/wp-content\/gallery\/prumyslova-telesa\/teleso-kotel.jpg","type":"","width":"","height":""}],"twitter_card":"summary_large_image","twitter_misc":{"Est. reading time":"2 minutes"},"schema":{"@context":"https:\/\/schema.org","@graph":[{"@type":"WebPage","@id":"https:\/\/www.etto.cz\/o-spolecnosti\/","url":"https:\/\/www.etto.cz\/o-spolecnosti\/","name":"O firmie - ELEKTRON-ETTO, s.r.o. | ETTO","isPartOf":{"@id":"https:\/\/www.etto.cz\/#website"},"datePublished":"2026-04-15T08:40:59+00:00","description":"ELEKTRON-ETTO, s.r.o. - czeski producent elektrycznych elementow grzejnych od 1993. Certyfikat ISO 9001.","breadcrumb":{"@id":"https:\/\/www.etto.cz\/o-spolecnosti\/#breadcrumb"},"inLanguage":"pl-PL","potentialAction":[{"@type":"ReadAction","target":["https:\/\/www.etto.cz\/o-spolecnosti\/"]}]},{"@type":"BreadcrumbList","@id":"https:\/\/www.etto.cz\/o-spolecnosti\/#breadcrumb","itemListElement":[{"@type":"ListItem","position":1,"name":"Dom\u016f","item":"https:\/\/www.etto.cz\/"},{"@type":"ListItem","position":2,"name":"O firmie"}]},{"@type":"WebSite","@id":"https:\/\/www.etto.cz\/#website","url":"https:\/\/www.etto.cz\/","name":"ETTO","description":"V\u00fdroba elektrick\u00fdch topn\u00fdch t\u011bles","potentialAction":[{"@type":"SearchAction","target":{"@type":"EntryPoint","urlTemplate":"https:\/\/www.etto.cz\/?s={search_term_string}"},"query-input":{"@type":"PropertyValueSpecification","valueRequired":true,"valueName":"search_term_string"}}],"inLanguage":"pl-PL"}]}},"_links":{"self":[{"href":"https:\/\/www.etto.cz\/pl\/wp-json\/wp\/v2\/pages\/6131","targetHints":{"allow":["GET"]}}],"collection":[{"href":"https:\/\/www.etto.cz\/pl\/wp-json\/wp\/v2\/pages"}],"about":[{"href":"https:\/\/www.etto.cz\/pl\/wp-json\/wp\/v2\/types\/page"}],"author":[{"embeddable":true,"href":"https:\/\/www.etto.cz\/pl\/wp-json\/wp\/v2\/users\/1"}],"replies":[{"embeddable":true,"href":"https:\/\/www.etto.cz\/pl\/wp-json\/wp\/v2\/comments?post=6131"}],"version-history":[{"count":0,"href":"https:\/\/www.etto.cz\/pl\/wp-json\/wp\/v2\/pages\/6131\/revisions"}],"wp:attachment":[{"href":"https:\/\/www.etto.cz\/pl\/wp-json\/wp\/v2\/media?parent=6131"}],"curies":[{"name":"wp","href":"https:\/\/api.w.org\/{rel}","templated":true}]}}