{"id":6132,"date":"2026-04-15T09:40:59","date_gmt":"2026-04-15T08:40:59","guid":{"rendered":""},"modified":"2026-04-15T09:40:59","modified_gmt":"2026-04-15T08:40:59","slug":"do-pobrania","status":"publish","type":"page","link":"https:\/\/www.etto.cz\/pl\/do-pobrania\/","title":{"rendered":"Do pobrania"},"content":{"rendered":"<h2>Warunki handlowe<\/h2>\n<p><a href=\"http:\/\/www.etto.cz\/wp-content\/uploads\/2018\/06\/general-business-terms.pdf\" target=\"_blank\" rel=\"noopener noreferrer\"><img loading=\"lazy\" decoding=\"async\" class=\"alignnone wp-image-3254 size-full\" src=\"http:\/\/www.etto.cz\/wp-content\/uploads\/2018\/05\/pdf-e1527166728716.png\" alt=\"\" width=\"24\" height=\"24\"><\/a> <a href=\"http:\/\/www.etto.cz\/wp-content\/uploads\/2018\/06\/general-business-terms.pdf\" target=\"_blank\" rel=\"noopener noreferrer\">Og\u00f3lne warunki handlowe &#8211; 01.06.2018<\/a><\/p>\n<h2>Certyfikaty<\/h2>\n<p><a href=\"\/wp-content\/uploads\/2015\/10\/statni-zkusebna-zemedelskych-potravinarskych-a-lesnickych-strojum-a.s.-certifikat-na-elektricke-topne-teleso-typ-1373xxx-100-1500w.pdf\" target=\"_blank\" rel=\"noopener noreferrer\"><img loading=\"lazy\" decoding=\"async\" class=\"alignnone wp-image-3254 size-full\" src=\"http:\/\/www.etto.cz\/wp-content\/uploads\/2018\/05\/pdf-e1527166728716.png\" alt=\"\" width=\"24\" height=\"24\"><\/a> <a href=\"\/wp-content\/uploads\/2015\/10\/statni-zkusebna-zemedelskych-potravinarskych-a-lesnickych-strojum-a.s.-certifikat-na-elektricke-topne-teleso-typ-1373xxx-100-1500w.pdf\" target=\"_blank\" rel=\"noopener noreferrer\">Certyfikat dla elektrycznego elementu grzejnego, typ 1373\/XXX (100-1500W)<\/a><br \/>\n<a href=\"\/wp-content\/uploads\/2015\/10\/statni-zkusebna-zemedelskych-potravinarskych-a-lesnickych-strojum-a.s.-elektricke-topne-teleso-s-termostatem-typ-24-12-kw.pdf\" target=\"_blank\" rel=\"noopener noreferrer\"><img loading=\"lazy\" decoding=\"async\" class=\"alignnone wp-image-3254 size-full\" src=\"http:\/\/www.etto.cz\/wp-content\/uploads\/2018\/05\/pdf-e1527166728716.png\" alt=\"\" width=\"24\" height=\"24\"><\/a> <a href=\"\/wp-content\/uploads\/2015\/10\/statni-zkusebna-zemedelskych-potravinarskych-a-lesnickych-strojum-a.s.-elektricke-topne-teleso-s-termostatem-typ-24-12-kw.pdf\" target=\"_blank\" rel=\"noopener noreferrer\">Elektryczny element grzejny z termostatem, typ 2.4 \u2013 12 kW<\/a><br \/>\n<a href=\"\/wp-content\/uploads\/2015\/10\/protokol-o-zkousce.pdf\" target=\"_blank\" rel=\"noopener noreferrer\"><img loading=\"lazy\" decoding=\"async\" class=\"alignnone wp-image-3254 size-full\" src=\"http:\/\/www.etto.cz\/wp-content\/uploads\/2018\/05\/pdf-e1527166728716.png\" alt=\"\" width=\"24\" height=\"24\"><\/a> <a href=\"\/wp-content\/uploads\/2015\/10\/protokol-o-zkousce.pdf\" target=\"_blank\" rel=\"noopener noreferrer\">Protok\u00f3\u0142 z bada\u0144 nr 39-10015\/A\/IP<\/a><br \/>\n<a href=\"\/wp-content\/uploads\/2023\/11\/iso-9001_elektron-etto-s.r.o._2023_en.pdf\" target=\"_blank\" rel=\"noopener noreferrer\"><img loading=\"lazy\" decoding=\"async\" class=\"alignnone wp-image-3254 size-full\" src=\"http:\/\/www.etto.cz\/wp-content\/uploads\/2018\/05\/pdf-e1527166728716.png\" alt=\"\" width=\"24\" height=\"24\"><\/a> <a href=\"\/wp-content\/uploads\/2023\/11\/iso-9001_elektron-etto-s.r.o._2023_en.pdf\" target=\"_blank\" rel=\"noopener noreferrer\">Certyfikat ISO 9001<\/a><br \/>\n<a href=\"\/wp-content\/uploads\/2017\/10\/kryt-ip-65-en.pdf\" target=\"_blank\" rel=\"noopener noreferrer\"><img loading=\"lazy\" decoding=\"async\" class=\"alignnone wp-image-3254 size-full\" src=\"http:\/\/www.etto.cz\/wp-content\/uploads\/2018\/05\/pdf-e1527166728716.png\" alt=\"\" width=\"24\" height=\"24\"><\/a> <a href=\"\/wp-content\/uploads\/2017\/10\/kryt-ip-65-en.pdf\" target=\"_blank\" rel=\"noopener noreferrer\">Certyfikat obudowy IP 65<\/a><\/p>\n<h2>Inne<\/h2>\n<p><a href=\"\/wp-content\/uploads\/2018\/05\/doporuceni-pro-uzivani-topnych-patron-1.pdf\" target=\"_blank\" rel=\"noopener noreferrer\"><img loading=\"lazy\" decoding=\"async\" class=\"alignnone wp-image-3254 size-full\" src=\"http:\/\/www.etto.cz\/wp-content\/uploads\/2018\/05\/pdf-e1527166728716.png\" alt=\"\" width=\"24\" height=\"24\"><\/a> <a href=\"\/wp-content\/uploads\/2018\/05\/doporuceni-pro-uzivani-topnych-patron-1.pdf\" target=\"_blank\" rel=\"noopener noreferrer\">Zalecenia dotycz\u0105ce stosowania grza\u0142ek patronowych<\/a><br \/>\n<a href=\"\/wp-content\/uploads\/2020\/01\/el.ukonceni_19.12.2019.pdf\" target=\"_blank\" rel=\"noopener noreferrer\"><img loading=\"lazy\" decoding=\"async\" class=\"alignnone wp-image-3254 size-full\" src=\"http:\/\/www.etto.cz\/wp-content\/uploads\/2018\/05\/pdf-e1527166728716.png\" alt=\"\" width=\"24\" height=\"24\"><\/a> <a href=\"\/wp-content\/uploads\/2020\/01\/el.ukonceni_19.12.2019.pdf\" target=\"_blank\" rel=\"noopener noreferrer\">Przy\u0142\u0105cza elektryczne grza\u0142ek rurkowych<\/a><br \/>\n<a href=\"\/wp-content\/uploads\/2017\/06\/katalog_ohrev_plynu.pdf\" target=\"_blank\" rel=\"noopener noreferrer\"><img loading=\"lazy\" decoding=\"async\" class=\"alignnone wp-image-3254 size-full\" src=\"http:\/\/www.etto.cz\/wp-content\/uploads\/2018\/05\/pdf-e1527166728716.png\" alt=\"\" width=\"24\" height=\"24\"><\/a> <a href=\"\/wp-content\/uploads\/2017\/06\/katalog_ohrev_plynu.pdf\" target=\"_blank\" rel=\"noopener noreferrer\">Katalog element\u00f3w do ogrzewania gaz\u00f3w<\/a><br \/>\n<a href=\"\/wp-content\/uploads\/2018\/10\/katalog_ohrev_kapalin_17.10.2018.pdf\" target=\"_blank\" rel=\"noopener noreferrer\"><img loading=\"lazy\" decoding=\"async\" class=\"alignnone wp-image-3254 size-full\" src=\"http:\/\/www.etto.cz\/wp-content\/uploads\/2018\/05\/pdf-e1527166728716.png\" alt=\"\" width=\"24\" height=\"24\"><\/a> <a href=\"\/wp-content\/uploads\/2018\/10\/katalog_ohrev_kapalin_17.10.2018.pdf\" target=\"_blank\" rel=\"noopener noreferrer\">Katalog element\u00f3w do ogrzewania cieczy<\/a><\/p>\n","protected":false},"excerpt":{"rendered":"<p>Warunki handlowe Og\u00f3lne warunki handlowe &#8211; 01.06.2018 Certyfikaty Certyfikat dla elektrycznego elementu grzejnego, typ 1373\/XXX (100-1500W) Elektryczny element grzejny z termostatem, typ 2.4 \u2013 12 &#8230;<\/p>\n","protected":false},"author":1,"featured_media":0,"parent":0,"menu_order":0,"comment_status":"closed","ping_status":"closed","template":"_page-full.php","meta":{"_acf_changed":false,"ngg_post_thumbnail":0,"footnotes":"","_links_to":"","_links_to_target":""},"class_list":["post-6132","page","type-page","status-publish","hentry"],"acf":[],"yoast_head":"<!-- This site is optimized with the Yoast SEO plugin v27.3 - https:\/\/yoast.com\/product\/yoast-seo-wordpress\/ -->\n<title>Do pobrania - katalogi i dokumentacja | ETTO<\/title>\n<meta name=\"description\" content=\"Katalogi produktow, certyfikaty i dokumentacja techniczna do pobrania.\" \/>\n<meta name=\"robots\" content=\"index, follow, max-snippet:-1, max-image-preview:large, max-video-preview:-1\" \/>\n<link rel=\"canonical\" href=\"https:\/\/www.etto.cz\/pl\/do-pobrania\/\" \/>\n<meta property=\"og:locale\" content=\"pl_PL\" \/>\n<meta property=\"og:type\" content=\"article\" \/>\n<meta property=\"og:title\" content=\"Do pobrania - katalogi i dokumentacja | ETTO\" \/>\n<meta property=\"og:description\" content=\"Katalogi produktow, certyfikaty i dokumentacja techniczna do pobrania.\" \/>\n<meta property=\"og:url\" content=\"https:\/\/www.etto.cz\/pl\/do-pobrania\/\" \/>\n<meta property=\"og:site_name\" content=\"ETTO\" \/>\n<meta property=\"og:image\" content=\"https:\/\/www.etto.cz\/pl\/wp-content\/gallery\/prumyslova-telesa\/teleso-kotel.jpg\" \/>\n<meta name=\"twitter:card\" content=\"summary_large_image\" \/>\n<script type=\"application\/ld+json\" class=\"yoast-schema-graph\">{\"@context\":\"https:\\\/\\\/schema.org\",\"@graph\":[{\"@type\":\"WebPage\",\"@id\":\"https:\\\/\\\/www.etto.cz\\\/ke-stazeni\\\/\",\"url\":\"https:\\\/\\\/www.etto.cz\\\/ke-stazeni\\\/\",\"name\":\"Do pobrania - katalogi i dokumentacja | ETTO\",\"isPartOf\":{\"@id\":\"https:\\\/\\\/www.etto.cz\\\/#website\"},\"primaryImageOfPage\":{\"@id\":\"https:\\\/\\\/www.etto.cz\\\/ke-stazeni\\\/#primaryimage\"},\"image\":{\"@id\":\"https:\\\/\\\/www.etto.cz\\\/ke-stazeni\\\/#primaryimage\"},\"thumbnailUrl\":\"http:\\\/\\\/www.etto.cz\\\/wp-content\\\/uploads\\\/2018\\\/05\\\/pdf-e1527166728716.png\",\"datePublished\":\"2026-04-15T08:40:59+00:00\",\"description\":\"Katalogi produktow, certyfikaty i dokumentacja techniczna do pobrania.\",\"breadcrumb\":{\"@id\":\"https:\\\/\\\/www.etto.cz\\\/ke-stazeni\\\/#breadcrumb\"},\"inLanguage\":\"pl-PL\",\"potentialAction\":[{\"@type\":\"ReadAction\",\"target\":[\"https:\\\/\\\/www.etto.cz\\\/ke-stazeni\\\/\"]}]},{\"@type\":\"ImageObject\",\"inLanguage\":\"pl-PL\",\"@id\":\"https:\\\/\\\/www.etto.cz\\\/ke-stazeni\\\/#primaryimage\",\"url\":\"http:\\\/\\\/www.etto.cz\\\/wp-content\\\/uploads\\\/2018\\\/05\\\/pdf-e1527166728716.png\",\"contentUrl\":\"http:\\\/\\\/www.etto.cz\\\/wp-content\\\/uploads\\\/2018\\\/05\\\/pdf-e1527166728716.png\"},{\"@type\":\"BreadcrumbList\",\"@id\":\"https:\\\/\\\/www.etto.cz\\\/ke-stazeni\\\/#breadcrumb\",\"itemListElement\":[{\"@type\":\"ListItem\",\"position\":1,\"name\":\"Dom\u016f\",\"item\":\"https:\\\/\\\/www.etto.cz\\\/\"},{\"@type\":\"ListItem\",\"position\":2,\"name\":\"Do pobrania\"}]},{\"@type\":\"WebSite\",\"@id\":\"https:\\\/\\\/www.etto.cz\\\/#website\",\"url\":\"https:\\\/\\\/www.etto.cz\\\/\",\"name\":\"ETTO\",\"description\":\"V\u00fdroba elektrick\u00fdch topn\u00fdch t\u011bles\",\"potentialAction\":[{\"@type\":\"SearchAction\",\"target\":{\"@type\":\"EntryPoint\",\"urlTemplate\":\"https:\\\/\\\/www.etto.cz\\\/?s={search_term_string}\"},\"query-input\":{\"@type\":\"PropertyValueSpecification\",\"valueRequired\":true,\"valueName\":\"search_term_string\"}}],\"inLanguage\":\"pl-PL\"}]}<\/script>\n<!-- \/ Yoast SEO plugin. -->","yoast_head_json":{"title":"Do pobrania - katalogi i dokumentacja | ETTO","description":"Katalogi produktow, certyfikaty i dokumentacja techniczna do pobrania.","robots":{"index":"index","follow":"follow","max-snippet":"max-snippet:-1","max-image-preview":"max-image-preview:large","max-video-preview":"max-video-preview:-1"},"canonical":"https:\/\/www.etto.cz\/pl\/do-pobrania\/","og_locale":"pl_PL","og_type":"article","og_title":"Do pobrania - katalogi i dokumentacja | ETTO","og_description":"Katalogi produktow, certyfikaty i dokumentacja techniczna do pobrania.","og_url":"https:\/\/www.etto.cz\/pl\/do-pobrania\/","og_site_name":"ETTO","og_image":[{"url":"https:\/\/www.etto.cz\/pl\/wp-content\/gallery\/prumyslova-telesa\/teleso-kotel.jpg","type":"","width":"","height":""}],"twitter_card":"summary_large_image","schema":{"@context":"https:\/\/schema.org","@graph":[{"@type":"WebPage","@id":"https:\/\/www.etto.cz\/ke-stazeni\/","url":"https:\/\/www.etto.cz\/ke-stazeni\/","name":"Do pobrania - katalogi i dokumentacja | ETTO","isPartOf":{"@id":"https:\/\/www.etto.cz\/#website"},"primaryImageOfPage":{"@id":"https:\/\/www.etto.cz\/ke-stazeni\/#primaryimage"},"image":{"@id":"https:\/\/www.etto.cz\/ke-stazeni\/#primaryimage"},"thumbnailUrl":"http:\/\/www.etto.cz\/wp-content\/uploads\/2018\/05\/pdf-e1527166728716.png","datePublished":"2026-04-15T08:40:59+00:00","description":"Katalogi produktow, certyfikaty i dokumentacja techniczna do pobrania.","breadcrumb":{"@id":"https:\/\/www.etto.cz\/ke-stazeni\/#breadcrumb"},"inLanguage":"pl-PL","potentialAction":[{"@type":"ReadAction","target":["https:\/\/www.etto.cz\/ke-stazeni\/"]}]},{"@type":"ImageObject","inLanguage":"pl-PL","@id":"https:\/\/www.etto.cz\/ke-stazeni\/#primaryimage","url":"http:\/\/www.etto.cz\/wp-content\/uploads\/2018\/05\/pdf-e1527166728716.png","contentUrl":"http:\/\/www.etto.cz\/wp-content\/uploads\/2018\/05\/pdf-e1527166728716.png"},{"@type":"BreadcrumbList","@id":"https:\/\/www.etto.cz\/ke-stazeni\/#breadcrumb","itemListElement":[{"@type":"ListItem","position":1,"name":"Dom\u016f","item":"https:\/\/www.etto.cz\/"},{"@type":"ListItem","position":2,"name":"Do pobrania"}]},{"@type":"WebSite","@id":"https:\/\/www.etto.cz\/#website","url":"https:\/\/www.etto.cz\/","name":"ETTO","description":"V\u00fdroba elektrick\u00fdch topn\u00fdch t\u011bles","potentialAction":[{"@type":"SearchAction","target":{"@type":"EntryPoint","urlTemplate":"https:\/\/www.etto.cz\/?s={search_term_string}"},"query-input":{"@type":"PropertyValueSpecification","valueRequired":true,"valueName":"search_term_string"}}],"inLanguage":"pl-PL"}]}},"_links":{"self":[{"href":"https:\/\/www.etto.cz\/pl\/wp-json\/wp\/v2\/pages\/6132","targetHints":{"allow":["GET"]}}],"collection":[{"href":"https:\/\/www.etto.cz\/pl\/wp-json\/wp\/v2\/pages"}],"about":[{"href":"https:\/\/www.etto.cz\/pl\/wp-json\/wp\/v2\/types\/page"}],"author":[{"embeddable":true,"href":"https:\/\/www.etto.cz\/pl\/wp-json\/wp\/v2\/users\/1"}],"replies":[{"embeddable":true,"href":"https:\/\/www.etto.cz\/pl\/wp-json\/wp\/v2\/comments?post=6132"}],"version-history":[{"count":0,"href":"https:\/\/www.etto.cz\/pl\/wp-json\/wp\/v2\/pages\/6132\/revisions"}],"wp:attachment":[{"href":"https:\/\/www.etto.cz\/pl\/wp-json\/wp\/v2\/media?parent=6132"}],"curies":[{"name":"wp","href":"https:\/\/api.w.org\/{rel}","templated":true}]}}